{"id":21149,"date":"2023-06-23T11:46:15","date_gmt":"2023-06-23T10:46:15","guid":{"rendered":"https:\/\/comuna.pt\/product\/aputure-ls-600x-pro-v-mount\/"},"modified":"2026-03-04T15:59:59","modified_gmt":"2026-03-04T15:59:59","slug":"aputure-ls-600x-pro-v-mount","status":"publish","type":"product","link":"https:\/\/comuna.pt\/pt-pt\/product\/aputure-ls-600x-pro-v-mount\/","title":{"rendered":"Aputure LS 600X Pro V-Mount"},"content":{"rendered":"<div class=\"booqable-product-button\" data-id=\"aputure-ls-600x-pro-v-mount\"><\/div>\n<p>O <strong>Aputure LS 600x<\/strong> Pro Bi-Color LED Monolight \u00e9 uma luz potente e vers\u00e1til que oferece uma variedade de configura\u00e7\u00f5es de pot\u00eancia e cor. A sua elevada sa\u00edda de luz pode ser potenciada pelo seu Hyper Reflector de 55\u00b0 inclu\u00eddo, ou por um acess\u00f3rio Fresnel opcional. Este dispositivo meticulosamente desenhado oferece uma ampla gama de temperatura de cor vari\u00e1vel de <strong>2700 a 6500K<\/strong>, suportada por pontua\u00e7\u00f5es elevadas de CRI\/TLCI de 96 e 98, garantindo uma fidelidade de cor precisa.<\/p>\n<p>Al\u00e9m da pot\u00eancia, o design do 600x Pro foca-se no controlo. Pode manipular as defini\u00e7\u00f5es diretamente no projetor ou remotamente atrav\u00e9s do comando sem fios de 2,4 GHz inclu\u00eddo, da app m\u00f3vel Sidus Link ou do controlo DMX sem fios integrado &#8211; particularmente \u00fatil quando a luz est\u00e1 posicionada num ponto alto ou de dif\u00edcil acesso. O <strong>LS 600x Pro<\/strong> tamb\u00e9m suporta quatro curvas de regula\u00e7\u00e3o (dimming) &#8211; Linear, Exponencial, Log e S-Curve &#8211; para garantir precis\u00e3o independentemente da sua prefer\u00eancia de brilho.<\/p>\n","protected":false},"excerpt":{"rendered":"<p>O Aputure LS 600x Pro Bi-Color LED Monolight \u00e9 uma luz potente e vers\u00e1til que oferece uma variedade de configura\u00e7\u00f5es de pot\u00eancia e cor. A sua elevada sa\u00edda de luz pode ser potenciada pelo seu Hyper Reflector de 55\u00b0 inclu\u00eddo, ou por um acess\u00f3rio Fresnel opcional. Este dispositivo meticulosamente desenhado oferece uma ampla gama de [&hellip;]<\/p>\n","protected":false},"featured_media":21150,"template":"","meta":[],"product_brand":[],"product_cat":[805875],"product_tag":[],"class_list":{"0":"post-21149","1":"product","2":"type-product","3":"status-publish","4":"has-post-thumbnail","6":"product_cat-iluminacao","8":"first","9":"instock","10":"sale","11":"taxable","12":"shipping-taxable","13":"purchasable","14":"product-type-simple"},"yoast_head":"<!-- This site is optimized with the Yoast SEO Premium plugin v27.4 (Yoast SEO v27.5) - https:\/\/yoast.com\/product\/yoast-seo-premium-wordpress\/ -->\n<title>Aputure LS 600X Pro V-Mount | Comuna Studios &amp; Equipment Rental<\/title>\n<meta name=\"robots\" content=\"index, follow, max-snippet:-1, max-image-preview:large, max-video-preview:-1\" \/>\n<link rel=\"canonical\" href=\"https:\/\/comuna.pt\/pt-pt\/product\/aputure-ls-600x-pro-v-mount\/\" \/>\n<meta property=\"og:locale\" content=\"pt_PT\" \/>\n<meta property=\"og:type\" content=\"article\" \/>\n<meta property=\"og:title\" content=\"Aputure LS 600X Pro V-Mount\" \/>\n<meta property=\"og:description\" content=\"O Aputure LS 600x Pro Bi-Color LED Monolight \u00e9 uma luz potente e vers\u00e1til que oferece uma variedade de configura\u00e7\u00f5es de pot\u00eancia e cor. A sua elevada sa\u00edda de luz pode ser potenciada pelo seu Hyper Reflector de 55\u00b0 inclu\u00eddo, ou por um acess\u00f3rio Fresnel opcional. Este dispositivo meticulosamente desenhado oferece uma ampla gama de [&hellip;]\" \/>\n<meta property=\"og:url\" content=\"https:\/\/comuna.pt\/pt-pt\/product\/aputure-ls-600x-pro-v-mount\/\" \/>\n<meta property=\"og:site_name\" content=\"Comuna Studios &amp; Equipment Rental\" \/>\n<meta property=\"article:publisher\" content=\"http:\/\/facebook.com\/comuna.rental\" \/>\n<meta property=\"article:modified_time\" content=\"2026-03-04T15:59:59+00:00\" \/>\n<meta property=\"og:image\" content=\"https:\/\/comuna.pt\/wp-content\/uploads\/2023\/06\/1628606748_IMG_1583632.jpg\" \/>\n\t<meta property=\"og:image:width\" content=\"500\" \/>\n\t<meta property=\"og:image:height\" content=\"500\" \/>\n\t<meta property=\"og:image:type\" content=\"image\/jpeg\" \/>\n<meta name=\"twitter:card\" content=\"summary_large_image\" \/>\n<meta name=\"twitter:label1\" content=\"pre\u00e7o\" \/>\n\t<meta name=\"twitter:data1\" content=\"&euro;90,00 + 23% VAT\" \/>\n\t<meta name=\"twitter:label2\" content=\"Disponibilidade\" \/>\n\t<meta name=\"twitter:data2\" content=\"Em stock\" \/>\n<script type=\"application\/ld+json\" class=\"yoast-schema-graph\">{\"@context\":\"https:\\\/\\\/schema.org\",\"@graph\":[{\"@type\":[\"WebPage\",\"ItemPage\"],\"@id\":\"https:\\\/\\\/comuna.pt\\\/pt-pt\\\/product\\\/aputure-ls-600x-pro-v-mount\\\/\",\"url\":\"https:\\\/\\\/comuna.pt\\\/pt-pt\\\/product\\\/aputure-ls-600x-pro-v-mount\\\/\",\"name\":\"Aputure LS 600X Pro V-Mount | Comuna Studios &amp; Equipment Rental\",\"isPartOf\":{\"@id\":\"https:\\\/\\\/comuna.pt\\\/pt-pt\\\/#website\"},\"primaryImageOfPage\":{\"@id\":\"https:\\\/\\\/comuna.pt\\\/pt-pt\\\/product\\\/aputure-ls-600x-pro-v-mount\\\/#primaryimage\"},\"image\":{\"@id\":\"https:\\\/\\\/comuna.pt\\\/pt-pt\\\/product\\\/aputure-ls-600x-pro-v-mount\\\/#primaryimage\"},\"thumbnailUrl\":\"https:\\\/\\\/comuna.pt\\\/wp-content\\\/uploads\\\/2023\\\/06\\\/1628606748_IMG_1583632.jpg\",\"datePublished\":\"2023-06-23T10:46:15+00:00\",\"dateModified\":\"2026-03-04T15:59:59+00:00\",\"breadcrumb\":{\"@id\":\"https:\\\/\\\/comuna.pt\\\/pt-pt\\\/product\\\/aputure-ls-600x-pro-v-mount\\\/#breadcrumb\"},\"inLanguage\":\"pt-PT\",\"potentialAction\":[{\"@type\":\"ReadAction\",\"target\":[\"https:\\\/\\\/comuna.pt\\\/pt-pt\\\/product\\\/aputure-ls-600x-pro-v-mount\\\/\"]}]},{\"@type\":\"ImageObject\",\"inLanguage\":\"pt-PT\",\"@id\":\"https:\\\/\\\/comuna.pt\\\/pt-pt\\\/product\\\/aputure-ls-600x-pro-v-mount\\\/#primaryimage\",\"url\":\"https:\\\/\\\/comuna.pt\\\/wp-content\\\/uploads\\\/2023\\\/06\\\/1628606748_IMG_1583632.jpg\",\"contentUrl\":\"https:\\\/\\\/comuna.pt\\\/wp-content\\\/uploads\\\/2023\\\/06\\\/1628606748_IMG_1583632.jpg\",\"width\":500,\"height\":500},{\"@type\":\"BreadcrumbList\",\"@id\":\"https:\\\/\\\/comuna.pt\\\/pt-pt\\\/product\\\/aputure-ls-600x-pro-v-mount\\\/#breadcrumb\",\"itemListElement\":[{\"@type\":\"ListItem\",\"position\":1,\"name\":\"Home\",\"item\":\"https:\\\/\\\/comuna.pt\\\/pt-pt\\\/\"},{\"@type\":\"ListItem\",\"position\":2,\"name\":\"Produtos\"},{\"@type\":\"ListItem\",\"position\":3,\"name\":\"Ilumina\u00e7\u00e3o\",\"item\":\"https:\\\/\\\/comuna.pt\\\/pt-pt\\\/Categoria\\\/iluminacao\\\/\"},{\"@type\":\"ListItem\",\"position\":4,\"name\":\"Aputure LS 600X Pro V-Mount\"}]},{\"@type\":\"WebSite\",\"@id\":\"https:\\\/\\\/comuna.pt\\\/pt-pt\\\/#website\",\"url\":\"https:\\\/\\\/comuna.pt\\\/pt-pt\\\/\",\"name\":\"Comuna Rental House\",\"description\":\"Photo studios, Podcast &amp; Equipment Rental\",\"publisher\":{\"@id\":\"https:\\\/\\\/comuna.pt\\\/pt-pt\\\/#organization\"},\"alternateName\":\"Comuna Filmmaking Equipment Rental\",\"potentialAction\":[{\"@type\":\"SearchAction\",\"target\":{\"@type\":\"EntryPoint\",\"urlTemplate\":\"https:\\\/\\\/comuna.pt\\\/pt-pt\\\/?s={search_term_string}\"},\"query-input\":{\"@type\":\"PropertyValueSpecification\",\"valueRequired\":true,\"valueName\":\"search_term_string\"}}],\"inLanguage\":\"pt-PT\"},{\"@type\":\"Organization\",\"@id\":\"https:\\\/\\\/comuna.pt\\\/pt-pt\\\/#organization\",\"name\":\"Comuna Rental House\",\"url\":\"https:\\\/\\\/comuna.pt\\\/pt-pt\\\/\",\"logo\":{\"@type\":\"ImageObject\",\"inLanguage\":\"pt-PT\",\"@id\":\"https:\\\/\\\/comuna.pt\\\/pt-pt\\\/#\\\/schema\\\/logo\\\/image\\\/\",\"url\":\"https:\\\/\\\/comuna.pt\\\/wp-content\\\/uploads\\\/2024\\\/03\\\/comuna_logo_website.png\",\"contentUrl\":\"https:\\\/\\\/comuna.pt\\\/wp-content\\\/uploads\\\/2024\\\/03\\\/comuna_logo_website.png\",\"width\":2000,\"height\":262,\"caption\":\"Comuna Rental House\"},\"image\":{\"@id\":\"https:\\\/\\\/comuna.pt\\\/pt-pt\\\/#\\\/schema\\\/logo\\\/image\\\/\"},\"sameAs\":[\"http:\\\/\\\/facebook.com\\\/comuna.rental\",\"https:\\\/\\\/www.instagram.com\\\/comuna_rental\",\"https:\\\/\\\/www.linkedin.com\\\/company\\\/96410498\"]}]}<\/script>\n<meta property=\"product:price:amount\" content=\"90.00\" \/>\n<meta property=\"product:price:currency\" content=\"EUR\" \/>\n<meta property=\"og:availability\" content=\"instock\" \/>\n<meta property=\"product:availability\" content=\"instock\" \/>\n<meta property=\"product:condition\" content=\"new\" \/>\n<!-- \/ Yoast SEO Premium plugin. -->","yoast_head_json":{"title":"Aputure LS 600X Pro V-Mount | Comuna Studios &amp; Equipment Rental","robots":{"index":"index","follow":"follow","max-snippet":"max-snippet:-1","max-image-preview":"max-image-preview:large","max-video-preview":"max-video-preview:-1"},"canonical":"https:\/\/comuna.pt\/pt-pt\/product\/aputure-ls-600x-pro-v-mount\/","og_locale":"pt_PT","og_type":"article","og_title":"Aputure LS 600X Pro V-Mount","og_description":"O Aputure LS 600x Pro Bi-Color LED Monolight \u00e9 uma luz potente e vers\u00e1til que oferece uma variedade de configura\u00e7\u00f5es de pot\u00eancia e cor. A sua elevada sa\u00edda de luz pode ser potenciada pelo seu Hyper Reflector de 55\u00b0 inclu\u00eddo, ou por um acess\u00f3rio Fresnel opcional. Este dispositivo meticulosamente desenhado oferece uma ampla gama de [&hellip;]","og_url":"https:\/\/comuna.pt\/pt-pt\/product\/aputure-ls-600x-pro-v-mount\/","og_site_name":"Comuna Studios &amp; Equipment Rental","article_publisher":"http:\/\/facebook.com\/comuna.rental","article_modified_time":"2026-03-04T15:59:59+00:00","og_image":[{"width":500,"height":500,"url":"https:\/\/comuna.pt\/wp-content\/uploads\/2023\/06\/1628606748_IMG_1583632.jpg","type":"image\/jpeg"}],"twitter_card":"summary_large_image","twitter_misc":{"pre\u00e7o":"&euro;90,00 + 23% VAT","Disponibilidade":"Em stock"},"schema":{"@context":"https:\/\/schema.org","@graph":[{"@type":["WebPage","ItemPage"],"@id":"https:\/\/comuna.pt\/pt-pt\/product\/aputure-ls-600x-pro-v-mount\/","url":"https:\/\/comuna.pt\/pt-pt\/product\/aputure-ls-600x-pro-v-mount\/","name":"Aputure LS 600X Pro V-Mount | Comuna Studios &amp; Equipment Rental","isPartOf":{"@id":"https:\/\/comuna.pt\/pt-pt\/#website"},"primaryImageOfPage":{"@id":"https:\/\/comuna.pt\/pt-pt\/product\/aputure-ls-600x-pro-v-mount\/#primaryimage"},"image":{"@id":"https:\/\/comuna.pt\/pt-pt\/product\/aputure-ls-600x-pro-v-mount\/#primaryimage"},"thumbnailUrl":"https:\/\/comuna.pt\/wp-content\/uploads\/2023\/06\/1628606748_IMG_1583632.jpg","datePublished":"2023-06-23T10:46:15+00:00","dateModified":"2026-03-04T15:59:59+00:00","breadcrumb":{"@id":"https:\/\/comuna.pt\/pt-pt\/product\/aputure-ls-600x-pro-v-mount\/#breadcrumb"},"inLanguage":"pt-PT","potentialAction":[{"@type":"ReadAction","target":["https:\/\/comuna.pt\/pt-pt\/product\/aputure-ls-600x-pro-v-mount\/"]}]},{"@type":"ImageObject","inLanguage":"pt-PT","@id":"https:\/\/comuna.pt\/pt-pt\/product\/aputure-ls-600x-pro-v-mount\/#primaryimage","url":"https:\/\/comuna.pt\/wp-content\/uploads\/2023\/06\/1628606748_IMG_1583632.jpg","contentUrl":"https:\/\/comuna.pt\/wp-content\/uploads\/2023\/06\/1628606748_IMG_1583632.jpg","width":500,"height":500},{"@type":"BreadcrumbList","@id":"https:\/\/comuna.pt\/pt-pt\/product\/aputure-ls-600x-pro-v-mount\/#breadcrumb","itemListElement":[{"@type":"ListItem","position":1,"name":"Home","item":"https:\/\/comuna.pt\/pt-pt\/"},{"@type":"ListItem","position":2,"name":"Produtos"},{"@type":"ListItem","position":3,"name":"Ilumina\u00e7\u00e3o","item":"https:\/\/comuna.pt\/pt-pt\/Categoria\/iluminacao\/"},{"@type":"ListItem","position":4,"name":"Aputure LS 600X Pro V-Mount"}]},{"@type":"WebSite","@id":"https:\/\/comuna.pt\/pt-pt\/#website","url":"https:\/\/comuna.pt\/pt-pt\/","name":"Comuna Rental House","description":"Photo studios, Podcast &amp; Equipment Rental","publisher":{"@id":"https:\/\/comuna.pt\/pt-pt\/#organization"},"alternateName":"Comuna Filmmaking Equipment Rental","potentialAction":[{"@type":"SearchAction","target":{"@type":"EntryPoint","urlTemplate":"https:\/\/comuna.pt\/pt-pt\/?s={search_term_string}"},"query-input":{"@type":"PropertyValueSpecification","valueRequired":true,"valueName":"search_term_string"}}],"inLanguage":"pt-PT"},{"@type":"Organization","@id":"https:\/\/comuna.pt\/pt-pt\/#organization","name":"Comuna Rental House","url":"https:\/\/comuna.pt\/pt-pt\/","logo":{"@type":"ImageObject","inLanguage":"pt-PT","@id":"https:\/\/comuna.pt\/pt-pt\/#\/schema\/logo\/image\/","url":"https:\/\/comuna.pt\/wp-content\/uploads\/2024\/03\/comuna_logo_website.png","contentUrl":"https:\/\/comuna.pt\/wp-content\/uploads\/2024\/03\/comuna_logo_website.png","width":2000,"height":262,"caption":"Comuna Rental House"},"image":{"@id":"https:\/\/comuna.pt\/pt-pt\/#\/schema\/logo\/image\/"},"sameAs":["http:\/\/facebook.com\/comuna.rental","https:\/\/www.instagram.com\/comuna_rental","https:\/\/www.linkedin.com\/company\/96410498"]}]},"product_price_amount":"90.00","product_price_currency":"EUR","og_availability":"instock","product_availability":"instock","product_condition":"new"},"_links":{"self":[{"href":"https:\/\/comuna.pt\/pt-pt\/wp-json\/wp\/v2\/product\/21149","targetHints":{"allow":["GET"]}}],"collection":[{"href":"https:\/\/comuna.pt\/pt-pt\/wp-json\/wp\/v2\/product"}],"about":[{"href":"https:\/\/comuna.pt\/pt-pt\/wp-json\/wp\/v2\/types\/product"}],"version-history":[{"count":5,"href":"https:\/\/comuna.pt\/pt-pt\/wp-json\/wp\/v2\/product\/21149\/revisions"}],"predecessor-version":[{"id":21521,"href":"https:\/\/comuna.pt\/pt-pt\/wp-json\/wp\/v2\/product\/21149\/revisions\/21521"}],"wp:featuredmedia":[{"embeddable":true,"href":"https:\/\/comuna.pt\/pt-pt\/wp-json\/wp\/v2\/media\/21150"}],"wp:attachment":[{"href":"https:\/\/comuna.pt\/pt-pt\/wp-json\/wp\/v2\/media?parent=21149"}],"wp:term":[{"taxonomy":"product_brand","embeddable":true,"href":"https:\/\/comuna.pt\/pt-pt\/wp-json\/wp\/v2\/product_brand?post=21149"},{"taxonomy":"product_cat","embeddable":true,"href":"https:\/\/comuna.pt\/pt-pt\/wp-json\/wp\/v2\/product_cat?post=21149"},{"taxonomy":"product_tag","embeddable":true,"href":"https:\/\/comuna.pt\/pt-pt\/wp-json\/wp\/v2\/product_tag?post=21149"}],"curies":[{"name":"wp","href":"https:\/\/api.w.org\/{rel}","templated":true}]}}