{"id":21128,"date":"2023-06-23T11:46:15","date_gmt":"2023-06-23T10:46:15","guid":{"rendered":"https:\/\/comuna.pt\/product\/acessorio-aputure-fresnel-2x\/"},"modified":"2026-03-03T13:44:49","modified_gmt":"2026-03-03T13:44:49","slug":"acessorio-aputure-fresnel-2x","status":"publish","type":"product","link":"https:\/\/comuna.pt\/pt-pt\/product\/acessorio-aputure-fresnel-2x\/","title":{"rendered":"Acess\u00f3rio Aputure Fresnel 2X"},"content":{"rendered":"<div class=\"booqable-product-button\" data-id=\"aputure-fresnel-2x-attachment\"><\/div>\n<p>Concebido exclusivamente para as luzes Aputure LS C120d, LS C120d II e LS C300d, o acess\u00f3rio Fresnel 2X oferece uma dispers\u00e3o de feixe vari\u00e1vel entre 12 e 40 graus. Uma vantagem valiosa deste design melhorado \u00e9 a sua capacidade de intensificar a sa\u00edda de luz! A Aputure LS 120d II, por exemplo, \u00e9 capaz de emitir at\u00e9 14x a sua pot\u00eancia standard gra\u00e7as ao design de lente dupla do Fresnel. O Fresnel 2X inclui um estojo acolchoado para armazenamento e transporte.<\/p>\n","protected":false},"excerpt":{"rendered":"<p>Concebido exclusivamente para as luzes Aputure LS C120d, LS C120d II e LS C300d, o acess\u00f3rio Fresnel 2X oferece uma dispers\u00e3o de feixe vari\u00e1vel entre 12 e 40 graus. Uma vantagem valiosa deste design melhorado \u00e9 a sua capacidade de intensificar a sa\u00edda de luz! A Aputure LS 120d II, por exemplo, \u00e9 capaz de [&hellip;]<\/p>\n","protected":false},"featured_media":21129,"template":"","meta":[],"product_brand":[],"product_cat":[805874],"product_tag":[],"class_list":{"0":"post-21128","1":"product","2":"type-product","3":"status-publish","4":"has-post-thumbnail","6":"product_cat-controlo-de-luz","8":"first","9":"instock","10":"taxable","11":"shipping-taxable","12":"purchasable","13":"product-type-simple"},"yoast_head":"<!-- This site is optimized with the Yoast SEO Premium plugin v27.4 (Yoast SEO v27.5) - https:\/\/yoast.com\/product\/yoast-seo-premium-wordpress\/ -->\n<title>Acess\u00f3rio Aputure Fresnel 2X | Comuna Studios &amp; Equipment Rental<\/title>\n<meta name=\"robots\" content=\"index, follow, max-snippet:-1, max-image-preview:large, max-video-preview:-1\" \/>\n<link rel=\"canonical\" href=\"https:\/\/comuna.pt\/pt-pt\/product\/acessorio-aputure-fresnel-2x\/\" \/>\n<meta property=\"og:locale\" content=\"pt_PT\" \/>\n<meta property=\"og:type\" content=\"article\" \/>\n<meta property=\"og:title\" content=\"Acess\u00f3rio Aputure Fresnel 2X\" \/>\n<meta property=\"og:description\" content=\"Concebido exclusivamente para as luzes Aputure LS C120d, LS C120d II e LS C300d, o acess\u00f3rio Fresnel 2X oferece uma dispers\u00e3o de feixe vari\u00e1vel entre 12 e 40 graus. Uma vantagem valiosa deste design melhorado \u00e9 a sua capacidade de intensificar a sa\u00edda de luz! A Aputure LS 120d II, por exemplo, \u00e9 capaz de [&hellip;]\" \/>\n<meta property=\"og:url\" content=\"https:\/\/comuna.pt\/pt-pt\/product\/acessorio-aputure-fresnel-2x\/\" \/>\n<meta property=\"og:site_name\" content=\"Comuna Studios &amp; Equipment Rental\" \/>\n<meta property=\"article:publisher\" content=\"http:\/\/facebook.com\/comuna.rental\" \/>\n<meta property=\"article:modified_time\" content=\"2026-03-03T13:44:49+00:00\" \/>\n<meta property=\"og:image\" content=\"https:\/\/comuna.pt\/wp-content\/uploads\/2023\/06\/1552908059_1466569-1.jpg\" \/>\n\t<meta property=\"og:image:width\" content=\"500\" \/>\n\t<meta property=\"og:image:height\" content=\"500\" \/>\n\t<meta property=\"og:image:type\" content=\"image\/jpeg\" \/>\n<meta name=\"twitter:card\" content=\"summary_large_image\" \/>\n<meta name=\"twitter:label1\" content=\"pre\u00e7o\" \/>\n\t<meta name=\"twitter:data1\" content=\"&euro;10,00 + 23% VAT\" \/>\n\t<meta name=\"twitter:label2\" content=\"Disponibilidade\" \/>\n\t<meta name=\"twitter:data2\" content=\"Em stock\" \/>\n<script type=\"application\/ld+json\" class=\"yoast-schema-graph\">{\"@context\":\"https:\\\/\\\/schema.org\",\"@graph\":[{\"@type\":[\"WebPage\",\"ItemPage\"],\"@id\":\"https:\\\/\\\/comuna.pt\\\/pt-pt\\\/product\\\/acessorio-aputure-fresnel-2x\\\/\",\"url\":\"https:\\\/\\\/comuna.pt\\\/pt-pt\\\/product\\\/acessorio-aputure-fresnel-2x\\\/\",\"name\":\"Acess\u00f3rio Aputure Fresnel 2X | Comuna Studios &amp; Equipment Rental\",\"isPartOf\":{\"@id\":\"https:\\\/\\\/comuna.pt\\\/pt-pt\\\/#website\"},\"primaryImageOfPage\":{\"@id\":\"https:\\\/\\\/comuna.pt\\\/pt-pt\\\/product\\\/acessorio-aputure-fresnel-2x\\\/#primaryimage\"},\"image\":{\"@id\":\"https:\\\/\\\/comuna.pt\\\/pt-pt\\\/product\\\/acessorio-aputure-fresnel-2x\\\/#primaryimage\"},\"thumbnailUrl\":\"https:\\\/\\\/comuna.pt\\\/wp-content\\\/uploads\\\/2023\\\/06\\\/1552908059_1466569-1.jpg\",\"datePublished\":\"2023-06-23T10:46:15+00:00\",\"dateModified\":\"2026-03-03T13:44:49+00:00\",\"breadcrumb\":{\"@id\":\"https:\\\/\\\/comuna.pt\\\/pt-pt\\\/product\\\/acessorio-aputure-fresnel-2x\\\/#breadcrumb\"},\"inLanguage\":\"pt-PT\",\"potentialAction\":[{\"@type\":\"ReadAction\",\"target\":[\"https:\\\/\\\/comuna.pt\\\/pt-pt\\\/product\\\/acessorio-aputure-fresnel-2x\\\/\"]}]},{\"@type\":\"ImageObject\",\"inLanguage\":\"pt-PT\",\"@id\":\"https:\\\/\\\/comuna.pt\\\/pt-pt\\\/product\\\/acessorio-aputure-fresnel-2x\\\/#primaryimage\",\"url\":\"https:\\\/\\\/comuna.pt\\\/wp-content\\\/uploads\\\/2023\\\/06\\\/1552908059_1466569-1.jpg\",\"contentUrl\":\"https:\\\/\\\/comuna.pt\\\/wp-content\\\/uploads\\\/2023\\\/06\\\/1552908059_1466569-1.jpg\",\"width\":500,\"height\":500},{\"@type\":\"BreadcrumbList\",\"@id\":\"https:\\\/\\\/comuna.pt\\\/pt-pt\\\/product\\\/acessorio-aputure-fresnel-2x\\\/#breadcrumb\",\"itemListElement\":[{\"@type\":\"ListItem\",\"position\":1,\"name\":\"Home\",\"item\":\"https:\\\/\\\/comuna.pt\\\/pt-pt\\\/\"},{\"@type\":\"ListItem\",\"position\":2,\"name\":\"Produtos\"},{\"@type\":\"ListItem\",\"position\":3,\"name\":\"Controlo de Luz\",\"item\":\"https:\\\/\\\/comuna.pt\\\/pt-pt\\\/Categoria\\\/controlo-de-luz\\\/\"},{\"@type\":\"ListItem\",\"position\":4,\"name\":\"Acess\u00f3rio Aputure Fresnel 2X\"}]},{\"@type\":\"WebSite\",\"@id\":\"https:\\\/\\\/comuna.pt\\\/pt-pt\\\/#website\",\"url\":\"https:\\\/\\\/comuna.pt\\\/pt-pt\\\/\",\"name\":\"Comuna Rental House\",\"description\":\"Photo studios, Podcast &amp; Equipment Rental\",\"publisher\":{\"@id\":\"https:\\\/\\\/comuna.pt\\\/pt-pt\\\/#organization\"},\"alternateName\":\"Comuna Filmmaking Equipment Rental\",\"potentialAction\":[{\"@type\":\"SearchAction\",\"target\":{\"@type\":\"EntryPoint\",\"urlTemplate\":\"https:\\\/\\\/comuna.pt\\\/pt-pt\\\/?s={search_term_string}\"},\"query-input\":{\"@type\":\"PropertyValueSpecification\",\"valueRequired\":true,\"valueName\":\"search_term_string\"}}],\"inLanguage\":\"pt-PT\"},{\"@type\":\"Organization\",\"@id\":\"https:\\\/\\\/comuna.pt\\\/pt-pt\\\/#organization\",\"name\":\"Comuna Rental House\",\"url\":\"https:\\\/\\\/comuna.pt\\\/pt-pt\\\/\",\"logo\":{\"@type\":\"ImageObject\",\"inLanguage\":\"pt-PT\",\"@id\":\"https:\\\/\\\/comuna.pt\\\/pt-pt\\\/#\\\/schema\\\/logo\\\/image\\\/\",\"url\":\"https:\\\/\\\/comuna.pt\\\/wp-content\\\/uploads\\\/2024\\\/03\\\/comuna_logo_website.png\",\"contentUrl\":\"https:\\\/\\\/comuna.pt\\\/wp-content\\\/uploads\\\/2024\\\/03\\\/comuna_logo_website.png\",\"width\":2000,\"height\":262,\"caption\":\"Comuna Rental House\"},\"image\":{\"@id\":\"https:\\\/\\\/comuna.pt\\\/pt-pt\\\/#\\\/schema\\\/logo\\\/image\\\/\"},\"sameAs\":[\"http:\\\/\\\/facebook.com\\\/comuna.rental\",\"https:\\\/\\\/www.instagram.com\\\/comuna_rental\",\"https:\\\/\\\/www.linkedin.com\\\/company\\\/96410498\"]}]}<\/script>\n<meta property=\"product:price:amount\" content=\"10.00\" \/>\n<meta property=\"product:price:currency\" content=\"EUR\" \/>\n<meta property=\"og:availability\" content=\"instock\" \/>\n<meta property=\"product:availability\" content=\"instock\" \/>\n<meta property=\"product:condition\" content=\"new\" \/>\n<!-- \/ Yoast SEO Premium plugin. -->","yoast_head_json":{"title":"Acess\u00f3rio Aputure Fresnel 2X | Comuna Studios &amp; Equipment Rental","robots":{"index":"index","follow":"follow","max-snippet":"max-snippet:-1","max-image-preview":"max-image-preview:large","max-video-preview":"max-video-preview:-1"},"canonical":"https:\/\/comuna.pt\/pt-pt\/product\/acessorio-aputure-fresnel-2x\/","og_locale":"pt_PT","og_type":"article","og_title":"Acess\u00f3rio Aputure Fresnel 2X","og_description":"Concebido exclusivamente para as luzes Aputure LS C120d, LS C120d II e LS C300d, o acess\u00f3rio Fresnel 2X oferece uma dispers\u00e3o de feixe vari\u00e1vel entre 12 e 40 graus. Uma vantagem valiosa deste design melhorado \u00e9 a sua capacidade de intensificar a sa\u00edda de luz! A Aputure LS 120d II, por exemplo, \u00e9 capaz de [&hellip;]","og_url":"https:\/\/comuna.pt\/pt-pt\/product\/acessorio-aputure-fresnel-2x\/","og_site_name":"Comuna Studios &amp; Equipment Rental","article_publisher":"http:\/\/facebook.com\/comuna.rental","article_modified_time":"2026-03-03T13:44:49+00:00","og_image":[{"width":500,"height":500,"url":"https:\/\/comuna.pt\/wp-content\/uploads\/2023\/06\/1552908059_1466569-1.jpg","type":"image\/jpeg"}],"twitter_card":"summary_large_image","twitter_misc":{"pre\u00e7o":"&euro;10,00 + 23% VAT","Disponibilidade":"Em stock"},"schema":{"@context":"https:\/\/schema.org","@graph":[{"@type":["WebPage","ItemPage"],"@id":"https:\/\/comuna.pt\/pt-pt\/product\/acessorio-aputure-fresnel-2x\/","url":"https:\/\/comuna.pt\/pt-pt\/product\/acessorio-aputure-fresnel-2x\/","name":"Acess\u00f3rio Aputure Fresnel 2X | Comuna Studios &amp; Equipment Rental","isPartOf":{"@id":"https:\/\/comuna.pt\/pt-pt\/#website"},"primaryImageOfPage":{"@id":"https:\/\/comuna.pt\/pt-pt\/product\/acessorio-aputure-fresnel-2x\/#primaryimage"},"image":{"@id":"https:\/\/comuna.pt\/pt-pt\/product\/acessorio-aputure-fresnel-2x\/#primaryimage"},"thumbnailUrl":"https:\/\/comuna.pt\/wp-content\/uploads\/2023\/06\/1552908059_1466569-1.jpg","datePublished":"2023-06-23T10:46:15+00:00","dateModified":"2026-03-03T13:44:49+00:00","breadcrumb":{"@id":"https:\/\/comuna.pt\/pt-pt\/product\/acessorio-aputure-fresnel-2x\/#breadcrumb"},"inLanguage":"pt-PT","potentialAction":[{"@type":"ReadAction","target":["https:\/\/comuna.pt\/pt-pt\/product\/acessorio-aputure-fresnel-2x\/"]}]},{"@type":"ImageObject","inLanguage":"pt-PT","@id":"https:\/\/comuna.pt\/pt-pt\/product\/acessorio-aputure-fresnel-2x\/#primaryimage","url":"https:\/\/comuna.pt\/wp-content\/uploads\/2023\/06\/1552908059_1466569-1.jpg","contentUrl":"https:\/\/comuna.pt\/wp-content\/uploads\/2023\/06\/1552908059_1466569-1.jpg","width":500,"height":500},{"@type":"BreadcrumbList","@id":"https:\/\/comuna.pt\/pt-pt\/product\/acessorio-aputure-fresnel-2x\/#breadcrumb","itemListElement":[{"@type":"ListItem","position":1,"name":"Home","item":"https:\/\/comuna.pt\/pt-pt\/"},{"@type":"ListItem","position":2,"name":"Produtos"},{"@type":"ListItem","position":3,"name":"Controlo de Luz","item":"https:\/\/comuna.pt\/pt-pt\/Categoria\/controlo-de-luz\/"},{"@type":"ListItem","position":4,"name":"Acess\u00f3rio Aputure Fresnel 2X"}]},{"@type":"WebSite","@id":"https:\/\/comuna.pt\/pt-pt\/#website","url":"https:\/\/comuna.pt\/pt-pt\/","name":"Comuna Rental House","description":"Photo studios, Podcast &amp; Equipment Rental","publisher":{"@id":"https:\/\/comuna.pt\/pt-pt\/#organization"},"alternateName":"Comuna Filmmaking Equipment Rental","potentialAction":[{"@type":"SearchAction","target":{"@type":"EntryPoint","urlTemplate":"https:\/\/comuna.pt\/pt-pt\/?s={search_term_string}"},"query-input":{"@type":"PropertyValueSpecification","valueRequired":true,"valueName":"search_term_string"}}],"inLanguage":"pt-PT"},{"@type":"Organization","@id":"https:\/\/comuna.pt\/pt-pt\/#organization","name":"Comuna Rental House","url":"https:\/\/comuna.pt\/pt-pt\/","logo":{"@type":"ImageObject","inLanguage":"pt-PT","@id":"https:\/\/comuna.pt\/pt-pt\/#\/schema\/logo\/image\/","url":"https:\/\/comuna.pt\/wp-content\/uploads\/2024\/03\/comuna_logo_website.png","contentUrl":"https:\/\/comuna.pt\/wp-content\/uploads\/2024\/03\/comuna_logo_website.png","width":2000,"height":262,"caption":"Comuna Rental House"},"image":{"@id":"https:\/\/comuna.pt\/pt-pt\/#\/schema\/logo\/image\/"},"sameAs":["http:\/\/facebook.com\/comuna.rental","https:\/\/www.instagram.com\/comuna_rental","https:\/\/www.linkedin.com\/company\/96410498"]}]},"product_price_amount":"10.00","product_price_currency":"EUR","og_availability":"instock","product_availability":"instock","product_condition":"new"},"_links":{"self":[{"href":"https:\/\/comuna.pt\/pt-pt\/wp-json\/wp\/v2\/product\/21128","targetHints":{"allow":["GET"]}}],"collection":[{"href":"https:\/\/comuna.pt\/pt-pt\/wp-json\/wp\/v2\/product"}],"about":[{"href":"https:\/\/comuna.pt\/pt-pt\/wp-json\/wp\/v2\/types\/product"}],"version-history":[{"count":3,"href":"https:\/\/comuna.pt\/pt-pt\/wp-json\/wp\/v2\/product\/21128\/revisions"}],"predecessor-version":[{"id":21391,"href":"https:\/\/comuna.pt\/pt-pt\/wp-json\/wp\/v2\/product\/21128\/revisions\/21391"}],"wp:featuredmedia":[{"embeddable":true,"href":"https:\/\/comuna.pt\/pt-pt\/wp-json\/wp\/v2\/media\/21129"}],"wp:attachment":[{"href":"https:\/\/comuna.pt\/pt-pt\/wp-json\/wp\/v2\/media?parent=21128"}],"wp:term":[{"taxonomy":"product_brand","embeddable":true,"href":"https:\/\/comuna.pt\/pt-pt\/wp-json\/wp\/v2\/product_brand?post=21128"},{"taxonomy":"product_cat","embeddable":true,"href":"https:\/\/comuna.pt\/pt-pt\/wp-json\/wp\/v2\/product_cat?post=21128"},{"taxonomy":"product_tag","embeddable":true,"href":"https:\/\/comuna.pt\/pt-pt\/wp-json\/wp\/v2\/product_tag?post=21128"}],"curies":[{"name":"wp","href":"https:\/\/api.w.org\/{rel}","templated":true}]}}