{"id":20890,"date":"2023-06-23T11:46:17","date_gmt":"2023-06-23T10:46:17","guid":{"rendered":"https:\/\/comuna.pt\/product\/chauvet-dj-hurricane-haze-4d-maquina-de-haze\/"},"modified":"2026-03-03T13:43:53","modified_gmt":"2026-03-03T13:43:53","slug":"chauvet-dj-hurricane-haze-4d-maquina-de-haze","status":"publish","type":"product","link":"https:\/\/comuna.pt\/pt-pt\/product\/chauvet-dj-hurricane-haze-4d-maquina-de-haze\/","title":{"rendered":"CHAUVET DJ Hurricane Haze 4D &#8211; M\u00e1quina de Haze"},"content":{"rendered":"<div class=\"booqable-product-button\" data-id=\"chauvet-dj-hurricane-haze-4d-haze-machine\"><\/div>\n<p>A\u00a0<b>Hurricane Haze 4D<\/b> da <b>Chauvet<\/b> \u00e9 uma m\u00e1quina de haze de alto d\u00e9bito \u00e0 base de \u00e1gua, concebida para criar atmosferas subtis que real\u00e7am os efeitos visuais de feixes de luz em pistas de dan\u00e7a, concertos, eventos de Halloween e muito mais. Capaz de dispersar o haze com uma sa\u00edda cont\u00ednua de 4300 ft\u00b3\/minuto, esta unidade preenche salas grandes rapidamente. O defletor (scoop) ajust\u00e1vel integrado permite controlar a dire\u00e7\u00e3o do haze, enquanto a ventoinha de baixo ru\u00eddo torna esta m\u00e1quina ideal para uso em ambientes silenciosos. Para opera\u00e7\u00e3o aut\u00f3noma, dois bot\u00f5es integrados permitem regular convenientemente o volume do haze e a velocidade da ventoinha. O controlo preciso pode ser obtido atrav\u00e9s do comando remoto com temporizador (inclu\u00eddo) ou via DMX. Outras caracter\u00edsticas incluem um ecr\u00e3 LED de 4 bot\u00f5es para aceder \u00e0s defini\u00e7\u00f5es DMX, um indicador de n\u00edvel de fluido e um suporte de suspens\u00e3o com hardware de montagem.<\/p>\n","protected":false},"excerpt":{"rendered":"<p>A\u00a0Hurricane Haze 4D da Chauvet \u00e9 uma m\u00e1quina de haze de alto d\u00e9bito \u00e0 base de \u00e1gua, concebida para criar atmosferas subtis que real\u00e7am os efeitos visuais de feixes de luz em pistas de dan\u00e7a, concertos, eventos de Halloween e muito mais. Capaz de dispersar o haze com uma sa\u00edda cont\u00ednua de 4300 ft\u00b3\/minuto, esta [&hellip;]<\/p>\n","protected":false},"featured_media":20891,"template":"","meta":[],"product_brand":[],"product_cat":[805861],"product_tag":[],"class_list":{"0":"post-20890","1":"product","2":"type-product","3":"status-publish","4":"has-post-thumbnail","6":"product_cat-acessorios","8":"first","9":"instock","10":"sale","11":"taxable","12":"shipping-taxable","13":"purchasable","14":"product-type-simple"},"yoast_head":"<!-- This site is optimized with the Yoast SEO Premium plugin v27.4 (Yoast SEO v27.5) - https:\/\/yoast.com\/product\/yoast-seo-premium-wordpress\/ -->\n<title>CHAUVET DJ Hurricane Haze 4D - M\u00e1quina de Haze | Comuna Studios &amp; Equipment Rental<\/title>\n<meta name=\"robots\" content=\"index, follow, max-snippet:-1, max-image-preview:large, max-video-preview:-1\" \/>\n<link rel=\"canonical\" href=\"https:\/\/comuna.pt\/pt-pt\/product\/chauvet-dj-hurricane-haze-4d-maquina-de-haze\/\" \/>\n<meta property=\"og:locale\" content=\"pt_PT\" \/>\n<meta property=\"og:type\" content=\"article\" \/>\n<meta property=\"og:title\" content=\"CHAUVET DJ Hurricane Haze 4D - M\u00e1quina de Haze\" \/>\n<meta property=\"og:description\" content=\"A\u00a0Hurricane Haze 4D da Chauvet \u00e9 uma m\u00e1quina de haze de alto d\u00e9bito \u00e0 base de \u00e1gua, concebida para criar atmosferas subtis que real\u00e7am os efeitos visuais de feixes de luz em pistas de dan\u00e7a, concertos, eventos de Halloween e muito mais. Capaz de dispersar o haze com uma sa\u00edda cont\u00ednua de 4300 ft\u00b3\/minuto, esta [&hellip;]\" \/>\n<meta property=\"og:url\" content=\"https:\/\/comuna.pt\/pt-pt\/product\/chauvet-dj-hurricane-haze-4d-maquina-de-haze\/\" \/>\n<meta property=\"og:site_name\" content=\"Comuna Studios &amp; Equipment Rental\" \/>\n<meta property=\"article:publisher\" content=\"http:\/\/facebook.com\/comuna.rental\" \/>\n<meta property=\"article:modified_time\" content=\"2026-03-03T13:43:53+00:00\" \/>\n<meta property=\"og:image\" content=\"https:\/\/comuna.pt\/wp-content\/uploads\/2023\/06\/423442fdvd-1.jpg\" \/>\n\t<meta property=\"og:image:width\" content=\"500\" \/>\n\t<meta property=\"og:image:height\" content=\"500\" \/>\n\t<meta property=\"og:image:type\" content=\"image\/jpeg\" \/>\n<meta name=\"twitter:card\" content=\"summary_large_image\" \/>\n<meta name=\"twitter:label1\" content=\"pre\u00e7o\" \/>\n\t<meta name=\"twitter:data1\" content=\"&euro;34,00 + 23% VAT\" \/>\n\t<meta name=\"twitter:label2\" content=\"Disponibilidade\" \/>\n\t<meta name=\"twitter:data2\" content=\"Em stock\" \/>\n<script type=\"application\/ld+json\" class=\"yoast-schema-graph\">{\"@context\":\"https:\\\/\\\/schema.org\",\"@graph\":[{\"@type\":[\"WebPage\",\"ItemPage\"],\"@id\":\"https:\\\/\\\/comuna.pt\\\/pt-pt\\\/product\\\/chauvet-dj-hurricane-haze-4d-maquina-de-haze\\\/\",\"url\":\"https:\\\/\\\/comuna.pt\\\/pt-pt\\\/product\\\/chauvet-dj-hurricane-haze-4d-maquina-de-haze\\\/\",\"name\":\"CHAUVET DJ Hurricane Haze 4D - M\u00e1quina de Haze | Comuna Studios &amp; Equipment Rental\",\"isPartOf\":{\"@id\":\"https:\\\/\\\/comuna.pt\\\/pt-pt\\\/#website\"},\"primaryImageOfPage\":{\"@id\":\"https:\\\/\\\/comuna.pt\\\/pt-pt\\\/product\\\/chauvet-dj-hurricane-haze-4d-maquina-de-haze\\\/#primaryimage\"},\"image\":{\"@id\":\"https:\\\/\\\/comuna.pt\\\/pt-pt\\\/product\\\/chauvet-dj-hurricane-haze-4d-maquina-de-haze\\\/#primaryimage\"},\"thumbnailUrl\":\"https:\\\/\\\/comuna.pt\\\/wp-content\\\/uploads\\\/2023\\\/06\\\/423442fdvd-1.jpg\",\"datePublished\":\"2023-06-23T10:46:17+00:00\",\"dateModified\":\"2026-03-03T13:43:53+00:00\",\"breadcrumb\":{\"@id\":\"https:\\\/\\\/comuna.pt\\\/pt-pt\\\/product\\\/chauvet-dj-hurricane-haze-4d-maquina-de-haze\\\/#breadcrumb\"},\"inLanguage\":\"pt-PT\",\"potentialAction\":[{\"@type\":\"ReadAction\",\"target\":[\"https:\\\/\\\/comuna.pt\\\/pt-pt\\\/product\\\/chauvet-dj-hurricane-haze-4d-maquina-de-haze\\\/\"]}]},{\"@type\":\"ImageObject\",\"inLanguage\":\"pt-PT\",\"@id\":\"https:\\\/\\\/comuna.pt\\\/pt-pt\\\/product\\\/chauvet-dj-hurricane-haze-4d-maquina-de-haze\\\/#primaryimage\",\"url\":\"https:\\\/\\\/comuna.pt\\\/wp-content\\\/uploads\\\/2023\\\/06\\\/423442fdvd-1.jpg\",\"contentUrl\":\"https:\\\/\\\/comuna.pt\\\/wp-content\\\/uploads\\\/2023\\\/06\\\/423442fdvd-1.jpg\",\"width\":500,\"height\":500},{\"@type\":\"BreadcrumbList\",\"@id\":\"https:\\\/\\\/comuna.pt\\\/pt-pt\\\/product\\\/chauvet-dj-hurricane-haze-4d-maquina-de-haze\\\/#breadcrumb\",\"itemListElement\":[{\"@type\":\"ListItem\",\"position\":1,\"name\":\"Home\",\"item\":\"https:\\\/\\\/comuna.pt\\\/pt-pt\\\/\"},{\"@type\":\"ListItem\",\"position\":2,\"name\":\"Produtos\"},{\"@type\":\"ListItem\",\"position\":3,\"name\":\"Acess\u00f3rios\",\"item\":\"https:\\\/\\\/comuna.pt\\\/pt-pt\\\/Categoria\\\/acessorios\\\/\"},{\"@type\":\"ListItem\",\"position\":4,\"name\":\"CHAUVET DJ Hurricane Haze 4D &#8211; M\u00e1quina de Haze\"}]},{\"@type\":\"WebSite\",\"@id\":\"https:\\\/\\\/comuna.pt\\\/pt-pt\\\/#website\",\"url\":\"https:\\\/\\\/comuna.pt\\\/pt-pt\\\/\",\"name\":\"Comuna Rental House\",\"description\":\"Photo studios, Podcast &amp; Equipment Rental\",\"publisher\":{\"@id\":\"https:\\\/\\\/comuna.pt\\\/pt-pt\\\/#organization\"},\"alternateName\":\"Comuna Filmmaking Equipment Rental\",\"potentialAction\":[{\"@type\":\"SearchAction\",\"target\":{\"@type\":\"EntryPoint\",\"urlTemplate\":\"https:\\\/\\\/comuna.pt\\\/pt-pt\\\/?s={search_term_string}\"},\"query-input\":{\"@type\":\"PropertyValueSpecification\",\"valueRequired\":true,\"valueName\":\"search_term_string\"}}],\"inLanguage\":\"pt-PT\"},{\"@type\":\"Organization\",\"@id\":\"https:\\\/\\\/comuna.pt\\\/pt-pt\\\/#organization\",\"name\":\"Comuna Rental House\",\"url\":\"https:\\\/\\\/comuna.pt\\\/pt-pt\\\/\",\"logo\":{\"@type\":\"ImageObject\",\"inLanguage\":\"pt-PT\",\"@id\":\"https:\\\/\\\/comuna.pt\\\/pt-pt\\\/#\\\/schema\\\/logo\\\/image\\\/\",\"url\":\"https:\\\/\\\/comuna.pt\\\/wp-content\\\/uploads\\\/2024\\\/03\\\/comuna_logo_website.png\",\"contentUrl\":\"https:\\\/\\\/comuna.pt\\\/wp-content\\\/uploads\\\/2024\\\/03\\\/comuna_logo_website.png\",\"width\":2000,\"height\":262,\"caption\":\"Comuna Rental House\"},\"image\":{\"@id\":\"https:\\\/\\\/comuna.pt\\\/pt-pt\\\/#\\\/schema\\\/logo\\\/image\\\/\"},\"sameAs\":[\"http:\\\/\\\/facebook.com\\\/comuna.rental\",\"https:\\\/\\\/www.instagram.com\\\/comuna_rental\",\"https:\\\/\\\/www.linkedin.com\\\/company\\\/96410498\"]}]}<\/script>\n<meta property=\"product:price:amount\" content=\"34.00\" \/>\n<meta property=\"product:price:currency\" content=\"EUR\" \/>\n<meta property=\"og:availability\" content=\"instock\" \/>\n<meta property=\"product:availability\" content=\"instock\" \/>\n<meta property=\"product:condition\" content=\"new\" \/>\n<!-- \/ Yoast SEO Premium plugin. -->","yoast_head_json":{"title":"CHAUVET DJ Hurricane Haze 4D - M\u00e1quina de Haze | Comuna Studios &amp; Equipment Rental","robots":{"index":"index","follow":"follow","max-snippet":"max-snippet:-1","max-image-preview":"max-image-preview:large","max-video-preview":"max-video-preview:-1"},"canonical":"https:\/\/comuna.pt\/pt-pt\/product\/chauvet-dj-hurricane-haze-4d-maquina-de-haze\/","og_locale":"pt_PT","og_type":"article","og_title":"CHAUVET DJ Hurricane Haze 4D - M\u00e1quina de Haze","og_description":"A\u00a0Hurricane Haze 4D da Chauvet \u00e9 uma m\u00e1quina de haze de alto d\u00e9bito \u00e0 base de \u00e1gua, concebida para criar atmosferas subtis que real\u00e7am os efeitos visuais de feixes de luz em pistas de dan\u00e7a, concertos, eventos de Halloween e muito mais. Capaz de dispersar o haze com uma sa\u00edda cont\u00ednua de 4300 ft\u00b3\/minuto, esta [&hellip;]","og_url":"https:\/\/comuna.pt\/pt-pt\/product\/chauvet-dj-hurricane-haze-4d-maquina-de-haze\/","og_site_name":"Comuna Studios &amp; Equipment Rental","article_publisher":"http:\/\/facebook.com\/comuna.rental","article_modified_time":"2026-03-03T13:43:53+00:00","og_image":[{"width":500,"height":500,"url":"https:\/\/comuna.pt\/wp-content\/uploads\/2023\/06\/423442fdvd-1.jpg","type":"image\/jpeg"}],"twitter_card":"summary_large_image","twitter_misc":{"pre\u00e7o":"&euro;34,00 + 23% VAT","Disponibilidade":"Em stock"},"schema":{"@context":"https:\/\/schema.org","@graph":[{"@type":["WebPage","ItemPage"],"@id":"https:\/\/comuna.pt\/pt-pt\/product\/chauvet-dj-hurricane-haze-4d-maquina-de-haze\/","url":"https:\/\/comuna.pt\/pt-pt\/product\/chauvet-dj-hurricane-haze-4d-maquina-de-haze\/","name":"CHAUVET DJ Hurricane Haze 4D - M\u00e1quina de Haze | Comuna Studios &amp; Equipment Rental","isPartOf":{"@id":"https:\/\/comuna.pt\/pt-pt\/#website"},"primaryImageOfPage":{"@id":"https:\/\/comuna.pt\/pt-pt\/product\/chauvet-dj-hurricane-haze-4d-maquina-de-haze\/#primaryimage"},"image":{"@id":"https:\/\/comuna.pt\/pt-pt\/product\/chauvet-dj-hurricane-haze-4d-maquina-de-haze\/#primaryimage"},"thumbnailUrl":"https:\/\/comuna.pt\/wp-content\/uploads\/2023\/06\/423442fdvd-1.jpg","datePublished":"2023-06-23T10:46:17+00:00","dateModified":"2026-03-03T13:43:53+00:00","breadcrumb":{"@id":"https:\/\/comuna.pt\/pt-pt\/product\/chauvet-dj-hurricane-haze-4d-maquina-de-haze\/#breadcrumb"},"inLanguage":"pt-PT","potentialAction":[{"@type":"ReadAction","target":["https:\/\/comuna.pt\/pt-pt\/product\/chauvet-dj-hurricane-haze-4d-maquina-de-haze\/"]}]},{"@type":"ImageObject","inLanguage":"pt-PT","@id":"https:\/\/comuna.pt\/pt-pt\/product\/chauvet-dj-hurricane-haze-4d-maquina-de-haze\/#primaryimage","url":"https:\/\/comuna.pt\/wp-content\/uploads\/2023\/06\/423442fdvd-1.jpg","contentUrl":"https:\/\/comuna.pt\/wp-content\/uploads\/2023\/06\/423442fdvd-1.jpg","width":500,"height":500},{"@type":"BreadcrumbList","@id":"https:\/\/comuna.pt\/pt-pt\/product\/chauvet-dj-hurricane-haze-4d-maquina-de-haze\/#breadcrumb","itemListElement":[{"@type":"ListItem","position":1,"name":"Home","item":"https:\/\/comuna.pt\/pt-pt\/"},{"@type":"ListItem","position":2,"name":"Produtos"},{"@type":"ListItem","position":3,"name":"Acess\u00f3rios","item":"https:\/\/comuna.pt\/pt-pt\/Categoria\/acessorios\/"},{"@type":"ListItem","position":4,"name":"CHAUVET DJ Hurricane Haze 4D &#8211; M\u00e1quina de Haze"}]},{"@type":"WebSite","@id":"https:\/\/comuna.pt\/pt-pt\/#website","url":"https:\/\/comuna.pt\/pt-pt\/","name":"Comuna Rental House","description":"Photo studios, Podcast &amp; Equipment Rental","publisher":{"@id":"https:\/\/comuna.pt\/pt-pt\/#organization"},"alternateName":"Comuna Filmmaking Equipment Rental","potentialAction":[{"@type":"SearchAction","target":{"@type":"EntryPoint","urlTemplate":"https:\/\/comuna.pt\/pt-pt\/?s={search_term_string}"},"query-input":{"@type":"PropertyValueSpecification","valueRequired":true,"valueName":"search_term_string"}}],"inLanguage":"pt-PT"},{"@type":"Organization","@id":"https:\/\/comuna.pt\/pt-pt\/#organization","name":"Comuna Rental House","url":"https:\/\/comuna.pt\/pt-pt\/","logo":{"@type":"ImageObject","inLanguage":"pt-PT","@id":"https:\/\/comuna.pt\/pt-pt\/#\/schema\/logo\/image\/","url":"https:\/\/comuna.pt\/wp-content\/uploads\/2024\/03\/comuna_logo_website.png","contentUrl":"https:\/\/comuna.pt\/wp-content\/uploads\/2024\/03\/comuna_logo_website.png","width":2000,"height":262,"caption":"Comuna Rental House"},"image":{"@id":"https:\/\/comuna.pt\/pt-pt\/#\/schema\/logo\/image\/"},"sameAs":["http:\/\/facebook.com\/comuna.rental","https:\/\/www.instagram.com\/comuna_rental","https:\/\/www.linkedin.com\/company\/96410498"]}]},"product_price_amount":"34.00","product_price_currency":"EUR","og_availability":"instock","product_availability":"instock","product_condition":"new"},"_links":{"self":[{"href":"https:\/\/comuna.pt\/pt-pt\/wp-json\/wp\/v2\/product\/20890","targetHints":{"allow":["GET"]}}],"collection":[{"href":"https:\/\/comuna.pt\/pt-pt\/wp-json\/wp\/v2\/product"}],"about":[{"href":"https:\/\/comuna.pt\/pt-pt\/wp-json\/wp\/v2\/types\/product"}],"version-history":[{"count":20,"href":"https:\/\/comuna.pt\/pt-pt\/wp-json\/wp\/v2\/product\/20890\/revisions"}],"predecessor-version":[{"id":21372,"href":"https:\/\/comuna.pt\/pt-pt\/wp-json\/wp\/v2\/product\/20890\/revisions\/21372"}],"wp:featuredmedia":[{"embeddable":true,"href":"https:\/\/comuna.pt\/pt-pt\/wp-json\/wp\/v2\/media\/20891"}],"wp:attachment":[{"href":"https:\/\/comuna.pt\/pt-pt\/wp-json\/wp\/v2\/media?parent=20890"}],"wp:term":[{"taxonomy":"product_brand","embeddable":true,"href":"https:\/\/comuna.pt\/pt-pt\/wp-json\/wp\/v2\/product_brand?post=20890"},{"taxonomy":"product_cat","embeddable":true,"href":"https:\/\/comuna.pt\/pt-pt\/wp-json\/wp\/v2\/product_cat?post=20890"},{"taxonomy":"product_tag","embeddable":true,"href":"https:\/\/comuna.pt\/pt-pt\/wp-json\/wp\/v2\/product_tag?post=20890"}],"curies":[{"name":"wp","href":"https:\/\/api.w.org\/{rel}","templated":true}]}}