{"id":20624,"date":"2023-06-23T11:46:22","date_gmt":"2023-06-23T10:46:22","guid":{"rendered":"https:\/\/comuna.pt\/product\/lente-sony-fe-14-24mm-f-2-8-sigma-art\/"},"modified":"2026-02-19T19:05:31","modified_gmt":"2026-02-19T19:05:31","slug":"lente-sony-fe-14-24mm-f-2-8-sigma-art","status":"publish","type":"product","link":"https:\/\/comuna.pt\/pt-pt\/product\/lente-sony-fe-14-24mm-f-2-8-sigma-art\/","title":{"rendered":"Lente Sony FE 14-24mm f\/2.8 Sigma Art"},"content":{"rendered":"<p data-start=\"202\" data-end=\"539\"><div class=\"booqable-product-button\" data-id=\"sony-fe-14-24mm-f-2-8-sigma-art\"><\/div><\/p>\n<p data-start=\"202\" data-end=\"539\">Descubra uma performance grande angular inigual\u00e1vel com a lente Sigma 14-24mm f\/2.8 DG DN Art, concebida especificamente para c\u00e2maras mirrorless full-frame da Sony (montagem E-mount). Esta lente de n\u00edvel profissional combina uma vers\u00e1til gama de zoom ultra grande angular com uma abertura luminosa de f\/2.8, proporcionando uma nitidez impressionante e capacidade em baixa luminosidade em todo o enquadramento.<\/p>\n<p data-start=\"541\" data-end=\"558\"><strong data-start=\"541\" data-end=\"558\">Caracter\u00edsticas Principais:<\/strong><\/p>\n<ul data-start=\"560\" data-end=\"1406\">\n<li data-start=\"560\" data-end=\"690\"><strong>Qualidade de Imagem Excecional:<\/strong> O design \u00f3tico avan\u00e7ado minimiza a distor\u00e7\u00e3o e as aberra\u00e7\u00f5es crom\u00e1ticas para uma clareza de ponta a ponta.<\/li>\n<li data-start=\"692\" data-end=\"839\"><strong>Abertura Constante de f\/2.8:<\/strong> Proporciona configura\u00e7\u00f5es de exposi\u00e7\u00e3o consistentes e um belo desfoque de fundo (bokeh) em toda a amplitude de zoom.<\/li>\n<li data-start=\"841\" data-end=\"968\"><strong>Autofocus R\u00e1pido e Preciso:<\/strong> O motor passo a passo (stepping motor) garante um autofocus r\u00e1pido, silencioso e altamente preciso, perfeito tanto para fotografia como para v\u00eddeo.<\/li>\n<li data-start=\"970\" data-end=\"1083\"><strong>Constru\u00e7\u00e3o Robusta:<\/strong> A constru\u00e7\u00e3o resistente ao p\u00f3 e a salpicos garante fiabilidade em ambientes de filmagem desafiantes.<\/li>\n<li data-start=\"1085\" data-end=\"1173\"><strong>Suporte para Filtro Traseiro:<\/strong> Suporta de forma conveniente filtros de gelatina traseiros para flexibilidade criativa.<\/li>\n<li data-start=\"1175\" data-end=\"1255\"><strong>Ideal Para:<\/strong> Paisagem, arquitetura, astrofotografia e planos de interiores.<\/li>\n<li data-start=\"1257\" data-end=\"1406\"><strong>Compat\u00edvel Com:<\/strong> C\u00e2maras da s\u00e9rie Alpha da Sony (ex: s\u00e9rie A7, A9, FX3) e ideal para utiliza\u00e7\u00e3o com gimbals devido ao seu design equilibrado.<\/li>\n<\/ul>\n<p>Alugue a lente Sigma 14-24mm f\/2.8 DG DN Art para Sony E-mount para captar cenas amplas com um detalhe de cortar a respira\u00e7\u00e3o. Dispon\u00edvel agora na nossa rental house em Lisboa!<\/p>\n","protected":false},"excerpt":{"rendered":"<p>Descubra uma performance grande angular inigual\u00e1vel com a lente Sigma 14-24mm f\/2.8 DG DN Art, concebida especificamente para c\u00e2maras mirrorless full-frame da Sony (montagem E-mount). Esta lente de n\u00edvel profissional combina uma vers\u00e1til gama de zoom ultra grande angular com uma abertura luminosa de f\/2.8, proporcionando uma nitidez impressionante e capacidade em baixa luminosidade em [&hellip;]<\/p>\n","protected":false},"featured_media":20625,"template":"","meta":[],"product_brand":[],"product_cat":[805658],"product_tag":[],"class_list":{"0":"post-20624","1":"product","2":"type-product","3":"status-publish","4":"has-post-thumbnail","6":"product_cat-lens","8":"first","9":"instock","10":"taxable","11":"shipping-taxable","12":"purchasable","13":"product-type-simple"},"yoast_head":"<!-- This site is optimized with the Yoast SEO Premium plugin v27.4 (Yoast SEO v27.5) - https:\/\/yoast.com\/product\/yoast-seo-premium-wordpress\/ -->\n<title>Lente Sony FE 14-24mm f\/2.8 Sigma Art | Comuna Studios &amp; Equipment Rental<\/title>\n<meta name=\"robots\" content=\"index, follow, max-snippet:-1, max-image-preview:large, max-video-preview:-1\" \/>\n<link rel=\"canonical\" href=\"https:\/\/comuna.pt\/pt-pt\/product\/lente-sony-fe-14-24mm-f-2-8-sigma-art\/\" \/>\n<meta property=\"og:locale\" content=\"pt_PT\" \/>\n<meta property=\"og:type\" content=\"article\" \/>\n<meta property=\"og:title\" content=\"Lente Sony FE 14-24mm f\/2.8 Sigma Art\" \/>\n<meta property=\"og:description\" content=\"Descubra uma performance grande angular inigual\u00e1vel com a lente Sigma 14-24mm f\/2.8 DG DN Art, concebida especificamente para c\u00e2maras mirrorless full-frame da Sony (montagem E-mount). Esta lente de n\u00edvel profissional combina uma vers\u00e1til gama de zoom ultra grande angular com uma abertura luminosa de f\/2.8, proporcionando uma nitidez impressionante e capacidade em baixa luminosidade em [&hellip;]\" \/>\n<meta property=\"og:url\" content=\"https:\/\/comuna.pt\/pt-pt\/product\/lente-sony-fe-14-24mm-f-2-8-sigma-art\/\" \/>\n<meta property=\"og:site_name\" content=\"Comuna Studios &amp; Equipment Rental\" \/>\n<meta property=\"article:publisher\" content=\"http:\/\/facebook.com\/comuna.rental\" \/>\n<meta property=\"article:modified_time\" content=\"2026-02-19T19:05:31+00:00\" \/>\n<meta property=\"og:image\" content=\"https:\/\/comuna.pt\/wp-content\/uploads\/2023\/06\/1414mm-produktopname.jpg\" \/>\n\t<meta property=\"og:image:width\" content=\"500\" \/>\n\t<meta property=\"og:image:height\" content=\"500\" \/>\n\t<meta property=\"og:image:type\" content=\"image\/jpeg\" \/>\n<meta name=\"twitter:card\" content=\"summary_large_image\" \/>\n<meta name=\"twitter:label1\" content=\"pre\u00e7o\" \/>\n\t<meta name=\"twitter:data1\" content=\"&euro;55,00 + 23% VAT\" \/>\n\t<meta name=\"twitter:label2\" content=\"Disponibilidade\" \/>\n\t<meta name=\"twitter:data2\" content=\"Em stock\" \/>\n<script type=\"application\/ld+json\" class=\"yoast-schema-graph\">{\"@context\":\"https:\\\/\\\/schema.org\",\"@graph\":[{\"@type\":[\"WebPage\",\"ItemPage\"],\"@id\":\"https:\\\/\\\/comuna.pt\\\/pt-pt\\\/product\\\/lente-sony-fe-14-24mm-f-2-8-sigma-art\\\/\",\"url\":\"https:\\\/\\\/comuna.pt\\\/pt-pt\\\/product\\\/lente-sony-fe-14-24mm-f-2-8-sigma-art\\\/\",\"name\":\"Lente Sony FE 14-24mm f\\\/2.8 Sigma Art | Comuna Studios &amp; Equipment Rental\",\"isPartOf\":{\"@id\":\"https:\\\/\\\/comuna.pt\\\/pt-pt\\\/#website\"},\"primaryImageOfPage\":{\"@id\":\"https:\\\/\\\/comuna.pt\\\/pt-pt\\\/product\\\/lente-sony-fe-14-24mm-f-2-8-sigma-art\\\/#primaryimage\"},\"image\":{\"@id\":\"https:\\\/\\\/comuna.pt\\\/pt-pt\\\/product\\\/lente-sony-fe-14-24mm-f-2-8-sigma-art\\\/#primaryimage\"},\"thumbnailUrl\":\"https:\\\/\\\/comuna.pt\\\/wp-content\\\/uploads\\\/2023\\\/06\\\/1414mm-produktopname.jpg\",\"datePublished\":\"2023-06-23T10:46:22+00:00\",\"dateModified\":\"2026-02-19T19:05:31+00:00\",\"breadcrumb\":{\"@id\":\"https:\\\/\\\/comuna.pt\\\/pt-pt\\\/product\\\/lente-sony-fe-14-24mm-f-2-8-sigma-art\\\/#breadcrumb\"},\"inLanguage\":\"pt-PT\",\"potentialAction\":[{\"@type\":\"ReadAction\",\"target\":[\"https:\\\/\\\/comuna.pt\\\/pt-pt\\\/product\\\/lente-sony-fe-14-24mm-f-2-8-sigma-art\\\/\"]}]},{\"@type\":\"ImageObject\",\"inLanguage\":\"pt-PT\",\"@id\":\"https:\\\/\\\/comuna.pt\\\/pt-pt\\\/product\\\/lente-sony-fe-14-24mm-f-2-8-sigma-art\\\/#primaryimage\",\"url\":\"https:\\\/\\\/comuna.pt\\\/wp-content\\\/uploads\\\/2023\\\/06\\\/1414mm-produktopname.jpg\",\"contentUrl\":\"https:\\\/\\\/comuna.pt\\\/wp-content\\\/uploads\\\/2023\\\/06\\\/1414mm-produktopname.jpg\",\"width\":500,\"height\":500},{\"@type\":\"BreadcrumbList\",\"@id\":\"https:\\\/\\\/comuna.pt\\\/pt-pt\\\/product\\\/lente-sony-fe-14-24mm-f-2-8-sigma-art\\\/#breadcrumb\",\"itemListElement\":[{\"@type\":\"ListItem\",\"position\":1,\"name\":\"Home\",\"item\":\"https:\\\/\\\/comuna.pt\\\/pt-pt\\\/\"},{\"@type\":\"ListItem\",\"position\":2,\"name\":\"Produtos\"},{\"@type\":\"ListItem\",\"position\":3,\"name\":\"Objetivas\",\"item\":\"https:\\\/\\\/comuna.pt\\\/pt-pt\\\/Categoria\\\/objetivas\\\/\"},{\"@type\":\"ListItem\",\"position\":4,\"name\":\"Lente Sony FE 14-24mm f\\\/2.8 Sigma Art\"}]},{\"@type\":\"WebSite\",\"@id\":\"https:\\\/\\\/comuna.pt\\\/pt-pt\\\/#website\",\"url\":\"https:\\\/\\\/comuna.pt\\\/pt-pt\\\/\",\"name\":\"Comuna Rental House\",\"description\":\"Photo studios, Podcast &amp; Equipment Rental\",\"publisher\":{\"@id\":\"https:\\\/\\\/comuna.pt\\\/pt-pt\\\/#organization\"},\"alternateName\":\"Comuna Filmmaking Equipment Rental\",\"potentialAction\":[{\"@type\":\"SearchAction\",\"target\":{\"@type\":\"EntryPoint\",\"urlTemplate\":\"https:\\\/\\\/comuna.pt\\\/pt-pt\\\/?s={search_term_string}\"},\"query-input\":{\"@type\":\"PropertyValueSpecification\",\"valueRequired\":true,\"valueName\":\"search_term_string\"}}],\"inLanguage\":\"pt-PT\"},{\"@type\":\"Organization\",\"@id\":\"https:\\\/\\\/comuna.pt\\\/pt-pt\\\/#organization\",\"name\":\"Comuna Rental House\",\"url\":\"https:\\\/\\\/comuna.pt\\\/pt-pt\\\/\",\"logo\":{\"@type\":\"ImageObject\",\"inLanguage\":\"pt-PT\",\"@id\":\"https:\\\/\\\/comuna.pt\\\/pt-pt\\\/#\\\/schema\\\/logo\\\/image\\\/\",\"url\":\"https:\\\/\\\/comuna.pt\\\/wp-content\\\/uploads\\\/2024\\\/03\\\/comuna_logo_website.png\",\"contentUrl\":\"https:\\\/\\\/comuna.pt\\\/wp-content\\\/uploads\\\/2024\\\/03\\\/comuna_logo_website.png\",\"width\":2000,\"height\":262,\"caption\":\"Comuna Rental House\"},\"image\":{\"@id\":\"https:\\\/\\\/comuna.pt\\\/pt-pt\\\/#\\\/schema\\\/logo\\\/image\\\/\"},\"sameAs\":[\"http:\\\/\\\/facebook.com\\\/comuna.rental\",\"https:\\\/\\\/www.instagram.com\\\/comuna_rental\",\"https:\\\/\\\/www.linkedin.com\\\/company\\\/96410498\"]}]}<\/script>\n<meta property=\"product:price:amount\" content=\"55.00\" \/>\n<meta property=\"product:price:currency\" content=\"EUR\" \/>\n<meta property=\"og:availability\" content=\"instock\" \/>\n<meta property=\"product:availability\" content=\"instock\" \/>\n<meta property=\"product:condition\" content=\"new\" \/>\n<!-- \/ Yoast SEO Premium plugin. -->","yoast_head_json":{"title":"Lente Sony FE 14-24mm f\/2.8 Sigma Art | Comuna Studios &amp; Equipment Rental","robots":{"index":"index","follow":"follow","max-snippet":"max-snippet:-1","max-image-preview":"max-image-preview:large","max-video-preview":"max-video-preview:-1"},"canonical":"https:\/\/comuna.pt\/pt-pt\/product\/lente-sony-fe-14-24mm-f-2-8-sigma-art\/","og_locale":"pt_PT","og_type":"article","og_title":"Lente Sony FE 14-24mm f\/2.8 Sigma Art","og_description":"Descubra uma performance grande angular inigual\u00e1vel com a lente Sigma 14-24mm f\/2.8 DG DN Art, concebida especificamente para c\u00e2maras mirrorless full-frame da Sony (montagem E-mount). Esta lente de n\u00edvel profissional combina uma vers\u00e1til gama de zoom ultra grande angular com uma abertura luminosa de f\/2.8, proporcionando uma nitidez impressionante e capacidade em baixa luminosidade em [&hellip;]","og_url":"https:\/\/comuna.pt\/pt-pt\/product\/lente-sony-fe-14-24mm-f-2-8-sigma-art\/","og_site_name":"Comuna Studios &amp; Equipment Rental","article_publisher":"http:\/\/facebook.com\/comuna.rental","article_modified_time":"2026-02-19T19:05:31+00:00","og_image":[{"width":500,"height":500,"url":"https:\/\/comuna.pt\/wp-content\/uploads\/2023\/06\/1414mm-produktopname.jpg","type":"image\/jpeg"}],"twitter_card":"summary_large_image","twitter_misc":{"pre\u00e7o":"&euro;55,00 + 23% VAT","Disponibilidade":"Em stock"},"schema":{"@context":"https:\/\/schema.org","@graph":[{"@type":["WebPage","ItemPage"],"@id":"https:\/\/comuna.pt\/pt-pt\/product\/lente-sony-fe-14-24mm-f-2-8-sigma-art\/","url":"https:\/\/comuna.pt\/pt-pt\/product\/lente-sony-fe-14-24mm-f-2-8-sigma-art\/","name":"Lente Sony FE 14-24mm f\/2.8 Sigma Art | Comuna Studios &amp; Equipment Rental","isPartOf":{"@id":"https:\/\/comuna.pt\/pt-pt\/#website"},"primaryImageOfPage":{"@id":"https:\/\/comuna.pt\/pt-pt\/product\/lente-sony-fe-14-24mm-f-2-8-sigma-art\/#primaryimage"},"image":{"@id":"https:\/\/comuna.pt\/pt-pt\/product\/lente-sony-fe-14-24mm-f-2-8-sigma-art\/#primaryimage"},"thumbnailUrl":"https:\/\/comuna.pt\/wp-content\/uploads\/2023\/06\/1414mm-produktopname.jpg","datePublished":"2023-06-23T10:46:22+00:00","dateModified":"2026-02-19T19:05:31+00:00","breadcrumb":{"@id":"https:\/\/comuna.pt\/pt-pt\/product\/lente-sony-fe-14-24mm-f-2-8-sigma-art\/#breadcrumb"},"inLanguage":"pt-PT","potentialAction":[{"@type":"ReadAction","target":["https:\/\/comuna.pt\/pt-pt\/product\/lente-sony-fe-14-24mm-f-2-8-sigma-art\/"]}]},{"@type":"ImageObject","inLanguage":"pt-PT","@id":"https:\/\/comuna.pt\/pt-pt\/product\/lente-sony-fe-14-24mm-f-2-8-sigma-art\/#primaryimage","url":"https:\/\/comuna.pt\/wp-content\/uploads\/2023\/06\/1414mm-produktopname.jpg","contentUrl":"https:\/\/comuna.pt\/wp-content\/uploads\/2023\/06\/1414mm-produktopname.jpg","width":500,"height":500},{"@type":"BreadcrumbList","@id":"https:\/\/comuna.pt\/pt-pt\/product\/lente-sony-fe-14-24mm-f-2-8-sigma-art\/#breadcrumb","itemListElement":[{"@type":"ListItem","position":1,"name":"Home","item":"https:\/\/comuna.pt\/pt-pt\/"},{"@type":"ListItem","position":2,"name":"Produtos"},{"@type":"ListItem","position":3,"name":"Objetivas","item":"https:\/\/comuna.pt\/pt-pt\/Categoria\/objetivas\/"},{"@type":"ListItem","position":4,"name":"Lente Sony FE 14-24mm f\/2.8 Sigma Art"}]},{"@type":"WebSite","@id":"https:\/\/comuna.pt\/pt-pt\/#website","url":"https:\/\/comuna.pt\/pt-pt\/","name":"Comuna Rental House","description":"Photo studios, Podcast &amp; Equipment Rental","publisher":{"@id":"https:\/\/comuna.pt\/pt-pt\/#organization"},"alternateName":"Comuna Filmmaking Equipment Rental","potentialAction":[{"@type":"SearchAction","target":{"@type":"EntryPoint","urlTemplate":"https:\/\/comuna.pt\/pt-pt\/?s={search_term_string}"},"query-input":{"@type":"PropertyValueSpecification","valueRequired":true,"valueName":"search_term_string"}}],"inLanguage":"pt-PT"},{"@type":"Organization","@id":"https:\/\/comuna.pt\/pt-pt\/#organization","name":"Comuna Rental House","url":"https:\/\/comuna.pt\/pt-pt\/","logo":{"@type":"ImageObject","inLanguage":"pt-PT","@id":"https:\/\/comuna.pt\/pt-pt\/#\/schema\/logo\/image\/","url":"https:\/\/comuna.pt\/wp-content\/uploads\/2024\/03\/comuna_logo_website.png","contentUrl":"https:\/\/comuna.pt\/wp-content\/uploads\/2024\/03\/comuna_logo_website.png","width":2000,"height":262,"caption":"Comuna Rental House"},"image":{"@id":"https:\/\/comuna.pt\/pt-pt\/#\/schema\/logo\/image\/"},"sameAs":["http:\/\/facebook.com\/comuna.rental","https:\/\/www.instagram.com\/comuna_rental","https:\/\/www.linkedin.com\/company\/96410498"]}]},"product_price_amount":"55.00","product_price_currency":"EUR","og_availability":"instock","product_availability":"instock","product_condition":"new"},"_links":{"self":[{"href":"https:\/\/comuna.pt\/pt-pt\/wp-json\/wp\/v2\/product\/20624","targetHints":{"allow":["GET"]}}],"collection":[{"href":"https:\/\/comuna.pt\/pt-pt\/wp-json\/wp\/v2\/product"}],"about":[{"href":"https:\/\/comuna.pt\/pt-pt\/wp-json\/wp\/v2\/types\/product"}],"version-history":[{"count":1,"href":"https:\/\/comuna.pt\/pt-pt\/wp-json\/wp\/v2\/product\/20624\/revisions"}],"predecessor-version":[{"id":20628,"href":"https:\/\/comuna.pt\/pt-pt\/wp-json\/wp\/v2\/product\/20624\/revisions\/20628"}],"wp:featuredmedia":[{"embeddable":true,"href":"https:\/\/comuna.pt\/pt-pt\/wp-json\/wp\/v2\/media\/20625"}],"wp:attachment":[{"href":"https:\/\/comuna.pt\/pt-pt\/wp-json\/wp\/v2\/media?parent=20624"}],"wp:term":[{"taxonomy":"product_brand","embeddable":true,"href":"https:\/\/comuna.pt\/pt-pt\/wp-json\/wp\/v2\/product_brand?post=20624"},{"taxonomy":"product_cat","embeddable":true,"href":"https:\/\/comuna.pt\/pt-pt\/wp-json\/wp\/v2\/product_cat?post=20624"},{"taxonomy":"product_tag","embeddable":true,"href":"https:\/\/comuna.pt\/pt-pt\/wp-json\/wp\/v2\/product_tag?post=20624"}],"curies":[{"name":"wp","href":"https:\/\/api.w.org\/{rel}","templated":true}]}}