{"id":20401,"date":"2023-06-23T12:15:49","date_gmt":"2023-06-23T11:15:49","guid":{"rendered":"https:\/\/comuna.pt\/product\/adaptador-inteligente-metabones-de-lente-canon-ef-ef-s-para-montagem-sony-e-mount-t\/"},"modified":"2026-02-19T19:02:48","modified_gmt":"2026-02-19T19:02:48","slug":"adaptador-inteligente-metabones-de-lente-canon-ef-ef-s-para-montagem-sony-e-mount-t","status":"publish","type":"product","link":"https:\/\/comuna.pt\/pt-pt\/product\/adaptador-inteligente-metabones-de-lente-canon-ef-ef-s-para-montagem-sony-e-mount-t\/","title":{"rendered":"Adaptador Inteligente Metabones de Lente Canon EF\/EF-S para Montagem Sony E-Mount T"},"content":{"rendered":"<div class=\"booqable-product-button\" data-id=\"metabones-canon-ef-ef-s-lens-to-sony-e-mount-t-smart-adapter\"><\/div>\n<hr data-start=\"75\" data-end=\"78\" \/>\n<p data-start=\"80\" data-end=\"1191\">O Adaptador Inteligente Metabones de Canon EF\/EF-S para Sony E Mount T permite que fot\u00f3grafos e vide\u00f3grafos utilizem as suas lentes Canon EF e EF-S de forma perfeita nas c\u00e2maras mirrorless da Sony com montagem E-mount. Ao oferecer comunica\u00e7\u00e3o eletr\u00f3nica completa, suporta autofocus, controlo de abertura, metadados EXIF e estabiliza\u00e7\u00e3o de lente (quando aplic\u00e1vel), preservando a funcionalidade das lentes DSLR nos corpos mirrorless modernos. Compat\u00edvel com c\u00e2maras Sony full-frame e APS-C, proporciona flexibilidade com estabiliza\u00e7\u00e3o \u00f3tica de imagem e estabiliza\u00e7\u00e3o de imagem no corpo (IBIS), permitindo que qualquer um dos sistemas funcione de forma independente ou em conjunto.<\/p>\n<p>O adaptador tamb\u00e9m suporta transi\u00e7\u00f5es suaves de \u00edris e foco manual eletr\u00f3nico em lentes focus-by-wire. Constru\u00eddo de forma s\u00f3lida, com feltro interno para reduzir reflexos e um p\u00e9 de trip\u00e9 tipo Arca amov\u00edvel, lida facilmente com lentes pesadas. Ideal para fot\u00f3grafos e vide\u00f3grafos que procuram expandir as suas op\u00e7\u00f5es de lentes, este adaptador permite a utiliza\u00e7\u00e3o total das lentes Canon para paisagens, retratos, arquitetura e produ\u00e7\u00e3o de v\u00eddeo, combinando conveni\u00eancia, precis\u00e3o e versatilidade numa solu\u00e7\u00e3o fi\u00e1vel.<\/p>\n","protected":false},"excerpt":{"rendered":"<p>O Adaptador Inteligente Metabones de Canon EF\/EF-S para Sony E Mount T permite que fot\u00f3grafos e vide\u00f3grafos utilizem as suas lentes Canon EF e EF-S de forma perfeita nas c\u00e2maras mirrorless da Sony com montagem E-mount. Ao oferecer comunica\u00e7\u00e3o eletr\u00f3nica completa, suporta autofocus, controlo de abertura, metadados EXIF e estabiliza\u00e7\u00e3o de lente (quando aplic\u00e1vel), preservando [&hellip;]<\/p>\n","protected":false},"featured_media":20402,"template":"","meta":[],"product_brand":[],"product_cat":[805879],"product_tag":[],"class_list":{"0":"post-20401","1":"product","2":"type-product","3":"status-publish","4":"has-post-thumbnail","6":"product_cat-objetivas","8":"first","9":"instock","10":"taxable","11":"shipping-taxable","12":"purchasable","13":"product-type-simple"},"yoast_head":"<!-- This site is optimized with the Yoast SEO Premium plugin v27.3 (Yoast SEO v27.3) - https:\/\/yoast.com\/product\/yoast-seo-premium-wordpress\/ -->\n<title>Adaptador Inteligente Metabones de Lente Canon EF\/EF-S para Montagem Sony E-Mount T | Comuna Studios &amp; Equipment Rental<\/title>\n<meta name=\"robots\" content=\"index, follow, max-snippet:-1, max-image-preview:large, max-video-preview:-1\" \/>\n<link rel=\"canonical\" href=\"https:\/\/comuna.pt\/pt-pt\/product\/adaptador-inteligente-metabones-de-lente-canon-ef-ef-s-para-montagem-sony-e-mount-t\/\" \/>\n<meta property=\"og:locale\" content=\"pt_PT\" \/>\n<meta property=\"og:type\" content=\"article\" \/>\n<meta property=\"og:title\" content=\"Adaptador Inteligente Metabones de Lente Canon EF\/EF-S para Montagem Sony E-Mount T\" \/>\n<meta property=\"og:description\" content=\"O Adaptador Inteligente Metabones de Canon EF\/EF-S para Sony E Mount T permite que fot\u00f3grafos e vide\u00f3grafos utilizem as suas lentes Canon EF e EF-S de forma perfeita nas c\u00e2maras mirrorless da Sony com montagem E-mount. Ao oferecer comunica\u00e7\u00e3o eletr\u00f3nica completa, suporta autofocus, controlo de abertura, metadados EXIF e estabiliza\u00e7\u00e3o de lente (quando aplic\u00e1vel), preservando [&hellip;]\" \/>\n<meta property=\"og:url\" content=\"https:\/\/comuna.pt\/pt-pt\/product\/adaptador-inteligente-metabones-de-lente-canon-ef-ef-s-para-montagem-sony-e-mount-t\/\" \/>\n<meta property=\"og:site_name\" content=\"Comuna Studios &amp; Equipment Rental\" \/>\n<meta property=\"article:publisher\" content=\"http:\/\/facebook.com\/comuna.rental\" \/>\n<meta property=\"article:modified_time\" content=\"2026-02-19T19:02:48+00:00\" \/>\n<meta property=\"og:image\" content=\"https:\/\/comuna.pt\/wp-content\/uploads\/2023\/06\/1493734833_1314043.jpg\" \/>\n\t<meta property=\"og:image:width\" content=\"500\" \/>\n\t<meta property=\"og:image:height\" content=\"500\" \/>\n\t<meta property=\"og:image:type\" content=\"image\/jpeg\" \/>\n<meta name=\"twitter:card\" content=\"summary_large_image\" \/>\n<meta name=\"twitter:label1\" content=\"pre\u00e7o\" \/>\n\t<meta name=\"twitter:data1\" content=\"&euro;20,00 + 23% VAT\" \/>\n\t<meta name=\"twitter:label2\" content=\"Disponibilidade\" \/>\n\t<meta name=\"twitter:data2\" content=\"Em stock\" \/>\n<script type=\"application\/ld+json\" class=\"yoast-schema-graph\">{\"@context\":\"https:\\\/\\\/schema.org\",\"@graph\":[{\"@type\":[\"WebPage\",\"ItemPage\"],\"@id\":\"https:\\\/\\\/comuna.pt\\\/pt-pt\\\/product\\\/adaptador-inteligente-metabones-de-lente-canon-ef-ef-s-para-montagem-sony-e-mount-t\\\/\",\"url\":\"https:\\\/\\\/comuna.pt\\\/pt-pt\\\/product\\\/adaptador-inteligente-metabones-de-lente-canon-ef-ef-s-para-montagem-sony-e-mount-t\\\/\",\"name\":\"Adaptador Inteligente Metabones de Lente Canon EF\\\/EF-S para Montagem Sony E-Mount T | Comuna Studios &amp; Equipment Rental\",\"isPartOf\":{\"@id\":\"https:\\\/\\\/comuna.pt\\\/pt-pt\\\/#website\"},\"primaryImageOfPage\":{\"@id\":\"https:\\\/\\\/comuna.pt\\\/pt-pt\\\/product\\\/adaptador-inteligente-metabones-de-lente-canon-ef-ef-s-para-montagem-sony-e-mount-t\\\/#primaryimage\"},\"image\":{\"@id\":\"https:\\\/\\\/comuna.pt\\\/pt-pt\\\/product\\\/adaptador-inteligente-metabones-de-lente-canon-ef-ef-s-para-montagem-sony-e-mount-t\\\/#primaryimage\"},\"thumbnailUrl\":\"https:\\\/\\\/comuna.pt\\\/wp-content\\\/uploads\\\/2023\\\/06\\\/1493734833_1314043.jpg\",\"datePublished\":\"2023-06-23T11:15:49+00:00\",\"dateModified\":\"2026-02-19T19:02:48+00:00\",\"breadcrumb\":{\"@id\":\"https:\\\/\\\/comuna.pt\\\/pt-pt\\\/product\\\/adaptador-inteligente-metabones-de-lente-canon-ef-ef-s-para-montagem-sony-e-mount-t\\\/#breadcrumb\"},\"inLanguage\":\"pt-PT\",\"potentialAction\":[{\"@type\":\"ReadAction\",\"target\":[\"https:\\\/\\\/comuna.pt\\\/pt-pt\\\/product\\\/adaptador-inteligente-metabones-de-lente-canon-ef-ef-s-para-montagem-sony-e-mount-t\\\/\"]}]},{\"@type\":\"ImageObject\",\"inLanguage\":\"pt-PT\",\"@id\":\"https:\\\/\\\/comuna.pt\\\/pt-pt\\\/product\\\/adaptador-inteligente-metabones-de-lente-canon-ef-ef-s-para-montagem-sony-e-mount-t\\\/#primaryimage\",\"url\":\"https:\\\/\\\/comuna.pt\\\/wp-content\\\/uploads\\\/2023\\\/06\\\/1493734833_1314043.jpg\",\"contentUrl\":\"https:\\\/\\\/comuna.pt\\\/wp-content\\\/uploads\\\/2023\\\/06\\\/1493734833_1314043.jpg\",\"width\":500,\"height\":500},{\"@type\":\"BreadcrumbList\",\"@id\":\"https:\\\/\\\/comuna.pt\\\/pt-pt\\\/product\\\/adaptador-inteligente-metabones-de-lente-canon-ef-ef-s-para-montagem-sony-e-mount-t\\\/#breadcrumb\",\"itemListElement\":[{\"@type\":\"ListItem\",\"position\":1,\"name\":\"Home\",\"item\":\"https:\\\/\\\/comuna.pt\\\/pt-pt\\\/\"},{\"@type\":\"ListItem\",\"position\":2,\"name\":\"Produtos\"},{\"@type\":\"ListItem\",\"position\":3,\"name\":\"Adaptador Inteligente Metabones de Lente Canon EF\\\/EF-S para Montagem Sony E-Mount T\"}]},{\"@type\":\"WebSite\",\"@id\":\"https:\\\/\\\/comuna.pt\\\/pt-pt\\\/#website\",\"url\":\"https:\\\/\\\/comuna.pt\\\/pt-pt\\\/\",\"name\":\"Comuna Rental House\",\"description\":\"Photo studios, Podcast &amp; Equipment Rental\",\"publisher\":{\"@id\":\"https:\\\/\\\/comuna.pt\\\/pt-pt\\\/#organization\"},\"alternateName\":\"Comuna Filmmaking Equipment Rental\",\"potentialAction\":[{\"@type\":\"SearchAction\",\"target\":{\"@type\":\"EntryPoint\",\"urlTemplate\":\"https:\\\/\\\/comuna.pt\\\/pt-pt\\\/?s={search_term_string}\"},\"query-input\":{\"@type\":\"PropertyValueSpecification\",\"valueRequired\":true,\"valueName\":\"search_term_string\"}}],\"inLanguage\":\"pt-PT\"},{\"@type\":\"Organization\",\"@id\":\"https:\\\/\\\/comuna.pt\\\/pt-pt\\\/#organization\",\"name\":\"Comuna Rental House\",\"url\":\"https:\\\/\\\/comuna.pt\\\/pt-pt\\\/\",\"logo\":{\"@type\":\"ImageObject\",\"inLanguage\":\"pt-PT\",\"@id\":\"https:\\\/\\\/comuna.pt\\\/pt-pt\\\/#\\\/schema\\\/logo\\\/image\\\/\",\"url\":\"https:\\\/\\\/comuna.pt\\\/wp-content\\\/uploads\\\/2024\\\/03\\\/comuna_logo_website.png\",\"contentUrl\":\"https:\\\/\\\/comuna.pt\\\/wp-content\\\/uploads\\\/2024\\\/03\\\/comuna_logo_website.png\",\"width\":2000,\"height\":262,\"caption\":\"Comuna Rental House\"},\"image\":{\"@id\":\"https:\\\/\\\/comuna.pt\\\/pt-pt\\\/#\\\/schema\\\/logo\\\/image\\\/\"},\"sameAs\":[\"http:\\\/\\\/facebook.com\\\/comuna.rental\",\"https:\\\/\\\/www.instagram.com\\\/comuna_rental\",\"https:\\\/\\\/www.linkedin.com\\\/company\\\/96410498\"]}]}<\/script>\n<meta property=\"product:price:amount\" content=\"20.00\" \/>\n<meta property=\"product:price:currency\" content=\"EUR\" \/>\n<meta property=\"og:availability\" content=\"instock\" \/>\n<meta property=\"product:availability\" content=\"instock\" \/>\n<meta property=\"product:condition\" content=\"new\" \/>\n<!-- \/ Yoast SEO Premium plugin. -->","yoast_head_json":{"title":"Adaptador Inteligente Metabones de Lente Canon EF\/EF-S para Montagem Sony E-Mount T | Comuna Studios &amp; Equipment Rental","robots":{"index":"index","follow":"follow","max-snippet":"max-snippet:-1","max-image-preview":"max-image-preview:large","max-video-preview":"max-video-preview:-1"},"canonical":"https:\/\/comuna.pt\/pt-pt\/product\/adaptador-inteligente-metabones-de-lente-canon-ef-ef-s-para-montagem-sony-e-mount-t\/","og_locale":"pt_PT","og_type":"article","og_title":"Adaptador Inteligente Metabones de Lente Canon EF\/EF-S para Montagem Sony E-Mount T","og_description":"O Adaptador Inteligente Metabones de Canon EF\/EF-S para Sony E Mount T permite que fot\u00f3grafos e vide\u00f3grafos utilizem as suas lentes Canon EF e EF-S de forma perfeita nas c\u00e2maras mirrorless da Sony com montagem E-mount. Ao oferecer comunica\u00e7\u00e3o eletr\u00f3nica completa, suporta autofocus, controlo de abertura, metadados EXIF e estabiliza\u00e7\u00e3o de lente (quando aplic\u00e1vel), preservando [&hellip;]","og_url":"https:\/\/comuna.pt\/pt-pt\/product\/adaptador-inteligente-metabones-de-lente-canon-ef-ef-s-para-montagem-sony-e-mount-t\/","og_site_name":"Comuna Studios &amp; Equipment Rental","article_publisher":"http:\/\/facebook.com\/comuna.rental","article_modified_time":"2026-02-19T19:02:48+00:00","og_image":[{"width":500,"height":500,"url":"https:\/\/comuna.pt\/wp-content\/uploads\/2023\/06\/1493734833_1314043.jpg","type":"image\/jpeg"}],"twitter_card":"summary_large_image","twitter_misc":{"pre\u00e7o":"&euro;20,00 + 23% VAT","Disponibilidade":"Em stock"},"schema":{"@context":"https:\/\/schema.org","@graph":[{"@type":["WebPage","ItemPage"],"@id":"https:\/\/comuna.pt\/pt-pt\/product\/adaptador-inteligente-metabones-de-lente-canon-ef-ef-s-para-montagem-sony-e-mount-t\/","url":"https:\/\/comuna.pt\/pt-pt\/product\/adaptador-inteligente-metabones-de-lente-canon-ef-ef-s-para-montagem-sony-e-mount-t\/","name":"Adaptador Inteligente Metabones de Lente Canon EF\/EF-S para Montagem Sony E-Mount T | Comuna Studios &amp; Equipment Rental","isPartOf":{"@id":"https:\/\/comuna.pt\/pt-pt\/#website"},"primaryImageOfPage":{"@id":"https:\/\/comuna.pt\/pt-pt\/product\/adaptador-inteligente-metabones-de-lente-canon-ef-ef-s-para-montagem-sony-e-mount-t\/#primaryimage"},"image":{"@id":"https:\/\/comuna.pt\/pt-pt\/product\/adaptador-inteligente-metabones-de-lente-canon-ef-ef-s-para-montagem-sony-e-mount-t\/#primaryimage"},"thumbnailUrl":"https:\/\/comuna.pt\/wp-content\/uploads\/2023\/06\/1493734833_1314043.jpg","datePublished":"2023-06-23T11:15:49+00:00","dateModified":"2026-02-19T19:02:48+00:00","breadcrumb":{"@id":"https:\/\/comuna.pt\/pt-pt\/product\/adaptador-inteligente-metabones-de-lente-canon-ef-ef-s-para-montagem-sony-e-mount-t\/#breadcrumb"},"inLanguage":"pt-PT","potentialAction":[{"@type":"ReadAction","target":["https:\/\/comuna.pt\/pt-pt\/product\/adaptador-inteligente-metabones-de-lente-canon-ef-ef-s-para-montagem-sony-e-mount-t\/"]}]},{"@type":"ImageObject","inLanguage":"pt-PT","@id":"https:\/\/comuna.pt\/pt-pt\/product\/adaptador-inteligente-metabones-de-lente-canon-ef-ef-s-para-montagem-sony-e-mount-t\/#primaryimage","url":"https:\/\/comuna.pt\/wp-content\/uploads\/2023\/06\/1493734833_1314043.jpg","contentUrl":"https:\/\/comuna.pt\/wp-content\/uploads\/2023\/06\/1493734833_1314043.jpg","width":500,"height":500},{"@type":"BreadcrumbList","@id":"https:\/\/comuna.pt\/pt-pt\/product\/adaptador-inteligente-metabones-de-lente-canon-ef-ef-s-para-montagem-sony-e-mount-t\/#breadcrumb","itemListElement":[{"@type":"ListItem","position":1,"name":"Home","item":"https:\/\/comuna.pt\/pt-pt\/"},{"@type":"ListItem","position":2,"name":"Produtos"},{"@type":"ListItem","position":3,"name":"Adaptador Inteligente Metabones de Lente Canon EF\/EF-S para Montagem Sony E-Mount T"}]},{"@type":"WebSite","@id":"https:\/\/comuna.pt\/pt-pt\/#website","url":"https:\/\/comuna.pt\/pt-pt\/","name":"Comuna Rental House","description":"Photo studios, Podcast &amp; Equipment Rental","publisher":{"@id":"https:\/\/comuna.pt\/pt-pt\/#organization"},"alternateName":"Comuna Filmmaking Equipment Rental","potentialAction":[{"@type":"SearchAction","target":{"@type":"EntryPoint","urlTemplate":"https:\/\/comuna.pt\/pt-pt\/?s={search_term_string}"},"query-input":{"@type":"PropertyValueSpecification","valueRequired":true,"valueName":"search_term_string"}}],"inLanguage":"pt-PT"},{"@type":"Organization","@id":"https:\/\/comuna.pt\/pt-pt\/#organization","name":"Comuna Rental House","url":"https:\/\/comuna.pt\/pt-pt\/","logo":{"@type":"ImageObject","inLanguage":"pt-PT","@id":"https:\/\/comuna.pt\/pt-pt\/#\/schema\/logo\/image\/","url":"https:\/\/comuna.pt\/wp-content\/uploads\/2024\/03\/comuna_logo_website.png","contentUrl":"https:\/\/comuna.pt\/wp-content\/uploads\/2024\/03\/comuna_logo_website.png","width":2000,"height":262,"caption":"Comuna Rental House"},"image":{"@id":"https:\/\/comuna.pt\/pt-pt\/#\/schema\/logo\/image\/"},"sameAs":["http:\/\/facebook.com\/comuna.rental","https:\/\/www.instagram.com\/comuna_rental","https:\/\/www.linkedin.com\/company\/96410498"]}]},"product_price_amount":"20.00","product_price_currency":"EUR","og_availability":"instock","product_availability":"instock","product_condition":"new"},"_links":{"self":[{"href":"https:\/\/comuna.pt\/pt-pt\/wp-json\/wp\/v2\/product\/20401","targetHints":{"allow":["GET"]}}],"collection":[{"href":"https:\/\/comuna.pt\/pt-pt\/wp-json\/wp\/v2\/product"}],"about":[{"href":"https:\/\/comuna.pt\/pt-pt\/wp-json\/wp\/v2\/types\/product"}],"version-history":[{"count":1,"href":"https:\/\/comuna.pt\/pt-pt\/wp-json\/wp\/v2\/product\/20401\/revisions"}],"predecessor-version":[{"id":20407,"href":"https:\/\/comuna.pt\/pt-pt\/wp-json\/wp\/v2\/product\/20401\/revisions\/20407"}],"wp:featuredmedia":[{"embeddable":true,"href":"https:\/\/comuna.pt\/pt-pt\/wp-json\/wp\/v2\/media\/20402"}],"wp:attachment":[{"href":"https:\/\/comuna.pt\/pt-pt\/wp-json\/wp\/v2\/media?parent=20401"}],"wp:term":[{"taxonomy":"product_brand","embeddable":true,"href":"https:\/\/comuna.pt\/pt-pt\/wp-json\/wp\/v2\/product_brand?post=20401"},{"taxonomy":"product_cat","embeddable":true,"href":"https:\/\/comuna.pt\/pt-pt\/wp-json\/wp\/v2\/product_cat?post=20401"},{"taxonomy":"product_tag","embeddable":true,"href":"https:\/\/comuna.pt\/pt-pt\/wp-json\/wp\/v2\/product_tag?post=20401"}],"curies":[{"name":"wp","href":"https:\/\/api.w.org\/{rel}","templated":true}]}}