{"id":20391,"date":"2023-06-23T12:15:49","date_gmt":"2023-06-23T11:15:49","guid":{"rendered":"https:\/\/comuna.pt\/product\/kit-tripe-de-video-manfrotto-mvk500190xv\/"},"modified":"2026-02-19T19:02:48","modified_gmt":"2026-02-19T19:02:48","slug":"kit-tripe-de-video-manfrotto-mvk500190xv","status":"publish","type":"product","link":"https:\/\/comuna.pt\/pt-pt\/product\/kit-tripe-de-video-manfrotto-mvk500190xv\/","title":{"rendered":"Kit Trip\u00e9 de V\u00eddeo Manfrotto MVK500190XV"},"content":{"rendered":"<div class=\"booqable-product-button\" data-id=\"manfrotto-mvk500190xv-video-tripod-kit\"><\/div>\n<p>&#8211; Cabe\u00e7a de V\u00eddeo Fluida de Base Plana (Flat Base Fluid Video Head)<\/p>\n<p>&#8211; Plataforma larga, ideal para DSLRs<\/p>\n<p>&#8211; Capacidade de carga de 5 kg (11 lb)<\/p>\n<p>&#8211; Sistema de bloqueio lateral que permite fixar a sapata da c\u00e2mara a partir de cima<\/p>\n<p>&#8211; Cartuchos fluidos que proporcionam resist\u00eancia para movimentos suaves de pan e tilt<\/p>\n<p>&#8211; Amplitude de inclina\u00e7\u00e3o (tilt) de -70\u00b0 \/ +90\u00b0<\/p>\n<p>&#8211; Rota\u00e7\u00e3o panor\u00e2mica (pan) de 360\u00b0<\/p>\n<p>&#8211; Contrabalan\u00e7o com mola pr\u00e9-ajustado em 2,4 kg (5.3 lb)<\/p>\n<p>&#8211; Rosca de 3\/8&#8243;-16 na lateral para fixa\u00e7\u00e3o de acess\u00f3rios<\/p>\n<p>&#8211; Trip\u00e9 de 2 Sec\u00e7\u00f5es (2-Stage)<\/p>\n<p>&#8211; Tubos das pernas em alum\u00ednio com capacidade de carga de cerca de 7 kg (15.4 lb)<\/p>\n<p>&#8211; Cada perna pode ser ajustada em quatro \u00e2ngulos diferentes para se adaptar a terrenos irregulares ou acidentados<\/p>\n<p>&#8211; O sistema QPL permite que as tr\u00eas sec\u00e7\u00f5es da perna sejam totalmente estendidas com uma m\u00e3o para uma montagem simples<\/p>\n<p>&#8211; Coluna central ajust\u00e1vel verticalmente e totalmente remov\u00edvel com bola de nivelamento de 60 mm<\/p>\n<p>&#8211; Sistema de conectores Easy Link de 3\/8&#8243;-16 com encaixe anti-tor\u00e7\u00e3o integrado nas jun\u00e7\u00f5es das pernas do trip\u00e9<\/p>\n","protected":false},"excerpt":{"rendered":"<p>&#8211; Cabe\u00e7a de V\u00eddeo Fluida de Base Plana (Flat Base Fluid Video Head) &#8211; Plataforma larga, ideal para DSLRs &#8211; Capacidade de carga de 5 kg (11 lb) &#8211; Sistema de bloqueio lateral que permite fixar a sapata da c\u00e2mara a partir de cima &#8211; Cartuchos fluidos que proporcionam resist\u00eancia para movimentos suaves de pan [&hellip;]<\/p>\n","protected":false},"featured_media":20392,"template":"","meta":[],"product_brand":[],"product_cat":[805878],"product_tag":[],"class_list":{"0":"post-20391","1":"product","2":"type-product","3":"status-publish","4":"has-post-thumbnail","6":"product_cat-tripes-e-rigs","8":"first","9":"instock","10":"taxable","11":"shipping-taxable","12":"purchasable","13":"product-type-simple"},"yoast_head":"<!-- This site is optimized with the Yoast SEO Premium plugin v27.4 (Yoast SEO v27.5) - https:\/\/yoast.com\/product\/yoast-seo-premium-wordpress\/ -->\n<title>Kit Trip\u00e9 de V\u00eddeo Manfrotto MVK500190XV | Comuna Studios &amp; Equipment Rental<\/title>\n<meta name=\"robots\" content=\"index, follow, max-snippet:-1, max-image-preview:large, max-video-preview:-1\" \/>\n<link rel=\"canonical\" href=\"https:\/\/comuna.pt\/pt-pt\/product\/kit-tripe-de-video-manfrotto-mvk500190xv\/\" \/>\n<meta property=\"og:locale\" content=\"pt_PT\" \/>\n<meta property=\"og:type\" content=\"article\" \/>\n<meta property=\"og:title\" content=\"Kit Trip\u00e9 de V\u00eddeo Manfrotto MVK500190XV\" \/>\n<meta property=\"og:description\" content=\"&#8211; Cabe\u00e7a de V\u00eddeo Fluida de Base Plana (Flat Base Fluid Video Head) &#8211; Plataforma larga, ideal para DSLRs &#8211; Capacidade de carga de 5 kg (11 lb) &#8211; Sistema de bloqueio lateral que permite fixar a sapata da c\u00e2mara a partir de cima &#8211; Cartuchos fluidos que proporcionam resist\u00eancia para movimentos suaves de pan [&hellip;]\" \/>\n<meta property=\"og:url\" content=\"https:\/\/comuna.pt\/pt-pt\/product\/kit-tripe-de-video-manfrotto-mvk500190xv\/\" \/>\n<meta property=\"og:site_name\" content=\"Comuna Studios &amp; Equipment Rental\" \/>\n<meta property=\"article:publisher\" content=\"http:\/\/facebook.com\/comuna.rental\" \/>\n<meta property=\"article:modified_time\" content=\"2026-02-19T19:02:48+00:00\" \/>\n<meta property=\"og:image\" content=\"https:\/\/comuna.pt\/wp-content\/uploads\/2023\/06\/1544053517_1445359.jpg\" \/>\n\t<meta property=\"og:image:width\" content=\"500\" \/>\n\t<meta property=\"og:image:height\" content=\"500\" \/>\n\t<meta property=\"og:image:type\" content=\"image\/jpeg\" \/>\n<meta name=\"twitter:card\" content=\"summary_large_image\" \/>\n<meta name=\"twitter:label1\" content=\"pre\u00e7o\" \/>\n\t<meta name=\"twitter:data1\" content=\"&euro;23,00 + 23% VAT\" \/>\n\t<meta name=\"twitter:label2\" content=\"Disponibilidade\" \/>\n\t<meta name=\"twitter:data2\" content=\"Em stock\" \/>\n<script type=\"application\/ld+json\" class=\"yoast-schema-graph\">{\"@context\":\"https:\\\/\\\/schema.org\",\"@graph\":[{\"@type\":[\"WebPage\",\"ItemPage\"],\"@id\":\"https:\\\/\\\/comuna.pt\\\/pt-pt\\\/product\\\/kit-tripe-de-video-manfrotto-mvk500190xv\\\/\",\"url\":\"https:\\\/\\\/comuna.pt\\\/pt-pt\\\/product\\\/kit-tripe-de-video-manfrotto-mvk500190xv\\\/\",\"name\":\"Kit Trip\u00e9 de V\u00eddeo Manfrotto MVK500190XV | Comuna Studios &amp; Equipment Rental\",\"isPartOf\":{\"@id\":\"https:\\\/\\\/comuna.pt\\\/pt-pt\\\/#website\"},\"primaryImageOfPage\":{\"@id\":\"https:\\\/\\\/comuna.pt\\\/pt-pt\\\/product\\\/kit-tripe-de-video-manfrotto-mvk500190xv\\\/#primaryimage\"},\"image\":{\"@id\":\"https:\\\/\\\/comuna.pt\\\/pt-pt\\\/product\\\/kit-tripe-de-video-manfrotto-mvk500190xv\\\/#primaryimage\"},\"thumbnailUrl\":\"https:\\\/\\\/comuna.pt\\\/wp-content\\\/uploads\\\/2023\\\/06\\\/1544053517_1445359.jpg\",\"datePublished\":\"2023-06-23T11:15:49+00:00\",\"dateModified\":\"2026-02-19T19:02:48+00:00\",\"breadcrumb\":{\"@id\":\"https:\\\/\\\/comuna.pt\\\/pt-pt\\\/product\\\/kit-tripe-de-video-manfrotto-mvk500190xv\\\/#breadcrumb\"},\"inLanguage\":\"pt-PT\",\"potentialAction\":[{\"@type\":\"ReadAction\",\"target\":[\"https:\\\/\\\/comuna.pt\\\/pt-pt\\\/product\\\/kit-tripe-de-video-manfrotto-mvk500190xv\\\/\"]}]},{\"@type\":\"ImageObject\",\"inLanguage\":\"pt-PT\",\"@id\":\"https:\\\/\\\/comuna.pt\\\/pt-pt\\\/product\\\/kit-tripe-de-video-manfrotto-mvk500190xv\\\/#primaryimage\",\"url\":\"https:\\\/\\\/comuna.pt\\\/wp-content\\\/uploads\\\/2023\\\/06\\\/1544053517_1445359.jpg\",\"contentUrl\":\"https:\\\/\\\/comuna.pt\\\/wp-content\\\/uploads\\\/2023\\\/06\\\/1544053517_1445359.jpg\",\"width\":500,\"height\":500},{\"@type\":\"BreadcrumbList\",\"@id\":\"https:\\\/\\\/comuna.pt\\\/pt-pt\\\/product\\\/kit-tripe-de-video-manfrotto-mvk500190xv\\\/#breadcrumb\",\"itemListElement\":[{\"@type\":\"ListItem\",\"position\":1,\"name\":\"Home\",\"item\":\"https:\\\/\\\/comuna.pt\\\/pt-pt\\\/\"},{\"@type\":\"ListItem\",\"position\":2,\"name\":\"Produtos\"},{\"@type\":\"ListItem\",\"position\":3,\"name\":\"Trip\u00e9s e Rigs\",\"item\":\"https:\\\/\\\/comuna.pt\\\/pt-pt\\\/Categoria\\\/tripes-e-rigs\\\/\"},{\"@type\":\"ListItem\",\"position\":4,\"name\":\"Kit Trip\u00e9 de V\u00eddeo Manfrotto MVK500190XV\"}]},{\"@type\":\"WebSite\",\"@id\":\"https:\\\/\\\/comuna.pt\\\/pt-pt\\\/#website\",\"url\":\"https:\\\/\\\/comuna.pt\\\/pt-pt\\\/\",\"name\":\"Comuna Rental House\",\"description\":\"Photo studios, Podcast &amp; Equipment Rental\",\"publisher\":{\"@id\":\"https:\\\/\\\/comuna.pt\\\/pt-pt\\\/#organization\"},\"alternateName\":\"Comuna Filmmaking Equipment Rental\",\"potentialAction\":[{\"@type\":\"SearchAction\",\"target\":{\"@type\":\"EntryPoint\",\"urlTemplate\":\"https:\\\/\\\/comuna.pt\\\/pt-pt\\\/?s={search_term_string}\"},\"query-input\":{\"@type\":\"PropertyValueSpecification\",\"valueRequired\":true,\"valueName\":\"search_term_string\"}}],\"inLanguage\":\"pt-PT\"},{\"@type\":\"Organization\",\"@id\":\"https:\\\/\\\/comuna.pt\\\/pt-pt\\\/#organization\",\"name\":\"Comuna Rental House\",\"url\":\"https:\\\/\\\/comuna.pt\\\/pt-pt\\\/\",\"logo\":{\"@type\":\"ImageObject\",\"inLanguage\":\"pt-PT\",\"@id\":\"https:\\\/\\\/comuna.pt\\\/pt-pt\\\/#\\\/schema\\\/logo\\\/image\\\/\",\"url\":\"https:\\\/\\\/comuna.pt\\\/wp-content\\\/uploads\\\/2024\\\/03\\\/comuna_logo_website.png\",\"contentUrl\":\"https:\\\/\\\/comuna.pt\\\/wp-content\\\/uploads\\\/2024\\\/03\\\/comuna_logo_website.png\",\"width\":2000,\"height\":262,\"caption\":\"Comuna Rental House\"},\"image\":{\"@id\":\"https:\\\/\\\/comuna.pt\\\/pt-pt\\\/#\\\/schema\\\/logo\\\/image\\\/\"},\"sameAs\":[\"http:\\\/\\\/facebook.com\\\/comuna.rental\",\"https:\\\/\\\/www.instagram.com\\\/comuna_rental\",\"https:\\\/\\\/www.linkedin.com\\\/company\\\/96410498\"]}]}<\/script>\n<meta property=\"product:price:amount\" content=\"23.00\" \/>\n<meta property=\"product:price:currency\" content=\"EUR\" \/>\n<meta property=\"og:availability\" content=\"instock\" \/>\n<meta property=\"product:availability\" content=\"instock\" \/>\n<meta property=\"product:condition\" content=\"new\" \/>\n<!-- \/ Yoast SEO Premium plugin. -->","yoast_head_json":{"title":"Kit Trip\u00e9 de V\u00eddeo Manfrotto MVK500190XV | Comuna Studios &amp; Equipment Rental","robots":{"index":"index","follow":"follow","max-snippet":"max-snippet:-1","max-image-preview":"max-image-preview:large","max-video-preview":"max-video-preview:-1"},"canonical":"https:\/\/comuna.pt\/pt-pt\/product\/kit-tripe-de-video-manfrotto-mvk500190xv\/","og_locale":"pt_PT","og_type":"article","og_title":"Kit Trip\u00e9 de V\u00eddeo Manfrotto MVK500190XV","og_description":"&#8211; Cabe\u00e7a de V\u00eddeo Fluida de Base Plana (Flat Base Fluid Video Head) &#8211; Plataforma larga, ideal para DSLRs &#8211; Capacidade de carga de 5 kg (11 lb) &#8211; Sistema de bloqueio lateral que permite fixar a sapata da c\u00e2mara a partir de cima &#8211; Cartuchos fluidos que proporcionam resist\u00eancia para movimentos suaves de pan [&hellip;]","og_url":"https:\/\/comuna.pt\/pt-pt\/product\/kit-tripe-de-video-manfrotto-mvk500190xv\/","og_site_name":"Comuna Studios &amp; Equipment Rental","article_publisher":"http:\/\/facebook.com\/comuna.rental","article_modified_time":"2026-02-19T19:02:48+00:00","og_image":[{"width":500,"height":500,"url":"https:\/\/comuna.pt\/wp-content\/uploads\/2023\/06\/1544053517_1445359.jpg","type":"image\/jpeg"}],"twitter_card":"summary_large_image","twitter_misc":{"pre\u00e7o":"&euro;23,00 + 23% VAT","Disponibilidade":"Em stock"},"schema":{"@context":"https:\/\/schema.org","@graph":[{"@type":["WebPage","ItemPage"],"@id":"https:\/\/comuna.pt\/pt-pt\/product\/kit-tripe-de-video-manfrotto-mvk500190xv\/","url":"https:\/\/comuna.pt\/pt-pt\/product\/kit-tripe-de-video-manfrotto-mvk500190xv\/","name":"Kit Trip\u00e9 de V\u00eddeo Manfrotto MVK500190XV | Comuna Studios &amp; Equipment Rental","isPartOf":{"@id":"https:\/\/comuna.pt\/pt-pt\/#website"},"primaryImageOfPage":{"@id":"https:\/\/comuna.pt\/pt-pt\/product\/kit-tripe-de-video-manfrotto-mvk500190xv\/#primaryimage"},"image":{"@id":"https:\/\/comuna.pt\/pt-pt\/product\/kit-tripe-de-video-manfrotto-mvk500190xv\/#primaryimage"},"thumbnailUrl":"https:\/\/comuna.pt\/wp-content\/uploads\/2023\/06\/1544053517_1445359.jpg","datePublished":"2023-06-23T11:15:49+00:00","dateModified":"2026-02-19T19:02:48+00:00","breadcrumb":{"@id":"https:\/\/comuna.pt\/pt-pt\/product\/kit-tripe-de-video-manfrotto-mvk500190xv\/#breadcrumb"},"inLanguage":"pt-PT","potentialAction":[{"@type":"ReadAction","target":["https:\/\/comuna.pt\/pt-pt\/product\/kit-tripe-de-video-manfrotto-mvk500190xv\/"]}]},{"@type":"ImageObject","inLanguage":"pt-PT","@id":"https:\/\/comuna.pt\/pt-pt\/product\/kit-tripe-de-video-manfrotto-mvk500190xv\/#primaryimage","url":"https:\/\/comuna.pt\/wp-content\/uploads\/2023\/06\/1544053517_1445359.jpg","contentUrl":"https:\/\/comuna.pt\/wp-content\/uploads\/2023\/06\/1544053517_1445359.jpg","width":500,"height":500},{"@type":"BreadcrumbList","@id":"https:\/\/comuna.pt\/pt-pt\/product\/kit-tripe-de-video-manfrotto-mvk500190xv\/#breadcrumb","itemListElement":[{"@type":"ListItem","position":1,"name":"Home","item":"https:\/\/comuna.pt\/pt-pt\/"},{"@type":"ListItem","position":2,"name":"Produtos"},{"@type":"ListItem","position":3,"name":"Trip\u00e9s e Rigs","item":"https:\/\/comuna.pt\/pt-pt\/Categoria\/tripes-e-rigs\/"},{"@type":"ListItem","position":4,"name":"Kit Trip\u00e9 de V\u00eddeo Manfrotto MVK500190XV"}]},{"@type":"WebSite","@id":"https:\/\/comuna.pt\/pt-pt\/#website","url":"https:\/\/comuna.pt\/pt-pt\/","name":"Comuna Rental House","description":"Photo studios, Podcast &amp; Equipment Rental","publisher":{"@id":"https:\/\/comuna.pt\/pt-pt\/#organization"},"alternateName":"Comuna Filmmaking Equipment Rental","potentialAction":[{"@type":"SearchAction","target":{"@type":"EntryPoint","urlTemplate":"https:\/\/comuna.pt\/pt-pt\/?s={search_term_string}"},"query-input":{"@type":"PropertyValueSpecification","valueRequired":true,"valueName":"search_term_string"}}],"inLanguage":"pt-PT"},{"@type":"Organization","@id":"https:\/\/comuna.pt\/pt-pt\/#organization","name":"Comuna Rental House","url":"https:\/\/comuna.pt\/pt-pt\/","logo":{"@type":"ImageObject","inLanguage":"pt-PT","@id":"https:\/\/comuna.pt\/pt-pt\/#\/schema\/logo\/image\/","url":"https:\/\/comuna.pt\/wp-content\/uploads\/2024\/03\/comuna_logo_website.png","contentUrl":"https:\/\/comuna.pt\/wp-content\/uploads\/2024\/03\/comuna_logo_website.png","width":2000,"height":262,"caption":"Comuna Rental House"},"image":{"@id":"https:\/\/comuna.pt\/pt-pt\/#\/schema\/logo\/image\/"},"sameAs":["http:\/\/facebook.com\/comuna.rental","https:\/\/www.instagram.com\/comuna_rental","https:\/\/www.linkedin.com\/company\/96410498"]}]},"product_price_amount":"23.00","product_price_currency":"EUR","og_availability":"instock","product_availability":"instock","product_condition":"new"},"_links":{"self":[{"href":"https:\/\/comuna.pt\/pt-pt\/wp-json\/wp\/v2\/product\/20391","targetHints":{"allow":["GET"]}}],"collection":[{"href":"https:\/\/comuna.pt\/pt-pt\/wp-json\/wp\/v2\/product"}],"about":[{"href":"https:\/\/comuna.pt\/pt-pt\/wp-json\/wp\/v2\/types\/product"}],"version-history":[{"count":22,"href":"https:\/\/comuna.pt\/pt-pt\/wp-json\/wp\/v2\/product\/20391\/revisions"}],"predecessor-version":[{"id":20492,"href":"https:\/\/comuna.pt\/pt-pt\/wp-json\/wp\/v2\/product\/20391\/revisions\/20492"}],"wp:featuredmedia":[{"embeddable":true,"href":"https:\/\/comuna.pt\/pt-pt\/wp-json\/wp\/v2\/media\/20392"}],"wp:attachment":[{"href":"https:\/\/comuna.pt\/pt-pt\/wp-json\/wp\/v2\/media?parent=20391"}],"wp:term":[{"taxonomy":"product_brand","embeddable":true,"href":"https:\/\/comuna.pt\/pt-pt\/wp-json\/wp\/v2\/product_brand?post=20391"},{"taxonomy":"product_cat","embeddable":true,"href":"https:\/\/comuna.pt\/pt-pt\/wp-json\/wp\/v2\/product_cat?post=20391"},{"taxonomy":"product_tag","embeddable":true,"href":"https:\/\/comuna.pt\/pt-pt\/wp-json\/wp\/v2\/product_tag?post=20391"}],"curies":[{"name":"wp","href":"https:\/\/api.w.org\/{rel}","templated":true}]}}