{"id":20372,"date":"2023-06-23T12:16:32","date_gmt":"2023-06-23T11:16:32","guid":{"rendered":"https:\/\/comuna.pt\/product\/kit-frame-skylite-200-x-200-cm-difusor-refletor\/"},"modified":"2026-02-19T19:01:30","modified_gmt":"2026-02-19T19:01:30","slug":"kit-frame-skylite-200-x-200-cm-difusor-refletor","status":"publish","type":"product","link":"https:\/\/comuna.pt\/pt-pt\/product\/kit-frame-skylite-200-x-200-cm-difusor-refletor\/","title":{"rendered":"Kit Frame Skylite 200 x 200 cm (Difusor\/Refletor)"},"content":{"rendered":"<div class=\"booqable-product-button\" data-id=\"skylite-diffusor-reflector-kit-200-x-200-cm\"><\/div>\n<p>Os pain\u00e9is Skylite s\u00e3o a solu\u00e7\u00e3o de elei\u00e7\u00e3o para os criadores de imagem em exteriores (location) que necessitam de difundir ou refletir a sua fonte de luz nas situa\u00e7\u00f5es mais exigentes. A arma\u00e7\u00e3o r\u00edgida de alum\u00ednio, leve e de montagem r\u00e1pida, oferece a m\u00e1xima estabilidade mesmo em condi\u00e7\u00f5es de vento, enquanto as telas com clip oferecem uma gama completa de superf\u00edcies de difus\u00e3o e reflex\u00e3o.<br \/>\n<b>O que est\u00e1 inclu\u00eddo:<\/b><\/p>\n<ul>\n<li>Refletor Prata\/Branco<\/li>\n<li>Difusor de 1.25 Stops<\/li>\n<li>Saco R\u00edgido Skylight Rapid<\/li>\n<\/ul>\n","protected":false},"excerpt":{"rendered":"<p>Os pain\u00e9is Skylite s\u00e3o a solu\u00e7\u00e3o de elei\u00e7\u00e3o para os criadores de imagem em exteriores (location) que necessitam de difundir ou refletir a sua fonte de luz nas situa\u00e7\u00f5es mais exigentes. A arma\u00e7\u00e3o r\u00edgida de alum\u00ednio, leve e de montagem r\u00e1pida, oferece a m\u00e1xima estabilidade mesmo em condi\u00e7\u00f5es de vento, enquanto as telas com clip [&hellip;]<\/p>\n","protected":false},"featured_media":1351,"template":"","meta":[],"product_brand":[],"product_cat":[805874],"product_tag":[],"class_list":{"0":"post-20372","1":"product","2":"type-product","3":"status-publish","4":"has-post-thumbnail","6":"product_cat-controlo-de-luz","8":"first","9":"instock","10":"taxable","11":"shipping-taxable","12":"purchasable","13":"product-type-simple"},"yoast_head":"<!-- This site is optimized with the Yoast SEO Premium plugin v27.4 (Yoast SEO v27.5) - https:\/\/yoast.com\/product\/yoast-seo-premium-wordpress\/ -->\n<title>Kit Frame Skylite 200 x 200 cm (Difusor\/Refletor) | Comuna Studios &amp; Equipment Rental<\/title>\n<meta name=\"robots\" content=\"index, follow, max-snippet:-1, max-image-preview:large, max-video-preview:-1\" \/>\n<link rel=\"canonical\" href=\"https:\/\/comuna.pt\/pt-pt\/product\/kit-frame-skylite-200-x-200-cm-difusor-refletor\/\" \/>\n<meta property=\"og:locale\" content=\"pt_PT\" \/>\n<meta property=\"og:type\" content=\"article\" \/>\n<meta property=\"og:title\" content=\"Kit Frame Skylite 200 x 200 cm (Difusor\/Refletor)\" \/>\n<meta property=\"og:description\" content=\"Os pain\u00e9is Skylite s\u00e3o a solu\u00e7\u00e3o de elei\u00e7\u00e3o para os criadores de imagem em exteriores (location) que necessitam de difundir ou refletir a sua fonte de luz nas situa\u00e7\u00f5es mais exigentes. A arma\u00e7\u00e3o r\u00edgida de alum\u00ednio, leve e de montagem r\u00e1pida, oferece a m\u00e1xima estabilidade mesmo em condi\u00e7\u00f5es de vento, enquanto as telas com clip [&hellip;]\" \/>\n<meta property=\"og:url\" content=\"https:\/\/comuna.pt\/pt-pt\/product\/kit-frame-skylite-200-x-200-cm-difusor-refletor\/\" \/>\n<meta property=\"og:site_name\" content=\"Comuna Studios &amp; Equipment Rental\" \/>\n<meta property=\"article:publisher\" content=\"http:\/\/facebook.com\/comuna.rental\" \/>\n<meta property=\"article:modified_time\" content=\"2026-02-19T19:01:30+00:00\" \/>\n<meta property=\"og:image\" content=\"https:\/\/comuna.pt\/wp-content\/uploads\/2023\/06\/lastolite-skylite-rapid-large-kit-cena-slovenija-ljubljana.jpg\" \/>\n\t<meta property=\"og:image:width\" content=\"1055\" \/>\n\t<meta property=\"og:image:height\" content=\"1200\" \/>\n\t<meta property=\"og:image:type\" content=\"image\/jpeg\" \/>\n<meta name=\"twitter:card\" content=\"summary_large_image\" \/>\n<meta name=\"twitter:label1\" content=\"pre\u00e7o\" \/>\n\t<meta name=\"twitter:data1\" content=\"&euro;25,00 + 23% VAT\" \/>\n\t<meta name=\"twitter:label2\" content=\"Disponibilidade\" \/>\n\t<meta name=\"twitter:data2\" content=\"Em stock\" \/>\n<script type=\"application\/ld+json\" class=\"yoast-schema-graph\">{\"@context\":\"https:\\\/\\\/schema.org\",\"@graph\":[{\"@type\":[\"WebPage\",\"ItemPage\"],\"@id\":\"https:\\\/\\\/comuna.pt\\\/pt-pt\\\/product\\\/kit-frame-skylite-200-x-200-cm-difusor-refletor\\\/\",\"url\":\"https:\\\/\\\/comuna.pt\\\/pt-pt\\\/product\\\/kit-frame-skylite-200-x-200-cm-difusor-refletor\\\/\",\"name\":\"Kit Frame Skylite 200 x 200 cm (Difusor\\\/Refletor) | Comuna Studios &amp; Equipment Rental\",\"isPartOf\":{\"@id\":\"https:\\\/\\\/comuna.pt\\\/pt-pt\\\/#website\"},\"primaryImageOfPage\":{\"@id\":\"https:\\\/\\\/comuna.pt\\\/pt-pt\\\/product\\\/kit-frame-skylite-200-x-200-cm-difusor-refletor\\\/#primaryimage\"},\"image\":{\"@id\":\"https:\\\/\\\/comuna.pt\\\/pt-pt\\\/product\\\/kit-frame-skylite-200-x-200-cm-difusor-refletor\\\/#primaryimage\"},\"thumbnailUrl\":\"https:\\\/\\\/comuna.pt\\\/wp-content\\\/uploads\\\/2023\\\/06\\\/lastolite-skylite-rapid-large-kit-cena-slovenija-ljubljana.jpg\",\"datePublished\":\"2023-06-23T11:16:32+00:00\",\"dateModified\":\"2026-02-19T19:01:30+00:00\",\"breadcrumb\":{\"@id\":\"https:\\\/\\\/comuna.pt\\\/pt-pt\\\/product\\\/kit-frame-skylite-200-x-200-cm-difusor-refletor\\\/#breadcrumb\"},\"inLanguage\":\"pt-PT\",\"potentialAction\":[{\"@type\":\"ReadAction\",\"target\":[\"https:\\\/\\\/comuna.pt\\\/pt-pt\\\/product\\\/kit-frame-skylite-200-x-200-cm-difusor-refletor\\\/\"]}]},{\"@type\":\"ImageObject\",\"inLanguage\":\"pt-PT\",\"@id\":\"https:\\\/\\\/comuna.pt\\\/pt-pt\\\/product\\\/kit-frame-skylite-200-x-200-cm-difusor-refletor\\\/#primaryimage\",\"url\":\"https:\\\/\\\/comuna.pt\\\/wp-content\\\/uploads\\\/2023\\\/06\\\/lastolite-skylite-rapid-large-kit-cena-slovenija-ljubljana.jpg\",\"contentUrl\":\"https:\\\/\\\/comuna.pt\\\/wp-content\\\/uploads\\\/2023\\\/06\\\/lastolite-skylite-rapid-large-kit-cena-slovenija-ljubljana.jpg\",\"width\":1055,\"height\":1200},{\"@type\":\"BreadcrumbList\",\"@id\":\"https:\\\/\\\/comuna.pt\\\/pt-pt\\\/product\\\/kit-frame-skylite-200-x-200-cm-difusor-refletor\\\/#breadcrumb\",\"itemListElement\":[{\"@type\":\"ListItem\",\"position\":1,\"name\":\"Home\",\"item\":\"https:\\\/\\\/comuna.pt\\\/pt-pt\\\/\"},{\"@type\":\"ListItem\",\"position\":2,\"name\":\"Produtos\"},{\"@type\":\"ListItem\",\"position\":3,\"name\":\"Controlo de Luz\",\"item\":\"https:\\\/\\\/comuna.pt\\\/pt-pt\\\/Categoria\\\/controlo-de-luz\\\/\"},{\"@type\":\"ListItem\",\"position\":4,\"name\":\"Kit Frame Skylite 200 x 200 cm (Difusor\\\/Refletor)\"}]},{\"@type\":\"WebSite\",\"@id\":\"https:\\\/\\\/comuna.pt\\\/pt-pt\\\/#website\",\"url\":\"https:\\\/\\\/comuna.pt\\\/pt-pt\\\/\",\"name\":\"Comuna Rental House\",\"description\":\"Photo studios, Podcast &amp; Equipment Rental\",\"publisher\":{\"@id\":\"https:\\\/\\\/comuna.pt\\\/pt-pt\\\/#organization\"},\"alternateName\":\"Comuna Filmmaking Equipment Rental\",\"potentialAction\":[{\"@type\":\"SearchAction\",\"target\":{\"@type\":\"EntryPoint\",\"urlTemplate\":\"https:\\\/\\\/comuna.pt\\\/pt-pt\\\/?s={search_term_string}\"},\"query-input\":{\"@type\":\"PropertyValueSpecification\",\"valueRequired\":true,\"valueName\":\"search_term_string\"}}],\"inLanguage\":\"pt-PT\"},{\"@type\":\"Organization\",\"@id\":\"https:\\\/\\\/comuna.pt\\\/pt-pt\\\/#organization\",\"name\":\"Comuna Rental House\",\"url\":\"https:\\\/\\\/comuna.pt\\\/pt-pt\\\/\",\"logo\":{\"@type\":\"ImageObject\",\"inLanguage\":\"pt-PT\",\"@id\":\"https:\\\/\\\/comuna.pt\\\/pt-pt\\\/#\\\/schema\\\/logo\\\/image\\\/\",\"url\":\"https:\\\/\\\/comuna.pt\\\/wp-content\\\/uploads\\\/2024\\\/03\\\/comuna_logo_website.png\",\"contentUrl\":\"https:\\\/\\\/comuna.pt\\\/wp-content\\\/uploads\\\/2024\\\/03\\\/comuna_logo_website.png\",\"width\":2000,\"height\":262,\"caption\":\"Comuna Rental House\"},\"image\":{\"@id\":\"https:\\\/\\\/comuna.pt\\\/pt-pt\\\/#\\\/schema\\\/logo\\\/image\\\/\"},\"sameAs\":[\"http:\\\/\\\/facebook.com\\\/comuna.rental\",\"https:\\\/\\\/www.instagram.com\\\/comuna_rental\",\"https:\\\/\\\/www.linkedin.com\\\/company\\\/96410498\"]}]}<\/script>\n<meta property=\"product:price:amount\" content=\"25.00\" \/>\n<meta property=\"product:price:currency\" content=\"EUR\" \/>\n<meta property=\"og:availability\" content=\"instock\" \/>\n<meta property=\"product:availability\" content=\"instock\" \/>\n<meta property=\"product:condition\" content=\"new\" \/>\n<!-- \/ Yoast SEO Premium plugin. -->","yoast_head_json":{"title":"Kit Frame Skylite 200 x 200 cm (Difusor\/Refletor) | Comuna Studios &amp; Equipment Rental","robots":{"index":"index","follow":"follow","max-snippet":"max-snippet:-1","max-image-preview":"max-image-preview:large","max-video-preview":"max-video-preview:-1"},"canonical":"https:\/\/comuna.pt\/pt-pt\/product\/kit-frame-skylite-200-x-200-cm-difusor-refletor\/","og_locale":"pt_PT","og_type":"article","og_title":"Kit Frame Skylite 200 x 200 cm (Difusor\/Refletor)","og_description":"Os pain\u00e9is Skylite s\u00e3o a solu\u00e7\u00e3o de elei\u00e7\u00e3o para os criadores de imagem em exteriores (location) que necessitam de difundir ou refletir a sua fonte de luz nas situa\u00e7\u00f5es mais exigentes. A arma\u00e7\u00e3o r\u00edgida de alum\u00ednio, leve e de montagem r\u00e1pida, oferece a m\u00e1xima estabilidade mesmo em condi\u00e7\u00f5es de vento, enquanto as telas com clip [&hellip;]","og_url":"https:\/\/comuna.pt\/pt-pt\/product\/kit-frame-skylite-200-x-200-cm-difusor-refletor\/","og_site_name":"Comuna Studios &amp; Equipment Rental","article_publisher":"http:\/\/facebook.com\/comuna.rental","article_modified_time":"2026-02-19T19:01:30+00:00","og_image":[{"width":1055,"height":1200,"url":"https:\/\/comuna.pt\/wp-content\/uploads\/2023\/06\/lastolite-skylite-rapid-large-kit-cena-slovenija-ljubljana.jpg","type":"image\/jpeg"}],"twitter_card":"summary_large_image","twitter_misc":{"pre\u00e7o":"&euro;25,00 + 23% VAT","Disponibilidade":"Em stock"},"schema":{"@context":"https:\/\/schema.org","@graph":[{"@type":["WebPage","ItemPage"],"@id":"https:\/\/comuna.pt\/pt-pt\/product\/kit-frame-skylite-200-x-200-cm-difusor-refletor\/","url":"https:\/\/comuna.pt\/pt-pt\/product\/kit-frame-skylite-200-x-200-cm-difusor-refletor\/","name":"Kit Frame Skylite 200 x 200 cm (Difusor\/Refletor) | Comuna Studios &amp; Equipment Rental","isPartOf":{"@id":"https:\/\/comuna.pt\/pt-pt\/#website"},"primaryImageOfPage":{"@id":"https:\/\/comuna.pt\/pt-pt\/product\/kit-frame-skylite-200-x-200-cm-difusor-refletor\/#primaryimage"},"image":{"@id":"https:\/\/comuna.pt\/pt-pt\/product\/kit-frame-skylite-200-x-200-cm-difusor-refletor\/#primaryimage"},"thumbnailUrl":"https:\/\/comuna.pt\/wp-content\/uploads\/2023\/06\/lastolite-skylite-rapid-large-kit-cena-slovenija-ljubljana.jpg","datePublished":"2023-06-23T11:16:32+00:00","dateModified":"2026-02-19T19:01:30+00:00","breadcrumb":{"@id":"https:\/\/comuna.pt\/pt-pt\/product\/kit-frame-skylite-200-x-200-cm-difusor-refletor\/#breadcrumb"},"inLanguage":"pt-PT","potentialAction":[{"@type":"ReadAction","target":["https:\/\/comuna.pt\/pt-pt\/product\/kit-frame-skylite-200-x-200-cm-difusor-refletor\/"]}]},{"@type":"ImageObject","inLanguage":"pt-PT","@id":"https:\/\/comuna.pt\/pt-pt\/product\/kit-frame-skylite-200-x-200-cm-difusor-refletor\/#primaryimage","url":"https:\/\/comuna.pt\/wp-content\/uploads\/2023\/06\/lastolite-skylite-rapid-large-kit-cena-slovenija-ljubljana.jpg","contentUrl":"https:\/\/comuna.pt\/wp-content\/uploads\/2023\/06\/lastolite-skylite-rapid-large-kit-cena-slovenija-ljubljana.jpg","width":1055,"height":1200},{"@type":"BreadcrumbList","@id":"https:\/\/comuna.pt\/pt-pt\/product\/kit-frame-skylite-200-x-200-cm-difusor-refletor\/#breadcrumb","itemListElement":[{"@type":"ListItem","position":1,"name":"Home","item":"https:\/\/comuna.pt\/pt-pt\/"},{"@type":"ListItem","position":2,"name":"Produtos"},{"@type":"ListItem","position":3,"name":"Controlo de Luz","item":"https:\/\/comuna.pt\/pt-pt\/Categoria\/controlo-de-luz\/"},{"@type":"ListItem","position":4,"name":"Kit Frame Skylite 200 x 200 cm (Difusor\/Refletor)"}]},{"@type":"WebSite","@id":"https:\/\/comuna.pt\/pt-pt\/#website","url":"https:\/\/comuna.pt\/pt-pt\/","name":"Comuna Rental House","description":"Photo studios, Podcast &amp; Equipment Rental","publisher":{"@id":"https:\/\/comuna.pt\/pt-pt\/#organization"},"alternateName":"Comuna Filmmaking Equipment Rental","potentialAction":[{"@type":"SearchAction","target":{"@type":"EntryPoint","urlTemplate":"https:\/\/comuna.pt\/pt-pt\/?s={search_term_string}"},"query-input":{"@type":"PropertyValueSpecification","valueRequired":true,"valueName":"search_term_string"}}],"inLanguage":"pt-PT"},{"@type":"Organization","@id":"https:\/\/comuna.pt\/pt-pt\/#organization","name":"Comuna Rental House","url":"https:\/\/comuna.pt\/pt-pt\/","logo":{"@type":"ImageObject","inLanguage":"pt-PT","@id":"https:\/\/comuna.pt\/pt-pt\/#\/schema\/logo\/image\/","url":"https:\/\/comuna.pt\/wp-content\/uploads\/2024\/03\/comuna_logo_website.png","contentUrl":"https:\/\/comuna.pt\/wp-content\/uploads\/2024\/03\/comuna_logo_website.png","width":2000,"height":262,"caption":"Comuna Rental House"},"image":{"@id":"https:\/\/comuna.pt\/pt-pt\/#\/schema\/logo\/image\/"},"sameAs":["http:\/\/facebook.com\/comuna.rental","https:\/\/www.instagram.com\/comuna_rental","https:\/\/www.linkedin.com\/company\/96410498"]}]},"product_price_amount":"25.00","product_price_currency":"EUR","og_availability":"instock","product_availability":"instock","product_condition":"new"},"_links":{"self":[{"href":"https:\/\/comuna.pt\/pt-pt\/wp-json\/wp\/v2\/product\/20372","targetHints":{"allow":["GET"]}}],"collection":[{"href":"https:\/\/comuna.pt\/pt-pt\/wp-json\/wp\/v2\/product"}],"about":[{"href":"https:\/\/comuna.pt\/pt-pt\/wp-json\/wp\/v2\/types\/product"}],"version-history":[{"count":1,"href":"https:\/\/comuna.pt\/pt-pt\/wp-json\/wp\/v2\/product\/20372\/revisions"}],"predecessor-version":[{"id":20376,"href":"https:\/\/comuna.pt\/pt-pt\/wp-json\/wp\/v2\/product\/20372\/revisions\/20376"}],"wp:featuredmedia":[{"embeddable":true,"href":"https:\/\/comuna.pt\/pt-pt\/wp-json\/wp\/v2\/media\/1351"}],"wp:attachment":[{"href":"https:\/\/comuna.pt\/pt-pt\/wp-json\/wp\/v2\/media?parent=20372"}],"wp:term":[{"taxonomy":"product_brand","embeddable":true,"href":"https:\/\/comuna.pt\/pt-pt\/wp-json\/wp\/v2\/product_brand?post=20372"},{"taxonomy":"product_cat","embeddable":true,"href":"https:\/\/comuna.pt\/pt-pt\/wp-json\/wp\/v2\/product_cat?post=20372"},{"taxonomy":"product_tag","embeddable":true,"href":"https:\/\/comuna.pt\/pt-pt\/wp-json\/wp\/v2\/product_tag?post=20372"}],"curies":[{"name":"wp","href":"https:\/\/api.w.org\/{rel}","templated":true}]}}