{"id":20359,"date":"2023-07-06T16:03:39","date_gmt":"2023-07-06T15:03:39","guid":{"rendered":"https:\/\/comuna.pt\/product\/bateria-v-mount-patona-190wh\/"},"modified":"2026-03-03T15:02:34","modified_gmt":"2026-03-03T15:02:34","slug":"bateria-v-mount-patona-190wh","status":"publish","type":"product","link":"https:\/\/comuna.pt\/pt-pt\/product\/bateria-v-mount-patona-190wh\/","title":{"rendered":"Color\u00edmetro para Monitor Datacolor Spyder X2 Ultra"},"content":{"rendered":"<div class=\"booqable-product-button\" data-id=\"monitor-colorimeter-datacolor-spyder-x2-ultra\"><\/div>\n<p>Temos agora dispon\u00edvel no nosso servi\u00e7o de aluguer um color\u00edmetro para a calibra\u00e7\u00e3o de qualquer tipo de monitores. N\u00e3o hesite em contactar-nos para discutir os detalhes da sua reserva ou utilize simplesmente o formul\u00e1rio no nosso site. Al\u00e9m disso, <strong>se precisar de assist\u00eancia com a calibra\u00e7\u00e3o, tamb\u00e9m oferecemos esse servi\u00e7o.<\/strong> <strong>O custo<\/strong> para calibrar um \u00fanico monitor \u00e9 de <strong>60 euros<\/strong>, com cada <strong>monitor adicional a custar 10 euros<\/strong>. O custo de desloca\u00e7\u00e3o para fora de Lisboa ser\u00e1 discutido separadamente. Eleve a precis\u00e3o de cor com o color\u00edmetro de calibra\u00e7\u00e3o de monitores <a href=\"https:\/\/www.datacolor.com\/spyder\/products\/spyder-x2-ultra\/\">Datacolor Spyder X2 Ultra<\/a>. Dispon\u00edvel para aluguer em Lisboa na nossa <a href=\"https:\/\/comuna.pt\/pt-pt\/\">Rental House.<\/a><\/p>\n<p>No mundo da cria\u00e7\u00e3o de conte\u00fado digital, a representa\u00e7\u00e3o precisa das cores \u00e9 de extrema import\u00e2ncia. O Datacolor Spyder X2 Ultra, uma ferramenta de calibra\u00e7\u00e3o de cor de ponta, surge como um divisor de \u00e1guas, garantindo que os seus projetos criativos se traduzem perfeitamente em ecr\u00e3s e impress\u00f5es com uma precis\u00e3o sem precedentes. <strong>Precis\u00e3o de cor inigual\u00e1vel:<\/strong> O Spyder X2 Ultra foi concebido para lidar com as nuances intrincadas da precis\u00e3o da cor. Quer seja fot\u00f3grafo, designer gr\u00e1fico ou editor de v\u00eddeo, esta ferramenta calibra os seus ecr\u00e3s com uma precis\u00e3o not\u00e1vel, garantindo que as cores que v\u00ea no ecr\u00e3 s\u00e3o representa\u00e7\u00f5es fi\u00e9is da verdadeira ess\u00eancia do seu trabalho. <strong>Tecnologia de sensor avan\u00e7ada:<\/strong> No cora\u00e7\u00e3o do Spyder X2 Ultra encontra-se uma tecnologia de sensor avan\u00e7ada capaz de captar uma vasta gama de cores e tonalidades. Ao analisar as condi\u00e7\u00f5es da luz ambiente e as varia\u00e7\u00f5es do ecr\u00e3, o dispositivo gera perfis personalizados para cada um dos seus monitores. Este processo permite uma reprodu\u00e7\u00e3o de cor consistente em todos os seus dispositivos, independentemente das varia\u00e7\u00f5es nas suas defini\u00e7\u00f5es individuais. <strong>Processo de calibra\u00e7\u00e3o simples:<\/strong> O processo de calibra\u00e7\u00e3o com o Spyder X2 Ultra \u00e9 t\u00e3o intuitivo quanto eficaz. A interface amig\u00e1vel do dispositivo guia-o atrav\u00e9s de cada etapa, tornando a tarefa antes complicada de calibra\u00e7\u00e3o de cor numa experi\u00eancia fluida. Isto permite que profissionais criativos de todos os n\u00edveis alcancem uma precis\u00e3o de cor excecional sem necessidade de grandes conhecimentos t\u00e9cnicos. <strong>Versatilidade para m\u00faltiplos dispositivos:<\/strong> O Spyder X2 Ultra n\u00e3o se limita a apenas um ecr\u00e3. Com a sua versatilidade, pode ser utilizado para calibrar uma vasta gama de dispositivos, incluindo monitores, port\u00e1teis, projetores e at\u00e9 dispositivos m\u00f3veis. Isto significa que o seu trabalho cr\u00edtico em termos de cor permanece consistente em todas as plataformas, garantindo um fluxo de trabalho cont\u00ednuo e proporcionando uma experi\u00eancia de visualiza\u00e7\u00e3o consistente para o seu p\u00fablico. <strong>Fluxo de trabalho e criatividade melhorados:<\/strong> Ao garantir uma representa\u00e7\u00e3o de cor consistente, o Spyder X2 Ultra permite-lhe tomar decis\u00f5es fundamentadas sobre a grada\u00e7\u00e3o de cor (color grading), edi\u00e7\u00e3o de imagem e design gr\u00e1fico. Este n\u00edvel de precis\u00e3o poupa tempo e esfor\u00e7o, permitindo-lhe concentrar-se nos aspetos criativos do seu trabalho e alcan\u00e7ar a sua vis\u00e3o de forma mais eficiente. <strong>Resultados de qualidade profissional:<\/strong> O Spyder X2 Ultra n\u00e3o \u00e9 apenas uma ferramenta \u2013 \u00e9 um investimento para elevar a qualidade do seu trabalho. Quer seja um profissional experiente ou um criador aspirante, esta solu\u00e7\u00e3o de calibra\u00e7\u00e3o de cor equipa-o com as ferramentas para alcan\u00e7ar resultados de n\u00edvel profissional que deixam um impacto duradouro no seu p\u00fablico. Em conclus\u00e3o, o Datacolor Spyder X2 Ultra \u00e9 a prova da interse\u00e7\u00e3o entre tecnologia e criatividade. Com a sua precis\u00e3o de cor inigual\u00e1vel, tecnologia de sensor avan\u00e7ada e processo de calibra\u00e7\u00e3o f\u00e1cil de utilizar, esta ferramenta garante que o seu conte\u00fado digital \u00e9 apresentado exatamente como pretendia. Desde fot\u00f3grafos que se esfor\u00e7am por obter reprodu\u00e7\u00f5es de impress\u00e3o precisas a designers que procuram uma representa\u00e7\u00e3o de cor consistente, o Spyder X2 Ultra capacita os criadores a dar vida \u00e0s suas vis\u00f5es com uma precis\u00e3o e vivacidade inigual\u00e1veis. Alugue o color\u00edmetro de calibra\u00e7\u00e3o de monitores <a href=\"https:\/\/www.datacolor.com\/spyder\/products\/spyder-x2-ultra\/\">Datacolor Spyder X2 Ultra<\/a> na nossa <a href=\"https:\/\/comuna.pt\/pt-pt\/\">Rental House<\/a> em Lisboa.<\/p>\n","protected":false},"excerpt":{"rendered":"<p>Temos agora dispon\u00edvel no nosso servi\u00e7o de aluguer um color\u00edmetro para a calibra\u00e7\u00e3o de qualquer tipo de monitores. N\u00e3o hesite em contactar-nos para discutir os detalhes da sua reserva ou utilize simplesmente o formul\u00e1rio no nosso site. Al\u00e9m disso, se precisar de assist\u00eancia com a calibra\u00e7\u00e3o, tamb\u00e9m oferecemos esse servi\u00e7o. O custo para calibrar um [&hellip;]<\/p>\n","protected":false},"featured_media":20360,"template":"","meta":[],"product_brand":[],"product_cat":[805861],"product_tag":[],"class_list":{"0":"post-20359","1":"product","2":"type-product","3":"status-publish","4":"has-post-thumbnail","6":"product_cat-acessorios","8":"first","9":"instock","10":"taxable","11":"shipping-taxable","12":"purchasable","13":"product-type-simple"},"yoast_head":"<!-- This site is optimized with the Yoast SEO Premium plugin v27.4 (Yoast SEO v27.5) - https:\/\/yoast.com\/product\/yoast-seo-premium-wordpress\/ -->\n<title>Color\u00edmetro para Monitor Datacolor Spyder X2 Ultra | Comuna Studios &amp; Equipment Rental<\/title>\n<meta name=\"description\" content=\"Color\u00edmetro de calibra\u00e7\u00e3o de monitores para aluguer em Lisboa. Equipamento de videografia, fotografia e cinema. Fazemos entregas em todo o Portugal.\" \/>\n<meta name=\"robots\" content=\"index, follow, max-snippet:-1, max-image-preview:large, max-video-preview:-1\" \/>\n<link rel=\"canonical\" href=\"https:\/\/comuna.pt\/pt-pt\/product\/bateria-v-mount-patona-190wh\/\" \/>\n<meta property=\"og:locale\" content=\"pt_PT\" \/>\n<meta property=\"og:type\" content=\"article\" \/>\n<meta property=\"og:title\" content=\"Color\u00edmetro para Monitor Datacolor Spyder X2 Ultra\" \/>\n<meta property=\"og:description\" content=\"Color\u00edmetro de calibra\u00e7\u00e3o de monitores para aluguer em Lisboa. Equipamento de videografia, fotografia e cinema. Fazemos entregas em todo o Portugal.\" \/>\n<meta property=\"og:url\" content=\"https:\/\/comuna.pt\/pt-pt\/product\/bateria-v-mount-patona-190wh\/\" \/>\n<meta property=\"og:site_name\" content=\"Comuna Studios &amp; Equipment Rental\" \/>\n<meta property=\"article:publisher\" content=\"http:\/\/facebook.com\/comuna.rental\" \/>\n<meta property=\"article:modified_time\" content=\"2026-03-03T15:02:34+00:00\" \/>\n<meta property=\"og:image\" content=\"https:\/\/comuna.pt\/wp-content\/uploads\/2023\/07\/1683711011_1765834.jpg\" \/>\n\t<meta property=\"og:image:width\" content=\"500\" \/>\n\t<meta property=\"og:image:height\" content=\"500\" \/>\n\t<meta property=\"og:image:type\" content=\"image\/jpeg\" \/>\n<meta name=\"twitter:card\" content=\"summary_large_image\" \/>\n<meta name=\"twitter:label1\" content=\"pre\u00e7o\" \/>\n\t<meta name=\"twitter:data1\" content=\"&euro;17,00 + 23% VAT\" \/>\n\t<meta name=\"twitter:label2\" content=\"Disponibilidade\" \/>\n\t<meta name=\"twitter:data2\" content=\"Em stock\" \/>\n<script type=\"application\/ld+json\" class=\"yoast-schema-graph\">{\"@context\":\"https:\\\/\\\/schema.org\",\"@graph\":[{\"@type\":[\"WebPage\",\"ItemPage\"],\"@id\":\"https:\\\/\\\/comuna.pt\\\/pt-pt\\\/product\\\/bateria-v-mount-patona-190wh\\\/\",\"url\":\"https:\\\/\\\/comuna.pt\\\/pt-pt\\\/product\\\/bateria-v-mount-patona-190wh\\\/\",\"name\":\"Color\u00edmetro para Monitor Datacolor Spyder X2 Ultra | Comuna Studios &amp; Equipment Rental\",\"isPartOf\":{\"@id\":\"https:\\\/\\\/comuna.pt\\\/pt-pt\\\/#website\"},\"primaryImageOfPage\":{\"@id\":\"https:\\\/\\\/comuna.pt\\\/pt-pt\\\/product\\\/bateria-v-mount-patona-190wh\\\/#primaryimage\"},\"image\":{\"@id\":\"https:\\\/\\\/comuna.pt\\\/pt-pt\\\/product\\\/bateria-v-mount-patona-190wh\\\/#primaryimage\"},\"thumbnailUrl\":\"https:\\\/\\\/comuna.pt\\\/wp-content\\\/uploads\\\/2023\\\/07\\\/1683711011_1765834.jpg\",\"datePublished\":\"2023-07-06T15:03:39+00:00\",\"dateModified\":\"2026-03-03T15:02:34+00:00\",\"description\":\"Color\u00edmetro de calibra\u00e7\u00e3o de monitores para aluguer em Lisboa. Equipamento de videografia, fotografia e cinema. Fazemos entregas em todo o Portugal.\",\"breadcrumb\":{\"@id\":\"https:\\\/\\\/comuna.pt\\\/pt-pt\\\/product\\\/bateria-v-mount-patona-190wh\\\/#breadcrumb\"},\"inLanguage\":\"pt-PT\",\"potentialAction\":[{\"@type\":\"ReadAction\",\"target\":[\"https:\\\/\\\/comuna.pt\\\/pt-pt\\\/product\\\/bateria-v-mount-patona-190wh\\\/\"]}]},{\"@type\":\"ImageObject\",\"inLanguage\":\"pt-PT\",\"@id\":\"https:\\\/\\\/comuna.pt\\\/pt-pt\\\/product\\\/bateria-v-mount-patona-190wh\\\/#primaryimage\",\"url\":\"https:\\\/\\\/comuna.pt\\\/wp-content\\\/uploads\\\/2023\\\/07\\\/1683711011_1765834.jpg\",\"contentUrl\":\"https:\\\/\\\/comuna.pt\\\/wp-content\\\/uploads\\\/2023\\\/07\\\/1683711011_1765834.jpg\",\"width\":500,\"height\":500,\"caption\":\"Color\u00edmetro de calibra\u00e7\u00e3o de monitores para aluguer em Lisboa\"},{\"@type\":\"BreadcrumbList\",\"@id\":\"https:\\\/\\\/comuna.pt\\\/pt-pt\\\/product\\\/bateria-v-mount-patona-190wh\\\/#breadcrumb\",\"itemListElement\":[{\"@type\":\"ListItem\",\"position\":1,\"name\":\"Home\",\"item\":\"https:\\\/\\\/comuna.pt\\\/pt-pt\\\/\"},{\"@type\":\"ListItem\",\"position\":2,\"name\":\"Produtos\"},{\"@type\":\"ListItem\",\"position\":3,\"name\":\"Acess\u00f3rios\",\"item\":\"https:\\\/\\\/comuna.pt\\\/pt-pt\\\/Categoria\\\/acessorios\\\/\"},{\"@type\":\"ListItem\",\"position\":4,\"name\":\"Color\u00edmetro para Monitor Datacolor Spyder X2 Ultra\"}]},{\"@type\":\"WebSite\",\"@id\":\"https:\\\/\\\/comuna.pt\\\/pt-pt\\\/#website\",\"url\":\"https:\\\/\\\/comuna.pt\\\/pt-pt\\\/\",\"name\":\"Comuna Rental House\",\"description\":\"Photo studios, Podcast &amp; Equipment Rental\",\"publisher\":{\"@id\":\"https:\\\/\\\/comuna.pt\\\/pt-pt\\\/#organization\"},\"alternateName\":\"Comuna Filmmaking Equipment Rental\",\"potentialAction\":[{\"@type\":\"SearchAction\",\"target\":{\"@type\":\"EntryPoint\",\"urlTemplate\":\"https:\\\/\\\/comuna.pt\\\/pt-pt\\\/?s={search_term_string}\"},\"query-input\":{\"@type\":\"PropertyValueSpecification\",\"valueRequired\":true,\"valueName\":\"search_term_string\"}}],\"inLanguage\":\"pt-PT\"},{\"@type\":\"Organization\",\"@id\":\"https:\\\/\\\/comuna.pt\\\/pt-pt\\\/#organization\",\"name\":\"Comuna Rental House\",\"url\":\"https:\\\/\\\/comuna.pt\\\/pt-pt\\\/\",\"logo\":{\"@type\":\"ImageObject\",\"inLanguage\":\"pt-PT\",\"@id\":\"https:\\\/\\\/comuna.pt\\\/pt-pt\\\/#\\\/schema\\\/logo\\\/image\\\/\",\"url\":\"https:\\\/\\\/comuna.pt\\\/wp-content\\\/uploads\\\/2024\\\/03\\\/comuna_logo_website.png\",\"contentUrl\":\"https:\\\/\\\/comuna.pt\\\/wp-content\\\/uploads\\\/2024\\\/03\\\/comuna_logo_website.png\",\"width\":2000,\"height\":262,\"caption\":\"Comuna Rental House\"},\"image\":{\"@id\":\"https:\\\/\\\/comuna.pt\\\/pt-pt\\\/#\\\/schema\\\/logo\\\/image\\\/\"},\"sameAs\":[\"http:\\\/\\\/facebook.com\\\/comuna.rental\",\"https:\\\/\\\/www.instagram.com\\\/comuna_rental\",\"https:\\\/\\\/www.linkedin.com\\\/company\\\/96410498\"]}]}<\/script>\n<meta property=\"product:price:amount\" content=\"17.00\" \/>\n<meta property=\"product:price:currency\" content=\"EUR\" \/>\n<meta property=\"og:availability\" content=\"instock\" \/>\n<meta property=\"product:availability\" content=\"instock\" \/>\n<meta property=\"product:condition\" content=\"new\" \/>\n<!-- \/ Yoast SEO Premium plugin. -->","yoast_head_json":{"title":"Color\u00edmetro para Monitor Datacolor Spyder X2 Ultra | Comuna Studios &amp; Equipment Rental","description":"Color\u00edmetro de calibra\u00e7\u00e3o de monitores para aluguer em Lisboa. Equipamento de videografia, fotografia e cinema. Fazemos entregas em todo o Portugal.","robots":{"index":"index","follow":"follow","max-snippet":"max-snippet:-1","max-image-preview":"max-image-preview:large","max-video-preview":"max-video-preview:-1"},"canonical":"https:\/\/comuna.pt\/pt-pt\/product\/bateria-v-mount-patona-190wh\/","og_locale":"pt_PT","og_type":"article","og_title":"Color\u00edmetro para Monitor Datacolor Spyder X2 Ultra","og_description":"Color\u00edmetro de calibra\u00e7\u00e3o de monitores para aluguer em Lisboa. Equipamento de videografia, fotografia e cinema. Fazemos entregas em todo o Portugal.","og_url":"https:\/\/comuna.pt\/pt-pt\/product\/bateria-v-mount-patona-190wh\/","og_site_name":"Comuna Studios &amp; Equipment Rental","article_publisher":"http:\/\/facebook.com\/comuna.rental","article_modified_time":"2026-03-03T15:02:34+00:00","og_image":[{"width":500,"height":500,"url":"https:\/\/comuna.pt\/wp-content\/uploads\/2023\/07\/1683711011_1765834.jpg","type":"image\/jpeg"}],"twitter_card":"summary_large_image","twitter_misc":{"pre\u00e7o":"&euro;17,00 + 23% VAT","Disponibilidade":"Em stock"},"schema":{"@context":"https:\/\/schema.org","@graph":[{"@type":["WebPage","ItemPage"],"@id":"https:\/\/comuna.pt\/pt-pt\/product\/bateria-v-mount-patona-190wh\/","url":"https:\/\/comuna.pt\/pt-pt\/product\/bateria-v-mount-patona-190wh\/","name":"Color\u00edmetro para Monitor Datacolor Spyder X2 Ultra | Comuna Studios &amp; Equipment Rental","isPartOf":{"@id":"https:\/\/comuna.pt\/pt-pt\/#website"},"primaryImageOfPage":{"@id":"https:\/\/comuna.pt\/pt-pt\/product\/bateria-v-mount-patona-190wh\/#primaryimage"},"image":{"@id":"https:\/\/comuna.pt\/pt-pt\/product\/bateria-v-mount-patona-190wh\/#primaryimage"},"thumbnailUrl":"https:\/\/comuna.pt\/wp-content\/uploads\/2023\/07\/1683711011_1765834.jpg","datePublished":"2023-07-06T15:03:39+00:00","dateModified":"2026-03-03T15:02:34+00:00","description":"Color\u00edmetro de calibra\u00e7\u00e3o de monitores para aluguer em Lisboa. Equipamento de videografia, fotografia e cinema. Fazemos entregas em todo o Portugal.","breadcrumb":{"@id":"https:\/\/comuna.pt\/pt-pt\/product\/bateria-v-mount-patona-190wh\/#breadcrumb"},"inLanguage":"pt-PT","potentialAction":[{"@type":"ReadAction","target":["https:\/\/comuna.pt\/pt-pt\/product\/bateria-v-mount-patona-190wh\/"]}]},{"@type":"ImageObject","inLanguage":"pt-PT","@id":"https:\/\/comuna.pt\/pt-pt\/product\/bateria-v-mount-patona-190wh\/#primaryimage","url":"https:\/\/comuna.pt\/wp-content\/uploads\/2023\/07\/1683711011_1765834.jpg","contentUrl":"https:\/\/comuna.pt\/wp-content\/uploads\/2023\/07\/1683711011_1765834.jpg","width":500,"height":500,"caption":"Color\u00edmetro de calibra\u00e7\u00e3o de monitores para aluguer em Lisboa"},{"@type":"BreadcrumbList","@id":"https:\/\/comuna.pt\/pt-pt\/product\/bateria-v-mount-patona-190wh\/#breadcrumb","itemListElement":[{"@type":"ListItem","position":1,"name":"Home","item":"https:\/\/comuna.pt\/pt-pt\/"},{"@type":"ListItem","position":2,"name":"Produtos"},{"@type":"ListItem","position":3,"name":"Acess\u00f3rios","item":"https:\/\/comuna.pt\/pt-pt\/Categoria\/acessorios\/"},{"@type":"ListItem","position":4,"name":"Color\u00edmetro para Monitor Datacolor Spyder X2 Ultra"}]},{"@type":"WebSite","@id":"https:\/\/comuna.pt\/pt-pt\/#website","url":"https:\/\/comuna.pt\/pt-pt\/","name":"Comuna Rental House","description":"Photo studios, Podcast &amp; Equipment Rental","publisher":{"@id":"https:\/\/comuna.pt\/pt-pt\/#organization"},"alternateName":"Comuna Filmmaking Equipment Rental","potentialAction":[{"@type":"SearchAction","target":{"@type":"EntryPoint","urlTemplate":"https:\/\/comuna.pt\/pt-pt\/?s={search_term_string}"},"query-input":{"@type":"PropertyValueSpecification","valueRequired":true,"valueName":"search_term_string"}}],"inLanguage":"pt-PT"},{"@type":"Organization","@id":"https:\/\/comuna.pt\/pt-pt\/#organization","name":"Comuna Rental House","url":"https:\/\/comuna.pt\/pt-pt\/","logo":{"@type":"ImageObject","inLanguage":"pt-PT","@id":"https:\/\/comuna.pt\/pt-pt\/#\/schema\/logo\/image\/","url":"https:\/\/comuna.pt\/wp-content\/uploads\/2024\/03\/comuna_logo_website.png","contentUrl":"https:\/\/comuna.pt\/wp-content\/uploads\/2024\/03\/comuna_logo_website.png","width":2000,"height":262,"caption":"Comuna Rental House"},"image":{"@id":"https:\/\/comuna.pt\/pt-pt\/#\/schema\/logo\/image\/"},"sameAs":["http:\/\/facebook.com\/comuna.rental","https:\/\/www.instagram.com\/comuna_rental","https:\/\/www.linkedin.com\/company\/96410498"]}]},"product_price_amount":"17.00","product_price_currency":"EUR","og_availability":"instock","product_availability":"instock","product_condition":"new"},"_links":{"self":[{"href":"https:\/\/comuna.pt\/pt-pt\/wp-json\/wp\/v2\/product\/20359","targetHints":{"allow":["GET"]}}],"collection":[{"href":"https:\/\/comuna.pt\/pt-pt\/wp-json\/wp\/v2\/product"}],"about":[{"href":"https:\/\/comuna.pt\/pt-pt\/wp-json\/wp\/v2\/types\/product"}],"version-history":[{"count":3,"href":"https:\/\/comuna.pt\/pt-pt\/wp-json\/wp\/v2\/product\/20359\/revisions"}],"predecessor-version":[{"id":21505,"href":"https:\/\/comuna.pt\/pt-pt\/wp-json\/wp\/v2\/product\/20359\/revisions\/21505"}],"wp:featuredmedia":[{"embeddable":true,"href":"https:\/\/comuna.pt\/pt-pt\/wp-json\/wp\/v2\/media\/20360"}],"wp:attachment":[{"href":"https:\/\/comuna.pt\/pt-pt\/wp-json\/wp\/v2\/media?parent=20359"}],"wp:term":[{"taxonomy":"product_brand","embeddable":true,"href":"https:\/\/comuna.pt\/pt-pt\/wp-json\/wp\/v2\/product_brand?post=20359"},{"taxonomy":"product_cat","embeddable":true,"href":"https:\/\/comuna.pt\/pt-pt\/wp-json\/wp\/v2\/product_cat?post=20359"},{"taxonomy":"product_tag","embeddable":true,"href":"https:\/\/comuna.pt\/pt-pt\/wp-json\/wp\/v2\/product_tag?post=20359"}],"curies":[{"name":"wp","href":"https:\/\/api.w.org\/{rel}","templated":true}]}}