{"id":20352,"date":"2023-07-06T16:08:41","date_gmt":"2023-07-06T15:08:41","guid":{"rendered":"https:\/\/comuna.pt\/product\/carta-de-cores-datacolor-spydercheckr-24\/"},"modified":"2026-02-19T19:01:30","modified_gmt":"2026-02-19T19:01:30","slug":"carta-de-cores-datacolor-spydercheckr-24","status":"publish","type":"product","link":"https:\/\/comuna.pt\/pt-pt\/product\/carta-de-cores-datacolor-spydercheckr-24\/","title":{"rendered":"Carta de Cores Datacolor SpyderCHECKR 24"},"content":{"rendered":"<div class=\"booqable-product-button\" data-id=\"color-chart-datacolor-spydercheckr-24\"><\/div>\n<p><i>Quer esteja a captar imagens fixas ou em movimento, pode utilizar a <\/i><b>Carta de Cores Datacolor SpyderCHECKR 24<\/b><i> <\/i>para equilibrar as cores de forma eficaz. Com 24 amostras de cores saturadas, beneficia de pigmentos de tamanho real desenhados espetralmente, bem como de duas amostras de tons de pele e seis amostras de rampa de cinzentos. O SpyderCHECKR 24 tamb\u00e9m permite o ajuste do balan\u00e7o de brancos e da exposi\u00e7\u00e3o tanto na c\u00e2mara como em p\u00f3s-produ\u00e7\u00e3o.<\/p>\n","protected":false},"excerpt":{"rendered":"<p>Quer esteja a captar imagens fixas ou em movimento, pode utilizar a Carta de Cores Datacolor SpyderCHECKR 24 para equilibrar as cores de forma eficaz. Com 24 amostras de cores saturadas, beneficia de pigmentos de tamanho real desenhados espetralmente, bem como de duas amostras de tons de pele e seis amostras de rampa de cinzentos. [&hellip;]<\/p>\n","protected":false},"featured_media":2008,"template":"","meta":[],"product_brand":[],"product_cat":[805861],"product_tag":[],"class_list":{"0":"post-20352","1":"product","2":"type-product","3":"status-publish","4":"has-post-thumbnail","6":"product_cat-acessorios","8":"first","9":"instock","10":"taxable","11":"shipping-taxable","12":"purchasable","13":"product-type-simple"},"yoast_head":"<!-- This site is optimized with the Yoast SEO Premium plugin v27.4 (Yoast SEO v27.5) - https:\/\/yoast.com\/product\/yoast-seo-premium-wordpress\/ -->\n<title>Carta de Cores Datacolor SpyderCHECKR 24 | Comuna Studios &amp; Equipment Rental<\/title>\n<meta name=\"robots\" content=\"index, follow, max-snippet:-1, max-image-preview:large, max-video-preview:-1\" \/>\n<link rel=\"canonical\" href=\"https:\/\/comuna.pt\/pt-pt\/product\/carta-de-cores-datacolor-spydercheckr-24\/\" \/>\n<meta property=\"og:locale\" content=\"pt_PT\" \/>\n<meta property=\"og:type\" content=\"article\" \/>\n<meta property=\"og:title\" content=\"Carta de Cores Datacolor SpyderCHECKR 24\" \/>\n<meta property=\"og:description\" content=\"Quer esteja a captar imagens fixas ou em movimento, pode utilizar a Carta de Cores Datacolor SpyderCHECKR 24 para equilibrar as cores de forma eficaz. Com 24 amostras de cores saturadas, beneficia de pigmentos de tamanho real desenhados espetralmente, bem como de duas amostras de tons de pele e seis amostras de rampa de cinzentos. [&hellip;]\" \/>\n<meta property=\"og:url\" content=\"https:\/\/comuna.pt\/pt-pt\/product\/carta-de-cores-datacolor-spydercheckr-24\/\" \/>\n<meta property=\"og:site_name\" content=\"Comuna Studios &amp; Equipment Rental\" \/>\n<meta property=\"article:publisher\" content=\"http:\/\/facebook.com\/comuna.rental\" \/>\n<meta property=\"article:modified_time\" content=\"2026-02-19T19:01:30+00:00\" \/>\n<meta property=\"og:image\" content=\"https:\/\/comuna.pt\/wp-content\/uploads\/2023\/07\/71czesSAjXL._AC_SL1500_.jpg\" \/>\n\t<meta property=\"og:image:width\" content=\"500\" \/>\n\t<meta property=\"og:image:height\" content=\"500\" \/>\n\t<meta property=\"og:image:type\" content=\"image\/jpeg\" \/>\n<meta name=\"twitter:card\" content=\"summary_large_image\" \/>\n<meta name=\"twitter:label1\" content=\"pre\u00e7o\" \/>\n\t<meta name=\"twitter:data1\" content=\"&euro;5,00 + 23% VAT\" \/>\n\t<meta name=\"twitter:label2\" content=\"Disponibilidade\" \/>\n\t<meta name=\"twitter:data2\" content=\"Em stock\" \/>\n<script type=\"application\/ld+json\" class=\"yoast-schema-graph\">{\"@context\":\"https:\\\/\\\/schema.org\",\"@graph\":[{\"@type\":[\"WebPage\",\"ItemPage\"],\"@id\":\"https:\\\/\\\/comuna.pt\\\/pt-pt\\\/product\\\/carta-de-cores-datacolor-spydercheckr-24\\\/\",\"url\":\"https:\\\/\\\/comuna.pt\\\/pt-pt\\\/product\\\/carta-de-cores-datacolor-spydercheckr-24\\\/\",\"name\":\"Carta de Cores Datacolor SpyderCHECKR 24 | Comuna Studios &amp; Equipment Rental\",\"isPartOf\":{\"@id\":\"https:\\\/\\\/comuna.pt\\\/pt-pt\\\/#website\"},\"primaryImageOfPage\":{\"@id\":\"https:\\\/\\\/comuna.pt\\\/pt-pt\\\/product\\\/carta-de-cores-datacolor-spydercheckr-24\\\/#primaryimage\"},\"image\":{\"@id\":\"https:\\\/\\\/comuna.pt\\\/pt-pt\\\/product\\\/carta-de-cores-datacolor-spydercheckr-24\\\/#primaryimage\"},\"thumbnailUrl\":\"https:\\\/\\\/comuna.pt\\\/wp-content\\\/uploads\\\/2023\\\/07\\\/71czesSAjXL._AC_SL1500_.jpg\",\"datePublished\":\"2023-07-06T15:08:41+00:00\",\"dateModified\":\"2026-02-19T19:01:30+00:00\",\"breadcrumb\":{\"@id\":\"https:\\\/\\\/comuna.pt\\\/pt-pt\\\/product\\\/carta-de-cores-datacolor-spydercheckr-24\\\/#breadcrumb\"},\"inLanguage\":\"pt-PT\",\"potentialAction\":[{\"@type\":\"ReadAction\",\"target\":[\"https:\\\/\\\/comuna.pt\\\/pt-pt\\\/product\\\/carta-de-cores-datacolor-spydercheckr-24\\\/\"]}]},{\"@type\":\"ImageObject\",\"inLanguage\":\"pt-PT\",\"@id\":\"https:\\\/\\\/comuna.pt\\\/pt-pt\\\/product\\\/carta-de-cores-datacolor-spydercheckr-24\\\/#primaryimage\",\"url\":\"https:\\\/\\\/comuna.pt\\\/wp-content\\\/uploads\\\/2023\\\/07\\\/71czesSAjXL._AC_SL1500_.jpg\",\"contentUrl\":\"https:\\\/\\\/comuna.pt\\\/wp-content\\\/uploads\\\/2023\\\/07\\\/71czesSAjXL._AC_SL1500_.jpg\",\"width\":500,\"height\":500},{\"@type\":\"BreadcrumbList\",\"@id\":\"https:\\\/\\\/comuna.pt\\\/pt-pt\\\/product\\\/carta-de-cores-datacolor-spydercheckr-24\\\/#breadcrumb\",\"itemListElement\":[{\"@type\":\"ListItem\",\"position\":1,\"name\":\"Home\",\"item\":\"https:\\\/\\\/comuna.pt\\\/pt-pt\\\/\"},{\"@type\":\"ListItem\",\"position\":2,\"name\":\"Produtos\"},{\"@type\":\"ListItem\",\"position\":3,\"name\":\"Acess\u00f3rios\",\"item\":\"https:\\\/\\\/comuna.pt\\\/pt-pt\\\/Categoria\\\/acessorios\\\/\"},{\"@type\":\"ListItem\",\"position\":4,\"name\":\"Carta de Cores Datacolor SpyderCHECKR 24\"}]},{\"@type\":\"WebSite\",\"@id\":\"https:\\\/\\\/comuna.pt\\\/pt-pt\\\/#website\",\"url\":\"https:\\\/\\\/comuna.pt\\\/pt-pt\\\/\",\"name\":\"Comuna Rental House\",\"description\":\"Photo studios, Podcast &amp; Equipment Rental\",\"publisher\":{\"@id\":\"https:\\\/\\\/comuna.pt\\\/pt-pt\\\/#organization\"},\"alternateName\":\"Comuna Filmmaking Equipment Rental\",\"potentialAction\":[{\"@type\":\"SearchAction\",\"target\":{\"@type\":\"EntryPoint\",\"urlTemplate\":\"https:\\\/\\\/comuna.pt\\\/pt-pt\\\/?s={search_term_string}\"},\"query-input\":{\"@type\":\"PropertyValueSpecification\",\"valueRequired\":true,\"valueName\":\"search_term_string\"}}],\"inLanguage\":\"pt-PT\"},{\"@type\":\"Organization\",\"@id\":\"https:\\\/\\\/comuna.pt\\\/pt-pt\\\/#organization\",\"name\":\"Comuna Rental House\",\"url\":\"https:\\\/\\\/comuna.pt\\\/pt-pt\\\/\",\"logo\":{\"@type\":\"ImageObject\",\"inLanguage\":\"pt-PT\",\"@id\":\"https:\\\/\\\/comuna.pt\\\/pt-pt\\\/#\\\/schema\\\/logo\\\/image\\\/\",\"url\":\"https:\\\/\\\/comuna.pt\\\/wp-content\\\/uploads\\\/2024\\\/03\\\/comuna_logo_website.png\",\"contentUrl\":\"https:\\\/\\\/comuna.pt\\\/wp-content\\\/uploads\\\/2024\\\/03\\\/comuna_logo_website.png\",\"width\":2000,\"height\":262,\"caption\":\"Comuna Rental House\"},\"image\":{\"@id\":\"https:\\\/\\\/comuna.pt\\\/pt-pt\\\/#\\\/schema\\\/logo\\\/image\\\/\"},\"sameAs\":[\"http:\\\/\\\/facebook.com\\\/comuna.rental\",\"https:\\\/\\\/www.instagram.com\\\/comuna_rental\",\"https:\\\/\\\/www.linkedin.com\\\/company\\\/96410498\"]}]}<\/script>\n<meta property=\"product:price:amount\" content=\"5.00\" \/>\n<meta property=\"product:price:currency\" content=\"EUR\" \/>\n<meta property=\"og:availability\" content=\"instock\" \/>\n<meta property=\"product:availability\" content=\"instock\" \/>\n<meta property=\"product:condition\" content=\"new\" \/>\n<!-- \/ Yoast SEO Premium plugin. -->","yoast_head_json":{"title":"Carta de Cores Datacolor SpyderCHECKR 24 | Comuna Studios &amp; Equipment Rental","robots":{"index":"index","follow":"follow","max-snippet":"max-snippet:-1","max-image-preview":"max-image-preview:large","max-video-preview":"max-video-preview:-1"},"canonical":"https:\/\/comuna.pt\/pt-pt\/product\/carta-de-cores-datacolor-spydercheckr-24\/","og_locale":"pt_PT","og_type":"article","og_title":"Carta de Cores Datacolor SpyderCHECKR 24","og_description":"Quer esteja a captar imagens fixas ou em movimento, pode utilizar a Carta de Cores Datacolor SpyderCHECKR 24 para equilibrar as cores de forma eficaz. Com 24 amostras de cores saturadas, beneficia de pigmentos de tamanho real desenhados espetralmente, bem como de duas amostras de tons de pele e seis amostras de rampa de cinzentos. [&hellip;]","og_url":"https:\/\/comuna.pt\/pt-pt\/product\/carta-de-cores-datacolor-spydercheckr-24\/","og_site_name":"Comuna Studios &amp; Equipment Rental","article_publisher":"http:\/\/facebook.com\/comuna.rental","article_modified_time":"2026-02-19T19:01:30+00:00","og_image":[{"width":500,"height":500,"url":"https:\/\/comuna.pt\/wp-content\/uploads\/2023\/07\/71czesSAjXL._AC_SL1500_.jpg","type":"image\/jpeg"}],"twitter_card":"summary_large_image","twitter_misc":{"pre\u00e7o":"&euro;5,00 + 23% VAT","Disponibilidade":"Em stock"},"schema":{"@context":"https:\/\/schema.org","@graph":[{"@type":["WebPage","ItemPage"],"@id":"https:\/\/comuna.pt\/pt-pt\/product\/carta-de-cores-datacolor-spydercheckr-24\/","url":"https:\/\/comuna.pt\/pt-pt\/product\/carta-de-cores-datacolor-spydercheckr-24\/","name":"Carta de Cores Datacolor SpyderCHECKR 24 | Comuna Studios &amp; Equipment Rental","isPartOf":{"@id":"https:\/\/comuna.pt\/pt-pt\/#website"},"primaryImageOfPage":{"@id":"https:\/\/comuna.pt\/pt-pt\/product\/carta-de-cores-datacolor-spydercheckr-24\/#primaryimage"},"image":{"@id":"https:\/\/comuna.pt\/pt-pt\/product\/carta-de-cores-datacolor-spydercheckr-24\/#primaryimage"},"thumbnailUrl":"https:\/\/comuna.pt\/wp-content\/uploads\/2023\/07\/71czesSAjXL._AC_SL1500_.jpg","datePublished":"2023-07-06T15:08:41+00:00","dateModified":"2026-02-19T19:01:30+00:00","breadcrumb":{"@id":"https:\/\/comuna.pt\/pt-pt\/product\/carta-de-cores-datacolor-spydercheckr-24\/#breadcrumb"},"inLanguage":"pt-PT","potentialAction":[{"@type":"ReadAction","target":["https:\/\/comuna.pt\/pt-pt\/product\/carta-de-cores-datacolor-spydercheckr-24\/"]}]},{"@type":"ImageObject","inLanguage":"pt-PT","@id":"https:\/\/comuna.pt\/pt-pt\/product\/carta-de-cores-datacolor-spydercheckr-24\/#primaryimage","url":"https:\/\/comuna.pt\/wp-content\/uploads\/2023\/07\/71czesSAjXL._AC_SL1500_.jpg","contentUrl":"https:\/\/comuna.pt\/wp-content\/uploads\/2023\/07\/71czesSAjXL._AC_SL1500_.jpg","width":500,"height":500},{"@type":"BreadcrumbList","@id":"https:\/\/comuna.pt\/pt-pt\/product\/carta-de-cores-datacolor-spydercheckr-24\/#breadcrumb","itemListElement":[{"@type":"ListItem","position":1,"name":"Home","item":"https:\/\/comuna.pt\/pt-pt\/"},{"@type":"ListItem","position":2,"name":"Produtos"},{"@type":"ListItem","position":3,"name":"Acess\u00f3rios","item":"https:\/\/comuna.pt\/pt-pt\/Categoria\/acessorios\/"},{"@type":"ListItem","position":4,"name":"Carta de Cores Datacolor SpyderCHECKR 24"}]},{"@type":"WebSite","@id":"https:\/\/comuna.pt\/pt-pt\/#website","url":"https:\/\/comuna.pt\/pt-pt\/","name":"Comuna Rental House","description":"Photo studios, Podcast &amp; Equipment Rental","publisher":{"@id":"https:\/\/comuna.pt\/pt-pt\/#organization"},"alternateName":"Comuna Filmmaking Equipment Rental","potentialAction":[{"@type":"SearchAction","target":{"@type":"EntryPoint","urlTemplate":"https:\/\/comuna.pt\/pt-pt\/?s={search_term_string}"},"query-input":{"@type":"PropertyValueSpecification","valueRequired":true,"valueName":"search_term_string"}}],"inLanguage":"pt-PT"},{"@type":"Organization","@id":"https:\/\/comuna.pt\/pt-pt\/#organization","name":"Comuna Rental House","url":"https:\/\/comuna.pt\/pt-pt\/","logo":{"@type":"ImageObject","inLanguage":"pt-PT","@id":"https:\/\/comuna.pt\/pt-pt\/#\/schema\/logo\/image\/","url":"https:\/\/comuna.pt\/wp-content\/uploads\/2024\/03\/comuna_logo_website.png","contentUrl":"https:\/\/comuna.pt\/wp-content\/uploads\/2024\/03\/comuna_logo_website.png","width":2000,"height":262,"caption":"Comuna Rental House"},"image":{"@id":"https:\/\/comuna.pt\/pt-pt\/#\/schema\/logo\/image\/"},"sameAs":["http:\/\/facebook.com\/comuna.rental","https:\/\/www.instagram.com\/comuna_rental","https:\/\/www.linkedin.com\/company\/96410498"]}]},"product_price_amount":"5.00","product_price_currency":"EUR","og_availability":"instock","product_availability":"instock","product_condition":"new"},"_links":{"self":[{"href":"https:\/\/comuna.pt\/pt-pt\/wp-json\/wp\/v2\/product\/20352","targetHints":{"allow":["GET"]}}],"collection":[{"href":"https:\/\/comuna.pt\/pt-pt\/wp-json\/wp\/v2\/product"}],"about":[{"href":"https:\/\/comuna.pt\/pt-pt\/wp-json\/wp\/v2\/types\/product"}],"version-history":[{"count":1,"href":"https:\/\/comuna.pt\/pt-pt\/wp-json\/wp\/v2\/product\/20352\/revisions"}],"predecessor-version":[{"id":20358,"href":"https:\/\/comuna.pt\/pt-pt\/wp-json\/wp\/v2\/product\/20352\/revisions\/20358"}],"wp:featuredmedia":[{"embeddable":true,"href":"https:\/\/comuna.pt\/pt-pt\/wp-json\/wp\/v2\/media\/2008"}],"wp:attachment":[{"href":"https:\/\/comuna.pt\/pt-pt\/wp-json\/wp\/v2\/media?parent=20352"}],"wp:term":[{"taxonomy":"product_brand","embeddable":true,"href":"https:\/\/comuna.pt\/pt-pt\/wp-json\/wp\/v2\/product_brand?post=20352"},{"taxonomy":"product_cat","embeddable":true,"href":"https:\/\/comuna.pt\/pt-pt\/wp-json\/wp\/v2\/product_cat?post=20352"},{"taxonomy":"product_tag","embeddable":true,"href":"https:\/\/comuna.pt\/pt-pt\/wp-json\/wp\/v2\/product_tag?post=20352"}],"curies":[{"name":"wp","href":"https:\/\/api.w.org\/{rel}","templated":true}]}}