{"id":20048,"date":"2023-09-19T20:17:40","date_gmt":"2023-09-19T19:17:40","guid":{"rendered":"https:\/\/comuna.pt\/product\/gopro-hero11-black\/"},"modified":"2026-02-19T19:01:30","modified_gmt":"2026-02-19T19:01:30","slug":"gopro-hero11-black","status":"publish","type":"product","link":"https:\/\/comuna.pt\/pt-pt\/product\/gopro-hero11-black\/","title":{"rendered":"GoPro HERO11 Black"},"content":{"rendered":"<div class=\"booqable-product-button\" data-id=\"gopro-hero11-black\"><\/div>\n<p><strong>O que est\u00e1 inclu\u00eddo:<\/strong><\/p>\n<ul>\n<li>1x GoPro HERO11 Black<\/li>\n<li>1x Cart\u00e3o Micro SD 128GB<\/li>\n<li>3x Bateria GoPro SPBL 1B-C<\/li>\n<li>1x Carregador de baterias<\/li>\n<li>1x Cabo USB-C<\/li>\n<li>1x Suporte de mola (Clip mount)<\/li>\n<li>1x Suporte 3\/8<\/li>\n<li>2x Suporte de peito (Chest mount)<\/li>\n<li>2x Parafuso de montagem<\/li>\n<li>1x Capa de silicone<\/li>\n<li>1x Tampa de lente em silicone<\/li>\n<li>1x Adaptador Micro SD<\/li>\n<li>1x Fita para a c\u00e2mara<\/li>\n<li>1x Bolsa de transporte (Softcase)<\/li>\n<\/ul>\n<p>&nbsp;<br \/>\nApresentamos a <a href=\"https:\/\/gopro.com\/pt\/br\/shop\/cameras\/hero11-black\/CHDHX-111-master.html\">GoPro<\/a> HERO11 Black: uma <a href=\"https:\/\/comuna.pt\/camera\/\">c\u00e2mara<\/a> de a\u00e7\u00e3o de elite feita \u00e0 medida para captar v\u00eddeos POV din\u00e2micos at\u00e9 5.3K60, com atributos digitais avan\u00e7ados e um robusto sensor de 27MP com conectividade Wi-Fi. Experiencie a estabiliza\u00e7\u00e3o HyperSmooth 5.0, garantindo imagens de alta qualidade e um alinhamento preciso atrav\u00e9s da tecnologia de bloqueio de horizonte (Horizon Lock). Aluguer de GoPro HERO11 Black em Lisboa.<\/p>\n<p>Funcionalidades Digitais Melhoradas: O inovador sensor de imagem permite vistas alargadas, permitindo fazer zoom, recortes, altera\u00e7\u00f5es de lente e ajustes de r\u00e1cio de aspeto (aspect ratio), preservando sempre a textura e a nitidez. O v\u00eddeo 5.3K proporciona imagens detalhadas e cinematogr\u00e1ficas, enquanto o v\u00eddeo 2.7K a 240 frames por segundo permite uma reprodu\u00e7\u00e3o em slow-motion de 8x. HyperSmooth 5.0: O HyperSmooth atualizado agora inclui Horizon Lock para uma estabiliza\u00e7\u00e3o superior numa rela\u00e7\u00e3o de aspeto de 4:3, oferecendo a m\u00e1xima estabilidade com o m\u00ednimo de recorte de imagem gra\u00e7as ao AutoBoost. Efeitos Noturnos: Envolva-se em Efeitos Noturnos criativos, como o Star Trails (Rastos de Estrelas), que aproveita a rota\u00e7\u00e3o da Terra para criar rastos de luz celestiais, o Light Painting para transformar luz em movimento em tra\u00e7os art\u00edsticos, e o Vehicle Light Trails para captar o movimento do tr\u00e1fego noturno. Funcionalidades Adicionais Melhoradas: Escolha entre op\u00e7\u00f5es de cor de 8-bit ou 10-bit para grada\u00e7\u00f5es mais suaves nas suas filmagens. A lente digital exclusiva <a href=\"https:\/\/community.gopro.com\/s\/article\/What-Is-HyperView?language=en_US\">HyperView<\/a> transforma material gravado no r\u00e1cio 8:7 num plano grande angular 16:9, ideal para v\u00eddeos POV envolventes. Fa\u00e7a facilmente o upload das suas imagens para a cloud atrav\u00e9s do Wi-Fi, onde um v\u00eddeo de melhores momentos estar\u00e1 \u00e0 espera no seu telefone para edi\u00e7\u00f5es sincronizadas com a batida da m\u00fasica. \u00c0 Prova de \u00c1gua, Resistente e Dur\u00e1vel: Com um design \u00e0 prova de \u00e1gua at\u00e9 10 metros (33&#8242;), uma tampa de lente repelente de \u00e1gua para imagens cristalinas e uma bateria recarreg\u00e1vel melhorada de 1720mAh Enduro, a HERO11 Black mant\u00e9m-se resiliente a diversas condi\u00e7\u00f5es meteorol\u00f3gicas. Alugue uma GoPro HERO11 em Lisboa.<\/p>\n<p>&nbsp;<\/p>\n","protected":false},"excerpt":{"rendered":"<p>O que est\u00e1 inclu\u00eddo: 1x GoPro HERO11 Black 1x Cart\u00e3o Micro SD 128GB 3x Bateria GoPro SPBL 1B-C 1x Carregador de baterias 1x Cabo USB-C 1x Suporte de mola (Clip mount) 1x Suporte 3\/8 2x Suporte de peito (Chest mount) 2x Parafuso de montagem 1x Capa de silicone 1x Tampa de lente em silicone 1x [&hellip;]<\/p>\n","protected":false},"featured_media":20319,"template":"","meta":[],"product_brand":[],"product_cat":[805864],"product_tag":[],"class_list":{"0":"post-20048","1":"product","2":"type-product","3":"status-publish","4":"has-post-thumbnail","6":"product_cat-camaras","8":"first","9":"instock","10":"taxable","11":"shipping-taxable","12":"purchasable","13":"product-type-simple"},"yoast_head":"<!-- This site is optimized with the Yoast SEO Premium plugin v27.3 (Yoast SEO v27.4) - https:\/\/yoast.com\/product\/yoast-seo-premium-wordpress\/ -->\n<title>Aluguer de GoPro HERO11 em Lisboa | Comuna Rental House<\/title>\n<meta name=\"description\" content=\"Aluguer de GoPro HERO11 em Lisboa. Equipamento de videografia, fotografia e cinema. C\u00e2maras, lentes, ilumina\u00e7\u00e3o. Entregamos em todo o Portugal.\" \/>\n<meta name=\"robots\" content=\"index, follow, max-snippet:-1, max-image-preview:large, max-video-preview:-1\" \/>\n<link rel=\"canonical\" href=\"https:\/\/comuna.pt\/pt-pt\/product\/gopro-hero11-black\/\" \/>\n<meta property=\"og:locale\" content=\"pt_PT\" \/>\n<meta property=\"og:type\" content=\"article\" \/>\n<meta property=\"og:title\" content=\"GoPro HERO11 Black\" \/>\n<meta property=\"og:description\" content=\"Aluguer de GoPro HERO11 em Lisboa. Equipamento de videografia, fotografia e cinema. C\u00e2maras, lentes, ilumina\u00e7\u00e3o. Entregamos em todo o Portugal.\" \/>\n<meta property=\"og:url\" content=\"https:\/\/comuna.pt\/pt-pt\/product\/gopro-hero11-black\/\" \/>\n<meta property=\"og:site_name\" content=\"Comuna Studios &amp; Equipment Rental\" \/>\n<meta property=\"article:publisher\" content=\"http:\/\/facebook.com\/comuna.rental\" \/>\n<meta property=\"article:modified_time\" content=\"2026-02-19T19:01:30+00:00\" \/>\n<meta property=\"og:image\" content=\"https:\/\/comuna.pt\/wp-content\/uploads\/2023\/09\/61pFXLhCSWL._AC_SL1500_.jpg\" \/>\n\t<meta property=\"og:image:width\" content=\"1470\" \/>\n\t<meta property=\"og:image:height\" content=\"1334\" \/>\n\t<meta property=\"og:image:type\" content=\"image\/jpeg\" \/>\n<meta name=\"twitter:card\" content=\"summary_large_image\" \/>\n<meta name=\"twitter:label1\" content=\"pre\u00e7o\" \/>\n\t<meta name=\"twitter:data1\" content=\"&euro;25,00 + 23% VAT\" \/>\n\t<meta name=\"twitter:label2\" content=\"Disponibilidade\" \/>\n\t<meta name=\"twitter:data2\" content=\"Em stock\" \/>\n<script type=\"application\/ld+json\" class=\"yoast-schema-graph\">{\"@context\":\"https:\\\/\\\/schema.org\",\"@graph\":[{\"@type\":[\"WebPage\",\"ItemPage\"],\"@id\":\"https:\\\/\\\/comuna.pt\\\/pt-pt\\\/product\\\/gopro-hero11-black\\\/\",\"url\":\"https:\\\/\\\/comuna.pt\\\/pt-pt\\\/product\\\/gopro-hero11-black\\\/\",\"name\":\"Aluguer de GoPro HERO11 em Lisboa | Comuna Rental House\",\"isPartOf\":{\"@id\":\"https:\\\/\\\/comuna.pt\\\/pt-pt\\\/#website\"},\"primaryImageOfPage\":{\"@id\":\"https:\\\/\\\/comuna.pt\\\/pt-pt\\\/product\\\/gopro-hero11-black\\\/#primaryimage\"},\"image\":{\"@id\":\"https:\\\/\\\/comuna.pt\\\/pt-pt\\\/product\\\/gopro-hero11-black\\\/#primaryimage\"},\"thumbnailUrl\":\"https:\\\/\\\/comuna.pt\\\/wp-content\\\/uploads\\\/2023\\\/09\\\/61pFXLhCSWL._AC_SL1500_.jpg\",\"datePublished\":\"2023-09-19T19:17:40+00:00\",\"dateModified\":\"2026-02-19T19:01:30+00:00\",\"description\":\"Aluguer de GoPro HERO11 em Lisboa. Equipamento de videografia, fotografia e cinema. C\u00e2maras, lentes, ilumina\u00e7\u00e3o. Entregamos em todo o Portugal.\",\"breadcrumb\":{\"@id\":\"https:\\\/\\\/comuna.pt\\\/pt-pt\\\/product\\\/gopro-hero11-black\\\/#breadcrumb\"},\"inLanguage\":\"pt-PT\",\"potentialAction\":[{\"@type\":\"ReadAction\",\"target\":[\"https:\\\/\\\/comuna.pt\\\/pt-pt\\\/product\\\/gopro-hero11-black\\\/\"]}]},{\"@type\":\"ImageObject\",\"inLanguage\":\"pt-PT\",\"@id\":\"https:\\\/\\\/comuna.pt\\\/pt-pt\\\/product\\\/gopro-hero11-black\\\/#primaryimage\",\"url\":\"https:\\\/\\\/comuna.pt\\\/wp-content\\\/uploads\\\/2023\\\/09\\\/61pFXLhCSWL._AC_SL1500_.jpg\",\"contentUrl\":\"https:\\\/\\\/comuna.pt\\\/wp-content\\\/uploads\\\/2023\\\/09\\\/61pFXLhCSWL._AC_SL1500_.jpg\",\"width\":1470,\"height\":1334},{\"@type\":\"BreadcrumbList\",\"@id\":\"https:\\\/\\\/comuna.pt\\\/pt-pt\\\/product\\\/gopro-hero11-black\\\/#breadcrumb\",\"itemListElement\":[{\"@type\":\"ListItem\",\"position\":1,\"name\":\"Home\",\"item\":\"https:\\\/\\\/comuna.pt\\\/pt-pt\\\/\"},{\"@type\":\"ListItem\",\"position\":2,\"name\":\"Produtos\"},{\"@type\":\"ListItem\",\"position\":3,\"name\":\"GoPro HERO11 Black\"}]},{\"@type\":\"WebSite\",\"@id\":\"https:\\\/\\\/comuna.pt\\\/pt-pt\\\/#website\",\"url\":\"https:\\\/\\\/comuna.pt\\\/pt-pt\\\/\",\"name\":\"Comuna Rental House\",\"description\":\"Photo studios, Podcast &amp; Equipment Rental\",\"publisher\":{\"@id\":\"https:\\\/\\\/comuna.pt\\\/pt-pt\\\/#organization\"},\"alternateName\":\"Comuna Filmmaking Equipment Rental\",\"potentialAction\":[{\"@type\":\"SearchAction\",\"target\":{\"@type\":\"EntryPoint\",\"urlTemplate\":\"https:\\\/\\\/comuna.pt\\\/pt-pt\\\/?s={search_term_string}\"},\"query-input\":{\"@type\":\"PropertyValueSpecification\",\"valueRequired\":true,\"valueName\":\"search_term_string\"}}],\"inLanguage\":\"pt-PT\"},{\"@type\":\"Organization\",\"@id\":\"https:\\\/\\\/comuna.pt\\\/pt-pt\\\/#organization\",\"name\":\"Comuna Rental House\",\"url\":\"https:\\\/\\\/comuna.pt\\\/pt-pt\\\/\",\"logo\":{\"@type\":\"ImageObject\",\"inLanguage\":\"pt-PT\",\"@id\":\"https:\\\/\\\/comuna.pt\\\/pt-pt\\\/#\\\/schema\\\/logo\\\/image\\\/\",\"url\":\"https:\\\/\\\/comuna.pt\\\/wp-content\\\/uploads\\\/2024\\\/03\\\/comuna_logo_website.png\",\"contentUrl\":\"https:\\\/\\\/comuna.pt\\\/wp-content\\\/uploads\\\/2024\\\/03\\\/comuna_logo_website.png\",\"width\":2000,\"height\":262,\"caption\":\"Comuna Rental House\"},\"image\":{\"@id\":\"https:\\\/\\\/comuna.pt\\\/pt-pt\\\/#\\\/schema\\\/logo\\\/image\\\/\"},\"sameAs\":[\"http:\\\/\\\/facebook.com\\\/comuna.rental\",\"https:\\\/\\\/www.instagram.com\\\/comuna_rental\",\"https:\\\/\\\/www.linkedin.com\\\/company\\\/96410498\"]}]}<\/script>\n<meta property=\"product:price:amount\" content=\"25.00\" \/>\n<meta property=\"product:price:currency\" content=\"EUR\" \/>\n<meta property=\"og:availability\" content=\"instock\" \/>\n<meta property=\"product:availability\" content=\"instock\" \/>\n<meta property=\"product:condition\" content=\"new\" \/>\n<!-- \/ Yoast SEO Premium plugin. -->","yoast_head_json":{"title":"Aluguer de GoPro HERO11 em Lisboa | Comuna Rental House","description":"Aluguer de GoPro HERO11 em Lisboa. Equipamento de videografia, fotografia e cinema. C\u00e2maras, lentes, ilumina\u00e7\u00e3o. Entregamos em todo o Portugal.","robots":{"index":"index","follow":"follow","max-snippet":"max-snippet:-1","max-image-preview":"max-image-preview:large","max-video-preview":"max-video-preview:-1"},"canonical":"https:\/\/comuna.pt\/pt-pt\/product\/gopro-hero11-black\/","og_locale":"pt_PT","og_type":"article","og_title":"GoPro HERO11 Black","og_description":"Aluguer de GoPro HERO11 em Lisboa. Equipamento de videografia, fotografia e cinema. C\u00e2maras, lentes, ilumina\u00e7\u00e3o. Entregamos em todo o Portugal.","og_url":"https:\/\/comuna.pt\/pt-pt\/product\/gopro-hero11-black\/","og_site_name":"Comuna Studios &amp; Equipment Rental","article_publisher":"http:\/\/facebook.com\/comuna.rental","article_modified_time":"2026-02-19T19:01:30+00:00","og_image":[{"width":1470,"height":1334,"url":"https:\/\/comuna.pt\/wp-content\/uploads\/2023\/09\/61pFXLhCSWL._AC_SL1500_.jpg","type":"image\/jpeg"}],"twitter_card":"summary_large_image","twitter_misc":{"pre\u00e7o":"&euro;25,00 + 23% VAT","Disponibilidade":"Em stock"},"schema":{"@context":"https:\/\/schema.org","@graph":[{"@type":["WebPage","ItemPage"],"@id":"https:\/\/comuna.pt\/pt-pt\/product\/gopro-hero11-black\/","url":"https:\/\/comuna.pt\/pt-pt\/product\/gopro-hero11-black\/","name":"Aluguer de GoPro HERO11 em Lisboa | Comuna Rental House","isPartOf":{"@id":"https:\/\/comuna.pt\/pt-pt\/#website"},"primaryImageOfPage":{"@id":"https:\/\/comuna.pt\/pt-pt\/product\/gopro-hero11-black\/#primaryimage"},"image":{"@id":"https:\/\/comuna.pt\/pt-pt\/product\/gopro-hero11-black\/#primaryimage"},"thumbnailUrl":"https:\/\/comuna.pt\/wp-content\/uploads\/2023\/09\/61pFXLhCSWL._AC_SL1500_.jpg","datePublished":"2023-09-19T19:17:40+00:00","dateModified":"2026-02-19T19:01:30+00:00","description":"Aluguer de GoPro HERO11 em Lisboa. Equipamento de videografia, fotografia e cinema. C\u00e2maras, lentes, ilumina\u00e7\u00e3o. Entregamos em todo o Portugal.","breadcrumb":{"@id":"https:\/\/comuna.pt\/pt-pt\/product\/gopro-hero11-black\/#breadcrumb"},"inLanguage":"pt-PT","potentialAction":[{"@type":"ReadAction","target":["https:\/\/comuna.pt\/pt-pt\/product\/gopro-hero11-black\/"]}]},{"@type":"ImageObject","inLanguage":"pt-PT","@id":"https:\/\/comuna.pt\/pt-pt\/product\/gopro-hero11-black\/#primaryimage","url":"https:\/\/comuna.pt\/wp-content\/uploads\/2023\/09\/61pFXLhCSWL._AC_SL1500_.jpg","contentUrl":"https:\/\/comuna.pt\/wp-content\/uploads\/2023\/09\/61pFXLhCSWL._AC_SL1500_.jpg","width":1470,"height":1334},{"@type":"BreadcrumbList","@id":"https:\/\/comuna.pt\/pt-pt\/product\/gopro-hero11-black\/#breadcrumb","itemListElement":[{"@type":"ListItem","position":1,"name":"Home","item":"https:\/\/comuna.pt\/pt-pt\/"},{"@type":"ListItem","position":2,"name":"Produtos"},{"@type":"ListItem","position":3,"name":"GoPro HERO11 Black"}]},{"@type":"WebSite","@id":"https:\/\/comuna.pt\/pt-pt\/#website","url":"https:\/\/comuna.pt\/pt-pt\/","name":"Comuna Rental House","description":"Photo studios, Podcast &amp; Equipment Rental","publisher":{"@id":"https:\/\/comuna.pt\/pt-pt\/#organization"},"alternateName":"Comuna Filmmaking Equipment Rental","potentialAction":[{"@type":"SearchAction","target":{"@type":"EntryPoint","urlTemplate":"https:\/\/comuna.pt\/pt-pt\/?s={search_term_string}"},"query-input":{"@type":"PropertyValueSpecification","valueRequired":true,"valueName":"search_term_string"}}],"inLanguage":"pt-PT"},{"@type":"Organization","@id":"https:\/\/comuna.pt\/pt-pt\/#organization","name":"Comuna Rental House","url":"https:\/\/comuna.pt\/pt-pt\/","logo":{"@type":"ImageObject","inLanguage":"pt-PT","@id":"https:\/\/comuna.pt\/pt-pt\/#\/schema\/logo\/image\/","url":"https:\/\/comuna.pt\/wp-content\/uploads\/2024\/03\/comuna_logo_website.png","contentUrl":"https:\/\/comuna.pt\/wp-content\/uploads\/2024\/03\/comuna_logo_website.png","width":2000,"height":262,"caption":"Comuna Rental House"},"image":{"@id":"https:\/\/comuna.pt\/pt-pt\/#\/schema\/logo\/image\/"},"sameAs":["http:\/\/facebook.com\/comuna.rental","https:\/\/www.instagram.com\/comuna_rental","https:\/\/www.linkedin.com\/company\/96410498"]}]},"product_price_amount":"25.00","product_price_currency":"EUR","og_availability":"instock","product_availability":"instock","product_condition":"new"},"_links":{"self":[{"href":"https:\/\/comuna.pt\/pt-pt\/wp-json\/wp\/v2\/product\/20048","targetHints":{"allow":["GET"]}}],"collection":[{"href":"https:\/\/comuna.pt\/pt-pt\/wp-json\/wp\/v2\/product"}],"about":[{"href":"https:\/\/comuna.pt\/pt-pt\/wp-json\/wp\/v2\/types\/product"}],"version-history":[{"count":2,"href":"https:\/\/comuna.pt\/pt-pt\/wp-json\/wp\/v2\/product\/20048\/revisions"}],"predecessor-version":[{"id":20321,"href":"https:\/\/comuna.pt\/pt-pt\/wp-json\/wp\/v2\/product\/20048\/revisions\/20321"}],"wp:featuredmedia":[{"embeddable":true,"href":"https:\/\/comuna.pt\/pt-pt\/wp-json\/wp\/v2\/media\/20319"}],"wp:attachment":[{"href":"https:\/\/comuna.pt\/pt-pt\/wp-json\/wp\/v2\/media?parent=20048"}],"wp:term":[{"taxonomy":"product_brand","embeddable":true,"href":"https:\/\/comuna.pt\/pt-pt\/wp-json\/wp\/v2\/product_brand?post=20048"},{"taxonomy":"product_cat","embeddable":true,"href":"https:\/\/comuna.pt\/pt-pt\/wp-json\/wp\/v2\/product_cat?post=20048"},{"taxonomy":"product_tag","embeddable":true,"href":"https:\/\/comuna.pt\/pt-pt\/wp-json\/wp\/v2\/product_tag?post=20048"}],"curies":[{"name":"wp","href":"https:\/\/api.w.org\/{rel}","templated":true}]}}