{"id":19756,"date":"2023-11-29T18:35:26","date_gmt":"2023-11-29T18:35:26","guid":{"rendered":"https:\/\/comuna.pt\/product\/aputure-ls-1200d-pro\/"},"modified":"2026-02-19T18:52:08","modified_gmt":"2026-02-19T18:52:08","slug":"aputure-ls-1200d-pro","status":"publish","type":"product","link":"https:\/\/comuna.pt\/pt-pt\/product\/aputure-ls-1200d-pro\/","title":{"rendered":"Aputure LS 1200d Pro"},"content":{"rendered":"<div class=\"booqable-product-button\" data-id=\"aputure-ls-1200d-pro-led-light-kit\"><\/div>\n<p>A Aputure LS 1200d Pro LED \u00e9 uma lumin\u00e1ria profissional concebida para a ind\u00fastria de cinema e fotografia. Com uma constru\u00e7\u00e3o robusta e resistente \u00e0s intemp\u00e9ries, responde \u00e0s exig\u00eancias de ambientes de est\u00fadio e exteriores. Esta luz de alta pot\u00eancia, daylight-balanced (equilibrada para luz de dia), inclui tr\u00eas tipos de hiper refletores para controlar o \u00e2ngulo do feixe, adaptando-se a diversas necessidades criativas. <strong>O que est\u00e1 inclu\u00eddo no aluguer:<\/strong><\/p>\n<ul>\n<li>Projetor LED Aputure LS 1200d Pro<\/li>\n<li>Cabe\u00e7a de L\u00e2mpada (Lamp Head)<\/li>\n<li>Unidade de Controlo (Control Box)<\/li>\n<li>Hiper Refletor<\/li>\n<li>Cabo de Cabe\u00e7a Resistente a Intemp\u00e9ries<\/li>\n<li>Cabo AC Neutrik<\/li>\n<li>Garra de Ilumina\u00e7\u00e3o (Lightning Clamp)<\/li>\n<li>Mala de Transporte com Rodas<\/li>\n<li>Hiper Refletor Estreito BM1215<\/li>\n<li>Hiper Refletor M\u00e9dio BM1230<\/li>\n<li>Hiper Refletor Largo BM1245<\/li>\n<li>Mala de Transporte para Refletores<\/li>\n<\/ul>\n<p>A <a href=\"https:\/\/www.aputure.com\/\">Aputure<\/a> LS 1200d Pro LED representa um avan\u00e7o significativo no equipamento de ilumina\u00e7\u00e3o profissional&#8230;<\/p>\n","protected":false},"excerpt":{"rendered":"<p>A Aputure LS 1200d Pro LED \u00e9 uma lumin\u00e1ria profissional concebida para a ind\u00fastria de cinema e fotografia. Com uma constru\u00e7\u00e3o robusta e resistente \u00e0s intemp\u00e9ries, responde \u00e0s exig\u00eancias de ambientes de est\u00fadio e exteriores. Esta luz de alta pot\u00eancia, daylight-balanced (equilibrada para luz de dia), inclui tr\u00eas tipos de hiper refletores para controlar o [&hellip;]<\/p>\n","protected":false},"featured_media":19757,"template":"","meta":[],"product_brand":[],"product_cat":[805875],"product_tag":[],"class_list":{"0":"post-19756","1":"product","2":"type-product","3":"status-publish","4":"has-post-thumbnail","6":"product_cat-iluminacao","8":"first","9":"instock","10":"taxable","11":"shipping-taxable","12":"purchasable","13":"product-type-simple"},"yoast_head":"<!-- This site is optimized with the Yoast SEO Premium plugin v27.3 (Yoast SEO v27.4) - https:\/\/yoast.com\/product\/yoast-seo-premium-wordpress\/ -->\n<title>Aputure LS 1200d Pro LED Light para alugar em Lisboa | Comuna Studios &amp; Equipment Rental<\/title>\n<meta name=\"description\" content=\"Experimente o melhor em ilumina\u00e7\u00e3o para a sua pr\u00f3xima filmagem com o nosso aluguer de luzes LED Aputure LS 1200d Pro em Lisboa. Perfeito para solu\u00e7\u00f5es de ilumina\u00e7\u00e3o profissional.\" \/>\n<meta name=\"robots\" content=\"index, follow, max-snippet:-1, max-image-preview:large, max-video-preview:-1\" \/>\n<link rel=\"canonical\" href=\"https:\/\/comuna.pt\/pt-pt\/product\/aputure-ls-1200d-pro\/\" \/>\n<meta property=\"og:locale\" content=\"pt_PT\" \/>\n<meta property=\"og:type\" content=\"article\" \/>\n<meta property=\"og:title\" content=\"Aputure LS 1200d Pro\" \/>\n<meta property=\"og:description\" content=\"Experimente o melhor em ilumina\u00e7\u00e3o para a sua pr\u00f3xima filmagem com o nosso aluguer de luzes LED Aputure LS 1200d Pro em Lisboa. Perfeito para solu\u00e7\u00f5es de ilumina\u00e7\u00e3o profissional.\" \/>\n<meta property=\"og:url\" content=\"https:\/\/comuna.pt\/pt-pt\/product\/aputure-ls-1200d-pro\/\" \/>\n<meta property=\"og:site_name\" content=\"Comuna Studios &amp; Equipment Rental\" \/>\n<meta property=\"article:publisher\" content=\"http:\/\/facebook.com\/comuna.rental\" \/>\n<meta property=\"article:modified_time\" content=\"2026-02-19T18:52:08+00:00\" \/>\n<meta property=\"og:image\" content=\"https:\/\/comuna.pt\/wp-content\/uploads\/2023\/11\/1645785981_IMG_1703660.jpg\" \/>\n\t<meta property=\"og:image:width\" content=\"500\" \/>\n\t<meta property=\"og:image:height\" content=\"500\" \/>\n\t<meta property=\"og:image:type\" content=\"image\/jpeg\" \/>\n<meta name=\"twitter:card\" content=\"summary_large_image\" \/>\n<meta name=\"twitter:label1\" content=\"pre\u00e7o\" \/>\n\t<meta name=\"twitter:data1\" content=\"&euro;155,00 + 23% VAT\" \/>\n\t<meta name=\"twitter:label2\" content=\"Disponibilidade\" \/>\n\t<meta name=\"twitter:data2\" content=\"Em stock\" \/>\n<script type=\"application\/ld+json\" class=\"yoast-schema-graph\">{\"@context\":\"https:\\\/\\\/schema.org\",\"@graph\":[{\"@type\":[\"WebPage\",\"ItemPage\"],\"@id\":\"https:\\\/\\\/comuna.pt\\\/pt-pt\\\/product\\\/aputure-ls-1200d-pro\\\/\",\"url\":\"https:\\\/\\\/comuna.pt\\\/pt-pt\\\/product\\\/aputure-ls-1200d-pro\\\/\",\"name\":\"Aputure LS 1200d Pro LED Light para alugar em Lisboa | Comuna Studios &amp; Equipment Rental\",\"isPartOf\":{\"@id\":\"https:\\\/\\\/comuna.pt\\\/pt-pt\\\/#website\"},\"primaryImageOfPage\":{\"@id\":\"https:\\\/\\\/comuna.pt\\\/pt-pt\\\/product\\\/aputure-ls-1200d-pro\\\/#primaryimage\"},\"image\":{\"@id\":\"https:\\\/\\\/comuna.pt\\\/pt-pt\\\/product\\\/aputure-ls-1200d-pro\\\/#primaryimage\"},\"thumbnailUrl\":\"https:\\\/\\\/comuna.pt\\\/wp-content\\\/uploads\\\/2023\\\/11\\\/1645785981_IMG_1703660.jpg\",\"datePublished\":\"2023-11-29T18:35:26+00:00\",\"dateModified\":\"2026-02-19T18:52:08+00:00\",\"description\":\"Experimente o melhor em ilumina\u00e7\u00e3o para a sua pr\u00f3xima filmagem com o nosso aluguer de luzes LED Aputure LS 1200d Pro em Lisboa. Perfeito para solu\u00e7\u00f5es de ilumina\u00e7\u00e3o profissional.\",\"breadcrumb\":{\"@id\":\"https:\\\/\\\/comuna.pt\\\/pt-pt\\\/product\\\/aputure-ls-1200d-pro\\\/#breadcrumb\"},\"inLanguage\":\"pt-PT\",\"potentialAction\":[{\"@type\":\"ReadAction\",\"target\":[\"https:\\\/\\\/comuna.pt\\\/pt-pt\\\/product\\\/aputure-ls-1200d-pro\\\/\"]}]},{\"@type\":\"ImageObject\",\"inLanguage\":\"pt-PT\",\"@id\":\"https:\\\/\\\/comuna.pt\\\/pt-pt\\\/product\\\/aputure-ls-1200d-pro\\\/#primaryimage\",\"url\":\"https:\\\/\\\/comuna.pt\\\/wp-content\\\/uploads\\\/2023\\\/11\\\/1645785981_IMG_1703660.jpg\",\"contentUrl\":\"https:\\\/\\\/comuna.pt\\\/wp-content\\\/uploads\\\/2023\\\/11\\\/1645785981_IMG_1703660.jpg\",\"width\":500,\"height\":500},{\"@type\":\"BreadcrumbList\",\"@id\":\"https:\\\/\\\/comuna.pt\\\/pt-pt\\\/product\\\/aputure-ls-1200d-pro\\\/#breadcrumb\",\"itemListElement\":[{\"@type\":\"ListItem\",\"position\":1,\"name\":\"Home\",\"item\":\"https:\\\/\\\/comuna.pt\\\/pt-pt\\\/\"},{\"@type\":\"ListItem\",\"position\":2,\"name\":\"Produtos\"},{\"@type\":\"ListItem\",\"position\":3,\"name\":\"Ilumina\u00e7\u00e3o\",\"item\":\"https:\\\/\\\/comuna.pt\\\/pt-pt\\\/Categoria\\\/iluminacao\\\/\"},{\"@type\":\"ListItem\",\"position\":4,\"name\":\"Aputure LS 1200d Pro\"}]},{\"@type\":\"WebSite\",\"@id\":\"https:\\\/\\\/comuna.pt\\\/pt-pt\\\/#website\",\"url\":\"https:\\\/\\\/comuna.pt\\\/pt-pt\\\/\",\"name\":\"Comuna Rental House\",\"description\":\"Photo studios, Podcast &amp; Equipment Rental\",\"publisher\":{\"@id\":\"https:\\\/\\\/comuna.pt\\\/pt-pt\\\/#organization\"},\"alternateName\":\"Comuna Filmmaking Equipment Rental\",\"potentialAction\":[{\"@type\":\"SearchAction\",\"target\":{\"@type\":\"EntryPoint\",\"urlTemplate\":\"https:\\\/\\\/comuna.pt\\\/pt-pt\\\/?s={search_term_string}\"},\"query-input\":{\"@type\":\"PropertyValueSpecification\",\"valueRequired\":true,\"valueName\":\"search_term_string\"}}],\"inLanguage\":\"pt-PT\"},{\"@type\":\"Organization\",\"@id\":\"https:\\\/\\\/comuna.pt\\\/pt-pt\\\/#organization\",\"name\":\"Comuna Rental House\",\"url\":\"https:\\\/\\\/comuna.pt\\\/pt-pt\\\/\",\"logo\":{\"@type\":\"ImageObject\",\"inLanguage\":\"pt-PT\",\"@id\":\"https:\\\/\\\/comuna.pt\\\/pt-pt\\\/#\\\/schema\\\/logo\\\/image\\\/\",\"url\":\"https:\\\/\\\/comuna.pt\\\/wp-content\\\/uploads\\\/2024\\\/03\\\/comuna_logo_website.png\",\"contentUrl\":\"https:\\\/\\\/comuna.pt\\\/wp-content\\\/uploads\\\/2024\\\/03\\\/comuna_logo_website.png\",\"width\":2000,\"height\":262,\"caption\":\"Comuna Rental House\"},\"image\":{\"@id\":\"https:\\\/\\\/comuna.pt\\\/pt-pt\\\/#\\\/schema\\\/logo\\\/image\\\/\"},\"sameAs\":[\"http:\\\/\\\/facebook.com\\\/comuna.rental\",\"https:\\\/\\\/www.instagram.com\\\/comuna_rental\",\"https:\\\/\\\/www.linkedin.com\\\/company\\\/96410498\"]}]}<\/script>\n<meta property=\"product:price:amount\" content=\"155.00\" \/>\n<meta property=\"product:price:currency\" content=\"EUR\" \/>\n<meta property=\"og:availability\" content=\"instock\" \/>\n<meta property=\"product:availability\" content=\"instock\" \/>\n<meta property=\"product:condition\" content=\"new\" \/>\n<!-- \/ Yoast SEO Premium plugin. -->","yoast_head_json":{"title":"Aputure LS 1200d Pro LED Light para alugar em Lisboa | Comuna Studios &amp; Equipment Rental","description":"Experimente o melhor em ilumina\u00e7\u00e3o para a sua pr\u00f3xima filmagem com o nosso aluguer de luzes LED Aputure LS 1200d Pro em Lisboa. Perfeito para solu\u00e7\u00f5es de ilumina\u00e7\u00e3o profissional.","robots":{"index":"index","follow":"follow","max-snippet":"max-snippet:-1","max-image-preview":"max-image-preview:large","max-video-preview":"max-video-preview:-1"},"canonical":"https:\/\/comuna.pt\/pt-pt\/product\/aputure-ls-1200d-pro\/","og_locale":"pt_PT","og_type":"article","og_title":"Aputure LS 1200d Pro","og_description":"Experimente o melhor em ilumina\u00e7\u00e3o para a sua pr\u00f3xima filmagem com o nosso aluguer de luzes LED Aputure LS 1200d Pro em Lisboa. Perfeito para solu\u00e7\u00f5es de ilumina\u00e7\u00e3o profissional.","og_url":"https:\/\/comuna.pt\/pt-pt\/product\/aputure-ls-1200d-pro\/","og_site_name":"Comuna Studios &amp; Equipment Rental","article_publisher":"http:\/\/facebook.com\/comuna.rental","article_modified_time":"2026-02-19T18:52:08+00:00","og_image":[{"width":500,"height":500,"url":"https:\/\/comuna.pt\/wp-content\/uploads\/2023\/11\/1645785981_IMG_1703660.jpg","type":"image\/jpeg"}],"twitter_card":"summary_large_image","twitter_misc":{"pre\u00e7o":"&euro;155,00 + 23% VAT","Disponibilidade":"Em stock"},"schema":{"@context":"https:\/\/schema.org","@graph":[{"@type":["WebPage","ItemPage"],"@id":"https:\/\/comuna.pt\/pt-pt\/product\/aputure-ls-1200d-pro\/","url":"https:\/\/comuna.pt\/pt-pt\/product\/aputure-ls-1200d-pro\/","name":"Aputure LS 1200d Pro LED Light para alugar em Lisboa | Comuna Studios &amp; Equipment Rental","isPartOf":{"@id":"https:\/\/comuna.pt\/pt-pt\/#website"},"primaryImageOfPage":{"@id":"https:\/\/comuna.pt\/pt-pt\/product\/aputure-ls-1200d-pro\/#primaryimage"},"image":{"@id":"https:\/\/comuna.pt\/pt-pt\/product\/aputure-ls-1200d-pro\/#primaryimage"},"thumbnailUrl":"https:\/\/comuna.pt\/wp-content\/uploads\/2023\/11\/1645785981_IMG_1703660.jpg","datePublished":"2023-11-29T18:35:26+00:00","dateModified":"2026-02-19T18:52:08+00:00","description":"Experimente o melhor em ilumina\u00e7\u00e3o para a sua pr\u00f3xima filmagem com o nosso aluguer de luzes LED Aputure LS 1200d Pro em Lisboa. Perfeito para solu\u00e7\u00f5es de ilumina\u00e7\u00e3o profissional.","breadcrumb":{"@id":"https:\/\/comuna.pt\/pt-pt\/product\/aputure-ls-1200d-pro\/#breadcrumb"},"inLanguage":"pt-PT","potentialAction":[{"@type":"ReadAction","target":["https:\/\/comuna.pt\/pt-pt\/product\/aputure-ls-1200d-pro\/"]}]},{"@type":"ImageObject","inLanguage":"pt-PT","@id":"https:\/\/comuna.pt\/pt-pt\/product\/aputure-ls-1200d-pro\/#primaryimage","url":"https:\/\/comuna.pt\/wp-content\/uploads\/2023\/11\/1645785981_IMG_1703660.jpg","contentUrl":"https:\/\/comuna.pt\/wp-content\/uploads\/2023\/11\/1645785981_IMG_1703660.jpg","width":500,"height":500},{"@type":"BreadcrumbList","@id":"https:\/\/comuna.pt\/pt-pt\/product\/aputure-ls-1200d-pro\/#breadcrumb","itemListElement":[{"@type":"ListItem","position":1,"name":"Home","item":"https:\/\/comuna.pt\/pt-pt\/"},{"@type":"ListItem","position":2,"name":"Produtos"},{"@type":"ListItem","position":3,"name":"Ilumina\u00e7\u00e3o","item":"https:\/\/comuna.pt\/pt-pt\/Categoria\/iluminacao\/"},{"@type":"ListItem","position":4,"name":"Aputure LS 1200d Pro"}]},{"@type":"WebSite","@id":"https:\/\/comuna.pt\/pt-pt\/#website","url":"https:\/\/comuna.pt\/pt-pt\/","name":"Comuna Rental House","description":"Photo studios, Podcast &amp; Equipment Rental","publisher":{"@id":"https:\/\/comuna.pt\/pt-pt\/#organization"},"alternateName":"Comuna Filmmaking Equipment Rental","potentialAction":[{"@type":"SearchAction","target":{"@type":"EntryPoint","urlTemplate":"https:\/\/comuna.pt\/pt-pt\/?s={search_term_string}"},"query-input":{"@type":"PropertyValueSpecification","valueRequired":true,"valueName":"search_term_string"}}],"inLanguage":"pt-PT"},{"@type":"Organization","@id":"https:\/\/comuna.pt\/pt-pt\/#organization","name":"Comuna Rental House","url":"https:\/\/comuna.pt\/pt-pt\/","logo":{"@type":"ImageObject","inLanguage":"pt-PT","@id":"https:\/\/comuna.pt\/pt-pt\/#\/schema\/logo\/image\/","url":"https:\/\/comuna.pt\/wp-content\/uploads\/2024\/03\/comuna_logo_website.png","contentUrl":"https:\/\/comuna.pt\/wp-content\/uploads\/2024\/03\/comuna_logo_website.png","width":2000,"height":262,"caption":"Comuna Rental House"},"image":{"@id":"https:\/\/comuna.pt\/pt-pt\/#\/schema\/logo\/image\/"},"sameAs":["http:\/\/facebook.com\/comuna.rental","https:\/\/www.instagram.com\/comuna_rental","https:\/\/www.linkedin.com\/company\/96410498"]}]},"product_price_amount":"155.00","product_price_currency":"EUR","og_availability":"instock","product_availability":"instock","product_condition":"new"},"_links":{"self":[{"href":"https:\/\/comuna.pt\/pt-pt\/wp-json\/wp\/v2\/product\/19756","targetHints":{"allow":["GET"]}}],"collection":[{"href":"https:\/\/comuna.pt\/pt-pt\/wp-json\/wp\/v2\/product"}],"about":[{"href":"https:\/\/comuna.pt\/pt-pt\/wp-json\/wp\/v2\/types\/product"}],"version-history":[{"count":5,"href":"https:\/\/comuna.pt\/pt-pt\/wp-json\/wp\/v2\/product\/19756\/revisions"}],"predecessor-version":[{"id":20243,"href":"https:\/\/comuna.pt\/pt-pt\/wp-json\/wp\/v2\/product\/19756\/revisions\/20243"}],"wp:featuredmedia":[{"embeddable":true,"href":"https:\/\/comuna.pt\/pt-pt\/wp-json\/wp\/v2\/media\/19757"}],"wp:attachment":[{"href":"https:\/\/comuna.pt\/pt-pt\/wp-json\/wp\/v2\/media?parent=19756"}],"wp:term":[{"taxonomy":"product_brand","embeddable":true,"href":"https:\/\/comuna.pt\/pt-pt\/wp-json\/wp\/v2\/product_brand?post=19756"},{"taxonomy":"product_cat","embeddable":true,"href":"https:\/\/comuna.pt\/pt-pt\/wp-json\/wp\/v2\/product_cat?post=19756"},{"taxonomy":"product_tag","embeddable":true,"href":"https:\/\/comuna.pt\/pt-pt\/wp-json\/wp\/v2\/product_tag?post=19756"}],"curies":[{"name":"wp","href":"https:\/\/api.w.org\/{rel}","templated":true}]}}