{"id":19430,"date":"2023-11-30T13:51:48","date_gmt":"2023-11-30T13:51:48","guid":{"rendered":"https:\/\/comuna.pt\/product\/pinca-grande-big-clamp\/"},"modified":"2026-02-09T17:50:28","modified_gmt":"2026-02-09T17:50:28","slug":"pinca-grande-big-clamp","status":"publish","type":"product","link":"https:\/\/comuna.pt\/pt-pt\/product\/pinca-grande-big-clamp\/","title":{"rendered":"Pin\u00e7a Grande (Big Clamp)"},"content":{"rendered":"<p data-start=\"203\" data-end=\"450\"><div class=\"booqable-product-button\" data-id=\"metal-clamps-set-20x\"><\/div>A <strong>Pin\u00e7a Grande de Pl\u00e1stico para Fotografia<\/strong> \u00e9 uma ferramenta vers\u00e1til e leve. Fabricada em <strong>pl\u00e1stico dur\u00e1vel de alta qualidade<\/strong>, garante uma fixa\u00e7\u00e3o segura para refletores, difusores ou acess\u00f3rios de ilumina\u00e7\u00e3o. O seu <strong>mecanismo de mola forte<\/strong> permite a fixa\u00e7\u00e3o fi\u00e1vel a trip\u00e9s, varas ou superf\u00edcies de v\u00e1rias espessuras. Ideal para est\u00fadio e exteriores, oferece um desempenho robusto e profissional para as necessidades di\u00e1rias de produ\u00e7\u00e3o.<\/p>\n<h4><strong>Caracter\u00edsticas Principais<\/strong><\/h4>\n<ul>\n<li>Pin\u00e7a de pl\u00e1stico leve para uso profissional<\/li>\n<li>Constru\u00e7\u00e3o em pl\u00e1stico dur\u00e1vel de alta qualidade<\/li>\n<li>Mola forte para fixa\u00e7\u00e3o segura<\/li>\n<li>Ajusta-se a v\u00e1rias superf\u00edcies e di\u00e2metros de trip\u00e9<\/li>\n<li>Compacta e port\u00e1til<\/li>\n<li>Ideal para refletores, difusores, luzes pequenas e fundos<\/li>\n<li>Perfeita para est\u00fadio ou exteriores<\/li>\n<\/ul>\n","protected":false},"excerpt":{"rendered":"<p>A Pin\u00e7a Grande de Pl\u00e1stico para Fotografia \u00e9 uma ferramenta vers\u00e1til e leve. Fabricada em pl\u00e1stico dur\u00e1vel de alta qualidade, garante uma fixa\u00e7\u00e3o segura para refletores, difusores ou acess\u00f3rios de ilumina\u00e7\u00e3o. O seu mecanismo de mola forte permite a fixa\u00e7\u00e3o fi\u00e1vel a trip\u00e9s, varas ou superf\u00edcies de v\u00e1rias espessuras. Ideal para est\u00fadio e exteriores, oferece [&hellip;]<\/p>\n","protected":false},"featured_media":19431,"template":"","meta":[],"product_brand":[],"product_cat":[805871],"product_tag":[],"class_list":{"0":"post-19430","1":"product","2":"type-product","3":"status-publish","4":"has-post-thumbnail","6":"product_cat-grip-e-tripes","8":"first","9":"instock","10":"taxable","11":"shipping-taxable","12":"purchasable","13":"product-type-simple"},"yoast_head":"<!-- This site is optimized with the Yoast SEO Premium plugin v27.4 (Yoast SEO v27.5) - https:\/\/yoast.com\/product\/yoast-seo-premium-wordpress\/ -->\n<title>Pin\u00e7a Grande (Big Clamp) | Comuna Studios &amp; Equipment Rental<\/title>\n<meta name=\"robots\" content=\"index, follow, max-snippet:-1, max-image-preview:large, max-video-preview:-1\" \/>\n<link rel=\"canonical\" href=\"https:\/\/comuna.pt\/pt-pt\/product\/pinca-grande-big-clamp\/\" \/>\n<meta property=\"og:locale\" content=\"pt_PT\" \/>\n<meta property=\"og:type\" content=\"article\" \/>\n<meta property=\"og:title\" content=\"Pin\u00e7a Grande (Big Clamp)\" \/>\n<meta property=\"og:description\" content=\"A Pin\u00e7a Grande de Pl\u00e1stico para Fotografia \u00e9 uma ferramenta vers\u00e1til e leve. Fabricada em pl\u00e1stico dur\u00e1vel de alta qualidade, garante uma fixa\u00e7\u00e3o segura para refletores, difusores ou acess\u00f3rios de ilumina\u00e7\u00e3o. O seu mecanismo de mola forte permite a fixa\u00e7\u00e3o fi\u00e1vel a trip\u00e9s, varas ou superf\u00edcies de v\u00e1rias espessuras. Ideal para est\u00fadio e exteriores, oferece [&hellip;]\" \/>\n<meta property=\"og:url\" content=\"https:\/\/comuna.pt\/pt-pt\/product\/pinca-grande-big-clamp\/\" \/>\n<meta property=\"og:site_name\" content=\"Comuna Studios &amp; Equipment Rental\" \/>\n<meta property=\"article:publisher\" content=\"http:\/\/facebook.com\/comuna.rental\" \/>\n<meta property=\"article:modified_time\" content=\"2026-02-09T17:50:28+00:00\" \/>\n<meta property=\"og:image\" content=\"https:\/\/comuna.pt\/wp-content\/uploads\/2023\/11\/dexter-small-clamps-3005381-01.jpg\" \/>\n\t<meta property=\"og:image:width\" content=\"640\" \/>\n\t<meta property=\"og:image:height\" content=\"640\" \/>\n\t<meta property=\"og:image:type\" content=\"image\/jpeg\" \/>\n<meta name=\"twitter:card\" content=\"summary_large_image\" \/>\n<meta name=\"twitter:label1\" content=\"pre\u00e7o\" \/>\n\t<meta name=\"twitter:data1\" content=\"&euro;2,00 + 23% VAT\" \/>\n\t<meta name=\"twitter:label2\" content=\"Disponibilidade\" \/>\n\t<meta name=\"twitter:data2\" content=\"Em stock\" \/>\n<script type=\"application\/ld+json\" class=\"yoast-schema-graph\">{\"@context\":\"https:\\\/\\\/schema.org\",\"@graph\":[{\"@type\":[\"WebPage\",\"ItemPage\"],\"@id\":\"https:\\\/\\\/comuna.pt\\\/pt-pt\\\/product\\\/pinca-grande-big-clamp\\\/\",\"url\":\"https:\\\/\\\/comuna.pt\\\/pt-pt\\\/product\\\/pinca-grande-big-clamp\\\/\",\"name\":\"Pin\u00e7a Grande (Big Clamp) | Comuna Studios &amp; Equipment Rental\",\"isPartOf\":{\"@id\":\"https:\\\/\\\/comuna.pt\\\/pt-pt\\\/#website\"},\"primaryImageOfPage\":{\"@id\":\"https:\\\/\\\/comuna.pt\\\/pt-pt\\\/product\\\/pinca-grande-big-clamp\\\/#primaryimage\"},\"image\":{\"@id\":\"https:\\\/\\\/comuna.pt\\\/pt-pt\\\/product\\\/pinca-grande-big-clamp\\\/#primaryimage\"},\"thumbnailUrl\":\"https:\\\/\\\/comuna.pt\\\/wp-content\\\/uploads\\\/2023\\\/11\\\/dexter-small-clamps-3005381-01.jpg\",\"datePublished\":\"2023-11-30T13:51:48+00:00\",\"dateModified\":\"2026-02-09T17:50:28+00:00\",\"breadcrumb\":{\"@id\":\"https:\\\/\\\/comuna.pt\\\/pt-pt\\\/product\\\/pinca-grande-big-clamp\\\/#breadcrumb\"},\"inLanguage\":\"pt-PT\",\"potentialAction\":[{\"@type\":\"ReadAction\",\"target\":[\"https:\\\/\\\/comuna.pt\\\/pt-pt\\\/product\\\/pinca-grande-big-clamp\\\/\"]}]},{\"@type\":\"ImageObject\",\"inLanguage\":\"pt-PT\",\"@id\":\"https:\\\/\\\/comuna.pt\\\/pt-pt\\\/product\\\/pinca-grande-big-clamp\\\/#primaryimage\",\"url\":\"https:\\\/\\\/comuna.pt\\\/wp-content\\\/uploads\\\/2023\\\/11\\\/dexter-small-clamps-3005381-01.jpg\",\"contentUrl\":\"https:\\\/\\\/comuna.pt\\\/wp-content\\\/uploads\\\/2023\\\/11\\\/dexter-small-clamps-3005381-01.jpg\",\"width\":640,\"height\":640},{\"@type\":\"BreadcrumbList\",\"@id\":\"https:\\\/\\\/comuna.pt\\\/pt-pt\\\/product\\\/pinca-grande-big-clamp\\\/#breadcrumb\",\"itemListElement\":[{\"@type\":\"ListItem\",\"position\":1,\"name\":\"Home\",\"item\":\"https:\\\/\\\/comuna.pt\\\/pt-pt\\\/\"},{\"@type\":\"ListItem\",\"position\":2,\"name\":\"Produtos\"},{\"@type\":\"ListItem\",\"position\":3,\"name\":\"Grip e Trip\u00e9s\",\"item\":\"https:\\\/\\\/comuna.pt\\\/pt-pt\\\/Categoria\\\/grip-e-tripes\\\/\"},{\"@type\":\"ListItem\",\"position\":4,\"name\":\"Pin\u00e7a Grande (Big Clamp)\"}]},{\"@type\":\"WebSite\",\"@id\":\"https:\\\/\\\/comuna.pt\\\/pt-pt\\\/#website\",\"url\":\"https:\\\/\\\/comuna.pt\\\/pt-pt\\\/\",\"name\":\"Comuna Rental House\",\"description\":\"Photo studios, Podcast &amp; Equipment Rental\",\"publisher\":{\"@id\":\"https:\\\/\\\/comuna.pt\\\/pt-pt\\\/#organization\"},\"alternateName\":\"Comuna Filmmaking Equipment Rental\",\"potentialAction\":[{\"@type\":\"SearchAction\",\"target\":{\"@type\":\"EntryPoint\",\"urlTemplate\":\"https:\\\/\\\/comuna.pt\\\/pt-pt\\\/?s={search_term_string}\"},\"query-input\":{\"@type\":\"PropertyValueSpecification\",\"valueRequired\":true,\"valueName\":\"search_term_string\"}}],\"inLanguage\":\"pt-PT\"},{\"@type\":\"Organization\",\"@id\":\"https:\\\/\\\/comuna.pt\\\/pt-pt\\\/#organization\",\"name\":\"Comuna Rental House\",\"url\":\"https:\\\/\\\/comuna.pt\\\/pt-pt\\\/\",\"logo\":{\"@type\":\"ImageObject\",\"inLanguage\":\"pt-PT\",\"@id\":\"https:\\\/\\\/comuna.pt\\\/pt-pt\\\/#\\\/schema\\\/logo\\\/image\\\/\",\"url\":\"https:\\\/\\\/comuna.pt\\\/wp-content\\\/uploads\\\/2024\\\/03\\\/comuna_logo_website.png\",\"contentUrl\":\"https:\\\/\\\/comuna.pt\\\/wp-content\\\/uploads\\\/2024\\\/03\\\/comuna_logo_website.png\",\"width\":2000,\"height\":262,\"caption\":\"Comuna Rental House\"},\"image\":{\"@id\":\"https:\\\/\\\/comuna.pt\\\/pt-pt\\\/#\\\/schema\\\/logo\\\/image\\\/\"},\"sameAs\":[\"http:\\\/\\\/facebook.com\\\/comuna.rental\",\"https:\\\/\\\/www.instagram.com\\\/comuna_rental\",\"https:\\\/\\\/www.linkedin.com\\\/company\\\/96410498\"]}]}<\/script>\n<meta property=\"product:price:amount\" content=\"2.00\" \/>\n<meta property=\"product:price:currency\" content=\"EUR\" \/>\n<meta property=\"og:availability\" content=\"instock\" \/>\n<meta property=\"product:availability\" content=\"instock\" \/>\n<meta property=\"product:condition\" content=\"new\" \/>\n<!-- \/ Yoast SEO Premium plugin. -->","yoast_head_json":{"title":"Pin\u00e7a Grande (Big Clamp) | Comuna Studios &amp; Equipment Rental","robots":{"index":"index","follow":"follow","max-snippet":"max-snippet:-1","max-image-preview":"max-image-preview:large","max-video-preview":"max-video-preview:-1"},"canonical":"https:\/\/comuna.pt\/pt-pt\/product\/pinca-grande-big-clamp\/","og_locale":"pt_PT","og_type":"article","og_title":"Pin\u00e7a Grande (Big Clamp)","og_description":"A Pin\u00e7a Grande de Pl\u00e1stico para Fotografia \u00e9 uma ferramenta vers\u00e1til e leve. Fabricada em pl\u00e1stico dur\u00e1vel de alta qualidade, garante uma fixa\u00e7\u00e3o segura para refletores, difusores ou acess\u00f3rios de ilumina\u00e7\u00e3o. O seu mecanismo de mola forte permite a fixa\u00e7\u00e3o fi\u00e1vel a trip\u00e9s, varas ou superf\u00edcies de v\u00e1rias espessuras. Ideal para est\u00fadio e exteriores, oferece [&hellip;]","og_url":"https:\/\/comuna.pt\/pt-pt\/product\/pinca-grande-big-clamp\/","og_site_name":"Comuna Studios &amp; Equipment Rental","article_publisher":"http:\/\/facebook.com\/comuna.rental","article_modified_time":"2026-02-09T17:50:28+00:00","og_image":[{"width":640,"height":640,"url":"https:\/\/comuna.pt\/wp-content\/uploads\/2023\/11\/dexter-small-clamps-3005381-01.jpg","type":"image\/jpeg"}],"twitter_card":"summary_large_image","twitter_misc":{"pre\u00e7o":"&euro;2,00 + 23% VAT","Disponibilidade":"Em stock"},"schema":{"@context":"https:\/\/schema.org","@graph":[{"@type":["WebPage","ItemPage"],"@id":"https:\/\/comuna.pt\/pt-pt\/product\/pinca-grande-big-clamp\/","url":"https:\/\/comuna.pt\/pt-pt\/product\/pinca-grande-big-clamp\/","name":"Pin\u00e7a Grande (Big Clamp) | Comuna Studios &amp; Equipment Rental","isPartOf":{"@id":"https:\/\/comuna.pt\/pt-pt\/#website"},"primaryImageOfPage":{"@id":"https:\/\/comuna.pt\/pt-pt\/product\/pinca-grande-big-clamp\/#primaryimage"},"image":{"@id":"https:\/\/comuna.pt\/pt-pt\/product\/pinca-grande-big-clamp\/#primaryimage"},"thumbnailUrl":"https:\/\/comuna.pt\/wp-content\/uploads\/2023\/11\/dexter-small-clamps-3005381-01.jpg","datePublished":"2023-11-30T13:51:48+00:00","dateModified":"2026-02-09T17:50:28+00:00","breadcrumb":{"@id":"https:\/\/comuna.pt\/pt-pt\/product\/pinca-grande-big-clamp\/#breadcrumb"},"inLanguage":"pt-PT","potentialAction":[{"@type":"ReadAction","target":["https:\/\/comuna.pt\/pt-pt\/product\/pinca-grande-big-clamp\/"]}]},{"@type":"ImageObject","inLanguage":"pt-PT","@id":"https:\/\/comuna.pt\/pt-pt\/product\/pinca-grande-big-clamp\/#primaryimage","url":"https:\/\/comuna.pt\/wp-content\/uploads\/2023\/11\/dexter-small-clamps-3005381-01.jpg","contentUrl":"https:\/\/comuna.pt\/wp-content\/uploads\/2023\/11\/dexter-small-clamps-3005381-01.jpg","width":640,"height":640},{"@type":"BreadcrumbList","@id":"https:\/\/comuna.pt\/pt-pt\/product\/pinca-grande-big-clamp\/#breadcrumb","itemListElement":[{"@type":"ListItem","position":1,"name":"Home","item":"https:\/\/comuna.pt\/pt-pt\/"},{"@type":"ListItem","position":2,"name":"Produtos"},{"@type":"ListItem","position":3,"name":"Grip e Trip\u00e9s","item":"https:\/\/comuna.pt\/pt-pt\/Categoria\/grip-e-tripes\/"},{"@type":"ListItem","position":4,"name":"Pin\u00e7a Grande (Big Clamp)"}]},{"@type":"WebSite","@id":"https:\/\/comuna.pt\/pt-pt\/#website","url":"https:\/\/comuna.pt\/pt-pt\/","name":"Comuna Rental House","description":"Photo studios, Podcast &amp; Equipment Rental","publisher":{"@id":"https:\/\/comuna.pt\/pt-pt\/#organization"},"alternateName":"Comuna Filmmaking Equipment Rental","potentialAction":[{"@type":"SearchAction","target":{"@type":"EntryPoint","urlTemplate":"https:\/\/comuna.pt\/pt-pt\/?s={search_term_string}"},"query-input":{"@type":"PropertyValueSpecification","valueRequired":true,"valueName":"search_term_string"}}],"inLanguage":"pt-PT"},{"@type":"Organization","@id":"https:\/\/comuna.pt\/pt-pt\/#organization","name":"Comuna Rental House","url":"https:\/\/comuna.pt\/pt-pt\/","logo":{"@type":"ImageObject","inLanguage":"pt-PT","@id":"https:\/\/comuna.pt\/pt-pt\/#\/schema\/logo\/image\/","url":"https:\/\/comuna.pt\/wp-content\/uploads\/2024\/03\/comuna_logo_website.png","contentUrl":"https:\/\/comuna.pt\/wp-content\/uploads\/2024\/03\/comuna_logo_website.png","width":2000,"height":262,"caption":"Comuna Rental House"},"image":{"@id":"https:\/\/comuna.pt\/pt-pt\/#\/schema\/logo\/image\/"},"sameAs":["http:\/\/facebook.com\/comuna.rental","https:\/\/www.instagram.com\/comuna_rental","https:\/\/www.linkedin.com\/company\/96410498"]}]},"product_price_amount":"2.00","product_price_currency":"EUR","og_availability":"instock","product_availability":"instock","product_condition":"new"},"_links":{"self":[{"href":"https:\/\/comuna.pt\/pt-pt\/wp-json\/wp\/v2\/product\/19430","targetHints":{"allow":["GET"]}}],"collection":[{"href":"https:\/\/comuna.pt\/pt-pt\/wp-json\/wp\/v2\/product"}],"about":[{"href":"https:\/\/comuna.pt\/pt-pt\/wp-json\/wp\/v2\/types\/product"}],"version-history":[{"count":1,"href":"https:\/\/comuna.pt\/pt-pt\/wp-json\/wp\/v2\/product\/19430\/revisions"}],"predecessor-version":[{"id":19434,"href":"https:\/\/comuna.pt\/pt-pt\/wp-json\/wp\/v2\/product\/19430\/revisions\/19434"}],"wp:featuredmedia":[{"embeddable":true,"href":"https:\/\/comuna.pt\/pt-pt\/wp-json\/wp\/v2\/media\/19431"}],"wp:attachment":[{"href":"https:\/\/comuna.pt\/pt-pt\/wp-json\/wp\/v2\/media?parent=19430"}],"wp:term":[{"taxonomy":"product_brand","embeddable":true,"href":"https:\/\/comuna.pt\/pt-pt\/wp-json\/wp\/v2\/product_brand?post=19430"},{"taxonomy":"product_cat","embeddable":true,"href":"https:\/\/comuna.pt\/pt-pt\/wp-json\/wp\/v2\/product_cat?post=19430"},{"taxonomy":"product_tag","embeddable":true,"href":"https:\/\/comuna.pt\/pt-pt\/wp-json\/wp\/v2\/product_tag?post=19430"}],"curies":[{"name":"wp","href":"https:\/\/api.w.org\/{rel}","templated":true}]}}