{"id":19391,"date":"2025-11-12T17:40:36","date_gmt":"2025-11-12T17:40:36","guid":{"rendered":"https:\/\/comuna.pt\/product\/adaptador-de-montagem-nisi-athena-pl-para-sony-e\/"},"modified":"2026-02-09T17:50:27","modified_gmt":"2026-02-09T17:50:27","slug":"adaptador-de-montagem-nisi-athena-pl-para-sony-e","status":"publish","type":"product","link":"https:\/\/comuna.pt\/pt-pt\/product\/adaptador-de-montagem-nisi-athena-pl-para-sony-e\/","title":{"rendered":"Adaptador de Montagem NiSi Athena (PL para Sony E)"},"content":{"rendered":"<p data-start=\"257\" data-end=\"680\"><div class=\"booqable-product-button\" data-id=\"nisi-athena-lens-mount-adapter-pl-e\"><\/div>O Adaptador NiSi Athena PL-E permite a diretores de fotografia e vide\u00f3grafos utilizar objetivas profissionais de cinema com montagem PL em c\u00e2maras Sony E-mount, oferecendo uma liga\u00e7\u00e3o perfeita com precis\u00e3o e durabilidade excecionais. [cite: 174, 176] [cite_start]Fabricado em liga de alum\u00ednio e a\u00e7o inoxid\u00e1vel de grau aeroespacial, assegura um encaixe seguro sem folgas. [cite: 177] [cite_start]O adaptador mant\u00e9m o foco no infinito, garantindo nitidez consistente em toda a gama focal. [cite: 177] [cite_start]O seu design selado contra intemp\u00e9ries protege contra p\u00f3 e humidade, sendo ideal para produ\u00e7\u00f5es exigentes. [cite: 178] [cite_start]O acabamento interior em preto mate reduz reflexos internos e flare. [cite: 178] [cite_start]Compacto e leve, integra-se perfeitamente em configura\u00e7\u00f5es de rig de est\u00fadio, gimbal ou handheld. [cite: 179]<\/p>\n","protected":false},"excerpt":{"rendered":"<p>O Adaptador NiSi Athena PL-E permite a diretores de fotografia e vide\u00f3grafos utilizar objetivas profissionais de cinema com montagem PL em c\u00e2maras Sony E-mount, oferecendo uma liga\u00e7\u00e3o perfeita com precis\u00e3o e durabilidade excecionais. [cite: 174, 176] [cite_start]Fabricado em liga de alum\u00ednio e a\u00e7o inoxid\u00e1vel de grau aeroespacial, assegura um encaixe seguro sem folgas. [cite: 177] [&hellip;]<\/p>\n","protected":false},"featured_media":19392,"template":"","meta":[],"product_brand":[],"product_cat":[805879],"product_tag":[],"class_list":{"0":"post-19391","1":"product","2":"type-product","3":"status-publish","4":"has-post-thumbnail","6":"product_cat-objetivas","8":"first","9":"instock","10":"taxable","11":"shipping-taxable","12":"purchasable","13":"product-type-simple"},"yoast_head":"<!-- This site is optimized with the Yoast SEO Premium plugin v27.3 (Yoast SEO v27.3) - https:\/\/yoast.com\/product\/yoast-seo-premium-wordpress\/ -->\n<title>Adaptador de Montagem NiSi Athena (PL para Sony E) | Comuna Studios &amp; Equipment Rental<\/title>\n<meta name=\"description\" content=\"O adaptador NiSi Athena PL-E permite usar objetivas de cinema com montagem PL em c\u00e2maras Sony E com precis\u00e3o, durabilidade e foco infinito total.\" \/>\n<meta name=\"robots\" content=\"index, follow, max-snippet:-1, max-image-preview:large, max-video-preview:-1\" \/>\n<link rel=\"canonical\" href=\"https:\/\/comuna.pt\/pt-pt\/product\/adaptador-de-montagem-nisi-athena-pl-para-sony-e\/\" \/>\n<meta property=\"og:locale\" content=\"pt_PT\" \/>\n<meta property=\"og:type\" content=\"article\" \/>\n<meta property=\"og:title\" content=\"Adaptador de Montagem NiSi Athena (PL para Sony E)\" \/>\n<meta property=\"og:description\" content=\"O adaptador NiSi Athena PL-E permite usar objetivas de cinema com montagem PL em c\u00e2maras Sony E com precis\u00e3o, durabilidade e foco infinito total.\" \/>\n<meta property=\"og:url\" content=\"https:\/\/comuna.pt\/pt-pt\/product\/adaptador-de-montagem-nisi-athena-pl-para-sony-e\/\" \/>\n<meta property=\"og:site_name\" content=\"Comuna Studios &amp; Equipment Rental\" \/>\n<meta property=\"article:publisher\" content=\"http:\/\/facebook.com\/comuna.rental\" \/>\n<meta property=\"article:modified_time\" content=\"2026-02-09T17:50:27+00:00\" \/>\n<meta property=\"og:image\" content=\"https:\/\/comuna.pt\/wp-content\/uploads\/2025\/11\/Captura-de-ecra-2025-11-12-as-17.15.45.png\" \/>\n\t<meta property=\"og:image:width\" content=\"1210\" \/>\n\t<meta property=\"og:image:height\" content=\"1024\" \/>\n\t<meta property=\"og:image:type\" content=\"image\/png\" \/>\n<meta name=\"twitter:card\" content=\"summary_large_image\" \/>\n<meta name=\"twitter:label1\" content=\"pre\u00e7o\" \/>\n\t<meta name=\"twitter:data1\" content=\"&euro;20,00 + 23% VAT\" \/>\n\t<meta name=\"twitter:label2\" content=\"Disponibilidade\" \/>\n\t<meta name=\"twitter:data2\" content=\"Em stock\" \/>\n<script type=\"application\/ld+json\" class=\"yoast-schema-graph\">{\"@context\":\"https:\\\/\\\/schema.org\",\"@graph\":[{\"@type\":[\"WebPage\",\"ItemPage\"],\"@id\":\"https:\\\/\\\/comuna.pt\\\/pt-pt\\\/product\\\/adaptador-de-montagem-nisi-athena-pl-para-sony-e\\\/\",\"url\":\"https:\\\/\\\/comuna.pt\\\/pt-pt\\\/product\\\/adaptador-de-montagem-nisi-athena-pl-para-sony-e\\\/\",\"name\":\"Adaptador de Montagem NiSi Athena (PL para Sony E) | Comuna Studios &amp; Equipment Rental\",\"isPartOf\":{\"@id\":\"https:\\\/\\\/comuna.pt\\\/pt-pt\\\/#website\"},\"primaryImageOfPage\":{\"@id\":\"https:\\\/\\\/comuna.pt\\\/pt-pt\\\/product\\\/adaptador-de-montagem-nisi-athena-pl-para-sony-e\\\/#primaryimage\"},\"image\":{\"@id\":\"https:\\\/\\\/comuna.pt\\\/pt-pt\\\/product\\\/adaptador-de-montagem-nisi-athena-pl-para-sony-e\\\/#primaryimage\"},\"thumbnailUrl\":\"https:\\\/\\\/comuna.pt\\\/wp-content\\\/uploads\\\/2025\\\/11\\\/Captura-de-ecra-2025-11-12-as-17.15.45.png\",\"datePublished\":\"2025-11-12T17:40:36+00:00\",\"dateModified\":\"2026-02-09T17:50:27+00:00\",\"description\":\"O adaptador NiSi Athena PL-E permite usar objetivas de cinema com montagem PL em c\u00e2maras Sony E com precis\u00e3o, durabilidade e foco infinito total.\",\"breadcrumb\":{\"@id\":\"https:\\\/\\\/comuna.pt\\\/pt-pt\\\/product\\\/adaptador-de-montagem-nisi-athena-pl-para-sony-e\\\/#breadcrumb\"},\"inLanguage\":\"pt-PT\",\"potentialAction\":[{\"@type\":\"ReadAction\",\"target\":[\"https:\\\/\\\/comuna.pt\\\/pt-pt\\\/product\\\/adaptador-de-montagem-nisi-athena-pl-para-sony-e\\\/\"]}]},{\"@type\":\"ImageObject\",\"inLanguage\":\"pt-PT\",\"@id\":\"https:\\\/\\\/comuna.pt\\\/pt-pt\\\/product\\\/adaptador-de-montagem-nisi-athena-pl-para-sony-e\\\/#primaryimage\",\"url\":\"https:\\\/\\\/comuna.pt\\\/wp-content\\\/uploads\\\/2025\\\/11\\\/Captura-de-ecra-2025-11-12-as-17.15.45.png\",\"contentUrl\":\"https:\\\/\\\/comuna.pt\\\/wp-content\\\/uploads\\\/2025\\\/11\\\/Captura-de-ecra-2025-11-12-as-17.15.45.png\",\"width\":1210,\"height\":1024},{\"@type\":\"BreadcrumbList\",\"@id\":\"https:\\\/\\\/comuna.pt\\\/pt-pt\\\/product\\\/adaptador-de-montagem-nisi-athena-pl-para-sony-e\\\/#breadcrumb\",\"itemListElement\":[{\"@type\":\"ListItem\",\"position\":1,\"name\":\"Home\",\"item\":\"https:\\\/\\\/comuna.pt\\\/pt-pt\\\/\"},{\"@type\":\"ListItem\",\"position\":2,\"name\":\"Produtos\"},{\"@type\":\"ListItem\",\"position\":3,\"name\":\"Adaptador de Montagem NiSi Athena (PL para Sony E)\"}]},{\"@type\":\"WebSite\",\"@id\":\"https:\\\/\\\/comuna.pt\\\/pt-pt\\\/#website\",\"url\":\"https:\\\/\\\/comuna.pt\\\/pt-pt\\\/\",\"name\":\"Comuna Rental House\",\"description\":\"Photo studios, Podcast &amp; Equipment Rental\",\"publisher\":{\"@id\":\"https:\\\/\\\/comuna.pt\\\/pt-pt\\\/#organization\"},\"alternateName\":\"Comuna Filmmaking Equipment Rental\",\"potentialAction\":[{\"@type\":\"SearchAction\",\"target\":{\"@type\":\"EntryPoint\",\"urlTemplate\":\"https:\\\/\\\/comuna.pt\\\/pt-pt\\\/?s={search_term_string}\"},\"query-input\":{\"@type\":\"PropertyValueSpecification\",\"valueRequired\":true,\"valueName\":\"search_term_string\"}}],\"inLanguage\":\"pt-PT\"},{\"@type\":\"Organization\",\"@id\":\"https:\\\/\\\/comuna.pt\\\/pt-pt\\\/#organization\",\"name\":\"Comuna Rental House\",\"url\":\"https:\\\/\\\/comuna.pt\\\/pt-pt\\\/\",\"logo\":{\"@type\":\"ImageObject\",\"inLanguage\":\"pt-PT\",\"@id\":\"https:\\\/\\\/comuna.pt\\\/pt-pt\\\/#\\\/schema\\\/logo\\\/image\\\/\",\"url\":\"https:\\\/\\\/comuna.pt\\\/wp-content\\\/uploads\\\/2024\\\/03\\\/comuna_logo_website.png\",\"contentUrl\":\"https:\\\/\\\/comuna.pt\\\/wp-content\\\/uploads\\\/2024\\\/03\\\/comuna_logo_website.png\",\"width\":2000,\"height\":262,\"caption\":\"Comuna Rental House\"},\"image\":{\"@id\":\"https:\\\/\\\/comuna.pt\\\/pt-pt\\\/#\\\/schema\\\/logo\\\/image\\\/\"},\"sameAs\":[\"http:\\\/\\\/facebook.com\\\/comuna.rental\",\"https:\\\/\\\/www.instagram.com\\\/comuna_rental\",\"https:\\\/\\\/www.linkedin.com\\\/company\\\/96410498\"]}]}<\/script>\n<meta property=\"product:price:amount\" content=\"20.00\" \/>\n<meta property=\"product:price:currency\" content=\"EUR\" \/>\n<meta property=\"og:availability\" content=\"instock\" \/>\n<meta property=\"product:availability\" content=\"instock\" \/>\n<meta property=\"product:condition\" content=\"new\" \/>\n<!-- \/ Yoast SEO Premium plugin. -->","yoast_head_json":{"title":"Adaptador de Montagem NiSi Athena (PL para Sony E) | Comuna Studios &amp; Equipment Rental","description":"O adaptador NiSi Athena PL-E permite usar objetivas de cinema com montagem PL em c\u00e2maras Sony E com precis\u00e3o, durabilidade e foco infinito total.","robots":{"index":"index","follow":"follow","max-snippet":"max-snippet:-1","max-image-preview":"max-image-preview:large","max-video-preview":"max-video-preview:-1"},"canonical":"https:\/\/comuna.pt\/pt-pt\/product\/adaptador-de-montagem-nisi-athena-pl-para-sony-e\/","og_locale":"pt_PT","og_type":"article","og_title":"Adaptador de Montagem NiSi Athena (PL para Sony E)","og_description":"O adaptador NiSi Athena PL-E permite usar objetivas de cinema com montagem PL em c\u00e2maras Sony E com precis\u00e3o, durabilidade e foco infinito total.","og_url":"https:\/\/comuna.pt\/pt-pt\/product\/adaptador-de-montagem-nisi-athena-pl-para-sony-e\/","og_site_name":"Comuna Studios &amp; Equipment Rental","article_publisher":"http:\/\/facebook.com\/comuna.rental","article_modified_time":"2026-02-09T17:50:27+00:00","og_image":[{"width":1210,"height":1024,"url":"https:\/\/comuna.pt\/wp-content\/uploads\/2025\/11\/Captura-de-ecra-2025-11-12-as-17.15.45.png","type":"image\/png"}],"twitter_card":"summary_large_image","twitter_misc":{"pre\u00e7o":"&euro;20,00 + 23% VAT","Disponibilidade":"Em stock"},"schema":{"@context":"https:\/\/schema.org","@graph":[{"@type":["WebPage","ItemPage"],"@id":"https:\/\/comuna.pt\/pt-pt\/product\/adaptador-de-montagem-nisi-athena-pl-para-sony-e\/","url":"https:\/\/comuna.pt\/pt-pt\/product\/adaptador-de-montagem-nisi-athena-pl-para-sony-e\/","name":"Adaptador de Montagem NiSi Athena (PL para Sony E) | Comuna Studios &amp; Equipment Rental","isPartOf":{"@id":"https:\/\/comuna.pt\/pt-pt\/#website"},"primaryImageOfPage":{"@id":"https:\/\/comuna.pt\/pt-pt\/product\/adaptador-de-montagem-nisi-athena-pl-para-sony-e\/#primaryimage"},"image":{"@id":"https:\/\/comuna.pt\/pt-pt\/product\/adaptador-de-montagem-nisi-athena-pl-para-sony-e\/#primaryimage"},"thumbnailUrl":"https:\/\/comuna.pt\/wp-content\/uploads\/2025\/11\/Captura-de-ecra-2025-11-12-as-17.15.45.png","datePublished":"2025-11-12T17:40:36+00:00","dateModified":"2026-02-09T17:50:27+00:00","description":"O adaptador NiSi Athena PL-E permite usar objetivas de cinema com montagem PL em c\u00e2maras Sony E com precis\u00e3o, durabilidade e foco infinito total.","breadcrumb":{"@id":"https:\/\/comuna.pt\/pt-pt\/product\/adaptador-de-montagem-nisi-athena-pl-para-sony-e\/#breadcrumb"},"inLanguage":"pt-PT","potentialAction":[{"@type":"ReadAction","target":["https:\/\/comuna.pt\/pt-pt\/product\/adaptador-de-montagem-nisi-athena-pl-para-sony-e\/"]}]},{"@type":"ImageObject","inLanguage":"pt-PT","@id":"https:\/\/comuna.pt\/pt-pt\/product\/adaptador-de-montagem-nisi-athena-pl-para-sony-e\/#primaryimage","url":"https:\/\/comuna.pt\/wp-content\/uploads\/2025\/11\/Captura-de-ecra-2025-11-12-as-17.15.45.png","contentUrl":"https:\/\/comuna.pt\/wp-content\/uploads\/2025\/11\/Captura-de-ecra-2025-11-12-as-17.15.45.png","width":1210,"height":1024},{"@type":"BreadcrumbList","@id":"https:\/\/comuna.pt\/pt-pt\/product\/adaptador-de-montagem-nisi-athena-pl-para-sony-e\/#breadcrumb","itemListElement":[{"@type":"ListItem","position":1,"name":"Home","item":"https:\/\/comuna.pt\/pt-pt\/"},{"@type":"ListItem","position":2,"name":"Produtos"},{"@type":"ListItem","position":3,"name":"Adaptador de Montagem NiSi Athena (PL para Sony E)"}]},{"@type":"WebSite","@id":"https:\/\/comuna.pt\/pt-pt\/#website","url":"https:\/\/comuna.pt\/pt-pt\/","name":"Comuna Rental House","description":"Photo studios, Podcast &amp; Equipment Rental","publisher":{"@id":"https:\/\/comuna.pt\/pt-pt\/#organization"},"alternateName":"Comuna Filmmaking Equipment Rental","potentialAction":[{"@type":"SearchAction","target":{"@type":"EntryPoint","urlTemplate":"https:\/\/comuna.pt\/pt-pt\/?s={search_term_string}"},"query-input":{"@type":"PropertyValueSpecification","valueRequired":true,"valueName":"search_term_string"}}],"inLanguage":"pt-PT"},{"@type":"Organization","@id":"https:\/\/comuna.pt\/pt-pt\/#organization","name":"Comuna Rental House","url":"https:\/\/comuna.pt\/pt-pt\/","logo":{"@type":"ImageObject","inLanguage":"pt-PT","@id":"https:\/\/comuna.pt\/pt-pt\/#\/schema\/logo\/image\/","url":"https:\/\/comuna.pt\/wp-content\/uploads\/2024\/03\/comuna_logo_website.png","contentUrl":"https:\/\/comuna.pt\/wp-content\/uploads\/2024\/03\/comuna_logo_website.png","width":2000,"height":262,"caption":"Comuna Rental House"},"image":{"@id":"https:\/\/comuna.pt\/pt-pt\/#\/schema\/logo\/image\/"},"sameAs":["http:\/\/facebook.com\/comuna.rental","https:\/\/www.instagram.com\/comuna_rental","https:\/\/www.linkedin.com\/company\/96410498"]}]},"product_price_amount":"20.00","product_price_currency":"EUR","og_availability":"instock","product_availability":"instock","product_condition":"new"},"_links":{"self":[{"href":"https:\/\/comuna.pt\/pt-pt\/wp-json\/wp\/v2\/product\/19391","targetHints":{"allow":["GET"]}}],"collection":[{"href":"https:\/\/comuna.pt\/pt-pt\/wp-json\/wp\/v2\/product"}],"about":[{"href":"https:\/\/comuna.pt\/pt-pt\/wp-json\/wp\/v2\/types\/product"}],"version-history":[{"count":1,"href":"https:\/\/comuna.pt\/pt-pt\/wp-json\/wp\/v2\/product\/19391\/revisions"}],"predecessor-version":[{"id":19395,"href":"https:\/\/comuna.pt\/pt-pt\/wp-json\/wp\/v2\/product\/19391\/revisions\/19395"}],"wp:featuredmedia":[{"embeddable":true,"href":"https:\/\/comuna.pt\/pt-pt\/wp-json\/wp\/v2\/media\/19392"}],"wp:attachment":[{"href":"https:\/\/comuna.pt\/pt-pt\/wp-json\/wp\/v2\/media?parent=19391"}],"wp:term":[{"taxonomy":"product_brand","embeddable":true,"href":"https:\/\/comuna.pt\/pt-pt\/wp-json\/wp\/v2\/product_brand?post=19391"},{"taxonomy":"product_cat","embeddable":true,"href":"https:\/\/comuna.pt\/pt-pt\/wp-json\/wp\/v2\/product_cat?post=19391"},{"taxonomy":"product_tag","embeddable":true,"href":"https:\/\/comuna.pt\/pt-pt\/wp-json\/wp\/v2\/product_tag?post=19391"}],"curies":[{"name":"wp","href":"https:\/\/api.w.org\/{rel}","templated":true}]}}