{"id":19381,"date":"2025-11-05T14:19:03","date_gmt":"2025-11-05T14:19:03","guid":{"rendered":"https:\/\/comuna.pt\/product\/camara-de-filme-35mm-pentax-program-a\/"},"modified":"2026-02-09T17:50:26","modified_gmt":"2026-02-09T17:50:26","slug":"camara-de-filme-35mm-pentax-program-a","status":"publish","type":"product","link":"https:\/\/comuna.pt\/pt-pt\/product\/camara-de-filme-35mm-pentax-program-a\/","title":{"rendered":"C\u00e2mara de Filme 35mm Pentax Program A"},"content":{"rendered":"<p data-start=\"851\" data-end=\"1189\"><div class=\"booqable-product-button\" data-id=\"pentax-program-a-35mm-film-camera\"><\/div>A Pentax Program A \u00e9 uma c\u00e2mara de filme SLR de 35mm cl\u00e1ssica, conhecida pela sua constru\u00e7\u00e3o robusta, design intuitivo e uma combina\u00e7\u00e3o equilibrada de controlo manual e modos de exposi\u00e7\u00e3o autom\u00e1tica. [cite: 137, 139] [cite_start]Concebida tanto para principiantes como para profissionais, oferece resultados n\u00edtidos com a profundidade e o calor inconfund\u00edveis da fotografia anal\u00f3gica. [cite: 139] [cite_start]Equipada com prioridade \u00e0 abertura e modos totalmente manuais, a Program A oferece flexibilidade criativa para qualquer ambiente \u2014 de sess\u00f5es de retrato a fotografia de rua e produ\u00e7\u00f5es cinematogr\u00e1ficas. [cite: 140] [cite_start]O seu visor luminoso, constru\u00e7\u00e3o met\u00e1lica dur\u00e1vel e mecanismo de obturador preciso proporcionam uma experi\u00eancia de disparo suave e fi\u00e1vel. [cite: 140] [cite_start]A montagem Pentax K torna-a compat\u00edvel com uma vasta gama de objetivas de alta qualidade, permitindo experimentar diferentes dist\u00e2ncias focais. [cite: 141] [cite_start]O seu corpo leve, mas s\u00f3lido, garante conforto e controlo, seja na m\u00e3o ou montado num rig para trabalho cinematogr\u00e1fico. [cite: 141] [cite_start]Celebrada pela sua est\u00e9tica intemporal, a Pentax Program A continua a inspirar novas gera\u00e7\u00f5es de fot\u00f3grafos que procuram autenticidade e a textura do filme. [cite: 142] Capture momentos com car\u00e1cter \u2014 a Pentax Program A transforma cada fotograma numa pe\u00e7a de hist\u00f3ria fotogr\u00e1fica.<\/p>\n","protected":false},"excerpt":{"rendered":"<p>A Pentax Program A \u00e9 uma c\u00e2mara de filme SLR de 35mm cl\u00e1ssica, conhecida pela sua constru\u00e7\u00e3o robusta, design intuitivo e uma combina\u00e7\u00e3o equilibrada de controlo manual e modos de exposi\u00e7\u00e3o autom\u00e1tica. [cite: 137, 139] [cite_start]Concebida tanto para principiantes como para profissionais, oferece resultados n\u00edtidos com a profundidade e o calor inconfund\u00edveis da fotografia anal\u00f3gica. [&hellip;]<\/p>\n","protected":false},"featured_media":19382,"template":"","meta":[],"product_brand":[],"product_cat":[805851],"product_tag":[],"class_list":{"0":"post-19381","1":"product","2":"type-product","3":"status-publish","4":"has-post-thumbnail","6":"product_cat-analog-equipment-film-cameras-etc","8":"first","9":"instock","10":"taxable","11":"shipping-taxable","12":"purchasable","13":"product-type-simple"},"yoast_head":"<!-- This site is optimized with the Yoast SEO Premium plugin v27.4 (Yoast SEO v27.5) - https:\/\/yoast.com\/product\/yoast-seo-premium-wordpress\/ -->\n<title>C\u00e2mara de Filme 35mm Pentax Program A | Comuna Studios &amp; Equipment Rental<\/title>\n<meta name=\"description\" content=\"Descubra a Pentax Program A, uma c\u00e2mara de filme 35mm cl\u00e1ssica que combina design vintage, precis\u00e3o manual e desempenho fi\u00e1vel.\" \/>\n<meta name=\"robots\" content=\"index, follow, max-snippet:-1, max-image-preview:large, max-video-preview:-1\" \/>\n<link rel=\"canonical\" href=\"https:\/\/comuna.pt\/pt-pt\/product\/camara-de-filme-35mm-pentax-program-a\/\" \/>\n<meta property=\"og:locale\" content=\"pt_PT\" \/>\n<meta property=\"og:type\" content=\"article\" \/>\n<meta property=\"og:title\" content=\"C\u00e2mara de Filme 35mm Pentax Program A\" \/>\n<meta property=\"og:description\" content=\"Descubra a Pentax Program A, uma c\u00e2mara de filme 35mm cl\u00e1ssica que combina design vintage, precis\u00e3o manual e desempenho fi\u00e1vel.\" \/>\n<meta property=\"og:url\" content=\"https:\/\/comuna.pt\/pt-pt\/product\/camara-de-filme-35mm-pentax-program-a\/\" \/>\n<meta property=\"og:site_name\" content=\"Comuna Studios &amp; Equipment Rental\" \/>\n<meta property=\"article:publisher\" content=\"http:\/\/facebook.com\/comuna.rental\" \/>\n<meta property=\"article:modified_time\" content=\"2026-02-09T17:50:26+00:00\" \/>\n<meta property=\"og:image\" content=\"https:\/\/comuna.pt\/wp-content\/uploads\/2025\/11\/Captura-de-ecra-2025-12-02-as-16.19.21.png\" \/>\n\t<meta property=\"og:image:width\" content=\"1200\" \/>\n\t<meta property=\"og:image:height\" content=\"796\" \/>\n\t<meta property=\"og:image:type\" content=\"image\/png\" \/>\n<meta name=\"twitter:card\" content=\"summary_large_image\" \/>\n<meta name=\"twitter:label1\" content=\"pre\u00e7o\" \/>\n\t<meta name=\"twitter:data1\" content=\"&euro;35,00 + 23% VAT\" \/>\n\t<meta name=\"twitter:label2\" content=\"Disponibilidade\" \/>\n\t<meta name=\"twitter:data2\" content=\"Em stock\" \/>\n<script type=\"application\/ld+json\" class=\"yoast-schema-graph\">{\"@context\":\"https:\\\/\\\/schema.org\",\"@graph\":[{\"@type\":[\"WebPage\",\"ItemPage\"],\"@id\":\"https:\\\/\\\/comuna.pt\\\/pt-pt\\\/product\\\/camara-de-filme-35mm-pentax-program-a\\\/\",\"url\":\"https:\\\/\\\/comuna.pt\\\/pt-pt\\\/product\\\/camara-de-filme-35mm-pentax-program-a\\\/\",\"name\":\"C\u00e2mara de Filme 35mm Pentax Program A | Comuna Studios &amp; Equipment Rental\",\"isPartOf\":{\"@id\":\"https:\\\/\\\/comuna.pt\\\/pt-pt\\\/#website\"},\"primaryImageOfPage\":{\"@id\":\"https:\\\/\\\/comuna.pt\\\/pt-pt\\\/product\\\/camara-de-filme-35mm-pentax-program-a\\\/#primaryimage\"},\"image\":{\"@id\":\"https:\\\/\\\/comuna.pt\\\/pt-pt\\\/product\\\/camara-de-filme-35mm-pentax-program-a\\\/#primaryimage\"},\"thumbnailUrl\":\"https:\\\/\\\/comuna.pt\\\/wp-content\\\/uploads\\\/2025\\\/11\\\/Captura-de-ecra-2025-12-02-as-16.19.21.png\",\"datePublished\":\"2025-11-05T14:19:03+00:00\",\"dateModified\":\"2026-02-09T17:50:26+00:00\",\"description\":\"Descubra a Pentax Program A, uma c\u00e2mara de filme 35mm cl\u00e1ssica que combina design vintage, precis\u00e3o manual e desempenho fi\u00e1vel.\",\"breadcrumb\":{\"@id\":\"https:\\\/\\\/comuna.pt\\\/pt-pt\\\/product\\\/camara-de-filme-35mm-pentax-program-a\\\/#breadcrumb\"},\"inLanguage\":\"pt-PT\",\"potentialAction\":[{\"@type\":\"ReadAction\",\"target\":[\"https:\\\/\\\/comuna.pt\\\/pt-pt\\\/product\\\/camara-de-filme-35mm-pentax-program-a\\\/\"]}]},{\"@type\":\"ImageObject\",\"inLanguage\":\"pt-PT\",\"@id\":\"https:\\\/\\\/comuna.pt\\\/pt-pt\\\/product\\\/camara-de-filme-35mm-pentax-program-a\\\/#primaryimage\",\"url\":\"https:\\\/\\\/comuna.pt\\\/wp-content\\\/uploads\\\/2025\\\/11\\\/Captura-de-ecra-2025-12-02-as-16.19.21.png\",\"contentUrl\":\"https:\\\/\\\/comuna.pt\\\/wp-content\\\/uploads\\\/2025\\\/11\\\/Captura-de-ecra-2025-12-02-as-16.19.21.png\",\"width\":1200,\"height\":796},{\"@type\":\"BreadcrumbList\",\"@id\":\"https:\\\/\\\/comuna.pt\\\/pt-pt\\\/product\\\/camara-de-filme-35mm-pentax-program-a\\\/#breadcrumb\",\"itemListElement\":[{\"@type\":\"ListItem\",\"position\":1,\"name\":\"Home\",\"item\":\"https:\\\/\\\/comuna.pt\\\/pt-pt\\\/\"},{\"@type\":\"ListItem\",\"position\":2,\"name\":\"Produtos\"},{\"@type\":\"ListItem\",\"position\":3,\"name\":\"Equipamento Anal\u00f3gico\",\"item\":\"https:\\\/\\\/comuna.pt\\\/pt-pt\\\/Categoria\\\/equipamento-analogico\\\/\"},{\"@type\":\"ListItem\",\"position\":4,\"name\":\"C\u00e2mara de Filme 35mm Pentax Program A\"}]},{\"@type\":\"WebSite\",\"@id\":\"https:\\\/\\\/comuna.pt\\\/pt-pt\\\/#website\",\"url\":\"https:\\\/\\\/comuna.pt\\\/pt-pt\\\/\",\"name\":\"Comuna Rental House\",\"description\":\"Photo studios, Podcast &amp; Equipment Rental\",\"publisher\":{\"@id\":\"https:\\\/\\\/comuna.pt\\\/pt-pt\\\/#organization\"},\"alternateName\":\"Comuna Filmmaking Equipment Rental\",\"potentialAction\":[{\"@type\":\"SearchAction\",\"target\":{\"@type\":\"EntryPoint\",\"urlTemplate\":\"https:\\\/\\\/comuna.pt\\\/pt-pt\\\/?s={search_term_string}\"},\"query-input\":{\"@type\":\"PropertyValueSpecification\",\"valueRequired\":true,\"valueName\":\"search_term_string\"}}],\"inLanguage\":\"pt-PT\"},{\"@type\":\"Organization\",\"@id\":\"https:\\\/\\\/comuna.pt\\\/pt-pt\\\/#organization\",\"name\":\"Comuna Rental House\",\"url\":\"https:\\\/\\\/comuna.pt\\\/pt-pt\\\/\",\"logo\":{\"@type\":\"ImageObject\",\"inLanguage\":\"pt-PT\",\"@id\":\"https:\\\/\\\/comuna.pt\\\/pt-pt\\\/#\\\/schema\\\/logo\\\/image\\\/\",\"url\":\"https:\\\/\\\/comuna.pt\\\/wp-content\\\/uploads\\\/2024\\\/03\\\/comuna_logo_website.png\",\"contentUrl\":\"https:\\\/\\\/comuna.pt\\\/wp-content\\\/uploads\\\/2024\\\/03\\\/comuna_logo_website.png\",\"width\":2000,\"height\":262,\"caption\":\"Comuna Rental House\"},\"image\":{\"@id\":\"https:\\\/\\\/comuna.pt\\\/pt-pt\\\/#\\\/schema\\\/logo\\\/image\\\/\"},\"sameAs\":[\"http:\\\/\\\/facebook.com\\\/comuna.rental\",\"https:\\\/\\\/www.instagram.com\\\/comuna_rental\",\"https:\\\/\\\/www.linkedin.com\\\/company\\\/96410498\"]}]}<\/script>\n<meta property=\"product:price:amount\" content=\"35.00\" \/>\n<meta property=\"product:price:currency\" content=\"EUR\" \/>\n<meta property=\"og:availability\" content=\"instock\" \/>\n<meta property=\"product:availability\" content=\"instock\" \/>\n<meta property=\"product:condition\" content=\"new\" \/>\n<!-- \/ Yoast SEO Premium plugin. -->","yoast_head_json":{"title":"C\u00e2mara de Filme 35mm Pentax Program A | Comuna Studios &amp; Equipment Rental","description":"Descubra a Pentax Program A, uma c\u00e2mara de filme 35mm cl\u00e1ssica que combina design vintage, precis\u00e3o manual e desempenho fi\u00e1vel.","robots":{"index":"index","follow":"follow","max-snippet":"max-snippet:-1","max-image-preview":"max-image-preview:large","max-video-preview":"max-video-preview:-1"},"canonical":"https:\/\/comuna.pt\/pt-pt\/product\/camara-de-filme-35mm-pentax-program-a\/","og_locale":"pt_PT","og_type":"article","og_title":"C\u00e2mara de Filme 35mm Pentax Program A","og_description":"Descubra a Pentax Program A, uma c\u00e2mara de filme 35mm cl\u00e1ssica que combina design vintage, precis\u00e3o manual e desempenho fi\u00e1vel.","og_url":"https:\/\/comuna.pt\/pt-pt\/product\/camara-de-filme-35mm-pentax-program-a\/","og_site_name":"Comuna Studios &amp; Equipment Rental","article_publisher":"http:\/\/facebook.com\/comuna.rental","article_modified_time":"2026-02-09T17:50:26+00:00","og_image":[{"width":1200,"height":796,"url":"https:\/\/comuna.pt\/wp-content\/uploads\/2025\/11\/Captura-de-ecra-2025-12-02-as-16.19.21.png","type":"image\/png"}],"twitter_card":"summary_large_image","twitter_misc":{"pre\u00e7o":"&euro;35,00 + 23% VAT","Disponibilidade":"Em stock"},"schema":{"@context":"https:\/\/schema.org","@graph":[{"@type":["WebPage","ItemPage"],"@id":"https:\/\/comuna.pt\/pt-pt\/product\/camara-de-filme-35mm-pentax-program-a\/","url":"https:\/\/comuna.pt\/pt-pt\/product\/camara-de-filme-35mm-pentax-program-a\/","name":"C\u00e2mara de Filme 35mm Pentax Program A | Comuna Studios &amp; Equipment Rental","isPartOf":{"@id":"https:\/\/comuna.pt\/pt-pt\/#website"},"primaryImageOfPage":{"@id":"https:\/\/comuna.pt\/pt-pt\/product\/camara-de-filme-35mm-pentax-program-a\/#primaryimage"},"image":{"@id":"https:\/\/comuna.pt\/pt-pt\/product\/camara-de-filme-35mm-pentax-program-a\/#primaryimage"},"thumbnailUrl":"https:\/\/comuna.pt\/wp-content\/uploads\/2025\/11\/Captura-de-ecra-2025-12-02-as-16.19.21.png","datePublished":"2025-11-05T14:19:03+00:00","dateModified":"2026-02-09T17:50:26+00:00","description":"Descubra a Pentax Program A, uma c\u00e2mara de filme 35mm cl\u00e1ssica que combina design vintage, precis\u00e3o manual e desempenho fi\u00e1vel.","breadcrumb":{"@id":"https:\/\/comuna.pt\/pt-pt\/product\/camara-de-filme-35mm-pentax-program-a\/#breadcrumb"},"inLanguage":"pt-PT","potentialAction":[{"@type":"ReadAction","target":["https:\/\/comuna.pt\/pt-pt\/product\/camara-de-filme-35mm-pentax-program-a\/"]}]},{"@type":"ImageObject","inLanguage":"pt-PT","@id":"https:\/\/comuna.pt\/pt-pt\/product\/camara-de-filme-35mm-pentax-program-a\/#primaryimage","url":"https:\/\/comuna.pt\/wp-content\/uploads\/2025\/11\/Captura-de-ecra-2025-12-02-as-16.19.21.png","contentUrl":"https:\/\/comuna.pt\/wp-content\/uploads\/2025\/11\/Captura-de-ecra-2025-12-02-as-16.19.21.png","width":1200,"height":796},{"@type":"BreadcrumbList","@id":"https:\/\/comuna.pt\/pt-pt\/product\/camara-de-filme-35mm-pentax-program-a\/#breadcrumb","itemListElement":[{"@type":"ListItem","position":1,"name":"Home","item":"https:\/\/comuna.pt\/pt-pt\/"},{"@type":"ListItem","position":2,"name":"Produtos"},{"@type":"ListItem","position":3,"name":"Equipamento Anal\u00f3gico","item":"https:\/\/comuna.pt\/pt-pt\/Categoria\/equipamento-analogico\/"},{"@type":"ListItem","position":4,"name":"C\u00e2mara de Filme 35mm Pentax Program A"}]},{"@type":"WebSite","@id":"https:\/\/comuna.pt\/pt-pt\/#website","url":"https:\/\/comuna.pt\/pt-pt\/","name":"Comuna Rental House","description":"Photo studios, Podcast &amp; Equipment Rental","publisher":{"@id":"https:\/\/comuna.pt\/pt-pt\/#organization"},"alternateName":"Comuna Filmmaking Equipment Rental","potentialAction":[{"@type":"SearchAction","target":{"@type":"EntryPoint","urlTemplate":"https:\/\/comuna.pt\/pt-pt\/?s={search_term_string}"},"query-input":{"@type":"PropertyValueSpecification","valueRequired":true,"valueName":"search_term_string"}}],"inLanguage":"pt-PT"},{"@type":"Organization","@id":"https:\/\/comuna.pt\/pt-pt\/#organization","name":"Comuna Rental House","url":"https:\/\/comuna.pt\/pt-pt\/","logo":{"@type":"ImageObject","inLanguage":"pt-PT","@id":"https:\/\/comuna.pt\/pt-pt\/#\/schema\/logo\/image\/","url":"https:\/\/comuna.pt\/wp-content\/uploads\/2024\/03\/comuna_logo_website.png","contentUrl":"https:\/\/comuna.pt\/wp-content\/uploads\/2024\/03\/comuna_logo_website.png","width":2000,"height":262,"caption":"Comuna Rental House"},"image":{"@id":"https:\/\/comuna.pt\/pt-pt\/#\/schema\/logo\/image\/"},"sameAs":["http:\/\/facebook.com\/comuna.rental","https:\/\/www.instagram.com\/comuna_rental","https:\/\/www.linkedin.com\/company\/96410498"]}]},"product_price_amount":"35.00","product_price_currency":"EUR","og_availability":"instock","product_availability":"instock","product_condition":"new"},"_links":{"self":[{"href":"https:\/\/comuna.pt\/pt-pt\/wp-json\/wp\/v2\/product\/19381","targetHints":{"allow":["GET"]}}],"collection":[{"href":"https:\/\/comuna.pt\/pt-pt\/wp-json\/wp\/v2\/product"}],"about":[{"href":"https:\/\/comuna.pt\/pt-pt\/wp-json\/wp\/v2\/types\/product"}],"version-history":[{"count":50,"href":"https:\/\/comuna.pt\/pt-pt\/wp-json\/wp\/v2\/product\/19381\/revisions"}],"predecessor-version":[{"id":19609,"href":"https:\/\/comuna.pt\/pt-pt\/wp-json\/wp\/v2\/product\/19381\/revisions\/19609"}],"wp:featuredmedia":[{"embeddable":true,"href":"https:\/\/comuna.pt\/pt-pt\/wp-json\/wp\/v2\/media\/19382"}],"wp:attachment":[{"href":"https:\/\/comuna.pt\/pt-pt\/wp-json\/wp\/v2\/media?parent=19381"}],"wp:term":[{"taxonomy":"product_brand","embeddable":true,"href":"https:\/\/comuna.pt\/pt-pt\/wp-json\/wp\/v2\/product_brand?post=19381"},{"taxonomy":"product_cat","embeddable":true,"href":"https:\/\/comuna.pt\/pt-pt\/wp-json\/wp\/v2\/product_cat?post=19381"},{"taxonomy":"product_tag","embeddable":true,"href":"https:\/\/comuna.pt\/pt-pt\/wp-json\/wp\/v2\/product_tag?post=19381"}],"curies":[{"name":"wp","href":"https:\/\/api.w.org\/{rel}","templated":true}]}}