{"id":19316,"date":"2024-01-29T20:28:56","date_gmt":"2024-01-29T20:28:56","guid":{"rendered":"https:\/\/comuna.pt\/product\/conjunto-canon-fd-set\/"},"modified":"2026-01-31T17:29:33","modified_gmt":"2026-01-31T17:29:33","slug":"conjunto-canon-fd-set","status":"publish","type":"product","link":"https:\/\/comuna.pt\/pt-pt\/product\/conjunto-canon-fd-set\/","title":{"rendered":"Conjunto Canon FD (Set)"},"content":{"rendered":"<div class=\"booqable-product-button\" data-id=\"canon-fd-set\"><\/div>\n<p>Transform\u00e1mos estas p\u00e9rolas vintage atrav\u00e9s de um retrofitting com encaixes EF, tornando-as compat\u00edveis com uma vasta gama de <a href=\"https:\/\/comuna.pt\/product-category\/camera\/\">c\u00e2maras<\/a> modernas. Esta modifica\u00e7\u00e3o abre um mundo de possibilidades, permitindo que fot\u00f3grafos e vide\u00f3grafos experimentem o car\u00e1cter \u00fanico destas objetivas em corpos digitais contempor\u00e2neos. Canon FD para aluguer em Lisboa.<\/p>\n<p>Al\u00e9m disso, compreendendo a import\u00e2ncia da precis\u00e3o no cinema, equip\u00e1mos cada objetiva com adaptadores para sistemas de follow focus. Estas adi\u00e7\u00f5es aos an\u00e9is de focagem trazem um novo n\u00edvel de controlo e exatid\u00e3o, essencial para puxadas de foco suaves e consistentes durante as filmagens. A sensa\u00e7\u00e3o t\u00e1til e a resposta destes an\u00e9is tornam a sua utiliza\u00e7\u00e3o um prazer, seja um diretor de fotografia experiente ou algu\u00e9m a come\u00e7ar na produ\u00e7\u00e3o de v\u00eddeo. A 20mm f\/2.8 destaca-se pelo seu \u00e2ngulo amplo, perfeito para cenas expansivas e arquitetura. A 24mm f\/2.8 \u00e9 ideal para cenas de rua e retratos ambientais, enquanto a 35mm f\/2 oferece uma perspetiva natural para o dia a dia. A 50mm f\/1.4, conhecida pela sua nitidez e bokeh deslumbrante, brilha em retratos. A 85mm f\/1.8 \u00e9 o sonho de qualquer fot\u00f3grafo de retrato, oferecendo uma compress\u00e3o lisonjeira. Por fim, a 125mm f\/2.5 \u00e9 perfeita para captar detalhes minuciosos e express\u00f5es subtis. Canon FD para aluguer em Lisboa.<\/p>\n<p>Em conjunto, estas objetivas <strong>Canon FD<\/strong> modificadas oferecem um kit de ferramentas vers\u00e1til, combinando o charme \u00f3tico cl\u00e1ssico com a funcionalidade moderna para desbloquear novos potenciais criativos.<\/p>\n","protected":false},"excerpt":{"rendered":"<p>Transform\u00e1mos estas p\u00e9rolas vintage atrav\u00e9s de um retrofitting com encaixes EF, tornando-as compat\u00edveis com uma vasta gama de c\u00e2maras modernas. Esta modifica\u00e7\u00e3o abre um mundo de possibilidades, permitindo que fot\u00f3grafos e vide\u00f3grafos experimentem o car\u00e1cter \u00fanico destas objetivas em corpos digitais contempor\u00e2neos. Canon FD para aluguer em Lisboa. Al\u00e9m disso, compreendendo a import\u00e2ncia da precis\u00e3o [&hellip;]<\/p>\n","protected":false},"featured_media":19317,"template":"","meta":[],"product_brand":[],"product_cat":[805879],"product_tag":[],"class_list":{"0":"post-19316","1":"product","2":"type-product","3":"status-publish","4":"has-post-thumbnail","6":"product_cat-objetivas","8":"first","9":"instock","10":"taxable","11":"shipping-taxable","12":"purchasable","13":"product-type-simple"},"yoast_head":"<!-- This site is optimized with the Yoast SEO Premium plugin v27.3 (Yoast SEO v27.4) - https:\/\/yoast.com\/product\/yoast-seo-premium-wordpress\/ -->\n<title>Conjunto Canon FD (Set) | Comuna Studios &amp; Equipment Rental<\/title>\n<meta name=\"description\" content=\"Canon FD para aluguer em Lisboa. 20, 24, 35, 50, 85, 125mm. Equipamento de v\u00eddeo, fotografia e cinema. Variedade de c\u00e2maras, objetivas, ilumina\u00e7\u00e3o, gimbals, etc.\" \/>\n<meta name=\"robots\" content=\"index, follow, max-snippet:-1, max-image-preview:large, max-video-preview:-1\" \/>\n<link rel=\"canonical\" href=\"https:\/\/comuna.pt\/pt-pt\/product\/conjunto-canon-fd-set\/\" \/>\n<meta property=\"og:locale\" content=\"pt_PT\" \/>\n<meta property=\"og:type\" content=\"article\" \/>\n<meta property=\"og:title\" content=\"Conjunto Canon FD (Set)\" \/>\n<meta property=\"og:description\" content=\"Canon FD para aluguer em Lisboa. 20, 24, 35, 50, 85, 125mm. Equipamento de v\u00eddeo, fotografia e cinema. Variedade de c\u00e2maras, objetivas, ilumina\u00e7\u00e3o, gimbals, etc.\" \/>\n<meta property=\"og:url\" content=\"https:\/\/comuna.pt\/pt-pt\/product\/conjunto-canon-fd-set\/\" \/>\n<meta property=\"og:site_name\" content=\"Comuna Studios &amp; Equipment Rental\" \/>\n<meta property=\"article:publisher\" content=\"http:\/\/facebook.com\/comuna.rental\" \/>\n<meta property=\"article:modified_time\" content=\"2026-01-31T17:29:33+00:00\" \/>\n<meta property=\"og:image\" content=\"https:\/\/comuna.pt\/wp-content\/uploads\/2024\/01\/IMG_8904-51-merged.jpg\" \/>\n\t<meta property=\"og:image:width\" content=\"500\" \/>\n\t<meta property=\"og:image:height\" content=\"500\" \/>\n\t<meta property=\"og:image:type\" content=\"image\/jpeg\" \/>\n<meta name=\"twitter:card\" content=\"summary_large_image\" \/>\n<meta name=\"twitter:label1\" content=\"pre\u00e7o\" \/>\n\t<meta name=\"twitter:data1\" content=\"&euro;159,00 + 23% VAT\" \/>\n\t<meta name=\"twitter:label2\" content=\"Disponibilidade\" \/>\n\t<meta name=\"twitter:data2\" content=\"Em stock\" \/>\n<script type=\"application\/ld+json\" class=\"yoast-schema-graph\">{\"@context\":\"https:\\\/\\\/schema.org\",\"@graph\":[{\"@type\":[\"WebPage\",\"ItemPage\"],\"@id\":\"https:\\\/\\\/comuna.pt\\\/pt-pt\\\/product\\\/conjunto-canon-fd-set\\\/\",\"url\":\"https:\\\/\\\/comuna.pt\\\/pt-pt\\\/product\\\/conjunto-canon-fd-set\\\/\",\"name\":\"Conjunto Canon FD (Set) | Comuna Studios &amp; Equipment Rental\",\"isPartOf\":{\"@id\":\"https:\\\/\\\/comuna.pt\\\/pt-pt\\\/#website\"},\"primaryImageOfPage\":{\"@id\":\"https:\\\/\\\/comuna.pt\\\/pt-pt\\\/product\\\/conjunto-canon-fd-set\\\/#primaryimage\"},\"image\":{\"@id\":\"https:\\\/\\\/comuna.pt\\\/pt-pt\\\/product\\\/conjunto-canon-fd-set\\\/#primaryimage\"},\"thumbnailUrl\":\"https:\\\/\\\/comuna.pt\\\/wp-content\\\/uploads\\\/2024\\\/01\\\/IMG_8904-51-merged.jpg\",\"datePublished\":\"2024-01-29T20:28:56+00:00\",\"dateModified\":\"2026-01-31T17:29:33+00:00\",\"description\":\"Canon FD para aluguer em Lisboa. 20, 24, 35, 50, 85, 125mm. Equipamento de v\u00eddeo, fotografia e cinema. Variedade de c\u00e2maras, objetivas, ilumina\u00e7\u00e3o, gimbals, etc.\",\"breadcrumb\":{\"@id\":\"https:\\\/\\\/comuna.pt\\\/pt-pt\\\/product\\\/conjunto-canon-fd-set\\\/#breadcrumb\"},\"inLanguage\":\"pt-PT\",\"potentialAction\":[{\"@type\":\"ReadAction\",\"target\":[\"https:\\\/\\\/comuna.pt\\\/pt-pt\\\/product\\\/conjunto-canon-fd-set\\\/\"]}]},{\"@type\":\"ImageObject\",\"inLanguage\":\"pt-PT\",\"@id\":\"https:\\\/\\\/comuna.pt\\\/pt-pt\\\/product\\\/conjunto-canon-fd-set\\\/#primaryimage\",\"url\":\"https:\\\/\\\/comuna.pt\\\/wp-content\\\/uploads\\\/2024\\\/01\\\/IMG_8904-51-merged.jpg\",\"contentUrl\":\"https:\\\/\\\/comuna.pt\\\/wp-content\\\/uploads\\\/2024\\\/01\\\/IMG_8904-51-merged.jpg\",\"width\":500,\"height\":500},{\"@type\":\"BreadcrumbList\",\"@id\":\"https:\\\/\\\/comuna.pt\\\/pt-pt\\\/product\\\/conjunto-canon-fd-set\\\/#breadcrumb\",\"itemListElement\":[{\"@type\":\"ListItem\",\"position\":1,\"name\":\"Home\",\"item\":\"https:\\\/\\\/comuna.pt\\\/pt-pt\\\/\"},{\"@type\":\"ListItem\",\"position\":2,\"name\":\"Produtos\"},{\"@type\":\"ListItem\",\"position\":3,\"name\":\"Objetivas\",\"item\":\"https:\\\/\\\/comuna.pt\\\/pt-pt\\\/Categoria\\\/objetivas\\\/\"},{\"@type\":\"ListItem\",\"position\":4,\"name\":\"Conjunto Canon FD (Set)\"}]},{\"@type\":\"WebSite\",\"@id\":\"https:\\\/\\\/comuna.pt\\\/pt-pt\\\/#website\",\"url\":\"https:\\\/\\\/comuna.pt\\\/pt-pt\\\/\",\"name\":\"Comuna Rental House\",\"description\":\"Photo studios, Podcast &amp; Equipment Rental\",\"publisher\":{\"@id\":\"https:\\\/\\\/comuna.pt\\\/pt-pt\\\/#organization\"},\"alternateName\":\"Comuna Filmmaking Equipment Rental\",\"potentialAction\":[{\"@type\":\"SearchAction\",\"target\":{\"@type\":\"EntryPoint\",\"urlTemplate\":\"https:\\\/\\\/comuna.pt\\\/pt-pt\\\/?s={search_term_string}\"},\"query-input\":{\"@type\":\"PropertyValueSpecification\",\"valueRequired\":true,\"valueName\":\"search_term_string\"}}],\"inLanguage\":\"pt-PT\"},{\"@type\":\"Organization\",\"@id\":\"https:\\\/\\\/comuna.pt\\\/pt-pt\\\/#organization\",\"name\":\"Comuna Rental House\",\"url\":\"https:\\\/\\\/comuna.pt\\\/pt-pt\\\/\",\"logo\":{\"@type\":\"ImageObject\",\"inLanguage\":\"pt-PT\",\"@id\":\"https:\\\/\\\/comuna.pt\\\/pt-pt\\\/#\\\/schema\\\/logo\\\/image\\\/\",\"url\":\"https:\\\/\\\/comuna.pt\\\/wp-content\\\/uploads\\\/2024\\\/03\\\/comuna_logo_website.png\",\"contentUrl\":\"https:\\\/\\\/comuna.pt\\\/wp-content\\\/uploads\\\/2024\\\/03\\\/comuna_logo_website.png\",\"width\":2000,\"height\":262,\"caption\":\"Comuna Rental House\"},\"image\":{\"@id\":\"https:\\\/\\\/comuna.pt\\\/pt-pt\\\/#\\\/schema\\\/logo\\\/image\\\/\"},\"sameAs\":[\"http:\\\/\\\/facebook.com\\\/comuna.rental\",\"https:\\\/\\\/www.instagram.com\\\/comuna_rental\",\"https:\\\/\\\/www.linkedin.com\\\/company\\\/96410498\"]}]}<\/script>\n<meta property=\"product:price:amount\" content=\"159.00\" \/>\n<meta property=\"product:price:currency\" content=\"EUR\" \/>\n<meta property=\"og:availability\" content=\"instock\" \/>\n<meta property=\"product:availability\" content=\"instock\" \/>\n<meta property=\"product:condition\" content=\"new\" \/>\n<!-- \/ Yoast SEO Premium plugin. -->","yoast_head_json":{"title":"Conjunto Canon FD (Set) | Comuna Studios &amp; Equipment Rental","description":"Canon FD para aluguer em Lisboa. 20, 24, 35, 50, 85, 125mm. Equipamento de v\u00eddeo, fotografia e cinema. Variedade de c\u00e2maras, objetivas, ilumina\u00e7\u00e3o, gimbals, etc.","robots":{"index":"index","follow":"follow","max-snippet":"max-snippet:-1","max-image-preview":"max-image-preview:large","max-video-preview":"max-video-preview:-1"},"canonical":"https:\/\/comuna.pt\/pt-pt\/product\/conjunto-canon-fd-set\/","og_locale":"pt_PT","og_type":"article","og_title":"Conjunto Canon FD (Set)","og_description":"Canon FD para aluguer em Lisboa. 20, 24, 35, 50, 85, 125mm. Equipamento de v\u00eddeo, fotografia e cinema. Variedade de c\u00e2maras, objetivas, ilumina\u00e7\u00e3o, gimbals, etc.","og_url":"https:\/\/comuna.pt\/pt-pt\/product\/conjunto-canon-fd-set\/","og_site_name":"Comuna Studios &amp; Equipment Rental","article_publisher":"http:\/\/facebook.com\/comuna.rental","article_modified_time":"2026-01-31T17:29:33+00:00","og_image":[{"width":500,"height":500,"url":"https:\/\/comuna.pt\/wp-content\/uploads\/2024\/01\/IMG_8904-51-merged.jpg","type":"image\/jpeg"}],"twitter_card":"summary_large_image","twitter_misc":{"pre\u00e7o":"&euro;159,00 + 23% VAT","Disponibilidade":"Em stock"},"schema":{"@context":"https:\/\/schema.org","@graph":[{"@type":["WebPage","ItemPage"],"@id":"https:\/\/comuna.pt\/pt-pt\/product\/conjunto-canon-fd-set\/","url":"https:\/\/comuna.pt\/pt-pt\/product\/conjunto-canon-fd-set\/","name":"Conjunto Canon FD (Set) | Comuna Studios &amp; Equipment Rental","isPartOf":{"@id":"https:\/\/comuna.pt\/pt-pt\/#website"},"primaryImageOfPage":{"@id":"https:\/\/comuna.pt\/pt-pt\/product\/conjunto-canon-fd-set\/#primaryimage"},"image":{"@id":"https:\/\/comuna.pt\/pt-pt\/product\/conjunto-canon-fd-set\/#primaryimage"},"thumbnailUrl":"https:\/\/comuna.pt\/wp-content\/uploads\/2024\/01\/IMG_8904-51-merged.jpg","datePublished":"2024-01-29T20:28:56+00:00","dateModified":"2026-01-31T17:29:33+00:00","description":"Canon FD para aluguer em Lisboa. 20, 24, 35, 50, 85, 125mm. Equipamento de v\u00eddeo, fotografia e cinema. Variedade de c\u00e2maras, objetivas, ilumina\u00e7\u00e3o, gimbals, etc.","breadcrumb":{"@id":"https:\/\/comuna.pt\/pt-pt\/product\/conjunto-canon-fd-set\/#breadcrumb"},"inLanguage":"pt-PT","potentialAction":[{"@type":"ReadAction","target":["https:\/\/comuna.pt\/pt-pt\/product\/conjunto-canon-fd-set\/"]}]},{"@type":"ImageObject","inLanguage":"pt-PT","@id":"https:\/\/comuna.pt\/pt-pt\/product\/conjunto-canon-fd-set\/#primaryimage","url":"https:\/\/comuna.pt\/wp-content\/uploads\/2024\/01\/IMG_8904-51-merged.jpg","contentUrl":"https:\/\/comuna.pt\/wp-content\/uploads\/2024\/01\/IMG_8904-51-merged.jpg","width":500,"height":500},{"@type":"BreadcrumbList","@id":"https:\/\/comuna.pt\/pt-pt\/product\/conjunto-canon-fd-set\/#breadcrumb","itemListElement":[{"@type":"ListItem","position":1,"name":"Home","item":"https:\/\/comuna.pt\/pt-pt\/"},{"@type":"ListItem","position":2,"name":"Produtos"},{"@type":"ListItem","position":3,"name":"Objetivas","item":"https:\/\/comuna.pt\/pt-pt\/Categoria\/objetivas\/"},{"@type":"ListItem","position":4,"name":"Conjunto Canon FD (Set)"}]},{"@type":"WebSite","@id":"https:\/\/comuna.pt\/pt-pt\/#website","url":"https:\/\/comuna.pt\/pt-pt\/","name":"Comuna Rental House","description":"Photo studios, Podcast &amp; Equipment Rental","publisher":{"@id":"https:\/\/comuna.pt\/pt-pt\/#organization"},"alternateName":"Comuna Filmmaking Equipment Rental","potentialAction":[{"@type":"SearchAction","target":{"@type":"EntryPoint","urlTemplate":"https:\/\/comuna.pt\/pt-pt\/?s={search_term_string}"},"query-input":{"@type":"PropertyValueSpecification","valueRequired":true,"valueName":"search_term_string"}}],"inLanguage":"pt-PT"},{"@type":"Organization","@id":"https:\/\/comuna.pt\/pt-pt\/#organization","name":"Comuna Rental House","url":"https:\/\/comuna.pt\/pt-pt\/","logo":{"@type":"ImageObject","inLanguage":"pt-PT","@id":"https:\/\/comuna.pt\/pt-pt\/#\/schema\/logo\/image\/","url":"https:\/\/comuna.pt\/wp-content\/uploads\/2024\/03\/comuna_logo_website.png","contentUrl":"https:\/\/comuna.pt\/wp-content\/uploads\/2024\/03\/comuna_logo_website.png","width":2000,"height":262,"caption":"Comuna Rental House"},"image":{"@id":"https:\/\/comuna.pt\/pt-pt\/#\/schema\/logo\/image\/"},"sameAs":["http:\/\/facebook.com\/comuna.rental","https:\/\/www.instagram.com\/comuna_rental","https:\/\/www.linkedin.com\/company\/96410498"]}]},"product_price_amount":"159.00","product_price_currency":"EUR","og_availability":"instock","product_availability":"instock","product_condition":"new"},"_links":{"self":[{"href":"https:\/\/comuna.pt\/pt-pt\/wp-json\/wp\/v2\/product\/19316","targetHints":{"allow":["GET"]}}],"collection":[{"href":"https:\/\/comuna.pt\/pt-pt\/wp-json\/wp\/v2\/product"}],"about":[{"href":"https:\/\/comuna.pt\/pt-pt\/wp-json\/wp\/v2\/types\/product"}],"version-history":[{"count":3,"href":"https:\/\/comuna.pt\/pt-pt\/wp-json\/wp\/v2\/product\/19316\/revisions"}],"predecessor-version":[{"id":19368,"href":"https:\/\/comuna.pt\/pt-pt\/wp-json\/wp\/v2\/product\/19316\/revisions\/19368"}],"wp:featuredmedia":[{"embeddable":true,"href":"https:\/\/comuna.pt\/pt-pt\/wp-json\/wp\/v2\/media\/19317"}],"wp:attachment":[{"href":"https:\/\/comuna.pt\/pt-pt\/wp-json\/wp\/v2\/media?parent=19316"}],"wp:term":[{"taxonomy":"product_brand","embeddable":true,"href":"https:\/\/comuna.pt\/pt-pt\/wp-json\/wp\/v2\/product_brand?post=19316"},{"taxonomy":"product_cat","embeddable":true,"href":"https:\/\/comuna.pt\/pt-pt\/wp-json\/wp\/v2\/product_cat?post=19316"},{"taxonomy":"product_tag","embeddable":true,"href":"https:\/\/comuna.pt\/pt-pt\/wp-json\/wp\/v2\/product_tag?post=19316"}],"curies":[{"name":"wp","href":"https:\/\/api.w.org\/{rel}","templated":true}]}}