{"id":19277,"date":"2023-11-30T14:23:40","date_gmt":"2023-11-30T14:23:40","guid":{"rendered":"https:\/\/comuna.pt\/product\/gravador-de-audio-zoom-h6\/"},"modified":"2026-01-31T17:29:32","modified_gmt":"2026-01-31T17:29:32","slug":"gravador-de-audio-zoom-h6","status":"publish","type":"product","link":"https:\/\/comuna.pt\/pt-pt\/product\/gravador-de-audio-zoom-h6\/","title":{"rendered":"Gravador de \u00c1udio Zoom H6"},"content":{"rendered":"<div class=\"booqable-product-button\" data-id=\"zoom-h6\"><\/div>\n<p>O Gravador de \u00c1udio Zoom H6 apresenta-se como um dispositivo revolucion\u00e1rio no universo da grava\u00e7\u00e3o sonora, sendo particularmente popular entre profissionais e entusiastas que procuram resultados de \u00e1udio de alta qualidade. N\u00e3o \u00e9 de estranhar que o servi\u00e7o de &#8220;aluguer de gravador de \u00e1udio Zoom H6 em Lisboa&#8221; seja cada vez mais procurado, satisfazendo uma gama diversificada de necessidades na nossa vibrante cidade. O Zoom H6 oferece uma versatilidade e qualidade sem paralelo, tornando-se uma ferramenta indispens\u00e1vel para v\u00e1rios projetos de \u00e1udio. Seja para m\u00fasicos a gravar novas faixas, cineastas a captar \u00e1udio n\u00edtido no set, ou jornalistas a realizar entrevistas, o Zoom H6 satisfaz todos com a sua fidelidade excecional e interface intuitiva. A sua capacidade de gravar at\u00e9 seis faixas em simult\u00e2neo, juntamente com as c\u00e1psulas de entrada intermut\u00e1veis, proporciona aos utilizadores a flexibilidade para adaptar o seu setup a qualquer ambiente ou situa\u00e7\u00e3o. Al\u00e9m disso, o aluguer do Zoom H6 em Lisboa \u00e9 uma solu\u00e7\u00e3o econ\u00f3mica para quem necessita de grava\u00e7\u00e3o profissional sem o compromisso da compra. Alugar este dispositivo permite o acesso a equipamento de topo para projetos espec\u00edficos, como concertos, eventos ou document\u00e1rios. No fundo, o Zoom H6 transforma a forma como o som \u00e9 captado, oferecendo uma combina\u00e7\u00e3o inigual\u00e1vel de qualidade e conveni\u00eancia.<\/p>\n","protected":false},"excerpt":{"rendered":"<p>O Gravador de \u00c1udio Zoom H6 apresenta-se como um dispositivo revolucion\u00e1rio no universo da grava\u00e7\u00e3o sonora, sendo particularmente popular entre profissionais e entusiastas que procuram resultados de \u00e1udio de alta qualidade. N\u00e3o \u00e9 de estranhar que o servi\u00e7o de &#8220;aluguer de gravador de \u00e1udio Zoom H6 em Lisboa&#8221; seja cada vez mais procurado, satisfazendo uma [&hellip;]<\/p>\n","protected":false},"featured_media":19278,"template":"","meta":[],"product_brand":[],"product_cat":[805872],"product_tag":[],"class_list":{"0":"post-19277","1":"product","2":"type-product","3":"status-publish","4":"has-post-thumbnail","6":"product_cat-som","8":"first","9":"instock","10":"taxable","11":"shipping-taxable","12":"purchasable","13":"product-type-simple"},"yoast_head":"<!-- This site is optimized with the Yoast SEO Premium plugin v27.3 (Yoast SEO v27.3) - https:\/\/yoast.com\/product\/yoast-seo-premium-wordpress\/ -->\n<title>Gravador de \u00c1udio Zoom H6 para Aluguer em Lisboa | Comuna Studios &amp; Equipment Rental<\/title>\n<meta name=\"description\" content=\"Gravador de \u00c1udio Zoom H6 para aluguer em Lisboa. Aluguer de equipamento de fotografia, v\u00eddeo, ilumina\u00e7\u00e3o e som em Portugal. Grande variedade de c\u00e2maras, objetivas, trip\u00e9s, etc.\" \/>\n<meta name=\"robots\" content=\"index, follow, max-snippet:-1, max-image-preview:large, max-video-preview:-1\" \/>\n<link rel=\"canonical\" href=\"https:\/\/comuna.pt\/pt-pt\/product\/gravador-de-audio-zoom-h6\/\" \/>\n<meta property=\"og:locale\" content=\"pt_PT\" \/>\n<meta property=\"og:type\" content=\"article\" \/>\n<meta property=\"og:title\" content=\"Gravador de \u00c1udio Zoom H6\" \/>\n<meta property=\"og:description\" content=\"Gravador de \u00c1udio Zoom H6 para aluguer em Lisboa. Aluguer de equipamento de fotografia, v\u00eddeo, ilumina\u00e7\u00e3o e som em Portugal. Grande variedade de c\u00e2maras, objetivas, trip\u00e9s, etc.\" \/>\n<meta property=\"og:url\" content=\"https:\/\/comuna.pt\/pt-pt\/product\/gravador-de-audio-zoom-h6\/\" \/>\n<meta property=\"og:site_name\" content=\"Comuna Studios &amp; Equipment Rental\" \/>\n<meta property=\"article:publisher\" content=\"http:\/\/facebook.com\/comuna.rental\" \/>\n<meta property=\"article:modified_time\" content=\"2026-01-31T17:29:32+00:00\" \/>\n<meta property=\"og:image\" content=\"https:\/\/comuna.pt\/wp-content\/uploads\/2023\/11\/1585730760_1554843.jpg\" \/>\n\t<meta property=\"og:image:width\" content=\"500\" \/>\n\t<meta property=\"og:image:height\" content=\"500\" \/>\n\t<meta property=\"og:image:type\" content=\"image\/jpeg\" \/>\n<meta name=\"twitter:card\" content=\"summary_large_image\" \/>\n<meta name=\"twitter:label1\" content=\"pre\u00e7o\" \/>\n\t<meta name=\"twitter:data1\" content=\"&euro;23,00 + 23% VAT\" \/>\n\t<meta name=\"twitter:label2\" content=\"Disponibilidade\" \/>\n\t<meta name=\"twitter:data2\" content=\"Em stock\" \/>\n<script type=\"application\/ld+json\" class=\"yoast-schema-graph\">{\"@context\":\"https:\\\/\\\/schema.org\",\"@graph\":[{\"@type\":[\"WebPage\",\"ItemPage\"],\"@id\":\"https:\\\/\\\/comuna.pt\\\/pt-pt\\\/product\\\/gravador-de-audio-zoom-h6\\\/\",\"url\":\"https:\\\/\\\/comuna.pt\\\/pt-pt\\\/product\\\/gravador-de-audio-zoom-h6\\\/\",\"name\":\"Gravador de \u00c1udio Zoom H6 para Aluguer em Lisboa | Comuna Studios &amp; Equipment Rental\",\"isPartOf\":{\"@id\":\"https:\\\/\\\/comuna.pt\\\/pt-pt\\\/#website\"},\"primaryImageOfPage\":{\"@id\":\"https:\\\/\\\/comuna.pt\\\/pt-pt\\\/product\\\/gravador-de-audio-zoom-h6\\\/#primaryimage\"},\"image\":{\"@id\":\"https:\\\/\\\/comuna.pt\\\/pt-pt\\\/product\\\/gravador-de-audio-zoom-h6\\\/#primaryimage\"},\"thumbnailUrl\":\"https:\\\/\\\/comuna.pt\\\/wp-content\\\/uploads\\\/2023\\\/11\\\/1585730760_1554843.jpg\",\"datePublished\":\"2023-11-30T14:23:40+00:00\",\"dateModified\":\"2026-01-31T17:29:32+00:00\",\"description\":\"Gravador de \u00c1udio Zoom H6 para aluguer em Lisboa. Aluguer de equipamento de fotografia, v\u00eddeo, ilumina\u00e7\u00e3o e som em Portugal. Grande variedade de c\u00e2maras, objetivas, trip\u00e9s, etc.\",\"breadcrumb\":{\"@id\":\"https:\\\/\\\/comuna.pt\\\/pt-pt\\\/product\\\/gravador-de-audio-zoom-h6\\\/#breadcrumb\"},\"inLanguage\":\"pt-PT\",\"potentialAction\":[{\"@type\":\"ReadAction\",\"target\":[\"https:\\\/\\\/comuna.pt\\\/pt-pt\\\/product\\\/gravador-de-audio-zoom-h6\\\/\"]}]},{\"@type\":\"ImageObject\",\"inLanguage\":\"pt-PT\",\"@id\":\"https:\\\/\\\/comuna.pt\\\/pt-pt\\\/product\\\/gravador-de-audio-zoom-h6\\\/#primaryimage\",\"url\":\"https:\\\/\\\/comuna.pt\\\/wp-content\\\/uploads\\\/2023\\\/11\\\/1585730760_1554843.jpg\",\"contentUrl\":\"https:\\\/\\\/comuna.pt\\\/wp-content\\\/uploads\\\/2023\\\/11\\\/1585730760_1554843.jpg\",\"width\":500,\"height\":500},{\"@type\":\"BreadcrumbList\",\"@id\":\"https:\\\/\\\/comuna.pt\\\/pt-pt\\\/product\\\/gravador-de-audio-zoom-h6\\\/#breadcrumb\",\"itemListElement\":[{\"@type\":\"ListItem\",\"position\":1,\"name\":\"Home\",\"item\":\"https:\\\/\\\/comuna.pt\\\/pt-pt\\\/\"},{\"@type\":\"ListItem\",\"position\":2,\"name\":\"Produtos\"},{\"@type\":\"ListItem\",\"position\":3,\"name\":\"Som\",\"item\":\"https:\\\/\\\/comuna.pt\\\/pt-pt\\\/Categoria\\\/som\\\/\"},{\"@type\":\"ListItem\",\"position\":4,\"name\":\"Gravador de \u00c1udio Zoom H6\"}]},{\"@type\":\"WebSite\",\"@id\":\"https:\\\/\\\/comuna.pt\\\/pt-pt\\\/#website\",\"url\":\"https:\\\/\\\/comuna.pt\\\/pt-pt\\\/\",\"name\":\"Comuna Rental House\",\"description\":\"Photo studios, Podcast &amp; Equipment Rental\",\"publisher\":{\"@id\":\"https:\\\/\\\/comuna.pt\\\/pt-pt\\\/#organization\"},\"alternateName\":\"Comuna Filmmaking Equipment Rental\",\"potentialAction\":[{\"@type\":\"SearchAction\",\"target\":{\"@type\":\"EntryPoint\",\"urlTemplate\":\"https:\\\/\\\/comuna.pt\\\/pt-pt\\\/?s={search_term_string}\"},\"query-input\":{\"@type\":\"PropertyValueSpecification\",\"valueRequired\":true,\"valueName\":\"search_term_string\"}}],\"inLanguage\":\"pt-PT\"},{\"@type\":\"Organization\",\"@id\":\"https:\\\/\\\/comuna.pt\\\/pt-pt\\\/#organization\",\"name\":\"Comuna Rental House\",\"url\":\"https:\\\/\\\/comuna.pt\\\/pt-pt\\\/\",\"logo\":{\"@type\":\"ImageObject\",\"inLanguage\":\"pt-PT\",\"@id\":\"https:\\\/\\\/comuna.pt\\\/pt-pt\\\/#\\\/schema\\\/logo\\\/image\\\/\",\"url\":\"https:\\\/\\\/comuna.pt\\\/wp-content\\\/uploads\\\/2024\\\/03\\\/comuna_logo_website.png\",\"contentUrl\":\"https:\\\/\\\/comuna.pt\\\/wp-content\\\/uploads\\\/2024\\\/03\\\/comuna_logo_website.png\",\"width\":2000,\"height\":262,\"caption\":\"Comuna Rental House\"},\"image\":{\"@id\":\"https:\\\/\\\/comuna.pt\\\/pt-pt\\\/#\\\/schema\\\/logo\\\/image\\\/\"},\"sameAs\":[\"http:\\\/\\\/facebook.com\\\/comuna.rental\",\"https:\\\/\\\/www.instagram.com\\\/comuna_rental\",\"https:\\\/\\\/www.linkedin.com\\\/company\\\/96410498\"]}]}<\/script>\n<meta property=\"product:price:amount\" content=\"23.00\" \/>\n<meta property=\"product:price:currency\" content=\"EUR\" \/>\n<meta property=\"og:availability\" content=\"instock\" \/>\n<meta property=\"product:availability\" content=\"instock\" \/>\n<meta property=\"product:condition\" content=\"new\" \/>\n<!-- \/ Yoast SEO Premium plugin. -->","yoast_head_json":{"title":"Gravador de \u00c1udio Zoom H6 para Aluguer em Lisboa | Comuna Studios &amp; Equipment Rental","description":"Gravador de \u00c1udio Zoom H6 para aluguer em Lisboa. Aluguer de equipamento de fotografia, v\u00eddeo, ilumina\u00e7\u00e3o e som em Portugal. Grande variedade de c\u00e2maras, objetivas, trip\u00e9s, etc.","robots":{"index":"index","follow":"follow","max-snippet":"max-snippet:-1","max-image-preview":"max-image-preview:large","max-video-preview":"max-video-preview:-1"},"canonical":"https:\/\/comuna.pt\/pt-pt\/product\/gravador-de-audio-zoom-h6\/","og_locale":"pt_PT","og_type":"article","og_title":"Gravador de \u00c1udio Zoom H6","og_description":"Gravador de \u00c1udio Zoom H6 para aluguer em Lisboa. Aluguer de equipamento de fotografia, v\u00eddeo, ilumina\u00e7\u00e3o e som em Portugal. Grande variedade de c\u00e2maras, objetivas, trip\u00e9s, etc.","og_url":"https:\/\/comuna.pt\/pt-pt\/product\/gravador-de-audio-zoom-h6\/","og_site_name":"Comuna Studios &amp; Equipment Rental","article_publisher":"http:\/\/facebook.com\/comuna.rental","article_modified_time":"2026-01-31T17:29:32+00:00","og_image":[{"width":500,"height":500,"url":"https:\/\/comuna.pt\/wp-content\/uploads\/2023\/11\/1585730760_1554843.jpg","type":"image\/jpeg"}],"twitter_card":"summary_large_image","twitter_misc":{"pre\u00e7o":"&euro;23,00 + 23% VAT","Disponibilidade":"Em stock"},"schema":{"@context":"https:\/\/schema.org","@graph":[{"@type":["WebPage","ItemPage"],"@id":"https:\/\/comuna.pt\/pt-pt\/product\/gravador-de-audio-zoom-h6\/","url":"https:\/\/comuna.pt\/pt-pt\/product\/gravador-de-audio-zoom-h6\/","name":"Gravador de \u00c1udio Zoom H6 para Aluguer em Lisboa | Comuna Studios &amp; Equipment Rental","isPartOf":{"@id":"https:\/\/comuna.pt\/pt-pt\/#website"},"primaryImageOfPage":{"@id":"https:\/\/comuna.pt\/pt-pt\/product\/gravador-de-audio-zoom-h6\/#primaryimage"},"image":{"@id":"https:\/\/comuna.pt\/pt-pt\/product\/gravador-de-audio-zoom-h6\/#primaryimage"},"thumbnailUrl":"https:\/\/comuna.pt\/wp-content\/uploads\/2023\/11\/1585730760_1554843.jpg","datePublished":"2023-11-30T14:23:40+00:00","dateModified":"2026-01-31T17:29:32+00:00","description":"Gravador de \u00c1udio Zoom H6 para aluguer em Lisboa. Aluguer de equipamento de fotografia, v\u00eddeo, ilumina\u00e7\u00e3o e som em Portugal. Grande variedade de c\u00e2maras, objetivas, trip\u00e9s, etc.","breadcrumb":{"@id":"https:\/\/comuna.pt\/pt-pt\/product\/gravador-de-audio-zoom-h6\/#breadcrumb"},"inLanguage":"pt-PT","potentialAction":[{"@type":"ReadAction","target":["https:\/\/comuna.pt\/pt-pt\/product\/gravador-de-audio-zoom-h6\/"]}]},{"@type":"ImageObject","inLanguage":"pt-PT","@id":"https:\/\/comuna.pt\/pt-pt\/product\/gravador-de-audio-zoom-h6\/#primaryimage","url":"https:\/\/comuna.pt\/wp-content\/uploads\/2023\/11\/1585730760_1554843.jpg","contentUrl":"https:\/\/comuna.pt\/wp-content\/uploads\/2023\/11\/1585730760_1554843.jpg","width":500,"height":500},{"@type":"BreadcrumbList","@id":"https:\/\/comuna.pt\/pt-pt\/product\/gravador-de-audio-zoom-h6\/#breadcrumb","itemListElement":[{"@type":"ListItem","position":1,"name":"Home","item":"https:\/\/comuna.pt\/pt-pt\/"},{"@type":"ListItem","position":2,"name":"Produtos"},{"@type":"ListItem","position":3,"name":"Som","item":"https:\/\/comuna.pt\/pt-pt\/Categoria\/som\/"},{"@type":"ListItem","position":4,"name":"Gravador de \u00c1udio Zoom H6"}]},{"@type":"WebSite","@id":"https:\/\/comuna.pt\/pt-pt\/#website","url":"https:\/\/comuna.pt\/pt-pt\/","name":"Comuna Rental House","description":"Photo studios, Podcast &amp; Equipment Rental","publisher":{"@id":"https:\/\/comuna.pt\/pt-pt\/#organization"},"alternateName":"Comuna Filmmaking Equipment Rental","potentialAction":[{"@type":"SearchAction","target":{"@type":"EntryPoint","urlTemplate":"https:\/\/comuna.pt\/pt-pt\/?s={search_term_string}"},"query-input":{"@type":"PropertyValueSpecification","valueRequired":true,"valueName":"search_term_string"}}],"inLanguage":"pt-PT"},{"@type":"Organization","@id":"https:\/\/comuna.pt\/pt-pt\/#organization","name":"Comuna Rental House","url":"https:\/\/comuna.pt\/pt-pt\/","logo":{"@type":"ImageObject","inLanguage":"pt-PT","@id":"https:\/\/comuna.pt\/pt-pt\/#\/schema\/logo\/image\/","url":"https:\/\/comuna.pt\/wp-content\/uploads\/2024\/03\/comuna_logo_website.png","contentUrl":"https:\/\/comuna.pt\/wp-content\/uploads\/2024\/03\/comuna_logo_website.png","width":2000,"height":262,"caption":"Comuna Rental House"},"image":{"@id":"https:\/\/comuna.pt\/pt-pt\/#\/schema\/logo\/image\/"},"sameAs":["http:\/\/facebook.com\/comuna.rental","https:\/\/www.instagram.com\/comuna_rental","https:\/\/www.linkedin.com\/company\/96410498"]}]},"product_price_amount":"23.00","product_price_currency":"EUR","og_availability":"instock","product_availability":"instock","product_condition":"new"},"_links":{"self":[{"href":"https:\/\/comuna.pt\/pt-pt\/wp-json\/wp\/v2\/product\/19277","targetHints":{"allow":["GET"]}}],"collection":[{"href":"https:\/\/comuna.pt\/pt-pt\/wp-json\/wp\/v2\/product"}],"about":[{"href":"https:\/\/comuna.pt\/pt-pt\/wp-json\/wp\/v2\/types\/product"}],"version-history":[{"count":3,"href":"https:\/\/comuna.pt\/pt-pt\/wp-json\/wp\/v2\/product\/19277\/revisions"}],"predecessor-version":[{"id":19344,"href":"https:\/\/comuna.pt\/pt-pt\/wp-json\/wp\/v2\/product\/19277\/revisions\/19344"}],"wp:featuredmedia":[{"embeddable":true,"href":"https:\/\/comuna.pt\/pt-pt\/wp-json\/wp\/v2\/media\/19278"}],"wp:attachment":[{"href":"https:\/\/comuna.pt\/pt-pt\/wp-json\/wp\/v2\/media?parent=19277"}],"wp:term":[{"taxonomy":"product_brand","embeddable":true,"href":"https:\/\/comuna.pt\/pt-pt\/wp-json\/wp\/v2\/product_brand?post=19277"},{"taxonomy":"product_cat","embeddable":true,"href":"https:\/\/comuna.pt\/pt-pt\/wp-json\/wp\/v2\/product_cat?post=19277"},{"taxonomy":"product_tag","embeddable":true,"href":"https:\/\/comuna.pt\/pt-pt\/wp-json\/wp\/v2\/product_tag?post=19277"}],"curies":[{"name":"wp","href":"https:\/\/api.w.org\/{rel}","templated":true}]}}