{"id":18983,"date":"2024-03-29T14:21:56","date_gmt":"2024-03-29T14:21:56","guid":{"rendered":"https:\/\/comuna.pt\/product\/kit-de-gravacao-de-som-zoom-f8n-pro-orca-or-28\/"},"modified":"2026-01-31T13:32:25","modified_gmt":"2026-01-31T13:32:25","slug":"kit-de-gravacao-de-som-zoom-f8n-pro-orca-or-28","status":"publish","type":"product","link":"https:\/\/comuna.pt\/pt-pt\/product\/kit-de-gravacao-de-som-zoom-f8n-pro-orca-or-28\/","title":{"rendered":"Kit de Grava\u00e7\u00e3o de Som Zoom F8n Pro &#038; ORCA OR-28"},"content":{"rendered":"<div class=\"booqable-product-button\" data-id=\"zoom-f8n-pro-orca-or-28-sound-bag-kit\"><\/div>\n<p><strong>O que est\u00e1 inclu\u00eddo:<\/strong><\/p>\n<ul>\n<li><strong>Zoom Fn8:<\/strong> 1x Zoom F8n Pro, 1x adaptador AC 12v, 1x cabo USB, 8x pilhas AA, 1x cart\u00e3o SD 32GB<\/li>\n<li><strong>Saco Orca:<\/strong> 1x Saco de Som ORCA OR-28, 1x cobertura de pl\u00e1stico transparente, 2x divis\u00f3rias acolchoadas, 2x tiras de velcro<\/li>\n<\/ul>\n<p>O gravador de campo de \u00faltima gera\u00e7\u00e3o concebido para engenheiros de som e cineastas profissionais.<\/p>\n<ul class=\"fx-list product-text__list\">\n<li class=\"fx-list__item list-item fx-list__item--circle\"><span class=\"fx-text fx-text--plus list-item__text\">8 Entradas com fichas combo XLR\/TRS (comut\u00e1vel Mic\/Line)<\/span><\/li>\n<li class=\"fx-list__item list-item fx-list__item--circle\"><span class=\"fx-text fx-text--plus list-item__text\">Conversor Dual-AD 32-Bit Float (m\u00e1x. 192 kHz)<\/span><\/li>\n<li class=\"fx-list__item list-item fx-list__item--circle\"><span class=\"fx-text fx-text--plus list-item__text\">Sem necessidade de ajuste de n\u00edveis gra\u00e7as \u00e0 resolu\u00e7\u00e3o de 32 bits e pr\u00e9-amplificadores de microfone de alta qualidade (at\u00e9 75 dB de ganho e menos de -127 dBu EIN)<\/span><\/li>\n<li class=\"fx-list__item list-item fx-list__item--circle\"><span class=\"fx-text fx-text--plus list-item__text\">Phantom power comut\u00e1vel (+24V \/ +48V)<\/span><\/li>\n<li class=\"fx-list__item list-item fx-list__item--circle\"><span class=\"fx-text fx-text--plus list-item__text\">Modo Ambisonics, descodificador MS, filtro passa-alto e invers\u00e3o de fase comut\u00e1veis<\/span><\/li>\n<li class=\"fx-list__item list-item fx-list__item--circle\"><span class=\"fx-text fx-text--plus list-item__text\">Entrada e sa\u00edda de Time Code precisa em conectores BNC (0.2 ppm em opera\u00e7\u00e3o)<\/span><\/li>\n<li class=\"fx-list__item list-item fx-list__item--circle\"><span class=\"fx-text fx-text--plus list-item__text\">Grava\u00e7\u00e3o redundante em ranhuras duplas para cart\u00f5es SD\/SDHC\/SDXC (at\u00e9 1 TB cada)<\/span><\/li>\n<li class=\"fx-list__item list-item fx-list__item--circle\"><span class=\"fx-text fx-text--plus list-item__text\">Grava\u00e7\u00e3o simult\u00e2nea em cart\u00f5es SD e computador via liga\u00e7\u00e3o USB<\/span><\/li>\n<li class=\"fx-list__item list-item fx-list__item--circle\"><span class=\"fx-text fx-text--plus list-item__text\">Grava\u00e7\u00e3o at\u00e9 32 bit\/192 kHz e formatos 47.952\/48.048 kHz para compatibilidade com v\u00eddeo HD<\/span><\/li>\n<li class=\"fx-list__item list-item fx-list__item--circle\"><span class=\"fx-text fx-text--plus list-item__text\">Tr\u00eas op\u00e7\u00f5es de alimenta\u00e7\u00e3o: 8 pilhas AA, fonte DC com conetor Hirose 9-18V ou adaptador AC 12V<\/span><\/li>\n<li class=\"fx-list__item list-item fx-list__item--circle\"><span class=\"fx-text fx-text--plus list-item__text\">Controlo de ganho com medidor de n\u00edvel e interruptor PFL\/solo por canal<\/span><\/li>\n<li class=\"fx-list__item list-item fx-list__item--circle\"><span class=\"fx-text fx-text--plus list-item__text\">Estrutura compacta e leve em alum\u00ednio<\/span><\/li>\n<li class=\"fx-list__item list-item fx-list__item--circle\"><span class=\"fx-text fx-text--plus list-item__text\">Ecr\u00e3 LCD a cores de 2,4&#8243; retroiluminado<\/span><\/li>\n<li class=\"fx-list__item list-item fx-list__item--circle\"><span class=\"fx-text fx-text--plus list-item__text\">Compat\u00edvel com as c\u00e1psulas de microfone ZOOM<\/span><\/li>\n<li class=\"fx-list__item list-item fx-list__item--circle\"><span class=\"fx-text fx-text--plus list-item__text\">Controlo remoto sem fios via app &#8220;F8 Control&#8221; para iOS e Android<\/span><\/li>\n<li class=\"fx-list__item list-item fx-list__item--circle\"><span class=\"fx-text fx-text--plus list-item__text\">Sa\u00eddas principais duplas mini-XLR balanceadas: TA3<\/span><\/li>\n<li class=\"fx-list__item list-item fx-list__item--circle\"><span class=\"fx-text fx-text--plus list-item__text\">Sa\u00edda de auscultadores est\u00e9reo: jack 3.5 mm<\/span><\/li>\n<\/ul>\n<p>O Zoom F8n Pro situa-se na vanguarda da tecnologia de \u00e1udio port\u00e1til. Este dispositivo vers\u00e1til eleva as caracter\u00edsticas do seu antecessor com a grava\u00e7\u00e3o 32-bit float e conversores AD duplos, garantindo uma qualidade de \u00e1udio inigual\u00e1vel mesmo nos ambientes mais desafiantes. Com 8 canais de entrada, permite a grava\u00e7\u00e3o simult\u00e2nea de m\u00faltiplas fontes, sendo a solu\u00e7\u00e3o ideal para eventos ao vivo complexos e sets de filmagem. A tecnologia 32-bit float \u00e9 revolucion\u00e1ria, oferecendo uma gama din\u00e2mica imensa que elimina a necessidade de ajuste constante de ganho, garantindo que as grava\u00e7\u00f5es nunca fiquem distorcidas ou demasiado baixas. Constru\u00eddo para resistir aos rigores do trabalho em exterior, o seu formato compacto facilita o transporte e a montagem r\u00e1pida. Inclui entradas XLR e TRS, e I\/O de time code para integra\u00e7\u00e3o perfeita com equipamento de v\u00eddeo. O Zoom F8n Pro foi desenhado para satisfazer as exig\u00eancias rigorosas de profissionais que n\u00e3o abdicam da m\u00e1xima fidelidade sonora.<\/p>\n","protected":false},"excerpt":{"rendered":"<p>O que est\u00e1 inclu\u00eddo: Zoom Fn8: 1x Zoom F8n Pro, 1x adaptador AC 12v, 1x cabo USB, 8x pilhas AA, 1x cart\u00e3o SD 32GB Saco Orca: 1x Saco de Som ORCA OR-28, 1x cobertura de pl\u00e1stico transparente, 2x divis\u00f3rias acolchoadas, 2x tiras de velcro O gravador de campo de \u00faltima gera\u00e7\u00e3o concebido para engenheiros de [&hellip;]<\/p>\n","protected":false},"featured_media":18984,"template":"","meta":[],"product_brand":[],"product_cat":[805872],"product_tag":[],"class_list":{"0":"post-18983","1":"product","2":"type-product","3":"status-publish","4":"has-post-thumbnail","6":"product_cat-som","8":"first","9":"instock","10":"taxable","11":"shipping-taxable","12":"purchasable","13":"product-type-simple"},"yoast_head":"<!-- This site is optimized with the Yoast SEO Premium plugin v27.3 (Yoast SEO v27.3) - https:\/\/yoast.com\/product\/yoast-seo-premium-wordpress\/ -->\n<title>Kit de Grava\u00e7\u00e3o de Som Zoom F8n Pro &amp; ORCA OR-28 | Comuna Studios &amp; Equipment Rental<\/title>\n<meta name=\"description\" content=\"O futuro da tecnologia de \u00e1udio port\u00e1til - Zoom F8n Pro. Grava\u00e7\u00e3o em 32-bit float e conversores AD duplos: um novo padr\u00e3o de qualidade. Alugue em Lisboa!\" \/>\n<meta name=\"robots\" content=\"index, follow, max-snippet:-1, max-image-preview:large, max-video-preview:-1\" \/>\n<link rel=\"canonical\" href=\"https:\/\/comuna.pt\/pt-pt\/product\/kit-de-gravacao-de-som-zoom-f8n-pro-orca-or-28\/\" \/>\n<meta property=\"og:locale\" content=\"pt_PT\" \/>\n<meta property=\"og:type\" content=\"article\" \/>\n<meta property=\"og:title\" content=\"Kit de Grava\u00e7\u00e3o de Som Zoom F8n Pro &amp; ORCA OR-28\" \/>\n<meta property=\"og:description\" content=\"O futuro da tecnologia de \u00e1udio port\u00e1til - Zoom F8n Pro. Grava\u00e7\u00e3o em 32-bit float e conversores AD duplos: um novo padr\u00e3o de qualidade. Alugue em Lisboa!\" \/>\n<meta property=\"og:url\" content=\"https:\/\/comuna.pt\/pt-pt\/product\/kit-de-gravacao-de-som-zoom-f8n-pro-orca-or-28\/\" \/>\n<meta property=\"og:site_name\" content=\"Comuna Studios &amp; Equipment Rental\" \/>\n<meta property=\"article:publisher\" content=\"http:\/\/facebook.com\/comuna.rental\" \/>\n<meta property=\"article:modified_time\" content=\"2026-01-31T13:32:25+00:00\" \/>\n<meta property=\"og:image\" content=\"https:\/\/comuna.pt\/wp-content\/uploads\/2024\/03\/1672219521_1743035.jpg\" \/>\n\t<meta property=\"og:image:width\" content=\"500\" \/>\n\t<meta property=\"og:image:height\" content=\"500\" \/>\n\t<meta property=\"og:image:type\" content=\"image\/jpeg\" \/>\n<meta name=\"twitter:card\" content=\"summary_large_image\" \/>\n<meta name=\"twitter:label1\" content=\"pre\u00e7o\" \/>\n\t<meta name=\"twitter:data1\" content=\"&euro;45,00 + 23% VAT\" \/>\n\t<meta name=\"twitter:label2\" content=\"Disponibilidade\" \/>\n\t<meta name=\"twitter:data2\" content=\"Em stock\" \/>\n<script type=\"application\/ld+json\" class=\"yoast-schema-graph\">{\"@context\":\"https:\\\/\\\/schema.org\",\"@graph\":[{\"@type\":[\"WebPage\",\"ItemPage\"],\"@id\":\"https:\\\/\\\/comuna.pt\\\/pt-pt\\\/product\\\/kit-de-gravacao-de-som-zoom-f8n-pro-orca-or-28\\\/\",\"url\":\"https:\\\/\\\/comuna.pt\\\/pt-pt\\\/product\\\/kit-de-gravacao-de-som-zoom-f8n-pro-orca-or-28\\\/\",\"name\":\"Kit de Grava\u00e7\u00e3o de Som Zoom F8n Pro & ORCA OR-28 | Comuna Studios &amp; Equipment Rental\",\"isPartOf\":{\"@id\":\"https:\\\/\\\/comuna.pt\\\/pt-pt\\\/#website\"},\"primaryImageOfPage\":{\"@id\":\"https:\\\/\\\/comuna.pt\\\/pt-pt\\\/product\\\/kit-de-gravacao-de-som-zoom-f8n-pro-orca-or-28\\\/#primaryimage\"},\"image\":{\"@id\":\"https:\\\/\\\/comuna.pt\\\/pt-pt\\\/product\\\/kit-de-gravacao-de-som-zoom-f8n-pro-orca-or-28\\\/#primaryimage\"},\"thumbnailUrl\":\"https:\\\/\\\/comuna.pt\\\/wp-content\\\/uploads\\\/2024\\\/03\\\/1672219521_1743035.jpg\",\"datePublished\":\"2024-03-29T14:21:56+00:00\",\"dateModified\":\"2026-01-31T13:32:25+00:00\",\"description\":\"O futuro da tecnologia de \u00e1udio port\u00e1til - Zoom F8n Pro. Grava\u00e7\u00e3o em 32-bit float e conversores AD duplos: um novo padr\u00e3o de qualidade. Alugue em Lisboa!\",\"breadcrumb\":{\"@id\":\"https:\\\/\\\/comuna.pt\\\/pt-pt\\\/product\\\/kit-de-gravacao-de-som-zoom-f8n-pro-orca-or-28\\\/#breadcrumb\"},\"inLanguage\":\"pt-PT\",\"potentialAction\":[{\"@type\":\"ReadAction\",\"target\":[\"https:\\\/\\\/comuna.pt\\\/pt-pt\\\/product\\\/kit-de-gravacao-de-som-zoom-f8n-pro-orca-or-28\\\/\"]}]},{\"@type\":\"ImageObject\",\"inLanguage\":\"pt-PT\",\"@id\":\"https:\\\/\\\/comuna.pt\\\/pt-pt\\\/product\\\/kit-de-gravacao-de-som-zoom-f8n-pro-orca-or-28\\\/#primaryimage\",\"url\":\"https:\\\/\\\/comuna.pt\\\/wp-content\\\/uploads\\\/2024\\\/03\\\/1672219521_1743035.jpg\",\"contentUrl\":\"https:\\\/\\\/comuna.pt\\\/wp-content\\\/uploads\\\/2024\\\/03\\\/1672219521_1743035.jpg\",\"width\":500,\"height\":500},{\"@type\":\"BreadcrumbList\",\"@id\":\"https:\\\/\\\/comuna.pt\\\/pt-pt\\\/product\\\/kit-de-gravacao-de-som-zoom-f8n-pro-orca-or-28\\\/#breadcrumb\",\"itemListElement\":[{\"@type\":\"ListItem\",\"position\":1,\"name\":\"Home\",\"item\":\"https:\\\/\\\/comuna.pt\\\/pt-pt\\\/\"},{\"@type\":\"ListItem\",\"position\":2,\"name\":\"Produtos\"},{\"@type\":\"ListItem\",\"position\":3,\"name\":\"Som\",\"item\":\"https:\\\/\\\/comuna.pt\\\/pt-pt\\\/Categoria\\\/som\\\/\"},{\"@type\":\"ListItem\",\"position\":4,\"name\":\"Kit de Grava\u00e7\u00e3o de Som Zoom F8n Pro &#038; ORCA OR-28\"}]},{\"@type\":\"WebSite\",\"@id\":\"https:\\\/\\\/comuna.pt\\\/pt-pt\\\/#website\",\"url\":\"https:\\\/\\\/comuna.pt\\\/pt-pt\\\/\",\"name\":\"Comuna Rental House\",\"description\":\"Photo studios, Podcast &amp; Equipment Rental\",\"publisher\":{\"@id\":\"https:\\\/\\\/comuna.pt\\\/pt-pt\\\/#organization\"},\"alternateName\":\"Comuna Filmmaking Equipment Rental\",\"potentialAction\":[{\"@type\":\"SearchAction\",\"target\":{\"@type\":\"EntryPoint\",\"urlTemplate\":\"https:\\\/\\\/comuna.pt\\\/pt-pt\\\/?s={search_term_string}\"},\"query-input\":{\"@type\":\"PropertyValueSpecification\",\"valueRequired\":true,\"valueName\":\"search_term_string\"}}],\"inLanguage\":\"pt-PT\"},{\"@type\":\"Organization\",\"@id\":\"https:\\\/\\\/comuna.pt\\\/pt-pt\\\/#organization\",\"name\":\"Comuna Rental House\",\"url\":\"https:\\\/\\\/comuna.pt\\\/pt-pt\\\/\",\"logo\":{\"@type\":\"ImageObject\",\"inLanguage\":\"pt-PT\",\"@id\":\"https:\\\/\\\/comuna.pt\\\/pt-pt\\\/#\\\/schema\\\/logo\\\/image\\\/\",\"url\":\"https:\\\/\\\/comuna.pt\\\/wp-content\\\/uploads\\\/2024\\\/03\\\/comuna_logo_website.png\",\"contentUrl\":\"https:\\\/\\\/comuna.pt\\\/wp-content\\\/uploads\\\/2024\\\/03\\\/comuna_logo_website.png\",\"width\":2000,\"height\":262,\"caption\":\"Comuna Rental House\"},\"image\":{\"@id\":\"https:\\\/\\\/comuna.pt\\\/pt-pt\\\/#\\\/schema\\\/logo\\\/image\\\/\"},\"sameAs\":[\"http:\\\/\\\/facebook.com\\\/comuna.rental\",\"https:\\\/\\\/www.instagram.com\\\/comuna_rental\",\"https:\\\/\\\/www.linkedin.com\\\/company\\\/96410498\"]}]}<\/script>\n<meta property=\"product:price:amount\" content=\"45.00\" \/>\n<meta property=\"product:price:currency\" content=\"EUR\" \/>\n<meta property=\"og:availability\" content=\"instock\" \/>\n<meta property=\"product:availability\" content=\"instock\" \/>\n<meta property=\"product:condition\" content=\"new\" \/>\n<!-- \/ Yoast SEO Premium plugin. -->","yoast_head_json":{"title":"Kit de Grava\u00e7\u00e3o de Som Zoom F8n Pro & ORCA OR-28 | Comuna Studios &amp; Equipment Rental","description":"O futuro da tecnologia de \u00e1udio port\u00e1til - Zoom F8n Pro. Grava\u00e7\u00e3o em 32-bit float e conversores AD duplos: um novo padr\u00e3o de qualidade. Alugue em Lisboa!","robots":{"index":"index","follow":"follow","max-snippet":"max-snippet:-1","max-image-preview":"max-image-preview:large","max-video-preview":"max-video-preview:-1"},"canonical":"https:\/\/comuna.pt\/pt-pt\/product\/kit-de-gravacao-de-som-zoom-f8n-pro-orca-or-28\/","og_locale":"pt_PT","og_type":"article","og_title":"Kit de Grava\u00e7\u00e3o de Som Zoom F8n Pro & ORCA OR-28","og_description":"O futuro da tecnologia de \u00e1udio port\u00e1til - Zoom F8n Pro. Grava\u00e7\u00e3o em 32-bit float e conversores AD duplos: um novo padr\u00e3o de qualidade. Alugue em Lisboa!","og_url":"https:\/\/comuna.pt\/pt-pt\/product\/kit-de-gravacao-de-som-zoom-f8n-pro-orca-or-28\/","og_site_name":"Comuna Studios &amp; Equipment Rental","article_publisher":"http:\/\/facebook.com\/comuna.rental","article_modified_time":"2026-01-31T13:32:25+00:00","og_image":[{"width":500,"height":500,"url":"https:\/\/comuna.pt\/wp-content\/uploads\/2024\/03\/1672219521_1743035.jpg","type":"image\/jpeg"}],"twitter_card":"summary_large_image","twitter_misc":{"pre\u00e7o":"&euro;45,00 + 23% VAT","Disponibilidade":"Em stock"},"schema":{"@context":"https:\/\/schema.org","@graph":[{"@type":["WebPage","ItemPage"],"@id":"https:\/\/comuna.pt\/pt-pt\/product\/kit-de-gravacao-de-som-zoom-f8n-pro-orca-or-28\/","url":"https:\/\/comuna.pt\/pt-pt\/product\/kit-de-gravacao-de-som-zoom-f8n-pro-orca-or-28\/","name":"Kit de Grava\u00e7\u00e3o de Som Zoom F8n Pro & ORCA OR-28 | Comuna Studios &amp; Equipment Rental","isPartOf":{"@id":"https:\/\/comuna.pt\/pt-pt\/#website"},"primaryImageOfPage":{"@id":"https:\/\/comuna.pt\/pt-pt\/product\/kit-de-gravacao-de-som-zoom-f8n-pro-orca-or-28\/#primaryimage"},"image":{"@id":"https:\/\/comuna.pt\/pt-pt\/product\/kit-de-gravacao-de-som-zoom-f8n-pro-orca-or-28\/#primaryimage"},"thumbnailUrl":"https:\/\/comuna.pt\/wp-content\/uploads\/2024\/03\/1672219521_1743035.jpg","datePublished":"2024-03-29T14:21:56+00:00","dateModified":"2026-01-31T13:32:25+00:00","description":"O futuro da tecnologia de \u00e1udio port\u00e1til - Zoom F8n Pro. Grava\u00e7\u00e3o em 32-bit float e conversores AD duplos: um novo padr\u00e3o de qualidade. Alugue em Lisboa!","breadcrumb":{"@id":"https:\/\/comuna.pt\/pt-pt\/product\/kit-de-gravacao-de-som-zoom-f8n-pro-orca-or-28\/#breadcrumb"},"inLanguage":"pt-PT","potentialAction":[{"@type":"ReadAction","target":["https:\/\/comuna.pt\/pt-pt\/product\/kit-de-gravacao-de-som-zoom-f8n-pro-orca-or-28\/"]}]},{"@type":"ImageObject","inLanguage":"pt-PT","@id":"https:\/\/comuna.pt\/pt-pt\/product\/kit-de-gravacao-de-som-zoom-f8n-pro-orca-or-28\/#primaryimage","url":"https:\/\/comuna.pt\/wp-content\/uploads\/2024\/03\/1672219521_1743035.jpg","contentUrl":"https:\/\/comuna.pt\/wp-content\/uploads\/2024\/03\/1672219521_1743035.jpg","width":500,"height":500},{"@type":"BreadcrumbList","@id":"https:\/\/comuna.pt\/pt-pt\/product\/kit-de-gravacao-de-som-zoom-f8n-pro-orca-or-28\/#breadcrumb","itemListElement":[{"@type":"ListItem","position":1,"name":"Home","item":"https:\/\/comuna.pt\/pt-pt\/"},{"@type":"ListItem","position":2,"name":"Produtos"},{"@type":"ListItem","position":3,"name":"Som","item":"https:\/\/comuna.pt\/pt-pt\/Categoria\/som\/"},{"@type":"ListItem","position":4,"name":"Kit de Grava\u00e7\u00e3o de Som Zoom F8n Pro &#038; ORCA OR-28"}]},{"@type":"WebSite","@id":"https:\/\/comuna.pt\/pt-pt\/#website","url":"https:\/\/comuna.pt\/pt-pt\/","name":"Comuna Rental House","description":"Photo studios, Podcast &amp; Equipment Rental","publisher":{"@id":"https:\/\/comuna.pt\/pt-pt\/#organization"},"alternateName":"Comuna Filmmaking Equipment Rental","potentialAction":[{"@type":"SearchAction","target":{"@type":"EntryPoint","urlTemplate":"https:\/\/comuna.pt\/pt-pt\/?s={search_term_string}"},"query-input":{"@type":"PropertyValueSpecification","valueRequired":true,"valueName":"search_term_string"}}],"inLanguage":"pt-PT"},{"@type":"Organization","@id":"https:\/\/comuna.pt\/pt-pt\/#organization","name":"Comuna Rental House","url":"https:\/\/comuna.pt\/pt-pt\/","logo":{"@type":"ImageObject","inLanguage":"pt-PT","@id":"https:\/\/comuna.pt\/pt-pt\/#\/schema\/logo\/image\/","url":"https:\/\/comuna.pt\/wp-content\/uploads\/2024\/03\/comuna_logo_website.png","contentUrl":"https:\/\/comuna.pt\/wp-content\/uploads\/2024\/03\/comuna_logo_website.png","width":2000,"height":262,"caption":"Comuna Rental House"},"image":{"@id":"https:\/\/comuna.pt\/pt-pt\/#\/schema\/logo\/image\/"},"sameAs":["http:\/\/facebook.com\/comuna.rental","https:\/\/www.instagram.com\/comuna_rental","https:\/\/www.linkedin.com\/company\/96410498"]}]},"product_price_amount":"45.00","product_price_currency":"EUR","og_availability":"instock","product_availability":"instock","product_condition":"new"},"_links":{"self":[{"href":"https:\/\/comuna.pt\/pt-pt\/wp-json\/wp\/v2\/product\/18983","targetHints":{"allow":["GET"]}}],"collection":[{"href":"https:\/\/comuna.pt\/pt-pt\/wp-json\/wp\/v2\/product"}],"about":[{"href":"https:\/\/comuna.pt\/pt-pt\/wp-json\/wp\/v2\/types\/product"}],"version-history":[{"count":3,"href":"https:\/\/comuna.pt\/pt-pt\/wp-json\/wp\/v2\/product\/18983\/revisions"}],"predecessor-version":[{"id":19134,"href":"https:\/\/comuna.pt\/pt-pt\/wp-json\/wp\/v2\/product\/18983\/revisions\/19134"}],"wp:featuredmedia":[{"embeddable":true,"href":"https:\/\/comuna.pt\/pt-pt\/wp-json\/wp\/v2\/media\/18984"}],"wp:attachment":[{"href":"https:\/\/comuna.pt\/pt-pt\/wp-json\/wp\/v2\/media?parent=18983"}],"wp:term":[{"taxonomy":"product_brand","embeddable":true,"href":"https:\/\/comuna.pt\/pt-pt\/wp-json\/wp\/v2\/product_brand?post=18983"},{"taxonomy":"product_cat","embeddable":true,"href":"https:\/\/comuna.pt\/pt-pt\/wp-json\/wp\/v2\/product_cat?post=18983"},{"taxonomy":"product_tag","embeddable":true,"href":"https:\/\/comuna.pt\/pt-pt\/wp-json\/wp\/v2\/product_tag?post=18983"}],"curies":[{"name":"wp","href":"https:\/\/api.w.org\/{rel}","templated":true}]}}