{"id":18928,"date":"2024-04-24T22:02:19","date_gmt":"2024-04-24T21:02:19","guid":{"rendered":"https:\/\/comuna.pt\/product\/extensao-eletrica-schuko-5-tomadas\/"},"modified":"2026-01-31T13:32:22","modified_gmt":"2026-01-31T13:32:22","slug":"extensao-eletrica-schuko-5-tomadas","status":"publish","type":"product","link":"https:\/\/comuna.pt\/pt-pt\/product\/extensao-eletrica-schuko-5-tomadas\/","title":{"rendered":"Extens\u00e3o El\u00e9trica Schuko (5 tomadas)"},"content":{"rendered":"<div class=\"booqable-product-button\" data-id=\"schuko-multiplug-socket-5-connectors\"><\/div>\n<p>Com 5 conectores e um cabo de 2,5 metros, oferece prote\u00e7\u00e3o fi\u00e1vel padr\u00e3o IP44 para uma extens\u00e3o de energia vers\u00e1til e segura em v\u00e1rios cen\u00e1rios.<br \/>\nExpanda as suas op\u00e7\u00f5es de energia com a nossa Extens\u00e3o Multi-tomada Schuko, com cinco sa\u00eddas tipo Schuko e um cabo de extens\u00e3o de 2,5 metros. Concebida para satisfazer uma variedade de necessidades energ\u00e9ticas, esta extens\u00e3o \u00e9 ideal tanto para ambientes interiores como exteriores, oferecendo grande utilidade onde quer que sejam necess\u00e1rias tomadas adicionais. Constru\u00edda para cumprir a norma IP44, esta multi-tomada est\u00e1 bem protegida contra objetos s\u00f3lidos com mais de 1 mm e contra salpicos de \u00e1gua, sendo adequada para utiliza\u00e7\u00e3o em condi\u00e7\u00f5es onde a exposi\u00e7\u00e3o \u00e0 humidade \u00e9 poss\u00edvel. A constru\u00e7\u00e3o robusta garante durabilidade e fiabilidade, assegurando um fornecimento de energia seguro e cont\u00ednuo. O cabo de 2,5 metros proporciona flexibilidade no posicionamento, permitindo alcan\u00e7ar facilmente fontes de alimenta\u00e7\u00e3o distantes e gerir eficazmente a confus\u00e3o de cabos. Quer esteja a montar um escrit\u00f3rio, a organizar um workshop ou a alimentar eventos ao vivo, esta extens\u00e3o el\u00e9trica oferece a praticidade e a seguran\u00e7a necess\u00e1rias para lidar com m\u00faltiplos dispositivos em simult\u00e2neo.<\/p>\n","protected":false},"excerpt":{"rendered":"<p>Com 5 conectores e um cabo de 2,5 metros, oferece prote\u00e7\u00e3o fi\u00e1vel padr\u00e3o IP44 para uma extens\u00e3o de energia vers\u00e1til e segura em v\u00e1rios cen\u00e1rios. Expanda as suas op\u00e7\u00f5es de energia com a nossa Extens\u00e3o Multi-tomada Schuko, com cinco sa\u00eddas tipo Schuko e um cabo de extens\u00e3o de 2,5 metros. Concebida para satisfazer uma variedade [&hellip;]<\/p>\n","protected":false},"featured_media":18929,"template":"","meta":[],"product_brand":[],"product_cat":[805877],"product_tag":[],"class_list":{"0":"post-18928","1":"product","2":"type-product","3":"status-publish","4":"has-post-thumbnail","6":"product_cat-energia-e-baterias","8":"first","9":"instock","10":"taxable","11":"shipping-taxable","12":"purchasable","13":"product-type-simple"},"yoast_head":"<!-- This site is optimized with the Yoast SEO Premium plugin v27.3 (Yoast SEO v27.4) - https:\/\/yoast.com\/product\/yoast-seo-premium-wordpress\/ -->\n<title>Extens\u00e3o El\u00e9trica Schuko (5 tomadas) | Comuna Studios &amp; Equipment Rental<\/title>\n<meta name=\"description\" content=\"Aumente a sua capacidade de energia com a nossa extens\u00e3o Schuko. Inclui cinco tomadas tipo Schuko e um cabo de 2,5 metros. Alugue j\u00e1!\" \/>\n<meta name=\"robots\" content=\"index, follow, max-snippet:-1, max-image-preview:large, max-video-preview:-1\" \/>\n<link rel=\"canonical\" href=\"https:\/\/comuna.pt\/pt-pt\/product\/extensao-eletrica-schuko-5-tomadas\/\" \/>\n<meta property=\"og:locale\" content=\"pt_PT\" \/>\n<meta property=\"og:type\" content=\"article\" \/>\n<meta property=\"og:title\" content=\"Extens\u00e3o El\u00e9trica Schuko (5 tomadas)\" \/>\n<meta property=\"og:description\" content=\"Aumente a sua capacidade de energia com a nossa extens\u00e3o Schuko. Inclui cinco tomadas tipo Schuko e um cabo de 2,5 metros. Alugue j\u00e1!\" \/>\n<meta property=\"og:url\" content=\"https:\/\/comuna.pt\/pt-pt\/product\/extensao-eletrica-schuko-5-tomadas\/\" \/>\n<meta property=\"og:site_name\" content=\"Comuna Studios &amp; Equipment Rental\" \/>\n<meta property=\"article:publisher\" content=\"http:\/\/facebook.com\/comuna.rental\" \/>\n<meta property=\"article:modified_time\" content=\"2026-01-31T13:32:22+00:00\" \/>\n<meta property=\"og:image\" content=\"https:\/\/comuna.pt\/wp-content\/uploads\/2024\/04\/IMG_2746.jpg\" \/>\n\t<meta property=\"og:image:width\" content=\"1500\" \/>\n\t<meta property=\"og:image:height\" content=\"1500\" \/>\n\t<meta property=\"og:image:type\" content=\"image\/jpeg\" \/>\n<meta name=\"twitter:card\" content=\"summary_large_image\" \/>\n<meta name=\"twitter:label1\" content=\"pre\u00e7o\" \/>\n\t<meta name=\"twitter:data1\" content=\"&euro;4,00 + 23% VAT\" \/>\n\t<meta name=\"twitter:label2\" content=\"Disponibilidade\" \/>\n\t<meta name=\"twitter:data2\" content=\"Em stock\" \/>\n<script type=\"application\/ld+json\" class=\"yoast-schema-graph\">{\"@context\":\"https:\\\/\\\/schema.org\",\"@graph\":[{\"@type\":[\"WebPage\",\"ItemPage\"],\"@id\":\"https:\\\/\\\/comuna.pt\\\/pt-pt\\\/product\\\/extensao-eletrica-schuko-5-tomadas\\\/\",\"url\":\"https:\\\/\\\/comuna.pt\\\/pt-pt\\\/product\\\/extensao-eletrica-schuko-5-tomadas\\\/\",\"name\":\"Extens\u00e3o El\u00e9trica Schuko (5 tomadas) | Comuna Studios &amp; Equipment Rental\",\"isPartOf\":{\"@id\":\"https:\\\/\\\/comuna.pt\\\/pt-pt\\\/#website\"},\"primaryImageOfPage\":{\"@id\":\"https:\\\/\\\/comuna.pt\\\/pt-pt\\\/product\\\/extensao-eletrica-schuko-5-tomadas\\\/#primaryimage\"},\"image\":{\"@id\":\"https:\\\/\\\/comuna.pt\\\/pt-pt\\\/product\\\/extensao-eletrica-schuko-5-tomadas\\\/#primaryimage\"},\"thumbnailUrl\":\"https:\\\/\\\/comuna.pt\\\/wp-content\\\/uploads\\\/2024\\\/04\\\/IMG_2746.jpg\",\"datePublished\":\"2024-04-24T21:02:19+00:00\",\"dateModified\":\"2026-01-31T13:32:22+00:00\",\"description\":\"Aumente a sua capacidade de energia com a nossa extens\u00e3o Schuko. Inclui cinco tomadas tipo Schuko e um cabo de 2,5 metros. Alugue j\u00e1!\",\"breadcrumb\":{\"@id\":\"https:\\\/\\\/comuna.pt\\\/pt-pt\\\/product\\\/extensao-eletrica-schuko-5-tomadas\\\/#breadcrumb\"},\"inLanguage\":\"pt-PT\",\"potentialAction\":[{\"@type\":\"ReadAction\",\"target\":[\"https:\\\/\\\/comuna.pt\\\/pt-pt\\\/product\\\/extensao-eletrica-schuko-5-tomadas\\\/\"]}]},{\"@type\":\"ImageObject\",\"inLanguage\":\"pt-PT\",\"@id\":\"https:\\\/\\\/comuna.pt\\\/pt-pt\\\/product\\\/extensao-eletrica-schuko-5-tomadas\\\/#primaryimage\",\"url\":\"https:\\\/\\\/comuna.pt\\\/wp-content\\\/uploads\\\/2024\\\/04\\\/IMG_2746.jpg\",\"contentUrl\":\"https:\\\/\\\/comuna.pt\\\/wp-content\\\/uploads\\\/2024\\\/04\\\/IMG_2746.jpg\",\"width\":1500,\"height\":1500},{\"@type\":\"BreadcrumbList\",\"@id\":\"https:\\\/\\\/comuna.pt\\\/pt-pt\\\/product\\\/extensao-eletrica-schuko-5-tomadas\\\/#breadcrumb\",\"itemListElement\":[{\"@type\":\"ListItem\",\"position\":1,\"name\":\"Home\",\"item\":\"https:\\\/\\\/comuna.pt\\\/pt-pt\\\/\"},{\"@type\":\"ListItem\",\"position\":2,\"name\":\"Produtos\"},{\"@type\":\"ListItem\",\"position\":3,\"name\":\"C\u00e2maras\",\"item\":\"https:\\\/\\\/comuna.pt\\\/pt-pt\\\/Categoria\\\/camaras\\\/\"},{\"@type\":\"ListItem\",\"position\":4,\"name\":\"Extens\u00e3o El\u00e9trica Schuko (5 tomadas)\"}]},{\"@type\":\"WebSite\",\"@id\":\"https:\\\/\\\/comuna.pt\\\/pt-pt\\\/#website\",\"url\":\"https:\\\/\\\/comuna.pt\\\/pt-pt\\\/\",\"name\":\"Comuna Rental House\",\"description\":\"Photo studios, Podcast &amp; Equipment Rental\",\"publisher\":{\"@id\":\"https:\\\/\\\/comuna.pt\\\/pt-pt\\\/#organization\"},\"alternateName\":\"Comuna Filmmaking Equipment Rental\",\"potentialAction\":[{\"@type\":\"SearchAction\",\"target\":{\"@type\":\"EntryPoint\",\"urlTemplate\":\"https:\\\/\\\/comuna.pt\\\/pt-pt\\\/?s={search_term_string}\"},\"query-input\":{\"@type\":\"PropertyValueSpecification\",\"valueRequired\":true,\"valueName\":\"search_term_string\"}}],\"inLanguage\":\"pt-PT\"},{\"@type\":\"Organization\",\"@id\":\"https:\\\/\\\/comuna.pt\\\/pt-pt\\\/#organization\",\"name\":\"Comuna Rental House\",\"url\":\"https:\\\/\\\/comuna.pt\\\/pt-pt\\\/\",\"logo\":{\"@type\":\"ImageObject\",\"inLanguage\":\"pt-PT\",\"@id\":\"https:\\\/\\\/comuna.pt\\\/pt-pt\\\/#\\\/schema\\\/logo\\\/image\\\/\",\"url\":\"https:\\\/\\\/comuna.pt\\\/wp-content\\\/uploads\\\/2024\\\/03\\\/comuna_logo_website.png\",\"contentUrl\":\"https:\\\/\\\/comuna.pt\\\/wp-content\\\/uploads\\\/2024\\\/03\\\/comuna_logo_website.png\",\"width\":2000,\"height\":262,\"caption\":\"Comuna Rental House\"},\"image\":{\"@id\":\"https:\\\/\\\/comuna.pt\\\/pt-pt\\\/#\\\/schema\\\/logo\\\/image\\\/\"},\"sameAs\":[\"http:\\\/\\\/facebook.com\\\/comuna.rental\",\"https:\\\/\\\/www.instagram.com\\\/comuna_rental\",\"https:\\\/\\\/www.linkedin.com\\\/company\\\/96410498\"]}]}<\/script>\n<meta property=\"product:price:amount\" content=\"4.00\" \/>\n<meta property=\"product:price:currency\" content=\"EUR\" \/>\n<meta property=\"og:availability\" content=\"instock\" \/>\n<meta property=\"product:availability\" content=\"instock\" \/>\n<meta property=\"product:condition\" content=\"new\" \/>\n<!-- \/ Yoast SEO Premium plugin. -->","yoast_head_json":{"title":"Extens\u00e3o El\u00e9trica Schuko (5 tomadas) | Comuna Studios &amp; Equipment Rental","description":"Aumente a sua capacidade de energia com a nossa extens\u00e3o Schuko. Inclui cinco tomadas tipo Schuko e um cabo de 2,5 metros. Alugue j\u00e1!","robots":{"index":"index","follow":"follow","max-snippet":"max-snippet:-1","max-image-preview":"max-image-preview:large","max-video-preview":"max-video-preview:-1"},"canonical":"https:\/\/comuna.pt\/pt-pt\/product\/extensao-eletrica-schuko-5-tomadas\/","og_locale":"pt_PT","og_type":"article","og_title":"Extens\u00e3o El\u00e9trica Schuko (5 tomadas)","og_description":"Aumente a sua capacidade de energia com a nossa extens\u00e3o Schuko. Inclui cinco tomadas tipo Schuko e um cabo de 2,5 metros. Alugue j\u00e1!","og_url":"https:\/\/comuna.pt\/pt-pt\/product\/extensao-eletrica-schuko-5-tomadas\/","og_site_name":"Comuna Studios &amp; Equipment Rental","article_publisher":"http:\/\/facebook.com\/comuna.rental","article_modified_time":"2026-01-31T13:32:22+00:00","og_image":[{"width":1500,"height":1500,"url":"https:\/\/comuna.pt\/wp-content\/uploads\/2024\/04\/IMG_2746.jpg","type":"image\/jpeg"}],"twitter_card":"summary_large_image","twitter_misc":{"pre\u00e7o":"&euro;4,00 + 23% VAT","Disponibilidade":"Em stock"},"schema":{"@context":"https:\/\/schema.org","@graph":[{"@type":["WebPage","ItemPage"],"@id":"https:\/\/comuna.pt\/pt-pt\/product\/extensao-eletrica-schuko-5-tomadas\/","url":"https:\/\/comuna.pt\/pt-pt\/product\/extensao-eletrica-schuko-5-tomadas\/","name":"Extens\u00e3o El\u00e9trica Schuko (5 tomadas) | Comuna Studios &amp; Equipment Rental","isPartOf":{"@id":"https:\/\/comuna.pt\/pt-pt\/#website"},"primaryImageOfPage":{"@id":"https:\/\/comuna.pt\/pt-pt\/product\/extensao-eletrica-schuko-5-tomadas\/#primaryimage"},"image":{"@id":"https:\/\/comuna.pt\/pt-pt\/product\/extensao-eletrica-schuko-5-tomadas\/#primaryimage"},"thumbnailUrl":"https:\/\/comuna.pt\/wp-content\/uploads\/2024\/04\/IMG_2746.jpg","datePublished":"2024-04-24T21:02:19+00:00","dateModified":"2026-01-31T13:32:22+00:00","description":"Aumente a sua capacidade de energia com a nossa extens\u00e3o Schuko. Inclui cinco tomadas tipo Schuko e um cabo de 2,5 metros. Alugue j\u00e1!","breadcrumb":{"@id":"https:\/\/comuna.pt\/pt-pt\/product\/extensao-eletrica-schuko-5-tomadas\/#breadcrumb"},"inLanguage":"pt-PT","potentialAction":[{"@type":"ReadAction","target":["https:\/\/comuna.pt\/pt-pt\/product\/extensao-eletrica-schuko-5-tomadas\/"]}]},{"@type":"ImageObject","inLanguage":"pt-PT","@id":"https:\/\/comuna.pt\/pt-pt\/product\/extensao-eletrica-schuko-5-tomadas\/#primaryimage","url":"https:\/\/comuna.pt\/wp-content\/uploads\/2024\/04\/IMG_2746.jpg","contentUrl":"https:\/\/comuna.pt\/wp-content\/uploads\/2024\/04\/IMG_2746.jpg","width":1500,"height":1500},{"@type":"BreadcrumbList","@id":"https:\/\/comuna.pt\/pt-pt\/product\/extensao-eletrica-schuko-5-tomadas\/#breadcrumb","itemListElement":[{"@type":"ListItem","position":1,"name":"Home","item":"https:\/\/comuna.pt\/pt-pt\/"},{"@type":"ListItem","position":2,"name":"Produtos"},{"@type":"ListItem","position":3,"name":"C\u00e2maras","item":"https:\/\/comuna.pt\/pt-pt\/Categoria\/camaras\/"},{"@type":"ListItem","position":4,"name":"Extens\u00e3o El\u00e9trica Schuko (5 tomadas)"}]},{"@type":"WebSite","@id":"https:\/\/comuna.pt\/pt-pt\/#website","url":"https:\/\/comuna.pt\/pt-pt\/","name":"Comuna Rental House","description":"Photo studios, Podcast &amp; Equipment Rental","publisher":{"@id":"https:\/\/comuna.pt\/pt-pt\/#organization"},"alternateName":"Comuna Filmmaking Equipment Rental","potentialAction":[{"@type":"SearchAction","target":{"@type":"EntryPoint","urlTemplate":"https:\/\/comuna.pt\/pt-pt\/?s={search_term_string}"},"query-input":{"@type":"PropertyValueSpecification","valueRequired":true,"valueName":"search_term_string"}}],"inLanguage":"pt-PT"},{"@type":"Organization","@id":"https:\/\/comuna.pt\/pt-pt\/#organization","name":"Comuna Rental House","url":"https:\/\/comuna.pt\/pt-pt\/","logo":{"@type":"ImageObject","inLanguage":"pt-PT","@id":"https:\/\/comuna.pt\/pt-pt\/#\/schema\/logo\/image\/","url":"https:\/\/comuna.pt\/wp-content\/uploads\/2024\/03\/comuna_logo_website.png","contentUrl":"https:\/\/comuna.pt\/wp-content\/uploads\/2024\/03\/comuna_logo_website.png","width":2000,"height":262,"caption":"Comuna Rental House"},"image":{"@id":"https:\/\/comuna.pt\/pt-pt\/#\/schema\/logo\/image\/"},"sameAs":["http:\/\/facebook.com\/comuna.rental","https:\/\/www.instagram.com\/comuna_rental","https:\/\/www.linkedin.com\/company\/96410498"]}]},"product_price_amount":"4.00","product_price_currency":"EUR","og_availability":"instock","product_availability":"instock","product_condition":"new"},"_links":{"self":[{"href":"https:\/\/comuna.pt\/pt-pt\/wp-json\/wp\/v2\/product\/18928","targetHints":{"allow":["GET"]}}],"collection":[{"href":"https:\/\/comuna.pt\/pt-pt\/wp-json\/wp\/v2\/product"}],"about":[{"href":"https:\/\/comuna.pt\/pt-pt\/wp-json\/wp\/v2\/types\/product"}],"version-history":[{"count":41,"href":"https:\/\/comuna.pt\/pt-pt\/wp-json\/wp\/v2\/product\/18928\/revisions"}],"predecessor-version":[{"id":19133,"href":"https:\/\/comuna.pt\/pt-pt\/wp-json\/wp\/v2\/product\/18928\/revisions\/19133"}],"wp:featuredmedia":[{"embeddable":true,"href":"https:\/\/comuna.pt\/pt-pt\/wp-json\/wp\/v2\/media\/18929"}],"wp:attachment":[{"href":"https:\/\/comuna.pt\/pt-pt\/wp-json\/wp\/v2\/media?parent=18928"}],"wp:term":[{"taxonomy":"product_brand","embeddable":true,"href":"https:\/\/comuna.pt\/pt-pt\/wp-json\/wp\/v2\/product_brand?post=18928"},{"taxonomy":"product_cat","embeddable":true,"href":"https:\/\/comuna.pt\/pt-pt\/wp-json\/wp\/v2\/product_cat?post=18928"},{"taxonomy":"product_tag","embeddable":true,"href":"https:\/\/comuna.pt\/pt-pt\/wp-json\/wp\/v2\/product_tag?post=18928"}],"curies":[{"name":"wp","href":"https:\/\/api.w.org\/{rel}","templated":true}]}}