{"id":18840,"date":"2024-05-23T18:13:38","date_gmt":"2024-05-23T17:13:38","guid":{"rendered":"https:\/\/comuna.pt\/product\/kit-combo-a7siii-run-and-gun-basic\/"},"modified":"2026-01-31T13:28:25","modified_gmt":"2026-01-31T13:28:25","slug":"kit-combo-a7siii-run-and-gun-basic","status":"publish","type":"product","link":"https:\/\/comuna.pt\/pt-pt\/product\/kit-combo-a7siii-run-and-gun-basic\/","title":{"rendered":"Kit Combo A7SIII &#8220;Run-And-Gun Basic&#8221;"},"content":{"rendered":"<div class=\"booqable-product-button\" data-id=\"run-and-gun-basic-a7siii-combo-kit\"><\/div>\n<p><strong>O que est\u00e1 inclu\u00eddo:<\/strong><\/p>\n<ul>\n<li><strong>C\u00e2mara Sony a7siii:<\/strong> 1x Sony a7siii, 1x Cage Smallrig, 1x Pega (handle) NATO Smallrig, 2x Cart\u00f5es SD 128 GB, 1x Adaptador AC Dummy battery, 2x baterias, 1x carregador, 1x tampa de corpo<\/li>\n<li><strong>Objetiva:<\/strong> 1x 24-70 f\/2.8 Sigma Art<br \/>\n(FE), 1x estojo male\u00e1vel, 1x filtro de prote\u00e7\u00e3o 82mm, 1x tampa traseira, 1x tampa frontal<\/li>\n<li><strong>Vari-ND: <\/strong>1x filtro ND vari\u00e1vel, 1x estojo<\/li>\n<li><strong>Monitor: <\/strong>1x Monitor Atomos Shinobi 5&#8243;, 2x baterias NP-F750, 1x suporte hotshoe Smallrig, 1x carregador, 1x cabo de alimenta\u00e7\u00e3o, 1x suporte de para-sol, 1x para-sol (sunhood), 1x moldura para para-sol, 1x cabo HDMI 30cm, 1x estojo male\u00e1vel<\/li>\n<li><strong>Mic:<\/strong> 1x Microfone Shotgun Ultracompacto RODE VideoMic GO II, 1x suporte hot shoe, 1x cabo 3.5mm, 1x prote\u00e7\u00e3o de vento Rode<\/li>\n<\/ul>\n<p>&nbsp;<br \/>\nO Kit Combo A7SIII &#8220;RUN-AND-GUN BASIC&#8221; \u00e9 perfeito para cineastas em movimento, incluindo a Sony a7sIII, a objetiva Sony FE 24-70mm f\/2.8 Sigma Art, o filtro Kaiser 82mm Vario ND e o microfone shotgun ultracompacto RODE VideoMic GO II.<br \/>\nCapte v\u00eddeo de alta qualidade com configura\u00e7\u00e3o m\u00ednima e m\u00e1xima efici\u00eancia.<\/p>\n<p>O Kit Combo A7SIII &#8220;RUN-AND-GUN BASIC&#8221; foi concebido para cineastas e vide\u00f3grafos que necessitam de captar imagens de alta qualidade de forma r\u00e1pida e eficiente.<br \/>\nEste kit tudo-em-um inclui a potente c\u00e2mara Sony a7sIII, uma objetiva vers\u00e1til, filtros essenciais e um microfone compacto, garantindo que tem tudo o que precisa para filmar em qualquer lugar.<\/p>\n<h4>Inclu\u00eddo no Kit:<\/h4>\n<ul>\n<li><strong>Sony a7sIII<\/strong>: A Sony a7sIII \u00e9 um marco para criadores de v\u00eddeo, oferecendo grava\u00e7\u00e3o 4K excecional, desempenho soberbo em pouca luz e um sistema de focagem autom\u00e1tica r\u00e1pido e fi\u00e1vel.<br \/>\nO seu design compacto e leve torna-a ideal para filmagens estilo run-and-gun, permitindo captar imagens deslumbrantes sem peso excessivo.<\/li>\n<li><strong>Objetiva Sony FE 24-70mm f\/2.8 Sigma Art<\/strong>: Esta objetiva zoom vers\u00e1til cobre uma ampla gama de dist\u00e2ncias focais, de grande angular a teleobjetiva curta, sendo perfeita para v\u00e1rios cen\u00e1rios de filmagem.<br \/>\nA abertura constante de f\/2.8 garante excelente desempenho em pouca luz e um desfoque de fundo (bokeh) atraente, enquanto a \u00f3tica de alta qualidade proporciona imagens n\u00edtidas e detalhadas.<\/li>\n<li><strong>Filtro ND Vari\u00e1vel Kaiser 82mm<\/strong>: O filtro Kaiser Vario ND permite um controlo preciso sobre a exposi\u00e7\u00e3o, permitindo filmar em condi\u00e7\u00f5es de luz forte sem sobreexpor a imagem.<br \/>\nO seu design ajust\u00e1vel permite definir a redu\u00e7\u00e3o de luz ideal, garantindo a manuten\u00e7\u00e3o das defini\u00e7\u00f5es de exposi\u00e7\u00e3o ideais em qualquer situa\u00e7\u00e3o.<\/li>\n<li><strong>Microfone Shotgun Ultracompacto RODE VideoMic GO II<\/strong>: Capte \u00e1udio n\u00edtido e de qualidade profissional com o RODE VideoMic GO II.<br \/>\nEste microfone shotgun ultracompacto \u00e9 perfeito para grava\u00e7\u00f5es em movimento, oferecendo uma excelente capta\u00e7\u00e3o direcional e configura\u00e7\u00e3o f\u00e1cil.<br \/>\n\u00c9 leve e port\u00e1til, tornando-se uma ferramenta essencial para qualquer cineasta din\u00e2mico.<\/li>\n<\/ul>\n<h4>Porqu\u00ea escolher o Kit Combo A7SIII &#8220;RUN-AND-GUN BASIC&#8221;?<\/h4>\n<p>Este kit combo \u00e9 adaptado para quem precisa de captar v\u00eddeo de alta qualidade com rapidez.<br \/>\nA Sony a7sIII, com as suas capacidades de v\u00eddeo e formato compacto, \u00e9 perfeita para ambientes de filmagem din\u00e2micos.<br \/>\nA vers\u00e1til objetiva Sony FE 24-70mm f\/2.8 Sigma Art oferece flexibilidade no enquadramento, enquanto o filtro Kaiser Vario ND garante que pode filmar em qualquer condi\u00e7\u00e3o de ilumina\u00e7\u00e3o.<br \/>\nO RODE VideoMic GO II completa o pacote, fornecendo \u00e1udio n\u00edtido para acompanhar os seus visuais de alta qualidade.<br \/>\nQuer esteja a filmar document\u00e1rios, vlogs ou entrevistas r\u00e1pidas, o Kit Combo A7SIII &#8220;RUN-AND-GUN BASIC&#8221; tem tudo o que precisa.<br \/>\nAlugue este kit hoje e experimente o equil\u00edbrio perfeito entre desempenho, portabilidade e versatilidade.<\/p>\n","protected":false},"excerpt":{"rendered":"<p>O que est\u00e1 inclu\u00eddo: C\u00e2mara Sony a7siii: 1x Sony a7siii, 1x Cage Smallrig, 1x Pega (handle) NATO Smallrig, 2x Cart\u00f5es SD 128 GB, 1x Adaptador AC Dummy battery, 2x baterias, 1x carregador, 1x tampa de corpo Objetiva: 1x 24-70 f\/2.8 Sigma Art (FE), 1x estojo male\u00e1vel, 1x filtro de prote\u00e7\u00e3o 82mm, 1x tampa traseira, 1x [&hellip;]<\/p>\n","protected":false},"featured_media":18841,"template":"","meta":[],"product_brand":[],"product_cat":[805865],"product_tag":[],"class_list":{"0":"post-18840","1":"product","2":"type-product","3":"status-publish","4":"has-post-thumbnail","6":"product_cat-kits-combo","8":"first","9":"instock","10":"sale","11":"taxable","12":"shipping-taxable","13":"purchasable","14":"product-type-simple"},"yoast_head":"<!-- This site is optimized with the Yoast SEO Premium plugin v27.3 (Yoast SEO v27.3) - https:\/\/yoast.com\/product\/yoast-seo-premium-wordpress\/ -->\n<title>Kit Combo A7SIII &quot;Run-And-Gun Basic&quot; | Comuna Studios &amp; Equipment Rental<\/title>\n<meta name=\"description\" content=\"Capte imagens de alta qualidade em movimento com o potente Kit Combo A7SIII. Inclui c\u00e2mara, objetiva, filtros e microfone. Comece a filmar hoje!\" \/>\n<meta name=\"robots\" content=\"index, follow, max-snippet:-1, max-image-preview:large, max-video-preview:-1\" \/>\n<link rel=\"canonical\" href=\"https:\/\/comuna.pt\/pt-pt\/product\/kit-combo-a7siii-run-and-gun-basic\/\" \/>\n<meta property=\"og:locale\" content=\"pt_PT\" \/>\n<meta property=\"og:type\" content=\"article\" \/>\n<meta property=\"og:title\" content=\"Kit Combo A7SIII &quot;Run-And-Gun Basic&quot;\" \/>\n<meta property=\"og:description\" content=\"Capte imagens de alta qualidade em movimento com o potente Kit Combo A7SIII. Inclui c\u00e2mara, objetiva, filtros e microfone. Comece a filmar hoje!\" \/>\n<meta property=\"og:url\" content=\"https:\/\/comuna.pt\/pt-pt\/product\/kit-combo-a7siii-run-and-gun-basic\/\" \/>\n<meta property=\"og:site_name\" content=\"Comuna Studios &amp; Equipment Rental\" \/>\n<meta property=\"article:publisher\" content=\"http:\/\/facebook.com\/comuna.rental\" \/>\n<meta property=\"article:modified_time\" content=\"2026-01-31T13:28:25+00:00\" \/>\n<meta property=\"og:image\" content=\"https:\/\/comuna.pt\/wp-content\/uploads\/2024\/05\/CAE_REV_3_Part3-scaled.jpg\" \/>\n\t<meta property=\"og:image:width\" content=\"2560\" \/>\n\t<meta property=\"og:image:height\" content=\"2560\" \/>\n\t<meta property=\"og:image:type\" content=\"image\/jpeg\" \/>\n<meta name=\"twitter:card\" content=\"summary_large_image\" \/>\n<meta name=\"twitter:label1\" content=\"pre\u00e7o\" \/>\n\t<meta name=\"twitter:data1\" content=\"&euro;140,00 + 23% VAT\" \/>\n\t<meta name=\"twitter:label2\" content=\"Disponibilidade\" \/>\n\t<meta name=\"twitter:data2\" content=\"Em stock\" \/>\n<script type=\"application\/ld+json\" class=\"yoast-schema-graph\">{\"@context\":\"https:\\\/\\\/schema.org\",\"@graph\":[{\"@type\":[\"WebPage\",\"ItemPage\"],\"@id\":\"https:\\\/\\\/comuna.pt\\\/pt-pt\\\/product\\\/kit-combo-a7siii-run-and-gun-basic\\\/\",\"url\":\"https:\\\/\\\/comuna.pt\\\/pt-pt\\\/product\\\/kit-combo-a7siii-run-and-gun-basic\\\/\",\"name\":\"Kit Combo A7SIII \\\"Run-And-Gun Basic\\\" | Comuna Studios &amp; Equipment Rental\",\"isPartOf\":{\"@id\":\"https:\\\/\\\/comuna.pt\\\/pt-pt\\\/#website\"},\"primaryImageOfPage\":{\"@id\":\"https:\\\/\\\/comuna.pt\\\/pt-pt\\\/product\\\/kit-combo-a7siii-run-and-gun-basic\\\/#primaryimage\"},\"image\":{\"@id\":\"https:\\\/\\\/comuna.pt\\\/pt-pt\\\/product\\\/kit-combo-a7siii-run-and-gun-basic\\\/#primaryimage\"},\"thumbnailUrl\":\"https:\\\/\\\/comuna.pt\\\/wp-content\\\/uploads\\\/2024\\\/05\\\/CAE_REV_3_Part3-scaled.jpg\",\"datePublished\":\"2024-05-23T17:13:38+00:00\",\"dateModified\":\"2026-01-31T13:28:25+00:00\",\"description\":\"Capte imagens de alta qualidade em movimento com o potente Kit Combo A7SIII. Inclui c\u00e2mara, objetiva, filtros e microfone. Comece a filmar hoje!\",\"breadcrumb\":{\"@id\":\"https:\\\/\\\/comuna.pt\\\/pt-pt\\\/product\\\/kit-combo-a7siii-run-and-gun-basic\\\/#breadcrumb\"},\"inLanguage\":\"pt-PT\",\"potentialAction\":[{\"@type\":\"ReadAction\",\"target\":[\"https:\\\/\\\/comuna.pt\\\/pt-pt\\\/product\\\/kit-combo-a7siii-run-and-gun-basic\\\/\"]}]},{\"@type\":\"ImageObject\",\"inLanguage\":\"pt-PT\",\"@id\":\"https:\\\/\\\/comuna.pt\\\/pt-pt\\\/product\\\/kit-combo-a7siii-run-and-gun-basic\\\/#primaryimage\",\"url\":\"https:\\\/\\\/comuna.pt\\\/wp-content\\\/uploads\\\/2024\\\/05\\\/CAE_REV_3_Part3-scaled.jpg\",\"contentUrl\":\"https:\\\/\\\/comuna.pt\\\/wp-content\\\/uploads\\\/2024\\\/05\\\/CAE_REV_3_Part3-scaled.jpg\",\"width\":2560,\"height\":2560},{\"@type\":\"BreadcrumbList\",\"@id\":\"https:\\\/\\\/comuna.pt\\\/pt-pt\\\/product\\\/kit-combo-a7siii-run-and-gun-basic\\\/#breadcrumb\",\"itemListElement\":[{\"@type\":\"ListItem\",\"position\":1,\"name\":\"Home\",\"item\":\"https:\\\/\\\/comuna.pt\\\/pt-pt\\\/\"},{\"@type\":\"ListItem\",\"position\":2,\"name\":\"Produtos\"},{\"@type\":\"ListItem\",\"position\":3,\"name\":\"Kit Combo A7SIII &#8220;Run-And-Gun Basic&#8221;\"}]},{\"@type\":\"WebSite\",\"@id\":\"https:\\\/\\\/comuna.pt\\\/pt-pt\\\/#website\",\"url\":\"https:\\\/\\\/comuna.pt\\\/pt-pt\\\/\",\"name\":\"Comuna Rental House\",\"description\":\"Photo studios, Podcast &amp; Equipment Rental\",\"publisher\":{\"@id\":\"https:\\\/\\\/comuna.pt\\\/pt-pt\\\/#organization\"},\"alternateName\":\"Comuna Filmmaking Equipment Rental\",\"potentialAction\":[{\"@type\":\"SearchAction\",\"target\":{\"@type\":\"EntryPoint\",\"urlTemplate\":\"https:\\\/\\\/comuna.pt\\\/pt-pt\\\/?s={search_term_string}\"},\"query-input\":{\"@type\":\"PropertyValueSpecification\",\"valueRequired\":true,\"valueName\":\"search_term_string\"}}],\"inLanguage\":\"pt-PT\"},{\"@type\":\"Organization\",\"@id\":\"https:\\\/\\\/comuna.pt\\\/pt-pt\\\/#organization\",\"name\":\"Comuna Rental House\",\"url\":\"https:\\\/\\\/comuna.pt\\\/pt-pt\\\/\",\"logo\":{\"@type\":\"ImageObject\",\"inLanguage\":\"pt-PT\",\"@id\":\"https:\\\/\\\/comuna.pt\\\/pt-pt\\\/#\\\/schema\\\/logo\\\/image\\\/\",\"url\":\"https:\\\/\\\/comuna.pt\\\/wp-content\\\/uploads\\\/2024\\\/03\\\/comuna_logo_website.png\",\"contentUrl\":\"https:\\\/\\\/comuna.pt\\\/wp-content\\\/uploads\\\/2024\\\/03\\\/comuna_logo_website.png\",\"width\":2000,\"height\":262,\"caption\":\"Comuna Rental House\"},\"image\":{\"@id\":\"https:\\\/\\\/comuna.pt\\\/pt-pt\\\/#\\\/schema\\\/logo\\\/image\\\/\"},\"sameAs\":[\"http:\\\/\\\/facebook.com\\\/comuna.rental\",\"https:\\\/\\\/www.instagram.com\\\/comuna_rental\",\"https:\\\/\\\/www.linkedin.com\\\/company\\\/96410498\"]}]}<\/script>\n<meta property=\"product:price:amount\" content=\"140.00\" \/>\n<meta property=\"product:price:currency\" content=\"EUR\" \/>\n<meta property=\"og:availability\" content=\"instock\" \/>\n<meta property=\"product:availability\" content=\"instock\" \/>\n<meta property=\"product:condition\" content=\"new\" \/>\n<!-- \/ Yoast SEO Premium plugin. -->","yoast_head_json":{"title":"Kit Combo A7SIII \"Run-And-Gun Basic\" | Comuna Studios &amp; Equipment Rental","description":"Capte imagens de alta qualidade em movimento com o potente Kit Combo A7SIII. Inclui c\u00e2mara, objetiva, filtros e microfone. Comece a filmar hoje!","robots":{"index":"index","follow":"follow","max-snippet":"max-snippet:-1","max-image-preview":"max-image-preview:large","max-video-preview":"max-video-preview:-1"},"canonical":"https:\/\/comuna.pt\/pt-pt\/product\/kit-combo-a7siii-run-and-gun-basic\/","og_locale":"pt_PT","og_type":"article","og_title":"Kit Combo A7SIII \"Run-And-Gun Basic\"","og_description":"Capte imagens de alta qualidade em movimento com o potente Kit Combo A7SIII. Inclui c\u00e2mara, objetiva, filtros e microfone. Comece a filmar hoje!","og_url":"https:\/\/comuna.pt\/pt-pt\/product\/kit-combo-a7siii-run-and-gun-basic\/","og_site_name":"Comuna Studios &amp; Equipment Rental","article_publisher":"http:\/\/facebook.com\/comuna.rental","article_modified_time":"2026-01-31T13:28:25+00:00","og_image":[{"width":2560,"height":2560,"url":"https:\/\/comuna.pt\/wp-content\/uploads\/2024\/05\/CAE_REV_3_Part3-scaled.jpg","type":"image\/jpeg"}],"twitter_card":"summary_large_image","twitter_misc":{"pre\u00e7o":"&euro;140,00 + 23% VAT","Disponibilidade":"Em stock"},"schema":{"@context":"https:\/\/schema.org","@graph":[{"@type":["WebPage","ItemPage"],"@id":"https:\/\/comuna.pt\/pt-pt\/product\/kit-combo-a7siii-run-and-gun-basic\/","url":"https:\/\/comuna.pt\/pt-pt\/product\/kit-combo-a7siii-run-and-gun-basic\/","name":"Kit Combo A7SIII \"Run-And-Gun Basic\" | Comuna Studios &amp; Equipment Rental","isPartOf":{"@id":"https:\/\/comuna.pt\/pt-pt\/#website"},"primaryImageOfPage":{"@id":"https:\/\/comuna.pt\/pt-pt\/product\/kit-combo-a7siii-run-and-gun-basic\/#primaryimage"},"image":{"@id":"https:\/\/comuna.pt\/pt-pt\/product\/kit-combo-a7siii-run-and-gun-basic\/#primaryimage"},"thumbnailUrl":"https:\/\/comuna.pt\/wp-content\/uploads\/2024\/05\/CAE_REV_3_Part3-scaled.jpg","datePublished":"2024-05-23T17:13:38+00:00","dateModified":"2026-01-31T13:28:25+00:00","description":"Capte imagens de alta qualidade em movimento com o potente Kit Combo A7SIII. Inclui c\u00e2mara, objetiva, filtros e microfone. Comece a filmar hoje!","breadcrumb":{"@id":"https:\/\/comuna.pt\/pt-pt\/product\/kit-combo-a7siii-run-and-gun-basic\/#breadcrumb"},"inLanguage":"pt-PT","potentialAction":[{"@type":"ReadAction","target":["https:\/\/comuna.pt\/pt-pt\/product\/kit-combo-a7siii-run-and-gun-basic\/"]}]},{"@type":"ImageObject","inLanguage":"pt-PT","@id":"https:\/\/comuna.pt\/pt-pt\/product\/kit-combo-a7siii-run-and-gun-basic\/#primaryimage","url":"https:\/\/comuna.pt\/wp-content\/uploads\/2024\/05\/CAE_REV_3_Part3-scaled.jpg","contentUrl":"https:\/\/comuna.pt\/wp-content\/uploads\/2024\/05\/CAE_REV_3_Part3-scaled.jpg","width":2560,"height":2560},{"@type":"BreadcrumbList","@id":"https:\/\/comuna.pt\/pt-pt\/product\/kit-combo-a7siii-run-and-gun-basic\/#breadcrumb","itemListElement":[{"@type":"ListItem","position":1,"name":"Home","item":"https:\/\/comuna.pt\/pt-pt\/"},{"@type":"ListItem","position":2,"name":"Produtos"},{"@type":"ListItem","position":3,"name":"Kit Combo A7SIII &#8220;Run-And-Gun Basic&#8221;"}]},{"@type":"WebSite","@id":"https:\/\/comuna.pt\/pt-pt\/#website","url":"https:\/\/comuna.pt\/pt-pt\/","name":"Comuna Rental House","description":"Photo studios, Podcast &amp; Equipment Rental","publisher":{"@id":"https:\/\/comuna.pt\/pt-pt\/#organization"},"alternateName":"Comuna Filmmaking Equipment Rental","potentialAction":[{"@type":"SearchAction","target":{"@type":"EntryPoint","urlTemplate":"https:\/\/comuna.pt\/pt-pt\/?s={search_term_string}"},"query-input":{"@type":"PropertyValueSpecification","valueRequired":true,"valueName":"search_term_string"}}],"inLanguage":"pt-PT"},{"@type":"Organization","@id":"https:\/\/comuna.pt\/pt-pt\/#organization","name":"Comuna Rental House","url":"https:\/\/comuna.pt\/pt-pt\/","logo":{"@type":"ImageObject","inLanguage":"pt-PT","@id":"https:\/\/comuna.pt\/pt-pt\/#\/schema\/logo\/image\/","url":"https:\/\/comuna.pt\/wp-content\/uploads\/2024\/03\/comuna_logo_website.png","contentUrl":"https:\/\/comuna.pt\/wp-content\/uploads\/2024\/03\/comuna_logo_website.png","width":2000,"height":262,"caption":"Comuna Rental House"},"image":{"@id":"https:\/\/comuna.pt\/pt-pt\/#\/schema\/logo\/image\/"},"sameAs":["http:\/\/facebook.com\/comuna.rental","https:\/\/www.instagram.com\/comuna_rental","https:\/\/www.linkedin.com\/company\/96410498"]}]},"product_price_amount":"140.00","product_price_currency":"EUR","og_availability":"instock","product_availability":"instock","product_condition":"new"},"_links":{"self":[{"href":"https:\/\/comuna.pt\/pt-pt\/wp-json\/wp\/v2\/product\/18840","targetHints":{"allow":["GET"]}}],"collection":[{"href":"https:\/\/comuna.pt\/pt-pt\/wp-json\/wp\/v2\/product"}],"about":[{"href":"https:\/\/comuna.pt\/pt-pt\/wp-json\/wp\/v2\/types\/product"}],"version-history":[{"count":20,"href":"https:\/\/comuna.pt\/pt-pt\/wp-json\/wp\/v2\/product\/18840\/revisions"}],"predecessor-version":[{"id":18926,"href":"https:\/\/comuna.pt\/pt-pt\/wp-json\/wp\/v2\/product\/18840\/revisions\/18926"}],"wp:featuredmedia":[{"embeddable":true,"href":"https:\/\/comuna.pt\/pt-pt\/wp-json\/wp\/v2\/media\/18841"}],"wp:attachment":[{"href":"https:\/\/comuna.pt\/pt-pt\/wp-json\/wp\/v2\/media?parent=18840"}],"wp:term":[{"taxonomy":"product_brand","embeddable":true,"href":"https:\/\/comuna.pt\/pt-pt\/wp-json\/wp\/v2\/product_brand?post=18840"},{"taxonomy":"product_cat","embeddable":true,"href":"https:\/\/comuna.pt\/pt-pt\/wp-json\/wp\/v2\/product_cat?post=18840"},{"taxonomy":"product_tag","embeddable":true,"href":"https:\/\/comuna.pt\/pt-pt\/wp-json\/wp\/v2\/product_tag?post=18840"}],"curies":[{"name":"wp","href":"https:\/\/api.w.org\/{rel}","templated":true}]}}