{"id":18829,"date":"2024-05-23T18:44:11","date_gmt":"2024-05-23T17:44:11","guid":{"rendered":"https:\/\/comuna.pt\/product\/kit-combo-a7siii-talking-head\/"},"modified":"2026-01-31T13:35:46","modified_gmt":"2026-01-31T13:35:46","slug":"kit-combo-a7siii-talking-head","status":"publish","type":"product","link":"https:\/\/comuna.pt\/pt-pt\/product\/kit-combo-a7siii-talking-head\/","title":{"rendered":"Kit Combo A7SIII &#8220;Talking Head&#8221;"},"content":{"rendered":"<div class=\"booqable-product-button\" data-id=\"talking-head-a7sii-combo-kit\"><\/div>\n<p><strong>O que est\u00e1 inclu\u00eddo:<\/strong><\/p>\n<ul>\n \t[cite_start]<\/p>\n<li><strong>C\u00e2mara Sony a7siii:<\/strong> 1x Sony a7siii, 1x Cage Smallrig, 1x Pega NATO Smallrig, 2x Cart\u00f5es SD 128 GB, 1x Adaptador AC (Dummy battery), 2x baterias, 1x carregador. [cite: 7127]<\/li>\n<p> \t[cite_start]<\/p>\n<li><strong>RODE Wireless GO II<\/strong>: 2x Transmissores, 1x Recetor Dual-Channel, 2x Microfones de lapela (LAV), cabos e acess\u00f3rios de prote\u00e7\u00e3o. [cite: 7127]<\/li>\n<p> \t[cite_start]<\/p>\n<li><strong>Objetiva:<\/strong> 1x Sigma Art 24-70 f\/2.8 (FE), estojo, filtro protetor e tampas. [cite: 7127]<\/li>\n<p> \t[cite_start]<\/p>\n<li><strong>Trip\u00e9 Manfrotto MVK500190XV: <\/strong>1x Cabe\u00e7a MVH500AH, Trip\u00e9 de V\u00eddeo em Alum\u00ednio 190X, pega e estojo. [cite: 7127]<\/li>\n<\/ul>\n<p>&nbsp;<br \/>\n[cite_start]Ideal para vlogs e entrevistas de alta qualidade, este kit inclui a Sony a7sIII, o sistema RODE Wireless GO II e a objetiva Sigma Art 24-70mm f\/2.8. [cite: 7127] <\/p>\n<h4>Destaques do Kit:<\/h4>\n<ul>\n \t[cite_start]<\/p>\n<li><strong>Sony a7sIII<\/strong>: C\u00e2mara mirrorless de topo conhecida pela grava\u00e7\u00e3o 4K e performance em pouca luz. [cite: 7127]<\/li>\n<p> \t[cite_start]<\/p>\n<li><strong>RODE Wireless GO II<\/strong>: Sistema sem fios compacto para \u00e1udio cristalino, permitindo gravar dois interlocutores em simult\u00e2neo. [cite: 7127]<\/li>\n<p> \t[cite_start]<\/p>\n<li><strong>Sigma Art 24-70mm f\/2.8<\/strong>: Objetiva zoom vers\u00e1til com abertura constante de f\/2.8 para um bokeh deslumbrante. [cite: 7127]<\/li>\n<p> \t[cite_start]<\/p>\n<li><strong>Trip\u00e9 Manfrotto MVK500190XV<\/strong>: Cabe\u00e7a fluida que garante movimentos de panor\u00e2mica e inclina\u00e7\u00e3o suaves. [cite: 7127]<\/li>\n<\/ul>\n<p>[cite_start]Alugue este kit hoje e leve as suas produ\u00e7\u00f5es &#8220;talking head&#8221; para um patamar profissional. [cite: 7127]<\/p>\n","protected":false},"excerpt":{"rendered":"<p>O que est\u00e1 inclu\u00eddo: [cite_start] C\u00e2mara Sony a7siii: 1x Sony a7siii, 1x Cage Smallrig, 1x Pega NATO Smallrig, 2x Cart\u00f5es SD 128 GB, 1x Adaptador AC (Dummy battery), 2x baterias, 1x carregador. [cite: 7127] [cite_start] RODE Wireless GO II: 2x Transmissores, 1x Recetor Dual-Channel, 2x Microfones de lapela (LAV), cabos e acess\u00f3rios de prote\u00e7\u00e3o. [cite: [&hellip;]<\/p>\n","protected":false},"featured_media":18830,"template":"","meta":[],"product_brand":[],"product_cat":[805865],"product_tag":[],"class_list":{"0":"post-18829","1":"product","2":"type-product","3":"status-publish","4":"has-post-thumbnail","6":"product_cat-kits-combo","8":"first","9":"instock","10":"sale","11":"taxable","12":"shipping-taxable","13":"purchasable","14":"product-type-simple"},"yoast_head":"<!-- This site is optimized with the Yoast SEO Premium plugin v27.3 (Yoast SEO v27.3) - https:\/\/yoast.com\/product\/yoast-seo-premium-wordpress\/ -->\n<title>Kit Combo A7SIII &quot;Talking Head&quot; | Comuna Studios &amp; Equipment Rental<\/title>\n<meta name=\"description\" content=\"O Kit Combo A7SIII inclui Sony a7sIII, RODE Wireless GO II, objetiva Sigma Art 24-70mm f\/2.8 e trip\u00e9 Manfrotto MVK500190XV. [cite: 7127]\" \/>\n<meta name=\"robots\" content=\"index, follow, max-snippet:-1, max-image-preview:large, max-video-preview:-1\" \/>\n<link rel=\"canonical\" href=\"https:\/\/comuna.pt\/pt-pt\/product\/kit-combo-a7siii-talking-head\/\" \/>\n<meta property=\"og:locale\" content=\"pt_PT\" \/>\n<meta property=\"og:type\" content=\"article\" \/>\n<meta property=\"og:title\" content=\"Kit Combo A7SIII &quot;Talking Head&quot;\" \/>\n<meta property=\"og:description\" content=\"O Kit Combo A7SIII inclui Sony a7sIII, RODE Wireless GO II, objetiva Sigma Art 24-70mm f\/2.8 e trip\u00e9 Manfrotto MVK500190XV. [cite: 7127]\" \/>\n<meta property=\"og:url\" content=\"https:\/\/comuna.pt\/pt-pt\/product\/kit-combo-a7siii-talking-head\/\" \/>\n<meta property=\"og:site_name\" content=\"Comuna Studios &amp; Equipment Rental\" \/>\n<meta property=\"article:publisher\" content=\"http:\/\/facebook.com\/comuna.rental\" \/>\n<meta property=\"article:modified_time\" content=\"2026-01-31T13:35:46+00:00\" \/>\n<meta property=\"og:image\" content=\"https:\/\/comuna.pt\/wp-content\/uploads\/2024\/05\/Talking-head-scaled.jpg\" \/>\n\t<meta property=\"og:image:width\" content=\"2560\" \/>\n\t<meta property=\"og:image:height\" content=\"2560\" \/>\n\t<meta property=\"og:image:type\" content=\"image\/jpeg\" \/>\n<meta name=\"twitter:card\" content=\"summary_large_image\" \/>\n<meta name=\"twitter:label1\" content=\"pre\u00e7o\" \/>\n\t<meta name=\"twitter:data1\" content=\"&euro;130,00 + 23% VAT\" \/>\n\t<meta name=\"twitter:label2\" content=\"Disponibilidade\" \/>\n\t<meta name=\"twitter:data2\" content=\"Em stock\" \/>\n<script type=\"application\/ld+json\" class=\"yoast-schema-graph\">{\"@context\":\"https:\\\/\\\/schema.org\",\"@graph\":[{\"@type\":[\"WebPage\",\"ItemPage\"],\"@id\":\"https:\\\/\\\/comuna.pt\\\/pt-pt\\\/product\\\/kit-combo-a7siii-talking-head\\\/\",\"url\":\"https:\\\/\\\/comuna.pt\\\/pt-pt\\\/product\\\/kit-combo-a7siii-talking-head\\\/\",\"name\":\"Kit Combo A7SIII \\\"Talking Head\\\" | Comuna Studios &amp; Equipment Rental\",\"isPartOf\":{\"@id\":\"https:\\\/\\\/comuna.pt\\\/pt-pt\\\/#website\"},\"primaryImageOfPage\":{\"@id\":\"https:\\\/\\\/comuna.pt\\\/pt-pt\\\/product\\\/kit-combo-a7siii-talking-head\\\/#primaryimage\"},\"image\":{\"@id\":\"https:\\\/\\\/comuna.pt\\\/pt-pt\\\/product\\\/kit-combo-a7siii-talking-head\\\/#primaryimage\"},\"thumbnailUrl\":\"https:\\\/\\\/comuna.pt\\\/wp-content\\\/uploads\\\/2024\\\/05\\\/Talking-head-scaled.jpg\",\"datePublished\":\"2024-05-23T17:44:11+00:00\",\"dateModified\":\"2026-01-31T13:35:46+00:00\",\"description\":\"O Kit Combo A7SIII inclui Sony a7sIII, RODE Wireless GO II, objetiva Sigma Art 24-70mm f\\\/2.8 e trip\u00e9 Manfrotto MVK500190XV. [cite: 7127]\",\"breadcrumb\":{\"@id\":\"https:\\\/\\\/comuna.pt\\\/pt-pt\\\/product\\\/kit-combo-a7siii-talking-head\\\/#breadcrumb\"},\"inLanguage\":\"pt-PT\",\"potentialAction\":[{\"@type\":\"ReadAction\",\"target\":[\"https:\\\/\\\/comuna.pt\\\/pt-pt\\\/product\\\/kit-combo-a7siii-talking-head\\\/\"]}]},{\"@type\":\"ImageObject\",\"inLanguage\":\"pt-PT\",\"@id\":\"https:\\\/\\\/comuna.pt\\\/pt-pt\\\/product\\\/kit-combo-a7siii-talking-head\\\/#primaryimage\",\"url\":\"https:\\\/\\\/comuna.pt\\\/wp-content\\\/uploads\\\/2024\\\/05\\\/Talking-head-scaled.jpg\",\"contentUrl\":\"https:\\\/\\\/comuna.pt\\\/wp-content\\\/uploads\\\/2024\\\/05\\\/Talking-head-scaled.jpg\",\"width\":2560,\"height\":2560},{\"@type\":\"BreadcrumbList\",\"@id\":\"https:\\\/\\\/comuna.pt\\\/pt-pt\\\/product\\\/kit-combo-a7siii-talking-head\\\/#breadcrumb\",\"itemListElement\":[{\"@type\":\"ListItem\",\"position\":1,\"name\":\"Home\",\"item\":\"https:\\\/\\\/comuna.pt\\\/pt-pt\\\/\"},{\"@type\":\"ListItem\",\"position\":2,\"name\":\"Produtos\"},{\"@type\":\"ListItem\",\"position\":3,\"name\":\"Kits Combo\",\"item\":\"https:\\\/\\\/comuna.pt\\\/pt-pt\\\/Categoria\\\/kits-combo\\\/\"},{\"@type\":\"ListItem\",\"position\":4,\"name\":\"Kit Combo A7SIII &#8220;Talking Head&#8221;\"}]},{\"@type\":\"WebSite\",\"@id\":\"https:\\\/\\\/comuna.pt\\\/pt-pt\\\/#website\",\"url\":\"https:\\\/\\\/comuna.pt\\\/pt-pt\\\/\",\"name\":\"Comuna Rental House\",\"description\":\"Photo studios, Podcast &amp; Equipment Rental\",\"publisher\":{\"@id\":\"https:\\\/\\\/comuna.pt\\\/pt-pt\\\/#organization\"},\"alternateName\":\"Comuna Filmmaking Equipment Rental\",\"potentialAction\":[{\"@type\":\"SearchAction\",\"target\":{\"@type\":\"EntryPoint\",\"urlTemplate\":\"https:\\\/\\\/comuna.pt\\\/pt-pt\\\/?s={search_term_string}\"},\"query-input\":{\"@type\":\"PropertyValueSpecification\",\"valueRequired\":true,\"valueName\":\"search_term_string\"}}],\"inLanguage\":\"pt-PT\"},{\"@type\":\"Organization\",\"@id\":\"https:\\\/\\\/comuna.pt\\\/pt-pt\\\/#organization\",\"name\":\"Comuna Rental House\",\"url\":\"https:\\\/\\\/comuna.pt\\\/pt-pt\\\/\",\"logo\":{\"@type\":\"ImageObject\",\"inLanguage\":\"pt-PT\",\"@id\":\"https:\\\/\\\/comuna.pt\\\/pt-pt\\\/#\\\/schema\\\/logo\\\/image\\\/\",\"url\":\"https:\\\/\\\/comuna.pt\\\/wp-content\\\/uploads\\\/2024\\\/03\\\/comuna_logo_website.png\",\"contentUrl\":\"https:\\\/\\\/comuna.pt\\\/wp-content\\\/uploads\\\/2024\\\/03\\\/comuna_logo_website.png\",\"width\":2000,\"height\":262,\"caption\":\"Comuna Rental House\"},\"image\":{\"@id\":\"https:\\\/\\\/comuna.pt\\\/pt-pt\\\/#\\\/schema\\\/logo\\\/image\\\/\"},\"sameAs\":[\"http:\\\/\\\/facebook.com\\\/comuna.rental\",\"https:\\\/\\\/www.instagram.com\\\/comuna_rental\",\"https:\\\/\\\/www.linkedin.com\\\/company\\\/96410498\"]}]}<\/script>\n<meta property=\"product:price:amount\" content=\"130.00\" \/>\n<meta property=\"product:price:currency\" content=\"EUR\" \/>\n<meta property=\"og:availability\" content=\"instock\" \/>\n<meta property=\"product:availability\" content=\"instock\" \/>\n<meta property=\"product:condition\" content=\"new\" \/>\n<!-- \/ Yoast SEO Premium plugin. -->","yoast_head_json":{"title":"Kit Combo A7SIII \"Talking Head\" | Comuna Studios &amp; Equipment Rental","description":"O Kit Combo A7SIII inclui Sony a7sIII, RODE Wireless GO II, objetiva Sigma Art 24-70mm f\/2.8 e trip\u00e9 Manfrotto MVK500190XV. [cite: 7127]","robots":{"index":"index","follow":"follow","max-snippet":"max-snippet:-1","max-image-preview":"max-image-preview:large","max-video-preview":"max-video-preview:-1"},"canonical":"https:\/\/comuna.pt\/pt-pt\/product\/kit-combo-a7siii-talking-head\/","og_locale":"pt_PT","og_type":"article","og_title":"Kit Combo A7SIII \"Talking Head\"","og_description":"O Kit Combo A7SIII inclui Sony a7sIII, RODE Wireless GO II, objetiva Sigma Art 24-70mm f\/2.8 e trip\u00e9 Manfrotto MVK500190XV. [cite: 7127]","og_url":"https:\/\/comuna.pt\/pt-pt\/product\/kit-combo-a7siii-talking-head\/","og_site_name":"Comuna Studios &amp; Equipment Rental","article_publisher":"http:\/\/facebook.com\/comuna.rental","article_modified_time":"2026-01-31T13:35:46+00:00","og_image":[{"width":2560,"height":2560,"url":"https:\/\/comuna.pt\/wp-content\/uploads\/2024\/05\/Talking-head-scaled.jpg","type":"image\/jpeg"}],"twitter_card":"summary_large_image","twitter_misc":{"pre\u00e7o":"&euro;130,00 + 23% VAT","Disponibilidade":"Em stock"},"schema":{"@context":"https:\/\/schema.org","@graph":[{"@type":["WebPage","ItemPage"],"@id":"https:\/\/comuna.pt\/pt-pt\/product\/kit-combo-a7siii-talking-head\/","url":"https:\/\/comuna.pt\/pt-pt\/product\/kit-combo-a7siii-talking-head\/","name":"Kit Combo A7SIII \"Talking Head\" | Comuna Studios &amp; Equipment Rental","isPartOf":{"@id":"https:\/\/comuna.pt\/pt-pt\/#website"},"primaryImageOfPage":{"@id":"https:\/\/comuna.pt\/pt-pt\/product\/kit-combo-a7siii-talking-head\/#primaryimage"},"image":{"@id":"https:\/\/comuna.pt\/pt-pt\/product\/kit-combo-a7siii-talking-head\/#primaryimage"},"thumbnailUrl":"https:\/\/comuna.pt\/wp-content\/uploads\/2024\/05\/Talking-head-scaled.jpg","datePublished":"2024-05-23T17:44:11+00:00","dateModified":"2026-01-31T13:35:46+00:00","description":"O Kit Combo A7SIII inclui Sony a7sIII, RODE Wireless GO II, objetiva Sigma Art 24-70mm f\/2.8 e trip\u00e9 Manfrotto MVK500190XV. [cite: 7127]","breadcrumb":{"@id":"https:\/\/comuna.pt\/pt-pt\/product\/kit-combo-a7siii-talking-head\/#breadcrumb"},"inLanguage":"pt-PT","potentialAction":[{"@type":"ReadAction","target":["https:\/\/comuna.pt\/pt-pt\/product\/kit-combo-a7siii-talking-head\/"]}]},{"@type":"ImageObject","inLanguage":"pt-PT","@id":"https:\/\/comuna.pt\/pt-pt\/product\/kit-combo-a7siii-talking-head\/#primaryimage","url":"https:\/\/comuna.pt\/wp-content\/uploads\/2024\/05\/Talking-head-scaled.jpg","contentUrl":"https:\/\/comuna.pt\/wp-content\/uploads\/2024\/05\/Talking-head-scaled.jpg","width":2560,"height":2560},{"@type":"BreadcrumbList","@id":"https:\/\/comuna.pt\/pt-pt\/product\/kit-combo-a7siii-talking-head\/#breadcrumb","itemListElement":[{"@type":"ListItem","position":1,"name":"Home","item":"https:\/\/comuna.pt\/pt-pt\/"},{"@type":"ListItem","position":2,"name":"Produtos"},{"@type":"ListItem","position":3,"name":"Kits Combo","item":"https:\/\/comuna.pt\/pt-pt\/Categoria\/kits-combo\/"},{"@type":"ListItem","position":4,"name":"Kit Combo A7SIII &#8220;Talking Head&#8221;"}]},{"@type":"WebSite","@id":"https:\/\/comuna.pt\/pt-pt\/#website","url":"https:\/\/comuna.pt\/pt-pt\/","name":"Comuna Rental House","description":"Photo studios, Podcast &amp; Equipment Rental","publisher":{"@id":"https:\/\/comuna.pt\/pt-pt\/#organization"},"alternateName":"Comuna Filmmaking Equipment Rental","potentialAction":[{"@type":"SearchAction","target":{"@type":"EntryPoint","urlTemplate":"https:\/\/comuna.pt\/pt-pt\/?s={search_term_string}"},"query-input":{"@type":"PropertyValueSpecification","valueRequired":true,"valueName":"search_term_string"}}],"inLanguage":"pt-PT"},{"@type":"Organization","@id":"https:\/\/comuna.pt\/pt-pt\/#organization","name":"Comuna Rental House","url":"https:\/\/comuna.pt\/pt-pt\/","logo":{"@type":"ImageObject","inLanguage":"pt-PT","@id":"https:\/\/comuna.pt\/pt-pt\/#\/schema\/logo\/image\/","url":"https:\/\/comuna.pt\/wp-content\/uploads\/2024\/03\/comuna_logo_website.png","contentUrl":"https:\/\/comuna.pt\/wp-content\/uploads\/2024\/03\/comuna_logo_website.png","width":2000,"height":262,"caption":"Comuna Rental House"},"image":{"@id":"https:\/\/comuna.pt\/pt-pt\/#\/schema\/logo\/image\/"},"sameAs":["http:\/\/facebook.com\/comuna.rental","https:\/\/www.instagram.com\/comuna_rental","https:\/\/www.linkedin.com\/company\/96410498"]}]},"product_price_amount":"130.00","product_price_currency":"EUR","og_availability":"instock","product_availability":"instock","product_condition":"new"},"_links":{"self":[{"href":"https:\/\/comuna.pt\/pt-pt\/wp-json\/wp\/v2\/product\/18829","targetHints":{"allow":["GET"]}}],"collection":[{"href":"https:\/\/comuna.pt\/pt-pt\/wp-json\/wp\/v2\/product"}],"about":[{"href":"https:\/\/comuna.pt\/pt-pt\/wp-json\/wp\/v2\/types\/product"}],"version-history":[{"count":3,"href":"https:\/\/comuna.pt\/pt-pt\/wp-json\/wp\/v2\/product\/18829\/revisions"}],"predecessor-version":[{"id":19206,"href":"https:\/\/comuna.pt\/pt-pt\/wp-json\/wp\/v2\/product\/18829\/revisions\/19206"}],"wp:featuredmedia":[{"embeddable":true,"href":"https:\/\/comuna.pt\/pt-pt\/wp-json\/wp\/v2\/media\/18830"}],"wp:attachment":[{"href":"https:\/\/comuna.pt\/pt-pt\/wp-json\/wp\/v2\/media?parent=18829"}],"wp:term":[{"taxonomy":"product_brand","embeddable":true,"href":"https:\/\/comuna.pt\/pt-pt\/wp-json\/wp\/v2\/product_brand?post=18829"},{"taxonomy":"product_cat","embeddable":true,"href":"https:\/\/comuna.pt\/pt-pt\/wp-json\/wp\/v2\/product_cat?post=18829"},{"taxonomy":"product_tag","embeddable":true,"href":"https:\/\/comuna.pt\/pt-pt\/wp-json\/wp\/v2\/product_tag?post=18829"}],"curies":[{"name":"wp","href":"https:\/\/api.w.org\/{rel}","templated":true}]}}