{"id":18807,"date":"2024-05-23T19:15:08","date_gmt":"2024-05-23T18:15:08","guid":{"rendered":"https:\/\/comuna.pt\/product\/kit-de-som-combo-boom-boy-basic-zoom-h6\/"},"modified":"2026-01-31T13:35:46","modified_gmt":"2026-01-31T13:35:46","slug":"kit-de-som-combo-boom-boy-basic-zoom-h6","status":"publish","type":"product","link":"https:\/\/comuna.pt\/pt-pt\/product\/kit-de-som-combo-boom-boy-basic-zoom-h6\/","title":{"rendered":"Kit de Som Combo &#8220;Boom Boy Basic&#8221; Zoom H6"},"content":{"rendered":"<div class=\"booqable-product-button\" data-id=\"boom-boy-basic-zoom-f6-sound-kit\"><\/div>\n<p>Gravador Zoom H6, microfone Rode NTG4+, vara de boom Rode, RODE Blimp Windshield, cabo XLR, auscultadores Sennheiser HD 280 Pro, baterias AA e cart\u00e3o SD de 32GB. [cite: 7067] [cite_start]O Kit de Som Combo &#8220;BOOM BOY BASIC&#8221; Zoom H6 \u00e9 um pacote essencial para captar \u00e1udio de qualidade profissional no set. [cite: 7067] <\/p>\n<h4>Inclu\u00eddo no Kit:<\/h4>\n<ul>\n \t[cite_start]<\/p>\n<li><strong>Gravador de \u00c1udio Zoom H6<\/strong>: Gravador port\u00e1til vers\u00e1til com seis entradas, ideal para grava\u00e7\u00e3o de campo e entrevistas. [cite: 7067]<\/li>\n<p> \t[cite_start]<\/p>\n<li><strong>Microfone Shotgun Rode NTG4+<\/strong>: Qualidade de som broadcast com bateria recarreg\u00e1vel para at\u00e9 150 horas. [cite: 7067]<\/li>\n<p> \t[cite_start]<\/p>\n<li><strong>Rode Boompole<\/strong>: Vara de boom leve e extens\u00edvel para posicionamento \u00f3timo. [cite: 7067]<\/li>\n<p> \t[cite_start]<\/p>\n<li><strong>RODE Blimp Windshield<\/strong>: Prote\u00e7\u00e3o superior contra o vento e suspens\u00e3o el\u00e1stica (shock mount) para reduzir ru\u00eddo. [cite: 7067]<\/li>\n<p> \t[cite_start]<\/p>\n<li><strong>Auscultadores Monitor Sennheiser HD 280 Pro<\/strong>: Oferecem isolamento e monitoriza\u00e7\u00e3o precisa. [cite: 7067]<\/li>\n<p> \t[cite_start]<\/p>\n<li><strong>Acess\u00f3rios de Energia<\/strong>: Pack de 4 pilhas AA de 2450 mAh com carregador e cart\u00e3o SD de 32GB. [cite: 7067]<\/li>\n<\/ul>\n<p>[cite_start]Alugue este kit hoje e garanta resultados profissionais nos seus projetos de cinema ou v\u00eddeo em Lisboa. [cite: 7067]<\/p>\n","protected":false},"excerpt":{"rendered":"<p>Gravador Zoom H6, microfone Rode NTG4+, vara de boom Rode, RODE Blimp Windshield, cabo XLR, auscultadores Sennheiser HD 280 Pro, baterias AA e cart\u00e3o SD de 32GB. [cite: 7067] [cite_start]O Kit de Som Combo &#8220;BOOM BOY BASIC&#8221; Zoom H6 \u00e9 um pacote essencial para captar \u00e1udio de qualidade profissional no set. [cite: 7067] Inclu\u00eddo no [&hellip;]<\/p>\n","protected":false},"featured_media":18808,"template":"","meta":[],"product_brand":[],"product_cat":[805865],"product_tag":[],"class_list":{"0":"post-18807","1":"product","2":"type-product","3":"status-publish","4":"has-post-thumbnail","6":"product_cat-kits-combo","8":"first","9":"instock","10":"sale","11":"taxable","12":"shipping-taxable","13":"purchasable","14":"product-type-simple"},"yoast_head":"<!-- This site is optimized with the Yoast SEO Premium plugin v27.3 (Yoast SEO v27.3) - https:\/\/yoast.com\/product\/yoast-seo-premium-wordpress\/ -->\n<title>Kit de Som Combo &quot;Boom Boy Basic&quot; Zoom H6 | Comuna Studios &amp; Equipment Rental<\/title>\n<meta name=\"description\" content=\"O Kit de Som Combo Zoom H6 inclui gravador, Rode NTG4+, vara de boom, RODE Blimp Windshield, cabo XLR e auscultadores Sennheiser HD 280 Pro para todas as necessidades. [cite: 7067]\" \/>\n<meta name=\"robots\" content=\"index, follow, max-snippet:-1, max-image-preview:large, max-video-preview:-1\" \/>\n<link rel=\"canonical\" href=\"https:\/\/comuna.pt\/pt-pt\/product\/kit-de-som-combo-boom-boy-basic-zoom-h6\/\" \/>\n<meta property=\"og:locale\" content=\"pt_PT\" \/>\n<meta property=\"og:type\" content=\"article\" \/>\n<meta property=\"og:title\" content=\"Kit de Som Combo &quot;Boom Boy Basic&quot; Zoom H6\" \/>\n<meta property=\"og:description\" content=\"O Kit de Som Combo Zoom H6 inclui gravador, Rode NTG4+, vara de boom, RODE Blimp Windshield, cabo XLR e auscultadores Sennheiser HD 280 Pro para todas as necessidades. [cite: 7067]\" \/>\n<meta property=\"og:url\" content=\"https:\/\/comuna.pt\/pt-pt\/product\/kit-de-som-combo-boom-boy-basic-zoom-h6\/\" \/>\n<meta property=\"og:site_name\" content=\"Comuna Studios &amp; Equipment Rental\" \/>\n<meta property=\"article:publisher\" content=\"http:\/\/facebook.com\/comuna.rental\" \/>\n<meta property=\"article:modified_time\" content=\"2026-01-31T13:35:46+00:00\" \/>\n<meta property=\"og:image\" content=\"https:\/\/comuna.pt\/wp-content\/uploads\/2024\/05\/Zoom-H6-Kit-scaled.jpg\" \/>\n\t<meta property=\"og:image:width\" content=\"2560\" \/>\n\t<meta property=\"og:image:height\" content=\"2560\" \/>\n\t<meta property=\"og:image:type\" content=\"image\/jpeg\" \/>\n<meta name=\"twitter:card\" content=\"summary_large_image\" \/>\n<meta name=\"twitter:label1\" content=\"pre\u00e7o\" \/>\n\t<meta name=\"twitter:data1\" content=\"&euro;70,00 + 23% VAT\" \/>\n\t<meta name=\"twitter:label2\" content=\"Disponibilidade\" \/>\n\t<meta name=\"twitter:data2\" content=\"Em stock\" \/>\n<script type=\"application\/ld+json\" class=\"yoast-schema-graph\">{\"@context\":\"https:\\\/\\\/schema.org\",\"@graph\":[{\"@type\":[\"WebPage\",\"ItemPage\"],\"@id\":\"https:\\\/\\\/comuna.pt\\\/pt-pt\\\/product\\\/kit-de-som-combo-boom-boy-basic-zoom-h6\\\/\",\"url\":\"https:\\\/\\\/comuna.pt\\\/pt-pt\\\/product\\\/kit-de-som-combo-boom-boy-basic-zoom-h6\\\/\",\"name\":\"Kit de Som Combo \\\"Boom Boy Basic\\\" Zoom H6 | Comuna Studios &amp; Equipment Rental\",\"isPartOf\":{\"@id\":\"https:\\\/\\\/comuna.pt\\\/pt-pt\\\/#website\"},\"primaryImageOfPage\":{\"@id\":\"https:\\\/\\\/comuna.pt\\\/pt-pt\\\/product\\\/kit-de-som-combo-boom-boy-basic-zoom-h6\\\/#primaryimage\"},\"image\":{\"@id\":\"https:\\\/\\\/comuna.pt\\\/pt-pt\\\/product\\\/kit-de-som-combo-boom-boy-basic-zoom-h6\\\/#primaryimage\"},\"thumbnailUrl\":\"https:\\\/\\\/comuna.pt\\\/wp-content\\\/uploads\\\/2024\\\/05\\\/Zoom-H6-Kit-scaled.jpg\",\"datePublished\":\"2024-05-23T18:15:08+00:00\",\"dateModified\":\"2026-01-31T13:35:46+00:00\",\"description\":\"O Kit de Som Combo Zoom H6 inclui gravador, Rode NTG4+, vara de boom, RODE Blimp Windshield, cabo XLR e auscultadores Sennheiser HD 280 Pro para todas as necessidades. [cite: 7067]\",\"breadcrumb\":{\"@id\":\"https:\\\/\\\/comuna.pt\\\/pt-pt\\\/product\\\/kit-de-som-combo-boom-boy-basic-zoom-h6\\\/#breadcrumb\"},\"inLanguage\":\"pt-PT\",\"potentialAction\":[{\"@type\":\"ReadAction\",\"target\":[\"https:\\\/\\\/comuna.pt\\\/pt-pt\\\/product\\\/kit-de-som-combo-boom-boy-basic-zoom-h6\\\/\"]}]},{\"@type\":\"ImageObject\",\"inLanguage\":\"pt-PT\",\"@id\":\"https:\\\/\\\/comuna.pt\\\/pt-pt\\\/product\\\/kit-de-som-combo-boom-boy-basic-zoom-h6\\\/#primaryimage\",\"url\":\"https:\\\/\\\/comuna.pt\\\/wp-content\\\/uploads\\\/2024\\\/05\\\/Zoom-H6-Kit-scaled.jpg\",\"contentUrl\":\"https:\\\/\\\/comuna.pt\\\/wp-content\\\/uploads\\\/2024\\\/05\\\/Zoom-H6-Kit-scaled.jpg\",\"width\":2560,\"height\":2560},{\"@type\":\"BreadcrumbList\",\"@id\":\"https:\\\/\\\/comuna.pt\\\/pt-pt\\\/product\\\/kit-de-som-combo-boom-boy-basic-zoom-h6\\\/#breadcrumb\",\"itemListElement\":[{\"@type\":\"ListItem\",\"position\":1,\"name\":\"Home\",\"item\":\"https:\\\/\\\/comuna.pt\\\/pt-pt\\\/\"},{\"@type\":\"ListItem\",\"position\":2,\"name\":\"Produtos\"},{\"@type\":\"ListItem\",\"position\":3,\"name\":\"Kits Combo\",\"item\":\"https:\\\/\\\/comuna.pt\\\/pt-pt\\\/Categoria\\\/kits-combo\\\/\"},{\"@type\":\"ListItem\",\"position\":4,\"name\":\"Kit de Som Combo &#8220;Boom Boy Basic&#8221; Zoom H6\"}]},{\"@type\":\"WebSite\",\"@id\":\"https:\\\/\\\/comuna.pt\\\/pt-pt\\\/#website\",\"url\":\"https:\\\/\\\/comuna.pt\\\/pt-pt\\\/\",\"name\":\"Comuna Rental House\",\"description\":\"Photo studios, Podcast &amp; Equipment Rental\",\"publisher\":{\"@id\":\"https:\\\/\\\/comuna.pt\\\/pt-pt\\\/#organization\"},\"alternateName\":\"Comuna Filmmaking Equipment Rental\",\"potentialAction\":[{\"@type\":\"SearchAction\",\"target\":{\"@type\":\"EntryPoint\",\"urlTemplate\":\"https:\\\/\\\/comuna.pt\\\/pt-pt\\\/?s={search_term_string}\"},\"query-input\":{\"@type\":\"PropertyValueSpecification\",\"valueRequired\":true,\"valueName\":\"search_term_string\"}}],\"inLanguage\":\"pt-PT\"},{\"@type\":\"Organization\",\"@id\":\"https:\\\/\\\/comuna.pt\\\/pt-pt\\\/#organization\",\"name\":\"Comuna Rental House\",\"url\":\"https:\\\/\\\/comuna.pt\\\/pt-pt\\\/\",\"logo\":{\"@type\":\"ImageObject\",\"inLanguage\":\"pt-PT\",\"@id\":\"https:\\\/\\\/comuna.pt\\\/pt-pt\\\/#\\\/schema\\\/logo\\\/image\\\/\",\"url\":\"https:\\\/\\\/comuna.pt\\\/wp-content\\\/uploads\\\/2024\\\/03\\\/comuna_logo_website.png\",\"contentUrl\":\"https:\\\/\\\/comuna.pt\\\/wp-content\\\/uploads\\\/2024\\\/03\\\/comuna_logo_website.png\",\"width\":2000,\"height\":262,\"caption\":\"Comuna Rental House\"},\"image\":{\"@id\":\"https:\\\/\\\/comuna.pt\\\/pt-pt\\\/#\\\/schema\\\/logo\\\/image\\\/\"},\"sameAs\":[\"http:\\\/\\\/facebook.com\\\/comuna.rental\",\"https:\\\/\\\/www.instagram.com\\\/comuna_rental\",\"https:\\\/\\\/www.linkedin.com\\\/company\\\/96410498\"]}]}<\/script>\n<meta property=\"product:price:amount\" content=\"70.00\" \/>\n<meta property=\"product:price:currency\" content=\"EUR\" \/>\n<meta property=\"og:availability\" content=\"instock\" \/>\n<meta property=\"product:availability\" content=\"instock\" \/>\n<meta property=\"product:condition\" content=\"new\" \/>\n<!-- \/ Yoast SEO Premium plugin. -->","yoast_head_json":{"title":"Kit de Som Combo \"Boom Boy Basic\" Zoom H6 | Comuna Studios &amp; Equipment Rental","description":"O Kit de Som Combo Zoom H6 inclui gravador, Rode NTG4+, vara de boom, RODE Blimp Windshield, cabo XLR e auscultadores Sennheiser HD 280 Pro para todas as necessidades. [cite: 7067]","robots":{"index":"index","follow":"follow","max-snippet":"max-snippet:-1","max-image-preview":"max-image-preview:large","max-video-preview":"max-video-preview:-1"},"canonical":"https:\/\/comuna.pt\/pt-pt\/product\/kit-de-som-combo-boom-boy-basic-zoom-h6\/","og_locale":"pt_PT","og_type":"article","og_title":"Kit de Som Combo \"Boom Boy Basic\" Zoom H6","og_description":"O Kit de Som Combo Zoom H6 inclui gravador, Rode NTG4+, vara de boom, RODE Blimp Windshield, cabo XLR e auscultadores Sennheiser HD 280 Pro para todas as necessidades. [cite: 7067]","og_url":"https:\/\/comuna.pt\/pt-pt\/product\/kit-de-som-combo-boom-boy-basic-zoom-h6\/","og_site_name":"Comuna Studios &amp; Equipment Rental","article_publisher":"http:\/\/facebook.com\/comuna.rental","article_modified_time":"2026-01-31T13:35:46+00:00","og_image":[{"width":2560,"height":2560,"url":"https:\/\/comuna.pt\/wp-content\/uploads\/2024\/05\/Zoom-H6-Kit-scaled.jpg","type":"image\/jpeg"}],"twitter_card":"summary_large_image","twitter_misc":{"pre\u00e7o":"&euro;70,00 + 23% VAT","Disponibilidade":"Em stock"},"schema":{"@context":"https:\/\/schema.org","@graph":[{"@type":["WebPage","ItemPage"],"@id":"https:\/\/comuna.pt\/pt-pt\/product\/kit-de-som-combo-boom-boy-basic-zoom-h6\/","url":"https:\/\/comuna.pt\/pt-pt\/product\/kit-de-som-combo-boom-boy-basic-zoom-h6\/","name":"Kit de Som Combo \"Boom Boy Basic\" Zoom H6 | Comuna Studios &amp; Equipment Rental","isPartOf":{"@id":"https:\/\/comuna.pt\/pt-pt\/#website"},"primaryImageOfPage":{"@id":"https:\/\/comuna.pt\/pt-pt\/product\/kit-de-som-combo-boom-boy-basic-zoom-h6\/#primaryimage"},"image":{"@id":"https:\/\/comuna.pt\/pt-pt\/product\/kit-de-som-combo-boom-boy-basic-zoom-h6\/#primaryimage"},"thumbnailUrl":"https:\/\/comuna.pt\/wp-content\/uploads\/2024\/05\/Zoom-H6-Kit-scaled.jpg","datePublished":"2024-05-23T18:15:08+00:00","dateModified":"2026-01-31T13:35:46+00:00","description":"O Kit de Som Combo Zoom H6 inclui gravador, Rode NTG4+, vara de boom, RODE Blimp Windshield, cabo XLR e auscultadores Sennheiser HD 280 Pro para todas as necessidades. [cite: 7067]","breadcrumb":{"@id":"https:\/\/comuna.pt\/pt-pt\/product\/kit-de-som-combo-boom-boy-basic-zoom-h6\/#breadcrumb"},"inLanguage":"pt-PT","potentialAction":[{"@type":"ReadAction","target":["https:\/\/comuna.pt\/pt-pt\/product\/kit-de-som-combo-boom-boy-basic-zoom-h6\/"]}]},{"@type":"ImageObject","inLanguage":"pt-PT","@id":"https:\/\/comuna.pt\/pt-pt\/product\/kit-de-som-combo-boom-boy-basic-zoom-h6\/#primaryimage","url":"https:\/\/comuna.pt\/wp-content\/uploads\/2024\/05\/Zoom-H6-Kit-scaled.jpg","contentUrl":"https:\/\/comuna.pt\/wp-content\/uploads\/2024\/05\/Zoom-H6-Kit-scaled.jpg","width":2560,"height":2560},{"@type":"BreadcrumbList","@id":"https:\/\/comuna.pt\/pt-pt\/product\/kit-de-som-combo-boom-boy-basic-zoom-h6\/#breadcrumb","itemListElement":[{"@type":"ListItem","position":1,"name":"Home","item":"https:\/\/comuna.pt\/pt-pt\/"},{"@type":"ListItem","position":2,"name":"Produtos"},{"@type":"ListItem","position":3,"name":"Kits Combo","item":"https:\/\/comuna.pt\/pt-pt\/Categoria\/kits-combo\/"},{"@type":"ListItem","position":4,"name":"Kit de Som Combo &#8220;Boom Boy Basic&#8221; Zoom H6"}]},{"@type":"WebSite","@id":"https:\/\/comuna.pt\/pt-pt\/#website","url":"https:\/\/comuna.pt\/pt-pt\/","name":"Comuna Rental House","description":"Photo studios, Podcast &amp; Equipment Rental","publisher":{"@id":"https:\/\/comuna.pt\/pt-pt\/#organization"},"alternateName":"Comuna Filmmaking Equipment Rental","potentialAction":[{"@type":"SearchAction","target":{"@type":"EntryPoint","urlTemplate":"https:\/\/comuna.pt\/pt-pt\/?s={search_term_string}"},"query-input":{"@type":"PropertyValueSpecification","valueRequired":true,"valueName":"search_term_string"}}],"inLanguage":"pt-PT"},{"@type":"Organization","@id":"https:\/\/comuna.pt\/pt-pt\/#organization","name":"Comuna Rental House","url":"https:\/\/comuna.pt\/pt-pt\/","logo":{"@type":"ImageObject","inLanguage":"pt-PT","@id":"https:\/\/comuna.pt\/pt-pt\/#\/schema\/logo\/image\/","url":"https:\/\/comuna.pt\/wp-content\/uploads\/2024\/03\/comuna_logo_website.png","contentUrl":"https:\/\/comuna.pt\/wp-content\/uploads\/2024\/03\/comuna_logo_website.png","width":2000,"height":262,"caption":"Comuna Rental House"},"image":{"@id":"https:\/\/comuna.pt\/pt-pt\/#\/schema\/logo\/image\/"},"sameAs":["http:\/\/facebook.com\/comuna.rental","https:\/\/www.instagram.com\/comuna_rental","https:\/\/www.linkedin.com\/company\/96410498"]}]},"product_price_amount":"70.00","product_price_currency":"EUR","og_availability":"instock","product_availability":"instock","product_condition":"new"},"_links":{"self":[{"href":"https:\/\/comuna.pt\/pt-pt\/wp-json\/wp\/v2\/product\/18807","targetHints":{"allow":["GET"]}}],"collection":[{"href":"https:\/\/comuna.pt\/pt-pt\/wp-json\/wp\/v2\/product"}],"about":[{"href":"https:\/\/comuna.pt\/pt-pt\/wp-json\/wp\/v2\/types\/product"}],"version-history":[{"count":3,"href":"https:\/\/comuna.pt\/pt-pt\/wp-json\/wp\/v2\/product\/18807\/revisions"}],"predecessor-version":[{"id":19198,"href":"https:\/\/comuna.pt\/pt-pt\/wp-json\/wp\/v2\/product\/18807\/revisions\/19198"}],"wp:featuredmedia":[{"embeddable":true,"href":"https:\/\/comuna.pt\/pt-pt\/wp-json\/wp\/v2\/media\/18808"}],"wp:attachment":[{"href":"https:\/\/comuna.pt\/pt-pt\/wp-json\/wp\/v2\/media?parent=18807"}],"wp:term":[{"taxonomy":"product_brand","embeddable":true,"href":"https:\/\/comuna.pt\/pt-pt\/wp-json\/wp\/v2\/product_brand?post=18807"},{"taxonomy":"product_cat","embeddable":true,"href":"https:\/\/comuna.pt\/pt-pt\/wp-json\/wp\/v2\/product_cat?post=18807"},{"taxonomy":"product_tag","embeddable":true,"href":"https:\/\/comuna.pt\/pt-pt\/wp-json\/wp\/v2\/product_tag?post=18807"}],"curies":[{"name":"wp","href":"https:\/\/api.w.org\/{rel}","templated":true}]}}