{"id":18791,"date":"2024-05-23T18:31:17","date_gmt":"2024-05-23T17:31:17","guid":{"rendered":"https:\/\/comuna.pt\/product\/kit-combo-fx3-run-and-gun-cinema\/"},"modified":"2026-01-31T13:35:46","modified_gmt":"2026-01-31T13:35:46","slug":"kit-combo-fx3-run-and-gun-cinema","status":"publish","type":"product","link":"https:\/\/comuna.pt\/pt-pt\/product\/kit-combo-fx3-run-and-gun-cinema\/","title":{"rendered":"Kit Combo FX3 &#8220;Run-And-Gun Cinema&#8221;"},"content":{"rendered":"<div class=\"booqable-product-button\" data-id=\"run-and-gun-fx3-cinema-combo-kit\"><\/div>\n<p><strong>O que est\u00e1 inclu\u00eddo:<\/strong><\/p>\n<ul>\n \t[cite_start]<\/p>\n<li><strong>C\u00e2mara Sony FX3:<\/strong> 1x Sony FX3, 1x Unidade de Pega XLR Sony XLR-H1, 1x Cage Smallrig, 1x Pega NATO Smallrig, 2x Cart\u00f5es SD 128 GB, 2x baterias, 1x carregador. [cite: 6988]<\/li>\n<p> \t[cite_start]<\/p>\n<li><strong>Objetiva:<\/strong> 1x Sigma Art 24-70 f\/2.8 (FE), estojo, filtro de prote\u00e7\u00e3o e tampas. [cite: 6988]<\/li>\n<p> \t[cite_start]<\/p>\n<li><strong>Monitor: <\/strong>1x Monitor Atomos Shinobi 5&#8243;, baterias NP-F750, suporte hotshoe, para-sol (sunhood) e bra\u00e7o articulado magic arm. [cite: 6988]<\/li>\n<p> \t[cite_start]<\/p>\n<li><strong>Mic:<\/strong> 1x Microfone RODE VideoMic GO II, suporte, cabo 3.5mm e prote\u00e7\u00e3o de vento. [cite: 6988]<\/li>\n<\/ul>\n<p>&nbsp;<br \/>\n[cite_start]O Kit Combo FX3 &#8220;Run-And-Gun Cinema&#8221; foi desenhado para cineastas que exigem qualidade cinematogr\u00e1fica e flexibilidade. [cite: 6988] <\/p>\n<h4>Inclu\u00eddo no Kit:<\/h4>\n<ul>\n<li><strong>Sony FX3<\/strong>: Combina o melhor das tecnologias Cinema Line e Alpha, oferecendo grava\u00e7\u00e3o 4K e performance em pouca luz. [cite_start]O seu design \u00e9 ideal para uso em gimbals. [cite: 6988]<\/li>\n<p> \t[cite_start]<\/p>\n<li><strong>Sigma Art 24-70mm f\/2.8<\/strong>: Objetiva zoom vers\u00e1til que cobre de grande angular a teleobjetiva curta. [cite: 6988]<\/li>\n<p> \t[cite_start]<\/p>\n<li><strong>Rode VideoMic NTG<\/strong>: Microfone shotgun avan\u00e7ado com capta\u00e7\u00e3o direcional e bateria recarreg\u00e1vel. [cite: 6988]<\/li>\n<p> \t[cite_start]<\/p>\n<li><strong>Filtro Vario ND Kaiser 82mm<\/strong>: Controlo preciso da exposi\u00e7\u00e3o em condi\u00e7\u00f5es de muita luz. [cite: 6988]<\/li>\n<\/ul>\n<p>[cite_start]Alugue hoje e leve a sua produ\u00e7\u00e3o cinematogr\u00e1fica para o pr\u00f3ximo n\u00edvel. [cite: 6988]<\/p>\n","protected":false},"excerpt":{"rendered":"<p>O que est\u00e1 inclu\u00eddo: [cite_start] C\u00e2mara Sony FX3: 1x Sony FX3, 1x Unidade de Pega XLR Sony XLR-H1, 1x Cage Smallrig, 1x Pega NATO Smallrig, 2x Cart\u00f5es SD 128 GB, 2x baterias, 1x carregador. [cite: 6988] [cite_start] Objetiva: 1x Sigma Art 24-70 f\/2.8 (FE), estojo, filtro de prote\u00e7\u00e3o e tampas. [cite: 6988] [cite_start] Monitor: 1x [&hellip;]<\/p>\n","protected":false},"featured_media":18792,"template":"","meta":[],"product_brand":[],"product_cat":[805865],"product_tag":[],"class_list":{"0":"post-18791","1":"product","2":"type-product","3":"status-publish","4":"has-post-thumbnail","6":"product_cat-kits-combo","8":"first","9":"instock","10":"sale","11":"taxable","12":"shipping-taxable","13":"purchasable","14":"product-type-simple"},"yoast_head":"<!-- This site is optimized with the Yoast SEO Premium plugin v27.3 (Yoast SEO v27.3) - https:\/\/yoast.com\/product\/yoast-seo-premium-wordpress\/ -->\n<title>Kit Combo FX3 &quot;Run-And-Gun Cinema&quot; | Comuna Studios &amp; Equipment Rental<\/title>\n<meta name=\"description\" content=\"Leve as suas produ\u00e7\u00f5es para o pr\u00f3ximo n\u00edvel com o Kit Combo Sony FX3. [cite_start]Tudo o que precisa para filmagens de alta qualidade num \u00fanico pacote completo. [cite: 6988]\" \/>\n<meta name=\"robots\" content=\"index, follow, max-snippet:-1, max-image-preview:large, max-video-preview:-1\" \/>\n<link rel=\"canonical\" href=\"https:\/\/comuna.pt\/pt-pt\/product\/kit-combo-fx3-run-and-gun-cinema\/\" \/>\n<meta property=\"og:locale\" content=\"pt_PT\" \/>\n<meta property=\"og:type\" content=\"article\" \/>\n<meta property=\"og:title\" content=\"Kit Combo FX3 &quot;Run-And-Gun Cinema&quot;\" \/>\n<meta property=\"og:description\" content=\"Leve as suas produ\u00e7\u00f5es para o pr\u00f3ximo n\u00edvel com o Kit Combo Sony FX3. [cite_start]Tudo o que precisa para filmagens de alta qualidade num \u00fanico pacote completo. [cite: 6988]\" \/>\n<meta property=\"og:url\" content=\"https:\/\/comuna.pt\/pt-pt\/product\/kit-combo-fx3-run-and-gun-cinema\/\" \/>\n<meta property=\"og:site_name\" content=\"Comuna Studios &amp; Equipment Rental\" \/>\n<meta property=\"article:publisher\" content=\"http:\/\/facebook.com\/comuna.rental\" \/>\n<meta property=\"article:modified_time\" content=\"2026-01-31T13:35:46+00:00\" \/>\n<meta property=\"og:image\" content=\"https:\/\/comuna.pt\/wp-content\/uploads\/2024\/05\/RunGun-Cinema-Pack_-scaled.jpg\" \/>\n\t<meta property=\"og:image:width\" content=\"2560\" \/>\n\t<meta property=\"og:image:height\" content=\"2560\" \/>\n\t<meta property=\"og:image:type\" content=\"image\/jpeg\" \/>\n<meta name=\"twitter:card\" content=\"summary_large_image\" \/>\n<meta name=\"twitter:label1\" content=\"pre\u00e7o\" \/>\n\t<meta name=\"twitter:data1\" content=\"&euro;170,00 + 23% VAT\" \/>\n\t<meta name=\"twitter:label2\" content=\"Disponibilidade\" \/>\n\t<meta name=\"twitter:data2\" content=\"Em stock\" \/>\n<script type=\"application\/ld+json\" class=\"yoast-schema-graph\">{\"@context\":\"https:\\\/\\\/schema.org\",\"@graph\":[{\"@type\":[\"WebPage\",\"ItemPage\"],\"@id\":\"https:\\\/\\\/comuna.pt\\\/pt-pt\\\/product\\\/kit-combo-fx3-run-and-gun-cinema\\\/\",\"url\":\"https:\\\/\\\/comuna.pt\\\/pt-pt\\\/product\\\/kit-combo-fx3-run-and-gun-cinema\\\/\",\"name\":\"Kit Combo FX3 \\\"Run-And-Gun Cinema\\\" | Comuna Studios &amp; Equipment Rental\",\"isPartOf\":{\"@id\":\"https:\\\/\\\/comuna.pt\\\/pt-pt\\\/#website\"},\"primaryImageOfPage\":{\"@id\":\"https:\\\/\\\/comuna.pt\\\/pt-pt\\\/product\\\/kit-combo-fx3-run-and-gun-cinema\\\/#primaryimage\"},\"image\":{\"@id\":\"https:\\\/\\\/comuna.pt\\\/pt-pt\\\/product\\\/kit-combo-fx3-run-and-gun-cinema\\\/#primaryimage\"},\"thumbnailUrl\":\"https:\\\/\\\/comuna.pt\\\/wp-content\\\/uploads\\\/2024\\\/05\\\/RunGun-Cinema-Pack_-scaled.jpg\",\"datePublished\":\"2024-05-23T17:31:17+00:00\",\"dateModified\":\"2026-01-31T13:35:46+00:00\",\"description\":\"Leve as suas produ\u00e7\u00f5es para o pr\u00f3ximo n\u00edvel com o Kit Combo Sony FX3. [cite_start]Tudo o que precisa para filmagens de alta qualidade num \u00fanico pacote completo. [cite: 6988]\",\"breadcrumb\":{\"@id\":\"https:\\\/\\\/comuna.pt\\\/pt-pt\\\/product\\\/kit-combo-fx3-run-and-gun-cinema\\\/#breadcrumb\"},\"inLanguage\":\"pt-PT\",\"potentialAction\":[{\"@type\":\"ReadAction\",\"target\":[\"https:\\\/\\\/comuna.pt\\\/pt-pt\\\/product\\\/kit-combo-fx3-run-and-gun-cinema\\\/\"]}]},{\"@type\":\"ImageObject\",\"inLanguage\":\"pt-PT\",\"@id\":\"https:\\\/\\\/comuna.pt\\\/pt-pt\\\/product\\\/kit-combo-fx3-run-and-gun-cinema\\\/#primaryimage\",\"url\":\"https:\\\/\\\/comuna.pt\\\/wp-content\\\/uploads\\\/2024\\\/05\\\/RunGun-Cinema-Pack_-scaled.jpg\",\"contentUrl\":\"https:\\\/\\\/comuna.pt\\\/wp-content\\\/uploads\\\/2024\\\/05\\\/RunGun-Cinema-Pack_-scaled.jpg\",\"width\":2560,\"height\":2560},{\"@type\":\"BreadcrumbList\",\"@id\":\"https:\\\/\\\/comuna.pt\\\/pt-pt\\\/product\\\/kit-combo-fx3-run-and-gun-cinema\\\/#breadcrumb\",\"itemListElement\":[{\"@type\":\"ListItem\",\"position\":1,\"name\":\"Home\",\"item\":\"https:\\\/\\\/comuna.pt\\\/pt-pt\\\/\"},{\"@type\":\"ListItem\",\"position\":2,\"name\":\"Produtos\"},{\"@type\":\"ListItem\",\"position\":3,\"name\":\"Kits Combo\",\"item\":\"https:\\\/\\\/comuna.pt\\\/pt-pt\\\/Categoria\\\/kits-combo\\\/\"},{\"@type\":\"ListItem\",\"position\":4,\"name\":\"Kit Combo FX3 &#8220;Run-And-Gun Cinema&#8221;\"}]},{\"@type\":\"WebSite\",\"@id\":\"https:\\\/\\\/comuna.pt\\\/pt-pt\\\/#website\",\"url\":\"https:\\\/\\\/comuna.pt\\\/pt-pt\\\/\",\"name\":\"Comuna Rental House\",\"description\":\"Photo studios, Podcast &amp; Equipment Rental\",\"publisher\":{\"@id\":\"https:\\\/\\\/comuna.pt\\\/pt-pt\\\/#organization\"},\"alternateName\":\"Comuna Filmmaking Equipment Rental\",\"potentialAction\":[{\"@type\":\"SearchAction\",\"target\":{\"@type\":\"EntryPoint\",\"urlTemplate\":\"https:\\\/\\\/comuna.pt\\\/pt-pt\\\/?s={search_term_string}\"},\"query-input\":{\"@type\":\"PropertyValueSpecification\",\"valueRequired\":true,\"valueName\":\"search_term_string\"}}],\"inLanguage\":\"pt-PT\"},{\"@type\":\"Organization\",\"@id\":\"https:\\\/\\\/comuna.pt\\\/pt-pt\\\/#organization\",\"name\":\"Comuna Rental House\",\"url\":\"https:\\\/\\\/comuna.pt\\\/pt-pt\\\/\",\"logo\":{\"@type\":\"ImageObject\",\"inLanguage\":\"pt-PT\",\"@id\":\"https:\\\/\\\/comuna.pt\\\/pt-pt\\\/#\\\/schema\\\/logo\\\/image\\\/\",\"url\":\"https:\\\/\\\/comuna.pt\\\/wp-content\\\/uploads\\\/2024\\\/03\\\/comuna_logo_website.png\",\"contentUrl\":\"https:\\\/\\\/comuna.pt\\\/wp-content\\\/uploads\\\/2024\\\/03\\\/comuna_logo_website.png\",\"width\":2000,\"height\":262,\"caption\":\"Comuna Rental House\"},\"image\":{\"@id\":\"https:\\\/\\\/comuna.pt\\\/pt-pt\\\/#\\\/schema\\\/logo\\\/image\\\/\"},\"sameAs\":[\"http:\\\/\\\/facebook.com\\\/comuna.rental\",\"https:\\\/\\\/www.instagram.com\\\/comuna_rental\",\"https:\\\/\\\/www.linkedin.com\\\/company\\\/96410498\"]}]}<\/script>\n<meta property=\"product:price:amount\" content=\"170.00\" \/>\n<meta property=\"product:price:currency\" content=\"EUR\" \/>\n<meta property=\"og:availability\" content=\"instock\" \/>\n<meta property=\"product:availability\" content=\"instock\" \/>\n<meta property=\"product:condition\" content=\"new\" \/>\n<!-- \/ Yoast SEO Premium plugin. -->","yoast_head_json":{"title":"Kit Combo FX3 \"Run-And-Gun Cinema\" | Comuna Studios &amp; Equipment Rental","description":"Leve as suas produ\u00e7\u00f5es para o pr\u00f3ximo n\u00edvel com o Kit Combo Sony FX3. [cite_start]Tudo o que precisa para filmagens de alta qualidade num \u00fanico pacote completo. [cite: 6988]","robots":{"index":"index","follow":"follow","max-snippet":"max-snippet:-1","max-image-preview":"max-image-preview:large","max-video-preview":"max-video-preview:-1"},"canonical":"https:\/\/comuna.pt\/pt-pt\/product\/kit-combo-fx3-run-and-gun-cinema\/","og_locale":"pt_PT","og_type":"article","og_title":"Kit Combo FX3 \"Run-And-Gun Cinema\"","og_description":"Leve as suas produ\u00e7\u00f5es para o pr\u00f3ximo n\u00edvel com o Kit Combo Sony FX3. [cite_start]Tudo o que precisa para filmagens de alta qualidade num \u00fanico pacote completo. [cite: 6988]","og_url":"https:\/\/comuna.pt\/pt-pt\/product\/kit-combo-fx3-run-and-gun-cinema\/","og_site_name":"Comuna Studios &amp; Equipment Rental","article_publisher":"http:\/\/facebook.com\/comuna.rental","article_modified_time":"2026-01-31T13:35:46+00:00","og_image":[{"width":2560,"height":2560,"url":"https:\/\/comuna.pt\/wp-content\/uploads\/2024\/05\/RunGun-Cinema-Pack_-scaled.jpg","type":"image\/jpeg"}],"twitter_card":"summary_large_image","twitter_misc":{"pre\u00e7o":"&euro;170,00 + 23% VAT","Disponibilidade":"Em stock"},"schema":{"@context":"https:\/\/schema.org","@graph":[{"@type":["WebPage","ItemPage"],"@id":"https:\/\/comuna.pt\/pt-pt\/product\/kit-combo-fx3-run-and-gun-cinema\/","url":"https:\/\/comuna.pt\/pt-pt\/product\/kit-combo-fx3-run-and-gun-cinema\/","name":"Kit Combo FX3 \"Run-And-Gun Cinema\" | Comuna Studios &amp; Equipment Rental","isPartOf":{"@id":"https:\/\/comuna.pt\/pt-pt\/#website"},"primaryImageOfPage":{"@id":"https:\/\/comuna.pt\/pt-pt\/product\/kit-combo-fx3-run-and-gun-cinema\/#primaryimage"},"image":{"@id":"https:\/\/comuna.pt\/pt-pt\/product\/kit-combo-fx3-run-and-gun-cinema\/#primaryimage"},"thumbnailUrl":"https:\/\/comuna.pt\/wp-content\/uploads\/2024\/05\/RunGun-Cinema-Pack_-scaled.jpg","datePublished":"2024-05-23T17:31:17+00:00","dateModified":"2026-01-31T13:35:46+00:00","description":"Leve as suas produ\u00e7\u00f5es para o pr\u00f3ximo n\u00edvel com o Kit Combo Sony FX3. [cite_start]Tudo o que precisa para filmagens de alta qualidade num \u00fanico pacote completo. [cite: 6988]","breadcrumb":{"@id":"https:\/\/comuna.pt\/pt-pt\/product\/kit-combo-fx3-run-and-gun-cinema\/#breadcrumb"},"inLanguage":"pt-PT","potentialAction":[{"@type":"ReadAction","target":["https:\/\/comuna.pt\/pt-pt\/product\/kit-combo-fx3-run-and-gun-cinema\/"]}]},{"@type":"ImageObject","inLanguage":"pt-PT","@id":"https:\/\/comuna.pt\/pt-pt\/product\/kit-combo-fx3-run-and-gun-cinema\/#primaryimage","url":"https:\/\/comuna.pt\/wp-content\/uploads\/2024\/05\/RunGun-Cinema-Pack_-scaled.jpg","contentUrl":"https:\/\/comuna.pt\/wp-content\/uploads\/2024\/05\/RunGun-Cinema-Pack_-scaled.jpg","width":2560,"height":2560},{"@type":"BreadcrumbList","@id":"https:\/\/comuna.pt\/pt-pt\/product\/kit-combo-fx3-run-and-gun-cinema\/#breadcrumb","itemListElement":[{"@type":"ListItem","position":1,"name":"Home","item":"https:\/\/comuna.pt\/pt-pt\/"},{"@type":"ListItem","position":2,"name":"Produtos"},{"@type":"ListItem","position":3,"name":"Kits Combo","item":"https:\/\/comuna.pt\/pt-pt\/Categoria\/kits-combo\/"},{"@type":"ListItem","position":4,"name":"Kit Combo FX3 &#8220;Run-And-Gun Cinema&#8221;"}]},{"@type":"WebSite","@id":"https:\/\/comuna.pt\/pt-pt\/#website","url":"https:\/\/comuna.pt\/pt-pt\/","name":"Comuna Rental House","description":"Photo studios, Podcast &amp; Equipment Rental","publisher":{"@id":"https:\/\/comuna.pt\/pt-pt\/#organization"},"alternateName":"Comuna Filmmaking Equipment Rental","potentialAction":[{"@type":"SearchAction","target":{"@type":"EntryPoint","urlTemplate":"https:\/\/comuna.pt\/pt-pt\/?s={search_term_string}"},"query-input":{"@type":"PropertyValueSpecification","valueRequired":true,"valueName":"search_term_string"}}],"inLanguage":"pt-PT"},{"@type":"Organization","@id":"https:\/\/comuna.pt\/pt-pt\/#organization","name":"Comuna Rental House","url":"https:\/\/comuna.pt\/pt-pt\/","logo":{"@type":"ImageObject","inLanguage":"pt-PT","@id":"https:\/\/comuna.pt\/pt-pt\/#\/schema\/logo\/image\/","url":"https:\/\/comuna.pt\/wp-content\/uploads\/2024\/03\/comuna_logo_website.png","contentUrl":"https:\/\/comuna.pt\/wp-content\/uploads\/2024\/03\/comuna_logo_website.png","width":2000,"height":262,"caption":"Comuna Rental House"},"image":{"@id":"https:\/\/comuna.pt\/pt-pt\/#\/schema\/logo\/image\/"},"sameAs":["http:\/\/facebook.com\/comuna.rental","https:\/\/www.instagram.com\/comuna_rental","https:\/\/www.linkedin.com\/company\/96410498"]}]},"product_price_amount":"170.00","product_price_currency":"EUR","og_availability":"instock","product_availability":"instock","product_condition":"new"},"_links":{"self":[{"href":"https:\/\/comuna.pt\/pt-pt\/wp-json\/wp\/v2\/product\/18791","targetHints":{"allow":["GET"]}}],"collection":[{"href":"https:\/\/comuna.pt\/pt-pt\/wp-json\/wp\/v2\/product"}],"about":[{"href":"https:\/\/comuna.pt\/pt-pt\/wp-json\/wp\/v2\/types\/product"}],"version-history":[{"count":3,"href":"https:\/\/comuna.pt\/pt-pt\/wp-json\/wp\/v2\/product\/18791\/revisions"}],"predecessor-version":[{"id":19193,"href":"https:\/\/comuna.pt\/pt-pt\/wp-json\/wp\/v2\/product\/18791\/revisions\/19193"}],"wp:featuredmedia":[{"embeddable":true,"href":"https:\/\/comuna.pt\/pt-pt\/wp-json\/wp\/v2\/media\/18792"}],"wp:attachment":[{"href":"https:\/\/comuna.pt\/pt-pt\/wp-json\/wp\/v2\/media?parent=18791"}],"wp:term":[{"taxonomy":"product_brand","embeddable":true,"href":"https:\/\/comuna.pt\/pt-pt\/wp-json\/wp\/v2\/product_brand?post=18791"},{"taxonomy":"product_cat","embeddable":true,"href":"https:\/\/comuna.pt\/pt-pt\/wp-json\/wp\/v2\/product_cat?post=18791"},{"taxonomy":"product_tag","embeddable":true,"href":"https:\/\/comuna.pt\/pt-pt\/wp-json\/wp\/v2\/product_tag?post=18791"}],"curies":[{"name":"wp","href":"https:\/\/api.w.org\/{rel}","templated":true}]}}