{"id":18775,"date":"2024-06-04T12:04:36","date_gmt":"2024-06-04T11:04:36","guid":{"rendered":"https:\/\/comuna.pt\/product\/suporte-de-telemovel-dji-phone-holder\/"},"modified":"2026-01-31T13:35:45","modified_gmt":"2026-01-31T13:35:45","slug":"suporte-de-telemovel-dji-phone-holder","status":"publish","type":"product","link":"https:\/\/comuna.pt\/pt-pt\/product\/suporte-de-telemovel-dji-phone-holder\/","title":{"rendered":"Suporte de Telem\u00f3vel DJI"},"content":{"rendered":"<div class=\"booqable-product-button\" data-id=\"dji-phone-holder\"><\/div>\n<p>O <b>DJI R Phone Holder<\/b> permite fixar o seu smartphone a um gimbal DJI compat\u00edvel ou a trip\u00e9s e monop\u00e9s padr\u00e3o com parafuso de 1\/4&#8243;. [cite: 6935] [cite_start]Este suporte \u00e9 um acess\u00f3rio vers\u00e1til concebido para segurar o smartphone em gimbals como o RS 2, RSC 2, RS 3, RS 3 Pro e RS 3 Mini. [cite: 6935] [cite_start]\u00c9 particularmente \u00fatil para monitoriza\u00e7\u00e3o de imagem, utiliza\u00e7\u00e3o da funcionalidade ActiveTrack 3.0 e fun\u00e7\u00f5es Force Mobile. [cite: 6935] [cite_start]Uma das suas principais caracter\u00edsticas \u00e9 a capacidade de rodar o suporte entre as posi\u00e7\u00f5es horizontal e vertical. [cite: 6935] [cite_start]Al\u00e9m disso, est\u00e1 equipado com m\u00faltiplas op\u00e7\u00f5es de montagem, incluindo uma sapata fria (cold shoe), porta NATO e v\u00e1rios orif\u00edcios roscados de 1\/4&#8243;-20, permitindo que seja facilmente montado em trip\u00e9s e outros suportes. [cite: 6935]<\/p>\n","protected":false},"excerpt":{"rendered":"<p>O DJI R Phone Holder permite fixar o seu smartphone a um gimbal DJI compat\u00edvel ou a trip\u00e9s e monop\u00e9s padr\u00e3o com parafuso de 1\/4&#8243;. [cite: 6935] [cite_start]Este suporte \u00e9 um acess\u00f3rio vers\u00e1til concebido para segurar o smartphone em gimbals como o RS 2, RSC 2, RS 3, RS 3 Pro e RS 3 Mini. [&hellip;]<\/p>\n","protected":false},"featured_media":18779,"template":"","meta":[],"product_brand":[],"product_cat":[805862],"product_tag":[],"class_list":{"0":"post-18775","1":"product","2":"type-product","3":"status-publish","4":"has-post-thumbnail","6":"product_cat-acessorios-de-camara","8":"first","9":"instock","10":"taxable","11":"shipping-taxable","12":"purchasable","13":"product-type-simple"},"yoast_head":"<!-- This site is optimized with the Yoast SEO Premium plugin v27.4 (Yoast SEO v27.5) - https:\/\/yoast.com\/product\/yoast-seo-premium-wordpress\/ -->\n<title>Suporte de Telem\u00f3vel DJI | Comuna Studios &amp; Equipment Rental<\/title>\n<meta name=\"description\" content=\"Suporte de Telem\u00f3vel DJI para fixar o seu smartphone com seguran\u00e7a a gimbals DJI (RS 2, RSC 2, RS 3, Pro e Mini) ou trip\u00e9s padr\u00e3o. [cite_start]Alugue connosco. [cite: 6935]\" \/>\n<meta name=\"robots\" content=\"index, follow, max-snippet:-1, max-image-preview:large, max-video-preview:-1\" \/>\n<link rel=\"canonical\" href=\"https:\/\/comuna.pt\/pt-pt\/product\/suporte-de-telemovel-dji-phone-holder\/\" \/>\n<meta property=\"og:locale\" content=\"pt_PT\" \/>\n<meta property=\"og:type\" content=\"article\" \/>\n<meta property=\"og:title\" content=\"Suporte de Telem\u00f3vel DJI\" \/>\n<meta property=\"og:description\" content=\"Suporte de Telem\u00f3vel DJI para fixar o seu smartphone com seguran\u00e7a a gimbals DJI (RS 2, RSC 2, RS 3, Pro e Mini) ou trip\u00e9s padr\u00e3o. [cite_start]Alugue connosco. [cite: 6935]\" \/>\n<meta property=\"og:url\" content=\"https:\/\/comuna.pt\/pt-pt\/product\/suporte-de-telemovel-dji-phone-holder\/\" \/>\n<meta property=\"og:site_name\" content=\"Comuna Studios &amp; Equipment Rental\" \/>\n<meta property=\"article:publisher\" content=\"http:\/\/facebook.com\/comuna.rental\" \/>\n<meta property=\"article:modified_time\" content=\"2026-01-31T13:35:45+00:00\" \/>\n<meta property=\"og:image\" content=\"https:\/\/comuna.pt\/wp-content\/uploads\/2024\/06\/1604341011_IMG_1439874.jpg\" \/>\n\t<meta property=\"og:image:width\" content=\"500\" \/>\n\t<meta property=\"og:image:height\" content=\"500\" \/>\n\t<meta property=\"og:image:type\" content=\"image\/jpeg\" \/>\n<meta name=\"twitter:card\" content=\"summary_large_image\" \/>\n<meta name=\"twitter:label1\" content=\"pre\u00e7o\" \/>\n\t<meta name=\"twitter:data1\" content=\"&euro;3,00 + 23% VAT\" \/>\n\t<meta name=\"twitter:label2\" content=\"Disponibilidade\" \/>\n\t<meta name=\"twitter:data2\" content=\"Em stock\" \/>\n<script type=\"application\/ld+json\" class=\"yoast-schema-graph\">{\"@context\":\"https:\\\/\\\/schema.org\",\"@graph\":[{\"@type\":[\"WebPage\",\"ItemPage\"],\"@id\":\"https:\\\/\\\/comuna.pt\\\/pt-pt\\\/product\\\/suporte-de-telemovel-dji-phone-holder\\\/\",\"url\":\"https:\\\/\\\/comuna.pt\\\/pt-pt\\\/product\\\/suporte-de-telemovel-dji-phone-holder\\\/\",\"name\":\"Suporte de Telem\u00f3vel DJI | Comuna Studios &amp; Equipment Rental\",\"isPartOf\":{\"@id\":\"https:\\\/\\\/comuna.pt\\\/pt-pt\\\/#website\"},\"primaryImageOfPage\":{\"@id\":\"https:\\\/\\\/comuna.pt\\\/pt-pt\\\/product\\\/suporte-de-telemovel-dji-phone-holder\\\/#primaryimage\"},\"image\":{\"@id\":\"https:\\\/\\\/comuna.pt\\\/pt-pt\\\/product\\\/suporte-de-telemovel-dji-phone-holder\\\/#primaryimage\"},\"thumbnailUrl\":\"https:\\\/\\\/comuna.pt\\\/wp-content\\\/uploads\\\/2024\\\/06\\\/1604341011_IMG_1439874.jpg\",\"datePublished\":\"2024-06-04T11:04:36+00:00\",\"dateModified\":\"2026-01-31T13:35:45+00:00\",\"description\":\"Suporte de Telem\u00f3vel DJI para fixar o seu smartphone com seguran\u00e7a a gimbals DJI (RS 2, RSC 2, RS 3, Pro e Mini) ou trip\u00e9s padr\u00e3o. [cite_start]Alugue connosco. [cite: 6935]\",\"breadcrumb\":{\"@id\":\"https:\\\/\\\/comuna.pt\\\/pt-pt\\\/product\\\/suporte-de-telemovel-dji-phone-holder\\\/#breadcrumb\"},\"inLanguage\":\"pt-PT\",\"potentialAction\":[{\"@type\":\"ReadAction\",\"target\":[\"https:\\\/\\\/comuna.pt\\\/pt-pt\\\/product\\\/suporte-de-telemovel-dji-phone-holder\\\/\"]}]},{\"@type\":\"ImageObject\",\"inLanguage\":\"pt-PT\",\"@id\":\"https:\\\/\\\/comuna.pt\\\/pt-pt\\\/product\\\/suporte-de-telemovel-dji-phone-holder\\\/#primaryimage\",\"url\":\"https:\\\/\\\/comuna.pt\\\/wp-content\\\/uploads\\\/2024\\\/06\\\/1604341011_IMG_1439874.jpg\",\"contentUrl\":\"https:\\\/\\\/comuna.pt\\\/wp-content\\\/uploads\\\/2024\\\/06\\\/1604341011_IMG_1439874.jpg\",\"width\":500,\"height\":500},{\"@type\":\"BreadcrumbList\",\"@id\":\"https:\\\/\\\/comuna.pt\\\/pt-pt\\\/product\\\/suporte-de-telemovel-dji-phone-holder\\\/#breadcrumb\",\"itemListElement\":[{\"@type\":\"ListItem\",\"position\":1,\"name\":\"Home\",\"item\":\"https:\\\/\\\/comuna.pt\\\/pt-pt\\\/\"},{\"@type\":\"ListItem\",\"position\":2,\"name\":\"Produtos\"},{\"@type\":\"ListItem\",\"position\":3,\"name\":\"Acess\u00f3rios de C\u00e2mara\",\"item\":\"https:\\\/\\\/comuna.pt\\\/pt-pt\\\/Categoria\\\/acessorios-de-camara\\\/\"},{\"@type\":\"ListItem\",\"position\":4,\"name\":\"Suporte de Telem\u00f3vel DJI\"}]},{\"@type\":\"WebSite\",\"@id\":\"https:\\\/\\\/comuna.pt\\\/pt-pt\\\/#website\",\"url\":\"https:\\\/\\\/comuna.pt\\\/pt-pt\\\/\",\"name\":\"Comuna Rental House\",\"description\":\"Photo studios, Podcast &amp; Equipment Rental\",\"publisher\":{\"@id\":\"https:\\\/\\\/comuna.pt\\\/pt-pt\\\/#organization\"},\"alternateName\":\"Comuna Filmmaking Equipment Rental\",\"potentialAction\":[{\"@type\":\"SearchAction\",\"target\":{\"@type\":\"EntryPoint\",\"urlTemplate\":\"https:\\\/\\\/comuna.pt\\\/pt-pt\\\/?s={search_term_string}\"},\"query-input\":{\"@type\":\"PropertyValueSpecification\",\"valueRequired\":true,\"valueName\":\"search_term_string\"}}],\"inLanguage\":\"pt-PT\"},{\"@type\":\"Organization\",\"@id\":\"https:\\\/\\\/comuna.pt\\\/pt-pt\\\/#organization\",\"name\":\"Comuna Rental House\",\"url\":\"https:\\\/\\\/comuna.pt\\\/pt-pt\\\/\",\"logo\":{\"@type\":\"ImageObject\",\"inLanguage\":\"pt-PT\",\"@id\":\"https:\\\/\\\/comuna.pt\\\/pt-pt\\\/#\\\/schema\\\/logo\\\/image\\\/\",\"url\":\"https:\\\/\\\/comuna.pt\\\/wp-content\\\/uploads\\\/2024\\\/03\\\/comuna_logo_website.png\",\"contentUrl\":\"https:\\\/\\\/comuna.pt\\\/wp-content\\\/uploads\\\/2024\\\/03\\\/comuna_logo_website.png\",\"width\":2000,\"height\":262,\"caption\":\"Comuna Rental House\"},\"image\":{\"@id\":\"https:\\\/\\\/comuna.pt\\\/pt-pt\\\/#\\\/schema\\\/logo\\\/image\\\/\"},\"sameAs\":[\"http:\\\/\\\/facebook.com\\\/comuna.rental\",\"https:\\\/\\\/www.instagram.com\\\/comuna_rental\",\"https:\\\/\\\/www.linkedin.com\\\/company\\\/96410498\"]}]}<\/script>\n<meta property=\"product:price:amount\" content=\"3.00\" \/>\n<meta property=\"product:price:currency\" content=\"EUR\" \/>\n<meta property=\"og:availability\" content=\"instock\" \/>\n<meta property=\"product:availability\" content=\"instock\" \/>\n<meta property=\"product:condition\" content=\"new\" \/>\n<!-- \/ Yoast SEO Premium plugin. -->","yoast_head_json":{"title":"Suporte de Telem\u00f3vel DJI | Comuna Studios &amp; Equipment Rental","description":"Suporte de Telem\u00f3vel DJI para fixar o seu smartphone com seguran\u00e7a a gimbals DJI (RS 2, RSC 2, RS 3, Pro e Mini) ou trip\u00e9s padr\u00e3o. [cite_start]Alugue connosco. [cite: 6935]","robots":{"index":"index","follow":"follow","max-snippet":"max-snippet:-1","max-image-preview":"max-image-preview:large","max-video-preview":"max-video-preview:-1"},"canonical":"https:\/\/comuna.pt\/pt-pt\/product\/suporte-de-telemovel-dji-phone-holder\/","og_locale":"pt_PT","og_type":"article","og_title":"Suporte de Telem\u00f3vel DJI","og_description":"Suporte de Telem\u00f3vel DJI para fixar o seu smartphone com seguran\u00e7a a gimbals DJI (RS 2, RSC 2, RS 3, Pro e Mini) ou trip\u00e9s padr\u00e3o. [cite_start]Alugue connosco. [cite: 6935]","og_url":"https:\/\/comuna.pt\/pt-pt\/product\/suporte-de-telemovel-dji-phone-holder\/","og_site_name":"Comuna Studios &amp; Equipment Rental","article_publisher":"http:\/\/facebook.com\/comuna.rental","article_modified_time":"2026-01-31T13:35:45+00:00","og_image":[{"width":500,"height":500,"url":"https:\/\/comuna.pt\/wp-content\/uploads\/2024\/06\/1604341011_IMG_1439874.jpg","type":"image\/jpeg"}],"twitter_card":"summary_large_image","twitter_misc":{"pre\u00e7o":"&euro;3,00 + 23% VAT","Disponibilidade":"Em stock"},"schema":{"@context":"https:\/\/schema.org","@graph":[{"@type":["WebPage","ItemPage"],"@id":"https:\/\/comuna.pt\/pt-pt\/product\/suporte-de-telemovel-dji-phone-holder\/","url":"https:\/\/comuna.pt\/pt-pt\/product\/suporte-de-telemovel-dji-phone-holder\/","name":"Suporte de Telem\u00f3vel DJI | Comuna Studios &amp; Equipment Rental","isPartOf":{"@id":"https:\/\/comuna.pt\/pt-pt\/#website"},"primaryImageOfPage":{"@id":"https:\/\/comuna.pt\/pt-pt\/product\/suporte-de-telemovel-dji-phone-holder\/#primaryimage"},"image":{"@id":"https:\/\/comuna.pt\/pt-pt\/product\/suporte-de-telemovel-dji-phone-holder\/#primaryimage"},"thumbnailUrl":"https:\/\/comuna.pt\/wp-content\/uploads\/2024\/06\/1604341011_IMG_1439874.jpg","datePublished":"2024-06-04T11:04:36+00:00","dateModified":"2026-01-31T13:35:45+00:00","description":"Suporte de Telem\u00f3vel DJI para fixar o seu smartphone com seguran\u00e7a a gimbals DJI (RS 2, RSC 2, RS 3, Pro e Mini) ou trip\u00e9s padr\u00e3o. [cite_start]Alugue connosco. [cite: 6935]","breadcrumb":{"@id":"https:\/\/comuna.pt\/pt-pt\/product\/suporte-de-telemovel-dji-phone-holder\/#breadcrumb"},"inLanguage":"pt-PT","potentialAction":[{"@type":"ReadAction","target":["https:\/\/comuna.pt\/pt-pt\/product\/suporte-de-telemovel-dji-phone-holder\/"]}]},{"@type":"ImageObject","inLanguage":"pt-PT","@id":"https:\/\/comuna.pt\/pt-pt\/product\/suporte-de-telemovel-dji-phone-holder\/#primaryimage","url":"https:\/\/comuna.pt\/wp-content\/uploads\/2024\/06\/1604341011_IMG_1439874.jpg","contentUrl":"https:\/\/comuna.pt\/wp-content\/uploads\/2024\/06\/1604341011_IMG_1439874.jpg","width":500,"height":500},{"@type":"BreadcrumbList","@id":"https:\/\/comuna.pt\/pt-pt\/product\/suporte-de-telemovel-dji-phone-holder\/#breadcrumb","itemListElement":[{"@type":"ListItem","position":1,"name":"Home","item":"https:\/\/comuna.pt\/pt-pt\/"},{"@type":"ListItem","position":2,"name":"Produtos"},{"@type":"ListItem","position":3,"name":"Acess\u00f3rios de C\u00e2mara","item":"https:\/\/comuna.pt\/pt-pt\/Categoria\/acessorios-de-camara\/"},{"@type":"ListItem","position":4,"name":"Suporte de Telem\u00f3vel DJI"}]},{"@type":"WebSite","@id":"https:\/\/comuna.pt\/pt-pt\/#website","url":"https:\/\/comuna.pt\/pt-pt\/","name":"Comuna Rental House","description":"Photo studios, Podcast &amp; Equipment Rental","publisher":{"@id":"https:\/\/comuna.pt\/pt-pt\/#organization"},"alternateName":"Comuna Filmmaking Equipment Rental","potentialAction":[{"@type":"SearchAction","target":{"@type":"EntryPoint","urlTemplate":"https:\/\/comuna.pt\/pt-pt\/?s={search_term_string}"},"query-input":{"@type":"PropertyValueSpecification","valueRequired":true,"valueName":"search_term_string"}}],"inLanguage":"pt-PT"},{"@type":"Organization","@id":"https:\/\/comuna.pt\/pt-pt\/#organization","name":"Comuna Rental House","url":"https:\/\/comuna.pt\/pt-pt\/","logo":{"@type":"ImageObject","inLanguage":"pt-PT","@id":"https:\/\/comuna.pt\/pt-pt\/#\/schema\/logo\/image\/","url":"https:\/\/comuna.pt\/wp-content\/uploads\/2024\/03\/comuna_logo_website.png","contentUrl":"https:\/\/comuna.pt\/wp-content\/uploads\/2024\/03\/comuna_logo_website.png","width":2000,"height":262,"caption":"Comuna Rental House"},"image":{"@id":"https:\/\/comuna.pt\/pt-pt\/#\/schema\/logo\/image\/"},"sameAs":["http:\/\/facebook.com\/comuna.rental","https:\/\/www.instagram.com\/comuna_rental","https:\/\/www.linkedin.com\/company\/96410498"]}]},"product_price_amount":"3.00","product_price_currency":"EUR","og_availability":"instock","product_availability":"instock","product_condition":"new"},"_links":{"self":[{"href":"https:\/\/comuna.pt\/pt-pt\/wp-json\/wp\/v2\/product\/18775","targetHints":{"allow":["GET"]}}],"collection":[{"href":"https:\/\/comuna.pt\/pt-pt\/wp-json\/wp\/v2\/product"}],"about":[{"href":"https:\/\/comuna.pt\/pt-pt\/wp-json\/wp\/v2\/types\/product"}],"version-history":[{"count":3,"href":"https:\/\/comuna.pt\/pt-pt\/wp-json\/wp\/v2\/product\/18775\/revisions"}],"predecessor-version":[{"id":19188,"href":"https:\/\/comuna.pt\/pt-pt\/wp-json\/wp\/v2\/product\/18775\/revisions\/19188"}],"wp:featuredmedia":[{"embeddable":true,"href":"https:\/\/comuna.pt\/pt-pt\/wp-json\/wp\/v2\/media\/18779"}],"wp:attachment":[{"href":"https:\/\/comuna.pt\/pt-pt\/wp-json\/wp\/v2\/media?parent=18775"}],"wp:term":[{"taxonomy":"product_brand","embeddable":true,"href":"https:\/\/comuna.pt\/pt-pt\/wp-json\/wp\/v2\/product_brand?post=18775"},{"taxonomy":"product_cat","embeddable":true,"href":"https:\/\/comuna.pt\/pt-pt\/wp-json\/wp\/v2\/product_cat?post=18775"},{"taxonomy":"product_tag","embeddable":true,"href":"https:\/\/comuna.pt\/pt-pt\/wp-json\/wp\/v2\/product_tag?post=18775"}],"curies":[{"name":"wp","href":"https:\/\/api.w.org\/{rel}","templated":true}]}}