{"id":18767,"date":"2024-05-23T20:02:10","date_gmt":"2024-05-23T19:02:10","guid":{"rendered":"https:\/\/comuna.pt\/product\/kit-combo-de-microfone-rode-ntg4-just-boom\/"},"modified":"2026-01-31T13:35:45","modified_gmt":"2026-01-31T13:35:45","slug":"kit-combo-de-microfone-rode-ntg4-just-boom","status":"publish","type":"product","link":"https:\/\/comuna.pt\/pt-pt\/product\/kit-combo-de-microfone-rode-ntg4-just-boom\/","title":{"rendered":"Kit Combo de Microfone Rode NTG4 &#8220;Just Boom&#8221;"},"content":{"rendered":"<div class=\"flex flex-grow flex-col max-w-full\">\n<div class=\"min-h-[20px] text-message flex flex-col items-start whitespace-pre-wrap break-words [.text-message+&amp;]:mt-5 juice:w-full juice:items-end overflow-x-auto gap-2\" dir=\"auto\" data-message-author-role=\"assistant\" data-message-id=\"d485a7f4-57b4-4b42-84fb-f80d2ccf3394\">\n<div class=\"flex w-full flex-col gap-1 juice:empty:hidden juice:first:pt-[3px]\">\n<div class=\"markdown prose w-full break-words dark:prose-invert dark\">\n<div class=\"booqable-product-button\" data-id=\"run-n-gun-kit\"><\/div>\n<p>Microfone shotgun Rode NTG4+, vara de boom Rode, RODE Blimp Windshield, cabo XLR de 10m e suporte de vara. Ideal para cineastas e criadores de conte\u00fado, este kit garante grava\u00e7\u00e3o de som n\u00edtida em qualquer ambiente. <\/p>\n<h4>Inclu\u00eddo no Kit:<\/h4>\n<ul>\n<li><strong>Microfone Shotgun Rode NTG4+<\/strong>: Microfone de qualidade broadcast com bateria recarreg\u00e1vel integrada que oferece at\u00e9 150 horas de opera\u00e7\u00e3o.<\/li>\n<li><strong>Rode Boompole<\/strong>: Vara de boom leve e extens\u00edvel com design ergon\u00f3mico para filmagens longas.<\/li>\n<li><strong>RODE Blimp Windshield<\/strong>: Prote\u00e7\u00e3o superior contra o vento e suspens\u00e3o el\u00e1stica (shock mount) para isolar vibra\u00e7\u00f5es.<\/li>\n<li><strong>Cabo XLR (10m)<\/strong>: Cabo de alta qualidade para uma liga\u00e7\u00e3o fi\u00e1vel e sem interfer\u00eancias.<\/li>\n<li><strong>Suporte de Vara de Boom<\/strong>: Permite opera\u00e7\u00e3o m\u00e3os-livres e estabilidade no posicionamento do microfone.<\/li>\n<\/ul>\n<h4>Porqu\u00ea escolher o Kit Combo de Microfone Rode NTG4 &#8220;JUST BOOM&#8221;?<\/h4>\n<p>Este kit \u00e9 talhado para profissionais que necessitam de captar \u00e1udio direcional cristalino em entrevistas ou produ\u00e7\u00f5es cinematogr\u00e1ficas. Alugue este kit hoje e eleve a sua capta\u00e7\u00e3o sonora para um n\u00edvel profissional.<\/p>\n","protected":false},"excerpt":{"rendered":"<p>Microfone shotgun Rode NTG4+, vara de boom Rode, RODE Blimp Windshield, cabo XLR de 10m e suporte de vara. Ideal para cineastas e criadores de conte\u00fado, este kit garante grava\u00e7\u00e3o de som n\u00edtida em qualquer ambiente. Inclu\u00eddo no Kit: Microfone Shotgun Rode NTG4+: Microfone de qualidade broadcast com bateria recarreg\u00e1vel integrada que oferece at\u00e9 150 [&hellip;]<\/p>\n","protected":false},"featured_media":18768,"template":"","meta":[],"product_brand":[],"product_cat":[805865],"product_tag":[],"class_list":{"0":"post-18767","1":"product","2":"type-product","3":"status-publish","4":"has-post-thumbnail","6":"product_cat-kits-combo","8":"first","9":"instock","10":"sale","11":"taxable","12":"shipping-taxable","13":"purchasable","14":"product-type-simple"},"yoast_head":"<!-- This site is optimized with the Yoast SEO Premium plugin v27.3 (Yoast SEO v27.3) - https:\/\/yoast.com\/product\/yoast-seo-premium-wordpress\/ -->\n<title>Kit Combo de Microfone Rode NTG4 &quot;Just Boom&quot; | Comuna Studios &amp; Equipment Rental<\/title>\n<meta name=\"description\" content=\"Capte \u00e1udio de n\u00edvel profissional com facilidade usando o Kit Combo de Microfone Rode NTG4. Perfeito para cineastas e engenheiros de \u00e1udio.\" \/>\n<meta name=\"robots\" content=\"index, follow, max-snippet:-1, max-image-preview:large, max-video-preview:-1\" \/>\n<link rel=\"canonical\" href=\"https:\/\/comuna.pt\/pt-pt\/product\/kit-combo-de-microfone-rode-ntg4-just-boom\/\" \/>\n<meta property=\"og:locale\" content=\"pt_PT\" \/>\n<meta property=\"og:type\" content=\"article\" \/>\n<meta property=\"og:title\" content=\"Kit Combo de Microfone Rode NTG4 &quot;Just Boom&quot;\" \/>\n<meta property=\"og:description\" content=\"Capte \u00e1udio de n\u00edvel profissional com facilidade usando o Kit Combo de Microfone Rode NTG4. Perfeito para cineastas e engenheiros de \u00e1udio.\" \/>\n<meta property=\"og:url\" content=\"https:\/\/comuna.pt\/pt-pt\/product\/kit-combo-de-microfone-rode-ntg4-just-boom\/\" \/>\n<meta property=\"og:site_name\" content=\"Comuna Studios &amp; Equipment Rental\" \/>\n<meta property=\"article:publisher\" content=\"http:\/\/facebook.com\/comuna.rental\" \/>\n<meta property=\"article:modified_time\" content=\"2026-01-31T13:35:45+00:00\" \/>\n<meta property=\"og:image\" content=\"https:\/\/comuna.pt\/wp-content\/uploads\/2024\/05\/1427803860_885688-2.jpg\" \/>\n\t<meta property=\"og:image:width\" content=\"1500\" \/>\n\t<meta property=\"og:image:height\" content=\"1500\" \/>\n\t<meta property=\"og:image:type\" content=\"image\/jpeg\" \/>\n<meta name=\"twitter:card\" content=\"summary_large_image\" \/>\n<meta name=\"twitter:label1\" content=\"pre\u00e7o\" \/>\n\t<meta name=\"twitter:data1\" content=\"&euro;50,00 + 23% VAT\" \/>\n\t<meta name=\"twitter:label2\" content=\"Disponibilidade\" \/>\n\t<meta name=\"twitter:data2\" content=\"Em stock\" \/>\n<script type=\"application\/ld+json\" class=\"yoast-schema-graph\">{\"@context\":\"https:\\\/\\\/schema.org\",\"@graph\":[{\"@type\":[\"WebPage\",\"ItemPage\"],\"@id\":\"https:\\\/\\\/comuna.pt\\\/pt-pt\\\/product\\\/kit-combo-de-microfone-rode-ntg4-just-boom\\\/\",\"url\":\"https:\\\/\\\/comuna.pt\\\/pt-pt\\\/product\\\/kit-combo-de-microfone-rode-ntg4-just-boom\\\/\",\"name\":\"Kit Combo de Microfone Rode NTG4 \\\"Just Boom\\\" | Comuna Studios &amp; Equipment Rental\",\"isPartOf\":{\"@id\":\"https:\\\/\\\/comuna.pt\\\/pt-pt\\\/#website\"},\"primaryImageOfPage\":{\"@id\":\"https:\\\/\\\/comuna.pt\\\/pt-pt\\\/product\\\/kit-combo-de-microfone-rode-ntg4-just-boom\\\/#primaryimage\"},\"image\":{\"@id\":\"https:\\\/\\\/comuna.pt\\\/pt-pt\\\/product\\\/kit-combo-de-microfone-rode-ntg4-just-boom\\\/#primaryimage\"},\"thumbnailUrl\":\"https:\\\/\\\/comuna.pt\\\/wp-content\\\/uploads\\\/2024\\\/05\\\/1427803860_885688-2.jpg\",\"datePublished\":\"2024-05-23T19:02:10+00:00\",\"dateModified\":\"2026-01-31T13:35:45+00:00\",\"description\":\"Capte \u00e1udio de n\u00edvel profissional com facilidade usando o Kit Combo de Microfone Rode NTG4. Perfeito para cineastas e engenheiros de \u00e1udio.\",\"breadcrumb\":{\"@id\":\"https:\\\/\\\/comuna.pt\\\/pt-pt\\\/product\\\/kit-combo-de-microfone-rode-ntg4-just-boom\\\/#breadcrumb\"},\"inLanguage\":\"pt-PT\",\"potentialAction\":[{\"@type\":\"ReadAction\",\"target\":[\"https:\\\/\\\/comuna.pt\\\/pt-pt\\\/product\\\/kit-combo-de-microfone-rode-ntg4-just-boom\\\/\"]}]},{\"@type\":\"ImageObject\",\"inLanguage\":\"pt-PT\",\"@id\":\"https:\\\/\\\/comuna.pt\\\/pt-pt\\\/product\\\/kit-combo-de-microfone-rode-ntg4-just-boom\\\/#primaryimage\",\"url\":\"https:\\\/\\\/comuna.pt\\\/wp-content\\\/uploads\\\/2024\\\/05\\\/1427803860_885688-2.jpg\",\"contentUrl\":\"https:\\\/\\\/comuna.pt\\\/wp-content\\\/uploads\\\/2024\\\/05\\\/1427803860_885688-2.jpg\",\"width\":1500,\"height\":1500},{\"@type\":\"BreadcrumbList\",\"@id\":\"https:\\\/\\\/comuna.pt\\\/pt-pt\\\/product\\\/kit-combo-de-microfone-rode-ntg4-just-boom\\\/#breadcrumb\",\"itemListElement\":[{\"@type\":\"ListItem\",\"position\":1,\"name\":\"Home\",\"item\":\"https:\\\/\\\/comuna.pt\\\/pt-pt\\\/\"},{\"@type\":\"ListItem\",\"position\":2,\"name\":\"Produtos\"},{\"@type\":\"ListItem\",\"position\":3,\"name\":\"Kits Combo\",\"item\":\"https:\\\/\\\/comuna.pt\\\/pt-pt\\\/Categoria\\\/kits-combo\\\/\"},{\"@type\":\"ListItem\",\"position\":4,\"name\":\"Kit Combo de Microfone Rode NTG4 &#8220;Just Boom&#8221;\"}]},{\"@type\":\"WebSite\",\"@id\":\"https:\\\/\\\/comuna.pt\\\/pt-pt\\\/#website\",\"url\":\"https:\\\/\\\/comuna.pt\\\/pt-pt\\\/\",\"name\":\"Comuna Rental House\",\"description\":\"Photo studios, Podcast &amp; Equipment Rental\",\"publisher\":{\"@id\":\"https:\\\/\\\/comuna.pt\\\/pt-pt\\\/#organization\"},\"alternateName\":\"Comuna Filmmaking Equipment Rental\",\"potentialAction\":[{\"@type\":\"SearchAction\",\"target\":{\"@type\":\"EntryPoint\",\"urlTemplate\":\"https:\\\/\\\/comuna.pt\\\/pt-pt\\\/?s={search_term_string}\"},\"query-input\":{\"@type\":\"PropertyValueSpecification\",\"valueRequired\":true,\"valueName\":\"search_term_string\"}}],\"inLanguage\":\"pt-PT\"},{\"@type\":\"Organization\",\"@id\":\"https:\\\/\\\/comuna.pt\\\/pt-pt\\\/#organization\",\"name\":\"Comuna Rental House\",\"url\":\"https:\\\/\\\/comuna.pt\\\/pt-pt\\\/\",\"logo\":{\"@type\":\"ImageObject\",\"inLanguage\":\"pt-PT\",\"@id\":\"https:\\\/\\\/comuna.pt\\\/pt-pt\\\/#\\\/schema\\\/logo\\\/image\\\/\",\"url\":\"https:\\\/\\\/comuna.pt\\\/wp-content\\\/uploads\\\/2024\\\/03\\\/comuna_logo_website.png\",\"contentUrl\":\"https:\\\/\\\/comuna.pt\\\/wp-content\\\/uploads\\\/2024\\\/03\\\/comuna_logo_website.png\",\"width\":2000,\"height\":262,\"caption\":\"Comuna Rental House\"},\"image\":{\"@id\":\"https:\\\/\\\/comuna.pt\\\/pt-pt\\\/#\\\/schema\\\/logo\\\/image\\\/\"},\"sameAs\":[\"http:\\\/\\\/facebook.com\\\/comuna.rental\",\"https:\\\/\\\/www.instagram.com\\\/comuna_rental\",\"https:\\\/\\\/www.linkedin.com\\\/company\\\/96410498\"]}]}<\/script>\n<meta property=\"product:price:amount\" content=\"50.00\" \/>\n<meta property=\"product:price:currency\" content=\"EUR\" \/>\n<meta property=\"og:availability\" content=\"instock\" \/>\n<meta property=\"product:availability\" content=\"instock\" \/>\n<meta property=\"product:condition\" content=\"new\" \/>\n<!-- \/ Yoast SEO Premium plugin. -->","yoast_head_json":{"title":"Kit Combo de Microfone Rode NTG4 \"Just Boom\" | Comuna Studios &amp; Equipment Rental","description":"Capte \u00e1udio de n\u00edvel profissional com facilidade usando o Kit Combo de Microfone Rode NTG4. Perfeito para cineastas e engenheiros de \u00e1udio.","robots":{"index":"index","follow":"follow","max-snippet":"max-snippet:-1","max-image-preview":"max-image-preview:large","max-video-preview":"max-video-preview:-1"},"canonical":"https:\/\/comuna.pt\/pt-pt\/product\/kit-combo-de-microfone-rode-ntg4-just-boom\/","og_locale":"pt_PT","og_type":"article","og_title":"Kit Combo de Microfone Rode NTG4 \"Just Boom\"","og_description":"Capte \u00e1udio de n\u00edvel profissional com facilidade usando o Kit Combo de Microfone Rode NTG4. Perfeito para cineastas e engenheiros de \u00e1udio.","og_url":"https:\/\/comuna.pt\/pt-pt\/product\/kit-combo-de-microfone-rode-ntg4-just-boom\/","og_site_name":"Comuna Studios &amp; Equipment Rental","article_publisher":"http:\/\/facebook.com\/comuna.rental","article_modified_time":"2026-01-31T13:35:45+00:00","og_image":[{"width":1500,"height":1500,"url":"https:\/\/comuna.pt\/wp-content\/uploads\/2024\/05\/1427803860_885688-2.jpg","type":"image\/jpeg"}],"twitter_card":"summary_large_image","twitter_misc":{"pre\u00e7o":"&euro;50,00 + 23% VAT","Disponibilidade":"Em stock"},"schema":{"@context":"https:\/\/schema.org","@graph":[{"@type":["WebPage","ItemPage"],"@id":"https:\/\/comuna.pt\/pt-pt\/product\/kit-combo-de-microfone-rode-ntg4-just-boom\/","url":"https:\/\/comuna.pt\/pt-pt\/product\/kit-combo-de-microfone-rode-ntg4-just-boom\/","name":"Kit Combo de Microfone Rode NTG4 \"Just Boom\" | Comuna Studios &amp; Equipment Rental","isPartOf":{"@id":"https:\/\/comuna.pt\/pt-pt\/#website"},"primaryImageOfPage":{"@id":"https:\/\/comuna.pt\/pt-pt\/product\/kit-combo-de-microfone-rode-ntg4-just-boom\/#primaryimage"},"image":{"@id":"https:\/\/comuna.pt\/pt-pt\/product\/kit-combo-de-microfone-rode-ntg4-just-boom\/#primaryimage"},"thumbnailUrl":"https:\/\/comuna.pt\/wp-content\/uploads\/2024\/05\/1427803860_885688-2.jpg","datePublished":"2024-05-23T19:02:10+00:00","dateModified":"2026-01-31T13:35:45+00:00","description":"Capte \u00e1udio de n\u00edvel profissional com facilidade usando o Kit Combo de Microfone Rode NTG4. Perfeito para cineastas e engenheiros de \u00e1udio.","breadcrumb":{"@id":"https:\/\/comuna.pt\/pt-pt\/product\/kit-combo-de-microfone-rode-ntg4-just-boom\/#breadcrumb"},"inLanguage":"pt-PT","potentialAction":[{"@type":"ReadAction","target":["https:\/\/comuna.pt\/pt-pt\/product\/kit-combo-de-microfone-rode-ntg4-just-boom\/"]}]},{"@type":"ImageObject","inLanguage":"pt-PT","@id":"https:\/\/comuna.pt\/pt-pt\/product\/kit-combo-de-microfone-rode-ntg4-just-boom\/#primaryimage","url":"https:\/\/comuna.pt\/wp-content\/uploads\/2024\/05\/1427803860_885688-2.jpg","contentUrl":"https:\/\/comuna.pt\/wp-content\/uploads\/2024\/05\/1427803860_885688-2.jpg","width":1500,"height":1500},{"@type":"BreadcrumbList","@id":"https:\/\/comuna.pt\/pt-pt\/product\/kit-combo-de-microfone-rode-ntg4-just-boom\/#breadcrumb","itemListElement":[{"@type":"ListItem","position":1,"name":"Home","item":"https:\/\/comuna.pt\/pt-pt\/"},{"@type":"ListItem","position":2,"name":"Produtos"},{"@type":"ListItem","position":3,"name":"Kits Combo","item":"https:\/\/comuna.pt\/pt-pt\/Categoria\/kits-combo\/"},{"@type":"ListItem","position":4,"name":"Kit Combo de Microfone Rode NTG4 &#8220;Just Boom&#8221;"}]},{"@type":"WebSite","@id":"https:\/\/comuna.pt\/pt-pt\/#website","url":"https:\/\/comuna.pt\/pt-pt\/","name":"Comuna Rental House","description":"Photo studios, Podcast &amp; Equipment Rental","publisher":{"@id":"https:\/\/comuna.pt\/pt-pt\/#organization"},"alternateName":"Comuna Filmmaking Equipment Rental","potentialAction":[{"@type":"SearchAction","target":{"@type":"EntryPoint","urlTemplate":"https:\/\/comuna.pt\/pt-pt\/?s={search_term_string}"},"query-input":{"@type":"PropertyValueSpecification","valueRequired":true,"valueName":"search_term_string"}}],"inLanguage":"pt-PT"},{"@type":"Organization","@id":"https:\/\/comuna.pt\/pt-pt\/#organization","name":"Comuna Rental House","url":"https:\/\/comuna.pt\/pt-pt\/","logo":{"@type":"ImageObject","inLanguage":"pt-PT","@id":"https:\/\/comuna.pt\/pt-pt\/#\/schema\/logo\/image\/","url":"https:\/\/comuna.pt\/wp-content\/uploads\/2024\/03\/comuna_logo_website.png","contentUrl":"https:\/\/comuna.pt\/wp-content\/uploads\/2024\/03\/comuna_logo_website.png","width":2000,"height":262,"caption":"Comuna Rental House"},"image":{"@id":"https:\/\/comuna.pt\/pt-pt\/#\/schema\/logo\/image\/"},"sameAs":["http:\/\/facebook.com\/comuna.rental","https:\/\/www.instagram.com\/comuna_rental","https:\/\/www.linkedin.com\/company\/96410498"]}]},"product_price_amount":"50.00","product_price_currency":"EUR","og_availability":"instock","product_availability":"instock","product_condition":"new"},"_links":{"self":[{"href":"https:\/\/comuna.pt\/pt-pt\/wp-json\/wp\/v2\/product\/18767","targetHints":{"allow":["GET"]}}],"collection":[{"href":"https:\/\/comuna.pt\/pt-pt\/wp-json\/wp\/v2\/product"}],"about":[{"href":"https:\/\/comuna.pt\/pt-pt\/wp-json\/wp\/v2\/types\/product"}],"version-history":[{"count":3,"href":"https:\/\/comuna.pt\/pt-pt\/wp-json\/wp\/v2\/product\/18767\/revisions"}],"predecessor-version":[{"id":19184,"href":"https:\/\/comuna.pt\/pt-pt\/wp-json\/wp\/v2\/product\/18767\/revisions\/19184"}],"wp:featuredmedia":[{"embeddable":true,"href":"https:\/\/comuna.pt\/pt-pt\/wp-json\/wp\/v2\/media\/18768"}],"wp:attachment":[{"href":"https:\/\/comuna.pt\/pt-pt\/wp-json\/wp\/v2\/media?parent=18767"}],"wp:term":[{"taxonomy":"product_brand","embeddable":true,"href":"https:\/\/comuna.pt\/pt-pt\/wp-json\/wp\/v2\/product_brand?post=18767"},{"taxonomy":"product_cat","embeddable":true,"href":"https:\/\/comuna.pt\/pt-pt\/wp-json\/wp\/v2\/product_cat?post=18767"},{"taxonomy":"product_tag","embeddable":true,"href":"https:\/\/comuna.pt\/pt-pt\/wp-json\/wp\/v2\/product_tag?post=18767"}],"curies":[{"name":"wp","href":"https:\/\/api.w.org\/{rel}","templated":true}]}}