{"id":18731,"date":"2024-06-18T14:15:29","date_gmt":"2024-06-18T13:15:29","guid":{"rendered":"https:\/\/comuna.pt\/product\/canon-rf-100-300mm-f-2-8-l-is-usm\/"},"modified":"2026-01-31T13:25:56","modified_gmt":"2026-01-31T13:25:56","slug":"canon-rf-100-300mm-f-2-8-l-is-usm","status":"publish","type":"product","link":"https:\/\/comuna.pt\/pt-pt\/product\/canon-rf-100-300mm-f-2-8-l-is-usm\/","title":{"rendered":"Canon RF 100-300mm f\/2.8 L IS USM"},"content":{"rendered":"<div class=\"booqable-product-button\" data-id=\"canon-rf-100-300mm-f-2-8-l-is-usm-lens-canon-rf\"><\/div>\n<p>Uma objetiva zoom teleobjetiva de n\u00edvel profissional que oferece uma qualidade de imagem excelente, AF r\u00e1pido e constru\u00e7\u00e3o robusta, ideal para fotografia de desporto, vida selvagem e eventos. A Canon RF 100-300mm f\/2.8 L IS USM \u00e9 uma objetiva de alto desempenho concebida para fot\u00f3grafos e vide\u00f3grafos profissionais. Como parte da prestigiada s\u00e9rie L da Canon, garante imagens excecionais. Com uma abertura m\u00e1xima constante de f\/2.8 em toda a gama de zoom, destaca-se em condi\u00e7\u00f5es de pouca luz e oferece um controlo extraordin\u00e1rio da profundidade de campo. O design \u00f3tico inclui vidro de Dispers\u00e3o Ultra-baixa (UD) para minimizar aberra\u00e7\u00f5es crom\u00e1ticas e garantir cores precisas. Est\u00e1 equipada com o sistema IS avan\u00e7ado da Canon, oferecendo at\u00e9 5,5 stops de estabiliza\u00e7\u00e3o, eficaz para fotografia e v\u00eddeo. A focagem \u00e9 movida pela tecnologia USM (Motor Ultrass\u00f3nico), proporcionando um AF r\u00e1pido e silencioso. Inclui bot\u00f5es de bloqueio de focagem personaliz\u00e1veis e substitui\u00e7\u00e3o manual permanente. Constru\u00edda para resistir ao uso intensivo, possui selagem contra intemp\u00e9ries e revestimento de fl\u00faor.<\/p>\n","protected":false},"excerpt":{"rendered":"<p>Uma objetiva zoom teleobjetiva de n\u00edvel profissional que oferece uma qualidade de imagem excelente, AF r\u00e1pido e constru\u00e7\u00e3o robusta, ideal para fotografia de desporto, vida selvagem e eventos. A Canon RF 100-300mm f\/2.8 L IS USM \u00e9 uma objetiva de alto desempenho concebida para fot\u00f3grafos e vide\u00f3grafos profissionais. Como parte da prestigiada s\u00e9rie L da [&hellip;]<\/p>\n","protected":false},"featured_media":18732,"template":"","meta":[],"product_brand":[],"product_cat":[805879],"product_tag":[],"class_list":{"0":"post-18731","1":"product","2":"type-product","3":"status-publish","4":"has-post-thumbnail","6":"product_cat-objetivas","8":"first","9":"instock","10":"taxable","11":"shipping-taxable","12":"purchasable","13":"product-type-simple"},"yoast_head":"<!-- This site is optimized with the Yoast SEO Premium plugin v27.3 (Yoast SEO v27.3) - https:\/\/yoast.com\/product\/yoast-seo-premium-wordpress\/ -->\n<title>Canon RF 100-300mm f\/2.8 L IS USM | Comuna Studios &amp; Equipment Rental<\/title>\n<meta name=\"description\" content=\"Alugue a Canon RF 100-300mm em Lisboa. Dispomos do melhor equipamento de foto e v\u00eddeo: c\u00e2maras, objetivas, luz e som. Reserve j\u00e1 online!\" \/>\n<meta name=\"robots\" content=\"index, follow, max-snippet:-1, max-image-preview:large, max-video-preview:-1\" \/>\n<link rel=\"canonical\" href=\"https:\/\/comuna.pt\/pt-pt\/product\/canon-rf-100-300mm-f-2-8-l-is-usm\/\" \/>\n<meta property=\"og:locale\" content=\"pt_PT\" \/>\n<meta property=\"og:type\" content=\"article\" \/>\n<meta property=\"og:title\" content=\"Canon RF 100-300mm f\/2.8 L IS USM\" \/>\n<meta property=\"og:description\" content=\"Alugue a Canon RF 100-300mm em Lisboa. Dispomos do melhor equipamento de foto e v\u00eddeo: c\u00e2maras, objetivas, luz e som. Reserve j\u00e1 online!\" \/>\n<meta property=\"og:url\" content=\"https:\/\/comuna.pt\/pt-pt\/product\/canon-rf-100-300mm-f-2-8-l-is-usm\/\" \/>\n<meta property=\"og:site_name\" content=\"Comuna Studios &amp; Equipment Rental\" \/>\n<meta property=\"article:publisher\" content=\"http:\/\/facebook.com\/comuna.rental\" \/>\n<meta property=\"article:modified_time\" content=\"2026-01-31T13:25:56+00:00\" \/>\n<meta property=\"og:image\" content=\"https:\/\/comuna.pt\/wp-content\/uploads\/2024\/06\/1681947976_IMG_1976158.jpg\" \/>\n\t<meta property=\"og:image:width\" content=\"500\" \/>\n\t<meta property=\"og:image:height\" content=\"500\" \/>\n\t<meta property=\"og:image:type\" content=\"image\/jpeg\" \/>\n<meta name=\"twitter:card\" content=\"summary_large_image\" \/>\n<meta name=\"twitter:label1\" content=\"pre\u00e7o\" \/>\n\t<meta name=\"twitter:data1\" content=\"&euro;450,00 + 23% VAT\" \/>\n\t<meta name=\"twitter:label2\" content=\"Disponibilidade\" \/>\n\t<meta name=\"twitter:data2\" content=\"Em stock\" \/>\n<script type=\"application\/ld+json\" class=\"yoast-schema-graph\">{\"@context\":\"https:\\\/\\\/schema.org\",\"@graph\":[{\"@type\":[\"WebPage\",\"ItemPage\"],\"@id\":\"https:\\\/\\\/comuna.pt\\\/pt-pt\\\/product\\\/canon-rf-100-300mm-f-2-8-l-is-usm\\\/\",\"url\":\"https:\\\/\\\/comuna.pt\\\/pt-pt\\\/product\\\/canon-rf-100-300mm-f-2-8-l-is-usm\\\/\",\"name\":\"Canon RF 100-300mm f\\\/2.8 L IS USM | Comuna Studios &amp; Equipment Rental\",\"isPartOf\":{\"@id\":\"https:\\\/\\\/comuna.pt\\\/pt-pt\\\/#website\"},\"primaryImageOfPage\":{\"@id\":\"https:\\\/\\\/comuna.pt\\\/pt-pt\\\/product\\\/canon-rf-100-300mm-f-2-8-l-is-usm\\\/#primaryimage\"},\"image\":{\"@id\":\"https:\\\/\\\/comuna.pt\\\/pt-pt\\\/product\\\/canon-rf-100-300mm-f-2-8-l-is-usm\\\/#primaryimage\"},\"thumbnailUrl\":\"https:\\\/\\\/comuna.pt\\\/wp-content\\\/uploads\\\/2024\\\/06\\\/1681947976_IMG_1976158.jpg\",\"datePublished\":\"2024-06-18T13:15:29+00:00\",\"dateModified\":\"2026-01-31T13:25:56+00:00\",\"description\":\"Alugue a Canon RF 100-300mm em Lisboa. Dispomos do melhor equipamento de foto e v\u00eddeo: c\u00e2maras, objetivas, luz e som. Reserve j\u00e1 online!\",\"breadcrumb\":{\"@id\":\"https:\\\/\\\/comuna.pt\\\/pt-pt\\\/product\\\/canon-rf-100-300mm-f-2-8-l-is-usm\\\/#breadcrumb\"},\"inLanguage\":\"pt-PT\",\"potentialAction\":[{\"@type\":\"ReadAction\",\"target\":[\"https:\\\/\\\/comuna.pt\\\/pt-pt\\\/product\\\/canon-rf-100-300mm-f-2-8-l-is-usm\\\/\"]}]},{\"@type\":\"ImageObject\",\"inLanguage\":\"pt-PT\",\"@id\":\"https:\\\/\\\/comuna.pt\\\/pt-pt\\\/product\\\/canon-rf-100-300mm-f-2-8-l-is-usm\\\/#primaryimage\",\"url\":\"https:\\\/\\\/comuna.pt\\\/wp-content\\\/uploads\\\/2024\\\/06\\\/1681947976_IMG_1976158.jpg\",\"contentUrl\":\"https:\\\/\\\/comuna.pt\\\/wp-content\\\/uploads\\\/2024\\\/06\\\/1681947976_IMG_1976158.jpg\",\"width\":500,\"height\":500},{\"@type\":\"BreadcrumbList\",\"@id\":\"https:\\\/\\\/comuna.pt\\\/pt-pt\\\/product\\\/canon-rf-100-300mm-f-2-8-l-is-usm\\\/#breadcrumb\",\"itemListElement\":[{\"@type\":\"ListItem\",\"position\":1,\"name\":\"Home\",\"item\":\"https:\\\/\\\/comuna.pt\\\/pt-pt\\\/\"},{\"@type\":\"ListItem\",\"position\":2,\"name\":\"Produtos\"},{\"@type\":\"ListItem\",\"position\":3,\"name\":\"Canon RF 100-300mm f\\\/2.8 L IS USM\"}]},{\"@type\":\"WebSite\",\"@id\":\"https:\\\/\\\/comuna.pt\\\/pt-pt\\\/#website\",\"url\":\"https:\\\/\\\/comuna.pt\\\/pt-pt\\\/\",\"name\":\"Comuna Rental House\",\"description\":\"Photo studios, Podcast &amp; Equipment Rental\",\"publisher\":{\"@id\":\"https:\\\/\\\/comuna.pt\\\/pt-pt\\\/#organization\"},\"alternateName\":\"Comuna Filmmaking Equipment Rental\",\"potentialAction\":[{\"@type\":\"SearchAction\",\"target\":{\"@type\":\"EntryPoint\",\"urlTemplate\":\"https:\\\/\\\/comuna.pt\\\/pt-pt\\\/?s={search_term_string}\"},\"query-input\":{\"@type\":\"PropertyValueSpecification\",\"valueRequired\":true,\"valueName\":\"search_term_string\"}}],\"inLanguage\":\"pt-PT\"},{\"@type\":\"Organization\",\"@id\":\"https:\\\/\\\/comuna.pt\\\/pt-pt\\\/#organization\",\"name\":\"Comuna Rental House\",\"url\":\"https:\\\/\\\/comuna.pt\\\/pt-pt\\\/\",\"logo\":{\"@type\":\"ImageObject\",\"inLanguage\":\"pt-PT\",\"@id\":\"https:\\\/\\\/comuna.pt\\\/pt-pt\\\/#\\\/schema\\\/logo\\\/image\\\/\",\"url\":\"https:\\\/\\\/comuna.pt\\\/wp-content\\\/uploads\\\/2024\\\/03\\\/comuna_logo_website.png\",\"contentUrl\":\"https:\\\/\\\/comuna.pt\\\/wp-content\\\/uploads\\\/2024\\\/03\\\/comuna_logo_website.png\",\"width\":2000,\"height\":262,\"caption\":\"Comuna Rental House\"},\"image\":{\"@id\":\"https:\\\/\\\/comuna.pt\\\/pt-pt\\\/#\\\/schema\\\/logo\\\/image\\\/\"},\"sameAs\":[\"http:\\\/\\\/facebook.com\\\/comuna.rental\",\"https:\\\/\\\/www.instagram.com\\\/comuna_rental\",\"https:\\\/\\\/www.linkedin.com\\\/company\\\/96410498\"]}]}<\/script>\n<meta property=\"product:price:amount\" content=\"450.00\" \/>\n<meta property=\"product:price:currency\" content=\"EUR\" \/>\n<meta property=\"og:availability\" content=\"instock\" \/>\n<meta property=\"product:availability\" content=\"instock\" \/>\n<meta property=\"product:condition\" content=\"new\" \/>\n<!-- \/ Yoast SEO Premium plugin. -->","yoast_head_json":{"title":"Canon RF 100-300mm f\/2.8 L IS USM | Comuna Studios &amp; Equipment Rental","description":"Alugue a Canon RF 100-300mm em Lisboa. Dispomos do melhor equipamento de foto e v\u00eddeo: c\u00e2maras, objetivas, luz e som. Reserve j\u00e1 online!","robots":{"index":"index","follow":"follow","max-snippet":"max-snippet:-1","max-image-preview":"max-image-preview:large","max-video-preview":"max-video-preview:-1"},"canonical":"https:\/\/comuna.pt\/pt-pt\/product\/canon-rf-100-300mm-f-2-8-l-is-usm\/","og_locale":"pt_PT","og_type":"article","og_title":"Canon RF 100-300mm f\/2.8 L IS USM","og_description":"Alugue a Canon RF 100-300mm em Lisboa. Dispomos do melhor equipamento de foto e v\u00eddeo: c\u00e2maras, objetivas, luz e som. Reserve j\u00e1 online!","og_url":"https:\/\/comuna.pt\/pt-pt\/product\/canon-rf-100-300mm-f-2-8-l-is-usm\/","og_site_name":"Comuna Studios &amp; Equipment Rental","article_publisher":"http:\/\/facebook.com\/comuna.rental","article_modified_time":"2026-01-31T13:25:56+00:00","og_image":[{"width":500,"height":500,"url":"https:\/\/comuna.pt\/wp-content\/uploads\/2024\/06\/1681947976_IMG_1976158.jpg","type":"image\/jpeg"}],"twitter_card":"summary_large_image","twitter_misc":{"pre\u00e7o":"&euro;450,00 + 23% VAT","Disponibilidade":"Em stock"},"schema":{"@context":"https:\/\/schema.org","@graph":[{"@type":["WebPage","ItemPage"],"@id":"https:\/\/comuna.pt\/pt-pt\/product\/canon-rf-100-300mm-f-2-8-l-is-usm\/","url":"https:\/\/comuna.pt\/pt-pt\/product\/canon-rf-100-300mm-f-2-8-l-is-usm\/","name":"Canon RF 100-300mm f\/2.8 L IS USM | Comuna Studios &amp; Equipment Rental","isPartOf":{"@id":"https:\/\/comuna.pt\/pt-pt\/#website"},"primaryImageOfPage":{"@id":"https:\/\/comuna.pt\/pt-pt\/product\/canon-rf-100-300mm-f-2-8-l-is-usm\/#primaryimage"},"image":{"@id":"https:\/\/comuna.pt\/pt-pt\/product\/canon-rf-100-300mm-f-2-8-l-is-usm\/#primaryimage"},"thumbnailUrl":"https:\/\/comuna.pt\/wp-content\/uploads\/2024\/06\/1681947976_IMG_1976158.jpg","datePublished":"2024-06-18T13:15:29+00:00","dateModified":"2026-01-31T13:25:56+00:00","description":"Alugue a Canon RF 100-300mm em Lisboa. Dispomos do melhor equipamento de foto e v\u00eddeo: c\u00e2maras, objetivas, luz e som. Reserve j\u00e1 online!","breadcrumb":{"@id":"https:\/\/comuna.pt\/pt-pt\/product\/canon-rf-100-300mm-f-2-8-l-is-usm\/#breadcrumb"},"inLanguage":"pt-PT","potentialAction":[{"@type":"ReadAction","target":["https:\/\/comuna.pt\/pt-pt\/product\/canon-rf-100-300mm-f-2-8-l-is-usm\/"]}]},{"@type":"ImageObject","inLanguage":"pt-PT","@id":"https:\/\/comuna.pt\/pt-pt\/product\/canon-rf-100-300mm-f-2-8-l-is-usm\/#primaryimage","url":"https:\/\/comuna.pt\/wp-content\/uploads\/2024\/06\/1681947976_IMG_1976158.jpg","contentUrl":"https:\/\/comuna.pt\/wp-content\/uploads\/2024\/06\/1681947976_IMG_1976158.jpg","width":500,"height":500},{"@type":"BreadcrumbList","@id":"https:\/\/comuna.pt\/pt-pt\/product\/canon-rf-100-300mm-f-2-8-l-is-usm\/#breadcrumb","itemListElement":[{"@type":"ListItem","position":1,"name":"Home","item":"https:\/\/comuna.pt\/pt-pt\/"},{"@type":"ListItem","position":2,"name":"Produtos"},{"@type":"ListItem","position":3,"name":"Canon RF 100-300mm f\/2.8 L IS USM"}]},{"@type":"WebSite","@id":"https:\/\/comuna.pt\/pt-pt\/#website","url":"https:\/\/comuna.pt\/pt-pt\/","name":"Comuna Rental House","description":"Photo studios, Podcast &amp; Equipment Rental","publisher":{"@id":"https:\/\/comuna.pt\/pt-pt\/#organization"},"alternateName":"Comuna Filmmaking Equipment Rental","potentialAction":[{"@type":"SearchAction","target":{"@type":"EntryPoint","urlTemplate":"https:\/\/comuna.pt\/pt-pt\/?s={search_term_string}"},"query-input":{"@type":"PropertyValueSpecification","valueRequired":true,"valueName":"search_term_string"}}],"inLanguage":"pt-PT"},{"@type":"Organization","@id":"https:\/\/comuna.pt\/pt-pt\/#organization","name":"Comuna Rental House","url":"https:\/\/comuna.pt\/pt-pt\/","logo":{"@type":"ImageObject","inLanguage":"pt-PT","@id":"https:\/\/comuna.pt\/pt-pt\/#\/schema\/logo\/image\/","url":"https:\/\/comuna.pt\/wp-content\/uploads\/2024\/03\/comuna_logo_website.png","contentUrl":"https:\/\/comuna.pt\/wp-content\/uploads\/2024\/03\/comuna_logo_website.png","width":2000,"height":262,"caption":"Comuna Rental House"},"image":{"@id":"https:\/\/comuna.pt\/pt-pt\/#\/schema\/logo\/image\/"},"sameAs":["http:\/\/facebook.com\/comuna.rental","https:\/\/www.instagram.com\/comuna_rental","https:\/\/www.linkedin.com\/company\/96410498"]}]},"product_price_amount":"450.00","product_price_currency":"EUR","og_availability":"instock","product_availability":"instock","product_condition":"new"},"_links":{"self":[{"href":"https:\/\/comuna.pt\/pt-pt\/wp-json\/wp\/v2\/product\/18731","targetHints":{"allow":["GET"]}}],"collection":[{"href":"https:\/\/comuna.pt\/pt-pt\/wp-json\/wp\/v2\/product"}],"about":[{"href":"https:\/\/comuna.pt\/pt-pt\/wp-json\/wp\/v2\/types\/product"}],"version-history":[{"count":1,"href":"https:\/\/comuna.pt\/pt-pt\/wp-json\/wp\/v2\/product\/18731\/revisions"}],"predecessor-version":[{"id":18742,"href":"https:\/\/comuna.pt\/pt-pt\/wp-json\/wp\/v2\/product\/18731\/revisions\/18742"}],"wp:featuredmedia":[{"embeddable":true,"href":"https:\/\/comuna.pt\/pt-pt\/wp-json\/wp\/v2\/media\/18732"}],"wp:attachment":[{"href":"https:\/\/comuna.pt\/pt-pt\/wp-json\/wp\/v2\/media?parent=18731"}],"wp:term":[{"taxonomy":"product_brand","embeddable":true,"href":"https:\/\/comuna.pt\/pt-pt\/wp-json\/wp\/v2\/product_brand?post=18731"},{"taxonomy":"product_cat","embeddable":true,"href":"https:\/\/comuna.pt\/pt-pt\/wp-json\/wp\/v2\/product_cat?post=18731"},{"taxonomy":"product_tag","embeddable":true,"href":"https:\/\/comuna.pt\/pt-pt\/wp-json\/wp\/v2\/product_tag?post=18731"}],"curies":[{"name":"wp","href":"https:\/\/api.w.org\/{rel}","templated":true}]}}