{"id":18513,"date":"2024-12-09T20:57:58","date_gmt":"2024-12-09T20:57:58","guid":{"rendered":"https:\/\/comuna.pt\/product\/sigma-100-400mm-f5-6-3-dg-dn-os-contemporary-e-mount\/"},"modified":"2026-01-31T13:24:33","modified_gmt":"2026-01-31T13:24:33","slug":"sigma-100-400mm-f5-6-3-dg-dn-os-contemporary-e-mount","status":"publish","type":"product","link":"https:\/\/comuna.pt\/pt-pt\/product\/sigma-100-400mm-f5-6-3-dg-dn-os-contemporary-e-mount\/","title":{"rendered":"SIGMA 100-400mm F5-6.3 DG DN OS | Contemporary (E-mount)"},"content":{"rendered":"<div class=\"flex max-w-full flex-col flex-grow\">\n<div class=\"min-h-8 text-message flex w-full flex-col items-end gap-2 whitespace-normal break-words text-start [.text-message+&amp;]:mt-5\" dir=\"auto\" data-message-author-role=\"assistant\" data-message-id=\"09203502-c7b6-430c-aa0d-0083604a1154\" data-message-model-slug=\"gpt-4o\">\n<div class=\"flex w-full flex-col gap-1 empty:hidden first:pt-[3px]\">\n<div class=\"markdown prose w-full break-words dark:prose-invert dark\">\n<div class=\"booqable-product-button\" data-id=\"sigma-100-400mm-f5-6-3-dg-dn-os-c-e-mount\"><\/div>\n<p>A <strong>SIGMA 100-400mm F5-6.3 DG DN OS | Contemporary (E-mount)<\/strong> \u00e9 uma objetiva zoom teleobjetiva compacta e vers\u00e1til concebida para c\u00e2maras Sony E-mount. Oferece um excelente desempenho \u00f3tico, estabiliza\u00e7\u00e3o integrada e um design leve, tornando-a perfeita para fotografia de vida selvagem, desporto e paisagem. Com a sua \u00f3tica avan\u00e7ada e constru\u00e7\u00e3o fi\u00e1vel, esta objetiva proporciona uma qualidade excecional para fot\u00f3grafos que procuram flexibilidade e portabilidade. <strong>O que est\u00e1 inclu\u00eddo:<\/strong><\/p>\n<ul>\n<li>Objetiva zoom teleobjetiva 100-400mm f\/5-6.3 (Sony E mount)<\/li>\n<li>Tampa frontal (67mm)<\/li>\n<li>Tampa traseira (Sony E mount)<\/li>\n<li>Para-sol compat\u00edvel com a objetiva 100-400mm f\/5-6.3<\/li>\n<\/ul>\n<p>A <strong>SIGMA 100-400mm F5-6.3 DG DN OS | Contemporary (E-mount)<\/strong> \u00e9 uma objetiva zoom teleobjetiva vers\u00e1til e leve, criada para c\u00e2maras Sony E-mount. A sua extensa gama focal de 100-400mm torna-a uma excelente escolha para captar temas distantes, seja em fotografia de natureza, desporto ou paisagens. Apesar do seu tamanho compacto, esta objetiva proporciona um desempenho \u00f3tico excecional com elementos de vidro avan\u00e7ados que minimizam as aberra\u00e7\u00f5es crom\u00e1ticas e garantem nitidez de ponta a ponta. A Estabiliza\u00e7\u00e3o \u00d3tica (OS) integrada melhora as capacidades de disparo port\u00e1til, mesmo no extremo mais longo da gama focal, facilitando a obten\u00e7\u00e3o de imagens n\u00edtidas e detalhadas sem trip\u00e9. A SIGMA 100-400mm F5-6.3 DG DN OS | Contemporary (E-mount) tamb\u00e9m suporta compatibilidade com os teleconversores da SIGMA, permitindo aos fot\u00f3grafos estender o seu alcance para ainda mais dist\u00e2ncia. Com a sua constru\u00e7\u00e3o de alta qualidade, desempenho fi\u00e1vel e portabilidade, esta objetiva \u00e9 uma ferramenta valiosa para fot\u00f3grafos que procuram resultados profissionais sem o volume de op\u00e7\u00f5es teleobjetivas maiores. Seja um entusiasta ou um profissional experiente, esta objetiva oferece um desempenho e flexibilidade impressionantes para uma grande variedade de aplica\u00e7\u00f5es.<\/p>\n","protected":false},"excerpt":{"rendered":"<p>A SIGMA 100-400mm F5-6.3 DG DN OS | Contemporary (E-mount) \u00e9 uma objetiva zoom teleobjetiva compacta e vers\u00e1til concebida para c\u00e2maras Sony E-mount. Oferece um excelente desempenho \u00f3tico, estabiliza\u00e7\u00e3o integrada e um design leve, tornando-a perfeita para fotografia de vida selvagem, desporto e paisagem. Com a sua \u00f3tica avan\u00e7ada e constru\u00e7\u00e3o fi\u00e1vel, esta objetiva proporciona [&hellip;]<\/p>\n","protected":false},"featured_media":18514,"template":"","meta":[],"product_brand":[],"product_cat":[805879],"product_tag":[],"class_list":{"0":"post-18513","1":"product","2":"type-product","3":"status-publish","4":"has-post-thumbnail","6":"product_cat-objetivas","8":"first","9":"instock","10":"taxable","11":"shipping-taxable","12":"purchasable","13":"product-type-simple"},"yoast_head":"<!-- This site is optimized with the Yoast SEO Premium plugin v27.4 (Yoast SEO v27.5) - https:\/\/yoast.com\/product\/yoast-seo-premium-wordpress\/ -->\n<title>SIGMA 100-400mm F5-6.3 DG DN OS | Contemporary (E-mount) | Comuna Studios &amp; Equipment Rental<\/title>\n<meta name=\"description\" content=\"SIGMA 100-400mm, o melhor equipamento de foto e v\u00eddeo em Lisboa. Escolha entre c\u00e2maras, objetivas, luz e som. Reserve online hoje!\" \/>\n<meta name=\"robots\" content=\"index, follow, max-snippet:-1, max-image-preview:large, max-video-preview:-1\" \/>\n<link rel=\"canonical\" href=\"https:\/\/comuna.pt\/pt-pt\/product\/sigma-100-400mm-f5-6-3-dg-dn-os-contemporary-e-mount\/\" \/>\n<meta property=\"og:locale\" content=\"pt_PT\" \/>\n<meta property=\"og:type\" content=\"article\" \/>\n<meta property=\"og:title\" content=\"SIGMA 100-400mm F5-6.3 DG DN OS | Contemporary (E-mount)\" \/>\n<meta property=\"og:description\" content=\"SIGMA 100-400mm, o melhor equipamento de foto e v\u00eddeo em Lisboa. Escolha entre c\u00e2maras, objetivas, luz e som. Reserve online hoje!\" \/>\n<meta property=\"og:url\" content=\"https:\/\/comuna.pt\/pt-pt\/product\/sigma-100-400mm-f5-6-3-dg-dn-os-contemporary-e-mount\/\" \/>\n<meta property=\"og:site_name\" content=\"Comuna Studios &amp; Equipment Rental\" \/>\n<meta property=\"article:publisher\" content=\"http:\/\/facebook.com\/comuna.rental\" \/>\n<meta property=\"article:modified_time\" content=\"2026-01-31T13:24:33+00:00\" \/>\n<meta property=\"og:image\" content=\"https:\/\/comuna.pt\/wp-content\/uploads\/2024\/12\/1656439538_1568623.jpg\" \/>\n\t<meta property=\"og:image:width\" content=\"500\" \/>\n\t<meta property=\"og:image:height\" content=\"500\" \/>\n\t<meta property=\"og:image:type\" content=\"image\/jpeg\" \/>\n<meta name=\"twitter:card\" content=\"summary_large_image\" \/>\n<meta name=\"twitter:label1\" content=\"pre\u00e7o\" \/>\n\t<meta name=\"twitter:data1\" content=\"&euro;45,00 + 23% VAT\" \/>\n\t<meta name=\"twitter:label2\" content=\"Disponibilidade\" \/>\n\t<meta name=\"twitter:data2\" content=\"Em stock\" \/>\n<script type=\"application\/ld+json\" class=\"yoast-schema-graph\">{\"@context\":\"https:\\\/\\\/schema.org\",\"@graph\":[{\"@type\":[\"WebPage\",\"ItemPage\"],\"@id\":\"https:\\\/\\\/comuna.pt\\\/pt-pt\\\/product\\\/sigma-100-400mm-f5-6-3-dg-dn-os-contemporary-e-mount\\\/\",\"url\":\"https:\\\/\\\/comuna.pt\\\/pt-pt\\\/product\\\/sigma-100-400mm-f5-6-3-dg-dn-os-contemporary-e-mount\\\/\",\"name\":\"SIGMA 100-400mm F5-6.3 DG DN OS | Contemporary (E-mount) | Comuna Studios &amp; Equipment Rental\",\"isPartOf\":{\"@id\":\"https:\\\/\\\/comuna.pt\\\/pt-pt\\\/#website\"},\"primaryImageOfPage\":{\"@id\":\"https:\\\/\\\/comuna.pt\\\/pt-pt\\\/product\\\/sigma-100-400mm-f5-6-3-dg-dn-os-contemporary-e-mount\\\/#primaryimage\"},\"image\":{\"@id\":\"https:\\\/\\\/comuna.pt\\\/pt-pt\\\/product\\\/sigma-100-400mm-f5-6-3-dg-dn-os-contemporary-e-mount\\\/#primaryimage\"},\"thumbnailUrl\":\"https:\\\/\\\/comuna.pt\\\/wp-content\\\/uploads\\\/2024\\\/12\\\/1656439538_1568623.jpg\",\"datePublished\":\"2024-12-09T20:57:58+00:00\",\"dateModified\":\"2026-01-31T13:24:33+00:00\",\"description\":\"SIGMA 100-400mm, o melhor equipamento de foto e v\u00eddeo em Lisboa. Escolha entre c\u00e2maras, objetivas, luz e som. Reserve online hoje!\",\"breadcrumb\":{\"@id\":\"https:\\\/\\\/comuna.pt\\\/pt-pt\\\/product\\\/sigma-100-400mm-f5-6-3-dg-dn-os-contemporary-e-mount\\\/#breadcrumb\"},\"inLanguage\":\"pt-PT\",\"potentialAction\":[{\"@type\":\"ReadAction\",\"target\":[\"https:\\\/\\\/comuna.pt\\\/pt-pt\\\/product\\\/sigma-100-400mm-f5-6-3-dg-dn-os-contemporary-e-mount\\\/\"]}]},{\"@type\":\"ImageObject\",\"inLanguage\":\"pt-PT\",\"@id\":\"https:\\\/\\\/comuna.pt\\\/pt-pt\\\/product\\\/sigma-100-400mm-f5-6-3-dg-dn-os-contemporary-e-mount\\\/#primaryimage\",\"url\":\"https:\\\/\\\/comuna.pt\\\/wp-content\\\/uploads\\\/2024\\\/12\\\/1656439538_1568623.jpg\",\"contentUrl\":\"https:\\\/\\\/comuna.pt\\\/wp-content\\\/uploads\\\/2024\\\/12\\\/1656439538_1568623.jpg\",\"width\":500,\"height\":500},{\"@type\":\"BreadcrumbList\",\"@id\":\"https:\\\/\\\/comuna.pt\\\/pt-pt\\\/product\\\/sigma-100-400mm-f5-6-3-dg-dn-os-contemporary-e-mount\\\/#breadcrumb\",\"itemListElement\":[{\"@type\":\"ListItem\",\"position\":1,\"name\":\"Home\",\"item\":\"https:\\\/\\\/comuna.pt\\\/pt-pt\\\/\"},{\"@type\":\"ListItem\",\"position\":2,\"name\":\"Produtos\"},{\"@type\":\"ListItem\",\"position\":3,\"name\":\"Objetivas\",\"item\":\"https:\\\/\\\/comuna.pt\\\/pt-pt\\\/Categoria\\\/objetivas\\\/\"},{\"@type\":\"ListItem\",\"position\":4,\"name\":\"SIGMA 100-400mm F5-6.3 DG DN OS | Contemporary (E-mount)\"}]},{\"@type\":\"WebSite\",\"@id\":\"https:\\\/\\\/comuna.pt\\\/pt-pt\\\/#website\",\"url\":\"https:\\\/\\\/comuna.pt\\\/pt-pt\\\/\",\"name\":\"Comuna Rental House\",\"description\":\"Photo studios, Podcast &amp; Equipment Rental\",\"publisher\":{\"@id\":\"https:\\\/\\\/comuna.pt\\\/pt-pt\\\/#organization\"},\"alternateName\":\"Comuna Filmmaking Equipment Rental\",\"potentialAction\":[{\"@type\":\"SearchAction\",\"target\":{\"@type\":\"EntryPoint\",\"urlTemplate\":\"https:\\\/\\\/comuna.pt\\\/pt-pt\\\/?s={search_term_string}\"},\"query-input\":{\"@type\":\"PropertyValueSpecification\",\"valueRequired\":true,\"valueName\":\"search_term_string\"}}],\"inLanguage\":\"pt-PT\"},{\"@type\":\"Organization\",\"@id\":\"https:\\\/\\\/comuna.pt\\\/pt-pt\\\/#organization\",\"name\":\"Comuna Rental House\",\"url\":\"https:\\\/\\\/comuna.pt\\\/pt-pt\\\/\",\"logo\":{\"@type\":\"ImageObject\",\"inLanguage\":\"pt-PT\",\"@id\":\"https:\\\/\\\/comuna.pt\\\/pt-pt\\\/#\\\/schema\\\/logo\\\/image\\\/\",\"url\":\"https:\\\/\\\/comuna.pt\\\/wp-content\\\/uploads\\\/2024\\\/03\\\/comuna_logo_website.png\",\"contentUrl\":\"https:\\\/\\\/comuna.pt\\\/wp-content\\\/uploads\\\/2024\\\/03\\\/comuna_logo_website.png\",\"width\":2000,\"height\":262,\"caption\":\"Comuna Rental House\"},\"image\":{\"@id\":\"https:\\\/\\\/comuna.pt\\\/pt-pt\\\/#\\\/schema\\\/logo\\\/image\\\/\"},\"sameAs\":[\"http:\\\/\\\/facebook.com\\\/comuna.rental\",\"https:\\\/\\\/www.instagram.com\\\/comuna_rental\",\"https:\\\/\\\/www.linkedin.com\\\/company\\\/96410498\"]}]}<\/script>\n<meta property=\"product:price:amount\" content=\"45.00\" \/>\n<meta property=\"product:price:currency\" content=\"EUR\" \/>\n<meta property=\"og:availability\" content=\"instock\" \/>\n<meta property=\"product:availability\" content=\"instock\" \/>\n<meta property=\"product:condition\" content=\"new\" \/>\n<!-- \/ Yoast SEO Premium plugin. -->","yoast_head_json":{"title":"SIGMA 100-400mm F5-6.3 DG DN OS | Contemporary (E-mount) | Comuna Studios &amp; Equipment Rental","description":"SIGMA 100-400mm, o melhor equipamento de foto e v\u00eddeo em Lisboa. Escolha entre c\u00e2maras, objetivas, luz e som. Reserve online hoje!","robots":{"index":"index","follow":"follow","max-snippet":"max-snippet:-1","max-image-preview":"max-image-preview:large","max-video-preview":"max-video-preview:-1"},"canonical":"https:\/\/comuna.pt\/pt-pt\/product\/sigma-100-400mm-f5-6-3-dg-dn-os-contemporary-e-mount\/","og_locale":"pt_PT","og_type":"article","og_title":"SIGMA 100-400mm F5-6.3 DG DN OS | Contemporary (E-mount)","og_description":"SIGMA 100-400mm, o melhor equipamento de foto e v\u00eddeo em Lisboa. Escolha entre c\u00e2maras, objetivas, luz e som. Reserve online hoje!","og_url":"https:\/\/comuna.pt\/pt-pt\/product\/sigma-100-400mm-f5-6-3-dg-dn-os-contemporary-e-mount\/","og_site_name":"Comuna Studios &amp; Equipment Rental","article_publisher":"http:\/\/facebook.com\/comuna.rental","article_modified_time":"2026-01-31T13:24:33+00:00","og_image":[{"width":500,"height":500,"url":"https:\/\/comuna.pt\/wp-content\/uploads\/2024\/12\/1656439538_1568623.jpg","type":"image\/jpeg"}],"twitter_card":"summary_large_image","twitter_misc":{"pre\u00e7o":"&euro;45,00 + 23% VAT","Disponibilidade":"Em stock"},"schema":{"@context":"https:\/\/schema.org","@graph":[{"@type":["WebPage","ItemPage"],"@id":"https:\/\/comuna.pt\/pt-pt\/product\/sigma-100-400mm-f5-6-3-dg-dn-os-contemporary-e-mount\/","url":"https:\/\/comuna.pt\/pt-pt\/product\/sigma-100-400mm-f5-6-3-dg-dn-os-contemporary-e-mount\/","name":"SIGMA 100-400mm F5-6.3 DG DN OS | Contemporary (E-mount) | Comuna Studios &amp; Equipment Rental","isPartOf":{"@id":"https:\/\/comuna.pt\/pt-pt\/#website"},"primaryImageOfPage":{"@id":"https:\/\/comuna.pt\/pt-pt\/product\/sigma-100-400mm-f5-6-3-dg-dn-os-contemporary-e-mount\/#primaryimage"},"image":{"@id":"https:\/\/comuna.pt\/pt-pt\/product\/sigma-100-400mm-f5-6-3-dg-dn-os-contemporary-e-mount\/#primaryimage"},"thumbnailUrl":"https:\/\/comuna.pt\/wp-content\/uploads\/2024\/12\/1656439538_1568623.jpg","datePublished":"2024-12-09T20:57:58+00:00","dateModified":"2026-01-31T13:24:33+00:00","description":"SIGMA 100-400mm, o melhor equipamento de foto e v\u00eddeo em Lisboa. Escolha entre c\u00e2maras, objetivas, luz e som. Reserve online hoje!","breadcrumb":{"@id":"https:\/\/comuna.pt\/pt-pt\/product\/sigma-100-400mm-f5-6-3-dg-dn-os-contemporary-e-mount\/#breadcrumb"},"inLanguage":"pt-PT","potentialAction":[{"@type":"ReadAction","target":["https:\/\/comuna.pt\/pt-pt\/product\/sigma-100-400mm-f5-6-3-dg-dn-os-contemporary-e-mount\/"]}]},{"@type":"ImageObject","inLanguage":"pt-PT","@id":"https:\/\/comuna.pt\/pt-pt\/product\/sigma-100-400mm-f5-6-3-dg-dn-os-contemporary-e-mount\/#primaryimage","url":"https:\/\/comuna.pt\/wp-content\/uploads\/2024\/12\/1656439538_1568623.jpg","contentUrl":"https:\/\/comuna.pt\/wp-content\/uploads\/2024\/12\/1656439538_1568623.jpg","width":500,"height":500},{"@type":"BreadcrumbList","@id":"https:\/\/comuna.pt\/pt-pt\/product\/sigma-100-400mm-f5-6-3-dg-dn-os-contemporary-e-mount\/#breadcrumb","itemListElement":[{"@type":"ListItem","position":1,"name":"Home","item":"https:\/\/comuna.pt\/pt-pt\/"},{"@type":"ListItem","position":2,"name":"Produtos"},{"@type":"ListItem","position":3,"name":"Objetivas","item":"https:\/\/comuna.pt\/pt-pt\/Categoria\/objetivas\/"},{"@type":"ListItem","position":4,"name":"SIGMA 100-400mm F5-6.3 DG DN OS | Contemporary (E-mount)"}]},{"@type":"WebSite","@id":"https:\/\/comuna.pt\/pt-pt\/#website","url":"https:\/\/comuna.pt\/pt-pt\/","name":"Comuna Rental House","description":"Photo studios, Podcast &amp; Equipment Rental","publisher":{"@id":"https:\/\/comuna.pt\/pt-pt\/#organization"},"alternateName":"Comuna Filmmaking Equipment Rental","potentialAction":[{"@type":"SearchAction","target":{"@type":"EntryPoint","urlTemplate":"https:\/\/comuna.pt\/pt-pt\/?s={search_term_string}"},"query-input":{"@type":"PropertyValueSpecification","valueRequired":true,"valueName":"search_term_string"}}],"inLanguage":"pt-PT"},{"@type":"Organization","@id":"https:\/\/comuna.pt\/pt-pt\/#organization","name":"Comuna Rental House","url":"https:\/\/comuna.pt\/pt-pt\/","logo":{"@type":"ImageObject","inLanguage":"pt-PT","@id":"https:\/\/comuna.pt\/pt-pt\/#\/schema\/logo\/image\/","url":"https:\/\/comuna.pt\/wp-content\/uploads\/2024\/03\/comuna_logo_website.png","contentUrl":"https:\/\/comuna.pt\/wp-content\/uploads\/2024\/03\/comuna_logo_website.png","width":2000,"height":262,"caption":"Comuna Rental House"},"image":{"@id":"https:\/\/comuna.pt\/pt-pt\/#\/schema\/logo\/image\/"},"sameAs":["http:\/\/facebook.com\/comuna.rental","https:\/\/www.instagram.com\/comuna_rental","https:\/\/www.linkedin.com\/company\/96410498"]}]},"product_price_amount":"45.00","product_price_currency":"EUR","og_availability":"instock","product_availability":"instock","product_condition":"new"},"_links":{"self":[{"href":"https:\/\/comuna.pt\/pt-pt\/wp-json\/wp\/v2\/product\/18513","targetHints":{"allow":["GET"]}}],"collection":[{"href":"https:\/\/comuna.pt\/pt-pt\/wp-json\/wp\/v2\/product"}],"about":[{"href":"https:\/\/comuna.pt\/pt-pt\/wp-json\/wp\/v2\/types\/product"}],"version-history":[{"count":3,"href":"https:\/\/comuna.pt\/pt-pt\/wp-json\/wp\/v2\/product\/18513\/revisions"}],"predecessor-version":[{"id":18632,"href":"https:\/\/comuna.pt\/pt-pt\/wp-json\/wp\/v2\/product\/18513\/revisions\/18632"}],"wp:featuredmedia":[{"embeddable":true,"href":"https:\/\/comuna.pt\/pt-pt\/wp-json\/wp\/v2\/media\/18514"}],"wp:attachment":[{"href":"https:\/\/comuna.pt\/pt-pt\/wp-json\/wp\/v2\/media?parent=18513"}],"wp:term":[{"taxonomy":"product_brand","embeddable":true,"href":"https:\/\/comuna.pt\/pt-pt\/wp-json\/wp\/v2\/product_brand?post=18513"},{"taxonomy":"product_cat","embeddable":true,"href":"https:\/\/comuna.pt\/pt-pt\/wp-json\/wp\/v2\/product_cat?post=18513"},{"taxonomy":"product_tag","embeddable":true,"href":"https:\/\/comuna.pt\/pt-pt\/wp-json\/wp\/v2\/product_tag?post=18513"}],"curies":[{"name":"wp","href":"https:\/\/api.w.org\/{rel}","templated":true}]}}