{"id":18508,"date":"2024-11-01T18:19:39","date_gmt":"2024-11-01T18:19:39","guid":{"rendered":"https:\/\/comuna.pt\/product\/filtro-polarizador-77mm-bw-cpl-mrc\/"},"modified":"2026-01-31T13:24:33","modified_gmt":"2026-01-31T13:24:33","slug":"filtro-polarizador-77mm-bw-cpl-mrc","status":"publish","type":"product","link":"https:\/\/comuna.pt\/pt-pt\/product\/filtro-polarizador-77mm-bw-cpl-mrc\/","title":{"rendered":"Filtro Polarizador 77mm B+W CPL MRC"},"content":{"rendered":"<div class=\"booqable-product-button\" data-id=\"b-w-cpl-mrc-polariser-filter-77mm\"><\/div>\n<p><strong>O que est\u00e1 inclu\u00eddo:<\/strong><\/p>\n<ul>\n<li>1x Filtro Polarizador B+W CPL MRC 77mm<\/li>\n<li>1x Estojo<\/li>\n<\/ul>\n<p>O Filtro Polarizador Circular MRC Basic de 77mm da B+W minimiza reflexos e brilhos indesejados, filtrando a luz polarizada refletida de superf\u00edcies n\u00e3o met\u00e1licas. A luz solar torna-se parcialmente polarizada ao refletir-se em part\u00edculas na atmosfera, resultando num efeito de neblina dispersa. Este filtro polarizador reorienta a luz polarizada para que fique perpendicular \u00e0 luz refletida, absorvendo grande parte dela e reduzindo significativamente o encadeamento e os reflexos em superf\u00edcies n\u00e3o met\u00e1licas. Isto aumenta a satura\u00e7\u00e3o em c\u00e9us e folhagem, e revela objetos e pessoas atr\u00e1s de superf\u00edcies como montras de lojas e para-brisas de autom\u00f3veis \u2014 alcan\u00e7ando uma melhoria visual not\u00e1vel sem edi\u00e7\u00e3o em p\u00f3s-produ\u00e7\u00e3o. Os filtros B+W MRC Basic possuem a tecnologia avan\u00e7ada Multi-Resistant Coating (MRC) nano premium. Este revestimento de banda larga superior, aplicado em ambos os lados do filtro, melhora a claridade \u00f3tica, garantindo uma transmit\u00e2ncia consistente e melhorada em todo o espetro de luz com reflexos residuais m\u00ednimos. O nano-revestimento tamb\u00e9m proporciona resist\u00eancia adicional a riscos e permite uma limpeza r\u00e1pida e f\u00e1cil, prolongando a vida \u00fatil do filtro.<\/p>\n","protected":false},"excerpt":{"rendered":"<p>O que est\u00e1 inclu\u00eddo: 1x Filtro Polarizador B+W CPL MRC 77mm 1x Estojo O Filtro Polarizador Circular MRC Basic de 77mm da B+W minimiza reflexos e brilhos indesejados, filtrando a luz polarizada refletida de superf\u00edcies n\u00e3o met\u00e1licas. A luz solar torna-se parcialmente polarizada ao refletir-se em part\u00edculas na atmosfera, resultando num efeito de neblina dispersa. [&hellip;]<\/p>\n","protected":false},"featured_media":18509,"template":"","meta":[],"product_brand":[],"product_cat":[805869],"product_tag":[],"class_list":{"0":"post-18508","1":"product","2":"type-product","3":"status-publish","4":"has-post-thumbnail","6":"product_cat-matte-box-e-filtros","8":"first","9":"instock","10":"taxable","11":"shipping-taxable","12":"purchasable","13":"product-type-simple"},"yoast_head":"<!-- This site is optimized with the Yoast SEO Premium plugin v27.3 (Yoast SEO v27.4) - https:\/\/yoast.com\/product\/yoast-seo-premium-wordpress\/ -->\n<title>Filtro Polarizador 77mm B+W CPL MRC | Comuna Studios &amp; Equipment Rental<\/title>\n<meta name=\"robots\" content=\"index, follow, max-snippet:-1, max-image-preview:large, max-video-preview:-1\" \/>\n<link rel=\"canonical\" href=\"https:\/\/comuna.pt\/pt-pt\/product\/filtro-polarizador-77mm-bw-cpl-mrc\/\" \/>\n<meta property=\"og:locale\" content=\"pt_PT\" \/>\n<meta property=\"og:type\" content=\"article\" \/>\n<meta property=\"og:title\" content=\"Filtro Polarizador 77mm B+W CPL MRC\" \/>\n<meta property=\"og:description\" content=\"O que est\u00e1 inclu\u00eddo: 1x Filtro Polarizador B+W CPL MRC 77mm 1x Estojo O Filtro Polarizador Circular MRC Basic de 77mm da B+W minimiza reflexos e brilhos indesejados, filtrando a luz polarizada refletida de superf\u00edcies n\u00e3o met\u00e1licas. A luz solar torna-se parcialmente polarizada ao refletir-se em part\u00edculas na atmosfera, resultando num efeito de neblina dispersa. [&hellip;]\" \/>\n<meta property=\"og:url\" content=\"https:\/\/comuna.pt\/pt-pt\/product\/filtro-polarizador-77mm-bw-cpl-mrc\/\" \/>\n<meta property=\"og:site_name\" content=\"Comuna Studios &amp; Equipment Rental\" \/>\n<meta property=\"article:publisher\" content=\"http:\/\/facebook.com\/comuna.rental\" \/>\n<meta property=\"article:modified_time\" content=\"2026-01-31T13:24:33+00:00\" \/>\n<meta property=\"og:image\" content=\"https:\/\/comuna.pt\/wp-content\/uploads\/2024\/11\/b_w_66_1100754_77mm_cirkular_pol_mrc_1639391409_1671394.jpg\" \/>\n\t<meta property=\"og:image:width\" content=\"500\" \/>\n\t<meta property=\"og:image:height\" content=\"500\" \/>\n\t<meta property=\"og:image:type\" content=\"image\/jpeg\" \/>\n<meta name=\"twitter:card\" content=\"summary_large_image\" \/>\n<meta name=\"twitter:label1\" content=\"pre\u00e7o\" \/>\n\t<meta name=\"twitter:data1\" content=\"&euro;5,00 + 23% VAT\" \/>\n\t<meta name=\"twitter:label2\" content=\"Disponibilidade\" \/>\n\t<meta name=\"twitter:data2\" content=\"Em stock\" \/>\n<script type=\"application\/ld+json\" class=\"yoast-schema-graph\">{\"@context\":\"https:\\\/\\\/schema.org\",\"@graph\":[{\"@type\":[\"WebPage\",\"ItemPage\"],\"@id\":\"https:\\\/\\\/comuna.pt\\\/pt-pt\\\/product\\\/filtro-polarizador-77mm-bw-cpl-mrc\\\/\",\"url\":\"https:\\\/\\\/comuna.pt\\\/pt-pt\\\/product\\\/filtro-polarizador-77mm-bw-cpl-mrc\\\/\",\"name\":\"Filtro Polarizador 77mm B+W CPL MRC | Comuna Studios &amp; Equipment Rental\",\"isPartOf\":{\"@id\":\"https:\\\/\\\/comuna.pt\\\/pt-pt\\\/#website\"},\"primaryImageOfPage\":{\"@id\":\"https:\\\/\\\/comuna.pt\\\/pt-pt\\\/product\\\/filtro-polarizador-77mm-bw-cpl-mrc\\\/#primaryimage\"},\"image\":{\"@id\":\"https:\\\/\\\/comuna.pt\\\/pt-pt\\\/product\\\/filtro-polarizador-77mm-bw-cpl-mrc\\\/#primaryimage\"},\"thumbnailUrl\":\"https:\\\/\\\/comuna.pt\\\/wp-content\\\/uploads\\\/2024\\\/11\\\/b_w_66_1100754_77mm_cirkular_pol_mrc_1639391409_1671394.jpg\",\"datePublished\":\"2024-11-01T18:19:39+00:00\",\"dateModified\":\"2026-01-31T13:24:33+00:00\",\"breadcrumb\":{\"@id\":\"https:\\\/\\\/comuna.pt\\\/pt-pt\\\/product\\\/filtro-polarizador-77mm-bw-cpl-mrc\\\/#breadcrumb\"},\"inLanguage\":\"pt-PT\",\"potentialAction\":[{\"@type\":\"ReadAction\",\"target\":[\"https:\\\/\\\/comuna.pt\\\/pt-pt\\\/product\\\/filtro-polarizador-77mm-bw-cpl-mrc\\\/\"]}]},{\"@type\":\"ImageObject\",\"inLanguage\":\"pt-PT\",\"@id\":\"https:\\\/\\\/comuna.pt\\\/pt-pt\\\/product\\\/filtro-polarizador-77mm-bw-cpl-mrc\\\/#primaryimage\",\"url\":\"https:\\\/\\\/comuna.pt\\\/wp-content\\\/uploads\\\/2024\\\/11\\\/b_w_66_1100754_77mm_cirkular_pol_mrc_1639391409_1671394.jpg\",\"contentUrl\":\"https:\\\/\\\/comuna.pt\\\/wp-content\\\/uploads\\\/2024\\\/11\\\/b_w_66_1100754_77mm_cirkular_pol_mrc_1639391409_1671394.jpg\",\"width\":500,\"height\":500},{\"@type\":\"BreadcrumbList\",\"@id\":\"https:\\\/\\\/comuna.pt\\\/pt-pt\\\/product\\\/filtro-polarizador-77mm-bw-cpl-mrc\\\/#breadcrumb\",\"itemListElement\":[{\"@type\":\"ListItem\",\"position\":1,\"name\":\"Home\",\"item\":\"https:\\\/\\\/comuna.pt\\\/pt-pt\\\/\"},{\"@type\":\"ListItem\",\"position\":2,\"name\":\"Produtos\"},{\"@type\":\"ListItem\",\"position\":3,\"name\":\"Matte Box e Filtros\",\"item\":\"https:\\\/\\\/comuna.pt\\\/pt-pt\\\/Categoria\\\/matte-box-e-filtros\\\/\"},{\"@type\":\"ListItem\",\"position\":4,\"name\":\"Filtro Polarizador 77mm B+W CPL MRC\"}]},{\"@type\":\"WebSite\",\"@id\":\"https:\\\/\\\/comuna.pt\\\/pt-pt\\\/#website\",\"url\":\"https:\\\/\\\/comuna.pt\\\/pt-pt\\\/\",\"name\":\"Comuna Rental House\",\"description\":\"Photo studios, Podcast &amp; Equipment Rental\",\"publisher\":{\"@id\":\"https:\\\/\\\/comuna.pt\\\/pt-pt\\\/#organization\"},\"alternateName\":\"Comuna Filmmaking Equipment Rental\",\"potentialAction\":[{\"@type\":\"SearchAction\",\"target\":{\"@type\":\"EntryPoint\",\"urlTemplate\":\"https:\\\/\\\/comuna.pt\\\/pt-pt\\\/?s={search_term_string}\"},\"query-input\":{\"@type\":\"PropertyValueSpecification\",\"valueRequired\":true,\"valueName\":\"search_term_string\"}}],\"inLanguage\":\"pt-PT\"},{\"@type\":\"Organization\",\"@id\":\"https:\\\/\\\/comuna.pt\\\/pt-pt\\\/#organization\",\"name\":\"Comuna Rental House\",\"url\":\"https:\\\/\\\/comuna.pt\\\/pt-pt\\\/\",\"logo\":{\"@type\":\"ImageObject\",\"inLanguage\":\"pt-PT\",\"@id\":\"https:\\\/\\\/comuna.pt\\\/pt-pt\\\/#\\\/schema\\\/logo\\\/image\\\/\",\"url\":\"https:\\\/\\\/comuna.pt\\\/wp-content\\\/uploads\\\/2024\\\/03\\\/comuna_logo_website.png\",\"contentUrl\":\"https:\\\/\\\/comuna.pt\\\/wp-content\\\/uploads\\\/2024\\\/03\\\/comuna_logo_website.png\",\"width\":2000,\"height\":262,\"caption\":\"Comuna Rental House\"},\"image\":{\"@id\":\"https:\\\/\\\/comuna.pt\\\/pt-pt\\\/#\\\/schema\\\/logo\\\/image\\\/\"},\"sameAs\":[\"http:\\\/\\\/facebook.com\\\/comuna.rental\",\"https:\\\/\\\/www.instagram.com\\\/comuna_rental\",\"https:\\\/\\\/www.linkedin.com\\\/company\\\/96410498\"]}]}<\/script>\n<meta property=\"product:price:amount\" content=\"5.00\" \/>\n<meta property=\"product:price:currency\" content=\"EUR\" \/>\n<meta property=\"og:availability\" content=\"instock\" \/>\n<meta property=\"product:availability\" content=\"instock\" \/>\n<meta property=\"product:condition\" content=\"new\" \/>\n<!-- \/ Yoast SEO Premium plugin. -->","yoast_head_json":{"title":"Filtro Polarizador 77mm B+W CPL MRC | Comuna Studios &amp; Equipment Rental","robots":{"index":"index","follow":"follow","max-snippet":"max-snippet:-1","max-image-preview":"max-image-preview:large","max-video-preview":"max-video-preview:-1"},"canonical":"https:\/\/comuna.pt\/pt-pt\/product\/filtro-polarizador-77mm-bw-cpl-mrc\/","og_locale":"pt_PT","og_type":"article","og_title":"Filtro Polarizador 77mm B+W CPL MRC","og_description":"O que est\u00e1 inclu\u00eddo: 1x Filtro Polarizador B+W CPL MRC 77mm 1x Estojo O Filtro Polarizador Circular MRC Basic de 77mm da B+W minimiza reflexos e brilhos indesejados, filtrando a luz polarizada refletida de superf\u00edcies n\u00e3o met\u00e1licas. A luz solar torna-se parcialmente polarizada ao refletir-se em part\u00edculas na atmosfera, resultando num efeito de neblina dispersa. [&hellip;]","og_url":"https:\/\/comuna.pt\/pt-pt\/product\/filtro-polarizador-77mm-bw-cpl-mrc\/","og_site_name":"Comuna Studios &amp; Equipment Rental","article_publisher":"http:\/\/facebook.com\/comuna.rental","article_modified_time":"2026-01-31T13:24:33+00:00","og_image":[{"width":500,"height":500,"url":"https:\/\/comuna.pt\/wp-content\/uploads\/2024\/11\/b_w_66_1100754_77mm_cirkular_pol_mrc_1639391409_1671394.jpg","type":"image\/jpeg"}],"twitter_card":"summary_large_image","twitter_misc":{"pre\u00e7o":"&euro;5,00 + 23% VAT","Disponibilidade":"Em stock"},"schema":{"@context":"https:\/\/schema.org","@graph":[{"@type":["WebPage","ItemPage"],"@id":"https:\/\/comuna.pt\/pt-pt\/product\/filtro-polarizador-77mm-bw-cpl-mrc\/","url":"https:\/\/comuna.pt\/pt-pt\/product\/filtro-polarizador-77mm-bw-cpl-mrc\/","name":"Filtro Polarizador 77mm B+W CPL MRC | Comuna Studios &amp; Equipment Rental","isPartOf":{"@id":"https:\/\/comuna.pt\/pt-pt\/#website"},"primaryImageOfPage":{"@id":"https:\/\/comuna.pt\/pt-pt\/product\/filtro-polarizador-77mm-bw-cpl-mrc\/#primaryimage"},"image":{"@id":"https:\/\/comuna.pt\/pt-pt\/product\/filtro-polarizador-77mm-bw-cpl-mrc\/#primaryimage"},"thumbnailUrl":"https:\/\/comuna.pt\/wp-content\/uploads\/2024\/11\/b_w_66_1100754_77mm_cirkular_pol_mrc_1639391409_1671394.jpg","datePublished":"2024-11-01T18:19:39+00:00","dateModified":"2026-01-31T13:24:33+00:00","breadcrumb":{"@id":"https:\/\/comuna.pt\/pt-pt\/product\/filtro-polarizador-77mm-bw-cpl-mrc\/#breadcrumb"},"inLanguage":"pt-PT","potentialAction":[{"@type":"ReadAction","target":["https:\/\/comuna.pt\/pt-pt\/product\/filtro-polarizador-77mm-bw-cpl-mrc\/"]}]},{"@type":"ImageObject","inLanguage":"pt-PT","@id":"https:\/\/comuna.pt\/pt-pt\/product\/filtro-polarizador-77mm-bw-cpl-mrc\/#primaryimage","url":"https:\/\/comuna.pt\/wp-content\/uploads\/2024\/11\/b_w_66_1100754_77mm_cirkular_pol_mrc_1639391409_1671394.jpg","contentUrl":"https:\/\/comuna.pt\/wp-content\/uploads\/2024\/11\/b_w_66_1100754_77mm_cirkular_pol_mrc_1639391409_1671394.jpg","width":500,"height":500},{"@type":"BreadcrumbList","@id":"https:\/\/comuna.pt\/pt-pt\/product\/filtro-polarizador-77mm-bw-cpl-mrc\/#breadcrumb","itemListElement":[{"@type":"ListItem","position":1,"name":"Home","item":"https:\/\/comuna.pt\/pt-pt\/"},{"@type":"ListItem","position":2,"name":"Produtos"},{"@type":"ListItem","position":3,"name":"Matte Box e Filtros","item":"https:\/\/comuna.pt\/pt-pt\/Categoria\/matte-box-e-filtros\/"},{"@type":"ListItem","position":4,"name":"Filtro Polarizador 77mm B+W CPL MRC"}]},{"@type":"WebSite","@id":"https:\/\/comuna.pt\/pt-pt\/#website","url":"https:\/\/comuna.pt\/pt-pt\/","name":"Comuna Rental House","description":"Photo studios, Podcast &amp; Equipment Rental","publisher":{"@id":"https:\/\/comuna.pt\/pt-pt\/#organization"},"alternateName":"Comuna Filmmaking Equipment Rental","potentialAction":[{"@type":"SearchAction","target":{"@type":"EntryPoint","urlTemplate":"https:\/\/comuna.pt\/pt-pt\/?s={search_term_string}"},"query-input":{"@type":"PropertyValueSpecification","valueRequired":true,"valueName":"search_term_string"}}],"inLanguage":"pt-PT"},{"@type":"Organization","@id":"https:\/\/comuna.pt\/pt-pt\/#organization","name":"Comuna Rental House","url":"https:\/\/comuna.pt\/pt-pt\/","logo":{"@type":"ImageObject","inLanguage":"pt-PT","@id":"https:\/\/comuna.pt\/pt-pt\/#\/schema\/logo\/image\/","url":"https:\/\/comuna.pt\/wp-content\/uploads\/2024\/03\/comuna_logo_website.png","contentUrl":"https:\/\/comuna.pt\/wp-content\/uploads\/2024\/03\/comuna_logo_website.png","width":2000,"height":262,"caption":"Comuna Rental House"},"image":{"@id":"https:\/\/comuna.pt\/pt-pt\/#\/schema\/logo\/image\/"},"sameAs":["http:\/\/facebook.com\/comuna.rental","https:\/\/www.instagram.com\/comuna_rental","https:\/\/www.linkedin.com\/company\/96410498"]}]},"product_price_amount":"5.00","product_price_currency":"EUR","og_availability":"instock","product_availability":"instock","product_condition":"new"},"_links":{"self":[{"href":"https:\/\/comuna.pt\/pt-pt\/wp-json\/wp\/v2\/product\/18508","targetHints":{"allow":["GET"]}}],"collection":[{"href":"https:\/\/comuna.pt\/pt-pt\/wp-json\/wp\/v2\/product"}],"about":[{"href":"https:\/\/comuna.pt\/pt-pt\/wp-json\/wp\/v2\/types\/product"}],"version-history":[{"count":3,"href":"https:\/\/comuna.pt\/pt-pt\/wp-json\/wp\/v2\/product\/18508\/revisions"}],"predecessor-version":[{"id":18628,"href":"https:\/\/comuna.pt\/pt-pt\/wp-json\/wp\/v2\/product\/18508\/revisions\/18628"}],"wp:featuredmedia":[{"embeddable":true,"href":"https:\/\/comuna.pt\/pt-pt\/wp-json\/wp\/v2\/media\/18509"}],"wp:attachment":[{"href":"https:\/\/comuna.pt\/pt-pt\/wp-json\/wp\/v2\/media?parent=18508"}],"wp:term":[{"taxonomy":"product_brand","embeddable":true,"href":"https:\/\/comuna.pt\/pt-pt\/wp-json\/wp\/v2\/product_brand?post=18508"},{"taxonomy":"product_cat","embeddable":true,"href":"https:\/\/comuna.pt\/pt-pt\/wp-json\/wp\/v2\/product_cat?post=18508"},{"taxonomy":"product_tag","embeddable":true,"href":"https:\/\/comuna.pt\/pt-pt\/wp-json\/wp\/v2\/product_tag?post=18508"}],"curies":[{"name":"wp","href":"https:\/\/api.w.org\/{rel}","templated":true}]}}