{"id":18487,"date":"2025-04-02T14:53:18","date_gmt":"2025-04-02T13:53:18","guid":{"rendered":"https:\/\/comuna.pt\/product\/cfexpress-256gb-type-b-lexar-professional-gold\/"},"modified":"2026-01-31T13:36:34","modified_gmt":"2026-01-31T13:36:34","slug":"cfexpress-256gb-type-b-lexar-professional-gold","status":"publish","type":"product","link":"https:\/\/comuna.pt\/pt-pt\/product\/cfexpress-256gb-type-b-lexar-professional-gold\/","title":{"rendered":"CFexpress 256GB Type B Lexar Professional Gold"},"content":{"rendered":"<pre><div class=\"booqable-product-button\" data-id=\"cfexpress-256gb-type-b-lexar-professional-gold\"><\/div><\/p>\n<p data-pm-slice=\"1 1 []\">O cart\u00e3o de mem\u00f3ria <a href=\"https:\/\/www.lexar.com\/product\/lexar-professional-cfexpress-type-b-card-gold-series\/\">CFexpress 256GB Type B Lexar Professional Gold<\/a> \u00e9 uma excelente escolha para fins de aluguer, ideal para fotografia profissional e produ\u00e7\u00e3o de v\u00eddeo sob condi\u00e7\u00f5es exigentes. Combina alta velocidade, fiabilidade e desempenho excecional, sendo a solu\u00e7\u00e3o preferida para fot\u00f3grafos e vide\u00f3grafos que necessitam de equipamento fi\u00e1vel temporariamente.<\/p>\n<p>O Lexar Professional Gold oferece velocidades de leitura impressionantes de at\u00e9 1750 MB\/s e velocidades de escrita de at\u00e9 1000 MB\/s, garantindo transfer\u00eancias de dados r\u00e1pidas e disparos em rajada (burst) suaves e ininterruptos. Com uma capacidade de 256GB, \u00e9 adequado para grava\u00e7\u00f5es de v\u00eddeo prolongadas em resolu\u00e7\u00f5es 4K e at\u00e9 8K, proporcionando armazenamento amplo para projetos exigentes sem a necessidade de trocas frequentes de cart\u00e3o. Constru\u00eddo com durabilidade e fiabilidade excecionais, o cart\u00e3o Lexar CFexpress Type B protege as suas imagens mesmo em ambientes extremos. \u00c9 totalmente compat\u00edvel com as principais marcas de c\u00e2maras como a <a>Canon<\/a>, <a>Nikon<\/a>, <a>Panasonic<\/a>, entre outras que suportam o padr\u00e3o CFexpress Type B, tornando-o uma op\u00e7\u00e3o vers\u00e1til em equipamento de aluguer.<\/p>\n","protected":false},"excerpt":{"rendered":"<p>O cart\u00e3o de mem\u00f3ria CFexpress 256GB Type B Lexar Professional Gold \u00e9 uma excelente escolha para fins de aluguer, ideal para fotografia profissional e produ\u00e7\u00e3o de v\u00eddeo sob condi\u00e7\u00f5es exigentes. Combina alta velocidade, fiabilidade e desempenho excecional, sendo a solu\u00e7\u00e3o preferida para fot\u00f3grafos e vide\u00f3grafos que necessitam de equipamento fi\u00e1vel temporariamente. O Lexar Professional Gold [&hellip;]<\/p>\n","protected":false},"featured_media":18488,"template":"","meta":[],"product_brand":[],"product_cat":[805870],"product_tag":[],"class_list":{"0":"post-18487","1":"product","2":"type-product","3":"status-publish","4":"has-post-thumbnail","6":"product_cat-cartoes-de-memoria-e-leitores","8":"first","9":"instock","10":"taxable","11":"shipping-taxable","12":"purchasable","13":"product-type-simple"},"yoast_head":"<!-- This site is optimized with the Yoast SEO Premium plugin v27.3 (Yoast SEO v27.4) - https:\/\/yoast.com\/product\/yoast-seo-premium-wordpress\/ -->\n<title>CFexpress 256GB Type B Lexar Professional Gold | Comuna Studios &amp; Equipment Rental<\/title>\n<meta name=\"description\" content=\"Desempenho de alta velocidade com o CFexpress 256GB Type B Lexar Professional Gold. Eleve o n\u00edvel da sua fotografia e v\u00eddeo agora!\" \/>\n<meta name=\"robots\" content=\"index, follow, max-snippet:-1, max-image-preview:large, max-video-preview:-1\" \/>\n<link rel=\"canonical\" href=\"https:\/\/comuna.pt\/pt-pt\/product\/cfexpress-256gb-type-b-lexar-professional-gold\/\" \/>\n<meta property=\"og:locale\" content=\"pt_PT\" \/>\n<meta property=\"og:type\" content=\"article\" \/>\n<meta property=\"og:title\" content=\"CFexpress 256GB Type B Lexar Professional Gold\" \/>\n<meta property=\"og:description\" content=\"Desempenho de alta velocidade com o CFexpress 256GB Type B Lexar Professional Gold. Eleve o n\u00edvel da sua fotografia e v\u00eddeo agora!\" \/>\n<meta property=\"og:url\" content=\"https:\/\/comuna.pt\/pt-pt\/product\/cfexpress-256gb-type-b-lexar-professional-gold\/\" \/>\n<meta property=\"og:site_name\" content=\"Comuna Studios &amp; Equipment Rental\" \/>\n<meta property=\"article:publisher\" content=\"http:\/\/facebook.com\/comuna.rental\" \/>\n<meta property=\"article:modified_time\" content=\"2026-01-31T13:36:34+00:00\" \/>\n<meta property=\"og:image\" content=\"https:\/\/comuna.pt\/wp-content\/uploads\/2025\/04\/1676898054_1752565.jpg\" \/>\n\t<meta property=\"og:image:width\" content=\"500\" \/>\n\t<meta property=\"og:image:height\" content=\"500\" \/>\n\t<meta property=\"og:image:type\" content=\"image\/jpeg\" \/>\n<meta name=\"twitter:card\" content=\"summary_large_image\" \/>\n<meta name=\"twitter:label1\" content=\"pre\u00e7o\" \/>\n\t<meta name=\"twitter:data1\" content=\"&euro;18,00 + 23% VAT\" \/>\n\t<meta name=\"twitter:label2\" content=\"Disponibilidade\" \/>\n\t<meta name=\"twitter:data2\" content=\"Em stock\" \/>\n<script type=\"application\/ld+json\" class=\"yoast-schema-graph\">{\"@context\":\"https:\\\/\\\/schema.org\",\"@graph\":[{\"@type\":[\"WebPage\",\"ItemPage\"],\"@id\":\"https:\\\/\\\/comuna.pt\\\/pt-pt\\\/product\\\/cfexpress-256gb-type-b-lexar-professional-gold\\\/\",\"url\":\"https:\\\/\\\/comuna.pt\\\/pt-pt\\\/product\\\/cfexpress-256gb-type-b-lexar-professional-gold\\\/\",\"name\":\"CFexpress 256GB Type B Lexar Professional Gold | Comuna Studios &amp; Equipment Rental\",\"isPartOf\":{\"@id\":\"https:\\\/\\\/comuna.pt\\\/pt-pt\\\/#website\"},\"primaryImageOfPage\":{\"@id\":\"https:\\\/\\\/comuna.pt\\\/pt-pt\\\/product\\\/cfexpress-256gb-type-b-lexar-professional-gold\\\/#primaryimage\"},\"image\":{\"@id\":\"https:\\\/\\\/comuna.pt\\\/pt-pt\\\/product\\\/cfexpress-256gb-type-b-lexar-professional-gold\\\/#primaryimage\"},\"thumbnailUrl\":\"https:\\\/\\\/comuna.pt\\\/wp-content\\\/uploads\\\/2025\\\/04\\\/1676898054_1752565.jpg\",\"datePublished\":\"2025-04-02T13:53:18+00:00\",\"dateModified\":\"2026-01-31T13:36:34+00:00\",\"description\":\"Desempenho de alta velocidade com o CFexpress 256GB Type B Lexar Professional Gold. Eleve o n\u00edvel da sua fotografia e v\u00eddeo agora!\",\"breadcrumb\":{\"@id\":\"https:\\\/\\\/comuna.pt\\\/pt-pt\\\/product\\\/cfexpress-256gb-type-b-lexar-professional-gold\\\/#breadcrumb\"},\"inLanguage\":\"pt-PT\",\"potentialAction\":[{\"@type\":\"ReadAction\",\"target\":[\"https:\\\/\\\/comuna.pt\\\/pt-pt\\\/product\\\/cfexpress-256gb-type-b-lexar-professional-gold\\\/\"]}]},{\"@type\":\"ImageObject\",\"inLanguage\":\"pt-PT\",\"@id\":\"https:\\\/\\\/comuna.pt\\\/pt-pt\\\/product\\\/cfexpress-256gb-type-b-lexar-professional-gold\\\/#primaryimage\",\"url\":\"https:\\\/\\\/comuna.pt\\\/wp-content\\\/uploads\\\/2025\\\/04\\\/1676898054_1752565.jpg\",\"contentUrl\":\"https:\\\/\\\/comuna.pt\\\/wp-content\\\/uploads\\\/2025\\\/04\\\/1676898054_1752565.jpg\",\"width\":500,\"height\":500},{\"@type\":\"BreadcrumbList\",\"@id\":\"https:\\\/\\\/comuna.pt\\\/pt-pt\\\/product\\\/cfexpress-256gb-type-b-lexar-professional-gold\\\/#breadcrumb\",\"itemListElement\":[{\"@type\":\"ListItem\",\"position\":1,\"name\":\"Home\",\"item\":\"https:\\\/\\\/comuna.pt\\\/pt-pt\\\/\"},{\"@type\":\"ListItem\",\"position\":2,\"name\":\"Produtos\"},{\"@type\":\"ListItem\",\"position\":3,\"name\":\"Cart\u00f5es de Mem\u00f3ria e Leitores\",\"item\":\"https:\\\/\\\/comuna.pt\\\/pt-pt\\\/Categoria\\\/cartoes-de-memoria-e-leitores\\\/\"},{\"@type\":\"ListItem\",\"position\":4,\"name\":\"CFexpress 256GB Type B Lexar Professional Gold\"}]},{\"@type\":\"WebSite\",\"@id\":\"https:\\\/\\\/comuna.pt\\\/pt-pt\\\/#website\",\"url\":\"https:\\\/\\\/comuna.pt\\\/pt-pt\\\/\",\"name\":\"Comuna Rental House\",\"description\":\"Photo studios, Podcast &amp; Equipment Rental\",\"publisher\":{\"@id\":\"https:\\\/\\\/comuna.pt\\\/pt-pt\\\/#organization\"},\"alternateName\":\"Comuna Filmmaking Equipment Rental\",\"potentialAction\":[{\"@type\":\"SearchAction\",\"target\":{\"@type\":\"EntryPoint\",\"urlTemplate\":\"https:\\\/\\\/comuna.pt\\\/pt-pt\\\/?s={search_term_string}\"},\"query-input\":{\"@type\":\"PropertyValueSpecification\",\"valueRequired\":true,\"valueName\":\"search_term_string\"}}],\"inLanguage\":\"pt-PT\"},{\"@type\":\"Organization\",\"@id\":\"https:\\\/\\\/comuna.pt\\\/pt-pt\\\/#organization\",\"name\":\"Comuna Rental House\",\"url\":\"https:\\\/\\\/comuna.pt\\\/pt-pt\\\/\",\"logo\":{\"@type\":\"ImageObject\",\"inLanguage\":\"pt-PT\",\"@id\":\"https:\\\/\\\/comuna.pt\\\/pt-pt\\\/#\\\/schema\\\/logo\\\/image\\\/\",\"url\":\"https:\\\/\\\/comuna.pt\\\/wp-content\\\/uploads\\\/2024\\\/03\\\/comuna_logo_website.png\",\"contentUrl\":\"https:\\\/\\\/comuna.pt\\\/wp-content\\\/uploads\\\/2024\\\/03\\\/comuna_logo_website.png\",\"width\":2000,\"height\":262,\"caption\":\"Comuna Rental House\"},\"image\":{\"@id\":\"https:\\\/\\\/comuna.pt\\\/pt-pt\\\/#\\\/schema\\\/logo\\\/image\\\/\"},\"sameAs\":[\"http:\\\/\\\/facebook.com\\\/comuna.rental\",\"https:\\\/\\\/www.instagram.com\\\/comuna_rental\",\"https:\\\/\\\/www.linkedin.com\\\/company\\\/96410498\"]}]}<\/script>\n<meta property=\"product:price:amount\" content=\"18.00\" \/>\n<meta property=\"product:price:currency\" content=\"EUR\" \/>\n<meta property=\"og:availability\" content=\"instock\" \/>\n<meta property=\"product:availability\" content=\"instock\" \/>\n<meta property=\"product:condition\" content=\"new\" \/>\n<!-- \/ Yoast SEO Premium plugin. -->","yoast_head_json":{"title":"CFexpress 256GB Type B Lexar Professional Gold | Comuna Studios &amp; Equipment Rental","description":"Desempenho de alta velocidade com o CFexpress 256GB Type B Lexar Professional Gold. Eleve o n\u00edvel da sua fotografia e v\u00eddeo agora!","robots":{"index":"index","follow":"follow","max-snippet":"max-snippet:-1","max-image-preview":"max-image-preview:large","max-video-preview":"max-video-preview:-1"},"canonical":"https:\/\/comuna.pt\/pt-pt\/product\/cfexpress-256gb-type-b-lexar-professional-gold\/","og_locale":"pt_PT","og_type":"article","og_title":"CFexpress 256GB Type B Lexar Professional Gold","og_description":"Desempenho de alta velocidade com o CFexpress 256GB Type B Lexar Professional Gold. Eleve o n\u00edvel da sua fotografia e v\u00eddeo agora!","og_url":"https:\/\/comuna.pt\/pt-pt\/product\/cfexpress-256gb-type-b-lexar-professional-gold\/","og_site_name":"Comuna Studios &amp; Equipment Rental","article_publisher":"http:\/\/facebook.com\/comuna.rental","article_modified_time":"2026-01-31T13:36:34+00:00","og_image":[{"width":500,"height":500,"url":"https:\/\/comuna.pt\/wp-content\/uploads\/2025\/04\/1676898054_1752565.jpg","type":"image\/jpeg"}],"twitter_card":"summary_large_image","twitter_misc":{"pre\u00e7o":"&euro;18,00 + 23% VAT","Disponibilidade":"Em stock"},"schema":{"@context":"https:\/\/schema.org","@graph":[{"@type":["WebPage","ItemPage"],"@id":"https:\/\/comuna.pt\/pt-pt\/product\/cfexpress-256gb-type-b-lexar-professional-gold\/","url":"https:\/\/comuna.pt\/pt-pt\/product\/cfexpress-256gb-type-b-lexar-professional-gold\/","name":"CFexpress 256GB Type B Lexar Professional Gold | Comuna Studios &amp; Equipment Rental","isPartOf":{"@id":"https:\/\/comuna.pt\/pt-pt\/#website"},"primaryImageOfPage":{"@id":"https:\/\/comuna.pt\/pt-pt\/product\/cfexpress-256gb-type-b-lexar-professional-gold\/#primaryimage"},"image":{"@id":"https:\/\/comuna.pt\/pt-pt\/product\/cfexpress-256gb-type-b-lexar-professional-gold\/#primaryimage"},"thumbnailUrl":"https:\/\/comuna.pt\/wp-content\/uploads\/2025\/04\/1676898054_1752565.jpg","datePublished":"2025-04-02T13:53:18+00:00","dateModified":"2026-01-31T13:36:34+00:00","description":"Desempenho de alta velocidade com o CFexpress 256GB Type B Lexar Professional Gold. Eleve o n\u00edvel da sua fotografia e v\u00eddeo agora!","breadcrumb":{"@id":"https:\/\/comuna.pt\/pt-pt\/product\/cfexpress-256gb-type-b-lexar-professional-gold\/#breadcrumb"},"inLanguage":"pt-PT","potentialAction":[{"@type":"ReadAction","target":["https:\/\/comuna.pt\/pt-pt\/product\/cfexpress-256gb-type-b-lexar-professional-gold\/"]}]},{"@type":"ImageObject","inLanguage":"pt-PT","@id":"https:\/\/comuna.pt\/pt-pt\/product\/cfexpress-256gb-type-b-lexar-professional-gold\/#primaryimage","url":"https:\/\/comuna.pt\/wp-content\/uploads\/2025\/04\/1676898054_1752565.jpg","contentUrl":"https:\/\/comuna.pt\/wp-content\/uploads\/2025\/04\/1676898054_1752565.jpg","width":500,"height":500},{"@type":"BreadcrumbList","@id":"https:\/\/comuna.pt\/pt-pt\/product\/cfexpress-256gb-type-b-lexar-professional-gold\/#breadcrumb","itemListElement":[{"@type":"ListItem","position":1,"name":"Home","item":"https:\/\/comuna.pt\/pt-pt\/"},{"@type":"ListItem","position":2,"name":"Produtos"},{"@type":"ListItem","position":3,"name":"Cart\u00f5es de Mem\u00f3ria e Leitores","item":"https:\/\/comuna.pt\/pt-pt\/Categoria\/cartoes-de-memoria-e-leitores\/"},{"@type":"ListItem","position":4,"name":"CFexpress 256GB Type B Lexar Professional Gold"}]},{"@type":"WebSite","@id":"https:\/\/comuna.pt\/pt-pt\/#website","url":"https:\/\/comuna.pt\/pt-pt\/","name":"Comuna Rental House","description":"Photo studios, Podcast &amp; Equipment Rental","publisher":{"@id":"https:\/\/comuna.pt\/pt-pt\/#organization"},"alternateName":"Comuna Filmmaking Equipment Rental","potentialAction":[{"@type":"SearchAction","target":{"@type":"EntryPoint","urlTemplate":"https:\/\/comuna.pt\/pt-pt\/?s={search_term_string}"},"query-input":{"@type":"PropertyValueSpecification","valueRequired":true,"valueName":"search_term_string"}}],"inLanguage":"pt-PT"},{"@type":"Organization","@id":"https:\/\/comuna.pt\/pt-pt\/#organization","name":"Comuna Rental House","url":"https:\/\/comuna.pt\/pt-pt\/","logo":{"@type":"ImageObject","inLanguage":"pt-PT","@id":"https:\/\/comuna.pt\/pt-pt\/#\/schema\/logo\/image\/","url":"https:\/\/comuna.pt\/wp-content\/uploads\/2024\/03\/comuna_logo_website.png","contentUrl":"https:\/\/comuna.pt\/wp-content\/uploads\/2024\/03\/comuna_logo_website.png","width":2000,"height":262,"caption":"Comuna Rental House"},"image":{"@id":"https:\/\/comuna.pt\/pt-pt\/#\/schema\/logo\/image\/"},"sameAs":["http:\/\/facebook.com\/comuna.rental","https:\/\/www.instagram.com\/comuna_rental","https:\/\/www.linkedin.com\/company\/96410498"]}]},"product_price_amount":"18.00","product_price_currency":"EUR","og_availability":"instock","product_availability":"instock","product_condition":"new"},"_links":{"self":[{"href":"https:\/\/comuna.pt\/pt-pt\/wp-json\/wp\/v2\/product\/18487","targetHints":{"allow":["GET"]}}],"collection":[{"href":"https:\/\/comuna.pt\/pt-pt\/wp-json\/wp\/v2\/product"}],"about":[{"href":"https:\/\/comuna.pt\/pt-pt\/wp-json\/wp\/v2\/types\/product"}],"version-history":[{"count":5,"href":"https:\/\/comuna.pt\/pt-pt\/wp-json\/wp\/v2\/product\/18487\/revisions"}],"predecessor-version":[{"id":19237,"href":"https:\/\/comuna.pt\/pt-pt\/wp-json\/wp\/v2\/product\/18487\/revisions\/19237"}],"wp:featuredmedia":[{"embeddable":true,"href":"https:\/\/comuna.pt\/pt-pt\/wp-json\/wp\/v2\/media\/18488"}],"wp:attachment":[{"href":"https:\/\/comuna.pt\/pt-pt\/wp-json\/wp\/v2\/media?parent=18487"}],"wp:term":[{"taxonomy":"product_brand","embeddable":true,"href":"https:\/\/comuna.pt\/pt-pt\/wp-json\/wp\/v2\/product_brand?post=18487"},{"taxonomy":"product_cat","embeddable":true,"href":"https:\/\/comuna.pt\/pt-pt\/wp-json\/wp\/v2\/product_cat?post=18487"},{"taxonomy":"product_tag","embeddable":true,"href":"https:\/\/comuna.pt\/pt-pt\/wp-json\/wp\/v2\/product_tag?post=18487"}],"curies":[{"name":"wp","href":"https:\/\/api.w.org\/{rel}","templated":true}]}}