{"id":18470,"date":"2025-04-02T15:32:50","date_gmt":"2025-04-02T14:32:50","guid":{"rendered":"https:\/\/comuna.pt\/product\/leitor-de-cartoes-de-memoria-cfexpress-type-b-sony-mrw-g1\/"},"modified":"2026-01-31T13:36:34","modified_gmt":"2026-01-31T13:36:34","slug":"leitor-de-cartoes-de-memoria-cfexpress-type-b-sony-mrw-g1","status":"publish","type":"product","link":"https:\/\/comuna.pt\/pt-pt\/product\/leitor-de-cartoes-de-memoria-cfexpress-type-b-sony-mrw-g1\/","title":{"rendered":"Leitor de Cart\u00f5es de Mem\u00f3ria CFexpress Type B Sony MRW-G1"},"content":{"rendered":"<div class=\"booqable-product-button\" data-id=\"card-reader-cfexpress-type-b-memory-sony-mrw-g1\"><\/div>\n<p>O <strong data-start=\"4\" data-end=\"118\"><a class=\"\" href=\"https:\/\/www.sony.com\/lr\/electronics\/card-readers\/mrw-g1\" target=\"_new\" rel=\"noopener\" data-start=\"6\" data-end=\"116\">Leitor de Cart\u00f5es Sony MRW-G1 CFexpress Type B\/XQD<\/a><\/strong> \u00e9 um dispositivo fi\u00e1vel e de alto desempenho, adaptado especificamente para fot\u00f3grafos e vide\u00f3grafos profissionais que necessitam de solu\u00e7\u00f5es eficientes de transfer\u00eancia de dados. \u00c9 ideal para aluguer devido \u00e0 sua compatibilidade com uma vasta variedade de equipamento fotogr\u00e1fico profissional e benef\u00edcios na otimiza\u00e7\u00e3o do fluxo de trabalho. &nbsp;<\/p>\n<p class=\"\" data-start=\"424\" data-end=\"895\">Equipado com uma interface <strong data-start=\"447\" data-end=\"475\">SuperSpeed USB 3.1 Gen 2<\/strong> de alta velocidade, este leitor suporta velocidades de transfer\u00eancia de at\u00e9 10 Gb\/s, simplificando significativamente o processo de transfer\u00eancia de ficheiros grandes de foto e v\u00eddeo de cart\u00f5es de mem\u00f3ria <strong data-start=\"640\" data-end=\"702\"><a target=\"_new\" rel=\"noopener\" data-start=\"642\" data-end=\"700\">CFexpress Type B<\/a><\/strong> e <strong data-start=\"707\" data-end=\"750\"><a target=\"_new\" rel=\"noopener\" data-start=\"709\" data-end=\"748\">XQD<\/a><\/strong>. Esta velocidade reduz drasticamente o tempo de inatividade, permitindo que os profissionais passem mais tempo a captar imagens e menos tempo a gerir dados.<\/p>\n<p class=\"\" data-start=\"897\" data-end=\"1255\">Gra\u00e7as \u00e0 sua constru\u00e7\u00e3o compacta e robusta, o Sony MRW-G1 cabe convenientemente em malas de equipamento ou bolsos, sendo adequado para filmagens em exterior. Inclui cabos USB Type-C para Type-C e USB Type-C para Type-A, garantindo conectividade perfeita com v\u00e1rios sistemas inform\u00e1ticos e aumentando a sua versatilidade e usabilidade em diferentes cen\u00e1rios profissionais.<\/p>\n<p class=\"\" data-start=\"1257\" data-end=\"1762\">Este leitor de cart\u00f5es complementa perfeitamente cart\u00f5es de mem\u00f3ria de alta velocidade, como o CFexpress Type B, comummente utilizado em c\u00e2maras avan\u00e7adas de marcas como <strong data-start=\"1401\" data-end=\"1480\"><a class=\"\" href=\"https:\/\/www.canon-europe.com\/pro\/cameras\/accessories\/memory-cards\/\" target=\"_new\" rel=\"noopener\" data-start=\"1403\" data-end=\"1478\">Canon<\/a><\/strong>, <strong data-start=\"1482\" data-end=\"1579\"><a class=\"\" href=\"https:\/\/www.nikonusa.com\/en\/nikon-products\/photography-accessories\/memory-cards.page\" target=\"_new\" rel=\"noopener\" data-start=\"1484\" data-end=\"1577\">Nikon<\/a><\/strong> e <strong data-start=\"1585\" data-end=\"1673\"><a class=\"\" href=\"https:\/\/panasonic.jp\/support\/global\/cs\/dsc\/connect\/cfexpress\/index.html\" target=\"_new\" rel=\"noopener\" data-start=\"1587\" data-end=\"1671\">Panasonic<\/a><\/strong>, garantindo assim uma ampla compatibilidade e m\u00e1xima flexibilidade no seu invent\u00e1rio de aluguer.<\/p>\n","protected":false},"excerpt":{"rendered":"<p>O Leitor de Cart\u00f5es Sony MRW-G1 CFexpress Type B\/XQD \u00e9 um dispositivo fi\u00e1vel e de alto desempenho, adaptado especificamente para fot\u00f3grafos e vide\u00f3grafos profissionais que necessitam de solu\u00e7\u00f5es eficientes de transfer\u00eancia de dados. \u00c9 ideal para aluguer devido \u00e0 sua compatibilidade com uma vasta variedade de equipamento fotogr\u00e1fico profissional e benef\u00edcios na otimiza\u00e7\u00e3o do fluxo [&hellip;]<\/p>\n","protected":false},"featured_media":18473,"template":"","meta":[],"product_brand":[],"product_cat":[805870],"product_tag":[],"class_list":{"0":"post-18470","1":"product","2":"type-product","3":"status-publish","4":"has-post-thumbnail","6":"product_cat-cartoes-de-memoria-e-leitores","8":"first","9":"instock","10":"taxable","11":"shipping-taxable","12":"purchasable","13":"product-type-simple"},"yoast_head":"<!-- This site is optimized with the Yoast SEO Premium plugin v27.3 (Yoast SEO v27.4) - https:\/\/yoast.com\/product\/yoast-seo-premium-wordpress\/ -->\n<title>Leitor de Cart\u00f5es de Mem\u00f3ria CFexpress Type B Sony MRW-G1 | Comuna Studios &amp; Equipment Rental<\/title>\n<meta name=\"description\" content=\"Transfer\u00eancias de dados de alta velocidade com o Leitor de Cart\u00f5es CFexpress Type B, concebido para profissionais que exigem efici\u00eancia. Melhore o seu fluxo de trabalho hoje!\" \/>\n<meta name=\"robots\" content=\"index, follow, max-snippet:-1, max-image-preview:large, max-video-preview:-1\" \/>\n<link rel=\"canonical\" href=\"https:\/\/comuna.pt\/pt-pt\/product\/leitor-de-cartoes-de-memoria-cfexpress-type-b-sony-mrw-g1\/\" \/>\n<meta property=\"og:locale\" content=\"pt_PT\" \/>\n<meta property=\"og:type\" content=\"article\" \/>\n<meta property=\"og:title\" content=\"Leitor de Cart\u00f5es de Mem\u00f3ria CFexpress Type B Sony MRW-G1\" \/>\n<meta property=\"og:description\" content=\"Transfer\u00eancias de dados de alta velocidade com o Leitor de Cart\u00f5es CFexpress Type B, concebido para profissionais que exigem efici\u00eancia. Melhore o seu fluxo de trabalho hoje!\" \/>\n<meta property=\"og:url\" content=\"https:\/\/comuna.pt\/pt-pt\/product\/leitor-de-cartoes-de-memoria-cfexpress-type-b-sony-mrw-g1\/\" \/>\n<meta property=\"og:site_name\" content=\"Comuna Studios &amp; Equipment Rental\" \/>\n<meta property=\"article:publisher\" content=\"http:\/\/facebook.com\/comuna.rental\" \/>\n<meta property=\"article:modified_time\" content=\"2026-01-31T13:36:34+00:00\" \/>\n<meta property=\"og:image\" content=\"https:\/\/comuna.pt\/wp-content\/uploads\/2025\/04\/1653474034_1532007.jpg\" \/>\n\t<meta property=\"og:image:width\" content=\"500\" \/>\n\t<meta property=\"og:image:height\" content=\"500\" \/>\n\t<meta property=\"og:image:type\" content=\"image\/jpeg\" \/>\n<meta name=\"twitter:card\" content=\"summary_large_image\" \/>\n<meta name=\"twitter:label1\" content=\"pre\u00e7o\" \/>\n\t<meta name=\"twitter:data1\" content=\"&euro;6,00 + 23% VAT\" \/>\n\t<meta name=\"twitter:label2\" content=\"Disponibilidade\" \/>\n\t<meta name=\"twitter:data2\" content=\"Em stock\" \/>\n<script type=\"application\/ld+json\" class=\"yoast-schema-graph\">{\"@context\":\"https:\\\/\\\/schema.org\",\"@graph\":[{\"@type\":[\"WebPage\",\"ItemPage\"],\"@id\":\"https:\\\/\\\/comuna.pt\\\/pt-pt\\\/product\\\/leitor-de-cartoes-de-memoria-cfexpress-type-b-sony-mrw-g1\\\/\",\"url\":\"https:\\\/\\\/comuna.pt\\\/pt-pt\\\/product\\\/leitor-de-cartoes-de-memoria-cfexpress-type-b-sony-mrw-g1\\\/\",\"name\":\"Leitor de Cart\u00f5es de Mem\u00f3ria CFexpress Type B Sony MRW-G1 | Comuna Studios &amp; Equipment Rental\",\"isPartOf\":{\"@id\":\"https:\\\/\\\/comuna.pt\\\/pt-pt\\\/#website\"},\"primaryImageOfPage\":{\"@id\":\"https:\\\/\\\/comuna.pt\\\/pt-pt\\\/product\\\/leitor-de-cartoes-de-memoria-cfexpress-type-b-sony-mrw-g1\\\/#primaryimage\"},\"image\":{\"@id\":\"https:\\\/\\\/comuna.pt\\\/pt-pt\\\/product\\\/leitor-de-cartoes-de-memoria-cfexpress-type-b-sony-mrw-g1\\\/#primaryimage\"},\"thumbnailUrl\":\"https:\\\/\\\/comuna.pt\\\/wp-content\\\/uploads\\\/2025\\\/04\\\/1653474034_1532007.jpg\",\"datePublished\":\"2025-04-02T14:32:50+00:00\",\"dateModified\":\"2026-01-31T13:36:34+00:00\",\"description\":\"Transfer\u00eancias de dados de alta velocidade com o Leitor de Cart\u00f5es CFexpress Type B, concebido para profissionais que exigem efici\u00eancia. Melhore o seu fluxo de trabalho hoje!\",\"breadcrumb\":{\"@id\":\"https:\\\/\\\/comuna.pt\\\/pt-pt\\\/product\\\/leitor-de-cartoes-de-memoria-cfexpress-type-b-sony-mrw-g1\\\/#breadcrumb\"},\"inLanguage\":\"pt-PT\",\"potentialAction\":[{\"@type\":\"ReadAction\",\"target\":[\"https:\\\/\\\/comuna.pt\\\/pt-pt\\\/product\\\/leitor-de-cartoes-de-memoria-cfexpress-type-b-sony-mrw-g1\\\/\"]}]},{\"@type\":\"ImageObject\",\"inLanguage\":\"pt-PT\",\"@id\":\"https:\\\/\\\/comuna.pt\\\/pt-pt\\\/product\\\/leitor-de-cartoes-de-memoria-cfexpress-type-b-sony-mrw-g1\\\/#primaryimage\",\"url\":\"https:\\\/\\\/comuna.pt\\\/wp-content\\\/uploads\\\/2025\\\/04\\\/1653474034_1532007.jpg\",\"contentUrl\":\"https:\\\/\\\/comuna.pt\\\/wp-content\\\/uploads\\\/2025\\\/04\\\/1653474034_1532007.jpg\",\"width\":500,\"height\":500},{\"@type\":\"BreadcrumbList\",\"@id\":\"https:\\\/\\\/comuna.pt\\\/pt-pt\\\/product\\\/leitor-de-cartoes-de-memoria-cfexpress-type-b-sony-mrw-g1\\\/#breadcrumb\",\"itemListElement\":[{\"@type\":\"ListItem\",\"position\":1,\"name\":\"Home\",\"item\":\"https:\\\/\\\/comuna.pt\\\/pt-pt\\\/\"},{\"@type\":\"ListItem\",\"position\":2,\"name\":\"Produtos\"},{\"@type\":\"ListItem\",\"position\":3,\"name\":\"Cart\u00f5es de Mem\u00f3ria e Leitores\",\"item\":\"https:\\\/\\\/comuna.pt\\\/pt-pt\\\/Categoria\\\/cartoes-de-memoria-e-leitores\\\/\"},{\"@type\":\"ListItem\",\"position\":4,\"name\":\"Leitor de Cart\u00f5es de Mem\u00f3ria CFexpress Type B Sony MRW-G1\"}]},{\"@type\":\"WebSite\",\"@id\":\"https:\\\/\\\/comuna.pt\\\/pt-pt\\\/#website\",\"url\":\"https:\\\/\\\/comuna.pt\\\/pt-pt\\\/\",\"name\":\"Comuna Rental House\",\"description\":\"Photo studios, Podcast &amp; Equipment Rental\",\"publisher\":{\"@id\":\"https:\\\/\\\/comuna.pt\\\/pt-pt\\\/#organization\"},\"alternateName\":\"Comuna Filmmaking Equipment Rental\",\"potentialAction\":[{\"@type\":\"SearchAction\",\"target\":{\"@type\":\"EntryPoint\",\"urlTemplate\":\"https:\\\/\\\/comuna.pt\\\/pt-pt\\\/?s={search_term_string}\"},\"query-input\":{\"@type\":\"PropertyValueSpecification\",\"valueRequired\":true,\"valueName\":\"search_term_string\"}}],\"inLanguage\":\"pt-PT\"},{\"@type\":\"Organization\",\"@id\":\"https:\\\/\\\/comuna.pt\\\/pt-pt\\\/#organization\",\"name\":\"Comuna Rental House\",\"url\":\"https:\\\/\\\/comuna.pt\\\/pt-pt\\\/\",\"logo\":{\"@type\":\"ImageObject\",\"inLanguage\":\"pt-PT\",\"@id\":\"https:\\\/\\\/comuna.pt\\\/pt-pt\\\/#\\\/schema\\\/logo\\\/image\\\/\",\"url\":\"https:\\\/\\\/comuna.pt\\\/wp-content\\\/uploads\\\/2024\\\/03\\\/comuna_logo_website.png\",\"contentUrl\":\"https:\\\/\\\/comuna.pt\\\/wp-content\\\/uploads\\\/2024\\\/03\\\/comuna_logo_website.png\",\"width\":2000,\"height\":262,\"caption\":\"Comuna Rental House\"},\"image\":{\"@id\":\"https:\\\/\\\/comuna.pt\\\/pt-pt\\\/#\\\/schema\\\/logo\\\/image\\\/\"},\"sameAs\":[\"http:\\\/\\\/facebook.com\\\/comuna.rental\",\"https:\\\/\\\/www.instagram.com\\\/comuna_rental\",\"https:\\\/\\\/www.linkedin.com\\\/company\\\/96410498\"]}]}<\/script>\n<meta property=\"product:price:amount\" content=\"6.00\" \/>\n<meta property=\"product:price:currency\" content=\"EUR\" \/>\n<meta property=\"og:availability\" content=\"instock\" \/>\n<meta property=\"product:availability\" content=\"instock\" \/>\n<meta property=\"product:condition\" content=\"new\" \/>\n<!-- \/ Yoast SEO Premium plugin. -->","yoast_head_json":{"title":"Leitor de Cart\u00f5es de Mem\u00f3ria CFexpress Type B Sony MRW-G1 | Comuna Studios &amp; Equipment Rental","description":"Transfer\u00eancias de dados de alta velocidade com o Leitor de Cart\u00f5es CFexpress Type B, concebido para profissionais que exigem efici\u00eancia. Melhore o seu fluxo de trabalho hoje!","robots":{"index":"index","follow":"follow","max-snippet":"max-snippet:-1","max-image-preview":"max-image-preview:large","max-video-preview":"max-video-preview:-1"},"canonical":"https:\/\/comuna.pt\/pt-pt\/product\/leitor-de-cartoes-de-memoria-cfexpress-type-b-sony-mrw-g1\/","og_locale":"pt_PT","og_type":"article","og_title":"Leitor de Cart\u00f5es de Mem\u00f3ria CFexpress Type B Sony MRW-G1","og_description":"Transfer\u00eancias de dados de alta velocidade com o Leitor de Cart\u00f5es CFexpress Type B, concebido para profissionais que exigem efici\u00eancia. Melhore o seu fluxo de trabalho hoje!","og_url":"https:\/\/comuna.pt\/pt-pt\/product\/leitor-de-cartoes-de-memoria-cfexpress-type-b-sony-mrw-g1\/","og_site_name":"Comuna Studios &amp; Equipment Rental","article_publisher":"http:\/\/facebook.com\/comuna.rental","article_modified_time":"2026-01-31T13:36:34+00:00","og_image":[{"width":500,"height":500,"url":"https:\/\/comuna.pt\/wp-content\/uploads\/2025\/04\/1653474034_1532007.jpg","type":"image\/jpeg"}],"twitter_card":"summary_large_image","twitter_misc":{"pre\u00e7o":"&euro;6,00 + 23% VAT","Disponibilidade":"Em stock"},"schema":{"@context":"https:\/\/schema.org","@graph":[{"@type":["WebPage","ItemPage"],"@id":"https:\/\/comuna.pt\/pt-pt\/product\/leitor-de-cartoes-de-memoria-cfexpress-type-b-sony-mrw-g1\/","url":"https:\/\/comuna.pt\/pt-pt\/product\/leitor-de-cartoes-de-memoria-cfexpress-type-b-sony-mrw-g1\/","name":"Leitor de Cart\u00f5es de Mem\u00f3ria CFexpress Type B Sony MRW-G1 | Comuna Studios &amp; Equipment Rental","isPartOf":{"@id":"https:\/\/comuna.pt\/pt-pt\/#website"},"primaryImageOfPage":{"@id":"https:\/\/comuna.pt\/pt-pt\/product\/leitor-de-cartoes-de-memoria-cfexpress-type-b-sony-mrw-g1\/#primaryimage"},"image":{"@id":"https:\/\/comuna.pt\/pt-pt\/product\/leitor-de-cartoes-de-memoria-cfexpress-type-b-sony-mrw-g1\/#primaryimage"},"thumbnailUrl":"https:\/\/comuna.pt\/wp-content\/uploads\/2025\/04\/1653474034_1532007.jpg","datePublished":"2025-04-02T14:32:50+00:00","dateModified":"2026-01-31T13:36:34+00:00","description":"Transfer\u00eancias de dados de alta velocidade com o Leitor de Cart\u00f5es CFexpress Type B, concebido para profissionais que exigem efici\u00eancia. Melhore o seu fluxo de trabalho hoje!","breadcrumb":{"@id":"https:\/\/comuna.pt\/pt-pt\/product\/leitor-de-cartoes-de-memoria-cfexpress-type-b-sony-mrw-g1\/#breadcrumb"},"inLanguage":"pt-PT","potentialAction":[{"@type":"ReadAction","target":["https:\/\/comuna.pt\/pt-pt\/product\/leitor-de-cartoes-de-memoria-cfexpress-type-b-sony-mrw-g1\/"]}]},{"@type":"ImageObject","inLanguage":"pt-PT","@id":"https:\/\/comuna.pt\/pt-pt\/product\/leitor-de-cartoes-de-memoria-cfexpress-type-b-sony-mrw-g1\/#primaryimage","url":"https:\/\/comuna.pt\/wp-content\/uploads\/2025\/04\/1653474034_1532007.jpg","contentUrl":"https:\/\/comuna.pt\/wp-content\/uploads\/2025\/04\/1653474034_1532007.jpg","width":500,"height":500},{"@type":"BreadcrumbList","@id":"https:\/\/comuna.pt\/pt-pt\/product\/leitor-de-cartoes-de-memoria-cfexpress-type-b-sony-mrw-g1\/#breadcrumb","itemListElement":[{"@type":"ListItem","position":1,"name":"Home","item":"https:\/\/comuna.pt\/pt-pt\/"},{"@type":"ListItem","position":2,"name":"Produtos"},{"@type":"ListItem","position":3,"name":"Cart\u00f5es de Mem\u00f3ria e Leitores","item":"https:\/\/comuna.pt\/pt-pt\/Categoria\/cartoes-de-memoria-e-leitores\/"},{"@type":"ListItem","position":4,"name":"Leitor de Cart\u00f5es de Mem\u00f3ria CFexpress Type B Sony MRW-G1"}]},{"@type":"WebSite","@id":"https:\/\/comuna.pt\/pt-pt\/#website","url":"https:\/\/comuna.pt\/pt-pt\/","name":"Comuna Rental House","description":"Photo studios, Podcast &amp; Equipment Rental","publisher":{"@id":"https:\/\/comuna.pt\/pt-pt\/#organization"},"alternateName":"Comuna Filmmaking Equipment Rental","potentialAction":[{"@type":"SearchAction","target":{"@type":"EntryPoint","urlTemplate":"https:\/\/comuna.pt\/pt-pt\/?s={search_term_string}"},"query-input":{"@type":"PropertyValueSpecification","valueRequired":true,"valueName":"search_term_string"}}],"inLanguage":"pt-PT"},{"@type":"Organization","@id":"https:\/\/comuna.pt\/pt-pt\/#organization","name":"Comuna Rental House","url":"https:\/\/comuna.pt\/pt-pt\/","logo":{"@type":"ImageObject","inLanguage":"pt-PT","@id":"https:\/\/comuna.pt\/pt-pt\/#\/schema\/logo\/image\/","url":"https:\/\/comuna.pt\/wp-content\/uploads\/2024\/03\/comuna_logo_website.png","contentUrl":"https:\/\/comuna.pt\/wp-content\/uploads\/2024\/03\/comuna_logo_website.png","width":2000,"height":262,"caption":"Comuna Rental House"},"image":{"@id":"https:\/\/comuna.pt\/pt-pt\/#\/schema\/logo\/image\/"},"sameAs":["http:\/\/facebook.com\/comuna.rental","https:\/\/www.instagram.com\/comuna_rental","https:\/\/www.linkedin.com\/company\/96410498"]}]},"product_price_amount":"6.00","product_price_currency":"EUR","og_availability":"instock","product_availability":"instock","product_condition":"new"},"_links":{"self":[{"href":"https:\/\/comuna.pt\/pt-pt\/wp-json\/wp\/v2\/product\/18470","targetHints":{"allow":["GET"]}}],"collection":[{"href":"https:\/\/comuna.pt\/pt-pt\/wp-json\/wp\/v2\/product"}],"about":[{"href":"https:\/\/comuna.pt\/pt-pt\/wp-json\/wp\/v2\/types\/product"}],"version-history":[{"count":5,"href":"https:\/\/comuna.pt\/pt-pt\/wp-json\/wp\/v2\/product\/18470\/revisions"}],"predecessor-version":[{"id":19229,"href":"https:\/\/comuna.pt\/pt-pt\/wp-json\/wp\/v2\/product\/18470\/revisions\/19229"}],"wp:featuredmedia":[{"embeddable":true,"href":"https:\/\/comuna.pt\/pt-pt\/wp-json\/wp\/v2\/media\/18473"}],"wp:attachment":[{"href":"https:\/\/comuna.pt\/pt-pt\/wp-json\/wp\/v2\/media?parent=18470"}],"wp:term":[{"taxonomy":"product_brand","embeddable":true,"href":"https:\/\/comuna.pt\/pt-pt\/wp-json\/wp\/v2\/product_brand?post=18470"},{"taxonomy":"product_cat","embeddable":true,"href":"https:\/\/comuna.pt\/pt-pt\/wp-json\/wp\/v2\/product_cat?post=18470"},{"taxonomy":"product_tag","embeddable":true,"href":"https:\/\/comuna.pt\/pt-pt\/wp-json\/wp\/v2\/product_tag?post=18470"}],"curies":[{"name":"wp","href":"https:\/\/api.w.org\/{rel}","templated":true}]}}