{"id":18453,"date":"2025-04-02T16:34:26","date_gmt":"2025-04-02T15:34:26","guid":{"rendered":"https:\/\/comuna.pt\/product\/amaran-f21c-rgb-led-2x1\/"},"modified":"2026-01-31T13:36:33","modified_gmt":"2026-01-31T13:36:33","slug":"amaran-f21c-rgb-led-2x1","status":"publish","type":"product","link":"https:\/\/comuna.pt\/pt-pt\/product\/amaran-f21c-rgb-led-2x1\/","title":{"rendered":"Amaran F21c RGB LED (2&#215;1)"},"content":{"rendered":"<p data-start=\"94\" data-end=\"374\"><div class=\"booqable-product-button\" data-id=\"amaran-f21c-rgb-led-2x1\"><\/div><\/p>\n<p class=\"\" data-start=\"94\" data-end=\"374\">O <strong data-start=\"98\" data-end=\"203\"><a class=\"\" href=\"https:\/\/aputure.com\/products\/amaran-f21c\" target=\"_new\" rel=\"noopener\" data-start=\"100\" data-end=\"201\">amaran F21c 2 x 1&#8242; RGBWW LED Flexible Light Mat (V-Mount)<\/a><\/strong> \u00e9 uma solu\u00e7\u00e3o de ilumina\u00e7\u00e3o ultra-port\u00e1til de n\u00edvel profissional, concebida para cineastas, criadores de conte\u00fado e fot\u00f3grafos que procuram uma ilumina\u00e7\u00e3o RGB flex\u00edvel e de alta qualidade.<\/p>\n<p class=\"\" data-start=\"630\" data-end=\"924\">Com um <strong data-start=\"383\" data-end=\"398\">output de 100W<\/strong> e brilho superior a <strong data-start=\"422\" data-end=\"454\">3.360 lux a 1 metro (5600K)<\/strong>, o F21c garante uma ilumina\u00e7\u00e3o potente e consistente. Oferece uma precis\u00e3o de cor excecional com <strong data-start=\"555\" data-end=\"566\">CRI 95<\/strong> e <strong data-start=\"571\" data-end=\"583\">TLCI 98<\/strong>, tornando-o adequado para trabalhos onde a cor \u00e9 cr\u00edtica.<\/p>\n<p class=\"\" data-start=\"630\" data-end=\"924\">Gra\u00e7as ao seu <strong data-start=\"644\" data-end=\"660\">design RGBWW<\/strong>, o F21c oferece uma ampla gama de CCT de <strong data-start=\"702\" data-end=\"722\">2.500K a 7.500K<\/strong>, ajuste de green-magenta e controlo total de <strong data-start=\"765\" data-end=\"786\">cor HSI<\/strong>. Inclui <strong data-start=\"800\" data-end=\"823\">15 efeitos de ilumina\u00e7\u00e3o<\/strong>, <strong data-start=\"825\" data-end=\"843\">46 predefini\u00e7\u00f5es de gelatina<\/strong> e o modo <strong data-start=\"849\" data-end=\"865\">Source Match<\/strong> atrav\u00e9s da <a class=\"\" href=\"https:\/\/sidus.link\/\" target=\"_new\" rel=\"noopener\" data-start=\"879\" data-end=\"923\">app m\u00f3vel Sidus Link<\/a>.<\/p>\n<p class=\"\" data-start=\"926\" data-end=\"1196\">O formato flex\u00edvel de 2&#215;1&#8242; \u00e9 ideal para setups apertados e rigging criativo. O painel inclui um <strong data-start=\"1027\" data-end=\"1047\">X-frame dobr\u00e1vel<\/strong>, <strong data-start=\"1049\" data-end=\"1060\">softbox<\/strong>, <strong data-start=\"1062\" data-end=\"1082\">camadas de difus\u00e3o<\/strong> e <strong data-start=\"1088\" data-end=\"1096\">grelha (grid)<\/strong>, dando aos utilizadores total controlo sobre a modelagem da luz. Monta-se facilmente em trip\u00e9s ou pode ser fixado com fita adesiva.<\/p>\n<p class=\"\" data-start=\"1198\" data-end=\"1417\">As op\u00e7\u00f5es de energia incluem o <strong data-start=\"1233\" data-end=\"1247\">adaptador AC<\/strong> inclu\u00eddo ou <strong data-start=\"1260\" data-end=\"1281\">baterias V-Mount<\/strong> opcionais (14.4V\/26V\/28.8V). O controlo DMX512 tamb\u00e9m est\u00e1 dispon\u00edvel atrav\u00e9s de um <a target=\"_new\" rel=\"noopener\" data-start=\"1350\" data-end=\"1416\">adaptador USB-C para 5 pinos<\/a> opcional.<\/p>\n<p class=\"\" data-start=\"1419\" data-end=\"1573\">O F21c \u00e9 indispens\u00e1vel em qualquer kit de aluguer profissional, oferecendo extrema flexibilidade, controlo sem fios e um output com qualidade de broadcast num pacote compacto.<\/p>\n","protected":false},"excerpt":{"rendered":"<p>O amaran F21c 2 x 1&#8242; RGBWW LED Flexible Light Mat (V-Mount) \u00e9 uma solu\u00e7\u00e3o de ilumina\u00e7\u00e3o ultra-port\u00e1til de n\u00edvel profissional, concebida para cineastas, criadores de conte\u00fado e fot\u00f3grafos que procuram uma ilumina\u00e7\u00e3o RGB flex\u00edvel e de alta qualidade. Com um output de 100W e brilho superior a 3.360 lux a 1 metro (5600K), o [&hellip;]<\/p>\n","protected":false},"featured_media":18454,"template":"","meta":[],"product_brand":[],"product_cat":[805665],"product_tag":[],"class_list":{"0":"post-18453","1":"product","2":"type-product","3":"status-publish","4":"has-post-thumbnail","6":"product_cat-light","8":"first","9":"instock","10":"taxable","11":"shipping-taxable","12":"purchasable","13":"product-type-simple"},"yoast_head":"<!-- This site is optimized with the Yoast SEO Premium plugin v27.5 (Yoast SEO v27.6) - https:\/\/yoast.com\/product\/yoast-seo-premium-wordpress\/ -->\n<title>Amaran F21c RGB LED: Controlo de Ilumina\u00e7\u00e3o Vers\u00e1til | Comuna Studios &amp; Equipment Rental<\/title>\n<meta name=\"description\" content=\"Ilumina\u00e7\u00e3o de qualidade profissional com o Amaran F21c RGB LED, com efeitos de grupo e ajustes de CCT. Ilumine a sua criatividade hoje!\" \/>\n<meta name=\"robots\" content=\"index, follow, max-snippet:-1, max-image-preview:large, max-video-preview:-1\" \/>\n<link rel=\"canonical\" href=\"https:\/\/comuna.pt\/pt-pt\/product\/amaran-f21c-rgb-led-2x1\/\" \/>\n<meta property=\"og:locale\" content=\"pt_PT\" \/>\n<meta property=\"og:type\" content=\"article\" \/>\n<meta property=\"og:title\" content=\"Amaran F21c RGB LED (2x1)\" \/>\n<meta property=\"og:description\" content=\"Ilumina\u00e7\u00e3o de qualidade profissional com o Amaran F21c RGB LED, com efeitos de grupo e ajustes de CCT. Ilumine a sua criatividade hoje!\" \/>\n<meta property=\"og:url\" content=\"https:\/\/comuna.pt\/pt-pt\/product\/amaran-f21c-rgb-led-2x1\/\" \/>\n<meta property=\"og:site_name\" content=\"Comuna Studios &amp; Equipment Rental\" \/>\n<meta property=\"article:publisher\" content=\"http:\/\/facebook.com\/comuna.rental\" \/>\n<meta property=\"article:modified_time\" content=\"2026-01-31T13:36:33+00:00\" \/>\n<meta property=\"og:image\" content=\"https:\/\/comuna.pt\/wp-content\/uploads\/2025\/04\/1648739988_IMG_1725356.jpg\" \/>\n\t<meta property=\"og:image:width\" content=\"500\" \/>\n\t<meta property=\"og:image:height\" content=\"500\" \/>\n\t<meta property=\"og:image:type\" content=\"image\/jpeg\" \/>\n<meta name=\"twitter:card\" content=\"summary_large_image\" \/>\n<meta name=\"twitter:label1\" content=\"pre\u00e7o\" \/>\n\t<meta name=\"twitter:data1\" content=\"&euro;40,00 + 23% VAT\" \/>\n\t<meta name=\"twitter:label2\" content=\"Disponibilidade\" \/>\n\t<meta name=\"twitter:data2\" content=\"Em stock\" \/>\n<script type=\"application\/ld+json\" class=\"yoast-schema-graph\">{\"@context\":\"https:\\\/\\\/schema.org\",\"@graph\":[{\"@type\":[\"WebPage\",\"ItemPage\"],\"@id\":\"https:\\\/\\\/comuna.pt\\\/pt-pt\\\/product\\\/amaran-f21c-rgb-led-2x1\\\/\",\"url\":\"https:\\\/\\\/comuna.pt\\\/pt-pt\\\/product\\\/amaran-f21c-rgb-led-2x1\\\/\",\"name\":\"Amaran F21c RGB LED: Controlo de Ilumina\u00e7\u00e3o Vers\u00e1til | Comuna Studios &amp; Equipment Rental\",\"isPartOf\":{\"@id\":\"https:\\\/\\\/comuna.pt\\\/pt-pt\\\/#website\"},\"primaryImageOfPage\":{\"@id\":\"https:\\\/\\\/comuna.pt\\\/pt-pt\\\/product\\\/amaran-f21c-rgb-led-2x1\\\/#primaryimage\"},\"image\":{\"@id\":\"https:\\\/\\\/comuna.pt\\\/pt-pt\\\/product\\\/amaran-f21c-rgb-led-2x1\\\/#primaryimage\"},\"thumbnailUrl\":\"https:\\\/\\\/comuna.pt\\\/wp-content\\\/uploads\\\/2025\\\/04\\\/1648739988_IMG_1725356.jpg\",\"datePublished\":\"2025-04-02T15:34:26+00:00\",\"dateModified\":\"2026-01-31T13:36:33+00:00\",\"description\":\"Ilumina\u00e7\u00e3o de qualidade profissional com o Amaran F21c RGB LED, com efeitos de grupo e ajustes de CCT. Ilumine a sua criatividade hoje!\",\"breadcrumb\":{\"@id\":\"https:\\\/\\\/comuna.pt\\\/pt-pt\\\/product\\\/amaran-f21c-rgb-led-2x1\\\/#breadcrumb\"},\"inLanguage\":\"pt-PT\",\"potentialAction\":[{\"@type\":\"ReadAction\",\"target\":[\"https:\\\/\\\/comuna.pt\\\/pt-pt\\\/product\\\/amaran-f21c-rgb-led-2x1\\\/\"]}]},{\"@type\":\"ImageObject\",\"inLanguage\":\"pt-PT\",\"@id\":\"https:\\\/\\\/comuna.pt\\\/pt-pt\\\/product\\\/amaran-f21c-rgb-led-2x1\\\/#primaryimage\",\"url\":\"https:\\\/\\\/comuna.pt\\\/wp-content\\\/uploads\\\/2025\\\/04\\\/1648739988_IMG_1725356.jpg\",\"contentUrl\":\"https:\\\/\\\/comuna.pt\\\/wp-content\\\/uploads\\\/2025\\\/04\\\/1648739988_IMG_1725356.jpg\",\"width\":500,\"height\":500},{\"@type\":\"BreadcrumbList\",\"@id\":\"https:\\\/\\\/comuna.pt\\\/pt-pt\\\/product\\\/amaran-f21c-rgb-led-2x1\\\/#breadcrumb\",\"itemListElement\":[{\"@type\":\"ListItem\",\"position\":1,\"name\":\"Home\",\"item\":\"https:\\\/\\\/comuna.pt\\\/pt-pt\\\/\"},{\"@type\":\"ListItem\",\"position\":2,\"name\":\"Produtos\"},{\"@type\":\"ListItem\",\"position\":3,\"name\":\"Ilumina\u00e7\u00e3o\",\"item\":\"https:\\\/\\\/comuna.pt\\\/pt-pt\\\/Categoria\\\/iluminacao\\\/\"},{\"@type\":\"ListItem\",\"position\":4,\"name\":\"Amaran F21c RGB LED (2&#215;1)\"}]},{\"@type\":\"WebSite\",\"@id\":\"https:\\\/\\\/comuna.pt\\\/pt-pt\\\/#website\",\"url\":\"https:\\\/\\\/comuna.pt\\\/pt-pt\\\/\",\"name\":\"Comuna Rental House\",\"description\":\"Photo studios, Podcast &amp; Equipment Rental\",\"publisher\":{\"@id\":\"https:\\\/\\\/comuna.pt\\\/pt-pt\\\/#organization\"},\"alternateName\":\"Comuna Filmmaking Equipment Rental\",\"potentialAction\":[{\"@type\":\"SearchAction\",\"target\":{\"@type\":\"EntryPoint\",\"urlTemplate\":\"https:\\\/\\\/comuna.pt\\\/pt-pt\\\/?s={search_term_string}\"},\"query-input\":{\"@type\":\"PropertyValueSpecification\",\"valueRequired\":true,\"valueName\":\"search_term_string\"}}],\"inLanguage\":\"pt-PT\"},{\"@type\":\"Organization\",\"@id\":\"https:\\\/\\\/comuna.pt\\\/pt-pt\\\/#organization\",\"name\":\"Comuna Rental House\",\"url\":\"https:\\\/\\\/comuna.pt\\\/pt-pt\\\/\",\"logo\":{\"@type\":\"ImageObject\",\"inLanguage\":\"pt-PT\",\"@id\":\"https:\\\/\\\/comuna.pt\\\/pt-pt\\\/#\\\/schema\\\/logo\\\/image\\\/\",\"url\":\"https:\\\/\\\/comuna.pt\\\/wp-content\\\/uploads\\\/2024\\\/03\\\/comuna_logo_website.png\",\"contentUrl\":\"https:\\\/\\\/comuna.pt\\\/wp-content\\\/uploads\\\/2024\\\/03\\\/comuna_logo_website.png\",\"width\":2000,\"height\":262,\"caption\":\"Comuna Rental House\"},\"image\":{\"@id\":\"https:\\\/\\\/comuna.pt\\\/pt-pt\\\/#\\\/schema\\\/logo\\\/image\\\/\"},\"sameAs\":[\"http:\\\/\\\/facebook.com\\\/comuna.rental\",\"https:\\\/\\\/www.instagram.com\\\/comuna_rental\",\"https:\\\/\\\/www.linkedin.com\\\/company\\\/96410498\"]}]}<\/script>\n<meta property=\"product:price:amount\" content=\"40.00\" \/>\n<meta property=\"product:price:currency\" content=\"EUR\" \/>\n<meta property=\"og:availability\" content=\"instock\" \/>\n<meta property=\"product:availability\" content=\"instock\" \/>\n<meta property=\"product:condition\" content=\"new\" \/>\n<!-- \/ Yoast SEO Premium plugin. -->","yoast_head_json":{"title":"Amaran F21c RGB LED: Controlo de Ilumina\u00e7\u00e3o Vers\u00e1til | Comuna Studios &amp; Equipment Rental","description":"Ilumina\u00e7\u00e3o de qualidade profissional com o Amaran F21c RGB LED, com efeitos de grupo e ajustes de CCT. Ilumine a sua criatividade hoje!","robots":{"index":"index","follow":"follow","max-snippet":"max-snippet:-1","max-image-preview":"max-image-preview:large","max-video-preview":"max-video-preview:-1"},"canonical":"https:\/\/comuna.pt\/pt-pt\/product\/amaran-f21c-rgb-led-2x1\/","og_locale":"pt_PT","og_type":"article","og_title":"Amaran F21c RGB LED (2x1)","og_description":"Ilumina\u00e7\u00e3o de qualidade profissional com o Amaran F21c RGB LED, com efeitos de grupo e ajustes de CCT. Ilumine a sua criatividade hoje!","og_url":"https:\/\/comuna.pt\/pt-pt\/product\/amaran-f21c-rgb-led-2x1\/","og_site_name":"Comuna Studios &amp; Equipment Rental","article_publisher":"http:\/\/facebook.com\/comuna.rental","article_modified_time":"2026-01-31T13:36:33+00:00","og_image":[{"width":500,"height":500,"url":"https:\/\/comuna.pt\/wp-content\/uploads\/2025\/04\/1648739988_IMG_1725356.jpg","type":"image\/jpeg"}],"twitter_card":"summary_large_image","twitter_misc":{"pre\u00e7o":"&euro;40,00 + 23% VAT","Disponibilidade":"Em stock"},"schema":{"@context":"https:\/\/schema.org","@graph":[{"@type":["WebPage","ItemPage"],"@id":"https:\/\/comuna.pt\/pt-pt\/product\/amaran-f21c-rgb-led-2x1\/","url":"https:\/\/comuna.pt\/pt-pt\/product\/amaran-f21c-rgb-led-2x1\/","name":"Amaran F21c RGB LED: Controlo de Ilumina\u00e7\u00e3o Vers\u00e1til | Comuna Studios &amp; Equipment Rental","isPartOf":{"@id":"https:\/\/comuna.pt\/pt-pt\/#website"},"primaryImageOfPage":{"@id":"https:\/\/comuna.pt\/pt-pt\/product\/amaran-f21c-rgb-led-2x1\/#primaryimage"},"image":{"@id":"https:\/\/comuna.pt\/pt-pt\/product\/amaran-f21c-rgb-led-2x1\/#primaryimage"},"thumbnailUrl":"https:\/\/comuna.pt\/wp-content\/uploads\/2025\/04\/1648739988_IMG_1725356.jpg","datePublished":"2025-04-02T15:34:26+00:00","dateModified":"2026-01-31T13:36:33+00:00","description":"Ilumina\u00e7\u00e3o de qualidade profissional com o Amaran F21c RGB LED, com efeitos de grupo e ajustes de CCT. Ilumine a sua criatividade hoje!","breadcrumb":{"@id":"https:\/\/comuna.pt\/pt-pt\/product\/amaran-f21c-rgb-led-2x1\/#breadcrumb"},"inLanguage":"pt-PT","potentialAction":[{"@type":"ReadAction","target":["https:\/\/comuna.pt\/pt-pt\/product\/amaran-f21c-rgb-led-2x1\/"]}]},{"@type":"ImageObject","inLanguage":"pt-PT","@id":"https:\/\/comuna.pt\/pt-pt\/product\/amaran-f21c-rgb-led-2x1\/#primaryimage","url":"https:\/\/comuna.pt\/wp-content\/uploads\/2025\/04\/1648739988_IMG_1725356.jpg","contentUrl":"https:\/\/comuna.pt\/wp-content\/uploads\/2025\/04\/1648739988_IMG_1725356.jpg","width":500,"height":500},{"@type":"BreadcrumbList","@id":"https:\/\/comuna.pt\/pt-pt\/product\/amaran-f21c-rgb-led-2x1\/#breadcrumb","itemListElement":[{"@type":"ListItem","position":1,"name":"Home","item":"https:\/\/comuna.pt\/pt-pt\/"},{"@type":"ListItem","position":2,"name":"Produtos"},{"@type":"ListItem","position":3,"name":"Ilumina\u00e7\u00e3o","item":"https:\/\/comuna.pt\/pt-pt\/Categoria\/iluminacao\/"},{"@type":"ListItem","position":4,"name":"Amaran F21c RGB LED (2&#215;1)"}]},{"@type":"WebSite","@id":"https:\/\/comuna.pt\/pt-pt\/#website","url":"https:\/\/comuna.pt\/pt-pt\/","name":"Comuna Rental House","description":"Photo studios, Podcast &amp; Equipment Rental","publisher":{"@id":"https:\/\/comuna.pt\/pt-pt\/#organization"},"alternateName":"Comuna Filmmaking Equipment Rental","potentialAction":[{"@type":"SearchAction","target":{"@type":"EntryPoint","urlTemplate":"https:\/\/comuna.pt\/pt-pt\/?s={search_term_string}"},"query-input":{"@type":"PropertyValueSpecification","valueRequired":true,"valueName":"search_term_string"}}],"inLanguage":"pt-PT"},{"@type":"Organization","@id":"https:\/\/comuna.pt\/pt-pt\/#organization","name":"Comuna Rental House","url":"https:\/\/comuna.pt\/pt-pt\/","logo":{"@type":"ImageObject","inLanguage":"pt-PT","@id":"https:\/\/comuna.pt\/pt-pt\/#\/schema\/logo\/image\/","url":"https:\/\/comuna.pt\/wp-content\/uploads\/2024\/03\/comuna_logo_website.png","contentUrl":"https:\/\/comuna.pt\/wp-content\/uploads\/2024\/03\/comuna_logo_website.png","width":2000,"height":262,"caption":"Comuna Rental House"},"image":{"@id":"https:\/\/comuna.pt\/pt-pt\/#\/schema\/logo\/image\/"},"sameAs":["http:\/\/facebook.com\/comuna.rental","https:\/\/www.instagram.com\/comuna_rental","https:\/\/www.linkedin.com\/company\/96410498"]}]},"product_price_amount":"40.00","product_price_currency":"EUR","og_availability":"instock","product_availability":"instock","product_condition":"new"},"_links":{"self":[{"href":"https:\/\/comuna.pt\/pt-pt\/wp-json\/wp\/v2\/product\/18453","targetHints":{"allow":["GET"]}}],"collection":[{"href":"https:\/\/comuna.pt\/pt-pt\/wp-json\/wp\/v2\/product"}],"about":[{"href":"https:\/\/comuna.pt\/pt-pt\/wp-json\/wp\/v2\/types\/product"}],"version-history":[{"count":5,"href":"https:\/\/comuna.pt\/pt-pt\/wp-json\/wp\/v2\/product\/18453\/revisions"}],"predecessor-version":[{"id":19221,"href":"https:\/\/comuna.pt\/pt-pt\/wp-json\/wp\/v2\/product\/18453\/revisions\/19221"}],"wp:featuredmedia":[{"embeddable":true,"href":"https:\/\/comuna.pt\/pt-pt\/wp-json\/wp\/v2\/media\/18454"}],"wp:attachment":[{"href":"https:\/\/comuna.pt\/pt-pt\/wp-json\/wp\/v2\/media?parent=18453"}],"wp:term":[{"taxonomy":"product_brand","embeddable":true,"href":"https:\/\/comuna.pt\/pt-pt\/wp-json\/wp\/v2\/product_brand?post=18453"},{"taxonomy":"product_cat","embeddable":true,"href":"https:\/\/comuna.pt\/pt-pt\/wp-json\/wp\/v2\/product_cat?post=18453"},{"taxonomy":"product_tag","embeddable":true,"href":"https:\/\/comuna.pt\/pt-pt\/wp-json\/wp\/v2\/product_tag?post=18453"}],"curies":[{"name":"wp","href":"https:\/\/api.w.org\/{rel}","templated":true}]}}