{"id":18438,"date":"2025-04-02T16:07:44","date_gmt":"2025-04-02T15:07:44","guid":{"rendered":"https:\/\/comuna.pt\/product\/cabo-usb-a-para-usb-c\/"},"modified":"2026-01-31T13:36:06","modified_gmt":"2026-01-31T13:36:06","slug":"cabo-usb-a-para-usb-c","status":"publish","type":"product","link":"https:\/\/comuna.pt\/pt-pt\/product\/cabo-usb-a-para-usb-c\/","title":{"rendered":"Cabo USB-A para USB-C"},"content":{"rendered":"","protected":false},"excerpt":{"rendered":"[booqable_button id=\"usb-usb-c-cable\"]\n<p>&nbsp;<br \/>\n<strong data-start=\"0\" data-end=\"24\" data-is-only-node=\"\">Cabo USB-A para USB-C<\/strong> \u2013 cabo vers\u00e1til para ligar dispositivos USB-C a portas USB-A padr\u00e3o. Adequado para transfer\u00eancia de dados e carregamento. Ideal para utiliza\u00e7\u00e3o com leitores de cart\u00f5es, power banks e port\u00e1teis mais antigos.<\/p>\n","protected":false},"featured_media":18439,"template":"","meta":[],"product_brand":[],"product_cat":[805870,805876],"product_tag":[],"class_list":{"0":"post-18438","1":"product","2":"type-product","3":"status-publish","4":"has-post-thumbnail","6":"product_cat-cartoes-de-memoria-e-leitores","7":"product_cat-monitorizacao","9":"first","10":"instock","11":"taxable","12":"shipping-taxable","13":"purchasable","14":"product-type-simple"},"yoast_head":"<!-- This site is optimized with the Yoast SEO Premium plugin v27.3 (Yoast SEO v27.4) - https:\/\/yoast.com\/product\/yoast-seo-premium-wordpress\/ -->\n<title>Cabo USB-A para USB-C | Comuna Studios &amp; Equipment Rental<\/title>\n<meta name=\"description\" content=\"Experimente carregamento r\u00e1pido e transfer\u00eancia de dados com o nosso cabo USB-A para USB-C. Perfeito para ligar todos os seus dispositivos USB-C sem esfor\u00e7o!\" \/>\n<meta name=\"robots\" content=\"index, follow, max-snippet:-1, max-image-preview:large, max-video-preview:-1\" \/>\n<link rel=\"canonical\" href=\"https:\/\/comuna.pt\/pt-pt\/product\/cabo-usb-a-para-usb-c\/\" \/>\n<meta property=\"og:locale\" content=\"pt_PT\" \/>\n<meta property=\"og:type\" content=\"article\" \/>\n<meta property=\"og:title\" content=\"Cabo USB-A para USB-C\" \/>\n<meta property=\"og:description\" content=\"Experimente carregamento r\u00e1pido e transfer\u00eancia de dados com o nosso cabo USB-A para USB-C. Perfeito para ligar todos os seus dispositivos USB-C sem esfor\u00e7o!\" \/>\n<meta property=\"og:url\" content=\"https:\/\/comuna.pt\/pt-pt\/product\/cabo-usb-a-para-usb-c\/\" \/>\n<meta property=\"og:site_name\" content=\"Comuna Studios &amp; Equipment Rental\" \/>\n<meta property=\"article:publisher\" content=\"http:\/\/facebook.com\/comuna.rental\" \/>\n<meta property=\"article:modified_time\" content=\"2026-01-31T13:36:06+00:00\" \/>\n<meta property=\"og:image\" content=\"https:\/\/comuna.pt\/wp-content\/uploads\/2025\/04\/USB3C-1M_main_21773-scaled.jpg\" \/>\n\t<meta property=\"og:image:width\" content=\"2560\" \/>\n\t<meta property=\"og:image:height\" content=\"2560\" \/>\n\t<meta property=\"og:image:type\" content=\"image\/jpeg\" \/>\n<meta name=\"twitter:card\" content=\"summary_large_image\" \/>\n<meta name=\"twitter:label1\" content=\"pre\u00e7o\" \/>\n\t<meta name=\"twitter:data1\" content=\"&euro;2,00 + 23% VAT\" \/>\n\t<meta name=\"twitter:label2\" content=\"Disponibilidade\" \/>\n\t<meta name=\"twitter:data2\" content=\"Em stock\" \/>\n<script type=\"application\/ld+json\" class=\"yoast-schema-graph\">{\"@context\":\"https:\\\/\\\/schema.org\",\"@graph\":[{\"@type\":[\"WebPage\",\"ItemPage\"],\"@id\":\"https:\\\/\\\/comuna.pt\\\/pt-pt\\\/product\\\/cabo-usb-a-para-usb-c\\\/\",\"url\":\"https:\\\/\\\/comuna.pt\\\/pt-pt\\\/product\\\/cabo-usb-a-para-usb-c\\\/\",\"name\":\"Cabo USB-A para USB-C | Comuna Studios &amp; Equipment Rental\",\"isPartOf\":{\"@id\":\"https:\\\/\\\/comuna.pt\\\/pt-pt\\\/#website\"},\"primaryImageOfPage\":{\"@id\":\"https:\\\/\\\/comuna.pt\\\/pt-pt\\\/product\\\/cabo-usb-a-para-usb-c\\\/#primaryimage\"},\"image\":{\"@id\":\"https:\\\/\\\/comuna.pt\\\/pt-pt\\\/product\\\/cabo-usb-a-para-usb-c\\\/#primaryimage\"},\"thumbnailUrl\":\"https:\\\/\\\/comuna.pt\\\/wp-content\\\/uploads\\\/2025\\\/04\\\/USB3C-1M_main_21773-scaled.jpg\",\"datePublished\":\"2025-04-02T15:07:44+00:00\",\"dateModified\":\"2026-01-31T13:36:06+00:00\",\"description\":\"Experimente carregamento r\u00e1pido e transfer\u00eancia de dados com o nosso cabo USB-A para USB-C. Perfeito para ligar todos os seus dispositivos USB-C sem esfor\u00e7o!\",\"breadcrumb\":{\"@id\":\"https:\\\/\\\/comuna.pt\\\/pt-pt\\\/product\\\/cabo-usb-a-para-usb-c\\\/#breadcrumb\"},\"inLanguage\":\"pt-PT\",\"potentialAction\":[{\"@type\":\"ReadAction\",\"target\":[\"https:\\\/\\\/comuna.pt\\\/pt-pt\\\/product\\\/cabo-usb-a-para-usb-c\\\/\"]}]},{\"@type\":\"ImageObject\",\"inLanguage\":\"pt-PT\",\"@id\":\"https:\\\/\\\/comuna.pt\\\/pt-pt\\\/product\\\/cabo-usb-a-para-usb-c\\\/#primaryimage\",\"url\":\"https:\\\/\\\/comuna.pt\\\/wp-content\\\/uploads\\\/2025\\\/04\\\/USB3C-1M_main_21773-scaled.jpg\",\"contentUrl\":\"https:\\\/\\\/comuna.pt\\\/wp-content\\\/uploads\\\/2025\\\/04\\\/USB3C-1M_main_21773-scaled.jpg\",\"width\":2560,\"height\":2560},{\"@type\":\"BreadcrumbList\",\"@id\":\"https:\\\/\\\/comuna.pt\\\/pt-pt\\\/product\\\/cabo-usb-a-para-usb-c\\\/#breadcrumb\",\"itemListElement\":[{\"@type\":\"ListItem\",\"position\":1,\"name\":\"Home\",\"item\":\"https:\\\/\\\/comuna.pt\\\/pt-pt\\\/\"},{\"@type\":\"ListItem\",\"position\":2,\"name\":\"Produtos\"},{\"@type\":\"ListItem\",\"position\":3,\"name\":\"Cart\u00f5es de Mem\u00f3ria e Leitores\",\"item\":\"https:\\\/\\\/comuna.pt\\\/pt-pt\\\/Categoria\\\/cartoes-de-memoria-e-leitores\\\/\"},{\"@type\":\"ListItem\",\"position\":4,\"name\":\"Cabo USB-A para USB-C\"}]},{\"@type\":\"WebSite\",\"@id\":\"https:\\\/\\\/comuna.pt\\\/pt-pt\\\/#website\",\"url\":\"https:\\\/\\\/comuna.pt\\\/pt-pt\\\/\",\"name\":\"Comuna Rental House\",\"description\":\"Photo studios, Podcast &amp; Equipment Rental\",\"publisher\":{\"@id\":\"https:\\\/\\\/comuna.pt\\\/pt-pt\\\/#organization\"},\"alternateName\":\"Comuna Filmmaking Equipment Rental\",\"potentialAction\":[{\"@type\":\"SearchAction\",\"target\":{\"@type\":\"EntryPoint\",\"urlTemplate\":\"https:\\\/\\\/comuna.pt\\\/pt-pt\\\/?s={search_term_string}\"},\"query-input\":{\"@type\":\"PropertyValueSpecification\",\"valueRequired\":true,\"valueName\":\"search_term_string\"}}],\"inLanguage\":\"pt-PT\"},{\"@type\":\"Organization\",\"@id\":\"https:\\\/\\\/comuna.pt\\\/pt-pt\\\/#organization\",\"name\":\"Comuna Rental House\",\"url\":\"https:\\\/\\\/comuna.pt\\\/pt-pt\\\/\",\"logo\":{\"@type\":\"ImageObject\",\"inLanguage\":\"pt-PT\",\"@id\":\"https:\\\/\\\/comuna.pt\\\/pt-pt\\\/#\\\/schema\\\/logo\\\/image\\\/\",\"url\":\"https:\\\/\\\/comuna.pt\\\/wp-content\\\/uploads\\\/2024\\\/03\\\/comuna_logo_website.png\",\"contentUrl\":\"https:\\\/\\\/comuna.pt\\\/wp-content\\\/uploads\\\/2024\\\/03\\\/comuna_logo_website.png\",\"width\":2000,\"height\":262,\"caption\":\"Comuna Rental House\"},\"image\":{\"@id\":\"https:\\\/\\\/comuna.pt\\\/pt-pt\\\/#\\\/schema\\\/logo\\\/image\\\/\"},\"sameAs\":[\"http:\\\/\\\/facebook.com\\\/comuna.rental\",\"https:\\\/\\\/www.instagram.com\\\/comuna_rental\",\"https:\\\/\\\/www.linkedin.com\\\/company\\\/96410498\"]}]}<\/script>\n<meta property=\"product:price:amount\" content=\"2.00\" \/>\n<meta property=\"product:price:currency\" content=\"EUR\" \/>\n<meta property=\"og:availability\" content=\"instock\" \/>\n<meta property=\"product:availability\" content=\"instock\" \/>\n<meta property=\"product:condition\" content=\"new\" \/>\n<!-- \/ Yoast SEO Premium plugin. -->","yoast_head_json":{"title":"Cabo USB-A para USB-C | Comuna Studios &amp; Equipment Rental","description":"Experimente carregamento r\u00e1pido e transfer\u00eancia de dados com o nosso cabo USB-A para USB-C. Perfeito para ligar todos os seus dispositivos USB-C sem esfor\u00e7o!","robots":{"index":"index","follow":"follow","max-snippet":"max-snippet:-1","max-image-preview":"max-image-preview:large","max-video-preview":"max-video-preview:-1"},"canonical":"https:\/\/comuna.pt\/pt-pt\/product\/cabo-usb-a-para-usb-c\/","og_locale":"pt_PT","og_type":"article","og_title":"Cabo USB-A para USB-C","og_description":"Experimente carregamento r\u00e1pido e transfer\u00eancia de dados com o nosso cabo USB-A para USB-C. Perfeito para ligar todos os seus dispositivos USB-C sem esfor\u00e7o!","og_url":"https:\/\/comuna.pt\/pt-pt\/product\/cabo-usb-a-para-usb-c\/","og_site_name":"Comuna Studios &amp; Equipment Rental","article_publisher":"http:\/\/facebook.com\/comuna.rental","article_modified_time":"2026-01-31T13:36:06+00:00","og_image":[{"width":2560,"height":2560,"url":"https:\/\/comuna.pt\/wp-content\/uploads\/2025\/04\/USB3C-1M_main_21773-scaled.jpg","type":"image\/jpeg"}],"twitter_card":"summary_large_image","twitter_misc":{"pre\u00e7o":"&euro;2,00 + 23% VAT","Disponibilidade":"Em stock"},"schema":{"@context":"https:\/\/schema.org","@graph":[{"@type":["WebPage","ItemPage"],"@id":"https:\/\/comuna.pt\/pt-pt\/product\/cabo-usb-a-para-usb-c\/","url":"https:\/\/comuna.pt\/pt-pt\/product\/cabo-usb-a-para-usb-c\/","name":"Cabo USB-A para USB-C | Comuna Studios &amp; Equipment Rental","isPartOf":{"@id":"https:\/\/comuna.pt\/pt-pt\/#website"},"primaryImageOfPage":{"@id":"https:\/\/comuna.pt\/pt-pt\/product\/cabo-usb-a-para-usb-c\/#primaryimage"},"image":{"@id":"https:\/\/comuna.pt\/pt-pt\/product\/cabo-usb-a-para-usb-c\/#primaryimage"},"thumbnailUrl":"https:\/\/comuna.pt\/wp-content\/uploads\/2025\/04\/USB3C-1M_main_21773-scaled.jpg","datePublished":"2025-04-02T15:07:44+00:00","dateModified":"2026-01-31T13:36:06+00:00","description":"Experimente carregamento r\u00e1pido e transfer\u00eancia de dados com o nosso cabo USB-A para USB-C. Perfeito para ligar todos os seus dispositivos USB-C sem esfor\u00e7o!","breadcrumb":{"@id":"https:\/\/comuna.pt\/pt-pt\/product\/cabo-usb-a-para-usb-c\/#breadcrumb"},"inLanguage":"pt-PT","potentialAction":[{"@type":"ReadAction","target":["https:\/\/comuna.pt\/pt-pt\/product\/cabo-usb-a-para-usb-c\/"]}]},{"@type":"ImageObject","inLanguage":"pt-PT","@id":"https:\/\/comuna.pt\/pt-pt\/product\/cabo-usb-a-para-usb-c\/#primaryimage","url":"https:\/\/comuna.pt\/wp-content\/uploads\/2025\/04\/USB3C-1M_main_21773-scaled.jpg","contentUrl":"https:\/\/comuna.pt\/wp-content\/uploads\/2025\/04\/USB3C-1M_main_21773-scaled.jpg","width":2560,"height":2560},{"@type":"BreadcrumbList","@id":"https:\/\/comuna.pt\/pt-pt\/product\/cabo-usb-a-para-usb-c\/#breadcrumb","itemListElement":[{"@type":"ListItem","position":1,"name":"Home","item":"https:\/\/comuna.pt\/pt-pt\/"},{"@type":"ListItem","position":2,"name":"Produtos"},{"@type":"ListItem","position":3,"name":"Cart\u00f5es de Mem\u00f3ria e Leitores","item":"https:\/\/comuna.pt\/pt-pt\/Categoria\/cartoes-de-memoria-e-leitores\/"},{"@type":"ListItem","position":4,"name":"Cabo USB-A para USB-C"}]},{"@type":"WebSite","@id":"https:\/\/comuna.pt\/pt-pt\/#website","url":"https:\/\/comuna.pt\/pt-pt\/","name":"Comuna Rental House","description":"Photo studios, Podcast &amp; Equipment Rental","publisher":{"@id":"https:\/\/comuna.pt\/pt-pt\/#organization"},"alternateName":"Comuna Filmmaking Equipment Rental","potentialAction":[{"@type":"SearchAction","target":{"@type":"EntryPoint","urlTemplate":"https:\/\/comuna.pt\/pt-pt\/?s={search_term_string}"},"query-input":{"@type":"PropertyValueSpecification","valueRequired":true,"valueName":"search_term_string"}}],"inLanguage":"pt-PT"},{"@type":"Organization","@id":"https:\/\/comuna.pt\/pt-pt\/#organization","name":"Comuna Rental House","url":"https:\/\/comuna.pt\/pt-pt\/","logo":{"@type":"ImageObject","inLanguage":"pt-PT","@id":"https:\/\/comuna.pt\/pt-pt\/#\/schema\/logo\/image\/","url":"https:\/\/comuna.pt\/wp-content\/uploads\/2024\/03\/comuna_logo_website.png","contentUrl":"https:\/\/comuna.pt\/wp-content\/uploads\/2024\/03\/comuna_logo_website.png","width":2000,"height":262,"caption":"Comuna Rental House"},"image":{"@id":"https:\/\/comuna.pt\/pt-pt\/#\/schema\/logo\/image\/"},"sameAs":["http:\/\/facebook.com\/comuna.rental","https:\/\/www.instagram.com\/comuna_rental","https:\/\/www.linkedin.com\/company\/96410498"]}]},"product_price_amount":"2.00","product_price_currency":"EUR","og_availability":"instock","product_availability":"instock","product_condition":"new"},"_links":{"self":[{"href":"https:\/\/comuna.pt\/pt-pt\/wp-json\/wp\/v2\/product\/18438","targetHints":{"allow":["GET"]}}],"collection":[{"href":"https:\/\/comuna.pt\/pt-pt\/wp-json\/wp\/v2\/product"}],"about":[{"href":"https:\/\/comuna.pt\/pt-pt\/wp-json\/wp\/v2\/types\/product"}],"version-history":[{"count":1,"href":"https:\/\/comuna.pt\/pt-pt\/wp-json\/wp\/v2\/product\/18438\/revisions"}],"predecessor-version":[{"id":18589,"href":"https:\/\/comuna.pt\/pt-pt\/wp-json\/wp\/v2\/product\/18438\/revisions\/18589"}],"wp:featuredmedia":[{"embeddable":true,"href":"https:\/\/comuna.pt\/pt-pt\/wp-json\/wp\/v2\/media\/18439"}],"wp:attachment":[{"href":"https:\/\/comuna.pt\/pt-pt\/wp-json\/wp\/v2\/media?parent=18438"}],"wp:term":[{"taxonomy":"product_brand","embeddable":true,"href":"https:\/\/comuna.pt\/pt-pt\/wp-json\/wp\/v2\/product_brand?post=18438"},{"taxonomy":"product_cat","embeddable":true,"href":"https:\/\/comuna.pt\/pt-pt\/wp-json\/wp\/v2\/product_cat?post=18438"},{"taxonomy":"product_tag","embeddable":true,"href":"https:\/\/comuna.pt\/pt-pt\/wp-json\/wp\/v2\/product_tag?post=18438"}],"curies":[{"name":"wp","href":"https:\/\/api.w.org\/{rel}","templated":true}]}}