{"id":18431,"date":"2025-04-02T16:47:09","date_gmt":"2025-04-02T15:47:09","guid":{"rendered":"https:\/\/comuna.pt\/product\/aputure-ls-600c-pro-ii-rgb-led\/"},"modified":"2026-01-31T13:35:47","modified_gmt":"2026-01-31T13:35:47","slug":"aputure-ls-600c-pro-ii-rgb-led","status":"publish","type":"product","link":"https:\/\/comuna.pt\/pt-pt\/product\/aputure-ls-600c-pro-ii-rgb-led\/","title":{"rendered":"Aputure LS 600c Pro II RGB LED"},"content":{"rendered":"<div class=\"booqable-product-button\" data-id=\"aputure-ls-600c-pro-ii-rgb-led-v-mount\"><\/div>\n<p data-pm-slice=\"1 1 []\">O <a href=\"https:\/\/aputure.com\/products\/ls-600c-pro-ii\">Aputure LS 600c Pro II RGB LED Monolight (V-Mount)<\/a> \u00e9 um projetor point-source full-color topo de gama, concebido para produ\u00e7\u00f5es cinematogr\u00e1ficas de alto n\u00edvel. Com o seu output potente, constru\u00e7\u00e3o robusta e op\u00e7\u00f5es de controlo avan\u00e7adas, \u00e9 uma luz essencial para profissionais exigentes.<\/p>\n<p>Capaz de fornecer at\u00e9 <a href=\"https:\/\/aputure.com\/products\/ls-600c-pro-ii\">91.500 lux a 1 metro (5600K)<\/a> com o <a>Hyper Reflector<\/a> inclu\u00eddo, o 600c Pro II oferece mais 82% de brilho do que a gera\u00e7\u00e3o anterior. O seu chipset RGBWW de 600W proporciona cor de espetro total com controlo ultra-preciso, e uma ampla <a href=\"https:\/\/aputure.com\/products\/ls-600c-pro-ii\">gama de CCT de 2300K a 10.000K<\/a>, completa com ajuste verde-magenta. Gra\u00e7as \u00e0s suas <a href=\"https:\/\/aputure.com\/products\/ls-600c-pro-ii\">capacidades RGB<\/a>, o LS 600c Pro II pode reproduzir milh\u00f5es de cores e suporta modo HSI, predefini\u00e7\u00f5es de gelatina e correspond\u00eancia de cores avan\u00e7ada \u2014 tornando-o ideal para efeitos de ilumina\u00e7\u00e3o criativos em publicidade, videoclipes e fic\u00e7\u00e3o. Projetado com uma <a href=\"https:\/\/aputure.com\/products\/ls-600c-pro-ii\">classifica\u00e7\u00e3o IP54 de resist\u00eancia \u00e0s intemp\u00e9ries<\/a>, o projetor foi constru\u00eddo para suportar ambientes exteriores desafiantes, p\u00f3 e chuva leve \u2014 perfeito para trabalho em exterior. O seu <a href=\"https:\/\/aputure.com\/products\/ls-600c-pro-ii\">encaixe Bowens<\/a> universal garante compatibilidade com uma vasta gama de modificadores de luz da <a href=\"https:\/\/aputure.com\/\">Aputure<\/a> e de fabricantes terceiros. As op\u00e7\u00f5es de controlo s\u00e3o extensas, incluindo integra\u00e7\u00e3o com a app <a href=\"https:\/\/sidus.link\/\">Sidus Link<\/a>, <a href=\"https:\/\/www.lumenradio.com\/\">LumenRadio CRMX<\/a>, DMX512, Art-Net e sACN via <a href=\"https:\/\/aputure.com\/products\/ls-600c-pro-ii\">etherCON<\/a>, oferecendo uma integra\u00e7\u00e3o de fluxo de trabalho perfeita em setups profissionais. A alimenta\u00e7\u00e3o \u00e9 flex\u00edvel gra\u00e7as \u00e0 sua <a href=\"https:\/\/aputure.com\/products\/ls-600c-pro-ii\">compatibilidade com baterias V-Mount<\/a> (suporta 14.4V, 26V e 28.8V) ou AC com a unidade de controlo inclu\u00edda. Para especifica\u00e7\u00f5es detalhadas e acess\u00f3rios, consulte as listagens na <a href=\"https:\/\/aputure.com\/products\/ls-600c-pro-ii\">Aputure<\/a> e <a>B&amp;H<\/a>. Seja utilizado em cinema, publicidade ou produ\u00e7\u00f5es de est\u00fadio, o LS 600c Pro II \u00e9 uma solu\u00e7\u00e3o potente e fi\u00e1vel para qualquer setup de ilumina\u00e7\u00e3o s\u00e9rio. &nbsp;<\/p>\n","protected":false},"excerpt":{"rendered":"<p>O Aputure LS 600c Pro II RGB LED Monolight (V-Mount) \u00e9 um projetor point-source full-color topo de gama, concebido para produ\u00e7\u00f5es cinematogr\u00e1ficas de alto n\u00edvel. Com o seu output potente, constru\u00e7\u00e3o robusta e op\u00e7\u00f5es de controlo avan\u00e7adas, \u00e9 uma luz essencial para profissionais exigentes. Capaz de fornecer at\u00e9 91.500 lux a 1 metro (5600K) com [&hellip;]<\/p>\n","protected":false},"featured_media":18432,"template":"","meta":[],"product_brand":[],"product_cat":[805875],"product_tag":[],"class_list":{"0":"post-18431","1":"product","2":"type-product","3":"status-publish","4":"has-post-thumbnail","6":"product_cat-iluminacao","8":"first","9":"instock","10":"taxable","11":"shipping-taxable","12":"purchasable","13":"product-type-simple"},"yoast_head":"<!-- This site is optimized with the Yoast SEO Premium plugin v27.5 (Yoast SEO v27.6) - https:\/\/yoast.com\/product\/yoast-seo-premium-wordpress\/ -->\n<title>Aputure LS 600c Pro II RGB LED | Comuna Studios &amp; Equipment Rental<\/title>\n<meta name=\"description\" content=\"Desbloqueie todo o potencial da ilumina\u00e7\u00e3o criativa com o Aputure LS 600c Pro II, com capacidades RGB e correspond\u00eancia de cores avan\u00e7ada. Alugue agora!\" \/>\n<meta name=\"robots\" content=\"index, follow, max-snippet:-1, max-image-preview:large, max-video-preview:-1\" \/>\n<link rel=\"canonical\" href=\"https:\/\/comuna.pt\/pt-pt\/product\/aputure-ls-600c-pro-ii-rgb-led\/\" \/>\n<meta property=\"og:locale\" content=\"pt_PT\" \/>\n<meta property=\"og:type\" content=\"article\" \/>\n<meta property=\"og:title\" content=\"Aputure LS 600c Pro II RGB LED\" \/>\n<meta property=\"og:description\" content=\"Desbloqueie todo o potencial da ilumina\u00e7\u00e3o criativa com o Aputure LS 600c Pro II, com capacidades RGB e correspond\u00eancia de cores avan\u00e7ada. Alugue agora!\" \/>\n<meta property=\"og:url\" content=\"https:\/\/comuna.pt\/pt-pt\/product\/aputure-ls-600c-pro-ii-rgb-led\/\" \/>\n<meta property=\"og:site_name\" content=\"Comuna Studios &amp; Equipment Rental\" \/>\n<meta property=\"article:publisher\" content=\"http:\/\/facebook.com\/comuna.rental\" \/>\n<meta property=\"article:modified_time\" content=\"2026-01-31T13:35:47+00:00\" \/>\n<meta property=\"og:image\" content=\"https:\/\/comuna.pt\/wp-content\/uploads\/2025\/04\/1717501568_1828004.jpg\" \/>\n\t<meta property=\"og:image:width\" content=\"500\" \/>\n\t<meta property=\"og:image:height\" content=\"500\" \/>\n\t<meta property=\"og:image:type\" content=\"image\/jpeg\" \/>\n<meta name=\"twitter:card\" content=\"summary_large_image\" \/>\n<meta name=\"twitter:label1\" content=\"pre\u00e7o\" \/>\n\t<meta name=\"twitter:data1\" content=\"&euro;110,00 + 23% VAT\" \/>\n\t<meta name=\"twitter:label2\" content=\"Disponibilidade\" \/>\n\t<meta name=\"twitter:data2\" content=\"Em stock\" \/>\n<script type=\"application\/ld+json\" class=\"yoast-schema-graph\">{\"@context\":\"https:\\\/\\\/schema.org\",\"@graph\":[{\"@type\":[\"WebPage\",\"ItemPage\"],\"@id\":\"https:\\\/\\\/comuna.pt\\\/pt-pt\\\/product\\\/aputure-ls-600c-pro-ii-rgb-led\\\/\",\"url\":\"https:\\\/\\\/comuna.pt\\\/pt-pt\\\/product\\\/aputure-ls-600c-pro-ii-rgb-led\\\/\",\"name\":\"Aputure LS 600c Pro II RGB LED | Comuna Studios &amp; Equipment Rental\",\"isPartOf\":{\"@id\":\"https:\\\/\\\/comuna.pt\\\/pt-pt\\\/#website\"},\"primaryImageOfPage\":{\"@id\":\"https:\\\/\\\/comuna.pt\\\/pt-pt\\\/product\\\/aputure-ls-600c-pro-ii-rgb-led\\\/#primaryimage\"},\"image\":{\"@id\":\"https:\\\/\\\/comuna.pt\\\/pt-pt\\\/product\\\/aputure-ls-600c-pro-ii-rgb-led\\\/#primaryimage\"},\"thumbnailUrl\":\"https:\\\/\\\/comuna.pt\\\/wp-content\\\/uploads\\\/2025\\\/04\\\/1717501568_1828004.jpg\",\"datePublished\":\"2025-04-02T15:47:09+00:00\",\"dateModified\":\"2026-01-31T13:35:47+00:00\",\"description\":\"Desbloqueie todo o potencial da ilumina\u00e7\u00e3o criativa com o Aputure LS 600c Pro II, com capacidades RGB e correspond\u00eancia de cores avan\u00e7ada. Alugue agora!\",\"breadcrumb\":{\"@id\":\"https:\\\/\\\/comuna.pt\\\/pt-pt\\\/product\\\/aputure-ls-600c-pro-ii-rgb-led\\\/#breadcrumb\"},\"inLanguage\":\"pt-PT\",\"potentialAction\":[{\"@type\":\"ReadAction\",\"target\":[\"https:\\\/\\\/comuna.pt\\\/pt-pt\\\/product\\\/aputure-ls-600c-pro-ii-rgb-led\\\/\"]}]},{\"@type\":\"ImageObject\",\"inLanguage\":\"pt-PT\",\"@id\":\"https:\\\/\\\/comuna.pt\\\/pt-pt\\\/product\\\/aputure-ls-600c-pro-ii-rgb-led\\\/#primaryimage\",\"url\":\"https:\\\/\\\/comuna.pt\\\/wp-content\\\/uploads\\\/2025\\\/04\\\/1717501568_1828004.jpg\",\"contentUrl\":\"https:\\\/\\\/comuna.pt\\\/wp-content\\\/uploads\\\/2025\\\/04\\\/1717501568_1828004.jpg\",\"width\":500,\"height\":500},{\"@type\":\"BreadcrumbList\",\"@id\":\"https:\\\/\\\/comuna.pt\\\/pt-pt\\\/product\\\/aputure-ls-600c-pro-ii-rgb-led\\\/#breadcrumb\",\"itemListElement\":[{\"@type\":\"ListItem\",\"position\":1,\"name\":\"Home\",\"item\":\"https:\\\/\\\/comuna.pt\\\/pt-pt\\\/\"},{\"@type\":\"ListItem\",\"position\":2,\"name\":\"Produtos\"},{\"@type\":\"ListItem\",\"position\":3,\"name\":\"Ilumina\u00e7\u00e3o\",\"item\":\"https:\\\/\\\/comuna.pt\\\/pt-pt\\\/Categoria\\\/iluminacao\\\/\"},{\"@type\":\"ListItem\",\"position\":4,\"name\":\"Aputure LS 600c Pro II RGB LED\"}]},{\"@type\":\"WebSite\",\"@id\":\"https:\\\/\\\/comuna.pt\\\/pt-pt\\\/#website\",\"url\":\"https:\\\/\\\/comuna.pt\\\/pt-pt\\\/\",\"name\":\"Comuna Rental House\",\"description\":\"Photo studios, Podcast &amp; Equipment Rental\",\"publisher\":{\"@id\":\"https:\\\/\\\/comuna.pt\\\/pt-pt\\\/#organization\"},\"alternateName\":\"Comuna Filmmaking Equipment Rental\",\"potentialAction\":[{\"@type\":\"SearchAction\",\"target\":{\"@type\":\"EntryPoint\",\"urlTemplate\":\"https:\\\/\\\/comuna.pt\\\/pt-pt\\\/?s={search_term_string}\"},\"query-input\":{\"@type\":\"PropertyValueSpecification\",\"valueRequired\":true,\"valueName\":\"search_term_string\"}}],\"inLanguage\":\"pt-PT\"},{\"@type\":\"Organization\",\"@id\":\"https:\\\/\\\/comuna.pt\\\/pt-pt\\\/#organization\",\"name\":\"Comuna Rental House\",\"url\":\"https:\\\/\\\/comuna.pt\\\/pt-pt\\\/\",\"logo\":{\"@type\":\"ImageObject\",\"inLanguage\":\"pt-PT\",\"@id\":\"https:\\\/\\\/comuna.pt\\\/pt-pt\\\/#\\\/schema\\\/logo\\\/image\\\/\",\"url\":\"https:\\\/\\\/comuna.pt\\\/wp-content\\\/uploads\\\/2024\\\/03\\\/comuna_logo_website.png\",\"contentUrl\":\"https:\\\/\\\/comuna.pt\\\/wp-content\\\/uploads\\\/2024\\\/03\\\/comuna_logo_website.png\",\"width\":2000,\"height\":262,\"caption\":\"Comuna Rental House\"},\"image\":{\"@id\":\"https:\\\/\\\/comuna.pt\\\/pt-pt\\\/#\\\/schema\\\/logo\\\/image\\\/\"},\"sameAs\":[\"http:\\\/\\\/facebook.com\\\/comuna.rental\",\"https:\\\/\\\/www.instagram.com\\\/comuna_rental\",\"https:\\\/\\\/www.linkedin.com\\\/company\\\/96410498\"]}]}<\/script>\n<meta property=\"product:price:amount\" content=\"110.00\" \/>\n<meta property=\"product:price:currency\" content=\"EUR\" \/>\n<meta property=\"og:availability\" content=\"instock\" \/>\n<meta property=\"product:availability\" content=\"instock\" \/>\n<meta property=\"product:condition\" content=\"new\" \/>\n<!-- \/ Yoast SEO Premium plugin. -->","yoast_head_json":{"title":"Aputure LS 600c Pro II RGB LED | Comuna Studios &amp; Equipment Rental","description":"Desbloqueie todo o potencial da ilumina\u00e7\u00e3o criativa com o Aputure LS 600c Pro II, com capacidades RGB e correspond\u00eancia de cores avan\u00e7ada. Alugue agora!","robots":{"index":"index","follow":"follow","max-snippet":"max-snippet:-1","max-image-preview":"max-image-preview:large","max-video-preview":"max-video-preview:-1"},"canonical":"https:\/\/comuna.pt\/pt-pt\/product\/aputure-ls-600c-pro-ii-rgb-led\/","og_locale":"pt_PT","og_type":"article","og_title":"Aputure LS 600c Pro II RGB LED","og_description":"Desbloqueie todo o potencial da ilumina\u00e7\u00e3o criativa com o Aputure LS 600c Pro II, com capacidades RGB e correspond\u00eancia de cores avan\u00e7ada. Alugue agora!","og_url":"https:\/\/comuna.pt\/pt-pt\/product\/aputure-ls-600c-pro-ii-rgb-led\/","og_site_name":"Comuna Studios &amp; Equipment Rental","article_publisher":"http:\/\/facebook.com\/comuna.rental","article_modified_time":"2026-01-31T13:35:47+00:00","og_image":[{"width":500,"height":500,"url":"https:\/\/comuna.pt\/wp-content\/uploads\/2025\/04\/1717501568_1828004.jpg","type":"image\/jpeg"}],"twitter_card":"summary_large_image","twitter_misc":{"pre\u00e7o":"&euro;110,00 + 23% VAT","Disponibilidade":"Em stock"},"schema":{"@context":"https:\/\/schema.org","@graph":[{"@type":["WebPage","ItemPage"],"@id":"https:\/\/comuna.pt\/pt-pt\/product\/aputure-ls-600c-pro-ii-rgb-led\/","url":"https:\/\/comuna.pt\/pt-pt\/product\/aputure-ls-600c-pro-ii-rgb-led\/","name":"Aputure LS 600c Pro II RGB LED | Comuna Studios &amp; Equipment Rental","isPartOf":{"@id":"https:\/\/comuna.pt\/pt-pt\/#website"},"primaryImageOfPage":{"@id":"https:\/\/comuna.pt\/pt-pt\/product\/aputure-ls-600c-pro-ii-rgb-led\/#primaryimage"},"image":{"@id":"https:\/\/comuna.pt\/pt-pt\/product\/aputure-ls-600c-pro-ii-rgb-led\/#primaryimage"},"thumbnailUrl":"https:\/\/comuna.pt\/wp-content\/uploads\/2025\/04\/1717501568_1828004.jpg","datePublished":"2025-04-02T15:47:09+00:00","dateModified":"2026-01-31T13:35:47+00:00","description":"Desbloqueie todo o potencial da ilumina\u00e7\u00e3o criativa com o Aputure LS 600c Pro II, com capacidades RGB e correspond\u00eancia de cores avan\u00e7ada. Alugue agora!","breadcrumb":{"@id":"https:\/\/comuna.pt\/pt-pt\/product\/aputure-ls-600c-pro-ii-rgb-led\/#breadcrumb"},"inLanguage":"pt-PT","potentialAction":[{"@type":"ReadAction","target":["https:\/\/comuna.pt\/pt-pt\/product\/aputure-ls-600c-pro-ii-rgb-led\/"]}]},{"@type":"ImageObject","inLanguage":"pt-PT","@id":"https:\/\/comuna.pt\/pt-pt\/product\/aputure-ls-600c-pro-ii-rgb-led\/#primaryimage","url":"https:\/\/comuna.pt\/wp-content\/uploads\/2025\/04\/1717501568_1828004.jpg","contentUrl":"https:\/\/comuna.pt\/wp-content\/uploads\/2025\/04\/1717501568_1828004.jpg","width":500,"height":500},{"@type":"BreadcrumbList","@id":"https:\/\/comuna.pt\/pt-pt\/product\/aputure-ls-600c-pro-ii-rgb-led\/#breadcrumb","itemListElement":[{"@type":"ListItem","position":1,"name":"Home","item":"https:\/\/comuna.pt\/pt-pt\/"},{"@type":"ListItem","position":2,"name":"Produtos"},{"@type":"ListItem","position":3,"name":"Ilumina\u00e7\u00e3o","item":"https:\/\/comuna.pt\/pt-pt\/Categoria\/iluminacao\/"},{"@type":"ListItem","position":4,"name":"Aputure LS 600c Pro II RGB LED"}]},{"@type":"WebSite","@id":"https:\/\/comuna.pt\/pt-pt\/#website","url":"https:\/\/comuna.pt\/pt-pt\/","name":"Comuna Rental House","description":"Photo studios, Podcast &amp; Equipment Rental","publisher":{"@id":"https:\/\/comuna.pt\/pt-pt\/#organization"},"alternateName":"Comuna Filmmaking Equipment Rental","potentialAction":[{"@type":"SearchAction","target":{"@type":"EntryPoint","urlTemplate":"https:\/\/comuna.pt\/pt-pt\/?s={search_term_string}"},"query-input":{"@type":"PropertyValueSpecification","valueRequired":true,"valueName":"search_term_string"}}],"inLanguage":"pt-PT"},{"@type":"Organization","@id":"https:\/\/comuna.pt\/pt-pt\/#organization","name":"Comuna Rental House","url":"https:\/\/comuna.pt\/pt-pt\/","logo":{"@type":"ImageObject","inLanguage":"pt-PT","@id":"https:\/\/comuna.pt\/pt-pt\/#\/schema\/logo\/image\/","url":"https:\/\/comuna.pt\/wp-content\/uploads\/2024\/03\/comuna_logo_website.png","contentUrl":"https:\/\/comuna.pt\/wp-content\/uploads\/2024\/03\/comuna_logo_website.png","width":2000,"height":262,"caption":"Comuna Rental House"},"image":{"@id":"https:\/\/comuna.pt\/pt-pt\/#\/schema\/logo\/image\/"},"sameAs":["http:\/\/facebook.com\/comuna.rental","https:\/\/www.instagram.com\/comuna_rental","https:\/\/www.linkedin.com\/company\/96410498"]}]},"product_price_amount":"110.00","product_price_currency":"EUR","og_availability":"instock","product_availability":"instock","product_condition":"new"},"_links":{"self":[{"href":"https:\/\/comuna.pt\/pt-pt\/wp-json\/wp\/v2\/product\/18431","targetHints":{"allow":["GET"]}}],"collection":[{"href":"https:\/\/comuna.pt\/pt-pt\/wp-json\/wp\/v2\/product"}],"about":[{"href":"https:\/\/comuna.pt\/pt-pt\/wp-json\/wp\/v2\/types\/product"}],"version-history":[{"count":57,"href":"https:\/\/comuna.pt\/pt-pt\/wp-json\/wp\/v2\/product\/18431\/revisions"}],"predecessor-version":[{"id":19210,"href":"https:\/\/comuna.pt\/pt-pt\/wp-json\/wp\/v2\/product\/18431\/revisions\/19210"}],"wp:featuredmedia":[{"embeddable":true,"href":"https:\/\/comuna.pt\/pt-pt\/wp-json\/wp\/v2\/media\/18432"}],"wp:attachment":[{"href":"https:\/\/comuna.pt\/pt-pt\/wp-json\/wp\/v2\/media?parent=18431"}],"wp:term":[{"taxonomy":"product_brand","embeddable":true,"href":"https:\/\/comuna.pt\/pt-pt\/wp-json\/wp\/v2\/product_brand?post=18431"},{"taxonomy":"product_cat","embeddable":true,"href":"https:\/\/comuna.pt\/pt-pt\/wp-json\/wp\/v2\/product_cat?post=18431"},{"taxonomy":"product_tag","embeddable":true,"href":"https:\/\/comuna.pt\/pt-pt\/wp-json\/wp\/v2\/product_tag?post=18431"}],"curies":[{"name":"wp","href":"https:\/\/api.w.org\/{rel}","templated":true}]}}