{"id":18392,"date":"2025-04-09T17:27:02","date_gmt":"2025-04-09T16:27:02","guid":{"rendered":"https:\/\/comuna.pt\/product\/aputure-f10-barndoors\/"},"modified":"2026-01-29T19:09:17","modified_gmt":"2026-01-29T19:09:17","slug":"aputure-f10-barndoors","status":"publish","type":"product","link":"https:\/\/comuna.pt\/pt-pt\/product\/aputure-f10-barndoors\/","title":{"rendered":"Aputure F10 Barndoors"},"content":{"rendered":"<div class=\"booqable-product-button\" data-id=\"aputure-f10-barndoors\"><\/div>\n<p>As <strong data-start=\"199\" data-end=\"224\">Aputure F10 Barndoors<\/strong> s\u00e3o um modificador de luz de 8 abas (leaves) constru\u00eddo para o <a target=\"_new\" rel=\"noopener\" data-start=\"268\" data-end=\"331\"><strong data-start=\"269\" data-end=\"284\">F10 Fresnel<\/strong><\/a>. Concebidas para moldar e controlar com precis\u00e3o fontes de luz potentes como a <a target=\"_new\" rel=\"noopener\" data-start=\"402\" data-end=\"465\"><strong data-start=\"403\" data-end=\"418\">LS 600d Pro<\/strong><\/a> e a <a target=\"_new\" rel=\"noopener\" data-start=\"470\" data-end=\"533\"><strong data-start=\"471\" data-end=\"486\">LS 600x Pro<\/strong><\/a>. Fabricadas em alum\u00ednio dur\u00e1vel com um sistema de montagem seguro.<\/p>\n<ul data-start=\"592\" data-end=\"871\">\n<li class=\"\" data-start=\"592\" data-end=\"676\">\n<p class=\"\" data-start=\"594\" data-end=\"676\">Compat\u00edveis com: <a target=\"_new\" rel=\"noopener\" data-start=\"611\" data-end=\"674\"><strong data-start=\"612\" data-end=\"627\">F10 Fresnel<\/strong><\/a><\/p>\n<\/li>\n<li class=\"\" data-start=\"677\" data-end=\"744\">\n<p class=\"\" data-start=\"679\" data-end=\"744\">Controlo de feixe: <strong data-start=\"693\" data-end=\"710\">Design de 8 abas<\/strong> para m\u00e1xima flexibilidade de modela\u00e7\u00e3o<\/p>\n<\/li>\n<li class=\"\" data-start=\"745\" data-end=\"803\">\n<p class=\"\" data-start=\"747\" data-end=\"803\">Constru\u00e7\u00e3o: <strong data-start=\"754\" data-end=\"780\">Estrutura totalmente met\u00e1lica<\/strong> para uso profissional<\/p>\n<\/li>\n<li class=\"\" data-start=\"804\" data-end=\"871\">\n<p class=\"\" data-start=\"806\" data-end=\"871\">Ideal para: <strong data-start=\"817\" data-end=\"871\">sets de cinema, est\u00fadios e setups de ilumina\u00e7\u00e3o publicit\u00e1ria<\/strong><\/p>\n<\/li>\n<\/ul>\n","protected":false},"excerpt":{"rendered":"<p>As Aputure F10 Barndoors s\u00e3o um modificador de luz de 8 abas (leaves) constru\u00eddo para o F10 Fresnel. Concebidas para moldar e controlar com precis\u00e3o fontes de luz potentes como a LS 600d Pro e a LS 600x Pro. Fabricadas em alum\u00ednio dur\u00e1vel com um sistema de montagem seguro. Compat\u00edveis com: F10 Fresnel Controlo de [&hellip;]<\/p>\n","protected":false},"featured_media":18393,"template":"","meta":[],"product_brand":[],"product_cat":[805874],"product_tag":[],"class_list":{"0":"post-18392","1":"product","2":"type-product","3":"status-publish","4":"has-post-thumbnail","6":"product_cat-controlo-de-luz","8":"first","9":"instock","10":"taxable","11":"shipping-taxable","12":"purchasable","13":"product-type-simple"},"yoast_head":"<!-- This site is optimized with the Yoast SEO Premium plugin v27.4 (Yoast SEO v27.5) - https:\/\/yoast.com\/product\/yoast-seo-premium-wordpress\/ -->\n<title>Aputure F10 Barndoors | Comuna Studios &amp; Equipment Rental<\/title>\n<meta name=\"description\" content=\"Alugue as Aputure F10 Barndoors na Comuna Studios &amp; Equipment Rental em Lisboa. Modificador de 8 abas para controlo preciso de luz em projetores grandes como o LS 600d Pro com Fresnel F10.\" \/>\n<meta name=\"robots\" content=\"index, follow, max-snippet:-1, max-image-preview:large, max-video-preview:-1\" \/>\n<link rel=\"canonical\" href=\"https:\/\/comuna.pt\/pt-pt\/product\/aputure-f10-barndoors\/\" \/>\n<meta property=\"og:locale\" content=\"pt_PT\" \/>\n<meta property=\"og:type\" content=\"article\" \/>\n<meta property=\"og:title\" content=\"Aputure F10 Barndoors\" \/>\n<meta property=\"og:description\" content=\"Alugue as Aputure F10 Barndoors na Comuna Studios &amp; Equipment Rental em Lisboa. Modificador de 8 abas para controlo preciso de luz em projetores grandes como o LS 600d Pro com Fresnel F10.\" \/>\n<meta property=\"og:url\" content=\"https:\/\/comuna.pt\/pt-pt\/product\/aputure-f10-barndoors\/\" \/>\n<meta property=\"og:site_name\" content=\"Comuna Studios &amp; Equipment Rental\" \/>\n<meta property=\"article:publisher\" content=\"http:\/\/facebook.com\/comuna.rental\" \/>\n<meta property=\"article:modified_time\" content=\"2026-01-29T19:09:17+00:00\" \/>\n<meta property=\"og:image\" content=\"https:\/\/comuna.pt\/wp-content\/uploads\/2025\/04\/1589383254_1561976.jpg\" \/>\n\t<meta property=\"og:image:width\" content=\"1000\" \/>\n\t<meta property=\"og:image:height\" content=\"1000\" \/>\n\t<meta property=\"og:image:type\" content=\"image\/jpeg\" \/>\n<meta name=\"twitter:card\" content=\"summary_large_image\" \/>\n<meta name=\"twitter:label1\" content=\"pre\u00e7o\" \/>\n\t<meta name=\"twitter:data1\" content=\"&euro;8,00 + 23% VAT\" \/>\n\t<meta name=\"twitter:label2\" content=\"Disponibilidade\" \/>\n\t<meta name=\"twitter:data2\" content=\"Em stock\" \/>\n<script type=\"application\/ld+json\" class=\"yoast-schema-graph\">{\"@context\":\"https:\\\/\\\/schema.org\",\"@graph\":[{\"@type\":[\"WebPage\",\"ItemPage\"],\"@id\":\"https:\\\/\\\/comuna.pt\\\/pt-pt\\\/product\\\/aputure-f10-barndoors\\\/\",\"url\":\"https:\\\/\\\/comuna.pt\\\/pt-pt\\\/product\\\/aputure-f10-barndoors\\\/\",\"name\":\"Aputure F10 Barndoors | Comuna Studios &amp; Equipment Rental\",\"isPartOf\":{\"@id\":\"https:\\\/\\\/comuna.pt\\\/pt-pt\\\/#website\"},\"primaryImageOfPage\":{\"@id\":\"https:\\\/\\\/comuna.pt\\\/pt-pt\\\/product\\\/aputure-f10-barndoors\\\/#primaryimage\"},\"image\":{\"@id\":\"https:\\\/\\\/comuna.pt\\\/pt-pt\\\/product\\\/aputure-f10-barndoors\\\/#primaryimage\"},\"thumbnailUrl\":\"https:\\\/\\\/comuna.pt\\\/wp-content\\\/uploads\\\/2025\\\/04\\\/1589383254_1561976.jpg\",\"datePublished\":\"2025-04-09T16:27:02+00:00\",\"dateModified\":\"2026-01-29T19:09:17+00:00\",\"description\":\"Alugue as Aputure F10 Barndoors na Comuna Studios &amp; Equipment Rental em Lisboa. Modificador de 8 abas para controlo preciso de luz em projetores grandes como o LS 600d Pro com Fresnel F10.\",\"breadcrumb\":{\"@id\":\"https:\\\/\\\/comuna.pt\\\/pt-pt\\\/product\\\/aputure-f10-barndoors\\\/#breadcrumb\"},\"inLanguage\":\"pt-PT\",\"potentialAction\":[{\"@type\":\"ReadAction\",\"target\":[\"https:\\\/\\\/comuna.pt\\\/pt-pt\\\/product\\\/aputure-f10-barndoors\\\/\"]}]},{\"@type\":\"ImageObject\",\"inLanguage\":\"pt-PT\",\"@id\":\"https:\\\/\\\/comuna.pt\\\/pt-pt\\\/product\\\/aputure-f10-barndoors\\\/#primaryimage\",\"url\":\"https:\\\/\\\/comuna.pt\\\/wp-content\\\/uploads\\\/2025\\\/04\\\/1589383254_1561976.jpg\",\"contentUrl\":\"https:\\\/\\\/comuna.pt\\\/wp-content\\\/uploads\\\/2025\\\/04\\\/1589383254_1561976.jpg\",\"width\":1000,\"height\":1000},{\"@type\":\"BreadcrumbList\",\"@id\":\"https:\\\/\\\/comuna.pt\\\/pt-pt\\\/product\\\/aputure-f10-barndoors\\\/#breadcrumb\",\"itemListElement\":[{\"@type\":\"ListItem\",\"position\":1,\"name\":\"Home\",\"item\":\"https:\\\/\\\/comuna.pt\\\/pt-pt\\\/\"},{\"@type\":\"ListItem\",\"position\":2,\"name\":\"Produtos\"},{\"@type\":\"ListItem\",\"position\":3,\"name\":\"Controlo de Luz\",\"item\":\"https:\\\/\\\/comuna.pt\\\/pt-pt\\\/Categoria\\\/controlo-de-luz\\\/\"},{\"@type\":\"ListItem\",\"position\":4,\"name\":\"Aputure F10 Barndoors\"}]},{\"@type\":\"WebSite\",\"@id\":\"https:\\\/\\\/comuna.pt\\\/pt-pt\\\/#website\",\"url\":\"https:\\\/\\\/comuna.pt\\\/pt-pt\\\/\",\"name\":\"Comuna Rental House\",\"description\":\"Photo studios, Podcast &amp; Equipment Rental\",\"publisher\":{\"@id\":\"https:\\\/\\\/comuna.pt\\\/pt-pt\\\/#organization\"},\"alternateName\":\"Comuna Filmmaking Equipment Rental\",\"potentialAction\":[{\"@type\":\"SearchAction\",\"target\":{\"@type\":\"EntryPoint\",\"urlTemplate\":\"https:\\\/\\\/comuna.pt\\\/pt-pt\\\/?s={search_term_string}\"},\"query-input\":{\"@type\":\"PropertyValueSpecification\",\"valueRequired\":true,\"valueName\":\"search_term_string\"}}],\"inLanguage\":\"pt-PT\"},{\"@type\":\"Organization\",\"@id\":\"https:\\\/\\\/comuna.pt\\\/pt-pt\\\/#organization\",\"name\":\"Comuna Rental House\",\"url\":\"https:\\\/\\\/comuna.pt\\\/pt-pt\\\/\",\"logo\":{\"@type\":\"ImageObject\",\"inLanguage\":\"pt-PT\",\"@id\":\"https:\\\/\\\/comuna.pt\\\/pt-pt\\\/#\\\/schema\\\/logo\\\/image\\\/\",\"url\":\"https:\\\/\\\/comuna.pt\\\/wp-content\\\/uploads\\\/2024\\\/03\\\/comuna_logo_website.png\",\"contentUrl\":\"https:\\\/\\\/comuna.pt\\\/wp-content\\\/uploads\\\/2024\\\/03\\\/comuna_logo_website.png\",\"width\":2000,\"height\":262,\"caption\":\"Comuna Rental House\"},\"image\":{\"@id\":\"https:\\\/\\\/comuna.pt\\\/pt-pt\\\/#\\\/schema\\\/logo\\\/image\\\/\"},\"sameAs\":[\"http:\\\/\\\/facebook.com\\\/comuna.rental\",\"https:\\\/\\\/www.instagram.com\\\/comuna_rental\",\"https:\\\/\\\/www.linkedin.com\\\/company\\\/96410498\"]}]}<\/script>\n<meta property=\"product:price:amount\" content=\"8.00\" \/>\n<meta property=\"product:price:currency\" content=\"EUR\" \/>\n<meta property=\"og:availability\" content=\"instock\" \/>\n<meta property=\"product:availability\" content=\"instock\" \/>\n<meta property=\"product:condition\" content=\"new\" \/>\n<!-- \/ Yoast SEO Premium plugin. -->","yoast_head_json":{"title":"Aputure F10 Barndoors | Comuna Studios &amp; Equipment Rental","description":"Alugue as Aputure F10 Barndoors na Comuna Studios &amp; Equipment Rental em Lisboa. Modificador de 8 abas para controlo preciso de luz em projetores grandes como o LS 600d Pro com Fresnel F10.","robots":{"index":"index","follow":"follow","max-snippet":"max-snippet:-1","max-image-preview":"max-image-preview:large","max-video-preview":"max-video-preview:-1"},"canonical":"https:\/\/comuna.pt\/pt-pt\/product\/aputure-f10-barndoors\/","og_locale":"pt_PT","og_type":"article","og_title":"Aputure F10 Barndoors","og_description":"Alugue as Aputure F10 Barndoors na Comuna Studios &amp; Equipment Rental em Lisboa. Modificador de 8 abas para controlo preciso de luz em projetores grandes como o LS 600d Pro com Fresnel F10.","og_url":"https:\/\/comuna.pt\/pt-pt\/product\/aputure-f10-barndoors\/","og_site_name":"Comuna Studios &amp; Equipment Rental","article_publisher":"http:\/\/facebook.com\/comuna.rental","article_modified_time":"2026-01-29T19:09:17+00:00","og_image":[{"width":1000,"height":1000,"url":"https:\/\/comuna.pt\/wp-content\/uploads\/2025\/04\/1589383254_1561976.jpg","type":"image\/jpeg"}],"twitter_card":"summary_large_image","twitter_misc":{"pre\u00e7o":"&euro;8,00 + 23% VAT","Disponibilidade":"Em stock"},"schema":{"@context":"https:\/\/schema.org","@graph":[{"@type":["WebPage","ItemPage"],"@id":"https:\/\/comuna.pt\/pt-pt\/product\/aputure-f10-barndoors\/","url":"https:\/\/comuna.pt\/pt-pt\/product\/aputure-f10-barndoors\/","name":"Aputure F10 Barndoors | Comuna Studios &amp; Equipment Rental","isPartOf":{"@id":"https:\/\/comuna.pt\/pt-pt\/#website"},"primaryImageOfPage":{"@id":"https:\/\/comuna.pt\/pt-pt\/product\/aputure-f10-barndoors\/#primaryimage"},"image":{"@id":"https:\/\/comuna.pt\/pt-pt\/product\/aputure-f10-barndoors\/#primaryimage"},"thumbnailUrl":"https:\/\/comuna.pt\/wp-content\/uploads\/2025\/04\/1589383254_1561976.jpg","datePublished":"2025-04-09T16:27:02+00:00","dateModified":"2026-01-29T19:09:17+00:00","description":"Alugue as Aputure F10 Barndoors na Comuna Studios &amp; Equipment Rental em Lisboa. Modificador de 8 abas para controlo preciso de luz em projetores grandes como o LS 600d Pro com Fresnel F10.","breadcrumb":{"@id":"https:\/\/comuna.pt\/pt-pt\/product\/aputure-f10-barndoors\/#breadcrumb"},"inLanguage":"pt-PT","potentialAction":[{"@type":"ReadAction","target":["https:\/\/comuna.pt\/pt-pt\/product\/aputure-f10-barndoors\/"]}]},{"@type":"ImageObject","inLanguage":"pt-PT","@id":"https:\/\/comuna.pt\/pt-pt\/product\/aputure-f10-barndoors\/#primaryimage","url":"https:\/\/comuna.pt\/wp-content\/uploads\/2025\/04\/1589383254_1561976.jpg","contentUrl":"https:\/\/comuna.pt\/wp-content\/uploads\/2025\/04\/1589383254_1561976.jpg","width":1000,"height":1000},{"@type":"BreadcrumbList","@id":"https:\/\/comuna.pt\/pt-pt\/product\/aputure-f10-barndoors\/#breadcrumb","itemListElement":[{"@type":"ListItem","position":1,"name":"Home","item":"https:\/\/comuna.pt\/pt-pt\/"},{"@type":"ListItem","position":2,"name":"Produtos"},{"@type":"ListItem","position":3,"name":"Controlo de Luz","item":"https:\/\/comuna.pt\/pt-pt\/Categoria\/controlo-de-luz\/"},{"@type":"ListItem","position":4,"name":"Aputure F10 Barndoors"}]},{"@type":"WebSite","@id":"https:\/\/comuna.pt\/pt-pt\/#website","url":"https:\/\/comuna.pt\/pt-pt\/","name":"Comuna Rental House","description":"Photo studios, Podcast &amp; Equipment Rental","publisher":{"@id":"https:\/\/comuna.pt\/pt-pt\/#organization"},"alternateName":"Comuna Filmmaking Equipment Rental","potentialAction":[{"@type":"SearchAction","target":{"@type":"EntryPoint","urlTemplate":"https:\/\/comuna.pt\/pt-pt\/?s={search_term_string}"},"query-input":{"@type":"PropertyValueSpecification","valueRequired":true,"valueName":"search_term_string"}}],"inLanguage":"pt-PT"},{"@type":"Organization","@id":"https:\/\/comuna.pt\/pt-pt\/#organization","name":"Comuna Rental House","url":"https:\/\/comuna.pt\/pt-pt\/","logo":{"@type":"ImageObject","inLanguage":"pt-PT","@id":"https:\/\/comuna.pt\/pt-pt\/#\/schema\/logo\/image\/","url":"https:\/\/comuna.pt\/wp-content\/uploads\/2024\/03\/comuna_logo_website.png","contentUrl":"https:\/\/comuna.pt\/wp-content\/uploads\/2024\/03\/comuna_logo_website.png","width":2000,"height":262,"caption":"Comuna Rental House"},"image":{"@id":"https:\/\/comuna.pt\/pt-pt\/#\/schema\/logo\/image\/"},"sameAs":["http:\/\/facebook.com\/comuna.rental","https:\/\/www.instagram.com\/comuna_rental","https:\/\/www.linkedin.com\/company\/96410498"]}]},"product_price_amount":"8.00","product_price_currency":"EUR","og_availability":"instock","product_availability":"instock","product_condition":"new"},"_links":{"self":[{"href":"https:\/\/comuna.pt\/pt-pt\/wp-json\/wp\/v2\/product\/18392","targetHints":{"allow":["GET"]}}],"collection":[{"href":"https:\/\/comuna.pt\/pt-pt\/wp-json\/wp\/v2\/product"}],"about":[{"href":"https:\/\/comuna.pt\/pt-pt\/wp-json\/wp\/v2\/types\/product"}],"version-history":[{"count":1,"href":"https:\/\/comuna.pt\/pt-pt\/wp-json\/wp\/v2\/product\/18392\/revisions"}],"predecessor-version":[{"id":18398,"href":"https:\/\/comuna.pt\/pt-pt\/wp-json\/wp\/v2\/product\/18392\/revisions\/18398"}],"wp:featuredmedia":[{"embeddable":true,"href":"https:\/\/comuna.pt\/pt-pt\/wp-json\/wp\/v2\/media\/18393"}],"wp:attachment":[{"href":"https:\/\/comuna.pt\/pt-pt\/wp-json\/wp\/v2\/media?parent=18392"}],"wp:term":[{"taxonomy":"product_brand","embeddable":true,"href":"https:\/\/comuna.pt\/pt-pt\/wp-json\/wp\/v2\/product_brand?post=18392"},{"taxonomy":"product_cat","embeddable":true,"href":"https:\/\/comuna.pt\/pt-pt\/wp-json\/wp\/v2\/product_cat?post=18392"},{"taxonomy":"product_tag","embeddable":true,"href":"https:\/\/comuna.pt\/pt-pt\/wp-json\/wp\/v2\/product_tag?post=18392"}],"curies":[{"name":"wp","href":"https:\/\/api.w.org\/{rel}","templated":true}]}}