{"id":18274,"date":"2025-04-11T16:43:01","date_gmt":"2025-04-11T15:43:01","guid":{"rendered":"https:\/\/comuna.pt\/product\/walkie-talkie-kit-10-unidades\/"},"modified":"2026-01-29T18:49:30","modified_gmt":"2026-01-29T18:49:30","slug":"walkie-talkie-kit-10-unidades","status":"publish","type":"product","link":"https:\/\/comuna.pt\/pt-pt\/product\/walkie-talkie-kit-10-unidades\/","title":{"rendered":"Walkie-Talkie (Kit 10 unidades)"},"content":{"rendered":"<p class=\"\" data-start=\"158\" data-end=\"541\"><div class=\"booqable-product-button\" data-id=\"walkie-talkie-10pcs\"><\/div><\/p>\n<p class=\"\" data-start=\"158\" data-end=\"541\">O <a target=\"_new\" rel=\"noopener\" data-start=\"162\" data-end=\"276\">Retevis RT622<\/a> \u00e9 um walkie-talkie PMR446 compacto e de n\u00edvel profissional, ideal para uma comunica\u00e7\u00e3o clara e fi\u00e1vel em ambientes interiores e exteriores. Este conjunto de aluguer inclui <strong data-start=\"443\" data-end=\"455\">10 unidades<\/strong>, perfeito para equipas em sets de filmagem, eventos, seguran\u00e7a ou log\u00edstica.<\/p>\n<p class=\"\" data-start=\"543\" data-end=\"910\">Ultra-leve, com apenas 113g por unidade e apenas 2 cm de espessura, o RT622 \u00e9 f\u00e1cil de transportar e confort\u00e1vel para uso prolongado. Com 16 canais, c\u00f3digos de privacidade CTCSS\/DCS e funcionalidade m\u00e3os-livres VOX, oferece flexibilidade e clareza em situa\u00e7\u00f5es de ritmo acelerado. Cada unidade possui uma bateria recarreg\u00e1vel de 1000mAh integrada, proporcionando at\u00e9 12 horas de funcionamento cont\u00ednuo.<\/p>\n<p class=\"\" data-start=\"912\" data-end=\"1107\">O design da antena integrada melhora a estabilidade do sinal, reduzindo ao mesmo tempo a possibilidade de danos. Est\u00e1 inclu\u00eddo um carregador m\u00faltiplo de 10 slots para um carregamento noturno eficiente e uma implementa\u00e7\u00e3o f\u00e1cil no dia seguinte.<\/p>\n<p class=\"\" data-start=\"1109\" data-end=\"1222\">Fi\u00e1vel, compacto e intuitivo \u2014 este pack de 10 unidades est\u00e1 pronto para apoiar uma comunica\u00e7\u00e3o fluida em qualquer trabalho profissional.<\/p>\n","protected":false},"excerpt":{"rendered":"<p>O Retevis RT622 \u00e9 um walkie-talkie PMR446 compacto e de n\u00edvel profissional, ideal para uma comunica\u00e7\u00e3o clara e fi\u00e1vel em ambientes interiores e exteriores. Este conjunto de aluguer inclui 10 unidades, perfeito para equipas em sets de filmagem, eventos, seguran\u00e7a ou log\u00edstica. Ultra-leve, com apenas 113g por unidade e apenas 2 cm de espessura, o [&hellip;]<\/p>\n","protected":false},"featured_media":18275,"template":"","meta":[],"product_brand":[],"product_cat":[805861,805873],"product_tag":[],"class_list":{"0":"post-18274","1":"product","2":"type-product","3":"status-publish","4":"has-post-thumbnail","6":"product_cat-acessorios","7":"product_cat-producao","9":"first","10":"instock","11":"taxable","12":"shipping-taxable","13":"purchasable","14":"product-type-simple"},"yoast_head":"<!-- This site is optimized with the Yoast SEO Premium plugin v27.4 (Yoast SEO v27.5) - https:\/\/yoast.com\/product\/yoast-seo-premium-wordpress\/ -->\n<title>Walkie-Talkie (Kit 10 unidades) | Comuna Studios &amp; Equipment Rental<\/title>\n<meta name=\"description\" content=\"Mantenha a sua equipa comunicada com este kit de 10 Walkie-Talkies Retevis RT622. 16 canais e bateria recarreg\u00e1vel, ideais para produ\u00e7\u00e3o de cinema e eventos em Lisboa.\" \/>\n<meta name=\"robots\" content=\"index, follow, max-snippet:-1, max-image-preview:large, max-video-preview:-1\" \/>\n<link rel=\"canonical\" href=\"https:\/\/comuna.pt\/pt-pt\/product\/walkie-talkie-kit-10-unidades\/\" \/>\n<meta property=\"og:locale\" content=\"pt_PT\" \/>\n<meta property=\"og:type\" content=\"article\" \/>\n<meta property=\"og:title\" content=\"Walkie-Talkie (Kit 10 unidades)\" \/>\n<meta property=\"og:description\" content=\"Mantenha a sua equipa comunicada com este kit de 10 Walkie-Talkies Retevis RT622. 16 canais e bateria recarreg\u00e1vel, ideais para produ\u00e7\u00e3o de cinema e eventos em Lisboa.\" \/>\n<meta property=\"og:url\" content=\"https:\/\/comuna.pt\/pt-pt\/product\/walkie-talkie-kit-10-unidades\/\" \/>\n<meta property=\"og:site_name\" content=\"Comuna Studios &amp; Equipment Rental\" \/>\n<meta property=\"article:publisher\" content=\"http:\/\/facebook.com\/comuna.rental\" \/>\n<meta property=\"article:modified_time\" content=\"2026-01-29T18:49:30+00:00\" \/>\n<meta property=\"og:image\" content=\"https:\/\/comuna.pt\/wp-content\/uploads\/2025\/04\/61b4BvlDNWL._AC_SL1500_.jpg\" \/>\n\t<meta property=\"og:image:width\" content=\"1500\" \/>\n\t<meta property=\"og:image:height\" content=\"1418\" \/>\n\t<meta property=\"og:image:type\" content=\"image\/jpeg\" \/>\n<meta name=\"twitter:card\" content=\"summary_large_image\" \/>\n<meta name=\"twitter:label1\" content=\"pre\u00e7o\" \/>\n\t<meta name=\"twitter:data1\" content=\"&euro;20,00 + 23% VAT\" \/>\n\t<meta name=\"twitter:label2\" content=\"Disponibilidade\" \/>\n\t<meta name=\"twitter:data2\" content=\"Em stock\" \/>\n<script type=\"application\/ld+json\" class=\"yoast-schema-graph\">{\"@context\":\"https:\\\/\\\/schema.org\",\"@graph\":[{\"@type\":[\"WebPage\",\"ItemPage\"],\"@id\":\"https:\\\/\\\/comuna.pt\\\/pt-pt\\\/product\\\/walkie-talkie-kit-10-unidades\\\/\",\"url\":\"https:\\\/\\\/comuna.pt\\\/pt-pt\\\/product\\\/walkie-talkie-kit-10-unidades\\\/\",\"name\":\"Walkie-Talkie (Kit 10 unidades) | Comuna Studios &amp; Equipment Rental\",\"isPartOf\":{\"@id\":\"https:\\\/\\\/comuna.pt\\\/pt-pt\\\/#website\"},\"primaryImageOfPage\":{\"@id\":\"https:\\\/\\\/comuna.pt\\\/pt-pt\\\/product\\\/walkie-talkie-kit-10-unidades\\\/#primaryimage\"},\"image\":{\"@id\":\"https:\\\/\\\/comuna.pt\\\/pt-pt\\\/product\\\/walkie-talkie-kit-10-unidades\\\/#primaryimage\"},\"thumbnailUrl\":\"https:\\\/\\\/comuna.pt\\\/wp-content\\\/uploads\\\/2025\\\/04\\\/61b4BvlDNWL._AC_SL1500_.jpg\",\"datePublished\":\"2025-04-11T15:43:01+00:00\",\"dateModified\":\"2026-01-29T18:49:30+00:00\",\"description\":\"Mantenha a sua equipa comunicada com este kit de 10 Walkie-Talkies Retevis RT622. 16 canais e bateria recarreg\u00e1vel, ideais para produ\u00e7\u00e3o de cinema e eventos em Lisboa.\",\"breadcrumb\":{\"@id\":\"https:\\\/\\\/comuna.pt\\\/pt-pt\\\/product\\\/walkie-talkie-kit-10-unidades\\\/#breadcrumb\"},\"inLanguage\":\"pt-PT\",\"potentialAction\":[{\"@type\":\"ReadAction\",\"target\":[\"https:\\\/\\\/comuna.pt\\\/pt-pt\\\/product\\\/walkie-talkie-kit-10-unidades\\\/\"]}]},{\"@type\":\"ImageObject\",\"inLanguage\":\"pt-PT\",\"@id\":\"https:\\\/\\\/comuna.pt\\\/pt-pt\\\/product\\\/walkie-talkie-kit-10-unidades\\\/#primaryimage\",\"url\":\"https:\\\/\\\/comuna.pt\\\/wp-content\\\/uploads\\\/2025\\\/04\\\/61b4BvlDNWL._AC_SL1500_.jpg\",\"contentUrl\":\"https:\\\/\\\/comuna.pt\\\/wp-content\\\/uploads\\\/2025\\\/04\\\/61b4BvlDNWL._AC_SL1500_.jpg\",\"width\":1500,\"height\":1418},{\"@type\":\"BreadcrumbList\",\"@id\":\"https:\\\/\\\/comuna.pt\\\/pt-pt\\\/product\\\/walkie-talkie-kit-10-unidades\\\/#breadcrumb\",\"itemListElement\":[{\"@type\":\"ListItem\",\"position\":1,\"name\":\"Home\",\"item\":\"https:\\\/\\\/comuna.pt\\\/pt-pt\\\/\"},{\"@type\":\"ListItem\",\"position\":2,\"name\":\"Produtos\"},{\"@type\":\"ListItem\",\"position\":3,\"name\":\"Acess\u00f3rios\",\"item\":\"https:\\\/\\\/comuna.pt\\\/pt-pt\\\/Categoria\\\/acessorios\\\/\"},{\"@type\":\"ListItem\",\"position\":4,\"name\":\"Walkie-Talkie (Kit 10 unidades)\"}]},{\"@type\":\"WebSite\",\"@id\":\"https:\\\/\\\/comuna.pt\\\/pt-pt\\\/#website\",\"url\":\"https:\\\/\\\/comuna.pt\\\/pt-pt\\\/\",\"name\":\"Comuna Rental House\",\"description\":\"Photo studios, Podcast &amp; Equipment Rental\",\"publisher\":{\"@id\":\"https:\\\/\\\/comuna.pt\\\/pt-pt\\\/#organization\"},\"alternateName\":\"Comuna Filmmaking Equipment Rental\",\"potentialAction\":[{\"@type\":\"SearchAction\",\"target\":{\"@type\":\"EntryPoint\",\"urlTemplate\":\"https:\\\/\\\/comuna.pt\\\/pt-pt\\\/?s={search_term_string}\"},\"query-input\":{\"@type\":\"PropertyValueSpecification\",\"valueRequired\":true,\"valueName\":\"search_term_string\"}}],\"inLanguage\":\"pt-PT\"},{\"@type\":\"Organization\",\"@id\":\"https:\\\/\\\/comuna.pt\\\/pt-pt\\\/#organization\",\"name\":\"Comuna Rental House\",\"url\":\"https:\\\/\\\/comuna.pt\\\/pt-pt\\\/\",\"logo\":{\"@type\":\"ImageObject\",\"inLanguage\":\"pt-PT\",\"@id\":\"https:\\\/\\\/comuna.pt\\\/pt-pt\\\/#\\\/schema\\\/logo\\\/image\\\/\",\"url\":\"https:\\\/\\\/comuna.pt\\\/wp-content\\\/uploads\\\/2024\\\/03\\\/comuna_logo_website.png\",\"contentUrl\":\"https:\\\/\\\/comuna.pt\\\/wp-content\\\/uploads\\\/2024\\\/03\\\/comuna_logo_website.png\",\"width\":2000,\"height\":262,\"caption\":\"Comuna Rental House\"},\"image\":{\"@id\":\"https:\\\/\\\/comuna.pt\\\/pt-pt\\\/#\\\/schema\\\/logo\\\/image\\\/\"},\"sameAs\":[\"http:\\\/\\\/facebook.com\\\/comuna.rental\",\"https:\\\/\\\/www.instagram.com\\\/comuna_rental\",\"https:\\\/\\\/www.linkedin.com\\\/company\\\/96410498\"]}]}<\/script>\n<meta property=\"product:price:amount\" content=\"20.00\" \/>\n<meta property=\"product:price:currency\" content=\"EUR\" \/>\n<meta property=\"og:availability\" content=\"instock\" \/>\n<meta property=\"product:availability\" content=\"instock\" \/>\n<meta property=\"product:condition\" content=\"new\" \/>\n<!-- \/ Yoast SEO Premium plugin. -->","yoast_head_json":{"title":"Walkie-Talkie (Kit 10 unidades) | Comuna Studios &amp; Equipment Rental","description":"Mantenha a sua equipa comunicada com este kit de 10 Walkie-Talkies Retevis RT622. 16 canais e bateria recarreg\u00e1vel, ideais para produ\u00e7\u00e3o de cinema e eventos em Lisboa.","robots":{"index":"index","follow":"follow","max-snippet":"max-snippet:-1","max-image-preview":"max-image-preview:large","max-video-preview":"max-video-preview:-1"},"canonical":"https:\/\/comuna.pt\/pt-pt\/product\/walkie-talkie-kit-10-unidades\/","og_locale":"pt_PT","og_type":"article","og_title":"Walkie-Talkie (Kit 10 unidades)","og_description":"Mantenha a sua equipa comunicada com este kit de 10 Walkie-Talkies Retevis RT622. 16 canais e bateria recarreg\u00e1vel, ideais para produ\u00e7\u00e3o de cinema e eventos em Lisboa.","og_url":"https:\/\/comuna.pt\/pt-pt\/product\/walkie-talkie-kit-10-unidades\/","og_site_name":"Comuna Studios &amp; Equipment Rental","article_publisher":"http:\/\/facebook.com\/comuna.rental","article_modified_time":"2026-01-29T18:49:30+00:00","og_image":[{"width":1500,"height":1418,"url":"https:\/\/comuna.pt\/wp-content\/uploads\/2025\/04\/61b4BvlDNWL._AC_SL1500_.jpg","type":"image\/jpeg"}],"twitter_card":"summary_large_image","twitter_misc":{"pre\u00e7o":"&euro;20,00 + 23% VAT","Disponibilidade":"Em stock"},"schema":{"@context":"https:\/\/schema.org","@graph":[{"@type":["WebPage","ItemPage"],"@id":"https:\/\/comuna.pt\/pt-pt\/product\/walkie-talkie-kit-10-unidades\/","url":"https:\/\/comuna.pt\/pt-pt\/product\/walkie-talkie-kit-10-unidades\/","name":"Walkie-Talkie (Kit 10 unidades) | Comuna Studios &amp; Equipment Rental","isPartOf":{"@id":"https:\/\/comuna.pt\/pt-pt\/#website"},"primaryImageOfPage":{"@id":"https:\/\/comuna.pt\/pt-pt\/product\/walkie-talkie-kit-10-unidades\/#primaryimage"},"image":{"@id":"https:\/\/comuna.pt\/pt-pt\/product\/walkie-talkie-kit-10-unidades\/#primaryimage"},"thumbnailUrl":"https:\/\/comuna.pt\/wp-content\/uploads\/2025\/04\/61b4BvlDNWL._AC_SL1500_.jpg","datePublished":"2025-04-11T15:43:01+00:00","dateModified":"2026-01-29T18:49:30+00:00","description":"Mantenha a sua equipa comunicada com este kit de 10 Walkie-Talkies Retevis RT622. 16 canais e bateria recarreg\u00e1vel, ideais para produ\u00e7\u00e3o de cinema e eventos em Lisboa.","breadcrumb":{"@id":"https:\/\/comuna.pt\/pt-pt\/product\/walkie-talkie-kit-10-unidades\/#breadcrumb"},"inLanguage":"pt-PT","potentialAction":[{"@type":"ReadAction","target":["https:\/\/comuna.pt\/pt-pt\/product\/walkie-talkie-kit-10-unidades\/"]}]},{"@type":"ImageObject","inLanguage":"pt-PT","@id":"https:\/\/comuna.pt\/pt-pt\/product\/walkie-talkie-kit-10-unidades\/#primaryimage","url":"https:\/\/comuna.pt\/wp-content\/uploads\/2025\/04\/61b4BvlDNWL._AC_SL1500_.jpg","contentUrl":"https:\/\/comuna.pt\/wp-content\/uploads\/2025\/04\/61b4BvlDNWL._AC_SL1500_.jpg","width":1500,"height":1418},{"@type":"BreadcrumbList","@id":"https:\/\/comuna.pt\/pt-pt\/product\/walkie-talkie-kit-10-unidades\/#breadcrumb","itemListElement":[{"@type":"ListItem","position":1,"name":"Home","item":"https:\/\/comuna.pt\/pt-pt\/"},{"@type":"ListItem","position":2,"name":"Produtos"},{"@type":"ListItem","position":3,"name":"Acess\u00f3rios","item":"https:\/\/comuna.pt\/pt-pt\/Categoria\/acessorios\/"},{"@type":"ListItem","position":4,"name":"Walkie-Talkie (Kit 10 unidades)"}]},{"@type":"WebSite","@id":"https:\/\/comuna.pt\/pt-pt\/#website","url":"https:\/\/comuna.pt\/pt-pt\/","name":"Comuna Rental House","description":"Photo studios, Podcast &amp; Equipment Rental","publisher":{"@id":"https:\/\/comuna.pt\/pt-pt\/#organization"},"alternateName":"Comuna Filmmaking Equipment Rental","potentialAction":[{"@type":"SearchAction","target":{"@type":"EntryPoint","urlTemplate":"https:\/\/comuna.pt\/pt-pt\/?s={search_term_string}"},"query-input":{"@type":"PropertyValueSpecification","valueRequired":true,"valueName":"search_term_string"}}],"inLanguage":"pt-PT"},{"@type":"Organization","@id":"https:\/\/comuna.pt\/pt-pt\/#organization","name":"Comuna Rental House","url":"https:\/\/comuna.pt\/pt-pt\/","logo":{"@type":"ImageObject","inLanguage":"pt-PT","@id":"https:\/\/comuna.pt\/pt-pt\/#\/schema\/logo\/image\/","url":"https:\/\/comuna.pt\/wp-content\/uploads\/2024\/03\/comuna_logo_website.png","contentUrl":"https:\/\/comuna.pt\/wp-content\/uploads\/2024\/03\/comuna_logo_website.png","width":2000,"height":262,"caption":"Comuna Rental House"},"image":{"@id":"https:\/\/comuna.pt\/pt-pt\/#\/schema\/logo\/image\/"},"sameAs":["http:\/\/facebook.com\/comuna.rental","https:\/\/www.instagram.com\/comuna_rental","https:\/\/www.linkedin.com\/company\/96410498"]}]},"product_price_amount":"20.00","product_price_currency":"EUR","og_availability":"instock","product_availability":"instock","product_condition":"new"},"_links":{"self":[{"href":"https:\/\/comuna.pt\/pt-pt\/wp-json\/wp\/v2\/product\/18274","targetHints":{"allow":["GET"]}}],"collection":[{"href":"https:\/\/comuna.pt\/pt-pt\/wp-json\/wp\/v2\/product"}],"about":[{"href":"https:\/\/comuna.pt\/pt-pt\/wp-json\/wp\/v2\/types\/product"}],"version-history":[{"count":3,"href":"https:\/\/comuna.pt\/pt-pt\/wp-json\/wp\/v2\/product\/18274\/revisions"}],"predecessor-version":[{"id":18311,"href":"https:\/\/comuna.pt\/pt-pt\/wp-json\/wp\/v2\/product\/18274\/revisions\/18311"}],"wp:featuredmedia":[{"embeddable":true,"href":"https:\/\/comuna.pt\/pt-pt\/wp-json\/wp\/v2\/media\/18275"}],"wp:attachment":[{"href":"https:\/\/comuna.pt\/pt-pt\/wp-json\/wp\/v2\/media?parent=18274"}],"wp:term":[{"taxonomy":"product_brand","embeddable":true,"href":"https:\/\/comuna.pt\/pt-pt\/wp-json\/wp\/v2\/product_brand?post=18274"},{"taxonomy":"product_cat","embeddable":true,"href":"https:\/\/comuna.pt\/pt-pt\/wp-json\/wp\/v2\/product_cat?post=18274"},{"taxonomy":"product_tag","embeddable":true,"href":"https:\/\/comuna.pt\/pt-pt\/wp-json\/wp\/v2\/product_tag?post=18274"}],"curies":[{"name":"wp","href":"https:\/\/api.w.org\/{rel}","templated":true}]}}