{"id":18145,"date":"2025-04-16T18:21:42","date_gmt":"2025-04-16T17:21:42","guid":{"rendered":"https:\/\/comuna.pt\/product\/suporte-de-objetiva-nitze-15-mm\/"},"modified":"2026-01-29T17:56:23","modified_gmt":"2026-01-29T17:56:23","slug":"suporte-de-objetiva-nitze-15-mm","status":"publish","type":"product","link":"https:\/\/comuna.pt\/pt-pt\/product\/suporte-de-objetiva-nitze-15-mm\/","title":{"rendered":"Suporte de Objetiva (Nitze 15 mm)"},"content":{"rendered":"<p><span class=\"relative -mx-px my-[-0.2rem] rounded px-px py-[0.2rem] transition-colors duration-100 ease-in-out\"><div class=\"booqable-product-button\" data-id=\"lens-support-nitze-15-mm-lws\"><\/div><span class=\"relative -mx-px my-[-0.2rem] rounded px-px py-[0.2rem] transition-colors duration-100 ease-in-out\">O <a href=\"https:\/\/nitze.hk\/index.php?product_id=327&amp;route=product%2Fproduct\" target=\"_new\" rel=\"noopener noreferrer\" data-start=\"4\" data-end=\"105\">Suporte de Objetiva Nitze N04B 15mm LWS<\/a> \u00e9 um acess\u00f3rio de n\u00edvel profissional concebido para melhorar a estabilidade de lentes pesadas ou longas em sistemas de varetas (rods) de 15mm LWS.<\/span><\/p>\n<p><span class=\"relative -mx-px my-[-0.2rem] rounded px-px py-[0.2rem] transition-colors duration-100 ease-in-out\">O seu design &#8220;snap-on&#8221; permite uma fixa\u00e7\u00e3o e remo\u00e7\u00e3o r\u00e1pidas sem a necessidade de remover outros acess\u00f3rios montados nas varetas.<\/span> <span class=\"relative -mx-px my-[-0.2rem] rounded px-px py-[0.2rem] transition-colors duration-100 ease-in-out\">O suporte acomoda objetivas com di\u00e2metros at\u00e9 147mm e oferece ajustes verticais e horizontais de 33mm e 4mm, respetivamente.<\/span> <span class=\"relative -mx-px my-[-0.2rem] rounded px-px py-[0.2rem] transition-colors duration-100 ease-in-out\">Inclui postes de 1\/4\u201d-20, 3\/8\u201d-16 e M3 de v\u00e1rios comprimentos para se adaptar a diferentes roscas de montagem de lentes.<\/span> <span class=\"relative -mx-px my-[-0.2rem] rounded px-px py-[0.2rem] transition-colors duration-100 ease-in-out\">O suporte universal em forma de Y possui rolamentos de pl\u00e1stico para evitar riscos na lente, permitindo a rota\u00e7\u00e3o suave dos an\u00e9is de zoom ou foco.<\/span> <span class=\"relative -mx-px my-[-0.2rem] rounded px-px py-[0.2rem] transition-colors duration-100 ease-in-out\">Constru\u00eddo em liga de alum\u00ednio anodizado, o N04B garante durabilidade e fiabilidade para cineastas e fot\u00f3grafos profissionais.<\/span><\/p>\n","protected":false},"excerpt":{"rendered":"<p>O Suporte de Objetiva Nitze N04B 15mm LWS \u00e9 um acess\u00f3rio de n\u00edvel profissional concebido para melhorar a estabilidade de lentes pesadas ou longas em sistemas de varetas (rods) de 15mm LWS. O seu design &#8220;snap-on&#8221; permite uma fixa\u00e7\u00e3o e remo\u00e7\u00e3o r\u00e1pidas sem a necessidade de remover outros acess\u00f3rios montados nas varetas. O suporte acomoda [&hellip;]<\/p>\n","protected":false},"featured_media":18146,"template":"","meta":[],"product_brand":[],"product_cat":[805862],"product_tag":[],"class_list":{"0":"post-18145","1":"product","2":"type-product","3":"status-publish","4":"has-post-thumbnail","6":"product_cat-acessorios-de-camara","8":"first","9":"instock","10":"taxable","11":"shipping-taxable","12":"purchasable","13":"product-type-simple"},"yoast_head":"<!-- This site is optimized with the Yoast SEO Premium plugin v27.4 (Yoast SEO v27.5) - https:\/\/yoast.com\/product\/yoast-seo-premium-wordpress\/ -->\n<title>Suporte de Objetiva (Nitze 15 mm) | Comuna Studios &amp; Equipment Rental<\/title>\n<meta name=\"description\" content=\"Alugue o Suporte de Objetiva Nitze 15mm LWS em Lisboa. Design snap-on para montagem r\u00e1pida e estabilidade total de lentes pesadas em sistemas de varetas de 15mm.\" \/>\n<meta name=\"robots\" content=\"index, follow, max-snippet:-1, max-image-preview:large, max-video-preview:-1\" \/>\n<link rel=\"canonical\" href=\"https:\/\/comuna.pt\/pt-pt\/product\/suporte-de-objetiva-nitze-15-mm\/\" \/>\n<meta property=\"og:locale\" content=\"pt_PT\" \/>\n<meta property=\"og:type\" content=\"article\" \/>\n<meta property=\"og:title\" content=\"Suporte de Objetiva (Nitze 15 mm)\" \/>\n<meta property=\"og:description\" content=\"Alugue o Suporte de Objetiva Nitze 15mm LWS em Lisboa. Design snap-on para montagem r\u00e1pida e estabilidade total de lentes pesadas em sistemas de varetas de 15mm.\" \/>\n<meta property=\"og:url\" content=\"https:\/\/comuna.pt\/pt-pt\/product\/suporte-de-objetiva-nitze-15-mm\/\" \/>\n<meta property=\"og:site_name\" content=\"Comuna Studios &amp; Equipment Rental\" \/>\n<meta property=\"article:publisher\" content=\"http:\/\/facebook.com\/comuna.rental\" \/>\n<meta property=\"article:modified_time\" content=\"2026-01-29T17:56:23+00:00\" \/>\n<meta property=\"og:image\" content=\"https:\/\/comuna.pt\/wp-content\/uploads\/2025\/04\/s-l960.webp\" \/>\n\t<meta property=\"og:image:width\" content=\"800\" \/>\n\t<meta property=\"og:image:height\" content=\"800\" \/>\n\t<meta property=\"og:image:type\" content=\"image\/webp\" \/>\n<meta name=\"twitter:card\" content=\"summary_large_image\" \/>\n<meta name=\"twitter:label1\" content=\"pre\u00e7o\" \/>\n\t<meta name=\"twitter:data1\" content=\"&euro;4,00 + 23% VAT\" \/>\n\t<meta name=\"twitter:label2\" content=\"Disponibilidade\" \/>\n\t<meta name=\"twitter:data2\" content=\"Em stock\" \/>\n<script type=\"application\/ld+json\" class=\"yoast-schema-graph\">{\"@context\":\"https:\\\/\\\/schema.org\",\"@graph\":[{\"@type\":[\"WebPage\",\"ItemPage\"],\"@id\":\"https:\\\/\\\/comuna.pt\\\/pt-pt\\\/product\\\/suporte-de-objetiva-nitze-15-mm\\\/\",\"url\":\"https:\\\/\\\/comuna.pt\\\/pt-pt\\\/product\\\/suporte-de-objetiva-nitze-15-mm\\\/\",\"name\":\"Suporte de Objetiva (Nitze 15 mm) | Comuna Studios &amp; Equipment Rental\",\"isPartOf\":{\"@id\":\"https:\\\/\\\/comuna.pt\\\/pt-pt\\\/#website\"},\"primaryImageOfPage\":{\"@id\":\"https:\\\/\\\/comuna.pt\\\/pt-pt\\\/product\\\/suporte-de-objetiva-nitze-15-mm\\\/#primaryimage\"},\"image\":{\"@id\":\"https:\\\/\\\/comuna.pt\\\/pt-pt\\\/product\\\/suporte-de-objetiva-nitze-15-mm\\\/#primaryimage\"},\"thumbnailUrl\":\"https:\\\/\\\/comuna.pt\\\/wp-content\\\/uploads\\\/2025\\\/04\\\/s-l960.webp\",\"datePublished\":\"2025-04-16T17:21:42+00:00\",\"dateModified\":\"2026-01-29T17:56:23+00:00\",\"description\":\"Alugue o Suporte de Objetiva Nitze 15mm LWS em Lisboa. Design snap-on para montagem r\u00e1pida e estabilidade total de lentes pesadas em sistemas de varetas de 15mm.\",\"breadcrumb\":{\"@id\":\"https:\\\/\\\/comuna.pt\\\/pt-pt\\\/product\\\/suporte-de-objetiva-nitze-15-mm\\\/#breadcrumb\"},\"inLanguage\":\"pt-PT\",\"potentialAction\":[{\"@type\":\"ReadAction\",\"target\":[\"https:\\\/\\\/comuna.pt\\\/pt-pt\\\/product\\\/suporte-de-objetiva-nitze-15-mm\\\/\"]}]},{\"@type\":\"ImageObject\",\"inLanguage\":\"pt-PT\",\"@id\":\"https:\\\/\\\/comuna.pt\\\/pt-pt\\\/product\\\/suporte-de-objetiva-nitze-15-mm\\\/#primaryimage\",\"url\":\"https:\\\/\\\/comuna.pt\\\/wp-content\\\/uploads\\\/2025\\\/04\\\/s-l960.webp\",\"contentUrl\":\"https:\\\/\\\/comuna.pt\\\/wp-content\\\/uploads\\\/2025\\\/04\\\/s-l960.webp\",\"width\":800,\"height\":800},{\"@type\":\"BreadcrumbList\",\"@id\":\"https:\\\/\\\/comuna.pt\\\/pt-pt\\\/product\\\/suporte-de-objetiva-nitze-15-mm\\\/#breadcrumb\",\"itemListElement\":[{\"@type\":\"ListItem\",\"position\":1,\"name\":\"Home\",\"item\":\"https:\\\/\\\/comuna.pt\\\/pt-pt\\\/\"},{\"@type\":\"ListItem\",\"position\":2,\"name\":\"Produtos\"},{\"@type\":\"ListItem\",\"position\":3,\"name\":\"Acess\u00f3rios de C\u00e2mara\",\"item\":\"https:\\\/\\\/comuna.pt\\\/pt-pt\\\/Categoria\\\/acessorios-de-camara\\\/\"},{\"@type\":\"ListItem\",\"position\":4,\"name\":\"Suporte de Objetiva (Nitze 15 mm)\"}]},{\"@type\":\"WebSite\",\"@id\":\"https:\\\/\\\/comuna.pt\\\/pt-pt\\\/#website\",\"url\":\"https:\\\/\\\/comuna.pt\\\/pt-pt\\\/\",\"name\":\"Comuna Rental House\",\"description\":\"Photo studios, Podcast &amp; Equipment Rental\",\"publisher\":{\"@id\":\"https:\\\/\\\/comuna.pt\\\/pt-pt\\\/#organization\"},\"alternateName\":\"Comuna Filmmaking Equipment Rental\",\"potentialAction\":[{\"@type\":\"SearchAction\",\"target\":{\"@type\":\"EntryPoint\",\"urlTemplate\":\"https:\\\/\\\/comuna.pt\\\/pt-pt\\\/?s={search_term_string}\"},\"query-input\":{\"@type\":\"PropertyValueSpecification\",\"valueRequired\":true,\"valueName\":\"search_term_string\"}}],\"inLanguage\":\"pt-PT\"},{\"@type\":\"Organization\",\"@id\":\"https:\\\/\\\/comuna.pt\\\/pt-pt\\\/#organization\",\"name\":\"Comuna Rental House\",\"url\":\"https:\\\/\\\/comuna.pt\\\/pt-pt\\\/\",\"logo\":{\"@type\":\"ImageObject\",\"inLanguage\":\"pt-PT\",\"@id\":\"https:\\\/\\\/comuna.pt\\\/pt-pt\\\/#\\\/schema\\\/logo\\\/image\\\/\",\"url\":\"https:\\\/\\\/comuna.pt\\\/wp-content\\\/uploads\\\/2024\\\/03\\\/comuna_logo_website.png\",\"contentUrl\":\"https:\\\/\\\/comuna.pt\\\/wp-content\\\/uploads\\\/2024\\\/03\\\/comuna_logo_website.png\",\"width\":2000,\"height\":262,\"caption\":\"Comuna Rental House\"},\"image\":{\"@id\":\"https:\\\/\\\/comuna.pt\\\/pt-pt\\\/#\\\/schema\\\/logo\\\/image\\\/\"},\"sameAs\":[\"http:\\\/\\\/facebook.com\\\/comuna.rental\",\"https:\\\/\\\/www.instagram.com\\\/comuna_rental\",\"https:\\\/\\\/www.linkedin.com\\\/company\\\/96410498\"]}]}<\/script>\n<meta property=\"product:price:amount\" content=\"4.00\" \/>\n<meta property=\"product:price:currency\" content=\"EUR\" \/>\n<meta property=\"og:availability\" content=\"instock\" \/>\n<meta property=\"product:availability\" content=\"instock\" \/>\n<meta property=\"product:condition\" content=\"new\" \/>\n<!-- \/ Yoast SEO Premium plugin. -->","yoast_head_json":{"title":"Suporte de Objetiva (Nitze 15 mm) | Comuna Studios &amp; Equipment Rental","description":"Alugue o Suporte de Objetiva Nitze 15mm LWS em Lisboa. Design snap-on para montagem r\u00e1pida e estabilidade total de lentes pesadas em sistemas de varetas de 15mm.","robots":{"index":"index","follow":"follow","max-snippet":"max-snippet:-1","max-image-preview":"max-image-preview:large","max-video-preview":"max-video-preview:-1"},"canonical":"https:\/\/comuna.pt\/pt-pt\/product\/suporte-de-objetiva-nitze-15-mm\/","og_locale":"pt_PT","og_type":"article","og_title":"Suporte de Objetiva (Nitze 15 mm)","og_description":"Alugue o Suporte de Objetiva Nitze 15mm LWS em Lisboa. Design snap-on para montagem r\u00e1pida e estabilidade total de lentes pesadas em sistemas de varetas de 15mm.","og_url":"https:\/\/comuna.pt\/pt-pt\/product\/suporte-de-objetiva-nitze-15-mm\/","og_site_name":"Comuna Studios &amp; Equipment Rental","article_publisher":"http:\/\/facebook.com\/comuna.rental","article_modified_time":"2026-01-29T17:56:23+00:00","og_image":[{"width":800,"height":800,"url":"https:\/\/comuna.pt\/wp-content\/uploads\/2025\/04\/s-l960.webp","type":"image\/webp"}],"twitter_card":"summary_large_image","twitter_misc":{"pre\u00e7o":"&euro;4,00 + 23% VAT","Disponibilidade":"Em stock"},"schema":{"@context":"https:\/\/schema.org","@graph":[{"@type":["WebPage","ItemPage"],"@id":"https:\/\/comuna.pt\/pt-pt\/product\/suporte-de-objetiva-nitze-15-mm\/","url":"https:\/\/comuna.pt\/pt-pt\/product\/suporte-de-objetiva-nitze-15-mm\/","name":"Suporte de Objetiva (Nitze 15 mm) | Comuna Studios &amp; Equipment Rental","isPartOf":{"@id":"https:\/\/comuna.pt\/pt-pt\/#website"},"primaryImageOfPage":{"@id":"https:\/\/comuna.pt\/pt-pt\/product\/suporte-de-objetiva-nitze-15-mm\/#primaryimage"},"image":{"@id":"https:\/\/comuna.pt\/pt-pt\/product\/suporte-de-objetiva-nitze-15-mm\/#primaryimage"},"thumbnailUrl":"https:\/\/comuna.pt\/wp-content\/uploads\/2025\/04\/s-l960.webp","datePublished":"2025-04-16T17:21:42+00:00","dateModified":"2026-01-29T17:56:23+00:00","description":"Alugue o Suporte de Objetiva Nitze 15mm LWS em Lisboa. Design snap-on para montagem r\u00e1pida e estabilidade total de lentes pesadas em sistemas de varetas de 15mm.","breadcrumb":{"@id":"https:\/\/comuna.pt\/pt-pt\/product\/suporte-de-objetiva-nitze-15-mm\/#breadcrumb"},"inLanguage":"pt-PT","potentialAction":[{"@type":"ReadAction","target":["https:\/\/comuna.pt\/pt-pt\/product\/suporte-de-objetiva-nitze-15-mm\/"]}]},{"@type":"ImageObject","inLanguage":"pt-PT","@id":"https:\/\/comuna.pt\/pt-pt\/product\/suporte-de-objetiva-nitze-15-mm\/#primaryimage","url":"https:\/\/comuna.pt\/wp-content\/uploads\/2025\/04\/s-l960.webp","contentUrl":"https:\/\/comuna.pt\/wp-content\/uploads\/2025\/04\/s-l960.webp","width":800,"height":800},{"@type":"BreadcrumbList","@id":"https:\/\/comuna.pt\/pt-pt\/product\/suporte-de-objetiva-nitze-15-mm\/#breadcrumb","itemListElement":[{"@type":"ListItem","position":1,"name":"Home","item":"https:\/\/comuna.pt\/pt-pt\/"},{"@type":"ListItem","position":2,"name":"Produtos"},{"@type":"ListItem","position":3,"name":"Acess\u00f3rios de C\u00e2mara","item":"https:\/\/comuna.pt\/pt-pt\/Categoria\/acessorios-de-camara\/"},{"@type":"ListItem","position":4,"name":"Suporte de Objetiva (Nitze 15 mm)"}]},{"@type":"WebSite","@id":"https:\/\/comuna.pt\/pt-pt\/#website","url":"https:\/\/comuna.pt\/pt-pt\/","name":"Comuna Rental House","description":"Photo studios, Podcast &amp; Equipment Rental","publisher":{"@id":"https:\/\/comuna.pt\/pt-pt\/#organization"},"alternateName":"Comuna Filmmaking Equipment Rental","potentialAction":[{"@type":"SearchAction","target":{"@type":"EntryPoint","urlTemplate":"https:\/\/comuna.pt\/pt-pt\/?s={search_term_string}"},"query-input":{"@type":"PropertyValueSpecification","valueRequired":true,"valueName":"search_term_string"}}],"inLanguage":"pt-PT"},{"@type":"Organization","@id":"https:\/\/comuna.pt\/pt-pt\/#organization","name":"Comuna Rental House","url":"https:\/\/comuna.pt\/pt-pt\/","logo":{"@type":"ImageObject","inLanguage":"pt-PT","@id":"https:\/\/comuna.pt\/pt-pt\/#\/schema\/logo\/image\/","url":"https:\/\/comuna.pt\/wp-content\/uploads\/2024\/03\/comuna_logo_website.png","contentUrl":"https:\/\/comuna.pt\/wp-content\/uploads\/2024\/03\/comuna_logo_website.png","width":2000,"height":262,"caption":"Comuna Rental House"},"image":{"@id":"https:\/\/comuna.pt\/pt-pt\/#\/schema\/logo\/image\/"},"sameAs":["http:\/\/facebook.com\/comuna.rental","https:\/\/www.instagram.com\/comuna_rental","https:\/\/www.linkedin.com\/company\/96410498"]}]},"product_price_amount":"4.00","product_price_currency":"EUR","og_availability":"instock","product_availability":"instock","product_condition":"new"},"_links":{"self":[{"href":"https:\/\/comuna.pt\/pt-pt\/wp-json\/wp\/v2\/product\/18145","targetHints":{"allow":["GET"]}}],"collection":[{"href":"https:\/\/comuna.pt\/pt-pt\/wp-json\/wp\/v2\/product"}],"about":[{"href":"https:\/\/comuna.pt\/pt-pt\/wp-json\/wp\/v2\/types\/product"}],"version-history":[{"count":3,"href":"https:\/\/comuna.pt\/pt-pt\/wp-json\/wp\/v2\/product\/18145\/revisions"}],"predecessor-version":[{"id":18193,"href":"https:\/\/comuna.pt\/pt-pt\/wp-json\/wp\/v2\/product\/18145\/revisions\/18193"}],"wp:featuredmedia":[{"embeddable":true,"href":"https:\/\/comuna.pt\/pt-pt\/wp-json\/wp\/v2\/media\/18146"}],"wp:attachment":[{"href":"https:\/\/comuna.pt\/pt-pt\/wp-json\/wp\/v2\/media?parent=18145"}],"wp:term":[{"taxonomy":"product_brand","embeddable":true,"href":"https:\/\/comuna.pt\/pt-pt\/wp-json\/wp\/v2\/product_brand?post=18145"},{"taxonomy":"product_cat","embeddable":true,"href":"https:\/\/comuna.pt\/pt-pt\/wp-json\/wp\/v2\/product_cat?post=18145"},{"taxonomy":"product_tag","embeddable":true,"href":"https:\/\/comuna.pt\/pt-pt\/wp-json\/wp\/v2\/product_tag?post=18145"}],"curies":[{"name":"wp","href":"https:\/\/api.w.org\/{rel}","templated":true}]}}