{"id":18130,"date":"2025-04-16T19:23:04","date_gmt":"2025-04-16T18:23:04","guid":{"rendered":"https:\/\/comuna.pt\/product\/modulo-atomx-sdi-para-ninja-v\/"},"modified":"2026-01-29T17:56:23","modified_gmt":"2026-01-29T17:56:23","slug":"modulo-atomx-sdi-para-ninja-v","status":"publish","type":"product","link":"https:\/\/comuna.pt\/pt-pt\/product\/modulo-atomx-sdi-para-ninja-v\/","title":{"rendered":"M\u00f3dulo AtomX SDI para Ninja V"},"content":{"rendered":"<p><span class=\"relative -mx-px my-[-0.2rem] rounded px-px py-[0.2rem] transition-colors duration-100 ease-in-out\"><div class=\"booqable-product-button\" data-id=\"atomos-atomx-sdi-module-for-ninja-v\"><\/div><span class=\"relative -mx-px my-[-0.2rem] rounded px-px py-[0.2rem] transition-colors duration-100 ease-in-out\">O <a href=\"https:\/\/www.bhphotovideo.com\/c\/replacement_for\/1471487-REG\/atomos_atomxsdi01_atomx_sdi_module_for.html\" target=\"_new\" rel=\"noopener noreferrer\" data-start=\"4\" data-end=\"133\">M\u00f3dulo Atomos AtomX SDI<\/a> \u00e9 um acess\u00f3rio de expans\u00e3o de n\u00edvel profissional concebido para aumentar as capacidades dos monitores-gravadores <a href=\"https:\/\/www.atomos.com\/explore\/ninja\/\" target=\"_new\" rel=\"noopener noreferrer\" data-start=\"222\" data-end=\"270\">Ninja V<\/a> e <a href=\"https:\/\/www.atomos.com\/explore\/ninja\/\" target=\"_new\" rel=\"noopener noreferrer\" data-start=\"275\" data-end=\"324\">Ninja V+<\/a>.<\/span> <span class=\"relative -mx-px my-[-0.2rem] rounded px-px py-[0.2rem] transition-colors duration-100 ease-in-out\">Ao integrar duas entradas e sa\u00eddas 12G-SDI, este m\u00f3dulo permite a grava\u00e7\u00e3o e monitoriza\u00e7\u00e3o cont\u00ednua de formatos de v\u00eddeo de alta resolu\u00e7\u00e3o, incluindo at\u00e9 4K a 60p e 2K a 240p.<\/span><\/p>\n<p class=\"\" data-start=\"0\" data-end=\"126\"><span class=\"relative -mx-px my-[-0.2rem] rounded px-px py-[0.2rem] transition-colors duration-100 ease-in-out\">Com dois conectores BNC de tamanho normal, o M\u00f3dulo AtomX SDI garante liga\u00e7\u00f5es robustas e fi\u00e1veis para fluxos de trabalho profissionais.<\/span> <span class=\"relative -mx-px my-[-0.2rem] rounded px-px py-[0.2rem] transition-colors duration-100 ease-in-out\">O seu design &#8220;snap-on&#8221; sem ferramentas facilita a instala\u00e7\u00e3o r\u00e1pida, permitindo aos utilizadores alternar facilmente entre entradas HDMI e SDI sem interromper a configura\u00e7\u00e3o.<\/span> <span class=\"relative -mx-px my-[-0.2rem] rounded px-px py-[0.2rem] transition-colors duration-100 ease-in-out\">Al\u00e9m disso, o m\u00f3dulo suporta Atomos Sync para sincroniza\u00e7\u00e3o de timecode sem fios, otimizando produ\u00e7\u00f5es multi-c\u00e2mara.<\/span><\/p>\n<p class=\"\" data-start=\"287\" data-end=\"406\"><span class=\"relative -mx-px my-[-0.2rem] rounded px-px py-[0.2rem] transition-colors duration-100 ease-in-out\">Para cineastas e criadores de conte\u00fado que procuram expandir as suas op\u00e7\u00f5es de grava\u00e7\u00e3o e integrar conectividade SDI nos seus setups Ninja V ou Ninja V+, o M\u00f3dulo AtomX SDI oferece uma solu\u00e7\u00e3o compacta e eficiente.<\/span> <span class=\"relative -mx-px my-[-0.2rem] rounded px-px py-[0.2rem] transition-colors duration-100 ease-in-out\">Para saber mais sobre este m\u00f3dulo e a sua compatibilidade, visite a <a href=\"https:\/\/www.atomos.com\/explore\/ninja\/\" target=\"_new\" rel=\"noopener noreferrer\" data-start=\"67\" data-end=\"136\">p\u00e1gina oficial do produto Atomos<\/a>.<\/span><\/p>\n","protected":false},"excerpt":{"rendered":"<p>O M\u00f3dulo Atomos AtomX SDI \u00e9 um acess\u00f3rio de expans\u00e3o de n\u00edvel profissional concebido para aumentar as capacidades dos monitores-gravadores Ninja V e Ninja V+. Ao integrar duas entradas e sa\u00eddas 12G-SDI, este m\u00f3dulo permite a grava\u00e7\u00e3o e monitoriza\u00e7\u00e3o cont\u00ednua de formatos de v\u00eddeo de alta resolu\u00e7\u00e3o, incluindo at\u00e9 4K a 60p e 2K a [&hellip;]<\/p>\n","protected":false},"featured_media":18131,"template":"","meta":[],"product_brand":[],"product_cat":[805876],"product_tag":[],"class_list":{"0":"post-18130","1":"product","2":"type-product","3":"status-publish","4":"has-post-thumbnail","6":"product_cat-monitorizacao","8":"first","9":"instock","10":"taxable","11":"shipping-taxable","12":"purchasable","13":"product-type-simple"},"yoast_head":"<!-- This site is optimized with the Yoast SEO Premium plugin v27.4 (Yoast SEO v27.5) - https:\/\/yoast.com\/product\/yoast-seo-premium-wordpress\/ -->\n<title>M\u00f3dulo AtomX SDI para Ninja V | Comuna Studios &amp; Equipment Rental<\/title>\n<meta name=\"description\" content=\"Melhore o seu Ninja V com o M\u00f3dulo AtomX SDI. Instala\u00e7\u00e3o r\u00e1pida e liga\u00e7\u00f5es BNC fi\u00e1veis para fluxos de trabalho profissionais SDI em Lisboa na Comuna Studios &amp; Equipment Rental.\" \/>\n<meta name=\"robots\" content=\"index, follow, max-snippet:-1, max-image-preview:large, max-video-preview:-1\" \/>\n<link rel=\"canonical\" href=\"https:\/\/comuna.pt\/pt-pt\/product\/modulo-atomx-sdi-para-ninja-v\/\" \/>\n<meta property=\"og:locale\" content=\"pt_PT\" \/>\n<meta property=\"og:type\" content=\"article\" \/>\n<meta property=\"og:title\" content=\"M\u00f3dulo AtomX SDI para Ninja V\" \/>\n<meta property=\"og:description\" content=\"Melhore o seu Ninja V com o M\u00f3dulo AtomX SDI. Instala\u00e7\u00e3o r\u00e1pida e liga\u00e7\u00f5es BNC fi\u00e1veis para fluxos de trabalho profissionais SDI em Lisboa na Comuna Studios &amp; Equipment Rental.\" \/>\n<meta property=\"og:url\" content=\"https:\/\/comuna.pt\/pt-pt\/product\/modulo-atomx-sdi-para-ninja-v\/\" \/>\n<meta property=\"og:site_name\" content=\"Comuna Studios &amp; Equipment Rental\" \/>\n<meta property=\"article:publisher\" content=\"http:\/\/facebook.com\/comuna.rental\" \/>\n<meta property=\"article:modified_time\" content=\"2026-01-29T17:56:23+00:00\" \/>\n<meta property=\"og:image\" content=\"https:\/\/comuna.pt\/wp-content\/uploads\/2025\/04\/ATOMXSDI01_Atomos_AtomX-SDI-modular-expansion_01.webp\" \/>\n\t<meta property=\"og:image:width\" content=\"1920\" \/>\n\t<meta property=\"og:image:height\" content=\"1080\" \/>\n\t<meta property=\"og:image:type\" content=\"image\/webp\" \/>\n<meta name=\"twitter:card\" content=\"summary_large_image\" \/>\n<meta name=\"twitter:label1\" content=\"pre\u00e7o\" \/>\n\t<meta name=\"twitter:data1\" content=\"&euro;7,00 + 23% VAT\" \/>\n\t<meta name=\"twitter:label2\" content=\"Disponibilidade\" \/>\n\t<meta name=\"twitter:data2\" content=\"Em stock\" \/>\n<script type=\"application\/ld+json\" class=\"yoast-schema-graph\">{\"@context\":\"https:\\\/\\\/schema.org\",\"@graph\":[{\"@type\":[\"WebPage\",\"ItemPage\"],\"@id\":\"https:\\\/\\\/comuna.pt\\\/pt-pt\\\/product\\\/modulo-atomx-sdi-para-ninja-v\\\/\",\"url\":\"https:\\\/\\\/comuna.pt\\\/pt-pt\\\/product\\\/modulo-atomx-sdi-para-ninja-v\\\/\",\"name\":\"M\u00f3dulo AtomX SDI para Ninja V | Comuna Studios &amp; Equipment Rental\",\"isPartOf\":{\"@id\":\"https:\\\/\\\/comuna.pt\\\/pt-pt\\\/#website\"},\"primaryImageOfPage\":{\"@id\":\"https:\\\/\\\/comuna.pt\\\/pt-pt\\\/product\\\/modulo-atomx-sdi-para-ninja-v\\\/#primaryimage\"},\"image\":{\"@id\":\"https:\\\/\\\/comuna.pt\\\/pt-pt\\\/product\\\/modulo-atomx-sdi-para-ninja-v\\\/#primaryimage\"},\"thumbnailUrl\":\"https:\\\/\\\/comuna.pt\\\/wp-content\\\/uploads\\\/2025\\\/04\\\/ATOMXSDI01_Atomos_AtomX-SDI-modular-expansion_01.webp\",\"datePublished\":\"2025-04-16T18:23:04+00:00\",\"dateModified\":\"2026-01-29T17:56:23+00:00\",\"description\":\"Melhore o seu Ninja V com o M\u00f3dulo AtomX SDI. Instala\u00e7\u00e3o r\u00e1pida e liga\u00e7\u00f5es BNC fi\u00e1veis para fluxos de trabalho profissionais SDI em Lisboa na Comuna Studios &amp; Equipment Rental.\",\"breadcrumb\":{\"@id\":\"https:\\\/\\\/comuna.pt\\\/pt-pt\\\/product\\\/modulo-atomx-sdi-para-ninja-v\\\/#breadcrumb\"},\"inLanguage\":\"pt-PT\",\"potentialAction\":[{\"@type\":\"ReadAction\",\"target\":[\"https:\\\/\\\/comuna.pt\\\/pt-pt\\\/product\\\/modulo-atomx-sdi-para-ninja-v\\\/\"]}]},{\"@type\":\"ImageObject\",\"inLanguage\":\"pt-PT\",\"@id\":\"https:\\\/\\\/comuna.pt\\\/pt-pt\\\/product\\\/modulo-atomx-sdi-para-ninja-v\\\/#primaryimage\",\"url\":\"https:\\\/\\\/comuna.pt\\\/wp-content\\\/uploads\\\/2025\\\/04\\\/ATOMXSDI01_Atomos_AtomX-SDI-modular-expansion_01.webp\",\"contentUrl\":\"https:\\\/\\\/comuna.pt\\\/wp-content\\\/uploads\\\/2025\\\/04\\\/ATOMXSDI01_Atomos_AtomX-SDI-modular-expansion_01.webp\",\"width\":1920,\"height\":1080},{\"@type\":\"BreadcrumbList\",\"@id\":\"https:\\\/\\\/comuna.pt\\\/pt-pt\\\/product\\\/modulo-atomx-sdi-para-ninja-v\\\/#breadcrumb\",\"itemListElement\":[{\"@type\":\"ListItem\",\"position\":1,\"name\":\"Home\",\"item\":\"https:\\\/\\\/comuna.pt\\\/pt-pt\\\/\"},{\"@type\":\"ListItem\",\"position\":2,\"name\":\"Produtos\"},{\"@type\":\"ListItem\",\"position\":3,\"name\":\"Monitoriza\u00e7\u00e3o\",\"item\":\"https:\\\/\\\/comuna.pt\\\/pt-pt\\\/Categoria\\\/monitorizacao\\\/\"},{\"@type\":\"ListItem\",\"position\":4,\"name\":\"M\u00f3dulo AtomX SDI para Ninja V\"}]},{\"@type\":\"WebSite\",\"@id\":\"https:\\\/\\\/comuna.pt\\\/pt-pt\\\/#website\",\"url\":\"https:\\\/\\\/comuna.pt\\\/pt-pt\\\/\",\"name\":\"Comuna Rental House\",\"description\":\"Photo studios, Podcast &amp; Equipment Rental\",\"publisher\":{\"@id\":\"https:\\\/\\\/comuna.pt\\\/pt-pt\\\/#organization\"},\"alternateName\":\"Comuna Filmmaking Equipment Rental\",\"potentialAction\":[{\"@type\":\"SearchAction\",\"target\":{\"@type\":\"EntryPoint\",\"urlTemplate\":\"https:\\\/\\\/comuna.pt\\\/pt-pt\\\/?s={search_term_string}\"},\"query-input\":{\"@type\":\"PropertyValueSpecification\",\"valueRequired\":true,\"valueName\":\"search_term_string\"}}],\"inLanguage\":\"pt-PT\"},{\"@type\":\"Organization\",\"@id\":\"https:\\\/\\\/comuna.pt\\\/pt-pt\\\/#organization\",\"name\":\"Comuna Rental House\",\"url\":\"https:\\\/\\\/comuna.pt\\\/pt-pt\\\/\",\"logo\":{\"@type\":\"ImageObject\",\"inLanguage\":\"pt-PT\",\"@id\":\"https:\\\/\\\/comuna.pt\\\/pt-pt\\\/#\\\/schema\\\/logo\\\/image\\\/\",\"url\":\"https:\\\/\\\/comuna.pt\\\/wp-content\\\/uploads\\\/2024\\\/03\\\/comuna_logo_website.png\",\"contentUrl\":\"https:\\\/\\\/comuna.pt\\\/wp-content\\\/uploads\\\/2024\\\/03\\\/comuna_logo_website.png\",\"width\":2000,\"height\":262,\"caption\":\"Comuna Rental House\"},\"image\":{\"@id\":\"https:\\\/\\\/comuna.pt\\\/pt-pt\\\/#\\\/schema\\\/logo\\\/image\\\/\"},\"sameAs\":[\"http:\\\/\\\/facebook.com\\\/comuna.rental\",\"https:\\\/\\\/www.instagram.com\\\/comuna_rental\",\"https:\\\/\\\/www.linkedin.com\\\/company\\\/96410498\"]}]}<\/script>\n<meta property=\"product:price:amount\" content=\"7.00\" \/>\n<meta property=\"product:price:currency\" content=\"EUR\" \/>\n<meta property=\"og:availability\" content=\"instock\" \/>\n<meta property=\"product:availability\" content=\"instock\" \/>\n<meta property=\"product:condition\" content=\"new\" \/>\n<!-- \/ Yoast SEO Premium plugin. -->","yoast_head_json":{"title":"M\u00f3dulo AtomX SDI para Ninja V | Comuna Studios &amp; Equipment Rental","description":"Melhore o seu Ninja V com o M\u00f3dulo AtomX SDI. Instala\u00e7\u00e3o r\u00e1pida e liga\u00e7\u00f5es BNC fi\u00e1veis para fluxos de trabalho profissionais SDI em Lisboa na Comuna Studios &amp; Equipment Rental.","robots":{"index":"index","follow":"follow","max-snippet":"max-snippet:-1","max-image-preview":"max-image-preview:large","max-video-preview":"max-video-preview:-1"},"canonical":"https:\/\/comuna.pt\/pt-pt\/product\/modulo-atomx-sdi-para-ninja-v\/","og_locale":"pt_PT","og_type":"article","og_title":"M\u00f3dulo AtomX SDI para Ninja V","og_description":"Melhore o seu Ninja V com o M\u00f3dulo AtomX SDI. Instala\u00e7\u00e3o r\u00e1pida e liga\u00e7\u00f5es BNC fi\u00e1veis para fluxos de trabalho profissionais SDI em Lisboa na Comuna Studios &amp; Equipment Rental.","og_url":"https:\/\/comuna.pt\/pt-pt\/product\/modulo-atomx-sdi-para-ninja-v\/","og_site_name":"Comuna Studios &amp; Equipment Rental","article_publisher":"http:\/\/facebook.com\/comuna.rental","article_modified_time":"2026-01-29T17:56:23+00:00","og_image":[{"width":1920,"height":1080,"url":"https:\/\/comuna.pt\/wp-content\/uploads\/2025\/04\/ATOMXSDI01_Atomos_AtomX-SDI-modular-expansion_01.webp","type":"image\/webp"}],"twitter_card":"summary_large_image","twitter_misc":{"pre\u00e7o":"&euro;7,00 + 23% VAT","Disponibilidade":"Em stock"},"schema":{"@context":"https:\/\/schema.org","@graph":[{"@type":["WebPage","ItemPage"],"@id":"https:\/\/comuna.pt\/pt-pt\/product\/modulo-atomx-sdi-para-ninja-v\/","url":"https:\/\/comuna.pt\/pt-pt\/product\/modulo-atomx-sdi-para-ninja-v\/","name":"M\u00f3dulo AtomX SDI para Ninja V | Comuna Studios &amp; Equipment Rental","isPartOf":{"@id":"https:\/\/comuna.pt\/pt-pt\/#website"},"primaryImageOfPage":{"@id":"https:\/\/comuna.pt\/pt-pt\/product\/modulo-atomx-sdi-para-ninja-v\/#primaryimage"},"image":{"@id":"https:\/\/comuna.pt\/pt-pt\/product\/modulo-atomx-sdi-para-ninja-v\/#primaryimage"},"thumbnailUrl":"https:\/\/comuna.pt\/wp-content\/uploads\/2025\/04\/ATOMXSDI01_Atomos_AtomX-SDI-modular-expansion_01.webp","datePublished":"2025-04-16T18:23:04+00:00","dateModified":"2026-01-29T17:56:23+00:00","description":"Melhore o seu Ninja V com o M\u00f3dulo AtomX SDI. Instala\u00e7\u00e3o r\u00e1pida e liga\u00e7\u00f5es BNC fi\u00e1veis para fluxos de trabalho profissionais SDI em Lisboa na Comuna Studios &amp; Equipment Rental.","breadcrumb":{"@id":"https:\/\/comuna.pt\/pt-pt\/product\/modulo-atomx-sdi-para-ninja-v\/#breadcrumb"},"inLanguage":"pt-PT","potentialAction":[{"@type":"ReadAction","target":["https:\/\/comuna.pt\/pt-pt\/product\/modulo-atomx-sdi-para-ninja-v\/"]}]},{"@type":"ImageObject","inLanguage":"pt-PT","@id":"https:\/\/comuna.pt\/pt-pt\/product\/modulo-atomx-sdi-para-ninja-v\/#primaryimage","url":"https:\/\/comuna.pt\/wp-content\/uploads\/2025\/04\/ATOMXSDI01_Atomos_AtomX-SDI-modular-expansion_01.webp","contentUrl":"https:\/\/comuna.pt\/wp-content\/uploads\/2025\/04\/ATOMXSDI01_Atomos_AtomX-SDI-modular-expansion_01.webp","width":1920,"height":1080},{"@type":"BreadcrumbList","@id":"https:\/\/comuna.pt\/pt-pt\/product\/modulo-atomx-sdi-para-ninja-v\/#breadcrumb","itemListElement":[{"@type":"ListItem","position":1,"name":"Home","item":"https:\/\/comuna.pt\/pt-pt\/"},{"@type":"ListItem","position":2,"name":"Produtos"},{"@type":"ListItem","position":3,"name":"Monitoriza\u00e7\u00e3o","item":"https:\/\/comuna.pt\/pt-pt\/Categoria\/monitorizacao\/"},{"@type":"ListItem","position":4,"name":"M\u00f3dulo AtomX SDI para Ninja V"}]},{"@type":"WebSite","@id":"https:\/\/comuna.pt\/pt-pt\/#website","url":"https:\/\/comuna.pt\/pt-pt\/","name":"Comuna Rental House","description":"Photo studios, Podcast &amp; Equipment Rental","publisher":{"@id":"https:\/\/comuna.pt\/pt-pt\/#organization"},"alternateName":"Comuna Filmmaking Equipment Rental","potentialAction":[{"@type":"SearchAction","target":{"@type":"EntryPoint","urlTemplate":"https:\/\/comuna.pt\/pt-pt\/?s={search_term_string}"},"query-input":{"@type":"PropertyValueSpecification","valueRequired":true,"valueName":"search_term_string"}}],"inLanguage":"pt-PT"},{"@type":"Organization","@id":"https:\/\/comuna.pt\/pt-pt\/#organization","name":"Comuna Rental House","url":"https:\/\/comuna.pt\/pt-pt\/","logo":{"@type":"ImageObject","inLanguage":"pt-PT","@id":"https:\/\/comuna.pt\/pt-pt\/#\/schema\/logo\/image\/","url":"https:\/\/comuna.pt\/wp-content\/uploads\/2024\/03\/comuna_logo_website.png","contentUrl":"https:\/\/comuna.pt\/wp-content\/uploads\/2024\/03\/comuna_logo_website.png","width":2000,"height":262,"caption":"Comuna Rental House"},"image":{"@id":"https:\/\/comuna.pt\/pt-pt\/#\/schema\/logo\/image\/"},"sameAs":["http:\/\/facebook.com\/comuna.rental","https:\/\/www.instagram.com\/comuna_rental","https:\/\/www.linkedin.com\/company\/96410498"]}]},"product_price_amount":"7.00","product_price_currency":"EUR","og_availability":"instock","product_availability":"instock","product_condition":"new"},"_links":{"self":[{"href":"https:\/\/comuna.pt\/pt-pt\/wp-json\/wp\/v2\/product\/18130","targetHints":{"allow":["GET"]}}],"collection":[{"href":"https:\/\/comuna.pt\/pt-pt\/wp-json\/wp\/v2\/product"}],"about":[{"href":"https:\/\/comuna.pt\/pt-pt\/wp-json\/wp\/v2\/types\/product"}],"version-history":[{"count":13,"href":"https:\/\/comuna.pt\/pt-pt\/wp-json\/wp\/v2\/product\/18130\/revisions"}],"predecessor-version":[{"id":18209,"href":"https:\/\/comuna.pt\/pt-pt\/wp-json\/wp\/v2\/product\/18130\/revisions\/18209"}],"wp:featuredmedia":[{"embeddable":true,"href":"https:\/\/comuna.pt\/pt-pt\/wp-json\/wp\/v2\/media\/18131"}],"wp:attachment":[{"href":"https:\/\/comuna.pt\/pt-pt\/wp-json\/wp\/v2\/media?parent=18130"}],"wp:term":[{"taxonomy":"product_brand","embeddable":true,"href":"https:\/\/comuna.pt\/pt-pt\/wp-json\/wp\/v2\/product_brand?post=18130"},{"taxonomy":"product_cat","embeddable":true,"href":"https:\/\/comuna.pt\/pt-pt\/wp-json\/wp\/v2\/product_cat?post=18130"},{"taxonomy":"product_tag","embeddable":true,"href":"https:\/\/comuna.pt\/pt-pt\/wp-json\/wp\/v2\/product_tag?post=18130"}],"curies":[{"name":"wp","href":"https:\/\/api.w.org\/{rel}","templated":true}]}}