{"id":18019,"date":"2025-04-16T19:48:06","date_gmt":"2025-04-16T18:48:06","guid":{"rendered":"https:\/\/comuna.pt\/product\/tilta-pocket-follow-focus\/"},"modified":"2026-01-29T17:32:19","modified_gmt":"2026-01-29T17:32:19","slug":"tilta-pocket-follow-focus","status":"publish","type":"product","link":"https:\/\/comuna.pt\/pt-pt\/product\/tilta-pocket-follow-focus\/","title":{"rendered":"Tilta Pocket Follow Focus"},"content":{"rendered":"<div class=\"booqable-product-button\" data-id=\"tilta-pocket-follow-focus\"><\/div>\n<p><span class=\"relative -mx-px my-[-0.2rem] rounded px-px py-[0.2rem] transition-colors duration-100 ease-in-out\">O <a href=\"https:\/\/tilta.com\/shop\/tiltaing-pocket-follow-focus\/\" target=\"_new\" rel=\"noopener noreferrer\" data-start=\"4\" data-end=\"94\">Tilta Pocket Follow Focus (FF-T07)<\/a> \u00e9 um sistema de follow focus compacto e leve, concebido para proporcionar um controlo de foco manual preciso para cineastas e vide\u00f3grafos.<\/span> <span class=\"relative -mx-px my-[-0.2rem] rounded px-px py-[0.2rem] transition-colors duration-100 ease-in-out\">Constru\u00eddo com um novo material comp\u00f3sito, oferece uma mec\u00e2nica melhorada mantendo um formato altamente port\u00e1til.<\/span><\/p>\n<p class=\"\" data-start=\"0\" data-end=\"126\"><span class=\"relative -mx-px my-[-0.2rem] rounded px-px py-[0.2rem] transition-colors duration-100 ease-in-out\">Este sistema baseado em vara \u00fanica (single-rod) monta-se atrav\u00e9s de uma vara de 15mm e \u00e9 compat\u00edvel com engrenagens de objetiva de v\u00e1rios tamanhos.<\/span> <span class=\"relative -mx-px my-[-0.2rem] rounded px-px py-[0.2rem] transition-colors duration-100 ease-in-out\">Inclui carretos intermut\u00e1veis, como uma engrenagem de passo 0.8mm adequada para a maioria das lentes de cinema e um anel de engrenagem para objetivas fotogr\u00e1ficas, permitindo versatilidade entre diferentes tipos de lentes.<\/span><\/p>\n<p class=\"\" data-start=\"249\" data-end=\"368\"><span class=\"relative -mx-px my-[-0.2rem] rounded px-px py-[0.2rem] transition-colors duration-100 ease-in-out\">A roda de foco possui um sistema de amortecimento flu\u00eddo que emula a sensa\u00e7\u00e3o da pr\u00f3pria objetiva, auxiliando numa focagem precisa.<\/span> <span class=\"relative -mx-px my-[-0.2rem] rounded px-px py-[0.2rem] transition-colors duration-100 ease-in-out\">Adicionalmente, a unidade suporta rota\u00e7\u00e3o de 360 graus e inclui um sistema de &#8220;hard stops&#8221; de liberta\u00e7\u00e3o r\u00e1pida, permitindo aos utilizadores definir e acionar rapidamente intervalos de foco espec\u00edficos sem remover os batentes.<\/span><\/p>\n<p class=\"\" data-start=\"370\" data-end=\"453\"><span class=\"relative -mx-px my-[-0.2rem] rounded px-px py-[0.2rem] transition-colors duration-100 ease-in-out\">Para cineastas e criadores de conte\u00fado que procuram melhorar o seu controlo de foco, o <a href=\"https:\/\/tilta.com\/shop\/tiltaing-pocket-follow-focus\/\" target=\"_new\" rel=\"noopener noreferrer\" data-start=\"80\" data-end=\"161\">Tilta Pocket Follow Focus<\/a> oferece uma solu\u00e7\u00e3o fi\u00e1vel e eficiente.<\/span><\/p>\n","protected":false},"excerpt":{"rendered":"<p>O Tilta Pocket Follow Focus (FF-T07) \u00e9 um sistema de follow focus compacto e leve, concebido para proporcionar um controlo de foco manual preciso para cineastas e vide\u00f3grafos. Constru\u00eddo com um novo material comp\u00f3sito, oferece uma mec\u00e2nica melhorada mantendo um formato altamente port\u00e1til. Este sistema baseado em vara \u00fanica (single-rod) monta-se atrav\u00e9s de uma vara [&hellip;]<\/p>\n","protected":false},"featured_media":18021,"template":"","meta":[],"product_brand":[],"product_cat":[805862,805867],"product_tag":[],"class_list":{"0":"post-18019","1":"product","2":"type-product","3":"status-publish","4":"has-post-thumbnail","6":"product_cat-acessorios-de-camara","7":"product_cat-focus","9":"first","10":"instock","11":"taxable","12":"shipping-taxable","13":"purchasable","14":"product-type-simple"},"yoast_head":"<!-- This site is optimized with the Yoast SEO Premium plugin v27.4 (Yoast SEO v27.5) - https:\/\/yoast.com\/product\/yoast-seo-premium-wordpress\/ -->\n<title>Tilta Pocket Follow Focus | Comuna Studios &amp; Equipment Rental<\/title>\n<meta name=\"robots\" content=\"index, follow, max-snippet:-1, max-image-preview:large, max-video-preview:-1\" \/>\n<link rel=\"canonical\" href=\"https:\/\/comuna.pt\/pt-pt\/product\/tilta-pocket-follow-focus\/\" \/>\n<meta property=\"og:locale\" content=\"pt_PT\" \/>\n<meta property=\"og:type\" content=\"article\" \/>\n<meta property=\"og:title\" content=\"Tilta Pocket Follow Focus\" \/>\n<meta property=\"og:description\" content=\"O Tilta Pocket Follow Focus (FF-T07) \u00e9 um sistema de follow focus compacto e leve, concebido para proporcionar um controlo de foco manual preciso para cineastas e vide\u00f3grafos. Constru\u00eddo com um novo material comp\u00f3sito, oferece uma mec\u00e2nica melhorada mantendo um formato altamente port\u00e1til. Este sistema baseado em vara \u00fanica (single-rod) monta-se atrav\u00e9s de uma vara [&hellip;]\" \/>\n<meta property=\"og:url\" content=\"https:\/\/comuna.pt\/pt-pt\/product\/tilta-pocket-follow-focus\/\" \/>\n<meta property=\"og:site_name\" content=\"Comuna Studios &amp; Equipment Rental\" \/>\n<meta property=\"article:publisher\" content=\"http:\/\/facebook.com\/comuna.rental\" \/>\n<meta property=\"article:modified_time\" content=\"2026-01-29T17:32:19+00:00\" \/>\n<meta property=\"og:image\" content=\"https:\/\/comuna.pt\/wp-content\/uploads\/2025\/04\/61ygQin-gWL._AC_SL1500_.jpg\" \/>\n\t<meta property=\"og:image:width\" content=\"975\" \/>\n\t<meta property=\"og:image:height\" content=\"1423\" \/>\n\t<meta property=\"og:image:type\" content=\"image\/jpeg\" \/>\n<meta name=\"twitter:card\" content=\"summary_large_image\" \/>\n<meta name=\"twitter:label1\" content=\"pre\u00e7o\" \/>\n\t<meta name=\"twitter:data1\" content=\"&euro;9,00 + 23% VAT\" \/>\n\t<meta name=\"twitter:label2\" content=\"Disponibilidade\" \/>\n\t<meta name=\"twitter:data2\" content=\"Em stock\" \/>\n<script type=\"application\/ld+json\" class=\"yoast-schema-graph\">{\"@context\":\"https:\\\/\\\/schema.org\",\"@graph\":[{\"@type\":[\"WebPage\",\"ItemPage\"],\"@id\":\"https:\\\/\\\/comuna.pt\\\/pt-pt\\\/product\\\/tilta-pocket-follow-focus\\\/\",\"url\":\"https:\\\/\\\/comuna.pt\\\/pt-pt\\\/product\\\/tilta-pocket-follow-focus\\\/\",\"name\":\"Tilta Pocket Follow Focus | Comuna Studios &amp; Equipment Rental\",\"isPartOf\":{\"@id\":\"https:\\\/\\\/comuna.pt\\\/pt-pt\\\/#website\"},\"primaryImageOfPage\":{\"@id\":\"https:\\\/\\\/comuna.pt\\\/pt-pt\\\/product\\\/tilta-pocket-follow-focus\\\/#primaryimage\"},\"image\":{\"@id\":\"https:\\\/\\\/comuna.pt\\\/pt-pt\\\/product\\\/tilta-pocket-follow-focus\\\/#primaryimage\"},\"thumbnailUrl\":\"https:\\\/\\\/comuna.pt\\\/wp-content\\\/uploads\\\/2025\\\/04\\\/61ygQin-gWL._AC_SL1500_.jpg\",\"datePublished\":\"2025-04-16T18:48:06+00:00\",\"dateModified\":\"2026-01-29T17:32:19+00:00\",\"breadcrumb\":{\"@id\":\"https:\\\/\\\/comuna.pt\\\/pt-pt\\\/product\\\/tilta-pocket-follow-focus\\\/#breadcrumb\"},\"inLanguage\":\"pt-PT\",\"potentialAction\":[{\"@type\":\"ReadAction\",\"target\":[\"https:\\\/\\\/comuna.pt\\\/pt-pt\\\/product\\\/tilta-pocket-follow-focus\\\/\"]}]},{\"@type\":\"ImageObject\",\"inLanguage\":\"pt-PT\",\"@id\":\"https:\\\/\\\/comuna.pt\\\/pt-pt\\\/product\\\/tilta-pocket-follow-focus\\\/#primaryimage\",\"url\":\"https:\\\/\\\/comuna.pt\\\/wp-content\\\/uploads\\\/2025\\\/04\\\/61ygQin-gWL._AC_SL1500_.jpg\",\"contentUrl\":\"https:\\\/\\\/comuna.pt\\\/wp-content\\\/uploads\\\/2025\\\/04\\\/61ygQin-gWL._AC_SL1500_.jpg\",\"width\":975,\"height\":1423},{\"@type\":\"BreadcrumbList\",\"@id\":\"https:\\\/\\\/comuna.pt\\\/pt-pt\\\/product\\\/tilta-pocket-follow-focus\\\/#breadcrumb\",\"itemListElement\":[{\"@type\":\"ListItem\",\"position\":1,\"name\":\"Home\",\"item\":\"https:\\\/\\\/comuna.pt\\\/pt-pt\\\/\"},{\"@type\":\"ListItem\",\"position\":2,\"name\":\"Produtos\"},{\"@type\":\"ListItem\",\"position\":3,\"name\":\"Focus\",\"item\":\"https:\\\/\\\/comuna.pt\\\/pt-pt\\\/Categoria\\\/focus\\\/\"},{\"@type\":\"ListItem\",\"position\":4,\"name\":\"Tilta Pocket Follow Focus\"}]},{\"@type\":\"WebSite\",\"@id\":\"https:\\\/\\\/comuna.pt\\\/pt-pt\\\/#website\",\"url\":\"https:\\\/\\\/comuna.pt\\\/pt-pt\\\/\",\"name\":\"Comuna Rental House\",\"description\":\"Photo studios, Podcast &amp; Equipment Rental\",\"publisher\":{\"@id\":\"https:\\\/\\\/comuna.pt\\\/pt-pt\\\/#organization\"},\"alternateName\":\"Comuna Filmmaking Equipment Rental\",\"potentialAction\":[{\"@type\":\"SearchAction\",\"target\":{\"@type\":\"EntryPoint\",\"urlTemplate\":\"https:\\\/\\\/comuna.pt\\\/pt-pt\\\/?s={search_term_string}\"},\"query-input\":{\"@type\":\"PropertyValueSpecification\",\"valueRequired\":true,\"valueName\":\"search_term_string\"}}],\"inLanguage\":\"pt-PT\"},{\"@type\":\"Organization\",\"@id\":\"https:\\\/\\\/comuna.pt\\\/pt-pt\\\/#organization\",\"name\":\"Comuna Rental House\",\"url\":\"https:\\\/\\\/comuna.pt\\\/pt-pt\\\/\",\"logo\":{\"@type\":\"ImageObject\",\"inLanguage\":\"pt-PT\",\"@id\":\"https:\\\/\\\/comuna.pt\\\/pt-pt\\\/#\\\/schema\\\/logo\\\/image\\\/\",\"url\":\"https:\\\/\\\/comuna.pt\\\/wp-content\\\/uploads\\\/2024\\\/03\\\/comuna_logo_website.png\",\"contentUrl\":\"https:\\\/\\\/comuna.pt\\\/wp-content\\\/uploads\\\/2024\\\/03\\\/comuna_logo_website.png\",\"width\":2000,\"height\":262,\"caption\":\"Comuna Rental House\"},\"image\":{\"@id\":\"https:\\\/\\\/comuna.pt\\\/pt-pt\\\/#\\\/schema\\\/logo\\\/image\\\/\"},\"sameAs\":[\"http:\\\/\\\/facebook.com\\\/comuna.rental\",\"https:\\\/\\\/www.instagram.com\\\/comuna_rental\",\"https:\\\/\\\/www.linkedin.com\\\/company\\\/96410498\"]}]}<\/script>\n<meta property=\"product:price:amount\" content=\"9.00\" \/>\n<meta property=\"product:price:currency\" content=\"EUR\" \/>\n<meta property=\"og:availability\" content=\"instock\" \/>\n<meta property=\"product:availability\" content=\"instock\" \/>\n<meta property=\"product:condition\" content=\"new\" \/>\n<!-- \/ Yoast SEO Premium plugin. -->","yoast_head_json":{"title":"Tilta Pocket Follow Focus | Comuna Studios &amp; Equipment Rental","robots":{"index":"index","follow":"follow","max-snippet":"max-snippet:-1","max-image-preview":"max-image-preview:large","max-video-preview":"max-video-preview:-1"},"canonical":"https:\/\/comuna.pt\/pt-pt\/product\/tilta-pocket-follow-focus\/","og_locale":"pt_PT","og_type":"article","og_title":"Tilta Pocket Follow Focus","og_description":"O Tilta Pocket Follow Focus (FF-T07) \u00e9 um sistema de follow focus compacto e leve, concebido para proporcionar um controlo de foco manual preciso para cineastas e vide\u00f3grafos. Constru\u00eddo com um novo material comp\u00f3sito, oferece uma mec\u00e2nica melhorada mantendo um formato altamente port\u00e1til. Este sistema baseado em vara \u00fanica (single-rod) monta-se atrav\u00e9s de uma vara [&hellip;]","og_url":"https:\/\/comuna.pt\/pt-pt\/product\/tilta-pocket-follow-focus\/","og_site_name":"Comuna Studios &amp; Equipment Rental","article_publisher":"http:\/\/facebook.com\/comuna.rental","article_modified_time":"2026-01-29T17:32:19+00:00","og_image":[{"width":975,"height":1423,"url":"https:\/\/comuna.pt\/wp-content\/uploads\/2025\/04\/61ygQin-gWL._AC_SL1500_.jpg","type":"image\/jpeg"}],"twitter_card":"summary_large_image","twitter_misc":{"pre\u00e7o":"&euro;9,00 + 23% VAT","Disponibilidade":"Em stock"},"schema":{"@context":"https:\/\/schema.org","@graph":[{"@type":["WebPage","ItemPage"],"@id":"https:\/\/comuna.pt\/pt-pt\/product\/tilta-pocket-follow-focus\/","url":"https:\/\/comuna.pt\/pt-pt\/product\/tilta-pocket-follow-focus\/","name":"Tilta Pocket Follow Focus | Comuna Studios &amp; Equipment Rental","isPartOf":{"@id":"https:\/\/comuna.pt\/pt-pt\/#website"},"primaryImageOfPage":{"@id":"https:\/\/comuna.pt\/pt-pt\/product\/tilta-pocket-follow-focus\/#primaryimage"},"image":{"@id":"https:\/\/comuna.pt\/pt-pt\/product\/tilta-pocket-follow-focus\/#primaryimage"},"thumbnailUrl":"https:\/\/comuna.pt\/wp-content\/uploads\/2025\/04\/61ygQin-gWL._AC_SL1500_.jpg","datePublished":"2025-04-16T18:48:06+00:00","dateModified":"2026-01-29T17:32:19+00:00","breadcrumb":{"@id":"https:\/\/comuna.pt\/pt-pt\/product\/tilta-pocket-follow-focus\/#breadcrumb"},"inLanguage":"pt-PT","potentialAction":[{"@type":"ReadAction","target":["https:\/\/comuna.pt\/pt-pt\/product\/tilta-pocket-follow-focus\/"]}]},{"@type":"ImageObject","inLanguage":"pt-PT","@id":"https:\/\/comuna.pt\/pt-pt\/product\/tilta-pocket-follow-focus\/#primaryimage","url":"https:\/\/comuna.pt\/wp-content\/uploads\/2025\/04\/61ygQin-gWL._AC_SL1500_.jpg","contentUrl":"https:\/\/comuna.pt\/wp-content\/uploads\/2025\/04\/61ygQin-gWL._AC_SL1500_.jpg","width":975,"height":1423},{"@type":"BreadcrumbList","@id":"https:\/\/comuna.pt\/pt-pt\/product\/tilta-pocket-follow-focus\/#breadcrumb","itemListElement":[{"@type":"ListItem","position":1,"name":"Home","item":"https:\/\/comuna.pt\/pt-pt\/"},{"@type":"ListItem","position":2,"name":"Produtos"},{"@type":"ListItem","position":3,"name":"Focus","item":"https:\/\/comuna.pt\/pt-pt\/Categoria\/focus\/"},{"@type":"ListItem","position":4,"name":"Tilta Pocket Follow Focus"}]},{"@type":"WebSite","@id":"https:\/\/comuna.pt\/pt-pt\/#website","url":"https:\/\/comuna.pt\/pt-pt\/","name":"Comuna Rental House","description":"Photo studios, Podcast &amp; Equipment Rental","publisher":{"@id":"https:\/\/comuna.pt\/pt-pt\/#organization"},"alternateName":"Comuna Filmmaking Equipment Rental","potentialAction":[{"@type":"SearchAction","target":{"@type":"EntryPoint","urlTemplate":"https:\/\/comuna.pt\/pt-pt\/?s={search_term_string}"},"query-input":{"@type":"PropertyValueSpecification","valueRequired":true,"valueName":"search_term_string"}}],"inLanguage":"pt-PT"},{"@type":"Organization","@id":"https:\/\/comuna.pt\/pt-pt\/#organization","name":"Comuna Rental House","url":"https:\/\/comuna.pt\/pt-pt\/","logo":{"@type":"ImageObject","inLanguage":"pt-PT","@id":"https:\/\/comuna.pt\/pt-pt\/#\/schema\/logo\/image\/","url":"https:\/\/comuna.pt\/wp-content\/uploads\/2024\/03\/comuna_logo_website.png","contentUrl":"https:\/\/comuna.pt\/wp-content\/uploads\/2024\/03\/comuna_logo_website.png","width":2000,"height":262,"caption":"Comuna Rental House"},"image":{"@id":"https:\/\/comuna.pt\/pt-pt\/#\/schema\/logo\/image\/"},"sameAs":["http:\/\/facebook.com\/comuna.rental","https:\/\/www.instagram.com\/comuna_rental","https:\/\/www.linkedin.com\/company\/96410498"]}]},"product_price_amount":"9.00","product_price_currency":"EUR","og_availability":"instock","product_availability":"instock","product_condition":"new"},"_links":{"self":[{"href":"https:\/\/comuna.pt\/pt-pt\/wp-json\/wp\/v2\/product\/18019","targetHints":{"allow":["GET"]}}],"collection":[{"href":"https:\/\/comuna.pt\/pt-pt\/wp-json\/wp\/v2\/product"}],"about":[{"href":"https:\/\/comuna.pt\/pt-pt\/wp-json\/wp\/v2\/types\/product"}],"version-history":[{"count":3,"href":"https:\/\/comuna.pt\/pt-pt\/wp-json\/wp\/v2\/product\/18019\/revisions"}],"predecessor-version":[{"id":18109,"href":"https:\/\/comuna.pt\/pt-pt\/wp-json\/wp\/v2\/product\/18019\/revisions\/18109"}],"wp:featuredmedia":[{"embeddable":true,"href":"https:\/\/comuna.pt\/pt-pt\/wp-json\/wp\/v2\/media\/18021"}],"wp:attachment":[{"href":"https:\/\/comuna.pt\/pt-pt\/wp-json\/wp\/v2\/media?parent=18019"}],"wp:term":[{"taxonomy":"product_brand","embeddable":true,"href":"https:\/\/comuna.pt\/pt-pt\/wp-json\/wp\/v2\/product_brand?post=18019"},{"taxonomy":"product_cat","embeddable":true,"href":"https:\/\/comuna.pt\/pt-pt\/wp-json\/wp\/v2\/product_cat?post=18019"},{"taxonomy":"product_tag","embeddable":true,"href":"https:\/\/comuna.pt\/pt-pt\/wp-json\/wp\/v2\/product_tag?post=18019"}],"curies":[{"name":"wp","href":"https:\/\/api.w.org\/{rel}","templated":true}]}}