{"id":17995,"date":"2025-04-19T17:13:20","date_gmt":"2025-04-19T16:13:20","guid":{"rendered":"https:\/\/comuna.pt\/product\/monitor-smallhd-cine-7\/"},"modified":"2026-01-29T17:32:19","modified_gmt":"2026-01-29T17:32:19","slug":"monitor-smallhd-cine-7","status":"publish","type":"product","link":"https:\/\/comuna.pt\/pt-pt\/product\/monitor-smallhd-cine-7\/","title":{"rendered":"Monitor SmallHD Cine 7&#8243;"},"content":{"rendered":"<p class=\"\" data-start=\"117\" data-end=\"542\"><div class=\"booqable-product-button\" data-id=\"monitor-smallhd-cine-7\"><\/div><\/p>\n<p class=\"\" data-start=\"160\" data-end=\"574\">O <a target=\"_new\" rel=\"noopener\" data-start=\"164\" data-end=\"221\">SmallHD Cine 7&#8243;<\/a> \u00e9 um monitor t\u00e1til profissional de 7 polegadas, constru\u00eddo para sets de filmagem exigentes.<br \/>\nCom um ecr\u00e3 Full HD 1920&#215;1200, 1800 nits de brilho e cobertura total de cor DCI-P3, garante uma monitoriza\u00e7\u00e3o de imagem precisa tanto em est\u00fadio como em ambientes de luz solar direta.<br \/>\nEste monitor \u00e9 a escolha de confian\u00e7a para diretores de fotografia e focus pullers pela sua nitidez, fiabilidade e constru\u00e7\u00e3o robusta.<\/p>\n<p class=\"\" data-start=\"576\" data-end=\"914\">Concebido para integra\u00e7\u00e3o com as principais c\u00e2maras de cinema como <a class=\"\" href=\"https:\/\/www.arri.com\/\" target=\"_new\" rel=\"noopener\" data-start=\"634\" data-end=\"663\">ARRI<\/a>, <a class=\"\" href=\"https:\/\/www.red.com\/\" target=\"_new\" rel=\"noopener\" data-start=\"665\" data-end=\"692\">RED<\/a>, e <a target=\"_new\" rel=\"noopener\" data-start=\"698\" data-end=\"774\">Sony VENICE<\/a>, o Cine 7 oferece capacidades de controlo de c\u00e2mara via licen\u00e7as de software opcionais, tornando-se numa interface de controlo intuitiva diretamente no set.<\/p>\n<p class=\"\" data-start=\"916\" data-end=\"1193\">Equipado com entradas e sa\u00eddas SDI e HDMI com cross-conversion, adapta-se facilmente a qualquer fluxo de trabalho.<br \/>\nO monitor tamb\u00e9m suporta ferramentas essenciais como waveform, false color, focus assist e 3D LUTs personalizados, conferindo confian\u00e7a \u00e0s equipas na exposi\u00e7\u00e3o, foco e reprodu\u00e7\u00e3o de cor.<\/p>\n<p class=\"\" data-start=\"1195\" data-end=\"1353\">Compacto, dur\u00e1vel e potente, o monitor SmallHD Cine 7&#8243; \u00e9 a escolha ideal para profissionais que necessitam de uma monitoriza\u00e7\u00e3o on-camera precisa e de um controlo integrado.<\/p>\n","protected":false},"excerpt":{"rendered":"<p>O SmallHD Cine 7&#8243; \u00e9 um monitor t\u00e1til profissional de 7 polegadas, constru\u00eddo para sets de filmagem exigentes. Com um ecr\u00e3 Full HD 1920&#215;1200, 1800 nits de brilho e cobertura total de cor DCI-P3, garante uma monitoriza\u00e7\u00e3o de imagem precisa tanto em est\u00fadio como em ambientes de luz solar direta. Este monitor \u00e9 a escolha [&hellip;]<\/p>\n","protected":false},"featured_media":17996,"template":"","meta":[],"product_brand":[],"product_cat":[805876],"product_tag":[],"class_list":{"0":"post-17995","1":"product","2":"type-product","3":"status-publish","4":"has-post-thumbnail","6":"product_cat-monitorizacao","8":"first","9":"instock","10":"taxable","11":"shipping-taxable","12":"purchasable","13":"product-type-simple"},"yoast_head":"<!-- This site is optimized with the Yoast SEO Premium plugin v27.4 (Yoast SEO v27.5) - https:\/\/yoast.com\/product\/yoast-seo-premium-wordpress\/ -->\n<title>Monitor SmallHD Cine 7&quot; | Comuna Studios &amp; Equipment Rental<\/title>\n<meta name=\"description\" content=\"Alugue o monitor SmallHD Cine 7&quot; em Lisboa na Comuna Studios &amp; Equipment Rental. Ecr\u00e3 de 1800 nits, controlo de c\u00e2mara (ARRI\/RED\/Sony) e ferramentas profissionais para visibilidade m\u00e1xima no set.\" \/>\n<meta name=\"robots\" content=\"index, follow, max-snippet:-1, max-image-preview:large, max-video-preview:-1\" \/>\n<link rel=\"canonical\" href=\"https:\/\/comuna.pt\/pt-pt\/product\/monitor-smallhd-cine-7\/\" \/>\n<meta property=\"og:locale\" content=\"pt_PT\" \/>\n<meta property=\"og:type\" content=\"article\" \/>\n<meta property=\"og:title\" content=\"Monitor SmallHD Cine 7&quot;\" \/>\n<meta property=\"og:description\" content=\"Alugue o monitor SmallHD Cine 7&quot; em Lisboa na Comuna Studios &amp; Equipment Rental. Ecr\u00e3 de 1800 nits, controlo de c\u00e2mara (ARRI\/RED\/Sony) e ferramentas profissionais para visibilidade m\u00e1xima no set.\" \/>\n<meta property=\"og:url\" content=\"https:\/\/comuna.pt\/pt-pt\/product\/monitor-smallhd-cine-7\/\" \/>\n<meta property=\"og:site_name\" content=\"Comuna Studios &amp; Equipment Rental\" \/>\n<meta property=\"article:publisher\" content=\"http:\/\/facebook.com\/comuna.rental\" \/>\n<meta property=\"article:modified_time\" content=\"2026-01-29T17:32:19+00:00\" \/>\n<meta property=\"og:image\" content=\"https:\/\/comuna.pt\/wp-content\/uploads\/2025\/04\/12-07-20211626100146cine7_white-store-image_front-three-quarters_screen-comp_800x-1-.jpg\" \/>\n\t<meta property=\"og:image:width\" content=\"800\" \/>\n\t<meta property=\"og:image:height\" content=\"800\" \/>\n\t<meta property=\"og:image:type\" content=\"image\/jpeg\" \/>\n<meta name=\"twitter:card\" content=\"summary_large_image\" \/>\n<meta name=\"twitter:label1\" content=\"pre\u00e7o\" \/>\n\t<meta name=\"twitter:data1\" content=\"&euro;40,00 + 23% VAT\" \/>\n\t<meta name=\"twitter:label2\" content=\"Disponibilidade\" \/>\n\t<meta name=\"twitter:data2\" content=\"Em stock\" \/>\n<script type=\"application\/ld+json\" class=\"yoast-schema-graph\">{\"@context\":\"https:\\\/\\\/schema.org\",\"@graph\":[{\"@type\":[\"WebPage\",\"ItemPage\"],\"@id\":\"https:\\\/\\\/comuna.pt\\\/pt-pt\\\/product\\\/monitor-smallhd-cine-7\\\/\",\"url\":\"https:\\\/\\\/comuna.pt\\\/pt-pt\\\/product\\\/monitor-smallhd-cine-7\\\/\",\"name\":\"Monitor SmallHD Cine 7\\\" | Comuna Studios &amp; Equipment Rental\",\"isPartOf\":{\"@id\":\"https:\\\/\\\/comuna.pt\\\/pt-pt\\\/#website\"},\"primaryImageOfPage\":{\"@id\":\"https:\\\/\\\/comuna.pt\\\/pt-pt\\\/product\\\/monitor-smallhd-cine-7\\\/#primaryimage\"},\"image\":{\"@id\":\"https:\\\/\\\/comuna.pt\\\/pt-pt\\\/product\\\/monitor-smallhd-cine-7\\\/#primaryimage\"},\"thumbnailUrl\":\"https:\\\/\\\/comuna.pt\\\/wp-content\\\/uploads\\\/2025\\\/04\\\/12-07-20211626100146cine7_white-store-image_front-three-quarters_screen-comp_800x-1-.jpg\",\"datePublished\":\"2025-04-19T16:13:20+00:00\",\"dateModified\":\"2026-01-29T17:32:19+00:00\",\"description\":\"Alugue o monitor SmallHD Cine 7\\\" em Lisboa na Comuna Studios &amp; Equipment Rental. Ecr\u00e3 de 1800 nits, controlo de c\u00e2mara (ARRI\\\/RED\\\/Sony) e ferramentas profissionais para visibilidade m\u00e1xima no set.\",\"breadcrumb\":{\"@id\":\"https:\\\/\\\/comuna.pt\\\/pt-pt\\\/product\\\/monitor-smallhd-cine-7\\\/#breadcrumb\"},\"inLanguage\":\"pt-PT\",\"potentialAction\":[{\"@type\":\"ReadAction\",\"target\":[\"https:\\\/\\\/comuna.pt\\\/pt-pt\\\/product\\\/monitor-smallhd-cine-7\\\/\"]}]},{\"@type\":\"ImageObject\",\"inLanguage\":\"pt-PT\",\"@id\":\"https:\\\/\\\/comuna.pt\\\/pt-pt\\\/product\\\/monitor-smallhd-cine-7\\\/#primaryimage\",\"url\":\"https:\\\/\\\/comuna.pt\\\/wp-content\\\/uploads\\\/2025\\\/04\\\/12-07-20211626100146cine7_white-store-image_front-three-quarters_screen-comp_800x-1-.jpg\",\"contentUrl\":\"https:\\\/\\\/comuna.pt\\\/wp-content\\\/uploads\\\/2025\\\/04\\\/12-07-20211626100146cine7_white-store-image_front-three-quarters_screen-comp_800x-1-.jpg\",\"width\":800,\"height\":800},{\"@type\":\"BreadcrumbList\",\"@id\":\"https:\\\/\\\/comuna.pt\\\/pt-pt\\\/product\\\/monitor-smallhd-cine-7\\\/#breadcrumb\",\"itemListElement\":[{\"@type\":\"ListItem\",\"position\":1,\"name\":\"Home\",\"item\":\"https:\\\/\\\/comuna.pt\\\/pt-pt\\\/\"},{\"@type\":\"ListItem\",\"position\":2,\"name\":\"Produtos\"},{\"@type\":\"ListItem\",\"position\":3,\"name\":\"Monitoriza\u00e7\u00e3o\",\"item\":\"https:\\\/\\\/comuna.pt\\\/pt-pt\\\/Categoria\\\/monitorizacao\\\/\"},{\"@type\":\"ListItem\",\"position\":4,\"name\":\"Monitor SmallHD Cine 7&#8243;\"}]},{\"@type\":\"WebSite\",\"@id\":\"https:\\\/\\\/comuna.pt\\\/pt-pt\\\/#website\",\"url\":\"https:\\\/\\\/comuna.pt\\\/pt-pt\\\/\",\"name\":\"Comuna Rental House\",\"description\":\"Photo studios, Podcast &amp; Equipment Rental\",\"publisher\":{\"@id\":\"https:\\\/\\\/comuna.pt\\\/pt-pt\\\/#organization\"},\"alternateName\":\"Comuna Filmmaking Equipment Rental\",\"potentialAction\":[{\"@type\":\"SearchAction\",\"target\":{\"@type\":\"EntryPoint\",\"urlTemplate\":\"https:\\\/\\\/comuna.pt\\\/pt-pt\\\/?s={search_term_string}\"},\"query-input\":{\"@type\":\"PropertyValueSpecification\",\"valueRequired\":true,\"valueName\":\"search_term_string\"}}],\"inLanguage\":\"pt-PT\"},{\"@type\":\"Organization\",\"@id\":\"https:\\\/\\\/comuna.pt\\\/pt-pt\\\/#organization\",\"name\":\"Comuna Rental House\",\"url\":\"https:\\\/\\\/comuna.pt\\\/pt-pt\\\/\",\"logo\":{\"@type\":\"ImageObject\",\"inLanguage\":\"pt-PT\",\"@id\":\"https:\\\/\\\/comuna.pt\\\/pt-pt\\\/#\\\/schema\\\/logo\\\/image\\\/\",\"url\":\"https:\\\/\\\/comuna.pt\\\/wp-content\\\/uploads\\\/2024\\\/03\\\/comuna_logo_website.png\",\"contentUrl\":\"https:\\\/\\\/comuna.pt\\\/wp-content\\\/uploads\\\/2024\\\/03\\\/comuna_logo_website.png\",\"width\":2000,\"height\":262,\"caption\":\"Comuna Rental House\"},\"image\":{\"@id\":\"https:\\\/\\\/comuna.pt\\\/pt-pt\\\/#\\\/schema\\\/logo\\\/image\\\/\"},\"sameAs\":[\"http:\\\/\\\/facebook.com\\\/comuna.rental\",\"https:\\\/\\\/www.instagram.com\\\/comuna_rental\",\"https:\\\/\\\/www.linkedin.com\\\/company\\\/96410498\"]}]}<\/script>\n<meta property=\"product:price:amount\" content=\"40.00\" \/>\n<meta property=\"product:price:currency\" content=\"EUR\" \/>\n<meta property=\"og:availability\" content=\"instock\" \/>\n<meta property=\"product:availability\" content=\"instock\" \/>\n<meta property=\"product:condition\" content=\"new\" \/>\n<!-- \/ Yoast SEO Premium plugin. -->","yoast_head_json":{"title":"Monitor SmallHD Cine 7\" | Comuna Studios &amp; Equipment Rental","description":"Alugue o monitor SmallHD Cine 7\" em Lisboa na Comuna Studios &amp; Equipment Rental. Ecr\u00e3 de 1800 nits, controlo de c\u00e2mara (ARRI\/RED\/Sony) e ferramentas profissionais para visibilidade m\u00e1xima no set.","robots":{"index":"index","follow":"follow","max-snippet":"max-snippet:-1","max-image-preview":"max-image-preview:large","max-video-preview":"max-video-preview:-1"},"canonical":"https:\/\/comuna.pt\/pt-pt\/product\/monitor-smallhd-cine-7\/","og_locale":"pt_PT","og_type":"article","og_title":"Monitor SmallHD Cine 7\"","og_description":"Alugue o monitor SmallHD Cine 7\" em Lisboa na Comuna Studios &amp; Equipment Rental. Ecr\u00e3 de 1800 nits, controlo de c\u00e2mara (ARRI\/RED\/Sony) e ferramentas profissionais para visibilidade m\u00e1xima no set.","og_url":"https:\/\/comuna.pt\/pt-pt\/product\/monitor-smallhd-cine-7\/","og_site_name":"Comuna Studios &amp; Equipment Rental","article_publisher":"http:\/\/facebook.com\/comuna.rental","article_modified_time":"2026-01-29T17:32:19+00:00","og_image":[{"width":800,"height":800,"url":"https:\/\/comuna.pt\/wp-content\/uploads\/2025\/04\/12-07-20211626100146cine7_white-store-image_front-three-quarters_screen-comp_800x-1-.jpg","type":"image\/jpeg"}],"twitter_card":"summary_large_image","twitter_misc":{"pre\u00e7o":"&euro;40,00 + 23% VAT","Disponibilidade":"Em stock"},"schema":{"@context":"https:\/\/schema.org","@graph":[{"@type":["WebPage","ItemPage"],"@id":"https:\/\/comuna.pt\/pt-pt\/product\/monitor-smallhd-cine-7\/","url":"https:\/\/comuna.pt\/pt-pt\/product\/monitor-smallhd-cine-7\/","name":"Monitor SmallHD Cine 7\" | Comuna Studios &amp; Equipment Rental","isPartOf":{"@id":"https:\/\/comuna.pt\/pt-pt\/#website"},"primaryImageOfPage":{"@id":"https:\/\/comuna.pt\/pt-pt\/product\/monitor-smallhd-cine-7\/#primaryimage"},"image":{"@id":"https:\/\/comuna.pt\/pt-pt\/product\/monitor-smallhd-cine-7\/#primaryimage"},"thumbnailUrl":"https:\/\/comuna.pt\/wp-content\/uploads\/2025\/04\/12-07-20211626100146cine7_white-store-image_front-three-quarters_screen-comp_800x-1-.jpg","datePublished":"2025-04-19T16:13:20+00:00","dateModified":"2026-01-29T17:32:19+00:00","description":"Alugue o monitor SmallHD Cine 7\" em Lisboa na Comuna Studios &amp; Equipment Rental. Ecr\u00e3 de 1800 nits, controlo de c\u00e2mara (ARRI\/RED\/Sony) e ferramentas profissionais para visibilidade m\u00e1xima no set.","breadcrumb":{"@id":"https:\/\/comuna.pt\/pt-pt\/product\/monitor-smallhd-cine-7\/#breadcrumb"},"inLanguage":"pt-PT","potentialAction":[{"@type":"ReadAction","target":["https:\/\/comuna.pt\/pt-pt\/product\/monitor-smallhd-cine-7\/"]}]},{"@type":"ImageObject","inLanguage":"pt-PT","@id":"https:\/\/comuna.pt\/pt-pt\/product\/monitor-smallhd-cine-7\/#primaryimage","url":"https:\/\/comuna.pt\/wp-content\/uploads\/2025\/04\/12-07-20211626100146cine7_white-store-image_front-three-quarters_screen-comp_800x-1-.jpg","contentUrl":"https:\/\/comuna.pt\/wp-content\/uploads\/2025\/04\/12-07-20211626100146cine7_white-store-image_front-three-quarters_screen-comp_800x-1-.jpg","width":800,"height":800},{"@type":"BreadcrumbList","@id":"https:\/\/comuna.pt\/pt-pt\/product\/monitor-smallhd-cine-7\/#breadcrumb","itemListElement":[{"@type":"ListItem","position":1,"name":"Home","item":"https:\/\/comuna.pt\/pt-pt\/"},{"@type":"ListItem","position":2,"name":"Produtos"},{"@type":"ListItem","position":3,"name":"Monitoriza\u00e7\u00e3o","item":"https:\/\/comuna.pt\/pt-pt\/Categoria\/monitorizacao\/"},{"@type":"ListItem","position":4,"name":"Monitor SmallHD Cine 7&#8243;"}]},{"@type":"WebSite","@id":"https:\/\/comuna.pt\/pt-pt\/#website","url":"https:\/\/comuna.pt\/pt-pt\/","name":"Comuna Rental House","description":"Photo studios, Podcast &amp; Equipment Rental","publisher":{"@id":"https:\/\/comuna.pt\/pt-pt\/#organization"},"alternateName":"Comuna Filmmaking Equipment Rental","potentialAction":[{"@type":"SearchAction","target":{"@type":"EntryPoint","urlTemplate":"https:\/\/comuna.pt\/pt-pt\/?s={search_term_string}"},"query-input":{"@type":"PropertyValueSpecification","valueRequired":true,"valueName":"search_term_string"}}],"inLanguage":"pt-PT"},{"@type":"Organization","@id":"https:\/\/comuna.pt\/pt-pt\/#organization","name":"Comuna Rental House","url":"https:\/\/comuna.pt\/pt-pt\/","logo":{"@type":"ImageObject","inLanguage":"pt-PT","@id":"https:\/\/comuna.pt\/pt-pt\/#\/schema\/logo\/image\/","url":"https:\/\/comuna.pt\/wp-content\/uploads\/2024\/03\/comuna_logo_website.png","contentUrl":"https:\/\/comuna.pt\/wp-content\/uploads\/2024\/03\/comuna_logo_website.png","width":2000,"height":262,"caption":"Comuna Rental House"},"image":{"@id":"https:\/\/comuna.pt\/pt-pt\/#\/schema\/logo\/image\/"},"sameAs":["http:\/\/facebook.com\/comuna.rental","https:\/\/www.instagram.com\/comuna_rental","https:\/\/www.linkedin.com\/company\/96410498"]}]},"product_price_amount":"40.00","product_price_currency":"EUR","og_availability":"instock","product_availability":"instock","product_condition":"new"},"_links":{"self":[{"href":"https:\/\/comuna.pt\/pt-pt\/wp-json\/wp\/v2\/product\/17995","targetHints":{"allow":["GET"]}}],"collection":[{"href":"https:\/\/comuna.pt\/pt-pt\/wp-json\/wp\/v2\/product"}],"about":[{"href":"https:\/\/comuna.pt\/pt-pt\/wp-json\/wp\/v2\/types\/product"}],"version-history":[{"count":3,"href":"https:\/\/comuna.pt\/pt-pt\/wp-json\/wp\/v2\/product\/17995\/revisions"}],"predecessor-version":[{"id":18101,"href":"https:\/\/comuna.pt\/pt-pt\/wp-json\/wp\/v2\/product\/17995\/revisions\/18101"}],"wp:featuredmedia":[{"embeddable":true,"href":"https:\/\/comuna.pt\/pt-pt\/wp-json\/wp\/v2\/media\/17996"}],"wp:attachment":[{"href":"https:\/\/comuna.pt\/pt-pt\/wp-json\/wp\/v2\/media?parent=17995"}],"wp:term":[{"taxonomy":"product_brand","embeddable":true,"href":"https:\/\/comuna.pt\/pt-pt\/wp-json\/wp\/v2\/product_brand?post=17995"},{"taxonomy":"product_cat","embeddable":true,"href":"https:\/\/comuna.pt\/pt-pt\/wp-json\/wp\/v2\/product_cat?post=17995"},{"taxonomy":"product_tag","embeddable":true,"href":"https:\/\/comuna.pt\/pt-pt\/wp-json\/wp\/v2\/product_tag?post=17995"}],"curies":[{"name":"wp","href":"https:\/\/api.w.org\/{rel}","templated":true}]}}