{"id":17988,"date":"2025-05-20T16:50:53","date_gmt":"2025-05-20T15:50:53","guid":{"rendered":"https:\/\/comuna.pt\/product\/objetiva-sony-fe-24-70mm-f-2-8-gm-ii-sony-e\/"},"modified":"2026-01-29T17:32:18","modified_gmt":"2026-01-29T17:32:18","slug":"objetiva-sony-fe-24-70mm-f-2-8-gm-ii-sony-e","status":"publish","type":"product","link":"https:\/\/comuna.pt\/pt-pt\/product\/objetiva-sony-fe-24-70mm-f-2-8-gm-ii-sony-e\/","title":{"rendered":"Objetiva Sony FE 24-70mm f\/2.8 GM II (Sony E)"},"content":{"rendered":"<p data-start=\"234\" data-end=\"536\"><div class=\"booqable-product-button\" data-id=\"sony-fe-24-70mm-f-2-8-gm-ii-lens-sony-e\"><\/div><\/p>\n<p data-start=\"234\" data-end=\"536\">A <a class=\"cursor-pointer\" target=\"_new\" rel=\"noopener\" data-start=\"238\" data-end=\"326\">Sony FE 24-70mm f\/2.8 GM II<\/a> \u00e9 uma objetiva zoom G Master de refer\u00eancia para c\u00e2maras Sony E-mount full-frame.<br \/>\nOferece uma nitidez excecional, focagem autom\u00e1tica r\u00e1pida e um bokeh impressionante \u2014 tudo num design mais leve e compacto do que a gera\u00e7\u00e3o anterior.<\/p>\n<p data-start=\"538\" data-end=\"752\">Ideal tanto para fotografia como para v\u00eddeo, esta lente de segunda gera\u00e7\u00e3o \u00e9 22% mais leve e oferece uma claridade melhorada de ponta a ponta, distor\u00e7\u00e3o reduzida e um sistema de AF mais r\u00e1pido e silencioso, impulsionado por quatro motores lineares XD.<\/p>\n<p data-start=\"754\" data-end=\"1070\">Combine-a com c\u00e2maras de alta gama como a <a class=\"cursor-pointer\" target=\"_new\" rel=\"noopener\" data-start=\"793\" data-end=\"856\">Sony FX3<\/a> ou a <a class=\"cursor-pointer\" target=\"_new\" rel=\"noopener\" data-start=\"864\" data-end=\"931\">Sony A7S III<\/a> para um desempenho otimizado em publicidade, casamentos, document\u00e1rios ou qualquer produ\u00e7\u00e3o profissional que exija flexibilidade e precis\u00e3o.<\/p>\n<p data-start=\"1072\" data-end=\"1089\"><strong data-start=\"1072\" data-end=\"1089\">Caracter\u00edsticas Principais:<\/strong><\/p>\n<ul data-start=\"1090\" data-end=\"1264\">\n<li data-start=\"1090\" data-end=\"1126\">\n<p data-start=\"1092\" data-end=\"1126\">Sony E-mount \/ Formato Full-frame<\/p>\n<\/li>\n<li data-start=\"1127\" data-end=\"1162\">\n<p data-start=\"1129\" data-end=\"1162\">Abertura m\u00e1xima constante de f\/2.8<\/p>\n<\/li>\n<li data-start=\"1163\" data-end=\"1197\">\n<p data-start=\"1165\" data-end=\"1197\">Leve e compacta (695g)<\/p>\n<\/li>\n<li data-start=\"1198\" data-end=\"1230\">\n<p data-start=\"1200\" data-end=\"1230\">Motores XD Linear AF avan\u00e7ados<\/p>\n<\/li>\n<li data-start=\"1231\" data-end=\"1264\">\n<p data-start=\"1233\" data-end=\"1264\">Dist\u00e2ncia m\u00ednima de focagem: 21cm<\/p>\n<\/li>\n<\/ul>\n<p data-start=\"1266\" data-end=\"1354\"><strong data-start=\"1266\" data-end=\"1282\">Perfeita para:<\/strong><br data-start=\"1282\" data-end=\"1285\" \/>Produ\u00e7\u00f5es de v\u00eddeo, Retratos, Eventos, Paisagens, Trabalho manual e com gimbal<\/p>\n","protected":false},"excerpt":{"rendered":"<p>A Sony FE 24-70mm f\/2.8 GM II \u00e9 uma objetiva zoom G Master de refer\u00eancia para c\u00e2maras Sony E-mount full-frame. Oferece uma nitidez excecional, focagem autom\u00e1tica r\u00e1pida e um bokeh impressionante \u2014 tudo num design mais leve e compacto do que a gera\u00e7\u00e3o anterior. Ideal tanto para fotografia como para v\u00eddeo, esta lente de segunda [&hellip;]<\/p>\n","protected":false},"featured_media":17989,"template":"","meta":[],"product_brand":[],"product_cat":[805879],"product_tag":[],"class_list":{"0":"post-17988","1":"product","2":"type-product","3":"status-publish","4":"has-post-thumbnail","6":"product_cat-objetivas","8":"first","9":"instock","10":"taxable","11":"shipping-taxable","12":"purchasable","13":"product-type-simple"},"yoast_head":"<!-- This site is optimized with the Yoast SEO Premium plugin v27.5 (Yoast SEO v27.5) - https:\/\/yoast.com\/product\/yoast-seo-premium-wordpress\/ -->\n<title>Objetiva Sony FE 24-70mm f\/2.8 GM II (Sony E) | Comuna Studios &amp; Equipment Rental<\/title>\n<meta name=\"description\" content=\"Alugue a Sony FE 24-70mm f\/2.8 GM II em Lisboa. A zoom G Master de refer\u00eancia, agora mais leve, com autofoco ultra-r\u00e1pido e nitidez excecional para foto e v\u00eddeo.\" \/>\n<meta name=\"robots\" content=\"index, follow, max-snippet:-1, max-image-preview:large, max-video-preview:-1\" \/>\n<link rel=\"canonical\" href=\"https:\/\/comuna.pt\/pt-pt\/product\/objetiva-sony-fe-24-70mm-f-2-8-gm-ii-sony-e\/\" \/>\n<meta property=\"og:locale\" content=\"pt_PT\" \/>\n<meta property=\"og:type\" content=\"article\" \/>\n<meta property=\"og:title\" content=\"Objetiva Sony FE 24-70mm f\/2.8 GM II (Sony E)\" \/>\n<meta property=\"og:description\" content=\"Alugue a Sony FE 24-70mm f\/2.8 GM II em Lisboa. A zoom G Master de refer\u00eancia, agora mais leve, com autofoco ultra-r\u00e1pido e nitidez excecional para foto e v\u00eddeo.\" \/>\n<meta property=\"og:url\" content=\"https:\/\/comuna.pt\/pt-pt\/product\/objetiva-sony-fe-24-70mm-f-2-8-gm-ii-sony-e\/\" \/>\n<meta property=\"og:site_name\" content=\"Comuna Studios &amp; Equipment Rental\" \/>\n<meta property=\"article:publisher\" content=\"http:\/\/facebook.com\/comuna.rental\" \/>\n<meta property=\"article:modified_time\" content=\"2026-01-29T17:32:18+00:00\" \/>\n<meta property=\"og:image\" content=\"https:\/\/comuna.pt\/wp-content\/uploads\/2025\/05\/1651055728_1702384.jpg\" \/>\n\t<meta property=\"og:image:width\" content=\"500\" \/>\n\t<meta property=\"og:image:height\" content=\"500\" \/>\n\t<meta property=\"og:image:type\" content=\"image\/jpeg\" \/>\n<meta name=\"twitter:card\" content=\"summary_large_image\" \/>\n<meta name=\"twitter:label1\" content=\"pre\u00e7o\" \/>\n\t<meta name=\"twitter:data1\" content=\"&euro;65,00 + 23% VAT\" \/>\n\t<meta name=\"twitter:label2\" content=\"Disponibilidade\" \/>\n\t<meta name=\"twitter:data2\" content=\"Em stock\" \/>\n<script type=\"application\/ld+json\" class=\"yoast-schema-graph\">{\"@context\":\"https:\\\/\\\/schema.org\",\"@graph\":[{\"@type\":[\"WebPage\",\"ItemPage\"],\"@id\":\"https:\\\/\\\/comuna.pt\\\/pt-pt\\\/product\\\/objetiva-sony-fe-24-70mm-f-2-8-gm-ii-sony-e\\\/\",\"url\":\"https:\\\/\\\/comuna.pt\\\/pt-pt\\\/product\\\/objetiva-sony-fe-24-70mm-f-2-8-gm-ii-sony-e\\\/\",\"name\":\"Objetiva Sony FE 24-70mm f\\\/2.8 GM II (Sony E) | Comuna Studios &amp; Equipment Rental\",\"isPartOf\":{\"@id\":\"https:\\\/\\\/comuna.pt\\\/pt-pt\\\/#website\"},\"primaryImageOfPage\":{\"@id\":\"https:\\\/\\\/comuna.pt\\\/pt-pt\\\/product\\\/objetiva-sony-fe-24-70mm-f-2-8-gm-ii-sony-e\\\/#primaryimage\"},\"image\":{\"@id\":\"https:\\\/\\\/comuna.pt\\\/pt-pt\\\/product\\\/objetiva-sony-fe-24-70mm-f-2-8-gm-ii-sony-e\\\/#primaryimage\"},\"thumbnailUrl\":\"https:\\\/\\\/comuna.pt\\\/wp-content\\\/uploads\\\/2025\\\/05\\\/1651055728_1702384.jpg\",\"datePublished\":\"2025-05-20T15:50:53+00:00\",\"dateModified\":\"2026-01-29T17:32:18+00:00\",\"description\":\"Alugue a Sony FE 24-70mm f\\\/2.8 GM II em Lisboa. A zoom G Master de refer\u00eancia, agora mais leve, com autofoco ultra-r\u00e1pido e nitidez excecional para foto e v\u00eddeo.\",\"breadcrumb\":{\"@id\":\"https:\\\/\\\/comuna.pt\\\/pt-pt\\\/product\\\/objetiva-sony-fe-24-70mm-f-2-8-gm-ii-sony-e\\\/#breadcrumb\"},\"inLanguage\":\"pt-PT\",\"potentialAction\":[{\"@type\":\"ReadAction\",\"target\":[\"https:\\\/\\\/comuna.pt\\\/pt-pt\\\/product\\\/objetiva-sony-fe-24-70mm-f-2-8-gm-ii-sony-e\\\/\"]}]},{\"@type\":\"ImageObject\",\"inLanguage\":\"pt-PT\",\"@id\":\"https:\\\/\\\/comuna.pt\\\/pt-pt\\\/product\\\/objetiva-sony-fe-24-70mm-f-2-8-gm-ii-sony-e\\\/#primaryimage\",\"url\":\"https:\\\/\\\/comuna.pt\\\/wp-content\\\/uploads\\\/2025\\\/05\\\/1651055728_1702384.jpg\",\"contentUrl\":\"https:\\\/\\\/comuna.pt\\\/wp-content\\\/uploads\\\/2025\\\/05\\\/1651055728_1702384.jpg\",\"width\":500,\"height\":500},{\"@type\":\"BreadcrumbList\",\"@id\":\"https:\\\/\\\/comuna.pt\\\/pt-pt\\\/product\\\/objetiva-sony-fe-24-70mm-f-2-8-gm-ii-sony-e\\\/#breadcrumb\",\"itemListElement\":[{\"@type\":\"ListItem\",\"position\":1,\"name\":\"Home\",\"item\":\"https:\\\/\\\/comuna.pt\\\/pt-pt\\\/\"},{\"@type\":\"ListItem\",\"position\":2,\"name\":\"Produtos\"},{\"@type\":\"ListItem\",\"position\":3,\"name\":\"Objetivas\",\"item\":\"https:\\\/\\\/comuna.pt\\\/pt-pt\\\/Categoria\\\/objetivas\\\/\"},{\"@type\":\"ListItem\",\"position\":4,\"name\":\"Objetiva Sony FE 24-70mm f\\\/2.8 GM II (Sony E)\"}]},{\"@type\":\"WebSite\",\"@id\":\"https:\\\/\\\/comuna.pt\\\/pt-pt\\\/#website\",\"url\":\"https:\\\/\\\/comuna.pt\\\/pt-pt\\\/\",\"name\":\"Comuna Rental House\",\"description\":\"Photo studios, Podcast &amp; Equipment Rental\",\"publisher\":{\"@id\":\"https:\\\/\\\/comuna.pt\\\/pt-pt\\\/#organization\"},\"alternateName\":\"Comuna Filmmaking Equipment Rental\",\"potentialAction\":[{\"@type\":\"SearchAction\",\"target\":{\"@type\":\"EntryPoint\",\"urlTemplate\":\"https:\\\/\\\/comuna.pt\\\/pt-pt\\\/?s={search_term_string}\"},\"query-input\":{\"@type\":\"PropertyValueSpecification\",\"valueRequired\":true,\"valueName\":\"search_term_string\"}}],\"inLanguage\":\"pt-PT\"},{\"@type\":\"Organization\",\"@id\":\"https:\\\/\\\/comuna.pt\\\/pt-pt\\\/#organization\",\"name\":\"Comuna Rental House\",\"url\":\"https:\\\/\\\/comuna.pt\\\/pt-pt\\\/\",\"logo\":{\"@type\":\"ImageObject\",\"inLanguage\":\"pt-PT\",\"@id\":\"https:\\\/\\\/comuna.pt\\\/pt-pt\\\/#\\\/schema\\\/logo\\\/image\\\/\",\"url\":\"https:\\\/\\\/comuna.pt\\\/wp-content\\\/uploads\\\/2024\\\/03\\\/comuna_logo_website.png\",\"contentUrl\":\"https:\\\/\\\/comuna.pt\\\/wp-content\\\/uploads\\\/2024\\\/03\\\/comuna_logo_website.png\",\"width\":2000,\"height\":262,\"caption\":\"Comuna Rental House\"},\"image\":{\"@id\":\"https:\\\/\\\/comuna.pt\\\/pt-pt\\\/#\\\/schema\\\/logo\\\/image\\\/\"},\"sameAs\":[\"http:\\\/\\\/facebook.com\\\/comuna.rental\",\"https:\\\/\\\/www.instagram.com\\\/comuna_rental\",\"https:\\\/\\\/www.linkedin.com\\\/company\\\/96410498\"]}]}<\/script>\n<meta property=\"product:price:amount\" content=\"65.00\" \/>\n<meta property=\"product:price:currency\" content=\"EUR\" \/>\n<meta property=\"og:availability\" content=\"instock\" \/>\n<meta property=\"product:availability\" content=\"instock\" \/>\n<meta property=\"product:condition\" content=\"new\" \/>\n<!-- \/ Yoast SEO Premium plugin. -->","yoast_head_json":{"title":"Objetiva Sony FE 24-70mm f\/2.8 GM II (Sony E) | Comuna Studios &amp; Equipment Rental","description":"Alugue a Sony FE 24-70mm f\/2.8 GM II em Lisboa. A zoom G Master de refer\u00eancia, agora mais leve, com autofoco ultra-r\u00e1pido e nitidez excecional para foto e v\u00eddeo.","robots":{"index":"index","follow":"follow","max-snippet":"max-snippet:-1","max-image-preview":"max-image-preview:large","max-video-preview":"max-video-preview:-1"},"canonical":"https:\/\/comuna.pt\/pt-pt\/product\/objetiva-sony-fe-24-70mm-f-2-8-gm-ii-sony-e\/","og_locale":"pt_PT","og_type":"article","og_title":"Objetiva Sony FE 24-70mm f\/2.8 GM II (Sony E)","og_description":"Alugue a Sony FE 24-70mm f\/2.8 GM II em Lisboa. A zoom G Master de refer\u00eancia, agora mais leve, com autofoco ultra-r\u00e1pido e nitidez excecional para foto e v\u00eddeo.","og_url":"https:\/\/comuna.pt\/pt-pt\/product\/objetiva-sony-fe-24-70mm-f-2-8-gm-ii-sony-e\/","og_site_name":"Comuna Studios &amp; Equipment Rental","article_publisher":"http:\/\/facebook.com\/comuna.rental","article_modified_time":"2026-01-29T17:32:18+00:00","og_image":[{"width":500,"height":500,"url":"https:\/\/comuna.pt\/wp-content\/uploads\/2025\/05\/1651055728_1702384.jpg","type":"image\/jpeg"}],"twitter_card":"summary_large_image","twitter_misc":{"pre\u00e7o":"&euro;65,00 + 23% VAT","Disponibilidade":"Em stock"},"schema":{"@context":"https:\/\/schema.org","@graph":[{"@type":["WebPage","ItemPage"],"@id":"https:\/\/comuna.pt\/pt-pt\/product\/objetiva-sony-fe-24-70mm-f-2-8-gm-ii-sony-e\/","url":"https:\/\/comuna.pt\/pt-pt\/product\/objetiva-sony-fe-24-70mm-f-2-8-gm-ii-sony-e\/","name":"Objetiva Sony FE 24-70mm f\/2.8 GM II (Sony E) | Comuna Studios &amp; Equipment Rental","isPartOf":{"@id":"https:\/\/comuna.pt\/pt-pt\/#website"},"primaryImageOfPage":{"@id":"https:\/\/comuna.pt\/pt-pt\/product\/objetiva-sony-fe-24-70mm-f-2-8-gm-ii-sony-e\/#primaryimage"},"image":{"@id":"https:\/\/comuna.pt\/pt-pt\/product\/objetiva-sony-fe-24-70mm-f-2-8-gm-ii-sony-e\/#primaryimage"},"thumbnailUrl":"https:\/\/comuna.pt\/wp-content\/uploads\/2025\/05\/1651055728_1702384.jpg","datePublished":"2025-05-20T15:50:53+00:00","dateModified":"2026-01-29T17:32:18+00:00","description":"Alugue a Sony FE 24-70mm f\/2.8 GM II em Lisboa. A zoom G Master de refer\u00eancia, agora mais leve, com autofoco ultra-r\u00e1pido e nitidez excecional para foto e v\u00eddeo.","breadcrumb":{"@id":"https:\/\/comuna.pt\/pt-pt\/product\/objetiva-sony-fe-24-70mm-f-2-8-gm-ii-sony-e\/#breadcrumb"},"inLanguage":"pt-PT","potentialAction":[{"@type":"ReadAction","target":["https:\/\/comuna.pt\/pt-pt\/product\/objetiva-sony-fe-24-70mm-f-2-8-gm-ii-sony-e\/"]}]},{"@type":"ImageObject","inLanguage":"pt-PT","@id":"https:\/\/comuna.pt\/pt-pt\/product\/objetiva-sony-fe-24-70mm-f-2-8-gm-ii-sony-e\/#primaryimage","url":"https:\/\/comuna.pt\/wp-content\/uploads\/2025\/05\/1651055728_1702384.jpg","contentUrl":"https:\/\/comuna.pt\/wp-content\/uploads\/2025\/05\/1651055728_1702384.jpg","width":500,"height":500},{"@type":"BreadcrumbList","@id":"https:\/\/comuna.pt\/pt-pt\/product\/objetiva-sony-fe-24-70mm-f-2-8-gm-ii-sony-e\/#breadcrumb","itemListElement":[{"@type":"ListItem","position":1,"name":"Home","item":"https:\/\/comuna.pt\/pt-pt\/"},{"@type":"ListItem","position":2,"name":"Produtos"},{"@type":"ListItem","position":3,"name":"Objetivas","item":"https:\/\/comuna.pt\/pt-pt\/Categoria\/objetivas\/"},{"@type":"ListItem","position":4,"name":"Objetiva Sony FE 24-70mm f\/2.8 GM II (Sony E)"}]},{"@type":"WebSite","@id":"https:\/\/comuna.pt\/pt-pt\/#website","url":"https:\/\/comuna.pt\/pt-pt\/","name":"Comuna Rental House","description":"Photo studios, Podcast &amp; Equipment Rental","publisher":{"@id":"https:\/\/comuna.pt\/pt-pt\/#organization"},"alternateName":"Comuna Filmmaking Equipment Rental","potentialAction":[{"@type":"SearchAction","target":{"@type":"EntryPoint","urlTemplate":"https:\/\/comuna.pt\/pt-pt\/?s={search_term_string}"},"query-input":{"@type":"PropertyValueSpecification","valueRequired":true,"valueName":"search_term_string"}}],"inLanguage":"pt-PT"},{"@type":"Organization","@id":"https:\/\/comuna.pt\/pt-pt\/#organization","name":"Comuna Rental House","url":"https:\/\/comuna.pt\/pt-pt\/","logo":{"@type":"ImageObject","inLanguage":"pt-PT","@id":"https:\/\/comuna.pt\/pt-pt\/#\/schema\/logo\/image\/","url":"https:\/\/comuna.pt\/wp-content\/uploads\/2024\/03\/comuna_logo_website.png","contentUrl":"https:\/\/comuna.pt\/wp-content\/uploads\/2024\/03\/comuna_logo_website.png","width":2000,"height":262,"caption":"Comuna Rental House"},"image":{"@id":"https:\/\/comuna.pt\/pt-pt\/#\/schema\/logo\/image\/"},"sameAs":["http:\/\/facebook.com\/comuna.rental","https:\/\/www.instagram.com\/comuna_rental","https:\/\/www.linkedin.com\/company\/96410498"]}]},"product_price_amount":"65.00","product_price_currency":"EUR","og_availability":"instock","product_availability":"instock","product_condition":"new"},"_links":{"self":[{"href":"https:\/\/comuna.pt\/pt-pt\/wp-json\/wp\/v2\/product\/17988","targetHints":{"allow":["GET"]}}],"collection":[{"href":"https:\/\/comuna.pt\/pt-pt\/wp-json\/wp\/v2\/product"}],"about":[{"href":"https:\/\/comuna.pt\/pt-pt\/wp-json\/wp\/v2\/types\/product"}],"version-history":[{"count":3,"href":"https:\/\/comuna.pt\/pt-pt\/wp-json\/wp\/v2\/product\/17988\/revisions"}],"predecessor-version":[{"id":18097,"href":"https:\/\/comuna.pt\/pt-pt\/wp-json\/wp\/v2\/product\/17988\/revisions\/18097"}],"wp:featuredmedia":[{"embeddable":true,"href":"https:\/\/comuna.pt\/pt-pt\/wp-json\/wp\/v2\/media\/17989"}],"wp:attachment":[{"href":"https:\/\/comuna.pt\/pt-pt\/wp-json\/wp\/v2\/media?parent=17988"}],"wp:term":[{"taxonomy":"product_brand","embeddable":true,"href":"https:\/\/comuna.pt\/pt-pt\/wp-json\/wp\/v2\/product_brand?post=17988"},{"taxonomy":"product_cat","embeddable":true,"href":"https:\/\/comuna.pt\/pt-pt\/wp-json\/wp\/v2\/product_cat?post=17988"},{"taxonomy":"product_tag","embeddable":true,"href":"https:\/\/comuna.pt\/pt-pt\/wp-json\/wp\/v2\/product_tag?post=17988"}],"curies":[{"name":"wp","href":"https:\/\/api.w.org\/{rel}","templated":true}]}}