{"id":17981,"date":"2025-04-18T18:34:18","date_gmt":"2025-04-18T17:34:18","guid":{"rendered":"https:\/\/comuna.pt\/product\/hollyland-cosmo-c2-kit-2tx-e-1rx\/"},"modified":"2026-01-29T17:32:18","modified_gmt":"2026-01-29T17:32:18","slug":"hollyland-cosmo-c2-kit-2tx-e-1rx","status":"publish","type":"product","link":"https:\/\/comuna.pt\/pt-pt\/product\/hollyland-cosmo-c2-kit-2tx-e-1rx\/","title":{"rendered":"Hollyland Cosmo C2 (Kit 2TX e 1RX)"},"content":{"rendered":"<div class=\"booqable-product-button\" data-id=\"hollyland-cosmo-c2-2tx-and-1rx-kit\"><\/div>\n<p class=\"\" data-start=\"0\" data-end=\"633\">O <a class=\"\" href=\"https:\/\/www.hollyland.com\/product\/cosmo-c2\" target=\"_new\" rel=\"noopener\" data-start=\"4\" data-end=\"88\"><strong data-start=\"5\" data-end=\"43\">Hollyland Cosmo C2 (Kit 2TX e 1RX)<\/strong><\/a> \u00e9 um sistema de transmiss\u00e3o de v\u00eddeo sem fios de n\u00edvel profissional, concebido para <a class=\"\" href=\"https:\/\/en.wikipedia.org\/wiki\/Television_production\" target=\"_new\" rel=\"noopener\" data-start=\"161\" data-end=\"240\">produ\u00e7\u00f5es multi-c\u00e2mara<\/a>, <a class=\"\" href=\"https:\/\/en.wikipedia.org\/wiki\/Live_event_support\" target=\"_new\" rel=\"noopener\" data-start=\"242\" data-end=\"305\">eventos ao vivo<\/a> e <a class=\"\" href=\"https:\/\/en.wikipedia.org\/wiki\/Broadcasting\" target=\"_new\" rel=\"noopener\" data-start=\"311\" data-end=\"376\">fluxos de trabalho de broadcast<\/a>.<br \/>\nCom tecnologia <a class=\"\" href=\"https:\/\/www.hollyland.com\/product\/cosmo-c2\" target=\"_new\" rel=\"noopener\" data-start=\"388\" data-end=\"442\">HEVO 2.0<\/a>, oferece uma lat\u00eancia ultra-baixa de apenas 33ms e um alcance estendido em linha de vista de at\u00e9 1.000 metros, garantindo um desempenho fi\u00e1vel mesmo em ambientes desafiantes.<\/p>\n<p class=\"\" data-start=\"635\" data-end=\"1291\">Este kit inclui dois transmissores e um recetor, permitindo a transmiss\u00e3o simult\u00e2nea de duas c\u00e2maras para um \u00fanico ponto de monitoriza\u00e7\u00e3o.<br \/>\nO sistema suporta entradas e sa\u00eddas <a class=\"\" href=\"https:\/\/en.wikipedia.org\/wiki\/HDMI\" target=\"_new\" rel=\"noopener\" data-start=\"795\" data-end=\"837\">HDMI<\/a> e <a class=\"\" href=\"https:\/\/en.wikipedia.org\/wiki\/Serial_digital_interface\" target=\"_new\" rel=\"noopener\" data-start=\"842\" data-end=\"903\">SDI<\/a>, adaptando-se a diversos equipamentos de v\u00eddeo profissionais.<br \/>\nAdicionalmente, oferece funcionalidades como salto de frequ\u00eancia cont\u00ednuo, suporte <a class=\"\" href=\"https:\/\/www.ndi.tv\/\" target=\"_new\" rel=\"noopener\" data-start=\"1042\" data-end=\"1068\">NDI<\/a>, <a class=\"\" href=\"https:\/\/en.wikipedia.org\/wiki\/USB_video_device_class\" target=\"_new\" rel=\"noopener\" data-start=\"1078\" data-end=\"1137\">UVC<\/a> e capacidades de streaming <a class=\"\" href=\"https:\/\/en.wikipedia.org\/wiki\/Real-Time_Messaging_Protocol\" target=\"_new\" rel=\"noopener\" data-start=\"1143\" data-end=\"1209\">RTMP<\/a>, aumentando a sua versatilidade para diferentes necessidades de produ\u00e7\u00e3o.<\/p>\n<p class=\"\" data-start=\"1293\" data-end=\"1749\">As op\u00e7\u00f5es de alimenta\u00e7\u00e3o incluem entrada DC e compatibilidade com <a class=\"\" href=\"https:\/\/en.wikipedia.org\/wiki\/Lithium-ion_battery#Formats\" target=\"_new\" rel=\"noopener\" data-start=\"1347\" data-end=\"1422\">baterias NP-F<\/a> para os transmissores e <a class=\"\" href=\"https:\/\/en.wikipedia.org\/wiki\/V-mount_battery\" target=\"_new\" rel=\"noopener\" data-start=\"1444\" data-end=\"1510\">baterias V-Mount<\/a> para o recetor, proporcionando flexibilidade para filmagens em exteriores.<br \/>\nCom a sua constru\u00e7\u00e3o robusta e conjunto abrangente de funcionalidades, o Cosmo C2 \u00e9 a solu\u00e7\u00e3o ideal para profissionais que procuram transmiss\u00e3o de v\u00eddeo sem fios de alta qualidade e baixa lat\u00eancia.<\/p>\n","protected":false},"excerpt":{"rendered":"<p>O Hollyland Cosmo C2 (Kit 2TX e 1RX) \u00e9 um sistema de transmiss\u00e3o de v\u00eddeo sem fios de n\u00edvel profissional, concebido para produ\u00e7\u00f5es multi-c\u00e2mara, eventos ao vivo e fluxos de trabalho de broadcast. Com tecnologia HEVO 2.0, oferece uma lat\u00eancia ultra-baixa de apenas 33ms e um alcance estendido em linha de vista de at\u00e9 1.000 [&hellip;]<\/p>\n","protected":false},"featured_media":17982,"template":"","meta":[],"product_brand":[],"product_cat":[805862,805876],"product_tag":[],"class_list":{"0":"post-17981","1":"product","2":"type-product","3":"status-publish","4":"has-post-thumbnail","6":"product_cat-acessorios-de-camara","7":"product_cat-monitorizacao","9":"first","10":"instock","11":"taxable","12":"shipping-taxable","13":"purchasable","14":"product-type-simple"},"yoast_head":"<!-- This site is optimized with the Yoast SEO Premium plugin v27.4 (Yoast SEO v27.5) - https:\/\/yoast.com\/product\/yoast-seo-premium-wordpress\/ -->\n<title>Hollyland Cosmo C2 (Kit 2TX e 1RX) | Comuna Studios &amp; Equipment Rental<\/title>\n<meta name=\"description\" content=\"Eleve a sua produ\u00e7\u00e3o com o Hollyland Cosmo C2 (Kit 2TX e 1RX). Transmiss\u00e3o de v\u00eddeo sem fios de baixa lat\u00eancia e longo alcance para profissionais em Lisboa.\" \/>\n<meta name=\"robots\" content=\"index, follow, max-snippet:-1, max-image-preview:large, max-video-preview:-1\" \/>\n<link rel=\"canonical\" href=\"https:\/\/comuna.pt\/pt-pt\/product\/hollyland-cosmo-c2-kit-2tx-e-1rx\/\" \/>\n<meta property=\"og:locale\" content=\"pt_PT\" \/>\n<meta property=\"og:type\" content=\"article\" \/>\n<meta property=\"og:title\" content=\"Hollyland Cosmo C2 (Kit 2TX e 1RX)\" \/>\n<meta property=\"og:description\" content=\"Eleve a sua produ\u00e7\u00e3o com o Hollyland Cosmo C2 (Kit 2TX e 1RX). Transmiss\u00e3o de v\u00eddeo sem fios de baixa lat\u00eancia e longo alcance para profissionais em Lisboa.\" \/>\n<meta property=\"og:url\" content=\"https:\/\/comuna.pt\/pt-pt\/product\/hollyland-cosmo-c2-kit-2tx-e-1rx\/\" \/>\n<meta property=\"og:site_name\" content=\"Comuna Studios &amp; Equipment Rental\" \/>\n<meta property=\"article:publisher\" content=\"http:\/\/facebook.com\/comuna.rental\" \/>\n<meta property=\"article:modified_time\" content=\"2026-01-29T17:32:18+00:00\" \/>\n<meta property=\"og:image\" content=\"https:\/\/comuna.pt\/wp-content\/uploads\/2025\/04\/hollylandcosmoc22tx_1rx_2.jpg\" \/>\n\t<meta property=\"og:image:width\" content=\"500\" \/>\n\t<meta property=\"og:image:height\" content=\"500\" \/>\n\t<meta property=\"og:image:type\" content=\"image\/jpeg\" \/>\n<meta name=\"twitter:card\" content=\"summary_large_image\" \/>\n<meta name=\"twitter:label1\" content=\"pre\u00e7o\" \/>\n\t<meta name=\"twitter:data1\" content=\"&euro;50,00 + 23% VAT\" \/>\n\t<meta name=\"twitter:label2\" content=\"Disponibilidade\" \/>\n\t<meta name=\"twitter:data2\" content=\"Em stock\" \/>\n<script type=\"application\/ld+json\" class=\"yoast-schema-graph\">{\"@context\":\"https:\\\/\\\/schema.org\",\"@graph\":[{\"@type\":[\"WebPage\",\"ItemPage\"],\"@id\":\"https:\\\/\\\/comuna.pt\\\/pt-pt\\\/product\\\/hollyland-cosmo-c2-kit-2tx-e-1rx\\\/\",\"url\":\"https:\\\/\\\/comuna.pt\\\/pt-pt\\\/product\\\/hollyland-cosmo-c2-kit-2tx-e-1rx\\\/\",\"name\":\"Hollyland Cosmo C2 (Kit 2TX e 1RX) | Comuna Studios &amp; Equipment Rental\",\"isPartOf\":{\"@id\":\"https:\\\/\\\/comuna.pt\\\/pt-pt\\\/#website\"},\"primaryImageOfPage\":{\"@id\":\"https:\\\/\\\/comuna.pt\\\/pt-pt\\\/product\\\/hollyland-cosmo-c2-kit-2tx-e-1rx\\\/#primaryimage\"},\"image\":{\"@id\":\"https:\\\/\\\/comuna.pt\\\/pt-pt\\\/product\\\/hollyland-cosmo-c2-kit-2tx-e-1rx\\\/#primaryimage\"},\"thumbnailUrl\":\"https:\\\/\\\/comuna.pt\\\/wp-content\\\/uploads\\\/2025\\\/04\\\/hollylandcosmoc22tx_1rx_2.jpg\",\"datePublished\":\"2025-04-18T17:34:18+00:00\",\"dateModified\":\"2026-01-29T17:32:18+00:00\",\"description\":\"Eleve a sua produ\u00e7\u00e3o com o Hollyland Cosmo C2 (Kit 2TX e 1RX). Transmiss\u00e3o de v\u00eddeo sem fios de baixa lat\u00eancia e longo alcance para profissionais em Lisboa.\",\"breadcrumb\":{\"@id\":\"https:\\\/\\\/comuna.pt\\\/pt-pt\\\/product\\\/hollyland-cosmo-c2-kit-2tx-e-1rx\\\/#breadcrumb\"},\"inLanguage\":\"pt-PT\",\"potentialAction\":[{\"@type\":\"ReadAction\",\"target\":[\"https:\\\/\\\/comuna.pt\\\/pt-pt\\\/product\\\/hollyland-cosmo-c2-kit-2tx-e-1rx\\\/\"]}]},{\"@type\":\"ImageObject\",\"inLanguage\":\"pt-PT\",\"@id\":\"https:\\\/\\\/comuna.pt\\\/pt-pt\\\/product\\\/hollyland-cosmo-c2-kit-2tx-e-1rx\\\/#primaryimage\",\"url\":\"https:\\\/\\\/comuna.pt\\\/wp-content\\\/uploads\\\/2025\\\/04\\\/hollylandcosmoc22tx_1rx_2.jpg\",\"contentUrl\":\"https:\\\/\\\/comuna.pt\\\/wp-content\\\/uploads\\\/2025\\\/04\\\/hollylandcosmoc22tx_1rx_2.jpg\",\"width\":500,\"height\":500},{\"@type\":\"BreadcrumbList\",\"@id\":\"https:\\\/\\\/comuna.pt\\\/pt-pt\\\/product\\\/hollyland-cosmo-c2-kit-2tx-e-1rx\\\/#breadcrumb\",\"itemListElement\":[{\"@type\":\"ListItem\",\"position\":1,\"name\":\"Home\",\"item\":\"https:\\\/\\\/comuna.pt\\\/pt-pt\\\/\"},{\"@type\":\"ListItem\",\"position\":2,\"name\":\"Produtos\"},{\"@type\":\"ListItem\",\"position\":3,\"name\":\"Acess\u00f3rios de C\u00e2mara\",\"item\":\"https:\\\/\\\/comuna.pt\\\/pt-pt\\\/Categoria\\\/acessorios-de-camara\\\/\"},{\"@type\":\"ListItem\",\"position\":4,\"name\":\"Hollyland Cosmo C2 (Kit 2TX e 1RX)\"}]},{\"@type\":\"WebSite\",\"@id\":\"https:\\\/\\\/comuna.pt\\\/pt-pt\\\/#website\",\"url\":\"https:\\\/\\\/comuna.pt\\\/pt-pt\\\/\",\"name\":\"Comuna Rental House\",\"description\":\"Photo studios, Podcast &amp; Equipment Rental\",\"publisher\":{\"@id\":\"https:\\\/\\\/comuna.pt\\\/pt-pt\\\/#organization\"},\"alternateName\":\"Comuna Filmmaking Equipment Rental\",\"potentialAction\":[{\"@type\":\"SearchAction\",\"target\":{\"@type\":\"EntryPoint\",\"urlTemplate\":\"https:\\\/\\\/comuna.pt\\\/pt-pt\\\/?s={search_term_string}\"},\"query-input\":{\"@type\":\"PropertyValueSpecification\",\"valueRequired\":true,\"valueName\":\"search_term_string\"}}],\"inLanguage\":\"pt-PT\"},{\"@type\":\"Organization\",\"@id\":\"https:\\\/\\\/comuna.pt\\\/pt-pt\\\/#organization\",\"name\":\"Comuna Rental House\",\"url\":\"https:\\\/\\\/comuna.pt\\\/pt-pt\\\/\",\"logo\":{\"@type\":\"ImageObject\",\"inLanguage\":\"pt-PT\",\"@id\":\"https:\\\/\\\/comuna.pt\\\/pt-pt\\\/#\\\/schema\\\/logo\\\/image\\\/\",\"url\":\"https:\\\/\\\/comuna.pt\\\/wp-content\\\/uploads\\\/2024\\\/03\\\/comuna_logo_website.png\",\"contentUrl\":\"https:\\\/\\\/comuna.pt\\\/wp-content\\\/uploads\\\/2024\\\/03\\\/comuna_logo_website.png\",\"width\":2000,\"height\":262,\"caption\":\"Comuna Rental House\"},\"image\":{\"@id\":\"https:\\\/\\\/comuna.pt\\\/pt-pt\\\/#\\\/schema\\\/logo\\\/image\\\/\"},\"sameAs\":[\"http:\\\/\\\/facebook.com\\\/comuna.rental\",\"https:\\\/\\\/www.instagram.com\\\/comuna_rental\",\"https:\\\/\\\/www.linkedin.com\\\/company\\\/96410498\"]}]}<\/script>\n<meta property=\"product:price:amount\" content=\"50.00\" \/>\n<meta property=\"product:price:currency\" content=\"EUR\" \/>\n<meta property=\"og:availability\" content=\"instock\" \/>\n<meta property=\"product:availability\" content=\"instock\" \/>\n<meta property=\"product:condition\" content=\"new\" \/>\n<!-- \/ Yoast SEO Premium plugin. -->","yoast_head_json":{"title":"Hollyland Cosmo C2 (Kit 2TX e 1RX) | Comuna Studios &amp; Equipment Rental","description":"Eleve a sua produ\u00e7\u00e3o com o Hollyland Cosmo C2 (Kit 2TX e 1RX). Transmiss\u00e3o de v\u00eddeo sem fios de baixa lat\u00eancia e longo alcance para profissionais em Lisboa.","robots":{"index":"index","follow":"follow","max-snippet":"max-snippet:-1","max-image-preview":"max-image-preview:large","max-video-preview":"max-video-preview:-1"},"canonical":"https:\/\/comuna.pt\/pt-pt\/product\/hollyland-cosmo-c2-kit-2tx-e-1rx\/","og_locale":"pt_PT","og_type":"article","og_title":"Hollyland Cosmo C2 (Kit 2TX e 1RX)","og_description":"Eleve a sua produ\u00e7\u00e3o com o Hollyland Cosmo C2 (Kit 2TX e 1RX). Transmiss\u00e3o de v\u00eddeo sem fios de baixa lat\u00eancia e longo alcance para profissionais em Lisboa.","og_url":"https:\/\/comuna.pt\/pt-pt\/product\/hollyland-cosmo-c2-kit-2tx-e-1rx\/","og_site_name":"Comuna Studios &amp; Equipment Rental","article_publisher":"http:\/\/facebook.com\/comuna.rental","article_modified_time":"2026-01-29T17:32:18+00:00","og_image":[{"width":500,"height":500,"url":"https:\/\/comuna.pt\/wp-content\/uploads\/2025\/04\/hollylandcosmoc22tx_1rx_2.jpg","type":"image\/jpeg"}],"twitter_card":"summary_large_image","twitter_misc":{"pre\u00e7o":"&euro;50,00 + 23% VAT","Disponibilidade":"Em stock"},"schema":{"@context":"https:\/\/schema.org","@graph":[{"@type":["WebPage","ItemPage"],"@id":"https:\/\/comuna.pt\/pt-pt\/product\/hollyland-cosmo-c2-kit-2tx-e-1rx\/","url":"https:\/\/comuna.pt\/pt-pt\/product\/hollyland-cosmo-c2-kit-2tx-e-1rx\/","name":"Hollyland Cosmo C2 (Kit 2TX e 1RX) | Comuna Studios &amp; Equipment Rental","isPartOf":{"@id":"https:\/\/comuna.pt\/pt-pt\/#website"},"primaryImageOfPage":{"@id":"https:\/\/comuna.pt\/pt-pt\/product\/hollyland-cosmo-c2-kit-2tx-e-1rx\/#primaryimage"},"image":{"@id":"https:\/\/comuna.pt\/pt-pt\/product\/hollyland-cosmo-c2-kit-2tx-e-1rx\/#primaryimage"},"thumbnailUrl":"https:\/\/comuna.pt\/wp-content\/uploads\/2025\/04\/hollylandcosmoc22tx_1rx_2.jpg","datePublished":"2025-04-18T17:34:18+00:00","dateModified":"2026-01-29T17:32:18+00:00","description":"Eleve a sua produ\u00e7\u00e3o com o Hollyland Cosmo C2 (Kit 2TX e 1RX). Transmiss\u00e3o de v\u00eddeo sem fios de baixa lat\u00eancia e longo alcance para profissionais em Lisboa.","breadcrumb":{"@id":"https:\/\/comuna.pt\/pt-pt\/product\/hollyland-cosmo-c2-kit-2tx-e-1rx\/#breadcrumb"},"inLanguage":"pt-PT","potentialAction":[{"@type":"ReadAction","target":["https:\/\/comuna.pt\/pt-pt\/product\/hollyland-cosmo-c2-kit-2tx-e-1rx\/"]}]},{"@type":"ImageObject","inLanguage":"pt-PT","@id":"https:\/\/comuna.pt\/pt-pt\/product\/hollyland-cosmo-c2-kit-2tx-e-1rx\/#primaryimage","url":"https:\/\/comuna.pt\/wp-content\/uploads\/2025\/04\/hollylandcosmoc22tx_1rx_2.jpg","contentUrl":"https:\/\/comuna.pt\/wp-content\/uploads\/2025\/04\/hollylandcosmoc22tx_1rx_2.jpg","width":500,"height":500},{"@type":"BreadcrumbList","@id":"https:\/\/comuna.pt\/pt-pt\/product\/hollyland-cosmo-c2-kit-2tx-e-1rx\/#breadcrumb","itemListElement":[{"@type":"ListItem","position":1,"name":"Home","item":"https:\/\/comuna.pt\/pt-pt\/"},{"@type":"ListItem","position":2,"name":"Produtos"},{"@type":"ListItem","position":3,"name":"Acess\u00f3rios de C\u00e2mara","item":"https:\/\/comuna.pt\/pt-pt\/Categoria\/acessorios-de-camara\/"},{"@type":"ListItem","position":4,"name":"Hollyland Cosmo C2 (Kit 2TX e 1RX)"}]},{"@type":"WebSite","@id":"https:\/\/comuna.pt\/pt-pt\/#website","url":"https:\/\/comuna.pt\/pt-pt\/","name":"Comuna Rental House","description":"Photo studios, Podcast &amp; Equipment Rental","publisher":{"@id":"https:\/\/comuna.pt\/pt-pt\/#organization"},"alternateName":"Comuna Filmmaking Equipment Rental","potentialAction":[{"@type":"SearchAction","target":{"@type":"EntryPoint","urlTemplate":"https:\/\/comuna.pt\/pt-pt\/?s={search_term_string}"},"query-input":{"@type":"PropertyValueSpecification","valueRequired":true,"valueName":"search_term_string"}}],"inLanguage":"pt-PT"},{"@type":"Organization","@id":"https:\/\/comuna.pt\/pt-pt\/#organization","name":"Comuna Rental House","url":"https:\/\/comuna.pt\/pt-pt\/","logo":{"@type":"ImageObject","inLanguage":"pt-PT","@id":"https:\/\/comuna.pt\/pt-pt\/#\/schema\/logo\/image\/","url":"https:\/\/comuna.pt\/wp-content\/uploads\/2024\/03\/comuna_logo_website.png","contentUrl":"https:\/\/comuna.pt\/wp-content\/uploads\/2024\/03\/comuna_logo_website.png","width":2000,"height":262,"caption":"Comuna Rental House"},"image":{"@id":"https:\/\/comuna.pt\/pt-pt\/#\/schema\/logo\/image\/"},"sameAs":["http:\/\/facebook.com\/comuna.rental","https:\/\/www.instagram.com\/comuna_rental","https:\/\/www.linkedin.com\/company\/96410498"]}]},"product_price_amount":"50.00","product_price_currency":"EUR","og_availability":"instock","product_availability":"instock","product_condition":"new"},"_links":{"self":[{"href":"https:\/\/comuna.pt\/pt-pt\/wp-json\/wp\/v2\/product\/17981","targetHints":{"allow":["GET"]}}],"collection":[{"href":"https:\/\/comuna.pt\/pt-pt\/wp-json\/wp\/v2\/product"}],"about":[{"href":"https:\/\/comuna.pt\/pt-pt\/wp-json\/wp\/v2\/types\/product"}],"version-history":[{"count":3,"href":"https:\/\/comuna.pt\/pt-pt\/wp-json\/wp\/v2\/product\/17981\/revisions"}],"predecessor-version":[{"id":18093,"href":"https:\/\/comuna.pt\/pt-pt\/wp-json\/wp\/v2\/product\/17981\/revisions\/18093"}],"wp:featuredmedia":[{"embeddable":true,"href":"https:\/\/comuna.pt\/pt-pt\/wp-json\/wp\/v2\/media\/17982"}],"wp:attachment":[{"href":"https:\/\/comuna.pt\/pt-pt\/wp-json\/wp\/v2\/media?parent=17981"}],"wp:term":[{"taxonomy":"product_brand","embeddable":true,"href":"https:\/\/comuna.pt\/pt-pt\/wp-json\/wp\/v2\/product_brand?post=17981"},{"taxonomy":"product_cat","embeddable":true,"href":"https:\/\/comuna.pt\/pt-pt\/wp-json\/wp\/v2\/product_cat?post=17981"},{"taxonomy":"product_tag","embeddable":true,"href":"https:\/\/comuna.pt\/pt-pt\/wp-json\/wp\/v2\/product_tag?post=17981"}],"curies":[{"name":"wp","href":"https:\/\/api.w.org\/{rel}","templated":true}]}}