{"id":17950,"date":"2025-05-20T17:21:14","date_gmt":"2025-05-20T16:21:14","guid":{"rendered":"https:\/\/comuna.pt\/product\/floppy-de-muselina-crua-48-x-48-120-x-120cm\/"},"modified":"2026-01-29T17:32:17","modified_gmt":"2026-01-29T17:32:17","slug":"floppy-de-muselina-crua-48-x-48-120-x-120cm","status":"publish","type":"product","link":"https:\/\/comuna.pt\/pt-pt\/product\/floppy-de-muselina-crua-48-x-48-120-x-120cm\/","title":{"rendered":"Floppy de Muselina Crua (48 x 48&#8243; \/ 120 x 120cm)"},"content":{"rendered":"<div class=\"booqable-product-button\" data-id=\"floppy-unbleached-muslin-48-x-48-120-x-120\"><\/div>\n<p>O <strong data-start=\"118\" data-end=\"167\">Floppy de Muselina Crua de 48 x 48&#8243; com Bolso<\/strong> da <strong data-start=\"171\" data-end=\"188\">TRP WORLDWIDE<\/strong> \u00e9 fabricado em algod\u00e3o de tom quente, esticado sobre uma estrutura dur\u00e1vel de a\u00e7o inoxid\u00e1vel.<br \/>\nConcebido para moldar e suavizar a luz, possui um bolso para tubo incorporado e uma tira de velcro para fixa\u00e7\u00e3o segura em trip\u00e9s ou bra\u00e7os de grip.<\/p>\n<p data-start=\"439\" data-end=\"649\">Quando desdobrada, esta vers\u00e1til ferramenta de controlo de luz estende-se at\u00e9 <strong data-start=\"506\" data-end=\"518\">48 x 96&#8243;<\/strong>, atuando como uma bandeira (flag) de grandes dimens\u00f5es para bloquear ou difundir a luz com um acabamento natural e quente, ideal para tons de pele e controlo subtil de ambiente no set.<\/p>\n","protected":false},"excerpt":{"rendered":"<p>O Floppy de Muselina Crua de 48 x 48&#8243; com Bolso da TRP WORLDWIDE \u00e9 fabricado em algod\u00e3o de tom quente, esticado sobre uma estrutura dur\u00e1vel de a\u00e7o inoxid\u00e1vel. Concebido para moldar e suavizar a luz, possui um bolso para tubo incorporado e uma tira de velcro para fixa\u00e7\u00e3o segura em trip\u00e9s ou bra\u00e7os de [&hellip;]<\/p>\n","protected":false},"featured_media":17951,"template":"","meta":[],"product_brand":[],"product_cat":[805874],"product_tag":[],"class_list":{"0":"post-17950","1":"product","2":"type-product","3":"status-publish","4":"has-post-thumbnail","6":"product_cat-controlo-de-luz","8":"first","9":"instock","10":"taxable","11":"shipping-taxable","12":"purchasable","13":"product-type-simple"},"yoast_head":"<!-- This site is optimized with the Yoast SEO Premium plugin v27.4 (Yoast SEO v27.5) - https:\/\/yoast.com\/product\/yoast-seo-premium-wordpress\/ -->\n<title>Floppy de Muselina Crua (48 x 48&quot; \/ 120 x 120cm) | Comuna Studios &amp; Equipment Rental<\/title>\n<meta name=\"description\" content=\"Alugue o Floppy de Muselina Crua (Unbleached Muslin) na Comuna Studios &amp; Equipment Rental em Lisboa. Ideal para difundir luz com tons quentes e naturais em produ\u00e7\u00f5es profissionais.\" \/>\n<meta name=\"robots\" content=\"index, follow, max-snippet:-1, max-image-preview:large, max-video-preview:-1\" \/>\n<link rel=\"canonical\" href=\"https:\/\/comuna.pt\/pt-pt\/product\/floppy-de-muselina-crua-48-x-48-120-x-120cm\/\" \/>\n<meta property=\"og:locale\" content=\"pt_PT\" \/>\n<meta property=\"og:type\" content=\"article\" \/>\n<meta property=\"og:title\" content=\"Floppy de Muselina Crua (48 x 48&quot; \/ 120 x 120cm)\" \/>\n<meta property=\"og:description\" content=\"Alugue o Floppy de Muselina Crua (Unbleached Muslin) na Comuna Studios &amp; Equipment Rental em Lisboa. Ideal para difundir luz com tons quentes e naturais em produ\u00e7\u00f5es profissionais.\" \/>\n<meta property=\"og:url\" content=\"https:\/\/comuna.pt\/pt-pt\/product\/floppy-de-muselina-crua-48-x-48-120-x-120cm\/\" \/>\n<meta property=\"og:site_name\" content=\"Comuna Studios &amp; Equipment Rental\" \/>\n<meta property=\"article:publisher\" content=\"http:\/\/facebook.com\/comuna.rental\" \/>\n<meta property=\"article:modified_time\" content=\"2026-01-29T17:32:17+00:00\" \/>\n<meta property=\"og:image\" content=\"https:\/\/comuna.pt\/wp-content\/uploads\/2025\/05\/1726761650_1763589.jpg\" \/>\n\t<meta property=\"og:image:width\" content=\"500\" \/>\n\t<meta property=\"og:image:height\" content=\"500\" \/>\n\t<meta property=\"og:image:type\" content=\"image\/jpeg\" \/>\n<meta name=\"twitter:card\" content=\"summary_large_image\" \/>\n<meta name=\"twitter:label1\" content=\"pre\u00e7o\" \/>\n\t<meta name=\"twitter:data1\" content=\"&euro;20,00 + 23% VAT\" \/>\n\t<meta name=\"twitter:label2\" content=\"Disponibilidade\" \/>\n\t<meta name=\"twitter:data2\" content=\"Em stock\" \/>\n<script type=\"application\/ld+json\" class=\"yoast-schema-graph\">{\"@context\":\"https:\\\/\\\/schema.org\",\"@graph\":[{\"@type\":[\"WebPage\",\"ItemPage\"],\"@id\":\"https:\\\/\\\/comuna.pt\\\/pt-pt\\\/product\\\/floppy-de-muselina-crua-48-x-48-120-x-120cm\\\/\",\"url\":\"https:\\\/\\\/comuna.pt\\\/pt-pt\\\/product\\\/floppy-de-muselina-crua-48-x-48-120-x-120cm\\\/\",\"name\":\"Floppy de Muselina Crua (48 x 48\\\" \\\/ 120 x 120cm) | Comuna Studios &amp; Equipment Rental\",\"isPartOf\":{\"@id\":\"https:\\\/\\\/comuna.pt\\\/pt-pt\\\/#website\"},\"primaryImageOfPage\":{\"@id\":\"https:\\\/\\\/comuna.pt\\\/pt-pt\\\/product\\\/floppy-de-muselina-crua-48-x-48-120-x-120cm\\\/#primaryimage\"},\"image\":{\"@id\":\"https:\\\/\\\/comuna.pt\\\/pt-pt\\\/product\\\/floppy-de-muselina-crua-48-x-48-120-x-120cm\\\/#primaryimage\"},\"thumbnailUrl\":\"https:\\\/\\\/comuna.pt\\\/wp-content\\\/uploads\\\/2025\\\/05\\\/1726761650_1763589.jpg\",\"datePublished\":\"2025-05-20T16:21:14+00:00\",\"dateModified\":\"2026-01-29T17:32:17+00:00\",\"description\":\"Alugue o Floppy de Muselina Crua (Unbleached Muslin) na Comuna Studios &amp; Equipment Rental em Lisboa. Ideal para difundir luz com tons quentes e naturais em produ\u00e7\u00f5es profissionais.\",\"breadcrumb\":{\"@id\":\"https:\\\/\\\/comuna.pt\\\/pt-pt\\\/product\\\/floppy-de-muselina-crua-48-x-48-120-x-120cm\\\/#breadcrumb\"},\"inLanguage\":\"pt-PT\",\"potentialAction\":[{\"@type\":\"ReadAction\",\"target\":[\"https:\\\/\\\/comuna.pt\\\/pt-pt\\\/product\\\/floppy-de-muselina-crua-48-x-48-120-x-120cm\\\/\"]}]},{\"@type\":\"ImageObject\",\"inLanguage\":\"pt-PT\",\"@id\":\"https:\\\/\\\/comuna.pt\\\/pt-pt\\\/product\\\/floppy-de-muselina-crua-48-x-48-120-x-120cm\\\/#primaryimage\",\"url\":\"https:\\\/\\\/comuna.pt\\\/wp-content\\\/uploads\\\/2025\\\/05\\\/1726761650_1763589.jpg\",\"contentUrl\":\"https:\\\/\\\/comuna.pt\\\/wp-content\\\/uploads\\\/2025\\\/05\\\/1726761650_1763589.jpg\",\"width\":500,\"height\":500},{\"@type\":\"BreadcrumbList\",\"@id\":\"https:\\\/\\\/comuna.pt\\\/pt-pt\\\/product\\\/floppy-de-muselina-crua-48-x-48-120-x-120cm\\\/#breadcrumb\",\"itemListElement\":[{\"@type\":\"ListItem\",\"position\":1,\"name\":\"Home\",\"item\":\"https:\\\/\\\/comuna.pt\\\/pt-pt\\\/\"},{\"@type\":\"ListItem\",\"position\":2,\"name\":\"Produtos\"},{\"@type\":\"ListItem\",\"position\":3,\"name\":\"Controlo de Luz\",\"item\":\"https:\\\/\\\/comuna.pt\\\/pt-pt\\\/Categoria\\\/controlo-de-luz\\\/\"},{\"@type\":\"ListItem\",\"position\":4,\"name\":\"Floppy de Muselina Crua (48 x 48&#8243; \\\/ 120 x 120cm)\"}]},{\"@type\":\"WebSite\",\"@id\":\"https:\\\/\\\/comuna.pt\\\/pt-pt\\\/#website\",\"url\":\"https:\\\/\\\/comuna.pt\\\/pt-pt\\\/\",\"name\":\"Comuna Rental House\",\"description\":\"Photo studios, Podcast &amp; Equipment Rental\",\"publisher\":{\"@id\":\"https:\\\/\\\/comuna.pt\\\/pt-pt\\\/#organization\"},\"alternateName\":\"Comuna Filmmaking Equipment Rental\",\"potentialAction\":[{\"@type\":\"SearchAction\",\"target\":{\"@type\":\"EntryPoint\",\"urlTemplate\":\"https:\\\/\\\/comuna.pt\\\/pt-pt\\\/?s={search_term_string}\"},\"query-input\":{\"@type\":\"PropertyValueSpecification\",\"valueRequired\":true,\"valueName\":\"search_term_string\"}}],\"inLanguage\":\"pt-PT\"},{\"@type\":\"Organization\",\"@id\":\"https:\\\/\\\/comuna.pt\\\/pt-pt\\\/#organization\",\"name\":\"Comuna Rental House\",\"url\":\"https:\\\/\\\/comuna.pt\\\/pt-pt\\\/\",\"logo\":{\"@type\":\"ImageObject\",\"inLanguage\":\"pt-PT\",\"@id\":\"https:\\\/\\\/comuna.pt\\\/pt-pt\\\/#\\\/schema\\\/logo\\\/image\\\/\",\"url\":\"https:\\\/\\\/comuna.pt\\\/wp-content\\\/uploads\\\/2024\\\/03\\\/comuna_logo_website.png\",\"contentUrl\":\"https:\\\/\\\/comuna.pt\\\/wp-content\\\/uploads\\\/2024\\\/03\\\/comuna_logo_website.png\",\"width\":2000,\"height\":262,\"caption\":\"Comuna Rental House\"},\"image\":{\"@id\":\"https:\\\/\\\/comuna.pt\\\/pt-pt\\\/#\\\/schema\\\/logo\\\/image\\\/\"},\"sameAs\":[\"http:\\\/\\\/facebook.com\\\/comuna.rental\",\"https:\\\/\\\/www.instagram.com\\\/comuna_rental\",\"https:\\\/\\\/www.linkedin.com\\\/company\\\/96410498\"]}]}<\/script>\n<meta property=\"product:price:amount\" content=\"20.00\" \/>\n<meta property=\"product:price:currency\" content=\"EUR\" \/>\n<meta property=\"og:availability\" content=\"instock\" \/>\n<meta property=\"product:availability\" content=\"instock\" \/>\n<meta property=\"product:condition\" content=\"new\" \/>\n<!-- \/ Yoast SEO Premium plugin. -->","yoast_head_json":{"title":"Floppy de Muselina Crua (48 x 48\" \/ 120 x 120cm) | Comuna Studios &amp; Equipment Rental","description":"Alugue o Floppy de Muselina Crua (Unbleached Muslin) na Comuna Studios &amp; Equipment Rental em Lisboa. Ideal para difundir luz com tons quentes e naturais em produ\u00e7\u00f5es profissionais.","robots":{"index":"index","follow":"follow","max-snippet":"max-snippet:-1","max-image-preview":"max-image-preview:large","max-video-preview":"max-video-preview:-1"},"canonical":"https:\/\/comuna.pt\/pt-pt\/product\/floppy-de-muselina-crua-48-x-48-120-x-120cm\/","og_locale":"pt_PT","og_type":"article","og_title":"Floppy de Muselina Crua (48 x 48\" \/ 120 x 120cm)","og_description":"Alugue o Floppy de Muselina Crua (Unbleached Muslin) na Comuna Studios &amp; Equipment Rental em Lisboa. Ideal para difundir luz com tons quentes e naturais em produ\u00e7\u00f5es profissionais.","og_url":"https:\/\/comuna.pt\/pt-pt\/product\/floppy-de-muselina-crua-48-x-48-120-x-120cm\/","og_site_name":"Comuna Studios &amp; Equipment Rental","article_publisher":"http:\/\/facebook.com\/comuna.rental","article_modified_time":"2026-01-29T17:32:17+00:00","og_image":[{"width":500,"height":500,"url":"https:\/\/comuna.pt\/wp-content\/uploads\/2025\/05\/1726761650_1763589.jpg","type":"image\/jpeg"}],"twitter_card":"summary_large_image","twitter_misc":{"pre\u00e7o":"&euro;20,00 + 23% VAT","Disponibilidade":"Em stock"},"schema":{"@context":"https:\/\/schema.org","@graph":[{"@type":["WebPage","ItemPage"],"@id":"https:\/\/comuna.pt\/pt-pt\/product\/floppy-de-muselina-crua-48-x-48-120-x-120cm\/","url":"https:\/\/comuna.pt\/pt-pt\/product\/floppy-de-muselina-crua-48-x-48-120-x-120cm\/","name":"Floppy de Muselina Crua (48 x 48\" \/ 120 x 120cm) | Comuna Studios &amp; Equipment Rental","isPartOf":{"@id":"https:\/\/comuna.pt\/pt-pt\/#website"},"primaryImageOfPage":{"@id":"https:\/\/comuna.pt\/pt-pt\/product\/floppy-de-muselina-crua-48-x-48-120-x-120cm\/#primaryimage"},"image":{"@id":"https:\/\/comuna.pt\/pt-pt\/product\/floppy-de-muselina-crua-48-x-48-120-x-120cm\/#primaryimage"},"thumbnailUrl":"https:\/\/comuna.pt\/wp-content\/uploads\/2025\/05\/1726761650_1763589.jpg","datePublished":"2025-05-20T16:21:14+00:00","dateModified":"2026-01-29T17:32:17+00:00","description":"Alugue o Floppy de Muselina Crua (Unbleached Muslin) na Comuna Studios &amp; Equipment Rental em Lisboa. Ideal para difundir luz com tons quentes e naturais em produ\u00e7\u00f5es profissionais.","breadcrumb":{"@id":"https:\/\/comuna.pt\/pt-pt\/product\/floppy-de-muselina-crua-48-x-48-120-x-120cm\/#breadcrumb"},"inLanguage":"pt-PT","potentialAction":[{"@type":"ReadAction","target":["https:\/\/comuna.pt\/pt-pt\/product\/floppy-de-muselina-crua-48-x-48-120-x-120cm\/"]}]},{"@type":"ImageObject","inLanguage":"pt-PT","@id":"https:\/\/comuna.pt\/pt-pt\/product\/floppy-de-muselina-crua-48-x-48-120-x-120cm\/#primaryimage","url":"https:\/\/comuna.pt\/wp-content\/uploads\/2025\/05\/1726761650_1763589.jpg","contentUrl":"https:\/\/comuna.pt\/wp-content\/uploads\/2025\/05\/1726761650_1763589.jpg","width":500,"height":500},{"@type":"BreadcrumbList","@id":"https:\/\/comuna.pt\/pt-pt\/product\/floppy-de-muselina-crua-48-x-48-120-x-120cm\/#breadcrumb","itemListElement":[{"@type":"ListItem","position":1,"name":"Home","item":"https:\/\/comuna.pt\/pt-pt\/"},{"@type":"ListItem","position":2,"name":"Produtos"},{"@type":"ListItem","position":3,"name":"Controlo de Luz","item":"https:\/\/comuna.pt\/pt-pt\/Categoria\/controlo-de-luz\/"},{"@type":"ListItem","position":4,"name":"Floppy de Muselina Crua (48 x 48&#8243; \/ 120 x 120cm)"}]},{"@type":"WebSite","@id":"https:\/\/comuna.pt\/pt-pt\/#website","url":"https:\/\/comuna.pt\/pt-pt\/","name":"Comuna Rental House","description":"Photo studios, Podcast &amp; Equipment Rental","publisher":{"@id":"https:\/\/comuna.pt\/pt-pt\/#organization"},"alternateName":"Comuna Filmmaking Equipment Rental","potentialAction":[{"@type":"SearchAction","target":{"@type":"EntryPoint","urlTemplate":"https:\/\/comuna.pt\/pt-pt\/?s={search_term_string}"},"query-input":{"@type":"PropertyValueSpecification","valueRequired":true,"valueName":"search_term_string"}}],"inLanguage":"pt-PT"},{"@type":"Organization","@id":"https:\/\/comuna.pt\/pt-pt\/#organization","name":"Comuna Rental House","url":"https:\/\/comuna.pt\/pt-pt\/","logo":{"@type":"ImageObject","inLanguage":"pt-PT","@id":"https:\/\/comuna.pt\/pt-pt\/#\/schema\/logo\/image\/","url":"https:\/\/comuna.pt\/wp-content\/uploads\/2024\/03\/comuna_logo_website.png","contentUrl":"https:\/\/comuna.pt\/wp-content\/uploads\/2024\/03\/comuna_logo_website.png","width":2000,"height":262,"caption":"Comuna Rental House"},"image":{"@id":"https:\/\/comuna.pt\/pt-pt\/#\/schema\/logo\/image\/"},"sameAs":["http:\/\/facebook.com\/comuna.rental","https:\/\/www.instagram.com\/comuna_rental","https:\/\/www.linkedin.com\/company\/96410498"]}]},"product_price_amount":"20.00","product_price_currency":"EUR","og_availability":"instock","product_availability":"instock","product_condition":"new"},"_links":{"self":[{"href":"https:\/\/comuna.pt\/pt-pt\/wp-json\/wp\/v2\/product\/17950","targetHints":{"allow":["GET"]}}],"collection":[{"href":"https:\/\/comuna.pt\/pt-pt\/wp-json\/wp\/v2\/product"}],"about":[{"href":"https:\/\/comuna.pt\/pt-pt\/wp-json\/wp\/v2\/types\/product"}],"version-history":[{"count":3,"href":"https:\/\/comuna.pt\/pt-pt\/wp-json\/wp\/v2\/product\/17950\/revisions"}],"predecessor-version":[{"id":18078,"href":"https:\/\/comuna.pt\/pt-pt\/wp-json\/wp\/v2\/product\/17950\/revisions\/18078"}],"wp:featuredmedia":[{"embeddable":true,"href":"https:\/\/comuna.pt\/pt-pt\/wp-json\/wp\/v2\/media\/17951"}],"wp:attachment":[{"href":"https:\/\/comuna.pt\/pt-pt\/wp-json\/wp\/v2\/media?parent=17950"}],"wp:term":[{"taxonomy":"product_brand","embeddable":true,"href":"https:\/\/comuna.pt\/pt-pt\/wp-json\/wp\/v2\/product_brand?post=17950"},{"taxonomy":"product_cat","embeddable":true,"href":"https:\/\/comuna.pt\/pt-pt\/wp-json\/wp\/v2\/product_cat?post=17950"},{"taxonomy":"product_tag","embeddable":true,"href":"https:\/\/comuna.pt\/pt-pt\/wp-json\/wp\/v2\/product_tag?post=17950"}],"curies":[{"name":"wp","href":"https:\/\/api.w.org\/{rel}","templated":true}]}}