{"id":17906,"date":"2025-06-14T16:16:32","date_gmt":"2025-06-14T15:16:32","guid":{"rendered":"https:\/\/comuna.pt\/product\/sun-bouncer-pro-zebra-white-130x190cm-4x6\/"},"modified":"2026-01-29T16:34:51","modified_gmt":"2026-01-29T16:34:51","slug":"sun-bouncer-pro-zebra-white-130x190cm-4x6","status":"publish","type":"product","link":"https:\/\/comuna.pt\/pt-pt\/product\/sun-bouncer-pro-zebra-white-130x190cm-4x6\/","title":{"rendered":"Sun Bouncer Pro Zebra\/White 130x190cm\/ 4&#215;6&#8242;"},"content":{"rendered":"<div class=\"booqable-product-button\" data-id=\"sun-bouncer-pro-zebra-white-130x190cm-4x6\"><\/div>\n<p>O <strong data-start=\"62\" data-end=\"197\"><a class=\"cursor-pointer\" target=\"_new\" rel=\"noopener\" data-start=\"64\" data-end=\"195\">Sun-Bouncer Pro Zebra\/White 130\u00d7190 cm (4\u00d76)<\/a><\/strong> \u00e9 um refletor de n\u00edvel profissional projetado para fot\u00f3grafos e cineastas que procuram portabilidade sem comprometer a qualidade.<br \/>\nO <strong data-start=\"332\" data-end=\"346\">lado Zebra<\/strong> (50% dourado \/ 50% prateado) adiciona um calor subtil de aproximadamente +4000K \u00e0 luz, ideal para real\u00e7ar tons de pele, enquanto o <strong data-start=\"474\" data-end=\"488\">lado Branco<\/strong> oferece um preenchimento (fill) suave e neutro.<br \/>\nConstru\u00eddo sobre uma <strong data-start=\"551\" data-end=\"638\"><a class=\"cursor-pointer\" target=\"_new\" rel=\"noopener\" data-start=\"553\" data-end=\"636\">estrutura de alum\u00ednio<\/a><\/strong> colaps\u00e1vel mas r\u00edgida, mant\u00e9m-se leve e f\u00e1cil de manusear, mesmo em condi\u00e7\u00f5es de exterior.<\/p>\n","protected":false},"excerpt":{"rendered":"<p>O Sun-Bouncer Pro Zebra\/White 130\u00d7190 cm (4\u00d76) \u00e9 um refletor de n\u00edvel profissional projetado para fot\u00f3grafos e cineastas que procuram portabilidade sem comprometer a qualidade. O lado Zebra (50% dourado \/ 50% prateado) adiciona um calor subtil de aproximadamente +4000K \u00e0 luz, ideal para real\u00e7ar tons de pele, enquanto o lado Branco oferece um preenchimento [&hellip;]<\/p>\n","protected":false},"featured_media":17907,"template":"","meta":[],"product_brand":[],"product_cat":[805874],"product_tag":[],"class_list":{"0":"post-17906","1":"product","2":"type-product","3":"status-publish","4":"has-post-thumbnail","6":"product_cat-controlo-de-luz","8":"first","9":"instock","10":"taxable","11":"shipping-taxable","12":"purchasable","13":"product-type-simple"},"yoast_head":"<!-- This site is optimized with the Yoast SEO Premium plugin v27.4 (Yoast SEO v27.5) - https:\/\/yoast.com\/product\/yoast-seo-premium-wordpress\/ -->\n<title>Sun Bouncer Pro Zebra\/White 130x190cm\/ 4x6&#039; | Comuna Studios &amp; Equipment Rental<\/title>\n<meta name=\"description\" content=\"Alugue o refletor Sun Bouncer Pro Zebra\/White (130x190cm) na Comuna Studios &amp; Equipment Rental em Lisboa. Estrutura r\u00edgida e tela dupla para um controlo de luz profissional.\" \/>\n<meta name=\"robots\" content=\"index, follow, max-snippet:-1, max-image-preview:large, max-video-preview:-1\" \/>\n<link rel=\"canonical\" href=\"https:\/\/comuna.pt\/pt-pt\/product\/sun-bouncer-pro-zebra-white-130x190cm-4x6\/\" \/>\n<meta property=\"og:locale\" content=\"pt_PT\" \/>\n<meta property=\"og:type\" content=\"article\" \/>\n<meta property=\"og:title\" content=\"Sun Bouncer Pro Zebra\/White 130x190cm\/ 4x6&#039;\" \/>\n<meta property=\"og:description\" content=\"Alugue o refletor Sun Bouncer Pro Zebra\/White (130x190cm) na Comuna Studios &amp; Equipment Rental em Lisboa. Estrutura r\u00edgida e tela dupla para um controlo de luz profissional.\" \/>\n<meta property=\"og:url\" content=\"https:\/\/comuna.pt\/pt-pt\/product\/sun-bouncer-pro-zebra-white-130x190cm-4x6\/\" \/>\n<meta property=\"og:site_name\" content=\"Comuna Studios &amp; Equipment Rental\" \/>\n<meta property=\"article:publisher\" content=\"http:\/\/facebook.com\/comuna.rental\" \/>\n<meta property=\"article:modified_time\" content=\"2026-01-29T16:34:51+00:00\" \/>\n<meta property=\"og:image\" content=\"https:\/\/comuna.pt\/wp-content\/uploads\/2025\/06\/16.07.24.jpg\" \/>\n\t<meta property=\"og:image:width\" content=\"1366\" \/>\n\t<meta property=\"og:image:height\" content=\"1222\" \/>\n\t<meta property=\"og:image:type\" content=\"image\/jpeg\" \/>\n<meta name=\"twitter:card\" content=\"summary_large_image\" \/>\n<meta name=\"twitter:label1\" content=\"pre\u00e7o\" \/>\n\t<meta name=\"twitter:data1\" content=\"&euro;20,00 + 23% VAT\" \/>\n\t<meta name=\"twitter:label2\" content=\"Disponibilidade\" \/>\n\t<meta name=\"twitter:data2\" content=\"Em stock\" \/>\n<script type=\"application\/ld+json\" class=\"yoast-schema-graph\">{\"@context\":\"https:\\\/\\\/schema.org\",\"@graph\":[{\"@type\":[\"WebPage\",\"ItemPage\"],\"@id\":\"https:\\\/\\\/comuna.pt\\\/pt-pt\\\/product\\\/sun-bouncer-pro-zebra-white-130x190cm-4x6\\\/\",\"url\":\"https:\\\/\\\/comuna.pt\\\/pt-pt\\\/product\\\/sun-bouncer-pro-zebra-white-130x190cm-4x6\\\/\",\"name\":\"Sun Bouncer Pro Zebra\\\/White 130x190cm\\\/ 4x6' | Comuna Studios &amp; Equipment Rental\",\"isPartOf\":{\"@id\":\"https:\\\/\\\/comuna.pt\\\/pt-pt\\\/#website\"},\"primaryImageOfPage\":{\"@id\":\"https:\\\/\\\/comuna.pt\\\/pt-pt\\\/product\\\/sun-bouncer-pro-zebra-white-130x190cm-4x6\\\/#primaryimage\"},\"image\":{\"@id\":\"https:\\\/\\\/comuna.pt\\\/pt-pt\\\/product\\\/sun-bouncer-pro-zebra-white-130x190cm-4x6\\\/#primaryimage\"},\"thumbnailUrl\":\"https:\\\/\\\/comuna.pt\\\/wp-content\\\/uploads\\\/2025\\\/06\\\/16.07.24.jpg\",\"datePublished\":\"2025-06-14T15:16:32+00:00\",\"dateModified\":\"2026-01-29T16:34:51+00:00\",\"description\":\"Alugue o refletor Sun Bouncer Pro Zebra\\\/White (130x190cm) na Comuna Studios &amp; Equipment Rental em Lisboa. Estrutura r\u00edgida e tela dupla para um controlo de luz profissional.\",\"breadcrumb\":{\"@id\":\"https:\\\/\\\/comuna.pt\\\/pt-pt\\\/product\\\/sun-bouncer-pro-zebra-white-130x190cm-4x6\\\/#breadcrumb\"},\"inLanguage\":\"pt-PT\",\"potentialAction\":[{\"@type\":\"ReadAction\",\"target\":[\"https:\\\/\\\/comuna.pt\\\/pt-pt\\\/product\\\/sun-bouncer-pro-zebra-white-130x190cm-4x6\\\/\"]}]},{\"@type\":\"ImageObject\",\"inLanguage\":\"pt-PT\",\"@id\":\"https:\\\/\\\/comuna.pt\\\/pt-pt\\\/product\\\/sun-bouncer-pro-zebra-white-130x190cm-4x6\\\/#primaryimage\",\"url\":\"https:\\\/\\\/comuna.pt\\\/wp-content\\\/uploads\\\/2025\\\/06\\\/16.07.24.jpg\",\"contentUrl\":\"https:\\\/\\\/comuna.pt\\\/wp-content\\\/uploads\\\/2025\\\/06\\\/16.07.24.jpg\",\"width\":1366,\"height\":1222},{\"@type\":\"BreadcrumbList\",\"@id\":\"https:\\\/\\\/comuna.pt\\\/pt-pt\\\/product\\\/sun-bouncer-pro-zebra-white-130x190cm-4x6\\\/#breadcrumb\",\"itemListElement\":[{\"@type\":\"ListItem\",\"position\":1,\"name\":\"Home\",\"item\":\"https:\\\/\\\/comuna.pt\\\/pt-pt\\\/\"},{\"@type\":\"ListItem\",\"position\":2,\"name\":\"Produtos\"},{\"@type\":\"ListItem\",\"position\":3,\"name\":\"Controlo de Luz\",\"item\":\"https:\\\/\\\/comuna.pt\\\/pt-pt\\\/Categoria\\\/controlo-de-luz\\\/\"},{\"@type\":\"ListItem\",\"position\":4,\"name\":\"Sun Bouncer Pro Zebra\\\/White 130x190cm\\\/ 4&#215;6&#8242;\"}]},{\"@type\":\"WebSite\",\"@id\":\"https:\\\/\\\/comuna.pt\\\/pt-pt\\\/#website\",\"url\":\"https:\\\/\\\/comuna.pt\\\/pt-pt\\\/\",\"name\":\"Comuna Rental House\",\"description\":\"Photo studios, Podcast &amp; Equipment Rental\",\"publisher\":{\"@id\":\"https:\\\/\\\/comuna.pt\\\/pt-pt\\\/#organization\"},\"alternateName\":\"Comuna Filmmaking Equipment Rental\",\"potentialAction\":[{\"@type\":\"SearchAction\",\"target\":{\"@type\":\"EntryPoint\",\"urlTemplate\":\"https:\\\/\\\/comuna.pt\\\/pt-pt\\\/?s={search_term_string}\"},\"query-input\":{\"@type\":\"PropertyValueSpecification\",\"valueRequired\":true,\"valueName\":\"search_term_string\"}}],\"inLanguage\":\"pt-PT\"},{\"@type\":\"Organization\",\"@id\":\"https:\\\/\\\/comuna.pt\\\/pt-pt\\\/#organization\",\"name\":\"Comuna Rental House\",\"url\":\"https:\\\/\\\/comuna.pt\\\/pt-pt\\\/\",\"logo\":{\"@type\":\"ImageObject\",\"inLanguage\":\"pt-PT\",\"@id\":\"https:\\\/\\\/comuna.pt\\\/pt-pt\\\/#\\\/schema\\\/logo\\\/image\\\/\",\"url\":\"https:\\\/\\\/comuna.pt\\\/wp-content\\\/uploads\\\/2024\\\/03\\\/comuna_logo_website.png\",\"contentUrl\":\"https:\\\/\\\/comuna.pt\\\/wp-content\\\/uploads\\\/2024\\\/03\\\/comuna_logo_website.png\",\"width\":2000,\"height\":262,\"caption\":\"Comuna Rental House\"},\"image\":{\"@id\":\"https:\\\/\\\/comuna.pt\\\/pt-pt\\\/#\\\/schema\\\/logo\\\/image\\\/\"},\"sameAs\":[\"http:\\\/\\\/facebook.com\\\/comuna.rental\",\"https:\\\/\\\/www.instagram.com\\\/comuna_rental\",\"https:\\\/\\\/www.linkedin.com\\\/company\\\/96410498\"]}]}<\/script>\n<meta property=\"product:price:amount\" content=\"20.00\" \/>\n<meta property=\"product:price:currency\" content=\"EUR\" \/>\n<meta property=\"og:availability\" content=\"instock\" \/>\n<meta property=\"product:availability\" content=\"instock\" \/>\n<meta property=\"product:condition\" content=\"new\" \/>\n<!-- \/ Yoast SEO Premium plugin. -->","yoast_head_json":{"title":"Sun Bouncer Pro Zebra\/White 130x190cm\/ 4x6' | Comuna Studios &amp; Equipment Rental","description":"Alugue o refletor Sun Bouncer Pro Zebra\/White (130x190cm) na Comuna Studios &amp; Equipment Rental em Lisboa. Estrutura r\u00edgida e tela dupla para um controlo de luz profissional.","robots":{"index":"index","follow":"follow","max-snippet":"max-snippet:-1","max-image-preview":"max-image-preview:large","max-video-preview":"max-video-preview:-1"},"canonical":"https:\/\/comuna.pt\/pt-pt\/product\/sun-bouncer-pro-zebra-white-130x190cm-4x6\/","og_locale":"pt_PT","og_type":"article","og_title":"Sun Bouncer Pro Zebra\/White 130x190cm\/ 4x6'","og_description":"Alugue o refletor Sun Bouncer Pro Zebra\/White (130x190cm) na Comuna Studios &amp; Equipment Rental em Lisboa. Estrutura r\u00edgida e tela dupla para um controlo de luz profissional.","og_url":"https:\/\/comuna.pt\/pt-pt\/product\/sun-bouncer-pro-zebra-white-130x190cm-4x6\/","og_site_name":"Comuna Studios &amp; Equipment Rental","article_publisher":"http:\/\/facebook.com\/comuna.rental","article_modified_time":"2026-01-29T16:34:51+00:00","og_image":[{"width":1366,"height":1222,"url":"https:\/\/comuna.pt\/wp-content\/uploads\/2025\/06\/16.07.24.jpg","type":"image\/jpeg"}],"twitter_card":"summary_large_image","twitter_misc":{"pre\u00e7o":"&euro;20,00 + 23% VAT","Disponibilidade":"Em stock"},"schema":{"@context":"https:\/\/schema.org","@graph":[{"@type":["WebPage","ItemPage"],"@id":"https:\/\/comuna.pt\/pt-pt\/product\/sun-bouncer-pro-zebra-white-130x190cm-4x6\/","url":"https:\/\/comuna.pt\/pt-pt\/product\/sun-bouncer-pro-zebra-white-130x190cm-4x6\/","name":"Sun Bouncer Pro Zebra\/White 130x190cm\/ 4x6' | Comuna Studios &amp; Equipment Rental","isPartOf":{"@id":"https:\/\/comuna.pt\/pt-pt\/#website"},"primaryImageOfPage":{"@id":"https:\/\/comuna.pt\/pt-pt\/product\/sun-bouncer-pro-zebra-white-130x190cm-4x6\/#primaryimage"},"image":{"@id":"https:\/\/comuna.pt\/pt-pt\/product\/sun-bouncer-pro-zebra-white-130x190cm-4x6\/#primaryimage"},"thumbnailUrl":"https:\/\/comuna.pt\/wp-content\/uploads\/2025\/06\/16.07.24.jpg","datePublished":"2025-06-14T15:16:32+00:00","dateModified":"2026-01-29T16:34:51+00:00","description":"Alugue o refletor Sun Bouncer Pro Zebra\/White (130x190cm) na Comuna Studios &amp; Equipment Rental em Lisboa. Estrutura r\u00edgida e tela dupla para um controlo de luz profissional.","breadcrumb":{"@id":"https:\/\/comuna.pt\/pt-pt\/product\/sun-bouncer-pro-zebra-white-130x190cm-4x6\/#breadcrumb"},"inLanguage":"pt-PT","potentialAction":[{"@type":"ReadAction","target":["https:\/\/comuna.pt\/pt-pt\/product\/sun-bouncer-pro-zebra-white-130x190cm-4x6\/"]}]},{"@type":"ImageObject","inLanguage":"pt-PT","@id":"https:\/\/comuna.pt\/pt-pt\/product\/sun-bouncer-pro-zebra-white-130x190cm-4x6\/#primaryimage","url":"https:\/\/comuna.pt\/wp-content\/uploads\/2025\/06\/16.07.24.jpg","contentUrl":"https:\/\/comuna.pt\/wp-content\/uploads\/2025\/06\/16.07.24.jpg","width":1366,"height":1222},{"@type":"BreadcrumbList","@id":"https:\/\/comuna.pt\/pt-pt\/product\/sun-bouncer-pro-zebra-white-130x190cm-4x6\/#breadcrumb","itemListElement":[{"@type":"ListItem","position":1,"name":"Home","item":"https:\/\/comuna.pt\/pt-pt\/"},{"@type":"ListItem","position":2,"name":"Produtos"},{"@type":"ListItem","position":3,"name":"Controlo de Luz","item":"https:\/\/comuna.pt\/pt-pt\/Categoria\/controlo-de-luz\/"},{"@type":"ListItem","position":4,"name":"Sun Bouncer Pro Zebra\/White 130x190cm\/ 4&#215;6&#8242;"}]},{"@type":"WebSite","@id":"https:\/\/comuna.pt\/pt-pt\/#website","url":"https:\/\/comuna.pt\/pt-pt\/","name":"Comuna Rental House","description":"Photo studios, Podcast &amp; Equipment Rental","publisher":{"@id":"https:\/\/comuna.pt\/pt-pt\/#organization"},"alternateName":"Comuna Filmmaking Equipment Rental","potentialAction":[{"@type":"SearchAction","target":{"@type":"EntryPoint","urlTemplate":"https:\/\/comuna.pt\/pt-pt\/?s={search_term_string}"},"query-input":{"@type":"PropertyValueSpecification","valueRequired":true,"valueName":"search_term_string"}}],"inLanguage":"pt-PT"},{"@type":"Organization","@id":"https:\/\/comuna.pt\/pt-pt\/#organization","name":"Comuna Rental House","url":"https:\/\/comuna.pt\/pt-pt\/","logo":{"@type":"ImageObject","inLanguage":"pt-PT","@id":"https:\/\/comuna.pt\/pt-pt\/#\/schema\/logo\/image\/","url":"https:\/\/comuna.pt\/wp-content\/uploads\/2024\/03\/comuna_logo_website.png","contentUrl":"https:\/\/comuna.pt\/wp-content\/uploads\/2024\/03\/comuna_logo_website.png","width":2000,"height":262,"caption":"Comuna Rental House"},"image":{"@id":"https:\/\/comuna.pt\/pt-pt\/#\/schema\/logo\/image\/"},"sameAs":["http:\/\/facebook.com\/comuna.rental","https:\/\/www.instagram.com\/comuna_rental","https:\/\/www.linkedin.com\/company\/96410498"]}]},"product_price_amount":"20.00","product_price_currency":"EUR","og_availability":"instock","product_availability":"instock","product_condition":"new"},"_links":{"self":[{"href":"https:\/\/comuna.pt\/pt-pt\/wp-json\/wp\/v2\/product\/17906","targetHints":{"allow":["GET"]}}],"collection":[{"href":"https:\/\/comuna.pt\/pt-pt\/wp-json\/wp\/v2\/product"}],"about":[{"href":"https:\/\/comuna.pt\/pt-pt\/wp-json\/wp\/v2\/types\/product"}],"version-history":[{"count":1,"href":"https:\/\/comuna.pt\/pt-pt\/wp-json\/wp\/v2\/product\/17906\/revisions"}],"predecessor-version":[{"id":17910,"href":"https:\/\/comuna.pt\/pt-pt\/wp-json\/wp\/v2\/product\/17906\/revisions\/17910"}],"wp:featuredmedia":[{"embeddable":true,"href":"https:\/\/comuna.pt\/pt-pt\/wp-json\/wp\/v2\/media\/17907"}],"wp:attachment":[{"href":"https:\/\/comuna.pt\/pt-pt\/wp-json\/wp\/v2\/media?parent=17906"}],"wp:term":[{"taxonomy":"product_brand","embeddable":true,"href":"https:\/\/comuna.pt\/pt-pt\/wp-json\/wp\/v2\/product_brand?post=17906"},{"taxonomy":"product_cat","embeddable":true,"href":"https:\/\/comuna.pt\/pt-pt\/wp-json\/wp\/v2\/product_cat?post=17906"},{"taxonomy":"product_tag","embeddable":true,"href":"https:\/\/comuna.pt\/pt-pt\/wp-json\/wp\/v2\/product_tag?post=17906"}],"curies":[{"name":"wp","href":"https:\/\/api.w.org\/{rel}","templated":true}]}}