{"id":17854,"date":"2025-06-24T13:56:05","date_gmt":"2025-06-24T12:56:05","guid":{"rendered":"https:\/\/comuna.pt\/product\/steadybag-sb-1-3lb-model-i\/"},"modified":"2026-01-29T16:34:49","modified_gmt":"2026-01-29T16:34:49","slug":"steadybag-sb-1-3lb-model-i","status":"publish","type":"product","link":"https:\/\/comuna.pt\/pt-pt\/product\/steadybag-sb-1-3lb-model-i\/","title":{"rendered":"SteadyBag SB-1 3lb Model I"},"content":{"rendered":"<div class=\"booqable-product-button\" data-id=\"steadybag-sb-1-3lb-model-i\"><\/div>\n<p>O <strong data-start=\"268\" data-end=\"400\"><a class=\"cursor-pointer\" target=\"_new\" rel=\"noopener\" data-start=\"270\" data-end=\"398\">SteadyBag SB-1 3lb Model I<\/a><\/strong> da <a class=\"\" href=\"https:\/\/www.visualdepartures.com\/\" target=\"_new\" rel=\"noopener\" data-start=\"404\" data-end=\"458\">Visual Departures<\/a> \u00e9 um suporte de c\u00e2mara compacto e vers\u00e1til, concebido para ambientes de filmagem r\u00e1pidos onde o uso de trip\u00e9s \u00e9 impratic\u00e1vel.<br \/>\nPreenchido com esferas de polipropileno personalizadas e revestido em nylon bal\u00edstico robusto, o SB-1 molda-se a superf\u00edcies irregulares e proporciona um posicionamento est\u00e1vel da c\u00e2mara com amortecimento de vibra\u00e7\u00f5es \u2014 ideal para cap\u00f4s de carros, veda\u00e7\u00f5es, rochas ou mesas.<\/p>\n<h4 data-start=\"797\" data-end=\"815\">Caracter\u00edsticas Principais:<\/h4>\n<ul data-start=\"816\" data-end=\"1138\">\n<li data-start=\"816\" data-end=\"844\">\n<p data-start=\"818\" data-end=\"844\">Peso: <strong data-start=\"826\" data-end=\"844\">3 lbs (1.4 kg)<\/strong><\/p>\n<\/li>\n<li data-start=\"845\" data-end=\"901\">\n<p data-start=\"847\" data-end=\"901\">Dimens\u00f5es: aprox.<br \/>\n<strong data-start=\"867\" data-end=\"901\">12&#8243; \u00d7 8&#8243; \u00d7 2&#8243; (30 \u00d7 20 \u00d7 5 cm)<\/strong><\/p>\n<\/li>\n<li data-start=\"902\" data-end=\"956\">\n<p data-start=\"904\" data-end=\"956\">Exterior em <strong data-start=\"912\" data-end=\"931\">nylon bal\u00edstico<\/strong> dur\u00e1vel, resistente a intemp\u00e9ries<\/p>\n<\/li>\n<li data-start=\"957\" data-end=\"1018\">\n<p data-start=\"959\" data-end=\"1018\">Preenchido com <strong data-start=\"989\" data-end=\"1018\">micro-esferas de polipropileno<\/strong> mold\u00e1veis e silenciosas<\/p>\n<\/li>\n<li data-start=\"1019\" data-end=\"1089\">\n<p data-start=\"1021\" data-end=\"1089\">Compat\u00edvel com placas Arca-Swiss e acess\u00f3rios para montagem r\u00e1pida<\/p>\n<\/li>\n<li data-start=\"1090\" data-end=\"1138\">\n<p data-start=\"1092\" data-end=\"1138\">Inclui <strong data-start=\"1101\" data-end=\"1119\">al\u00e7a de ombro<\/strong> para transporte f\u00e1cil<\/p>\n<\/li>\n<\/ul>\n<p data-start=\"1140\" data-end=\"1307\">Este saco \u00e9 perfeito para planos de \u00e2ngulo baixo, configura\u00e7\u00f5es m\u00f3veis ou espa\u00e7os apertados. \u00c9 uma alternativa pr\u00e1tica a rigs de c\u00e2mara volumosos ou sistemas de sela caros como o CineSaddle.<\/p>\n<p data-start=\"1309\" data-end=\"1363\">Ideal para c\u00e2maras DSLR, mirrorless ou c\u00e2maras de cinema compactas.<\/p>\n","protected":false},"excerpt":{"rendered":"<p>O SteadyBag SB-1 3lb Model I da Visual Departures \u00e9 um suporte de c\u00e2mara compacto e vers\u00e1til, concebido para ambientes de filmagem r\u00e1pidos onde o uso de trip\u00e9s \u00e9 impratic\u00e1vel. Preenchido com esferas de polipropileno personalizadas e revestido em nylon bal\u00edstico robusto, o SB-1 molda-se a superf\u00edcies irregulares e proporciona um posicionamento est\u00e1vel da c\u00e2mara [&hellip;]<\/p>\n","protected":false},"featured_media":17855,"template":"","meta":[],"product_brand":[],"product_cat":[805862,805878],"product_tag":[],"class_list":{"0":"post-17854","1":"product","2":"type-product","3":"status-publish","4":"has-post-thumbnail","6":"product_cat-acessorios-de-camara","7":"product_cat-tripes-e-rigs","9":"first","10":"instock","11":"taxable","12":"shipping-taxable","13":"purchasable","14":"product-type-simple"},"yoast_head":"<!-- This site is optimized with the Yoast SEO Premium plugin v27.4 (Yoast SEO v27.5) - https:\/\/yoast.com\/product\/yoast-seo-premium-wordpress\/ -->\n<title>SteadyBag SB-1 3lb Model I | Comuna Studios &amp; Equipment Rental<\/title>\n<meta name=\"description\" content=\"Alugue o SteadyBag SB-1 na Comuna Studios &amp; Equipment Rental Lisboa. Suporte de c\u00e2mara vers\u00e1til e compacto, ideal para superf\u00edcies irregulares e filmagens r\u00e1pidas.\" \/>\n<meta name=\"robots\" content=\"index, follow, max-snippet:-1, max-image-preview:large, max-video-preview:-1\" \/>\n<link rel=\"canonical\" href=\"https:\/\/comuna.pt\/pt-pt\/product\/steadybag-sb-1-3lb-model-i\/\" \/>\n<meta property=\"og:locale\" content=\"pt_PT\" \/>\n<meta property=\"og:type\" content=\"article\" \/>\n<meta property=\"og:title\" content=\"SteadyBag SB-1 3lb Model I\" \/>\n<meta property=\"og:description\" content=\"Alugue o SteadyBag SB-1 na Comuna Studios &amp; Equipment Rental Lisboa. Suporte de c\u00e2mara vers\u00e1til e compacto, ideal para superf\u00edcies irregulares e filmagens r\u00e1pidas.\" \/>\n<meta property=\"og:url\" content=\"https:\/\/comuna.pt\/pt-pt\/product\/steadybag-sb-1-3lb-model-i\/\" \/>\n<meta property=\"og:site_name\" content=\"Comuna Studios &amp; Equipment Rental\" \/>\n<meta property=\"article:publisher\" content=\"http:\/\/facebook.com\/comuna.rental\" \/>\n<meta property=\"article:modified_time\" content=\"2026-01-29T16:34:49+00:00\" \/>\n<meta property=\"og:image\" content=\"https:\/\/comuna.pt\/wp-content\/uploads\/2025\/06\/41cSFPrPKzL._AC_.jpg\" \/>\n\t<meta property=\"og:image:width\" content=\"417\" \/>\n\t<meta property=\"og:image:height\" content=\"371\" \/>\n\t<meta property=\"og:image:type\" content=\"image\/jpeg\" \/>\n<meta name=\"twitter:card\" content=\"summary_large_image\" \/>\n<meta name=\"twitter:label1\" content=\"pre\u00e7o\" \/>\n\t<meta name=\"twitter:data1\" content=\"&euro;15,00 + 23% VAT\" \/>\n\t<meta name=\"twitter:label2\" content=\"Disponibilidade\" \/>\n\t<meta name=\"twitter:data2\" content=\"Em stock\" \/>\n<script type=\"application\/ld+json\" class=\"yoast-schema-graph\">{\"@context\":\"https:\\\/\\\/schema.org\",\"@graph\":[{\"@type\":[\"WebPage\",\"ItemPage\"],\"@id\":\"https:\\\/\\\/comuna.pt\\\/pt-pt\\\/product\\\/steadybag-sb-1-3lb-model-i\\\/\",\"url\":\"https:\\\/\\\/comuna.pt\\\/pt-pt\\\/product\\\/steadybag-sb-1-3lb-model-i\\\/\",\"name\":\"SteadyBag SB-1 3lb Model I | Comuna Studios &amp; Equipment Rental\",\"isPartOf\":{\"@id\":\"https:\\\/\\\/comuna.pt\\\/pt-pt\\\/#website\"},\"primaryImageOfPage\":{\"@id\":\"https:\\\/\\\/comuna.pt\\\/pt-pt\\\/product\\\/steadybag-sb-1-3lb-model-i\\\/#primaryimage\"},\"image\":{\"@id\":\"https:\\\/\\\/comuna.pt\\\/pt-pt\\\/product\\\/steadybag-sb-1-3lb-model-i\\\/#primaryimage\"},\"thumbnailUrl\":\"https:\\\/\\\/comuna.pt\\\/wp-content\\\/uploads\\\/2025\\\/06\\\/41cSFPrPKzL._AC_.jpg\",\"datePublished\":\"2025-06-24T12:56:05+00:00\",\"dateModified\":\"2026-01-29T16:34:49+00:00\",\"description\":\"Alugue o SteadyBag SB-1 na Comuna Studios &amp; Equipment Rental Lisboa. Suporte de c\u00e2mara vers\u00e1til e compacto, ideal para superf\u00edcies irregulares e filmagens r\u00e1pidas.\",\"breadcrumb\":{\"@id\":\"https:\\\/\\\/comuna.pt\\\/pt-pt\\\/product\\\/steadybag-sb-1-3lb-model-i\\\/#breadcrumb\"},\"inLanguage\":\"pt-PT\",\"potentialAction\":[{\"@type\":\"ReadAction\",\"target\":[\"https:\\\/\\\/comuna.pt\\\/pt-pt\\\/product\\\/steadybag-sb-1-3lb-model-i\\\/\"]}]},{\"@type\":\"ImageObject\",\"inLanguage\":\"pt-PT\",\"@id\":\"https:\\\/\\\/comuna.pt\\\/pt-pt\\\/product\\\/steadybag-sb-1-3lb-model-i\\\/#primaryimage\",\"url\":\"https:\\\/\\\/comuna.pt\\\/wp-content\\\/uploads\\\/2025\\\/06\\\/41cSFPrPKzL._AC_.jpg\",\"contentUrl\":\"https:\\\/\\\/comuna.pt\\\/wp-content\\\/uploads\\\/2025\\\/06\\\/41cSFPrPKzL._AC_.jpg\",\"width\":417,\"height\":371},{\"@type\":\"BreadcrumbList\",\"@id\":\"https:\\\/\\\/comuna.pt\\\/pt-pt\\\/product\\\/steadybag-sb-1-3lb-model-i\\\/#breadcrumb\",\"itemListElement\":[{\"@type\":\"ListItem\",\"position\":1,\"name\":\"Home\",\"item\":\"https:\\\/\\\/comuna.pt\\\/pt-pt\\\/\"},{\"@type\":\"ListItem\",\"position\":2,\"name\":\"Produtos\"},{\"@type\":\"ListItem\",\"position\":3,\"name\":\"Acess\u00f3rios de C\u00e2mara\",\"item\":\"https:\\\/\\\/comuna.pt\\\/pt-pt\\\/Categoria\\\/acessorios-de-camara\\\/\"},{\"@type\":\"ListItem\",\"position\":4,\"name\":\"SteadyBag SB-1 3lb Model I\"}]},{\"@type\":\"WebSite\",\"@id\":\"https:\\\/\\\/comuna.pt\\\/pt-pt\\\/#website\",\"url\":\"https:\\\/\\\/comuna.pt\\\/pt-pt\\\/\",\"name\":\"Comuna Rental House\",\"description\":\"Photo studios, Podcast &amp; Equipment Rental\",\"publisher\":{\"@id\":\"https:\\\/\\\/comuna.pt\\\/pt-pt\\\/#organization\"},\"alternateName\":\"Comuna Filmmaking Equipment Rental\",\"potentialAction\":[{\"@type\":\"SearchAction\",\"target\":{\"@type\":\"EntryPoint\",\"urlTemplate\":\"https:\\\/\\\/comuna.pt\\\/pt-pt\\\/?s={search_term_string}\"},\"query-input\":{\"@type\":\"PropertyValueSpecification\",\"valueRequired\":true,\"valueName\":\"search_term_string\"}}],\"inLanguage\":\"pt-PT\"},{\"@type\":\"Organization\",\"@id\":\"https:\\\/\\\/comuna.pt\\\/pt-pt\\\/#organization\",\"name\":\"Comuna Rental House\",\"url\":\"https:\\\/\\\/comuna.pt\\\/pt-pt\\\/\",\"logo\":{\"@type\":\"ImageObject\",\"inLanguage\":\"pt-PT\",\"@id\":\"https:\\\/\\\/comuna.pt\\\/pt-pt\\\/#\\\/schema\\\/logo\\\/image\\\/\",\"url\":\"https:\\\/\\\/comuna.pt\\\/wp-content\\\/uploads\\\/2024\\\/03\\\/comuna_logo_website.png\",\"contentUrl\":\"https:\\\/\\\/comuna.pt\\\/wp-content\\\/uploads\\\/2024\\\/03\\\/comuna_logo_website.png\",\"width\":2000,\"height\":262,\"caption\":\"Comuna Rental House\"},\"image\":{\"@id\":\"https:\\\/\\\/comuna.pt\\\/pt-pt\\\/#\\\/schema\\\/logo\\\/image\\\/\"},\"sameAs\":[\"http:\\\/\\\/facebook.com\\\/comuna.rental\",\"https:\\\/\\\/www.instagram.com\\\/comuna_rental\",\"https:\\\/\\\/www.linkedin.com\\\/company\\\/96410498\"]}]}<\/script>\n<meta property=\"product:price:amount\" content=\"15.00\" \/>\n<meta property=\"product:price:currency\" content=\"EUR\" \/>\n<meta property=\"og:availability\" content=\"instock\" \/>\n<meta property=\"product:availability\" content=\"instock\" \/>\n<meta property=\"product:condition\" content=\"new\" \/>\n<!-- \/ Yoast SEO Premium plugin. -->","yoast_head_json":{"title":"SteadyBag SB-1 3lb Model I | Comuna Studios &amp; Equipment Rental","description":"Alugue o SteadyBag SB-1 na Comuna Studios &amp; Equipment Rental Lisboa. Suporte de c\u00e2mara vers\u00e1til e compacto, ideal para superf\u00edcies irregulares e filmagens r\u00e1pidas.","robots":{"index":"index","follow":"follow","max-snippet":"max-snippet:-1","max-image-preview":"max-image-preview:large","max-video-preview":"max-video-preview:-1"},"canonical":"https:\/\/comuna.pt\/pt-pt\/product\/steadybag-sb-1-3lb-model-i\/","og_locale":"pt_PT","og_type":"article","og_title":"SteadyBag SB-1 3lb Model I","og_description":"Alugue o SteadyBag SB-1 na Comuna Studios &amp; Equipment Rental Lisboa. Suporte de c\u00e2mara vers\u00e1til e compacto, ideal para superf\u00edcies irregulares e filmagens r\u00e1pidas.","og_url":"https:\/\/comuna.pt\/pt-pt\/product\/steadybag-sb-1-3lb-model-i\/","og_site_name":"Comuna Studios &amp; Equipment Rental","article_publisher":"http:\/\/facebook.com\/comuna.rental","article_modified_time":"2026-01-29T16:34:49+00:00","og_image":[{"width":417,"height":371,"url":"https:\/\/comuna.pt\/wp-content\/uploads\/2025\/06\/41cSFPrPKzL._AC_.jpg","type":"image\/jpeg"}],"twitter_card":"summary_large_image","twitter_misc":{"pre\u00e7o":"&euro;15,00 + 23% VAT","Disponibilidade":"Em stock"},"schema":{"@context":"https:\/\/schema.org","@graph":[{"@type":["WebPage","ItemPage"],"@id":"https:\/\/comuna.pt\/pt-pt\/product\/steadybag-sb-1-3lb-model-i\/","url":"https:\/\/comuna.pt\/pt-pt\/product\/steadybag-sb-1-3lb-model-i\/","name":"SteadyBag SB-1 3lb Model I | Comuna Studios &amp; Equipment Rental","isPartOf":{"@id":"https:\/\/comuna.pt\/pt-pt\/#website"},"primaryImageOfPage":{"@id":"https:\/\/comuna.pt\/pt-pt\/product\/steadybag-sb-1-3lb-model-i\/#primaryimage"},"image":{"@id":"https:\/\/comuna.pt\/pt-pt\/product\/steadybag-sb-1-3lb-model-i\/#primaryimage"},"thumbnailUrl":"https:\/\/comuna.pt\/wp-content\/uploads\/2025\/06\/41cSFPrPKzL._AC_.jpg","datePublished":"2025-06-24T12:56:05+00:00","dateModified":"2026-01-29T16:34:49+00:00","description":"Alugue o SteadyBag SB-1 na Comuna Studios &amp; Equipment Rental Lisboa. Suporte de c\u00e2mara vers\u00e1til e compacto, ideal para superf\u00edcies irregulares e filmagens r\u00e1pidas.","breadcrumb":{"@id":"https:\/\/comuna.pt\/pt-pt\/product\/steadybag-sb-1-3lb-model-i\/#breadcrumb"},"inLanguage":"pt-PT","potentialAction":[{"@type":"ReadAction","target":["https:\/\/comuna.pt\/pt-pt\/product\/steadybag-sb-1-3lb-model-i\/"]}]},{"@type":"ImageObject","inLanguage":"pt-PT","@id":"https:\/\/comuna.pt\/pt-pt\/product\/steadybag-sb-1-3lb-model-i\/#primaryimage","url":"https:\/\/comuna.pt\/wp-content\/uploads\/2025\/06\/41cSFPrPKzL._AC_.jpg","contentUrl":"https:\/\/comuna.pt\/wp-content\/uploads\/2025\/06\/41cSFPrPKzL._AC_.jpg","width":417,"height":371},{"@type":"BreadcrumbList","@id":"https:\/\/comuna.pt\/pt-pt\/product\/steadybag-sb-1-3lb-model-i\/#breadcrumb","itemListElement":[{"@type":"ListItem","position":1,"name":"Home","item":"https:\/\/comuna.pt\/pt-pt\/"},{"@type":"ListItem","position":2,"name":"Produtos"},{"@type":"ListItem","position":3,"name":"Acess\u00f3rios de C\u00e2mara","item":"https:\/\/comuna.pt\/pt-pt\/Categoria\/acessorios-de-camara\/"},{"@type":"ListItem","position":4,"name":"SteadyBag SB-1 3lb Model I"}]},{"@type":"WebSite","@id":"https:\/\/comuna.pt\/pt-pt\/#website","url":"https:\/\/comuna.pt\/pt-pt\/","name":"Comuna Rental House","description":"Photo studios, Podcast &amp; Equipment Rental","publisher":{"@id":"https:\/\/comuna.pt\/pt-pt\/#organization"},"alternateName":"Comuna Filmmaking Equipment Rental","potentialAction":[{"@type":"SearchAction","target":{"@type":"EntryPoint","urlTemplate":"https:\/\/comuna.pt\/pt-pt\/?s={search_term_string}"},"query-input":{"@type":"PropertyValueSpecification","valueRequired":true,"valueName":"search_term_string"}}],"inLanguage":"pt-PT"},{"@type":"Organization","@id":"https:\/\/comuna.pt\/pt-pt\/#organization","name":"Comuna Rental House","url":"https:\/\/comuna.pt\/pt-pt\/","logo":{"@type":"ImageObject","inLanguage":"pt-PT","@id":"https:\/\/comuna.pt\/pt-pt\/#\/schema\/logo\/image\/","url":"https:\/\/comuna.pt\/wp-content\/uploads\/2024\/03\/comuna_logo_website.png","contentUrl":"https:\/\/comuna.pt\/wp-content\/uploads\/2024\/03\/comuna_logo_website.png","width":2000,"height":262,"caption":"Comuna Rental House"},"image":{"@id":"https:\/\/comuna.pt\/pt-pt\/#\/schema\/logo\/image\/"},"sameAs":["http:\/\/facebook.com\/comuna.rental","https:\/\/www.instagram.com\/comuna_rental","https:\/\/www.linkedin.com\/company\/96410498"]}]},"product_price_amount":"15.00","product_price_currency":"EUR","og_availability":"instock","product_availability":"instock","product_condition":"new"},"_links":{"self":[{"href":"https:\/\/comuna.pt\/pt-pt\/wp-json\/wp\/v2\/product\/17854","targetHints":{"allow":["GET"]}}],"collection":[{"href":"https:\/\/comuna.pt\/pt-pt\/wp-json\/wp\/v2\/product"}],"about":[{"href":"https:\/\/comuna.pt\/pt-pt\/wp-json\/wp\/v2\/types\/product"}],"version-history":[{"count":1,"href":"https:\/\/comuna.pt\/pt-pt\/wp-json\/wp\/v2\/product\/17854\/revisions"}],"predecessor-version":[{"id":17858,"href":"https:\/\/comuna.pt\/pt-pt\/wp-json\/wp\/v2\/product\/17854\/revisions\/17858"}],"wp:featuredmedia":[{"embeddable":true,"href":"https:\/\/comuna.pt\/pt-pt\/wp-json\/wp\/v2\/media\/17855"}],"wp:attachment":[{"href":"https:\/\/comuna.pt\/pt-pt\/wp-json\/wp\/v2\/media?parent=17854"}],"wp:term":[{"taxonomy":"product_brand","embeddable":true,"href":"https:\/\/comuna.pt\/pt-pt\/wp-json\/wp\/v2\/product_brand?post=17854"},{"taxonomy":"product_cat","embeddable":true,"href":"https:\/\/comuna.pt\/pt-pt\/wp-json\/wp\/v2\/product_cat?post=17854"},{"taxonomy":"product_tag","embeddable":true,"href":"https:\/\/comuna.pt\/pt-pt\/wp-json\/wp\/v2\/product_tag?post=17854"}],"curies":[{"name":"wp","href":"https:\/\/api.w.org\/{rel}","templated":true}]}}