{"id":17767,"date":"2025-07-22T16:19:55","date_gmt":"2025-07-22T15:19:55","guid":{"rendered":"https:\/\/comuna.pt\/product\/canon-eos-c400-6k-canon-rf\/"},"modified":"2025-07-22T16:19:55","modified_gmt":"2025-07-22T15:19:55","slug":"canon-eos-c400-6k-canon-rf","status":"publish","type":"product","link":"https:\/\/comuna.pt\/pt-pt\/product\/canon-eos-c400-6k-canon-rf\/","title":{"rendered":"Canon EOS C400 6K (Canon RF)"},"content":{"rendered":"<p data-start=\"613\" data-end=\"923\">Com grava\u00e7\u00e3o interna em 6K RAW, filtros ND eletr\u00f3nicos integrados (10 stops) e o sistema <strong data-start=\"717\" data-end=\"742\">Dual Pixel CMOS AF II<\/strong> l\u00edder da ind\u00fastria, a <a href=\"https:\/\/www.canon.pt\/cameras\/eos-c400\/\">Canon EOS C400<\/a> torna os fluxos de trabalho de produ\u00e7\u00f5es high-end mais r\u00e1pidos e eficientes. \u00c9 a ferramenta ideal para publicidade, document\u00e1rios de alto n\u00edvel, cinema de fic\u00e7\u00e3o, videoclipes e trabalho em est\u00fadio.<\/p>\n<p data-start=\"925\" data-end=\"1180\">Quer esteja a trabalhar com objetivas Canon RF ou a adaptar \u00f3ticas EF ou <a href=\"https:\/\/www.reddit.com\/r\/cinematography\/comments\/501a65\/why_choose_pl_mount_over_ef_mount_if_ef_mount_is\/\">PL<\/a>, as op\u00e7\u00f5es de bocal vers\u00e1teis e a conetividade robusta da C400 (incluindo 12G-SDI, HDMI, XLR, Ethernet e I\/O de timecode) fazem dela a pe\u00e7a central fi\u00e1vel para qualquer ambiente de produ\u00e7\u00e3o.<\/p>\n<h5 data-start=\"1182\" data-end=\"1204\">Caracter\u00edsticas Principais:<\/h5>\n<ul data-start=\"1205\" data-end=\"1589\">\n<li data-start=\"1205\" data-end=\"1249\">\n<p data-start=\"1207\" data-end=\"1249\"><strong data-start=\"1207\" data-end=\"1235\">Sensor BSI Full-Frame 6K<\/strong> (at\u00e9 60fps)<\/p>\n<\/li>\n<li data-start=\"1250\" data-end=\"1299\">\n<p data-start=\"1252\" data-end=\"1299\"><strong data-start=\"1252\" data-end=\"1289\">Grava\u00e7\u00e3o interna Canon RAW Light e XF-AVC<\/strong><\/p>\n<\/li>\n<li data-start=\"1300\" data-end=\"1349\">\n<p data-start=\"1302\" data-end=\"1349\"><strong data-start=\"1302\" data-end=\"1327\">Dual Pixel CMOS AF II<\/strong> com seguimento de temas (tracking)<\/p>\n<\/li>\n<li data-start=\"1350\" data-end=\"1393\">\n<p data-start=\"1352\" data-end=\"1393\"><strong data-start=\"1352\" data-end=\"1393\">Filtro ND eletr\u00f3nico integrado de 10 stops<\/strong><\/p>\n<\/li>\n<li data-start=\"1394\" data-end=\"1450\">\n<p data-start=\"1396\" data-end=\"1450\"><strong data-start=\"1396\" data-end=\"1419\">Bocal de lentes Canon RF<\/strong> (com adaptadores EF\/PL opcionais)<\/p>\n<\/li>\n<li data-start=\"1451\" data-end=\"1488\">\n<p data-start=\"1453\" data-end=\"1488\"><strong data-start=\"1453\" data-end=\"1488\">Grava\u00e7\u00e3o interna de ProRes Proxy<\/strong><\/p>\n<\/li>\n<li data-start=\"1489\" data-end=\"1537\">\n<p data-start=\"1491\" data-end=\"1537\"><strong data-start=\"1491\" data-end=\"1537\">Timecode, 12G-SDI, HDMI, Genlock, Ethernet<\/strong><\/p>\n<\/li>\n<li data-start=\"1538\" data-end=\"1589\">\n<p data-start=\"1540\" data-end=\"1589\"><strong data-start=\"1540\" data-end=\"1589\">Design compacto com op\u00e7\u00f5es de expans\u00e3o modular<\/strong><\/p>\n<\/li>\n<\/ul>\n<h4 data-start=\"1591\" data-end=\"1608\">Perfeita para:<\/h4>\n<ul data-start=\"1609\" data-end=\"1724\">\n<li data-start=\"1609\" data-end=\"1638\">\n<p data-start=\"1611\" data-end=\"1638\">Fic\u00e7\u00e3o e longas-metragens<\/p>\n<\/li>\n<li data-start=\"1639\" data-end=\"1671\">\n<p data-start=\"1641\" data-end=\"1671\">Publicidade e conte\u00fado de marca<\/p>\n<\/li>\n<li data-start=\"1672\" data-end=\"1696\">\n<p data-start=\"1674\" data-end=\"1696\">Document\u00e1rios de alto n\u00edvel<\/p>\n<\/li>\n<li data-start=\"1697\" data-end=\"1724\">\n<p data-start=\"1699\" data-end=\"1724\">Eventos ao vivo e broadcast<\/p>\n<\/li>\n<\/ul>\n<p data-start=\"1726\" data-end=\"1879\">Alugue hoje a <strong data-start=\"1735\" data-end=\"1749\">Canon C400<\/strong> e eleve a sua produ\u00e7\u00e3o ao pr\u00f3ximo n\u00edvel com uma performance cinematogr\u00e1fica full-frame inigual\u00e1vel e a fiabilidade reconhecida da Canon.<\/p>\n","protected":false},"excerpt":{"rendered":"<p class=\"ai-optimize-31 ai-optimize-introduction\" data-start=\"251\" data-end=\"611\">A <strong data-start=\"255\" data-end=\"273\">Canon EOS C400<\/strong> \u00e9 uma c\u00e2mara de cinema full-frame 6K de refer\u00eancia, constru\u00edda para cineastas profissionais que exigem o m\u00e1ximo em qualidade de imagem, flexibilidade e facilidade de uso. Desenhada em torno do potente bocal RF da Canon e apresentando um sensor avan\u00e7ado 6K BSI (retroiluminado), esta c\u00e2mara oferece uma gama din\u00e2mica impressionante, ci\u00eancia de cor precisa e profundidade cinematogr\u00e1fica.<\/p>\n","protected":false},"featured_media":17777,"template":"","meta":[],"product_brand":[],"product_cat":[805864],"product_tag":[],"class_list":{"0":"post-17767","1":"product","2":"type-product","3":"status-publish","4":"has-post-thumbnail","6":"product_cat-camaras","8":"first","9":"instock","10":"taxable","11":"shipping-taxable","12":"purchasable","13":"product-type-simple"},"yoast_head":"<!-- This site is optimized with the Yoast SEO Premium plugin v27.4 (Yoast SEO v27.5) - https:\/\/yoast.com\/product\/yoast-seo-premium-wordpress\/ -->\n<title>Canon EOS C400 6K (Canon RF) | Comuna Studios &amp; Equipment Rental<\/title>\n<meta name=\"description\" content=\"Canon C400 \u2014 c\u00e2mara de cinema 6K full-frame com bocal RF, filtros ND internos, Dual Pixel AF e ampla gama din\u00e2mica. Alugue j\u00e1 para o seu pr\u00f3ximo projeto.\" \/>\n<meta name=\"robots\" content=\"index, follow, max-snippet:-1, max-image-preview:large, max-video-preview:-1\" \/>\n<link rel=\"canonical\" href=\"https:\/\/comuna.pt\/pt-pt\/product\/canon-eos-c400-6k-canon-rf\/\" \/>\n<meta property=\"og:locale\" content=\"pt_PT\" \/>\n<meta property=\"og:type\" content=\"article\" \/>\n<meta property=\"og:title\" content=\"Canon EOS C400 6K (Canon RF)\" \/>\n<meta property=\"og:description\" content=\"Canon C400 \u2014 c\u00e2mara de cinema 6K full-frame com bocal RF, filtros ND internos, Dual Pixel AF e ampla gama din\u00e2mica. Alugue j\u00e1 para o seu pr\u00f3ximo projeto.\" \/>\n<meta property=\"og:url\" content=\"https:\/\/comuna.pt\/pt-pt\/product\/canon-eos-c400-6k-canon-rf\/\" \/>\n<meta property=\"og:site_name\" content=\"Comuna Studios &amp; Equipment Rental\" \/>\n<meta property=\"article:publisher\" content=\"http:\/\/facebook.com\/comuna.rental\" \/>\n<meta property=\"og:image\" content=\"https:\/\/comuna.pt\/wp-content\/uploads\/2025\/07\/1717598768_1833189-1.jpg\" \/>\n\t<meta property=\"og:image:width\" content=\"500\" \/>\n\t<meta property=\"og:image:height\" content=\"500\" \/>\n\t<meta property=\"og:image:type\" content=\"image\/jpeg\" \/>\n<meta name=\"twitter:card\" content=\"summary_large_image\" \/>\n<meta name=\"twitter:label1\" content=\"pre\u00e7o\" \/>\n\t<meta name=\"twitter:data1\" content=\"&euro;235,00 + 23% VAT\" \/>\n\t<meta name=\"twitter:label2\" content=\"Disponibilidade\" \/>\n\t<meta name=\"twitter:data2\" content=\"Em stock\" \/>\n<script type=\"application\/ld+json\" class=\"yoast-schema-graph\">{\"@context\":\"https:\\\/\\\/schema.org\",\"@graph\":[{\"@type\":[\"WebPage\",\"ItemPage\"],\"@id\":\"https:\\\/\\\/comuna.pt\\\/pt-pt\\\/product\\\/canon-eos-c400-6k-canon-rf\\\/\",\"url\":\"https:\\\/\\\/comuna.pt\\\/pt-pt\\\/product\\\/canon-eos-c400-6k-canon-rf\\\/\",\"name\":\"Canon EOS C400 6K (Canon RF) | Comuna Studios &amp; Equipment Rental\",\"isPartOf\":{\"@id\":\"https:\\\/\\\/comuna.pt\\\/pt-pt\\\/#website\"},\"primaryImageOfPage\":{\"@id\":\"https:\\\/\\\/comuna.pt\\\/pt-pt\\\/product\\\/canon-eos-c400-6k-canon-rf\\\/#primaryimage\"},\"image\":{\"@id\":\"https:\\\/\\\/comuna.pt\\\/pt-pt\\\/product\\\/canon-eos-c400-6k-canon-rf\\\/#primaryimage\"},\"thumbnailUrl\":\"https:\\\/\\\/comuna.pt\\\/wp-content\\\/uploads\\\/2025\\\/07\\\/1717598768_1833189-1.jpg\",\"datePublished\":\"2025-07-22T15:19:55+00:00\",\"description\":\"Canon C400 \u2014 c\u00e2mara de cinema 6K full-frame com bocal RF, filtros ND internos, Dual Pixel AF e ampla gama din\u00e2mica. Alugue j\u00e1 para o seu pr\u00f3ximo projeto.\",\"breadcrumb\":{\"@id\":\"https:\\\/\\\/comuna.pt\\\/pt-pt\\\/product\\\/canon-eos-c400-6k-canon-rf\\\/#breadcrumb\"},\"inLanguage\":\"pt-PT\",\"potentialAction\":[{\"@type\":\"ReadAction\",\"target\":[\"https:\\\/\\\/comuna.pt\\\/pt-pt\\\/product\\\/canon-eos-c400-6k-canon-rf\\\/\"]}]},{\"@type\":\"ImageObject\",\"inLanguage\":\"pt-PT\",\"@id\":\"https:\\\/\\\/comuna.pt\\\/pt-pt\\\/product\\\/canon-eos-c400-6k-canon-rf\\\/#primaryimage\",\"url\":\"https:\\\/\\\/comuna.pt\\\/wp-content\\\/uploads\\\/2025\\\/07\\\/1717598768_1833189-1.jpg\",\"contentUrl\":\"https:\\\/\\\/comuna.pt\\\/wp-content\\\/uploads\\\/2025\\\/07\\\/1717598768_1833189-1.jpg\",\"width\":500,\"height\":500},{\"@type\":\"BreadcrumbList\",\"@id\":\"https:\\\/\\\/comuna.pt\\\/pt-pt\\\/product\\\/canon-eos-c400-6k-canon-rf\\\/#breadcrumb\",\"itemListElement\":[{\"@type\":\"ListItem\",\"position\":1,\"name\":\"Home\",\"item\":\"https:\\\/\\\/comuna.pt\\\/pt-pt\\\/\"},{\"@type\":\"ListItem\",\"position\":2,\"name\":\"Produtos\"},{\"@type\":\"ListItem\",\"position\":3,\"name\":\"C\u00e2maras\",\"item\":\"https:\\\/\\\/comuna.pt\\\/pt-pt\\\/Categoria\\\/camaras\\\/\"},{\"@type\":\"ListItem\",\"position\":4,\"name\":\"Canon EOS C400 6K (Canon RF)\"}]},{\"@type\":\"WebSite\",\"@id\":\"https:\\\/\\\/comuna.pt\\\/pt-pt\\\/#website\",\"url\":\"https:\\\/\\\/comuna.pt\\\/pt-pt\\\/\",\"name\":\"Comuna Rental House\",\"description\":\"Photo studios, Podcast &amp; Equipment Rental\",\"publisher\":{\"@id\":\"https:\\\/\\\/comuna.pt\\\/pt-pt\\\/#organization\"},\"alternateName\":\"Comuna Filmmaking Equipment Rental\",\"potentialAction\":[{\"@type\":\"SearchAction\",\"target\":{\"@type\":\"EntryPoint\",\"urlTemplate\":\"https:\\\/\\\/comuna.pt\\\/pt-pt\\\/?s={search_term_string}\"},\"query-input\":{\"@type\":\"PropertyValueSpecification\",\"valueRequired\":true,\"valueName\":\"search_term_string\"}}],\"inLanguage\":\"pt-PT\"},{\"@type\":\"Organization\",\"@id\":\"https:\\\/\\\/comuna.pt\\\/pt-pt\\\/#organization\",\"name\":\"Comuna Rental House\",\"url\":\"https:\\\/\\\/comuna.pt\\\/pt-pt\\\/\",\"logo\":{\"@type\":\"ImageObject\",\"inLanguage\":\"pt-PT\",\"@id\":\"https:\\\/\\\/comuna.pt\\\/pt-pt\\\/#\\\/schema\\\/logo\\\/image\\\/\",\"url\":\"https:\\\/\\\/comuna.pt\\\/wp-content\\\/uploads\\\/2024\\\/03\\\/comuna_logo_website.png\",\"contentUrl\":\"https:\\\/\\\/comuna.pt\\\/wp-content\\\/uploads\\\/2024\\\/03\\\/comuna_logo_website.png\",\"width\":2000,\"height\":262,\"caption\":\"Comuna Rental House\"},\"image\":{\"@id\":\"https:\\\/\\\/comuna.pt\\\/pt-pt\\\/#\\\/schema\\\/logo\\\/image\\\/\"},\"sameAs\":[\"http:\\\/\\\/facebook.com\\\/comuna.rental\",\"https:\\\/\\\/www.instagram.com\\\/comuna_rental\",\"https:\\\/\\\/www.linkedin.com\\\/company\\\/96410498\"]}]}<\/script>\n<meta property=\"product:price:amount\" content=\"235.00\" \/>\n<meta property=\"product:price:currency\" content=\"EUR\" \/>\n<meta property=\"og:availability\" content=\"instock\" \/>\n<meta property=\"product:availability\" content=\"instock\" \/>\n<meta property=\"product:condition\" content=\"new\" \/>\n<!-- \/ Yoast SEO Premium plugin. -->","yoast_head_json":{"title":"Canon EOS C400 6K (Canon RF) | Comuna Studios &amp; Equipment Rental","description":"Canon C400 \u2014 c\u00e2mara de cinema 6K full-frame com bocal RF, filtros ND internos, Dual Pixel AF e ampla gama din\u00e2mica. Alugue j\u00e1 para o seu pr\u00f3ximo projeto.","robots":{"index":"index","follow":"follow","max-snippet":"max-snippet:-1","max-image-preview":"max-image-preview:large","max-video-preview":"max-video-preview:-1"},"canonical":"https:\/\/comuna.pt\/pt-pt\/product\/canon-eos-c400-6k-canon-rf\/","og_locale":"pt_PT","og_type":"article","og_title":"Canon EOS C400 6K (Canon RF)","og_description":"Canon C400 \u2014 c\u00e2mara de cinema 6K full-frame com bocal RF, filtros ND internos, Dual Pixel AF e ampla gama din\u00e2mica. Alugue j\u00e1 para o seu pr\u00f3ximo projeto.","og_url":"https:\/\/comuna.pt\/pt-pt\/product\/canon-eos-c400-6k-canon-rf\/","og_site_name":"Comuna Studios &amp; Equipment Rental","article_publisher":"http:\/\/facebook.com\/comuna.rental","og_image":[{"width":500,"height":500,"url":"https:\/\/comuna.pt\/wp-content\/uploads\/2025\/07\/1717598768_1833189-1.jpg","type":"image\/jpeg"}],"twitter_card":"summary_large_image","twitter_misc":{"pre\u00e7o":"&euro;235,00 + 23% VAT","Disponibilidade":"Em stock"},"schema":{"@context":"https:\/\/schema.org","@graph":[{"@type":["WebPage","ItemPage"],"@id":"https:\/\/comuna.pt\/pt-pt\/product\/canon-eos-c400-6k-canon-rf\/","url":"https:\/\/comuna.pt\/pt-pt\/product\/canon-eos-c400-6k-canon-rf\/","name":"Canon EOS C400 6K (Canon RF) | Comuna Studios &amp; Equipment Rental","isPartOf":{"@id":"https:\/\/comuna.pt\/pt-pt\/#website"},"primaryImageOfPage":{"@id":"https:\/\/comuna.pt\/pt-pt\/product\/canon-eos-c400-6k-canon-rf\/#primaryimage"},"image":{"@id":"https:\/\/comuna.pt\/pt-pt\/product\/canon-eos-c400-6k-canon-rf\/#primaryimage"},"thumbnailUrl":"https:\/\/comuna.pt\/wp-content\/uploads\/2025\/07\/1717598768_1833189-1.jpg","datePublished":"2025-07-22T15:19:55+00:00","description":"Canon C400 \u2014 c\u00e2mara de cinema 6K full-frame com bocal RF, filtros ND internos, Dual Pixel AF e ampla gama din\u00e2mica. Alugue j\u00e1 para o seu pr\u00f3ximo projeto.","breadcrumb":{"@id":"https:\/\/comuna.pt\/pt-pt\/product\/canon-eos-c400-6k-canon-rf\/#breadcrumb"},"inLanguage":"pt-PT","potentialAction":[{"@type":"ReadAction","target":["https:\/\/comuna.pt\/pt-pt\/product\/canon-eos-c400-6k-canon-rf\/"]}]},{"@type":"ImageObject","inLanguage":"pt-PT","@id":"https:\/\/comuna.pt\/pt-pt\/product\/canon-eos-c400-6k-canon-rf\/#primaryimage","url":"https:\/\/comuna.pt\/wp-content\/uploads\/2025\/07\/1717598768_1833189-1.jpg","contentUrl":"https:\/\/comuna.pt\/wp-content\/uploads\/2025\/07\/1717598768_1833189-1.jpg","width":500,"height":500},{"@type":"BreadcrumbList","@id":"https:\/\/comuna.pt\/pt-pt\/product\/canon-eos-c400-6k-canon-rf\/#breadcrumb","itemListElement":[{"@type":"ListItem","position":1,"name":"Home","item":"https:\/\/comuna.pt\/pt-pt\/"},{"@type":"ListItem","position":2,"name":"Produtos"},{"@type":"ListItem","position":3,"name":"C\u00e2maras","item":"https:\/\/comuna.pt\/pt-pt\/Categoria\/camaras\/"},{"@type":"ListItem","position":4,"name":"Canon EOS C400 6K (Canon RF)"}]},{"@type":"WebSite","@id":"https:\/\/comuna.pt\/pt-pt\/#website","url":"https:\/\/comuna.pt\/pt-pt\/","name":"Comuna Rental House","description":"Photo studios, Podcast &amp; Equipment Rental","publisher":{"@id":"https:\/\/comuna.pt\/pt-pt\/#organization"},"alternateName":"Comuna Filmmaking Equipment Rental","potentialAction":[{"@type":"SearchAction","target":{"@type":"EntryPoint","urlTemplate":"https:\/\/comuna.pt\/pt-pt\/?s={search_term_string}"},"query-input":{"@type":"PropertyValueSpecification","valueRequired":true,"valueName":"search_term_string"}}],"inLanguage":"pt-PT"},{"@type":"Organization","@id":"https:\/\/comuna.pt\/pt-pt\/#organization","name":"Comuna Rental House","url":"https:\/\/comuna.pt\/pt-pt\/","logo":{"@type":"ImageObject","inLanguage":"pt-PT","@id":"https:\/\/comuna.pt\/pt-pt\/#\/schema\/logo\/image\/","url":"https:\/\/comuna.pt\/wp-content\/uploads\/2024\/03\/comuna_logo_website.png","contentUrl":"https:\/\/comuna.pt\/wp-content\/uploads\/2024\/03\/comuna_logo_website.png","width":2000,"height":262,"caption":"Comuna Rental House"},"image":{"@id":"https:\/\/comuna.pt\/pt-pt\/#\/schema\/logo\/image\/"},"sameAs":["http:\/\/facebook.com\/comuna.rental","https:\/\/www.instagram.com\/comuna_rental","https:\/\/www.linkedin.com\/company\/96410498"]}]},"product_price_amount":"235.00","product_price_currency":"EUR","og_availability":"instock","product_availability":"instock","product_condition":"new"},"_links":{"self":[{"href":"https:\/\/comuna.pt\/pt-pt\/wp-json\/wp\/v2\/product\/17767","targetHints":{"allow":["GET"]}}],"collection":[{"href":"https:\/\/comuna.pt\/pt-pt\/wp-json\/wp\/v2\/product"}],"about":[{"href":"https:\/\/comuna.pt\/pt-pt\/wp-json\/wp\/v2\/types\/product"}],"version-history":[{"count":0,"href":"https:\/\/comuna.pt\/pt-pt\/wp-json\/wp\/v2\/product\/17767\/revisions"}],"wp:featuredmedia":[{"embeddable":true,"href":"https:\/\/comuna.pt\/pt-pt\/wp-json\/wp\/v2\/media\/17777"}],"wp:attachment":[{"href":"https:\/\/comuna.pt\/pt-pt\/wp-json\/wp\/v2\/media?parent=17767"}],"wp:term":[{"taxonomy":"product_brand","embeddable":true,"href":"https:\/\/comuna.pt\/pt-pt\/wp-json\/wp\/v2\/product_brand?post=17767"},{"taxonomy":"product_cat","embeddable":true,"href":"https:\/\/comuna.pt\/pt-pt\/wp-json\/wp\/v2\/product_cat?post=17767"},{"taxonomy":"product_tag","embeddable":true,"href":"https:\/\/comuna.pt\/pt-pt\/wp-json\/wp\/v2\/product_tag?post=17767"}],"curies":[{"name":"wp","href":"https:\/\/api.w.org\/{rel}","templated":true}]}}