{"id":17727,"date":"2025-07-28T11:54:15","date_gmt":"2025-07-28T10:54:15","guid":{"rendered":"https:\/\/comuna.pt\/product\/arri-ultra-prime-20mm-t1-9\/"},"modified":"2025-07-28T11:54:15","modified_gmt":"2025-07-28T10:54:15","slug":"arri-ultra-prime-20mm-t1-9","status":"publish","type":"product","link":"https:\/\/comuna.pt\/pt-pt\/product\/arri-ultra-prime-20mm-t1-9\/","title":{"rendered":"ARRI Ultra Prime 20mm T1.9"},"content":{"rendered":"<h3 data-start=\"308\" data-end=\"370\">ARRI Ultra Prime 20mm T1.9 \u2013 Objetiva de Cinema Grande Angular PL Mount<\/h3>\n<p>A <strong data-start=\"376\" data-end=\"406\">ARRI Ultra Prime 20mm T1.9<\/strong> \u00e9 uma objetiva de cinema grande angular de alta qualidade, concebida pela ARRI e pela <a href=\"https:\/\/www.zeiss.com\">Zeiss<\/a> para cinematografia profissional. Oferecendo imagens n\u00edtidas, com distor\u00e7\u00e3o controlada e uma perspetiva natural, a Ultra Prime de 20mm \u00e9 ideal para planos de conjunto (establishing shots), trabalho handheld, gimbals e localiza\u00e7\u00f5es interiores onde o espa\u00e7o \u00e9 limitado.<\/p>\n<p data-start=\"701\" data-end=\"972\">Com uma abertura luminosa de <strong data-start=\"715\" data-end=\"732\">T1.9<\/strong>, a lente tem um excelente desempenho em condi\u00e7\u00f5es de pouca luz e proporciona um bokeh suave e cinematogr\u00e1fico. O seu <strong data-start=\"812\" data-end=\"824\">bocal PL<\/strong> garante compatibilidade com todas as c\u00e2maras de cinema padr\u00e3o do setor, como a <a href=\"https:\/\/www.arri.com\/en\/camera-systems\/cameras\/legacy-camera-systems\/alexa-mini\">ARRI Alexa Mini<\/a>, RED Komodo\/V-Raptor, Sony VENICE e s\u00e9ries Canon C300\/C500.<\/p>\n<p data-start=\"974\" data-end=\"1153\">Como todas as Ultra Primes, possui <strong data-start=\"1009\" data-end=\"1043\">300\u00b0 de rota\u00e7\u00e3o de foco precisa<\/strong>, posi\u00e7\u00f5es de engrenagem id\u00eanticas em toda a gama e reprodu\u00e7\u00e3o de cores consistente \u2014 perfeita para setups com v\u00e1rias objetivas.<\/p>\n<h4 data-start=\"1155\" data-end=\"1176\">Caracter\u00edsticas Principais:<\/h4>\n<ul data-start=\"1177\" data-end=\"1663\">\n<li data-start=\"1177\" data-end=\"1250\">\n<p data-start=\"1179\" data-end=\"1250\"><strong data-start=\"1179\" data-end=\"1200\">Dist\u00e2ncia focal de 20mm<\/strong> \u2013 campo de vis\u00e3o amplo sem distor\u00e7\u00e3o extrema<\/p>\n<\/li>\n<li data-start=\"1251\" data-end=\"1327\">\n<p data-start=\"1253\" data-end=\"1327\"><strong data-start=\"1253\" data-end=\"1278\">Abertura m\u00e1xima T1.9<\/strong> \u2013 excelente para baixa luminosidade e profundidade de campo reduzida<\/p>\n<\/li>\n<li data-start=\"1328\" data-end=\"1404\">\n<p data-start=\"1330\" data-end=\"1404\"><strong data-start=\"1330\" data-end=\"1351\">\u00d3tica Zeiss\/ARRI<\/strong> \u2013 renderiza\u00e7\u00e3o n\u00edtida e neutra com excelente contraste<\/p>\n<\/li>\n<li data-start=\"1405\" data-end=\"1460\">\n<p data-start=\"1407\" data-end=\"1460\"><strong data-start=\"1407\" data-end=\"1419\">Bocal PL<\/strong> \u2013 padr\u00e3o para uso profissional em cinema<\/p>\n<\/li>\n<li data-start=\"1461\" data-end=\"1525\">\n<p data-start=\"1463\" data-end=\"1525\"><strong data-start=\"1463\" data-end=\"1486\">Rota\u00e7\u00e3o de foco de 300\u00b0<\/strong> \u2013 para pulls de foco precisos e suaves<\/p>\n<\/li>\n<li data-start=\"1526\" data-end=\"1601\">\n<p data-start=\"1528\" data-end=\"1601\"><strong data-start=\"1528\" data-end=\"1555\">Leve e compacta<\/strong> \u2013 ideal para rigs handheld, gimbal ou drones<\/p>\n<\/li>\n<li data-start=\"1602\" data-end=\"1663\">\n<p data-start=\"1604\" data-end=\"1663\"><strong data-start=\"1604\" data-end=\"1640\">Di\u00e2metro frontal padr\u00e3o de 95mm<\/strong> \u2013 compat\u00edvel com matte box<\/p>\n<\/li>\n<\/ul>\n<p data-start=\"1665\" data-end=\"1815\">A <strong data-start=\"1669\" data-end=\"1694\">ARRI 20mm Ultra Prime<\/strong> oferece a flexibilidade grande angular necess\u00e1ria para diretores de fotografia, com a performance \u00f3tica e manuseamento que os profissionais esperam.<\/p>\n","protected":false},"excerpt":{"rendered":"<p>ARRI Ultra Prime 20mm T1.9 \u2013 Objetiva de Cinema Grande Angular PL Mount A ARRI Ultra Prime 20mm T1.9 \u00e9 uma objetiva de cinema grande angular de alta qualidade, concebida pela ARRI e pela Zeiss para cinematografia profissional. Oferecendo imagens n\u00edtidas, com distor\u00e7\u00e3o controlada e uma perspetiva natural, a Ultra Prime de 20mm \u00e9 ideal [&hellip;]<\/p>\n","protected":false},"featured_media":17731,"template":"","meta":[],"product_brand":[],"product_cat":[805879],"product_tag":[],"class_list":{"0":"post-17727","1":"product","2":"type-product","3":"status-publish","4":"has-post-thumbnail","6":"product_cat-objetivas","8":"first","9":"instock","10":"taxable","11":"shipping-taxable","12":"purchasable","13":"product-type-simple"},"yoast_head":"<!-- This site is optimized with the Yoast SEO Premium plugin v27.4 (Yoast SEO v27.5) - https:\/\/yoast.com\/product\/yoast-seo-premium-wordpress\/ -->\n<title>ARRI Ultra Prime 20mm T1.9 | Comuna Studios &amp; Equipment Rental<\/title>\n<meta name=\"description\" content=\"Alugue a ARRI Ultra Prime 20mm T1.9 \u2014 objetiva de cinema grande angular PL com \u00f3tica Zeiss n\u00edtida, controlo de foco fluido e abertura T1.9 para baixa luz.\" \/>\n<meta name=\"robots\" content=\"index, follow, max-snippet:-1, max-image-preview:large, max-video-preview:-1\" \/>\n<link rel=\"canonical\" href=\"https:\/\/comuna.pt\/pt-pt\/product\/arri-ultra-prime-20mm-t1-9\/\" \/>\n<meta property=\"og:locale\" content=\"pt_PT\" \/>\n<meta property=\"og:type\" content=\"article\" \/>\n<meta property=\"og:title\" content=\"ARRI Ultra Prime 20mm T1.9\" \/>\n<meta property=\"og:description\" content=\"Alugue a ARRI Ultra Prime 20mm T1.9 \u2014 objetiva de cinema grande angular PL com \u00f3tica Zeiss n\u00edtida, controlo de foco fluido e abertura T1.9 para baixa luz.\" \/>\n<meta property=\"og:url\" content=\"https:\/\/comuna.pt\/pt-pt\/product\/arri-ultra-prime-20mm-t1-9\/\" \/>\n<meta property=\"og:site_name\" content=\"Comuna Studios &amp; Equipment Rental\" \/>\n<meta property=\"article:publisher\" content=\"http:\/\/facebook.com\/comuna.rental\" \/>\n<meta property=\"og:image\" content=\"https:\/\/comuna.pt\/wp-content\/uploads\/2025\/07\/1509107099_1287796-1.jpg\" \/>\n\t<meta property=\"og:image:width\" content=\"455\" \/>\n\t<meta property=\"og:image:height\" content=\"500\" \/>\n\t<meta property=\"og:image:type\" content=\"image\/jpeg\" \/>\n<meta name=\"twitter:card\" content=\"summary_large_image\" \/>\n<meta name=\"twitter:label1\" content=\"pre\u00e7o\" \/>\n\t<meta name=\"twitter:data1\" content=\"&euro;85,00 + 23% VAT\" \/>\n\t<meta name=\"twitter:label2\" content=\"Disponibilidade\" \/>\n\t<meta name=\"twitter:data2\" content=\"Em stock\" \/>\n<script type=\"application\/ld+json\" class=\"yoast-schema-graph\">{\"@context\":\"https:\\\/\\\/schema.org\",\"@graph\":[{\"@type\":[\"WebPage\",\"ItemPage\"],\"@id\":\"https:\\\/\\\/comuna.pt\\\/pt-pt\\\/product\\\/arri-ultra-prime-20mm-t1-9\\\/\",\"url\":\"https:\\\/\\\/comuna.pt\\\/pt-pt\\\/product\\\/arri-ultra-prime-20mm-t1-9\\\/\",\"name\":\"ARRI Ultra Prime 20mm T1.9 | Comuna Studios &amp; Equipment Rental\",\"isPartOf\":{\"@id\":\"https:\\\/\\\/comuna.pt\\\/pt-pt\\\/#website\"},\"primaryImageOfPage\":{\"@id\":\"https:\\\/\\\/comuna.pt\\\/pt-pt\\\/product\\\/arri-ultra-prime-20mm-t1-9\\\/#primaryimage\"},\"image\":{\"@id\":\"https:\\\/\\\/comuna.pt\\\/pt-pt\\\/product\\\/arri-ultra-prime-20mm-t1-9\\\/#primaryimage\"},\"thumbnailUrl\":\"https:\\\/\\\/comuna.pt\\\/wp-content\\\/uploads\\\/2025\\\/07\\\/1509107099_1287796-1.jpg\",\"datePublished\":\"2025-07-28T10:54:15+00:00\",\"description\":\"Alugue a ARRI Ultra Prime 20mm T1.9 \u2014 objetiva de cinema grande angular PL com \u00f3tica Zeiss n\u00edtida, controlo de foco fluido e abertura T1.9 para baixa luz.\",\"breadcrumb\":{\"@id\":\"https:\\\/\\\/comuna.pt\\\/pt-pt\\\/product\\\/arri-ultra-prime-20mm-t1-9\\\/#breadcrumb\"},\"inLanguage\":\"pt-PT\",\"potentialAction\":[{\"@type\":\"ReadAction\",\"target\":[\"https:\\\/\\\/comuna.pt\\\/pt-pt\\\/product\\\/arri-ultra-prime-20mm-t1-9\\\/\"]}]},{\"@type\":\"ImageObject\",\"inLanguage\":\"pt-PT\",\"@id\":\"https:\\\/\\\/comuna.pt\\\/pt-pt\\\/product\\\/arri-ultra-prime-20mm-t1-9\\\/#primaryimage\",\"url\":\"https:\\\/\\\/comuna.pt\\\/wp-content\\\/uploads\\\/2025\\\/07\\\/1509107099_1287796-1.jpg\",\"contentUrl\":\"https:\\\/\\\/comuna.pt\\\/wp-content\\\/uploads\\\/2025\\\/07\\\/1509107099_1287796-1.jpg\",\"width\":455,\"height\":500},{\"@type\":\"BreadcrumbList\",\"@id\":\"https:\\\/\\\/comuna.pt\\\/pt-pt\\\/product\\\/arri-ultra-prime-20mm-t1-9\\\/#breadcrumb\",\"itemListElement\":[{\"@type\":\"ListItem\",\"position\":1,\"name\":\"Home\",\"item\":\"https:\\\/\\\/comuna.pt\\\/pt-pt\\\/\"},{\"@type\":\"ListItem\",\"position\":2,\"name\":\"Produtos\"},{\"@type\":\"ListItem\",\"position\":3,\"name\":\"Objetivas\",\"item\":\"https:\\\/\\\/comuna.pt\\\/pt-pt\\\/Categoria\\\/objetivas\\\/\"},{\"@type\":\"ListItem\",\"position\":4,\"name\":\"ARRI Ultra Prime 20mm T1.9\"}]},{\"@type\":\"WebSite\",\"@id\":\"https:\\\/\\\/comuna.pt\\\/pt-pt\\\/#website\",\"url\":\"https:\\\/\\\/comuna.pt\\\/pt-pt\\\/\",\"name\":\"Comuna Rental House\",\"description\":\"Photo studios, Podcast &amp; Equipment Rental\",\"publisher\":{\"@id\":\"https:\\\/\\\/comuna.pt\\\/pt-pt\\\/#organization\"},\"alternateName\":\"Comuna Filmmaking Equipment Rental\",\"potentialAction\":[{\"@type\":\"SearchAction\",\"target\":{\"@type\":\"EntryPoint\",\"urlTemplate\":\"https:\\\/\\\/comuna.pt\\\/pt-pt\\\/?s={search_term_string}\"},\"query-input\":{\"@type\":\"PropertyValueSpecification\",\"valueRequired\":true,\"valueName\":\"search_term_string\"}}],\"inLanguage\":\"pt-PT\"},{\"@type\":\"Organization\",\"@id\":\"https:\\\/\\\/comuna.pt\\\/pt-pt\\\/#organization\",\"name\":\"Comuna Rental House\",\"url\":\"https:\\\/\\\/comuna.pt\\\/pt-pt\\\/\",\"logo\":{\"@type\":\"ImageObject\",\"inLanguage\":\"pt-PT\",\"@id\":\"https:\\\/\\\/comuna.pt\\\/pt-pt\\\/#\\\/schema\\\/logo\\\/image\\\/\",\"url\":\"https:\\\/\\\/comuna.pt\\\/wp-content\\\/uploads\\\/2024\\\/03\\\/comuna_logo_website.png\",\"contentUrl\":\"https:\\\/\\\/comuna.pt\\\/wp-content\\\/uploads\\\/2024\\\/03\\\/comuna_logo_website.png\",\"width\":2000,\"height\":262,\"caption\":\"Comuna Rental House\"},\"image\":{\"@id\":\"https:\\\/\\\/comuna.pt\\\/pt-pt\\\/#\\\/schema\\\/logo\\\/image\\\/\"},\"sameAs\":[\"http:\\\/\\\/facebook.com\\\/comuna.rental\",\"https:\\\/\\\/www.instagram.com\\\/comuna_rental\",\"https:\\\/\\\/www.linkedin.com\\\/company\\\/96410498\"]}]}<\/script>\n<meta property=\"product:price:amount\" content=\"85.00\" \/>\n<meta property=\"product:price:currency\" content=\"EUR\" \/>\n<meta property=\"og:availability\" content=\"instock\" \/>\n<meta property=\"product:availability\" content=\"instock\" \/>\n<meta property=\"product:condition\" content=\"new\" \/>\n<!-- \/ Yoast SEO Premium plugin. -->","yoast_head_json":{"title":"ARRI Ultra Prime 20mm T1.9 | Comuna Studios &amp; Equipment Rental","description":"Alugue a ARRI Ultra Prime 20mm T1.9 \u2014 objetiva de cinema grande angular PL com \u00f3tica Zeiss n\u00edtida, controlo de foco fluido e abertura T1.9 para baixa luz.","robots":{"index":"index","follow":"follow","max-snippet":"max-snippet:-1","max-image-preview":"max-image-preview:large","max-video-preview":"max-video-preview:-1"},"canonical":"https:\/\/comuna.pt\/pt-pt\/product\/arri-ultra-prime-20mm-t1-9\/","og_locale":"pt_PT","og_type":"article","og_title":"ARRI Ultra Prime 20mm T1.9","og_description":"Alugue a ARRI Ultra Prime 20mm T1.9 \u2014 objetiva de cinema grande angular PL com \u00f3tica Zeiss n\u00edtida, controlo de foco fluido e abertura T1.9 para baixa luz.","og_url":"https:\/\/comuna.pt\/pt-pt\/product\/arri-ultra-prime-20mm-t1-9\/","og_site_name":"Comuna Studios &amp; Equipment Rental","article_publisher":"http:\/\/facebook.com\/comuna.rental","og_image":[{"width":455,"height":500,"url":"https:\/\/comuna.pt\/wp-content\/uploads\/2025\/07\/1509107099_1287796-1.jpg","type":"image\/jpeg"}],"twitter_card":"summary_large_image","twitter_misc":{"pre\u00e7o":"&euro;85,00 + 23% VAT","Disponibilidade":"Em stock"},"schema":{"@context":"https:\/\/schema.org","@graph":[{"@type":["WebPage","ItemPage"],"@id":"https:\/\/comuna.pt\/pt-pt\/product\/arri-ultra-prime-20mm-t1-9\/","url":"https:\/\/comuna.pt\/pt-pt\/product\/arri-ultra-prime-20mm-t1-9\/","name":"ARRI Ultra Prime 20mm T1.9 | Comuna Studios &amp; Equipment Rental","isPartOf":{"@id":"https:\/\/comuna.pt\/pt-pt\/#website"},"primaryImageOfPage":{"@id":"https:\/\/comuna.pt\/pt-pt\/product\/arri-ultra-prime-20mm-t1-9\/#primaryimage"},"image":{"@id":"https:\/\/comuna.pt\/pt-pt\/product\/arri-ultra-prime-20mm-t1-9\/#primaryimage"},"thumbnailUrl":"https:\/\/comuna.pt\/wp-content\/uploads\/2025\/07\/1509107099_1287796-1.jpg","datePublished":"2025-07-28T10:54:15+00:00","description":"Alugue a ARRI Ultra Prime 20mm T1.9 \u2014 objetiva de cinema grande angular PL com \u00f3tica Zeiss n\u00edtida, controlo de foco fluido e abertura T1.9 para baixa luz.","breadcrumb":{"@id":"https:\/\/comuna.pt\/pt-pt\/product\/arri-ultra-prime-20mm-t1-9\/#breadcrumb"},"inLanguage":"pt-PT","potentialAction":[{"@type":"ReadAction","target":["https:\/\/comuna.pt\/pt-pt\/product\/arri-ultra-prime-20mm-t1-9\/"]}]},{"@type":"ImageObject","inLanguage":"pt-PT","@id":"https:\/\/comuna.pt\/pt-pt\/product\/arri-ultra-prime-20mm-t1-9\/#primaryimage","url":"https:\/\/comuna.pt\/wp-content\/uploads\/2025\/07\/1509107099_1287796-1.jpg","contentUrl":"https:\/\/comuna.pt\/wp-content\/uploads\/2025\/07\/1509107099_1287796-1.jpg","width":455,"height":500},{"@type":"BreadcrumbList","@id":"https:\/\/comuna.pt\/pt-pt\/product\/arri-ultra-prime-20mm-t1-9\/#breadcrumb","itemListElement":[{"@type":"ListItem","position":1,"name":"Home","item":"https:\/\/comuna.pt\/pt-pt\/"},{"@type":"ListItem","position":2,"name":"Produtos"},{"@type":"ListItem","position":3,"name":"Objetivas","item":"https:\/\/comuna.pt\/pt-pt\/Categoria\/objetivas\/"},{"@type":"ListItem","position":4,"name":"ARRI Ultra Prime 20mm T1.9"}]},{"@type":"WebSite","@id":"https:\/\/comuna.pt\/pt-pt\/#website","url":"https:\/\/comuna.pt\/pt-pt\/","name":"Comuna Rental House","description":"Photo studios, Podcast &amp; Equipment Rental","publisher":{"@id":"https:\/\/comuna.pt\/pt-pt\/#organization"},"alternateName":"Comuna Filmmaking Equipment Rental","potentialAction":[{"@type":"SearchAction","target":{"@type":"EntryPoint","urlTemplate":"https:\/\/comuna.pt\/pt-pt\/?s={search_term_string}"},"query-input":{"@type":"PropertyValueSpecification","valueRequired":true,"valueName":"search_term_string"}}],"inLanguage":"pt-PT"},{"@type":"Organization","@id":"https:\/\/comuna.pt\/pt-pt\/#organization","name":"Comuna Rental House","url":"https:\/\/comuna.pt\/pt-pt\/","logo":{"@type":"ImageObject","inLanguage":"pt-PT","@id":"https:\/\/comuna.pt\/pt-pt\/#\/schema\/logo\/image\/","url":"https:\/\/comuna.pt\/wp-content\/uploads\/2024\/03\/comuna_logo_website.png","contentUrl":"https:\/\/comuna.pt\/wp-content\/uploads\/2024\/03\/comuna_logo_website.png","width":2000,"height":262,"caption":"Comuna Rental House"},"image":{"@id":"https:\/\/comuna.pt\/pt-pt\/#\/schema\/logo\/image\/"},"sameAs":["http:\/\/facebook.com\/comuna.rental","https:\/\/www.instagram.com\/comuna_rental","https:\/\/www.linkedin.com\/company\/96410498"]}]},"product_price_amount":"85.00","product_price_currency":"EUR","og_availability":"instock","product_availability":"instock","product_condition":"new"},"_links":{"self":[{"href":"https:\/\/comuna.pt\/pt-pt\/wp-json\/wp\/v2\/product\/17727","targetHints":{"allow":["GET"]}}],"collection":[{"href":"https:\/\/comuna.pt\/pt-pt\/wp-json\/wp\/v2\/product"}],"about":[{"href":"https:\/\/comuna.pt\/pt-pt\/wp-json\/wp\/v2\/types\/product"}],"version-history":[{"count":0,"href":"https:\/\/comuna.pt\/pt-pt\/wp-json\/wp\/v2\/product\/17727\/revisions"}],"wp:featuredmedia":[{"embeddable":true,"href":"https:\/\/comuna.pt\/pt-pt\/wp-json\/wp\/v2\/media\/17731"}],"wp:attachment":[{"href":"https:\/\/comuna.pt\/pt-pt\/wp-json\/wp\/v2\/media?parent=17727"}],"wp:term":[{"taxonomy":"product_brand","embeddable":true,"href":"https:\/\/comuna.pt\/pt-pt\/wp-json\/wp\/v2\/product_brand?post=17727"},{"taxonomy":"product_cat","embeddable":true,"href":"https:\/\/comuna.pt\/pt-pt\/wp-json\/wp\/v2\/product_cat?post=17727"},{"taxonomy":"product_tag","embeddable":true,"href":"https:\/\/comuna.pt\/pt-pt\/wp-json\/wp\/v2\/product_tag?post=17727"}],"curies":[{"name":"wp","href":"https:\/\/api.w.org\/{rel}","templated":true}]}}