{"id":17703,"date":"2025-09-05T17:25:22","date_gmt":"2025-09-05T16:25:22","guid":{"rendered":"https:\/\/comuna.pt\/product\/sistema-de-microfones-rode-wireless-pro-2-pessoas\/"},"modified":"2026-01-28T20:18:23","modified_gmt":"2026-01-28T20:18:23","slug":"sistema-de-microfones-rode-wireless-pro-2-pessoas","status":"publish","type":"product","link":"https:\/\/comuna.pt\/pt-pt\/product\/sistema-de-microfones-rode-wireless-pro-2-pessoas\/","title":{"rendered":"Sistema de Microfones R\u00d8DE Wireless PRO (2 Pessoas)"},"content":{"rendered":"<p data-start=\"755\" data-end=\"1120\"><div class=\"booqable-product-button\" data-id=\"rode-wireless-pro-2-person-lav-mic-system\"><\/div><\/p>\n<p data-start=\"755\" data-end=\"1120\">O R\u00d8DE Wireless PRO \u00e9 um kit profissional de microfones de lapela (lavalier) sem fios concebido para criadores que necessitam de \u00e1udio de alta qualidade para entrevistas, podcasts e cinema. Este sistema permite que duas pessoas gravem simultaneamente com uma clareza excecional e interfer\u00eancia m\u00ednima, sendo ideal para produ\u00e7\u00f5es com m\u00faltiplos intervenientes.<\/p>\n<p data-start=\"1122\" data-end=\"1468\">Equipado com a tecnologia avan\u00e7ada de transmiss\u00e3o digital da R\u00d8DE, o sistema Wireless PRO oferece estabilidade de sinal, alcance alargado e baixa lat\u00eancia, garantindo grava\u00e7\u00f5es consistentes de n\u00edvel profissional. Os transmissores e recetores compactos s\u00e3o f\u00e1ceis de fixar e operar, proporcionando m\u00e1xima flexibilidade no set.<\/p>\n<p data-start=\"1470\" data-end=\"1817\">Desenhado para a mobilidade, este sistema \u00e9 leve e port\u00e1til, perfeito para rodagens em exteriores ou est\u00fadio. Os microfones de lapela omnidirecionais captam um som natural e limpo, enquanto o interface intuitivo permite um emparelhamento r\u00e1pido e monitoriza\u00e7\u00e3o em tempo real para um desempenho de \u00e1udio otimizado.<\/p>\n","protected":false},"excerpt":{"rendered":"<p>O R\u00d8DE Wireless PRO \u00e9 um kit profissional de microfones de lapela (lavalier) sem fios concebido para criadores que necessitam de \u00e1udio de alta qualidade para entrevistas, podcasts e cinema. Este sistema permite que duas pessoas gravem simultaneamente com uma clareza excecional e interfer\u00eancia m\u00ednima, sendo ideal para produ\u00e7\u00f5es com m\u00faltiplos intervenientes. Equipado com a [&hellip;]<\/p>\n","protected":false},"featured_media":17706,"template":"","meta":[],"product_brand":[],"product_cat":[805872],"product_tag":[],"class_list":{"0":"post-17703","1":"product","2":"type-product","3":"status-publish","4":"has-post-thumbnail","6":"product_cat-som","8":"first","9":"instock","10":"taxable","11":"shipping-taxable","12":"purchasable","13":"product-type-simple"},"yoast_head":"<!-- This site is optimized with the Yoast SEO Premium plugin v27.4 (Yoast SEO v27.5) - https:\/\/yoast.com\/product\/yoast-seo-premium-wordpress\/ -->\n<title>Sistema de Microfones R\u00d8DE Wireless PRO (2 Pessoas) | Comuna Studios &amp; Equipment Rental<\/title>\n<meta name=\"description\" content=\"Sistema R\u00d8DE Wireless PRO para \u00e1udio cristalino. Microfones de lapela sem fios profissionais para entrevistas, podcasts e produ\u00e7\u00e3o cinematogr\u00e1fica.\" \/>\n<meta name=\"robots\" content=\"index, follow, max-snippet:-1, max-image-preview:large, max-video-preview:-1\" \/>\n<link rel=\"canonical\" href=\"https:\/\/comuna.pt\/pt-pt\/product\/sistema-de-microfones-rode-wireless-pro-2-pessoas\/\" \/>\n<meta property=\"og:locale\" content=\"pt_PT\" \/>\n<meta property=\"og:type\" content=\"article\" \/>\n<meta property=\"og:title\" content=\"Sistema de Microfones R\u00d8DE Wireless PRO (2 Pessoas)\" \/>\n<meta property=\"og:description\" content=\"Sistema R\u00d8DE Wireless PRO para \u00e1udio cristalino. Microfones de lapela sem fios profissionais para entrevistas, podcasts e produ\u00e7\u00e3o cinematogr\u00e1fica.\" \/>\n<meta property=\"og:url\" content=\"https:\/\/comuna.pt\/pt-pt\/product\/sistema-de-microfones-rode-wireless-pro-2-pessoas\/\" \/>\n<meta property=\"og:site_name\" content=\"Comuna Studios &amp; Equipment Rental\" \/>\n<meta property=\"article:publisher\" content=\"http:\/\/facebook.com\/comuna.rental\" \/>\n<meta property=\"article:modified_time\" content=\"2026-01-28T20:18:23+00:00\" \/>\n<meta property=\"og:image\" content=\"https:\/\/comuna.pt\/wp-content\/uploads\/2025\/09\/rode-wireless-go-ii-hero-image-jan-2021-1000x1000-rgb.jpg\" \/>\n\t<meta property=\"og:image:width\" content=\"600\" \/>\n\t<meta property=\"og:image:height\" content=\"600\" \/>\n\t<meta property=\"og:image:type\" content=\"image\/jpeg\" \/>\n<meta name=\"twitter:card\" content=\"summary_large_image\" \/>\n<meta name=\"twitter:label1\" content=\"pre\u00e7o\" \/>\n\t<meta name=\"twitter:data1\" content=\"&euro;30,00 + 23% VAT\" \/>\n\t<meta name=\"twitter:label2\" content=\"Disponibilidade\" \/>\n\t<meta name=\"twitter:data2\" content=\"Em stock\" \/>\n<script type=\"application\/ld+json\" class=\"yoast-schema-graph\">{\"@context\":\"https:\\\/\\\/schema.org\",\"@graph\":[{\"@type\":[\"WebPage\",\"ItemPage\"],\"@id\":\"https:\\\/\\\/comuna.pt\\\/pt-pt\\\/product\\\/sistema-de-microfones-rode-wireless-pro-2-pessoas\\\/\",\"url\":\"https:\\\/\\\/comuna.pt\\\/pt-pt\\\/product\\\/sistema-de-microfones-rode-wireless-pro-2-pessoas\\\/\",\"name\":\"Sistema de Microfones R\u00d8DE Wireless PRO (2 Pessoas) | Comuna Studios &amp; Equipment Rental\",\"isPartOf\":{\"@id\":\"https:\\\/\\\/comuna.pt\\\/pt-pt\\\/#website\"},\"primaryImageOfPage\":{\"@id\":\"https:\\\/\\\/comuna.pt\\\/pt-pt\\\/product\\\/sistema-de-microfones-rode-wireless-pro-2-pessoas\\\/#primaryimage\"},\"image\":{\"@id\":\"https:\\\/\\\/comuna.pt\\\/pt-pt\\\/product\\\/sistema-de-microfones-rode-wireless-pro-2-pessoas\\\/#primaryimage\"},\"thumbnailUrl\":\"https:\\\/\\\/comuna.pt\\\/wp-content\\\/uploads\\\/2025\\\/09\\\/rode-wireless-go-ii-hero-image-jan-2021-1000x1000-rgb.jpg\",\"datePublished\":\"2025-09-05T16:25:22+00:00\",\"dateModified\":\"2026-01-28T20:18:23+00:00\",\"description\":\"Sistema R\u00d8DE Wireless PRO para \u00e1udio cristalino. Microfones de lapela sem fios profissionais para entrevistas, podcasts e produ\u00e7\u00e3o cinematogr\u00e1fica.\",\"breadcrumb\":{\"@id\":\"https:\\\/\\\/comuna.pt\\\/pt-pt\\\/product\\\/sistema-de-microfones-rode-wireless-pro-2-pessoas\\\/#breadcrumb\"},\"inLanguage\":\"pt-PT\",\"potentialAction\":[{\"@type\":\"ReadAction\",\"target\":[\"https:\\\/\\\/comuna.pt\\\/pt-pt\\\/product\\\/sistema-de-microfones-rode-wireless-pro-2-pessoas\\\/\"]}]},{\"@type\":\"ImageObject\",\"inLanguage\":\"pt-PT\",\"@id\":\"https:\\\/\\\/comuna.pt\\\/pt-pt\\\/product\\\/sistema-de-microfones-rode-wireless-pro-2-pessoas\\\/#primaryimage\",\"url\":\"https:\\\/\\\/comuna.pt\\\/wp-content\\\/uploads\\\/2025\\\/09\\\/rode-wireless-go-ii-hero-image-jan-2021-1000x1000-rgb.jpg\",\"contentUrl\":\"https:\\\/\\\/comuna.pt\\\/wp-content\\\/uploads\\\/2025\\\/09\\\/rode-wireless-go-ii-hero-image-jan-2021-1000x1000-rgb.jpg\",\"width\":600,\"height\":600},{\"@type\":\"BreadcrumbList\",\"@id\":\"https:\\\/\\\/comuna.pt\\\/pt-pt\\\/product\\\/sistema-de-microfones-rode-wireless-pro-2-pessoas\\\/#breadcrumb\",\"itemListElement\":[{\"@type\":\"ListItem\",\"position\":1,\"name\":\"Home\",\"item\":\"https:\\\/\\\/comuna.pt\\\/pt-pt\\\/\"},{\"@type\":\"ListItem\",\"position\":2,\"name\":\"Produtos\"},{\"@type\":\"ListItem\",\"position\":3,\"name\":\"Som\",\"item\":\"https:\\\/\\\/comuna.pt\\\/pt-pt\\\/Categoria\\\/som\\\/\"},{\"@type\":\"ListItem\",\"position\":4,\"name\":\"Sistema de Microfones R\u00d8DE Wireless PRO (2 Pessoas)\"}]},{\"@type\":\"WebSite\",\"@id\":\"https:\\\/\\\/comuna.pt\\\/pt-pt\\\/#website\",\"url\":\"https:\\\/\\\/comuna.pt\\\/pt-pt\\\/\",\"name\":\"Comuna Rental House\",\"description\":\"Photo studios, Podcast &amp; Equipment Rental\",\"publisher\":{\"@id\":\"https:\\\/\\\/comuna.pt\\\/pt-pt\\\/#organization\"},\"alternateName\":\"Comuna Filmmaking Equipment Rental\",\"potentialAction\":[{\"@type\":\"SearchAction\",\"target\":{\"@type\":\"EntryPoint\",\"urlTemplate\":\"https:\\\/\\\/comuna.pt\\\/pt-pt\\\/?s={search_term_string}\"},\"query-input\":{\"@type\":\"PropertyValueSpecification\",\"valueRequired\":true,\"valueName\":\"search_term_string\"}}],\"inLanguage\":\"pt-PT\"},{\"@type\":\"Organization\",\"@id\":\"https:\\\/\\\/comuna.pt\\\/pt-pt\\\/#organization\",\"name\":\"Comuna Rental House\",\"url\":\"https:\\\/\\\/comuna.pt\\\/pt-pt\\\/\",\"logo\":{\"@type\":\"ImageObject\",\"inLanguage\":\"pt-PT\",\"@id\":\"https:\\\/\\\/comuna.pt\\\/pt-pt\\\/#\\\/schema\\\/logo\\\/image\\\/\",\"url\":\"https:\\\/\\\/comuna.pt\\\/wp-content\\\/uploads\\\/2024\\\/03\\\/comuna_logo_website.png\",\"contentUrl\":\"https:\\\/\\\/comuna.pt\\\/wp-content\\\/uploads\\\/2024\\\/03\\\/comuna_logo_website.png\",\"width\":2000,\"height\":262,\"caption\":\"Comuna Rental House\"},\"image\":{\"@id\":\"https:\\\/\\\/comuna.pt\\\/pt-pt\\\/#\\\/schema\\\/logo\\\/image\\\/\"},\"sameAs\":[\"http:\\\/\\\/facebook.com\\\/comuna.rental\",\"https:\\\/\\\/www.instagram.com\\\/comuna_rental\",\"https:\\\/\\\/www.linkedin.com\\\/company\\\/96410498\"]}]}<\/script>\n<meta property=\"product:price:amount\" content=\"30.00\" \/>\n<meta property=\"product:price:currency\" content=\"EUR\" \/>\n<meta property=\"og:availability\" content=\"instock\" \/>\n<meta property=\"product:availability\" content=\"instock\" \/>\n<meta property=\"product:condition\" content=\"new\" \/>\n<!-- \/ Yoast SEO Premium plugin. -->","yoast_head_json":{"title":"Sistema de Microfones R\u00d8DE Wireless PRO (2 Pessoas) | Comuna Studios &amp; Equipment Rental","description":"Sistema R\u00d8DE Wireless PRO para \u00e1udio cristalino. Microfones de lapela sem fios profissionais para entrevistas, podcasts e produ\u00e7\u00e3o cinematogr\u00e1fica.","robots":{"index":"index","follow":"follow","max-snippet":"max-snippet:-1","max-image-preview":"max-image-preview:large","max-video-preview":"max-video-preview:-1"},"canonical":"https:\/\/comuna.pt\/pt-pt\/product\/sistema-de-microfones-rode-wireless-pro-2-pessoas\/","og_locale":"pt_PT","og_type":"article","og_title":"Sistema de Microfones R\u00d8DE Wireless PRO (2 Pessoas)","og_description":"Sistema R\u00d8DE Wireless PRO para \u00e1udio cristalino. Microfones de lapela sem fios profissionais para entrevistas, podcasts e produ\u00e7\u00e3o cinematogr\u00e1fica.","og_url":"https:\/\/comuna.pt\/pt-pt\/product\/sistema-de-microfones-rode-wireless-pro-2-pessoas\/","og_site_name":"Comuna Studios &amp; Equipment Rental","article_publisher":"http:\/\/facebook.com\/comuna.rental","article_modified_time":"2026-01-28T20:18:23+00:00","og_image":[{"width":600,"height":600,"url":"https:\/\/comuna.pt\/wp-content\/uploads\/2025\/09\/rode-wireless-go-ii-hero-image-jan-2021-1000x1000-rgb.jpg","type":"image\/jpeg"}],"twitter_card":"summary_large_image","twitter_misc":{"pre\u00e7o":"&euro;30,00 + 23% VAT","Disponibilidade":"Em stock"},"schema":{"@context":"https:\/\/schema.org","@graph":[{"@type":["WebPage","ItemPage"],"@id":"https:\/\/comuna.pt\/pt-pt\/product\/sistema-de-microfones-rode-wireless-pro-2-pessoas\/","url":"https:\/\/comuna.pt\/pt-pt\/product\/sistema-de-microfones-rode-wireless-pro-2-pessoas\/","name":"Sistema de Microfones R\u00d8DE Wireless PRO (2 Pessoas) | Comuna Studios &amp; Equipment Rental","isPartOf":{"@id":"https:\/\/comuna.pt\/pt-pt\/#website"},"primaryImageOfPage":{"@id":"https:\/\/comuna.pt\/pt-pt\/product\/sistema-de-microfones-rode-wireless-pro-2-pessoas\/#primaryimage"},"image":{"@id":"https:\/\/comuna.pt\/pt-pt\/product\/sistema-de-microfones-rode-wireless-pro-2-pessoas\/#primaryimage"},"thumbnailUrl":"https:\/\/comuna.pt\/wp-content\/uploads\/2025\/09\/rode-wireless-go-ii-hero-image-jan-2021-1000x1000-rgb.jpg","datePublished":"2025-09-05T16:25:22+00:00","dateModified":"2026-01-28T20:18:23+00:00","description":"Sistema R\u00d8DE Wireless PRO para \u00e1udio cristalino. Microfones de lapela sem fios profissionais para entrevistas, podcasts e produ\u00e7\u00e3o cinematogr\u00e1fica.","breadcrumb":{"@id":"https:\/\/comuna.pt\/pt-pt\/product\/sistema-de-microfones-rode-wireless-pro-2-pessoas\/#breadcrumb"},"inLanguage":"pt-PT","potentialAction":[{"@type":"ReadAction","target":["https:\/\/comuna.pt\/pt-pt\/product\/sistema-de-microfones-rode-wireless-pro-2-pessoas\/"]}]},{"@type":"ImageObject","inLanguage":"pt-PT","@id":"https:\/\/comuna.pt\/pt-pt\/product\/sistema-de-microfones-rode-wireless-pro-2-pessoas\/#primaryimage","url":"https:\/\/comuna.pt\/wp-content\/uploads\/2025\/09\/rode-wireless-go-ii-hero-image-jan-2021-1000x1000-rgb.jpg","contentUrl":"https:\/\/comuna.pt\/wp-content\/uploads\/2025\/09\/rode-wireless-go-ii-hero-image-jan-2021-1000x1000-rgb.jpg","width":600,"height":600},{"@type":"BreadcrumbList","@id":"https:\/\/comuna.pt\/pt-pt\/product\/sistema-de-microfones-rode-wireless-pro-2-pessoas\/#breadcrumb","itemListElement":[{"@type":"ListItem","position":1,"name":"Home","item":"https:\/\/comuna.pt\/pt-pt\/"},{"@type":"ListItem","position":2,"name":"Produtos"},{"@type":"ListItem","position":3,"name":"Som","item":"https:\/\/comuna.pt\/pt-pt\/Categoria\/som\/"},{"@type":"ListItem","position":4,"name":"Sistema de Microfones R\u00d8DE Wireless PRO (2 Pessoas)"}]},{"@type":"WebSite","@id":"https:\/\/comuna.pt\/pt-pt\/#website","url":"https:\/\/comuna.pt\/pt-pt\/","name":"Comuna Rental House","description":"Photo studios, Podcast &amp; Equipment Rental","publisher":{"@id":"https:\/\/comuna.pt\/pt-pt\/#organization"},"alternateName":"Comuna Filmmaking Equipment Rental","potentialAction":[{"@type":"SearchAction","target":{"@type":"EntryPoint","urlTemplate":"https:\/\/comuna.pt\/pt-pt\/?s={search_term_string}"},"query-input":{"@type":"PropertyValueSpecification","valueRequired":true,"valueName":"search_term_string"}}],"inLanguage":"pt-PT"},{"@type":"Organization","@id":"https:\/\/comuna.pt\/pt-pt\/#organization","name":"Comuna Rental House","url":"https:\/\/comuna.pt\/pt-pt\/","logo":{"@type":"ImageObject","inLanguage":"pt-PT","@id":"https:\/\/comuna.pt\/pt-pt\/#\/schema\/logo\/image\/","url":"https:\/\/comuna.pt\/wp-content\/uploads\/2024\/03\/comuna_logo_website.png","contentUrl":"https:\/\/comuna.pt\/wp-content\/uploads\/2024\/03\/comuna_logo_website.png","width":2000,"height":262,"caption":"Comuna Rental House"},"image":{"@id":"https:\/\/comuna.pt\/pt-pt\/#\/schema\/logo\/image\/"},"sameAs":["http:\/\/facebook.com\/comuna.rental","https:\/\/www.instagram.com\/comuna_rental","https:\/\/www.linkedin.com\/company\/96410498"]}]},"product_price_amount":"30.00","product_price_currency":"EUR","og_availability":"instock","product_availability":"instock","product_condition":"new"},"_links":{"self":[{"href":"https:\/\/comuna.pt\/pt-pt\/wp-json\/wp\/v2\/product\/17703","targetHints":{"allow":["GET"]}}],"collection":[{"href":"https:\/\/comuna.pt\/pt-pt\/wp-json\/wp\/v2\/product"}],"about":[{"href":"https:\/\/comuna.pt\/pt-pt\/wp-json\/wp\/v2\/types\/product"}],"version-history":[{"count":1,"href":"https:\/\/comuna.pt\/pt-pt\/wp-json\/wp\/v2\/product\/17703\/revisions"}],"predecessor-version":[{"id":17709,"href":"https:\/\/comuna.pt\/pt-pt\/wp-json\/wp\/v2\/product\/17703\/revisions\/17709"}],"wp:featuredmedia":[{"embeddable":true,"href":"https:\/\/comuna.pt\/pt-pt\/wp-json\/wp\/v2\/media\/17706"}],"wp:attachment":[{"href":"https:\/\/comuna.pt\/pt-pt\/wp-json\/wp\/v2\/media?parent=17703"}],"wp:term":[{"taxonomy":"product_brand","embeddable":true,"href":"https:\/\/comuna.pt\/pt-pt\/wp-json\/wp\/v2\/product_brand?post=17703"},{"taxonomy":"product_cat","embeddable":true,"href":"https:\/\/comuna.pt\/pt-pt\/wp-json\/wp\/v2\/product_cat?post=17703"},{"taxonomy":"product_tag","embeddable":true,"href":"https:\/\/comuna.pt\/pt-pt\/wp-json\/wp\/v2\/product_tag?post=17703"}],"curies":[{"name":"wp","href":"https:\/\/api.w.org\/{rel}","templated":true}]}}