{"id":17691,"date":"2025-09-05T15:53:13","date_gmt":"2025-09-05T14:53:13","guid":{"rendered":"https:\/\/comuna.pt\/product\/kit-slider-dana-dolly\/"},"modified":"2026-01-28T20:18:22","modified_gmt":"2026-01-28T20:18:22","slug":"kit-slider-dana-dolly","status":"publish","type":"product","link":"https:\/\/comuna.pt\/pt-pt\/product\/kit-slider-dana-dolly\/","title":{"rendered":"Kit Slider Dana Dolly"},"content":{"rendered":"<p data-start=\"1744\" data-end=\"2174\"><div class=\"booqable-product-button\" data-id=\"dana-dolly-portable-pipe-kit-6-riser-flight-case\"><\/div><\/p>\n<p data-start=\"1744\" data-end=\"2174\">O Kit Slider Dana Dolly \u00e9 a solu\u00e7\u00e3o definitiva para cineastas que procuram um slider de c\u00e2mara port\u00e1til e fi\u00e1vel. Concebido para produ\u00e7\u00f5es profissionais, permite movimentos de c\u00e2mara suaves, est\u00e1veis e precisos. Com 16 rodas de poliuretano ABEC-7 personalizadas, o kit Dana Dolly evita deforma\u00e7\u00f5es e desliza sem esfor\u00e7o tanto em calhas retas como curvas.<\/p>\n<p data-start=\"2176\" data-end=\"2579\">O kit inclui adaptadores de ta\u00e7a (bowl) de 75mm, 100mm e 150mm, bem como um suporte central para percursos longos ou configura\u00e7\u00f5es de c\u00e2mara pesadas. Os terminais universais (track ends) s\u00e3o compat\u00edveis com speed rail padr\u00e3o ou tubos de alum\u00ednio Schedule 80 e encaixam em trip\u00e9s Junior ou pinos Baby de 5\/8&#8243;. As rodas girat\u00f3rias oferecem m\u00e1xima flexibilidade criativa.<\/p>\n<p data-start=\"2581\" data-end=\"3115\">Acondicionado num flight case personalizado, o Kit Dana Dolly \u00e9 seguro de transportar e f\u00e1cil de armazenar. Perfeito para publicidade, fic\u00e7\u00e3o e videoclipes, garante um movimento de c\u00e2mara fluido com qualidade profissional.<\/p>\n","protected":false},"excerpt":{"rendered":"<p>O Kit Slider Dana Dolly \u00e9 a solu\u00e7\u00e3o definitiva para cineastas que procuram um slider de c\u00e2mara port\u00e1til e fi\u00e1vel. Concebido para produ\u00e7\u00f5es profissionais, permite movimentos de c\u00e2mara suaves, est\u00e1veis e precisos. Com 16 rodas de poliuretano ABEC-7 personalizadas, o kit Dana Dolly evita deforma\u00e7\u00f5es e desliza sem esfor\u00e7o tanto em calhas retas como curvas. [&hellip;]<\/p>\n","protected":false},"featured_media":17694,"template":"","meta":[],"product_brand":[],"product_cat":[805868,805878],"product_tag":[],"class_list":{"0":"post-17691","1":"product","2":"type-product","3":"status-publish","4":"has-post-thumbnail","6":"product_cat-gimbals-e-drones","7":"product_cat-tripes-e-rigs","9":"first","10":"instock","11":"taxable","12":"shipping-taxable","13":"purchasable","14":"product-type-simple"},"yoast_head":"<!-- This site is optimized with the Yoast SEO Premium plugin v27.4 (Yoast SEO v27.5) - https:\/\/yoast.com\/product\/yoast-seo-premium-wordpress\/ -->\n<title>Kit Slider Dana Dolly | Comuna Studios &amp; Equipment Rental<\/title>\n<meta name=\"description\" content=\"Alugue o kit slider Dana Dolly em Lisboa. O melhor equipamento de fotografia e v\u00eddeo: c\u00e2maras, lentes e maquinaria. Reserve online na Comuna!\" \/>\n<meta name=\"robots\" content=\"index, follow, max-snippet:-1, max-image-preview:large, max-video-preview:-1\" \/>\n<link rel=\"canonical\" href=\"https:\/\/comuna.pt\/pt-pt\/product\/kit-slider-dana-dolly\/\" \/>\n<meta property=\"og:locale\" content=\"pt_PT\" \/>\n<meta property=\"og:type\" content=\"article\" \/>\n<meta property=\"og:title\" content=\"Kit Slider Dana Dolly\" \/>\n<meta property=\"og:description\" content=\"Alugue o kit slider Dana Dolly em Lisboa. O melhor equipamento de fotografia e v\u00eddeo: c\u00e2maras, lentes e maquinaria. Reserve online na Comuna!\" \/>\n<meta property=\"og:url\" content=\"https:\/\/comuna.pt\/pt-pt\/product\/kit-slider-dana-dolly\/\" \/>\n<meta property=\"og:site_name\" content=\"Comuna Studios &amp; Equipment Rental\" \/>\n<meta property=\"article:publisher\" content=\"http:\/\/facebook.com\/comuna.rental\" \/>\n<meta property=\"article:modified_time\" content=\"2026-01-28T20:18:22+00:00\" \/>\n<meta property=\"og:image\" content=\"https:\/\/comuna.pt\/wp-content\/uploads\/2025\/09\/R-DDY-UniversalRental.1.jpg\" \/>\n\t<meta property=\"og:image:width\" content=\"500\" \/>\n\t<meta property=\"og:image:height\" content=\"500\" \/>\n\t<meta property=\"og:image:type\" content=\"image\/jpeg\" \/>\n<meta name=\"twitter:card\" content=\"summary_large_image\" \/>\n<meta name=\"twitter:label1\" content=\"pre\u00e7o\" \/>\n\t<meta name=\"twitter:data1\" content=\"&euro;85,00 + 23% VAT\" \/>\n\t<meta name=\"twitter:label2\" content=\"Disponibilidade\" \/>\n\t<meta name=\"twitter:data2\" content=\"Em stock\" \/>\n<script type=\"application\/ld+json\" class=\"yoast-schema-graph\">{\"@context\":\"https:\\\/\\\/schema.org\",\"@graph\":[{\"@type\":[\"WebPage\",\"ItemPage\"],\"@id\":\"https:\\\/\\\/comuna.pt\\\/pt-pt\\\/product\\\/kit-slider-dana-dolly\\\/\",\"url\":\"https:\\\/\\\/comuna.pt\\\/pt-pt\\\/product\\\/kit-slider-dana-dolly\\\/\",\"name\":\"Kit Slider Dana Dolly | Comuna Studios &amp; Equipment Rental\",\"isPartOf\":{\"@id\":\"https:\\\/\\\/comuna.pt\\\/pt-pt\\\/#website\"},\"primaryImageOfPage\":{\"@id\":\"https:\\\/\\\/comuna.pt\\\/pt-pt\\\/product\\\/kit-slider-dana-dolly\\\/#primaryimage\"},\"image\":{\"@id\":\"https:\\\/\\\/comuna.pt\\\/pt-pt\\\/product\\\/kit-slider-dana-dolly\\\/#primaryimage\"},\"thumbnailUrl\":\"https:\\\/\\\/comuna.pt\\\/wp-content\\\/uploads\\\/2025\\\/09\\\/R-DDY-UniversalRental.1.jpg\",\"datePublished\":\"2025-09-05T14:53:13+00:00\",\"dateModified\":\"2026-01-28T20:18:22+00:00\",\"description\":\"Alugue o kit slider Dana Dolly em Lisboa. O melhor equipamento de fotografia e v\u00eddeo: c\u00e2maras, lentes e maquinaria. Reserve online na Comuna!\",\"breadcrumb\":{\"@id\":\"https:\\\/\\\/comuna.pt\\\/pt-pt\\\/product\\\/kit-slider-dana-dolly\\\/#breadcrumb\"},\"inLanguage\":\"pt-PT\",\"potentialAction\":[{\"@type\":\"ReadAction\",\"target\":[\"https:\\\/\\\/comuna.pt\\\/pt-pt\\\/product\\\/kit-slider-dana-dolly\\\/\"]}]},{\"@type\":\"ImageObject\",\"inLanguage\":\"pt-PT\",\"@id\":\"https:\\\/\\\/comuna.pt\\\/pt-pt\\\/product\\\/kit-slider-dana-dolly\\\/#primaryimage\",\"url\":\"https:\\\/\\\/comuna.pt\\\/wp-content\\\/uploads\\\/2025\\\/09\\\/R-DDY-UniversalRental.1.jpg\",\"contentUrl\":\"https:\\\/\\\/comuna.pt\\\/wp-content\\\/uploads\\\/2025\\\/09\\\/R-DDY-UniversalRental.1.jpg\",\"width\":500,\"height\":500},{\"@type\":\"BreadcrumbList\",\"@id\":\"https:\\\/\\\/comuna.pt\\\/pt-pt\\\/product\\\/kit-slider-dana-dolly\\\/#breadcrumb\",\"itemListElement\":[{\"@type\":\"ListItem\",\"position\":1,\"name\":\"Home\",\"item\":\"https:\\\/\\\/comuna.pt\\\/pt-pt\\\/\"},{\"@type\":\"ListItem\",\"position\":2,\"name\":\"Produtos\"},{\"@type\":\"ListItem\",\"position\":3,\"name\":\"Trip\u00e9s e Rigs\",\"item\":\"https:\\\/\\\/comuna.pt\\\/pt-pt\\\/Categoria\\\/tripes-e-rigs\\\/\"},{\"@type\":\"ListItem\",\"position\":4,\"name\":\"Kit Slider Dana Dolly\"}]},{\"@type\":\"WebSite\",\"@id\":\"https:\\\/\\\/comuna.pt\\\/pt-pt\\\/#website\",\"url\":\"https:\\\/\\\/comuna.pt\\\/pt-pt\\\/\",\"name\":\"Comuna Rental House\",\"description\":\"Photo studios, Podcast &amp; Equipment Rental\",\"publisher\":{\"@id\":\"https:\\\/\\\/comuna.pt\\\/pt-pt\\\/#organization\"},\"alternateName\":\"Comuna Filmmaking Equipment Rental\",\"potentialAction\":[{\"@type\":\"SearchAction\",\"target\":{\"@type\":\"EntryPoint\",\"urlTemplate\":\"https:\\\/\\\/comuna.pt\\\/pt-pt\\\/?s={search_term_string}\"},\"query-input\":{\"@type\":\"PropertyValueSpecification\",\"valueRequired\":true,\"valueName\":\"search_term_string\"}}],\"inLanguage\":\"pt-PT\"},{\"@type\":\"Organization\",\"@id\":\"https:\\\/\\\/comuna.pt\\\/pt-pt\\\/#organization\",\"name\":\"Comuna Rental House\",\"url\":\"https:\\\/\\\/comuna.pt\\\/pt-pt\\\/\",\"logo\":{\"@type\":\"ImageObject\",\"inLanguage\":\"pt-PT\",\"@id\":\"https:\\\/\\\/comuna.pt\\\/pt-pt\\\/#\\\/schema\\\/logo\\\/image\\\/\",\"url\":\"https:\\\/\\\/comuna.pt\\\/wp-content\\\/uploads\\\/2024\\\/03\\\/comuna_logo_website.png\",\"contentUrl\":\"https:\\\/\\\/comuna.pt\\\/wp-content\\\/uploads\\\/2024\\\/03\\\/comuna_logo_website.png\",\"width\":2000,\"height\":262,\"caption\":\"Comuna Rental House\"},\"image\":{\"@id\":\"https:\\\/\\\/comuna.pt\\\/pt-pt\\\/#\\\/schema\\\/logo\\\/image\\\/\"},\"sameAs\":[\"http:\\\/\\\/facebook.com\\\/comuna.rental\",\"https:\\\/\\\/www.instagram.com\\\/comuna_rental\",\"https:\\\/\\\/www.linkedin.com\\\/company\\\/96410498\"]}]}<\/script>\n<meta property=\"product:price:amount\" content=\"85.00\" \/>\n<meta property=\"product:price:currency\" content=\"EUR\" \/>\n<meta property=\"og:availability\" content=\"instock\" \/>\n<meta property=\"product:availability\" content=\"instock\" \/>\n<meta property=\"product:condition\" content=\"new\" \/>\n<!-- \/ Yoast SEO Premium plugin. -->","yoast_head_json":{"title":"Kit Slider Dana Dolly | Comuna Studios &amp; Equipment Rental","description":"Alugue o kit slider Dana Dolly em Lisboa. O melhor equipamento de fotografia e v\u00eddeo: c\u00e2maras, lentes e maquinaria. Reserve online na Comuna!","robots":{"index":"index","follow":"follow","max-snippet":"max-snippet:-1","max-image-preview":"max-image-preview:large","max-video-preview":"max-video-preview:-1"},"canonical":"https:\/\/comuna.pt\/pt-pt\/product\/kit-slider-dana-dolly\/","og_locale":"pt_PT","og_type":"article","og_title":"Kit Slider Dana Dolly","og_description":"Alugue o kit slider Dana Dolly em Lisboa. O melhor equipamento de fotografia e v\u00eddeo: c\u00e2maras, lentes e maquinaria. Reserve online na Comuna!","og_url":"https:\/\/comuna.pt\/pt-pt\/product\/kit-slider-dana-dolly\/","og_site_name":"Comuna Studios &amp; Equipment Rental","article_publisher":"http:\/\/facebook.com\/comuna.rental","article_modified_time":"2026-01-28T20:18:22+00:00","og_image":[{"width":500,"height":500,"url":"https:\/\/comuna.pt\/wp-content\/uploads\/2025\/09\/R-DDY-UniversalRental.1.jpg","type":"image\/jpeg"}],"twitter_card":"summary_large_image","twitter_misc":{"pre\u00e7o":"&euro;85,00 + 23% VAT","Disponibilidade":"Em stock"},"schema":{"@context":"https:\/\/schema.org","@graph":[{"@type":["WebPage","ItemPage"],"@id":"https:\/\/comuna.pt\/pt-pt\/product\/kit-slider-dana-dolly\/","url":"https:\/\/comuna.pt\/pt-pt\/product\/kit-slider-dana-dolly\/","name":"Kit Slider Dana Dolly | Comuna Studios &amp; Equipment Rental","isPartOf":{"@id":"https:\/\/comuna.pt\/pt-pt\/#website"},"primaryImageOfPage":{"@id":"https:\/\/comuna.pt\/pt-pt\/product\/kit-slider-dana-dolly\/#primaryimage"},"image":{"@id":"https:\/\/comuna.pt\/pt-pt\/product\/kit-slider-dana-dolly\/#primaryimage"},"thumbnailUrl":"https:\/\/comuna.pt\/wp-content\/uploads\/2025\/09\/R-DDY-UniversalRental.1.jpg","datePublished":"2025-09-05T14:53:13+00:00","dateModified":"2026-01-28T20:18:22+00:00","description":"Alugue o kit slider Dana Dolly em Lisboa. O melhor equipamento de fotografia e v\u00eddeo: c\u00e2maras, lentes e maquinaria. Reserve online na Comuna!","breadcrumb":{"@id":"https:\/\/comuna.pt\/pt-pt\/product\/kit-slider-dana-dolly\/#breadcrumb"},"inLanguage":"pt-PT","potentialAction":[{"@type":"ReadAction","target":["https:\/\/comuna.pt\/pt-pt\/product\/kit-slider-dana-dolly\/"]}]},{"@type":"ImageObject","inLanguage":"pt-PT","@id":"https:\/\/comuna.pt\/pt-pt\/product\/kit-slider-dana-dolly\/#primaryimage","url":"https:\/\/comuna.pt\/wp-content\/uploads\/2025\/09\/R-DDY-UniversalRental.1.jpg","contentUrl":"https:\/\/comuna.pt\/wp-content\/uploads\/2025\/09\/R-DDY-UniversalRental.1.jpg","width":500,"height":500},{"@type":"BreadcrumbList","@id":"https:\/\/comuna.pt\/pt-pt\/product\/kit-slider-dana-dolly\/#breadcrumb","itemListElement":[{"@type":"ListItem","position":1,"name":"Home","item":"https:\/\/comuna.pt\/pt-pt\/"},{"@type":"ListItem","position":2,"name":"Produtos"},{"@type":"ListItem","position":3,"name":"Trip\u00e9s e Rigs","item":"https:\/\/comuna.pt\/pt-pt\/Categoria\/tripes-e-rigs\/"},{"@type":"ListItem","position":4,"name":"Kit Slider Dana Dolly"}]},{"@type":"WebSite","@id":"https:\/\/comuna.pt\/pt-pt\/#website","url":"https:\/\/comuna.pt\/pt-pt\/","name":"Comuna Rental House","description":"Photo studios, Podcast &amp; Equipment Rental","publisher":{"@id":"https:\/\/comuna.pt\/pt-pt\/#organization"},"alternateName":"Comuna Filmmaking Equipment Rental","potentialAction":[{"@type":"SearchAction","target":{"@type":"EntryPoint","urlTemplate":"https:\/\/comuna.pt\/pt-pt\/?s={search_term_string}"},"query-input":{"@type":"PropertyValueSpecification","valueRequired":true,"valueName":"search_term_string"}}],"inLanguage":"pt-PT"},{"@type":"Organization","@id":"https:\/\/comuna.pt\/pt-pt\/#organization","name":"Comuna Rental House","url":"https:\/\/comuna.pt\/pt-pt\/","logo":{"@type":"ImageObject","inLanguage":"pt-PT","@id":"https:\/\/comuna.pt\/pt-pt\/#\/schema\/logo\/image\/","url":"https:\/\/comuna.pt\/wp-content\/uploads\/2024\/03\/comuna_logo_website.png","contentUrl":"https:\/\/comuna.pt\/wp-content\/uploads\/2024\/03\/comuna_logo_website.png","width":2000,"height":262,"caption":"Comuna Rental House"},"image":{"@id":"https:\/\/comuna.pt\/pt-pt\/#\/schema\/logo\/image\/"},"sameAs":["http:\/\/facebook.com\/comuna.rental","https:\/\/www.instagram.com\/comuna_rental","https:\/\/www.linkedin.com\/company\/96410498"]}]},"product_price_amount":"85.00","product_price_currency":"EUR","og_availability":"instock","product_availability":"instock","product_condition":"new"},"_links":{"self":[{"href":"https:\/\/comuna.pt\/pt-pt\/wp-json\/wp\/v2\/product\/17691","targetHints":{"allow":["GET"]}}],"collection":[{"href":"https:\/\/comuna.pt\/pt-pt\/wp-json\/wp\/v2\/product"}],"about":[{"href":"https:\/\/comuna.pt\/pt-pt\/wp-json\/wp\/v2\/types\/product"}],"version-history":[{"count":1,"href":"https:\/\/comuna.pt\/pt-pt\/wp-json\/wp\/v2\/product\/17691\/revisions"}],"predecessor-version":[{"id":17697,"href":"https:\/\/comuna.pt\/pt-pt\/wp-json\/wp\/v2\/product\/17691\/revisions\/17697"}],"wp:featuredmedia":[{"embeddable":true,"href":"https:\/\/comuna.pt\/pt-pt\/wp-json\/wp\/v2\/media\/17694"}],"wp:attachment":[{"href":"https:\/\/comuna.pt\/pt-pt\/wp-json\/wp\/v2\/media?parent=17691"}],"wp:term":[{"taxonomy":"product_brand","embeddable":true,"href":"https:\/\/comuna.pt\/pt-pt\/wp-json\/wp\/v2\/product_brand?post=17691"},{"taxonomy":"product_cat","embeddable":true,"href":"https:\/\/comuna.pt\/pt-pt\/wp-json\/wp\/v2\/product_cat?post=17691"},{"taxonomy":"product_tag","embeddable":true,"href":"https:\/\/comuna.pt\/pt-pt\/wp-json\/wp\/v2\/product_tag?post=17691"}],"curies":[{"name":"wp","href":"https:\/\/api.w.org\/{rel}","templated":true}]}}