{"id":17646,"date":"2025-10-01T11:24:01","date_gmt":"2025-10-01T10:24:01","guid":{"rendered":"https:\/\/comuna.pt\/product\/kit-de-barra-transversal-para-suporte-de-fundo-manfrotto-272b\/"},"modified":"2026-01-28T20:17:12","modified_gmt":"2026-01-28T20:17:12","slug":"kit-de-barra-transversal-para-suporte-de-fundo-manfrotto-272b","status":"publish","type":"product","link":"https:\/\/comuna.pt\/pt-pt\/product\/kit-de-barra-transversal-para-suporte-de-fundo-manfrotto-272b\/","title":{"rendered":"Kit de Barra Transversal para Suporte de Fundo Manfrotto 272B"},"content":{"rendered":"<div class=\"booqable-product-button\" data-id=\"background-support-crossbar-kit-manfrotto-272b-b2c324eb-f891-4dc9-a52b-003e93aa0c40\"><\/div>\n<p>O Kit de Barra Transversal Manfrotto 272B \u00e9 uma barra telesc\u00f3pica ajust\u00e1vel concebida para suportar fundos fotogr\u00e1ficos e de v\u00eddeo com a m\u00e1xima estabilidade. Compat\u00edvel com a maioria dos trip\u00e9s e suportes, este acess\u00f3rio oferece flexibilidade tanto para est\u00fadio como para exteriores. Estendendo-se at\u00e9 3 metros, \u00e9 ideal para fixar fundos de papel, tecido ou vinil, garantindo resultados profissionais em retratos, moda e produ\u00e7\u00e3o de v\u00eddeo.<\/p>\n","protected":false},"excerpt":{"rendered":"<p>O Kit de Barra Transversal Manfrotto 272B \u00e9 uma barra telesc\u00f3pica ajust\u00e1vel concebida para suportar fundos fotogr\u00e1ficos e de v\u00eddeo com a m\u00e1xima estabilidade. Compat\u00edvel com a maioria dos trip\u00e9s e suportes, este acess\u00f3rio oferece flexibilidade tanto para est\u00fadio como para exteriores. Estendendo-se at\u00e9 3 metros, \u00e9 ideal para fixar fundos de papel, tecido ou [&hellip;]<\/p>\n","protected":false},"featured_media":17649,"template":"","meta":[],"product_brand":[],"product_cat":[805871],"product_tag":[],"class_list":{"0":"post-17646","1":"product","2":"type-product","3":"status-publish","4":"has-post-thumbnail","6":"product_cat-grip-e-tripes","8":"first","9":"instock","10":"taxable","11":"shipping-taxable","12":"purchasable","13":"product-type-simple"},"yoast_head":"<!-- This site is optimized with the Yoast SEO Premium plugin v27.4 (Yoast SEO v27.5) - https:\/\/yoast.com\/product\/yoast-seo-premium-wordpress\/ -->\n<title>Kit de Barra Transversal para Suporte de Fundo Manfrotto 272B | Comuna Studios &amp; Equipment Rental<\/title>\n<meta name=\"description\" content=\"O Kit Manfrotto 272B para suporte de fundos estende-se at\u00e9 3m, ideal para fixar fundos com seguran\u00e7a em est\u00fadio ou produ\u00e7\u00f5es de v\u00eddeo.\" \/>\n<meta name=\"robots\" content=\"index, follow, max-snippet:-1, max-image-preview:large, max-video-preview:-1\" \/>\n<link rel=\"canonical\" href=\"https:\/\/comuna.pt\/pt-pt\/product\/kit-de-barra-transversal-para-suporte-de-fundo-manfrotto-272b\/\" \/>\n<meta property=\"og:locale\" content=\"pt_PT\" \/>\n<meta property=\"og:type\" content=\"article\" \/>\n<meta property=\"og:title\" content=\"Kit de Barra Transversal para Suporte de Fundo Manfrotto 272B\" \/>\n<meta property=\"og:description\" content=\"O Kit Manfrotto 272B para suporte de fundos estende-se at\u00e9 3m, ideal para fixar fundos com seguran\u00e7a em est\u00fadio ou produ\u00e7\u00f5es de v\u00eddeo.\" \/>\n<meta property=\"og:url\" content=\"https:\/\/comuna.pt\/pt-pt\/product\/kit-de-barra-transversal-para-suporte-de-fundo-manfrotto-272b\/\" \/>\n<meta property=\"og:site_name\" content=\"Comuna Studios &amp; Equipment Rental\" \/>\n<meta property=\"article:publisher\" content=\"http:\/\/facebook.com\/comuna.rental\" \/>\n<meta property=\"article:modified_time\" content=\"2026-01-28T20:17:12+00:00\" \/>\n<meta property=\"og:image\" content=\"https:\/\/comuna.pt\/wp-content\/uploads\/2025\/10\/Captura-de-ecra-2025-10-01-as-10.26.07.png\" \/>\n\t<meta property=\"og:image:width\" content=\"1190\" \/>\n\t<meta property=\"og:image:height\" content=\"1038\" \/>\n\t<meta property=\"og:image:type\" content=\"image\/png\" \/>\n<meta name=\"twitter:card\" content=\"summary_large_image\" \/>\n<meta name=\"twitter:label1\" content=\"pre\u00e7o\" \/>\n\t<meta name=\"twitter:data1\" content=\"&euro;20,00 + 23% VAT\" \/>\n\t<meta name=\"twitter:label2\" content=\"Disponibilidade\" \/>\n\t<meta name=\"twitter:data2\" content=\"Em stock\" \/>\n<script type=\"application\/ld+json\" class=\"yoast-schema-graph\">{\"@context\":\"https:\\\/\\\/schema.org\",\"@graph\":[{\"@type\":[\"WebPage\",\"ItemPage\"],\"@id\":\"https:\\\/\\\/comuna.pt\\\/pt-pt\\\/product\\\/kit-de-barra-transversal-para-suporte-de-fundo-manfrotto-272b\\\/\",\"url\":\"https:\\\/\\\/comuna.pt\\\/pt-pt\\\/product\\\/kit-de-barra-transversal-para-suporte-de-fundo-manfrotto-272b\\\/\",\"name\":\"Kit de Barra Transversal para Suporte de Fundo Manfrotto 272B | Comuna Studios &amp; Equipment Rental\",\"isPartOf\":{\"@id\":\"https:\\\/\\\/comuna.pt\\\/pt-pt\\\/#website\"},\"primaryImageOfPage\":{\"@id\":\"https:\\\/\\\/comuna.pt\\\/pt-pt\\\/product\\\/kit-de-barra-transversal-para-suporte-de-fundo-manfrotto-272b\\\/#primaryimage\"},\"image\":{\"@id\":\"https:\\\/\\\/comuna.pt\\\/pt-pt\\\/product\\\/kit-de-barra-transversal-para-suporte-de-fundo-manfrotto-272b\\\/#primaryimage\"},\"thumbnailUrl\":\"https:\\\/\\\/comuna.pt\\\/wp-content\\\/uploads\\\/2025\\\/10\\\/Captura-de-ecra-2025-10-01-as-10.26.07.png\",\"datePublished\":\"2025-10-01T10:24:01+00:00\",\"dateModified\":\"2026-01-28T20:17:12+00:00\",\"description\":\"O Kit Manfrotto 272B para suporte de fundos estende-se at\u00e9 3m, ideal para fixar fundos com seguran\u00e7a em est\u00fadio ou produ\u00e7\u00f5es de v\u00eddeo.\",\"breadcrumb\":{\"@id\":\"https:\\\/\\\/comuna.pt\\\/pt-pt\\\/product\\\/kit-de-barra-transversal-para-suporte-de-fundo-manfrotto-272b\\\/#breadcrumb\"},\"inLanguage\":\"pt-PT\",\"potentialAction\":[{\"@type\":\"ReadAction\",\"target\":[\"https:\\\/\\\/comuna.pt\\\/pt-pt\\\/product\\\/kit-de-barra-transversal-para-suporte-de-fundo-manfrotto-272b\\\/\"]}]},{\"@type\":\"ImageObject\",\"inLanguage\":\"pt-PT\",\"@id\":\"https:\\\/\\\/comuna.pt\\\/pt-pt\\\/product\\\/kit-de-barra-transversal-para-suporte-de-fundo-manfrotto-272b\\\/#primaryimage\",\"url\":\"https:\\\/\\\/comuna.pt\\\/wp-content\\\/uploads\\\/2025\\\/10\\\/Captura-de-ecra-2025-10-01-as-10.26.07.png\",\"contentUrl\":\"https:\\\/\\\/comuna.pt\\\/wp-content\\\/uploads\\\/2025\\\/10\\\/Captura-de-ecra-2025-10-01-as-10.26.07.png\",\"width\":1190,\"height\":1038},{\"@type\":\"BreadcrumbList\",\"@id\":\"https:\\\/\\\/comuna.pt\\\/pt-pt\\\/product\\\/kit-de-barra-transversal-para-suporte-de-fundo-manfrotto-272b\\\/#breadcrumb\",\"itemListElement\":[{\"@type\":\"ListItem\",\"position\":1,\"name\":\"Home\",\"item\":\"https:\\\/\\\/comuna.pt\\\/pt-pt\\\/\"},{\"@type\":\"ListItem\",\"position\":2,\"name\":\"Produtos\"},{\"@type\":\"ListItem\",\"position\":3,\"name\":\"Grip e Trip\u00e9s\",\"item\":\"https:\\\/\\\/comuna.pt\\\/pt-pt\\\/Categoria\\\/grip-e-tripes\\\/\"},{\"@type\":\"ListItem\",\"position\":4,\"name\":\"Kit de Barra Transversal para Suporte de Fundo Manfrotto 272B\"}]},{\"@type\":\"WebSite\",\"@id\":\"https:\\\/\\\/comuna.pt\\\/pt-pt\\\/#website\",\"url\":\"https:\\\/\\\/comuna.pt\\\/pt-pt\\\/\",\"name\":\"Comuna Rental House\",\"description\":\"Photo studios, Podcast &amp; Equipment Rental\",\"publisher\":{\"@id\":\"https:\\\/\\\/comuna.pt\\\/pt-pt\\\/#organization\"},\"alternateName\":\"Comuna Filmmaking Equipment Rental\",\"potentialAction\":[{\"@type\":\"SearchAction\",\"target\":{\"@type\":\"EntryPoint\",\"urlTemplate\":\"https:\\\/\\\/comuna.pt\\\/pt-pt\\\/?s={search_term_string}\"},\"query-input\":{\"@type\":\"PropertyValueSpecification\",\"valueRequired\":true,\"valueName\":\"search_term_string\"}}],\"inLanguage\":\"pt-PT\"},{\"@type\":\"Organization\",\"@id\":\"https:\\\/\\\/comuna.pt\\\/pt-pt\\\/#organization\",\"name\":\"Comuna Rental House\",\"url\":\"https:\\\/\\\/comuna.pt\\\/pt-pt\\\/\",\"logo\":{\"@type\":\"ImageObject\",\"inLanguage\":\"pt-PT\",\"@id\":\"https:\\\/\\\/comuna.pt\\\/pt-pt\\\/#\\\/schema\\\/logo\\\/image\\\/\",\"url\":\"https:\\\/\\\/comuna.pt\\\/wp-content\\\/uploads\\\/2024\\\/03\\\/comuna_logo_website.png\",\"contentUrl\":\"https:\\\/\\\/comuna.pt\\\/wp-content\\\/uploads\\\/2024\\\/03\\\/comuna_logo_website.png\",\"width\":2000,\"height\":262,\"caption\":\"Comuna Rental House\"},\"image\":{\"@id\":\"https:\\\/\\\/comuna.pt\\\/pt-pt\\\/#\\\/schema\\\/logo\\\/image\\\/\"},\"sameAs\":[\"http:\\\/\\\/facebook.com\\\/comuna.rental\",\"https:\\\/\\\/www.instagram.com\\\/comuna_rental\",\"https:\\\/\\\/www.linkedin.com\\\/company\\\/96410498\"]}]}<\/script>\n<meta property=\"product:price:amount\" content=\"20.00\" \/>\n<meta property=\"product:price:currency\" content=\"EUR\" \/>\n<meta property=\"og:availability\" content=\"instock\" \/>\n<meta property=\"product:availability\" content=\"instock\" \/>\n<meta property=\"product:condition\" content=\"new\" \/>\n<!-- \/ Yoast SEO Premium plugin. -->","yoast_head_json":{"title":"Kit de Barra Transversal para Suporte de Fundo Manfrotto 272B | Comuna Studios &amp; Equipment Rental","description":"O Kit Manfrotto 272B para suporte de fundos estende-se at\u00e9 3m, ideal para fixar fundos com seguran\u00e7a em est\u00fadio ou produ\u00e7\u00f5es de v\u00eddeo.","robots":{"index":"index","follow":"follow","max-snippet":"max-snippet:-1","max-image-preview":"max-image-preview:large","max-video-preview":"max-video-preview:-1"},"canonical":"https:\/\/comuna.pt\/pt-pt\/product\/kit-de-barra-transversal-para-suporte-de-fundo-manfrotto-272b\/","og_locale":"pt_PT","og_type":"article","og_title":"Kit de Barra Transversal para Suporte de Fundo Manfrotto 272B","og_description":"O Kit Manfrotto 272B para suporte de fundos estende-se at\u00e9 3m, ideal para fixar fundos com seguran\u00e7a em est\u00fadio ou produ\u00e7\u00f5es de v\u00eddeo.","og_url":"https:\/\/comuna.pt\/pt-pt\/product\/kit-de-barra-transversal-para-suporte-de-fundo-manfrotto-272b\/","og_site_name":"Comuna Studios &amp; Equipment Rental","article_publisher":"http:\/\/facebook.com\/comuna.rental","article_modified_time":"2026-01-28T20:17:12+00:00","og_image":[{"width":1190,"height":1038,"url":"https:\/\/comuna.pt\/wp-content\/uploads\/2025\/10\/Captura-de-ecra-2025-10-01-as-10.26.07.png","type":"image\/png"}],"twitter_card":"summary_large_image","twitter_misc":{"pre\u00e7o":"&euro;20,00 + 23% VAT","Disponibilidade":"Em stock"},"schema":{"@context":"https:\/\/schema.org","@graph":[{"@type":["WebPage","ItemPage"],"@id":"https:\/\/comuna.pt\/pt-pt\/product\/kit-de-barra-transversal-para-suporte-de-fundo-manfrotto-272b\/","url":"https:\/\/comuna.pt\/pt-pt\/product\/kit-de-barra-transversal-para-suporte-de-fundo-manfrotto-272b\/","name":"Kit de Barra Transversal para Suporte de Fundo Manfrotto 272B | Comuna Studios &amp; Equipment Rental","isPartOf":{"@id":"https:\/\/comuna.pt\/pt-pt\/#website"},"primaryImageOfPage":{"@id":"https:\/\/comuna.pt\/pt-pt\/product\/kit-de-barra-transversal-para-suporte-de-fundo-manfrotto-272b\/#primaryimage"},"image":{"@id":"https:\/\/comuna.pt\/pt-pt\/product\/kit-de-barra-transversal-para-suporte-de-fundo-manfrotto-272b\/#primaryimage"},"thumbnailUrl":"https:\/\/comuna.pt\/wp-content\/uploads\/2025\/10\/Captura-de-ecra-2025-10-01-as-10.26.07.png","datePublished":"2025-10-01T10:24:01+00:00","dateModified":"2026-01-28T20:17:12+00:00","description":"O Kit Manfrotto 272B para suporte de fundos estende-se at\u00e9 3m, ideal para fixar fundos com seguran\u00e7a em est\u00fadio ou produ\u00e7\u00f5es de v\u00eddeo.","breadcrumb":{"@id":"https:\/\/comuna.pt\/pt-pt\/product\/kit-de-barra-transversal-para-suporte-de-fundo-manfrotto-272b\/#breadcrumb"},"inLanguage":"pt-PT","potentialAction":[{"@type":"ReadAction","target":["https:\/\/comuna.pt\/pt-pt\/product\/kit-de-barra-transversal-para-suporte-de-fundo-manfrotto-272b\/"]}]},{"@type":"ImageObject","inLanguage":"pt-PT","@id":"https:\/\/comuna.pt\/pt-pt\/product\/kit-de-barra-transversal-para-suporte-de-fundo-manfrotto-272b\/#primaryimage","url":"https:\/\/comuna.pt\/wp-content\/uploads\/2025\/10\/Captura-de-ecra-2025-10-01-as-10.26.07.png","contentUrl":"https:\/\/comuna.pt\/wp-content\/uploads\/2025\/10\/Captura-de-ecra-2025-10-01-as-10.26.07.png","width":1190,"height":1038},{"@type":"BreadcrumbList","@id":"https:\/\/comuna.pt\/pt-pt\/product\/kit-de-barra-transversal-para-suporte-de-fundo-manfrotto-272b\/#breadcrumb","itemListElement":[{"@type":"ListItem","position":1,"name":"Home","item":"https:\/\/comuna.pt\/pt-pt\/"},{"@type":"ListItem","position":2,"name":"Produtos"},{"@type":"ListItem","position":3,"name":"Grip e Trip\u00e9s","item":"https:\/\/comuna.pt\/pt-pt\/Categoria\/grip-e-tripes\/"},{"@type":"ListItem","position":4,"name":"Kit de Barra Transversal para Suporte de Fundo Manfrotto 272B"}]},{"@type":"WebSite","@id":"https:\/\/comuna.pt\/pt-pt\/#website","url":"https:\/\/comuna.pt\/pt-pt\/","name":"Comuna Rental House","description":"Photo studios, Podcast &amp; Equipment Rental","publisher":{"@id":"https:\/\/comuna.pt\/pt-pt\/#organization"},"alternateName":"Comuna Filmmaking Equipment Rental","potentialAction":[{"@type":"SearchAction","target":{"@type":"EntryPoint","urlTemplate":"https:\/\/comuna.pt\/pt-pt\/?s={search_term_string}"},"query-input":{"@type":"PropertyValueSpecification","valueRequired":true,"valueName":"search_term_string"}}],"inLanguage":"pt-PT"},{"@type":"Organization","@id":"https:\/\/comuna.pt\/pt-pt\/#organization","name":"Comuna Rental House","url":"https:\/\/comuna.pt\/pt-pt\/","logo":{"@type":"ImageObject","inLanguage":"pt-PT","@id":"https:\/\/comuna.pt\/pt-pt\/#\/schema\/logo\/image\/","url":"https:\/\/comuna.pt\/wp-content\/uploads\/2024\/03\/comuna_logo_website.png","contentUrl":"https:\/\/comuna.pt\/wp-content\/uploads\/2024\/03\/comuna_logo_website.png","width":2000,"height":262,"caption":"Comuna Rental House"},"image":{"@id":"https:\/\/comuna.pt\/pt-pt\/#\/schema\/logo\/image\/"},"sameAs":["http:\/\/facebook.com\/comuna.rental","https:\/\/www.instagram.com\/comuna_rental","https:\/\/www.linkedin.com\/company\/96410498"]}]},"product_price_amount":"20.00","product_price_currency":"EUR","og_availability":"instock","product_availability":"instock","product_condition":"new"},"_links":{"self":[{"href":"https:\/\/comuna.pt\/pt-pt\/wp-json\/wp\/v2\/product\/17646","targetHints":{"allow":["GET"]}}],"collection":[{"href":"https:\/\/comuna.pt\/pt-pt\/wp-json\/wp\/v2\/product"}],"about":[{"href":"https:\/\/comuna.pt\/pt-pt\/wp-json\/wp\/v2\/types\/product"}],"version-history":[{"count":1,"href":"https:\/\/comuna.pt\/pt-pt\/wp-json\/wp\/v2\/product\/17646\/revisions"}],"predecessor-version":[{"id":17652,"href":"https:\/\/comuna.pt\/pt-pt\/wp-json\/wp\/v2\/product\/17646\/revisions\/17652"}],"wp:featuredmedia":[{"embeddable":true,"href":"https:\/\/comuna.pt\/pt-pt\/wp-json\/wp\/v2\/media\/17649"}],"wp:attachment":[{"href":"https:\/\/comuna.pt\/pt-pt\/wp-json\/wp\/v2\/media?parent=17646"}],"wp:term":[{"taxonomy":"product_brand","embeddable":true,"href":"https:\/\/comuna.pt\/pt-pt\/wp-json\/wp\/v2\/product_brand?post=17646"},{"taxonomy":"product_cat","embeddable":true,"href":"https:\/\/comuna.pt\/pt-pt\/wp-json\/wp\/v2\/product_cat?post=17646"},{"taxonomy":"product_tag","embeddable":true,"href":"https:\/\/comuna.pt\/pt-pt\/wp-json\/wp\/v2\/product_tag?post=17646"}],"curies":[{"name":"wp","href":"https:\/\/api.w.org\/{rel}","templated":true}]}}