{"id":17636,"date":"2025-09-20T14:46:17","date_gmt":"2025-09-20T13:46:17","guid":{"rendered":"https:\/\/comuna.pt\/product\/gerador-de-timecode-deity-tc-1-unidade-individual\/"},"modified":"2026-01-28T20:17:12","modified_gmt":"2026-01-28T20:17:12","slug":"gerador-de-timecode-deity-tc-1-unidade-individual","status":"publish","type":"product","link":"https:\/\/comuna.pt\/pt-pt\/product\/gerador-de-timecode-deity-tc-1-unidade-individual\/","title":{"rendered":"Gerador de Timecode Deity TC-1 \u2013 Unidade Individual"},"content":{"rendered":"<p data-start=\"425\" data-end=\"697\"><div class=\"booqable-product-button\" data-id=\"deity-tc-1-timecode-generator-single-unit\"><\/div><\/p>\n<p data-start=\"425\" data-end=\"697\">Gerador de Timecode Deity TC-1 &#8211; Unidade Individual | Sincroniza\u00e7\u00e3o Sem Fios via App<\/p>\n<p data-start=\"425\" data-end=\"697\">O <strong data-start=\"429\" data-end=\"443\">Deity TC-1<\/strong> \u00e9 um gerador de timecode compacto e de alta precis\u00e3o, concebido para operadores solo, t\u00e9cnicos de som e profissionais que trabalham com setups de uma \u00fanica c\u00e2mara. Suporta todos os formatos SMPTE standard e sincroniza-se sem fios via Bluetooth 5.0 ou 2.4 GHz com outras unidades TC-1.<\/p>\n<p data-start=\"699\" data-end=\"1027\">Equipado com um ecr\u00e3 OLED brilhante, porta de 3.5 mm com bloqueio (n\u00edvel mic ou linha), scratch mic integrado, carregamento USB-C e at\u00e9 28 horas de autonomia, o TC-1 \u00e9 ideal para sincronizar c\u00e2mara e gravador ou para inje\u00e7\u00e3o de timecode em sistemas mirrorless. Pode controlar todas as defini\u00e7\u00f5es atrav\u00e9s da <strong data-start=\"991\" data-end=\"1011\">app Sidus Audio\u2122<\/strong>, mesmo remotamente.<\/p>\n<p data-start=\"1029\" data-end=\"1433\">Comparado com o seu principal concorrente, o <strong data-start=\"1062\" data-end=\"1081\">Tentacle Sync E<\/strong>, o TC-1 oferece a vantagem clara de possuir um ecr\u00e3 integrado e sa\u00edda com bloqueio (locking jack).<\/p>\n","protected":false},"excerpt":{"rendered":"<p>Gerador de Timecode Deity TC-1 &#8211; Unidade Individual | Sincroniza\u00e7\u00e3o Sem Fios via App O Deity TC-1 \u00e9 um gerador de timecode compacto e de alta precis\u00e3o, concebido para operadores solo, t\u00e9cnicos de som e profissionais que trabalham com setups de uma \u00fanica c\u00e2mara. Suporta todos os formatos SMPTE standard e sincroniza-se sem fios via [&hellip;]<\/p>\n","protected":false},"featured_media":17641,"template":"","meta":[],"product_brand":[],"product_cat":[805872],"product_tag":[],"class_list":{"0":"post-17636","1":"product","2":"type-product","3":"status-publish","4":"has-post-thumbnail","6":"product_cat-som","8":"first","9":"instock","10":"taxable","11":"shipping-taxable","12":"purchasable","13":"product-type-simple"},"yoast_head":"<!-- This site is optimized with the Yoast SEO Premium plugin v27.4 (Yoast SEO v27.5) - https:\/\/yoast.com\/product\/yoast-seo-premium-wordpress\/ -->\n<title>Gerador de Timecode Deity TC-1 \u2013 Unidade Individual | Comuna Studios &amp; Equipment Rental<\/title>\n<meta name=\"description\" content=\"Alugue o Deity TC-1 em Lisboa \u2014 gera\u00e7\u00e3o de timecode sem fios, sincroniza\u00e7\u00e3o via app\/2.4GHz e scratch mic integrado. Ideal para setups de c\u00e2mara e gravador.\" \/>\n<meta name=\"robots\" content=\"index, follow, max-snippet:-1, max-image-preview:large, max-video-preview:-1\" \/>\n<link rel=\"canonical\" href=\"https:\/\/comuna.pt\/pt-pt\/product\/gerador-de-timecode-deity-tc-1-unidade-individual\/\" \/>\n<meta property=\"og:locale\" content=\"pt_PT\" \/>\n<meta property=\"og:type\" content=\"article\" \/>\n<meta property=\"og:title\" content=\"Gerador de Timecode Deity TC-1 \u2013 Unidade Individual\" \/>\n<meta property=\"og:description\" content=\"Alugue o Deity TC-1 em Lisboa \u2014 gera\u00e7\u00e3o de timecode sem fios, sincroniza\u00e7\u00e3o via app\/2.4GHz e scratch mic integrado. Ideal para setups de c\u00e2mara e gravador.\" \/>\n<meta property=\"og:url\" content=\"https:\/\/comuna.pt\/pt-pt\/product\/gerador-de-timecode-deity-tc-1-unidade-individual\/\" \/>\n<meta property=\"og:site_name\" content=\"Comuna Studios &amp; Equipment Rental\" \/>\n<meta property=\"article:publisher\" content=\"http:\/\/facebook.com\/comuna.rental\" \/>\n<meta property=\"article:modified_time\" content=\"2026-01-28T20:17:12+00:00\" \/>\n<meta property=\"og:image\" content=\"https:\/\/comuna.pt\/wp-content\/uploads\/2025\/09\/1652971557_IMG_1752850-1.jpg\" \/>\n\t<meta property=\"og:image:width\" content=\"500\" \/>\n\t<meta property=\"og:image:height\" content=\"500\" \/>\n\t<meta property=\"og:image:type\" content=\"image\/jpeg\" \/>\n<meta name=\"twitter:card\" content=\"summary_large_image\" \/>\n<meta name=\"twitter:label1\" content=\"pre\u00e7o\" \/>\n\t<meta name=\"twitter:data1\" content=\"&euro;15,00 + 23% VAT\" \/>\n\t<meta name=\"twitter:label2\" content=\"Disponibilidade\" \/>\n\t<meta name=\"twitter:data2\" content=\"Em stock\" \/>\n<script type=\"application\/ld+json\" class=\"yoast-schema-graph\">{\"@context\":\"https:\\\/\\\/schema.org\",\"@graph\":[{\"@type\":[\"WebPage\",\"ItemPage\"],\"@id\":\"https:\\\/\\\/comuna.pt\\\/pt-pt\\\/product\\\/gerador-de-timecode-deity-tc-1-unidade-individual\\\/\",\"url\":\"https:\\\/\\\/comuna.pt\\\/pt-pt\\\/product\\\/gerador-de-timecode-deity-tc-1-unidade-individual\\\/\",\"name\":\"Gerador de Timecode Deity TC-1 \u2013 Unidade Individual | Comuna Studios &amp; Equipment Rental\",\"isPartOf\":{\"@id\":\"https:\\\/\\\/comuna.pt\\\/pt-pt\\\/#website\"},\"primaryImageOfPage\":{\"@id\":\"https:\\\/\\\/comuna.pt\\\/pt-pt\\\/product\\\/gerador-de-timecode-deity-tc-1-unidade-individual\\\/#primaryimage\"},\"image\":{\"@id\":\"https:\\\/\\\/comuna.pt\\\/pt-pt\\\/product\\\/gerador-de-timecode-deity-tc-1-unidade-individual\\\/#primaryimage\"},\"thumbnailUrl\":\"https:\\\/\\\/comuna.pt\\\/wp-content\\\/uploads\\\/2025\\\/09\\\/1652971557_IMG_1752850-1.jpg\",\"datePublished\":\"2025-09-20T13:46:17+00:00\",\"dateModified\":\"2026-01-28T20:17:12+00:00\",\"description\":\"Alugue o Deity TC-1 em Lisboa \u2014 gera\u00e7\u00e3o de timecode sem fios, sincroniza\u00e7\u00e3o via app\\\/2.4GHz e scratch mic integrado. Ideal para setups de c\u00e2mara e gravador.\",\"breadcrumb\":{\"@id\":\"https:\\\/\\\/comuna.pt\\\/pt-pt\\\/product\\\/gerador-de-timecode-deity-tc-1-unidade-individual\\\/#breadcrumb\"},\"inLanguage\":\"pt-PT\",\"potentialAction\":[{\"@type\":\"ReadAction\",\"target\":[\"https:\\\/\\\/comuna.pt\\\/pt-pt\\\/product\\\/gerador-de-timecode-deity-tc-1-unidade-individual\\\/\"]}]},{\"@type\":\"ImageObject\",\"inLanguage\":\"pt-PT\",\"@id\":\"https:\\\/\\\/comuna.pt\\\/pt-pt\\\/product\\\/gerador-de-timecode-deity-tc-1-unidade-individual\\\/#primaryimage\",\"url\":\"https:\\\/\\\/comuna.pt\\\/wp-content\\\/uploads\\\/2025\\\/09\\\/1652971557_IMG_1752850-1.jpg\",\"contentUrl\":\"https:\\\/\\\/comuna.pt\\\/wp-content\\\/uploads\\\/2025\\\/09\\\/1652971557_IMG_1752850-1.jpg\",\"width\":500,\"height\":500},{\"@type\":\"BreadcrumbList\",\"@id\":\"https:\\\/\\\/comuna.pt\\\/pt-pt\\\/product\\\/gerador-de-timecode-deity-tc-1-unidade-individual\\\/#breadcrumb\",\"itemListElement\":[{\"@type\":\"ListItem\",\"position\":1,\"name\":\"Home\",\"item\":\"https:\\\/\\\/comuna.pt\\\/pt-pt\\\/\"},{\"@type\":\"ListItem\",\"position\":2,\"name\":\"Produtos\"},{\"@type\":\"ListItem\",\"position\":3,\"name\":\"Som\",\"item\":\"https:\\\/\\\/comuna.pt\\\/pt-pt\\\/Categoria\\\/som\\\/\"},{\"@type\":\"ListItem\",\"position\":4,\"name\":\"Gerador de Timecode Deity TC-1 \u2013 Unidade Individual\"}]},{\"@type\":\"WebSite\",\"@id\":\"https:\\\/\\\/comuna.pt\\\/pt-pt\\\/#website\",\"url\":\"https:\\\/\\\/comuna.pt\\\/pt-pt\\\/\",\"name\":\"Comuna Rental House\",\"description\":\"Photo studios, Podcast &amp; Equipment Rental\",\"publisher\":{\"@id\":\"https:\\\/\\\/comuna.pt\\\/pt-pt\\\/#organization\"},\"alternateName\":\"Comuna Filmmaking Equipment Rental\",\"potentialAction\":[{\"@type\":\"SearchAction\",\"target\":{\"@type\":\"EntryPoint\",\"urlTemplate\":\"https:\\\/\\\/comuna.pt\\\/pt-pt\\\/?s={search_term_string}\"},\"query-input\":{\"@type\":\"PropertyValueSpecification\",\"valueRequired\":true,\"valueName\":\"search_term_string\"}}],\"inLanguage\":\"pt-PT\"},{\"@type\":\"Organization\",\"@id\":\"https:\\\/\\\/comuna.pt\\\/pt-pt\\\/#organization\",\"name\":\"Comuna Rental House\",\"url\":\"https:\\\/\\\/comuna.pt\\\/pt-pt\\\/\",\"logo\":{\"@type\":\"ImageObject\",\"inLanguage\":\"pt-PT\",\"@id\":\"https:\\\/\\\/comuna.pt\\\/pt-pt\\\/#\\\/schema\\\/logo\\\/image\\\/\",\"url\":\"https:\\\/\\\/comuna.pt\\\/wp-content\\\/uploads\\\/2024\\\/03\\\/comuna_logo_website.png\",\"contentUrl\":\"https:\\\/\\\/comuna.pt\\\/wp-content\\\/uploads\\\/2024\\\/03\\\/comuna_logo_website.png\",\"width\":2000,\"height\":262,\"caption\":\"Comuna Rental House\"},\"image\":{\"@id\":\"https:\\\/\\\/comuna.pt\\\/pt-pt\\\/#\\\/schema\\\/logo\\\/image\\\/\"},\"sameAs\":[\"http:\\\/\\\/facebook.com\\\/comuna.rental\",\"https:\\\/\\\/www.instagram.com\\\/comuna_rental\",\"https:\\\/\\\/www.linkedin.com\\\/company\\\/96410498\"]}]}<\/script>\n<meta property=\"product:price:amount\" content=\"15.00\" \/>\n<meta property=\"product:price:currency\" content=\"EUR\" \/>\n<meta property=\"og:availability\" content=\"instock\" \/>\n<meta property=\"product:availability\" content=\"instock\" \/>\n<meta property=\"product:condition\" content=\"new\" \/>\n<!-- \/ Yoast SEO Premium plugin. -->","yoast_head_json":{"title":"Gerador de Timecode Deity TC-1 \u2013 Unidade Individual | Comuna Studios &amp; Equipment Rental","description":"Alugue o Deity TC-1 em Lisboa \u2014 gera\u00e7\u00e3o de timecode sem fios, sincroniza\u00e7\u00e3o via app\/2.4GHz e scratch mic integrado. Ideal para setups de c\u00e2mara e gravador.","robots":{"index":"index","follow":"follow","max-snippet":"max-snippet:-1","max-image-preview":"max-image-preview:large","max-video-preview":"max-video-preview:-1"},"canonical":"https:\/\/comuna.pt\/pt-pt\/product\/gerador-de-timecode-deity-tc-1-unidade-individual\/","og_locale":"pt_PT","og_type":"article","og_title":"Gerador de Timecode Deity TC-1 \u2013 Unidade Individual","og_description":"Alugue o Deity TC-1 em Lisboa \u2014 gera\u00e7\u00e3o de timecode sem fios, sincroniza\u00e7\u00e3o via app\/2.4GHz e scratch mic integrado. Ideal para setups de c\u00e2mara e gravador.","og_url":"https:\/\/comuna.pt\/pt-pt\/product\/gerador-de-timecode-deity-tc-1-unidade-individual\/","og_site_name":"Comuna Studios &amp; Equipment Rental","article_publisher":"http:\/\/facebook.com\/comuna.rental","article_modified_time":"2026-01-28T20:17:12+00:00","og_image":[{"width":500,"height":500,"url":"https:\/\/comuna.pt\/wp-content\/uploads\/2025\/09\/1652971557_IMG_1752850-1.jpg","type":"image\/jpeg"}],"twitter_card":"summary_large_image","twitter_misc":{"pre\u00e7o":"&euro;15,00 + 23% VAT","Disponibilidade":"Em stock"},"schema":{"@context":"https:\/\/schema.org","@graph":[{"@type":["WebPage","ItemPage"],"@id":"https:\/\/comuna.pt\/pt-pt\/product\/gerador-de-timecode-deity-tc-1-unidade-individual\/","url":"https:\/\/comuna.pt\/pt-pt\/product\/gerador-de-timecode-deity-tc-1-unidade-individual\/","name":"Gerador de Timecode Deity TC-1 \u2013 Unidade Individual | Comuna Studios &amp; Equipment Rental","isPartOf":{"@id":"https:\/\/comuna.pt\/pt-pt\/#website"},"primaryImageOfPage":{"@id":"https:\/\/comuna.pt\/pt-pt\/product\/gerador-de-timecode-deity-tc-1-unidade-individual\/#primaryimage"},"image":{"@id":"https:\/\/comuna.pt\/pt-pt\/product\/gerador-de-timecode-deity-tc-1-unidade-individual\/#primaryimage"},"thumbnailUrl":"https:\/\/comuna.pt\/wp-content\/uploads\/2025\/09\/1652971557_IMG_1752850-1.jpg","datePublished":"2025-09-20T13:46:17+00:00","dateModified":"2026-01-28T20:17:12+00:00","description":"Alugue o Deity TC-1 em Lisboa \u2014 gera\u00e7\u00e3o de timecode sem fios, sincroniza\u00e7\u00e3o via app\/2.4GHz e scratch mic integrado. Ideal para setups de c\u00e2mara e gravador.","breadcrumb":{"@id":"https:\/\/comuna.pt\/pt-pt\/product\/gerador-de-timecode-deity-tc-1-unidade-individual\/#breadcrumb"},"inLanguage":"pt-PT","potentialAction":[{"@type":"ReadAction","target":["https:\/\/comuna.pt\/pt-pt\/product\/gerador-de-timecode-deity-tc-1-unidade-individual\/"]}]},{"@type":"ImageObject","inLanguage":"pt-PT","@id":"https:\/\/comuna.pt\/pt-pt\/product\/gerador-de-timecode-deity-tc-1-unidade-individual\/#primaryimage","url":"https:\/\/comuna.pt\/wp-content\/uploads\/2025\/09\/1652971557_IMG_1752850-1.jpg","contentUrl":"https:\/\/comuna.pt\/wp-content\/uploads\/2025\/09\/1652971557_IMG_1752850-1.jpg","width":500,"height":500},{"@type":"BreadcrumbList","@id":"https:\/\/comuna.pt\/pt-pt\/product\/gerador-de-timecode-deity-tc-1-unidade-individual\/#breadcrumb","itemListElement":[{"@type":"ListItem","position":1,"name":"Home","item":"https:\/\/comuna.pt\/pt-pt\/"},{"@type":"ListItem","position":2,"name":"Produtos"},{"@type":"ListItem","position":3,"name":"Som","item":"https:\/\/comuna.pt\/pt-pt\/Categoria\/som\/"},{"@type":"ListItem","position":4,"name":"Gerador de Timecode Deity TC-1 \u2013 Unidade Individual"}]},{"@type":"WebSite","@id":"https:\/\/comuna.pt\/pt-pt\/#website","url":"https:\/\/comuna.pt\/pt-pt\/","name":"Comuna Rental House","description":"Photo studios, Podcast &amp; Equipment Rental","publisher":{"@id":"https:\/\/comuna.pt\/pt-pt\/#organization"},"alternateName":"Comuna Filmmaking Equipment Rental","potentialAction":[{"@type":"SearchAction","target":{"@type":"EntryPoint","urlTemplate":"https:\/\/comuna.pt\/pt-pt\/?s={search_term_string}"},"query-input":{"@type":"PropertyValueSpecification","valueRequired":true,"valueName":"search_term_string"}}],"inLanguage":"pt-PT"},{"@type":"Organization","@id":"https:\/\/comuna.pt\/pt-pt\/#organization","name":"Comuna Rental House","url":"https:\/\/comuna.pt\/pt-pt\/","logo":{"@type":"ImageObject","inLanguage":"pt-PT","@id":"https:\/\/comuna.pt\/pt-pt\/#\/schema\/logo\/image\/","url":"https:\/\/comuna.pt\/wp-content\/uploads\/2024\/03\/comuna_logo_website.png","contentUrl":"https:\/\/comuna.pt\/wp-content\/uploads\/2024\/03\/comuna_logo_website.png","width":2000,"height":262,"caption":"Comuna Rental House"},"image":{"@id":"https:\/\/comuna.pt\/pt-pt\/#\/schema\/logo\/image\/"},"sameAs":["http:\/\/facebook.com\/comuna.rental","https:\/\/www.instagram.com\/comuna_rental","https:\/\/www.linkedin.com\/company\/96410498"]}]},"product_price_amount":"15.00","product_price_currency":"EUR","og_availability":"instock","product_availability":"instock","product_condition":"new"},"_links":{"self":[{"href":"https:\/\/comuna.pt\/pt-pt\/wp-json\/wp\/v2\/product\/17636","targetHints":{"allow":["GET"]}}],"collection":[{"href":"https:\/\/comuna.pt\/pt-pt\/wp-json\/wp\/v2\/product"}],"about":[{"href":"https:\/\/comuna.pt\/pt-pt\/wp-json\/wp\/v2\/types\/product"}],"version-history":[{"count":16,"href":"https:\/\/comuna.pt\/pt-pt\/wp-json\/wp\/v2\/product\/17636\/revisions"}],"predecessor-version":[{"id":17683,"href":"https:\/\/comuna.pt\/pt-pt\/wp-json\/wp\/v2\/product\/17636\/revisions\/17683"}],"wp:featuredmedia":[{"embeddable":true,"href":"https:\/\/comuna.pt\/pt-pt\/wp-json\/wp\/v2\/media\/17641"}],"wp:attachment":[{"href":"https:\/\/comuna.pt\/pt-pt\/wp-json\/wp\/v2\/media?parent=17636"}],"wp:term":[{"taxonomy":"product_brand","embeddable":true,"href":"https:\/\/comuna.pt\/pt-pt\/wp-json\/wp\/v2\/product_brand?post=17636"},{"taxonomy":"product_cat","embeddable":true,"href":"https:\/\/comuna.pt\/pt-pt\/wp-json\/wp\/v2\/product_cat?post=17636"},{"taxonomy":"product_tag","embeddable":true,"href":"https:\/\/comuna.pt\/pt-pt\/wp-json\/wp\/v2\/product_tag?post=17636"}],"curies":[{"name":"wp","href":"https:\/\/api.w.org\/{rel}","templated":true}]}}