{"id":17604,"date":"2025-10-21T13:44:08","date_gmt":"2025-10-21T12:44:08","guid":{"rendered":"https:\/\/comuna.pt\/product\/tripe-sirui-compacto-traveler-5cx\/"},"modified":"2026-01-28T20:15:55","modified_gmt":"2026-01-28T20:15:55","slug":"tripe-sirui-compacto-traveler-5cx","status":"publish","type":"product","link":"https:\/\/comuna.pt\/pt-pt\/product\/tripe-sirui-compacto-traveler-5cx\/","title":{"rendered":"Trip\u00e9 SIRUI Compacto &#8211; Traveler 5CX"},"content":{"rendered":"<article class=\"text-token-text-primary w-full focus:outline-none [--shadow-height:45px] has-data-writing-block:pointer-events-none has-data-writing-block:-mt-(--shadow-height) has-data-writing-block:pt-(--shadow-height) [&amp;:has([data-writing-block])&gt;*]:pointer-events-auto scroll-mt-[calc(var(--header-height)+min(200px,max(70px,20svh)))]\" dir=\"auto\" tabindex=\"-1\" data-turn-id=\"request-WEB:969618a7-95f9-44db-b63d-b63d1e84329b-6\" data-testid=\"conversation-turn-14\" data-scroll-anchor=\"true\" data-turn=\"assistant\">\n<div class=\"text-base my-auto mx-auto pb-10 [--thread-content-margin:--spacing(4)] thread-sm:[--thread-content-margin:--spacing(6)] thread-lg:[--thread-content-margin:--spacing(16)] px-(--thread-content-margin)\">\n<div class=\"[--thread-content-max-width:40rem] thread-lg:[--thread-content-max-width:48rem] mx-auto max-w-(--thread-content-max-width) flex-1 group\/turn-messages focus-visible:outline-hidden relative flex w-full min-w-0 flex-col agent-turn\" tabindex=\"-1\">\n<div class=\"flex max-w-full flex-col grow\">\n<div class=\"min-h-8 text-message relative flex w-full flex-col items-end gap-2 text-start break-words whitespace-normal [.text-message+&amp;]:mt-1\" dir=\"auto\" data-message-author-role=\"assistant\" data-message-id=\"a1ab0e44-4536-4c9b-b9bc-7a4ff44de4b6\" data-message-model-slug=\"gpt-5\">\n<div class=\"flex w-full flex-col gap-1 empty:hidden first:pt-[1px]\">\n<div class=\"markdown prose dark:prose-invert w-full break-words light markdown-new-styling\">\n<p data-start=\"95\" data-end=\"820\" data-is-last-node=\"\" data-is-only-node=\"\"><div class=\"booqable-product-button\" data-id=\"tripod-sirui-compact-traveler-5cx\"><\/div><\/p>\n<p data-start=\"95\" data-end=\"820\">O <a class=\"decorated-link cursor-pointer\" target=\"_new\" rel=\"noopener\"><strong data-start=\"100\" data-end=\"122\">SIRUI Traveler 5CX<\/strong><\/a> \u00e9 um trip\u00e9 de viagem ultra-compacto em fibra de carbono, concebido para fot\u00f3grafos e vide\u00f3grafos que exigem portabilidade sem sacrificar a estabilidade. Com um comprimento fechado de apenas ~33 cm e um peso inferior a 1 kg, \u00e9 ideal para viagens e uso em movimento, suportando no entanto at\u00e9 6 kg de carga \u2014 o que o torna adequado para sistemas mirrorless e DSLRs leves. As pernas de 5 sec\u00e7\u00f5es dobram-se a 180\u00b0, a coluna central revers\u00edvel permite planos de \u00e2ngulo baixo e a <strong data-start=\"673\" data-end=\"692\">cabe\u00e7a de r\u00f3tula B-00K<\/strong> inclu\u00edda oferece um controlo suave com rota\u00e7\u00e3o panor\u00e2mica de 360\u00b0.<\/p>\n","protected":false},"excerpt":{"rendered":"<p>O SIRUI Traveler 5CX \u00e9 um trip\u00e9 de viagem ultra-compacto em fibra de carbono, concebido para fot\u00f3grafos e vide\u00f3grafos que exigem portabilidade sem sacrificar a estabilidade. Com um comprimento fechado de apenas ~33 cm e um peso inferior a 1 kg, \u00e9 ideal para viagens e uso em movimento, suportando no entanto at\u00e9 6 kg [&hellip;]<\/p>\n","protected":false},"featured_media":17605,"template":"","meta":[],"product_brand":[],"product_cat":[805878],"product_tag":[],"class_list":{"0":"post-17604","1":"product","2":"type-product","3":"status-publish","4":"has-post-thumbnail","6":"product_cat-tripes-e-rigs","8":"first","9":"instock","10":"taxable","11":"shipping-taxable","12":"purchasable","13":"product-type-simple"},"yoast_head":"<!-- This site is optimized with the Yoast SEO Premium plugin v27.4 (Yoast SEO v27.5) - https:\/\/yoast.com\/product\/yoast-seo-premium-wordpress\/ -->\n<title>Trip\u00e9 SIRUI Compacto - Traveler 5CX | Comuna Studios &amp; Equipment Rental<\/title>\n<meta name=\"description\" content=\"Alugue o SIRUI Traveler 5CX em Lisboa \u2014 trip\u00e9 de viagem ultra-leve em fibra de carbono, suporta at\u00e9 6 kg e fecha at\u00e9 ~33 cm. Ideal para vlogging e exteriores.\" \/>\n<meta name=\"robots\" content=\"index, follow, max-snippet:-1, max-image-preview:large, max-video-preview:-1\" \/>\n<link rel=\"canonical\" href=\"https:\/\/comuna.pt\/pt-pt\/product\/tripe-sirui-compacto-traveler-5cx\/\" \/>\n<meta property=\"og:locale\" content=\"pt_PT\" \/>\n<meta property=\"og:type\" content=\"article\" \/>\n<meta property=\"og:title\" content=\"Trip\u00e9 SIRUI Compacto - Traveler 5CX\" \/>\n<meta property=\"og:description\" content=\"Alugue o SIRUI Traveler 5CX em Lisboa \u2014 trip\u00e9 de viagem ultra-leve em fibra de carbono, suporta at\u00e9 6 kg e fecha at\u00e9 ~33 cm. Ideal para vlogging e exteriores.\" \/>\n<meta property=\"og:url\" content=\"https:\/\/comuna.pt\/pt-pt\/product\/tripe-sirui-compacto-traveler-5cx\/\" \/>\n<meta property=\"og:site_name\" content=\"Comuna Studios &amp; Equipment Rental\" \/>\n<meta property=\"article:publisher\" content=\"http:\/\/facebook.com\/comuna.rental\" \/>\n<meta property=\"article:modified_time\" content=\"2026-01-28T20:15:55+00:00\" \/>\n<meta property=\"og:image\" content=\"https:\/\/comuna.pt\/wp-content\/uploads\/2025\/10\/2025-10-2113.38.45.png\" \/>\n\t<meta property=\"og:image:width\" content=\"1004\" \/>\n\t<meta property=\"og:image:height\" content=\"908\" \/>\n\t<meta property=\"og:image:type\" content=\"image\/png\" \/>\n<meta name=\"twitter:card\" content=\"summary_large_image\" \/>\n<meta name=\"twitter:label1\" content=\"pre\u00e7o\" \/>\n\t<meta name=\"twitter:data1\" content=\"&euro;10,00 + 23% VAT\" \/>\n\t<meta name=\"twitter:label2\" content=\"Disponibilidade\" \/>\n\t<meta name=\"twitter:data2\" content=\"Em stock\" \/>\n<script type=\"application\/ld+json\" class=\"yoast-schema-graph\">{\"@context\":\"https:\\\/\\\/schema.org\",\"@graph\":[{\"@type\":[\"WebPage\",\"ItemPage\"],\"@id\":\"https:\\\/\\\/comuna.pt\\\/pt-pt\\\/product\\\/tripe-sirui-compacto-traveler-5cx\\\/\",\"url\":\"https:\\\/\\\/comuna.pt\\\/pt-pt\\\/product\\\/tripe-sirui-compacto-traveler-5cx\\\/\",\"name\":\"Trip\u00e9 SIRUI Compacto - Traveler 5CX | Comuna Studios &amp; Equipment Rental\",\"isPartOf\":{\"@id\":\"https:\\\/\\\/comuna.pt\\\/pt-pt\\\/#website\"},\"primaryImageOfPage\":{\"@id\":\"https:\\\/\\\/comuna.pt\\\/pt-pt\\\/product\\\/tripe-sirui-compacto-traveler-5cx\\\/#primaryimage\"},\"image\":{\"@id\":\"https:\\\/\\\/comuna.pt\\\/pt-pt\\\/product\\\/tripe-sirui-compacto-traveler-5cx\\\/#primaryimage\"},\"thumbnailUrl\":\"https:\\\/\\\/comuna.pt\\\/wp-content\\\/uploads\\\/2025\\\/10\\\/2025-10-2113.38.45.png\",\"datePublished\":\"2025-10-21T12:44:08+00:00\",\"dateModified\":\"2026-01-28T20:15:55+00:00\",\"description\":\"Alugue o SIRUI Traveler 5CX em Lisboa \u2014 trip\u00e9 de viagem ultra-leve em fibra de carbono, suporta at\u00e9 6 kg e fecha at\u00e9 ~33 cm. Ideal para vlogging e exteriores.\",\"breadcrumb\":{\"@id\":\"https:\\\/\\\/comuna.pt\\\/pt-pt\\\/product\\\/tripe-sirui-compacto-traveler-5cx\\\/#breadcrumb\"},\"inLanguage\":\"pt-PT\",\"potentialAction\":[{\"@type\":\"ReadAction\",\"target\":[\"https:\\\/\\\/comuna.pt\\\/pt-pt\\\/product\\\/tripe-sirui-compacto-traveler-5cx\\\/\"]}]},{\"@type\":\"ImageObject\",\"inLanguage\":\"pt-PT\",\"@id\":\"https:\\\/\\\/comuna.pt\\\/pt-pt\\\/product\\\/tripe-sirui-compacto-traveler-5cx\\\/#primaryimage\",\"url\":\"https:\\\/\\\/comuna.pt\\\/wp-content\\\/uploads\\\/2025\\\/10\\\/2025-10-2113.38.45.png\",\"contentUrl\":\"https:\\\/\\\/comuna.pt\\\/wp-content\\\/uploads\\\/2025\\\/10\\\/2025-10-2113.38.45.png\",\"width\":1004,\"height\":908},{\"@type\":\"BreadcrumbList\",\"@id\":\"https:\\\/\\\/comuna.pt\\\/pt-pt\\\/product\\\/tripe-sirui-compacto-traveler-5cx\\\/#breadcrumb\",\"itemListElement\":[{\"@type\":\"ListItem\",\"position\":1,\"name\":\"Home\",\"item\":\"https:\\\/\\\/comuna.pt\\\/pt-pt\\\/\"},{\"@type\":\"ListItem\",\"position\":2,\"name\":\"Produtos\"},{\"@type\":\"ListItem\",\"position\":3,\"name\":\"Trip\u00e9s e Rigs\",\"item\":\"https:\\\/\\\/comuna.pt\\\/pt-pt\\\/Categoria\\\/tripes-e-rigs\\\/\"},{\"@type\":\"ListItem\",\"position\":4,\"name\":\"Trip\u00e9 SIRUI Compacto &#8211; Traveler 5CX\"}]},{\"@type\":\"WebSite\",\"@id\":\"https:\\\/\\\/comuna.pt\\\/pt-pt\\\/#website\",\"url\":\"https:\\\/\\\/comuna.pt\\\/pt-pt\\\/\",\"name\":\"Comuna Rental House\",\"description\":\"Photo studios, Podcast &amp; Equipment Rental\",\"publisher\":{\"@id\":\"https:\\\/\\\/comuna.pt\\\/pt-pt\\\/#organization\"},\"alternateName\":\"Comuna Filmmaking Equipment Rental\",\"potentialAction\":[{\"@type\":\"SearchAction\",\"target\":{\"@type\":\"EntryPoint\",\"urlTemplate\":\"https:\\\/\\\/comuna.pt\\\/pt-pt\\\/?s={search_term_string}\"},\"query-input\":{\"@type\":\"PropertyValueSpecification\",\"valueRequired\":true,\"valueName\":\"search_term_string\"}}],\"inLanguage\":\"pt-PT\"},{\"@type\":\"Organization\",\"@id\":\"https:\\\/\\\/comuna.pt\\\/pt-pt\\\/#organization\",\"name\":\"Comuna Rental House\",\"url\":\"https:\\\/\\\/comuna.pt\\\/pt-pt\\\/\",\"logo\":{\"@type\":\"ImageObject\",\"inLanguage\":\"pt-PT\",\"@id\":\"https:\\\/\\\/comuna.pt\\\/pt-pt\\\/#\\\/schema\\\/logo\\\/image\\\/\",\"url\":\"https:\\\/\\\/comuna.pt\\\/wp-content\\\/uploads\\\/2024\\\/03\\\/comuna_logo_website.png\",\"contentUrl\":\"https:\\\/\\\/comuna.pt\\\/wp-content\\\/uploads\\\/2024\\\/03\\\/comuna_logo_website.png\",\"width\":2000,\"height\":262,\"caption\":\"Comuna Rental House\"},\"image\":{\"@id\":\"https:\\\/\\\/comuna.pt\\\/pt-pt\\\/#\\\/schema\\\/logo\\\/image\\\/\"},\"sameAs\":[\"http:\\\/\\\/facebook.com\\\/comuna.rental\",\"https:\\\/\\\/www.instagram.com\\\/comuna_rental\",\"https:\\\/\\\/www.linkedin.com\\\/company\\\/96410498\"]}]}<\/script>\n<meta property=\"product:price:amount\" content=\"10.00\" \/>\n<meta property=\"product:price:currency\" content=\"EUR\" \/>\n<meta property=\"og:availability\" content=\"instock\" \/>\n<meta property=\"product:availability\" content=\"instock\" \/>\n<meta property=\"product:condition\" content=\"new\" \/>\n<!-- \/ Yoast SEO Premium plugin. -->","yoast_head_json":{"title":"Trip\u00e9 SIRUI Compacto - Traveler 5CX | Comuna Studios &amp; Equipment Rental","description":"Alugue o SIRUI Traveler 5CX em Lisboa \u2014 trip\u00e9 de viagem ultra-leve em fibra de carbono, suporta at\u00e9 6 kg e fecha at\u00e9 ~33 cm. Ideal para vlogging e exteriores.","robots":{"index":"index","follow":"follow","max-snippet":"max-snippet:-1","max-image-preview":"max-image-preview:large","max-video-preview":"max-video-preview:-1"},"canonical":"https:\/\/comuna.pt\/pt-pt\/product\/tripe-sirui-compacto-traveler-5cx\/","og_locale":"pt_PT","og_type":"article","og_title":"Trip\u00e9 SIRUI Compacto - Traveler 5CX","og_description":"Alugue o SIRUI Traveler 5CX em Lisboa \u2014 trip\u00e9 de viagem ultra-leve em fibra de carbono, suporta at\u00e9 6 kg e fecha at\u00e9 ~33 cm. Ideal para vlogging e exteriores.","og_url":"https:\/\/comuna.pt\/pt-pt\/product\/tripe-sirui-compacto-traveler-5cx\/","og_site_name":"Comuna Studios &amp; Equipment Rental","article_publisher":"http:\/\/facebook.com\/comuna.rental","article_modified_time":"2026-01-28T20:15:55+00:00","og_image":[{"width":1004,"height":908,"url":"https:\/\/comuna.pt\/wp-content\/uploads\/2025\/10\/2025-10-2113.38.45.png","type":"image\/png"}],"twitter_card":"summary_large_image","twitter_misc":{"pre\u00e7o":"&euro;10,00 + 23% VAT","Disponibilidade":"Em stock"},"schema":{"@context":"https:\/\/schema.org","@graph":[{"@type":["WebPage","ItemPage"],"@id":"https:\/\/comuna.pt\/pt-pt\/product\/tripe-sirui-compacto-traveler-5cx\/","url":"https:\/\/comuna.pt\/pt-pt\/product\/tripe-sirui-compacto-traveler-5cx\/","name":"Trip\u00e9 SIRUI Compacto - Traveler 5CX | Comuna Studios &amp; Equipment Rental","isPartOf":{"@id":"https:\/\/comuna.pt\/pt-pt\/#website"},"primaryImageOfPage":{"@id":"https:\/\/comuna.pt\/pt-pt\/product\/tripe-sirui-compacto-traveler-5cx\/#primaryimage"},"image":{"@id":"https:\/\/comuna.pt\/pt-pt\/product\/tripe-sirui-compacto-traveler-5cx\/#primaryimage"},"thumbnailUrl":"https:\/\/comuna.pt\/wp-content\/uploads\/2025\/10\/2025-10-2113.38.45.png","datePublished":"2025-10-21T12:44:08+00:00","dateModified":"2026-01-28T20:15:55+00:00","description":"Alugue o SIRUI Traveler 5CX em Lisboa \u2014 trip\u00e9 de viagem ultra-leve em fibra de carbono, suporta at\u00e9 6 kg e fecha at\u00e9 ~33 cm. Ideal para vlogging e exteriores.","breadcrumb":{"@id":"https:\/\/comuna.pt\/pt-pt\/product\/tripe-sirui-compacto-traveler-5cx\/#breadcrumb"},"inLanguage":"pt-PT","potentialAction":[{"@type":"ReadAction","target":["https:\/\/comuna.pt\/pt-pt\/product\/tripe-sirui-compacto-traveler-5cx\/"]}]},{"@type":"ImageObject","inLanguage":"pt-PT","@id":"https:\/\/comuna.pt\/pt-pt\/product\/tripe-sirui-compacto-traveler-5cx\/#primaryimage","url":"https:\/\/comuna.pt\/wp-content\/uploads\/2025\/10\/2025-10-2113.38.45.png","contentUrl":"https:\/\/comuna.pt\/wp-content\/uploads\/2025\/10\/2025-10-2113.38.45.png","width":1004,"height":908},{"@type":"BreadcrumbList","@id":"https:\/\/comuna.pt\/pt-pt\/product\/tripe-sirui-compacto-traveler-5cx\/#breadcrumb","itemListElement":[{"@type":"ListItem","position":1,"name":"Home","item":"https:\/\/comuna.pt\/pt-pt\/"},{"@type":"ListItem","position":2,"name":"Produtos"},{"@type":"ListItem","position":3,"name":"Trip\u00e9s e Rigs","item":"https:\/\/comuna.pt\/pt-pt\/Categoria\/tripes-e-rigs\/"},{"@type":"ListItem","position":4,"name":"Trip\u00e9 SIRUI Compacto &#8211; Traveler 5CX"}]},{"@type":"WebSite","@id":"https:\/\/comuna.pt\/pt-pt\/#website","url":"https:\/\/comuna.pt\/pt-pt\/","name":"Comuna Rental House","description":"Photo studios, Podcast &amp; Equipment Rental","publisher":{"@id":"https:\/\/comuna.pt\/pt-pt\/#organization"},"alternateName":"Comuna Filmmaking Equipment Rental","potentialAction":[{"@type":"SearchAction","target":{"@type":"EntryPoint","urlTemplate":"https:\/\/comuna.pt\/pt-pt\/?s={search_term_string}"},"query-input":{"@type":"PropertyValueSpecification","valueRequired":true,"valueName":"search_term_string"}}],"inLanguage":"pt-PT"},{"@type":"Organization","@id":"https:\/\/comuna.pt\/pt-pt\/#organization","name":"Comuna Rental House","url":"https:\/\/comuna.pt\/pt-pt\/","logo":{"@type":"ImageObject","inLanguage":"pt-PT","@id":"https:\/\/comuna.pt\/pt-pt\/#\/schema\/logo\/image\/","url":"https:\/\/comuna.pt\/wp-content\/uploads\/2024\/03\/comuna_logo_website.png","contentUrl":"https:\/\/comuna.pt\/wp-content\/uploads\/2024\/03\/comuna_logo_website.png","width":2000,"height":262,"caption":"Comuna Rental House"},"image":{"@id":"https:\/\/comuna.pt\/pt-pt\/#\/schema\/logo\/image\/"},"sameAs":["http:\/\/facebook.com\/comuna.rental","https:\/\/www.instagram.com\/comuna_rental","https:\/\/www.linkedin.com\/company\/96410498"]}]},"product_price_amount":"10.00","product_price_currency":"EUR","og_availability":"instock","product_availability":"instock","product_condition":"new"},"_links":{"self":[{"href":"https:\/\/comuna.pt\/pt-pt\/wp-json\/wp\/v2\/product\/17604","targetHints":{"allow":["GET"]}}],"collection":[{"href":"https:\/\/comuna.pt\/pt-pt\/wp-json\/wp\/v2\/product"}],"about":[{"href":"https:\/\/comuna.pt\/pt-pt\/wp-json\/wp\/v2\/types\/product"}],"version-history":[{"count":1,"href":"https:\/\/comuna.pt\/pt-pt\/wp-json\/wp\/v2\/product\/17604\/revisions"}],"predecessor-version":[{"id":17608,"href":"https:\/\/comuna.pt\/pt-pt\/wp-json\/wp\/v2\/product\/17604\/revisions\/17608"}],"wp:featuredmedia":[{"embeddable":true,"href":"https:\/\/comuna.pt\/pt-pt\/wp-json\/wp\/v2\/media\/17605"}],"wp:attachment":[{"href":"https:\/\/comuna.pt\/pt-pt\/wp-json\/wp\/v2\/media?parent=17604"}],"wp:term":[{"taxonomy":"product_brand","embeddable":true,"href":"https:\/\/comuna.pt\/pt-pt\/wp-json\/wp\/v2\/product_brand?post=17604"},{"taxonomy":"product_cat","embeddable":true,"href":"https:\/\/comuna.pt\/pt-pt\/wp-json\/wp\/v2\/product_cat?post=17604"},{"taxonomy":"product_tag","embeddable":true,"href":"https:\/\/comuna.pt\/pt-pt\/wp-json\/wp\/v2\/product_tag?post=17604"}],"curies":[{"name":"wp","href":"https:\/\/api.w.org\/{rel}","templated":true}]}}